{"id":71,"date":"2014-02-12T13:46:12","date_gmt":"2014-02-12T13:46:12","guid":{"rendered":"http:\/\/kursy-udt.kwiaty0.pl\/?page_id=71"},"modified":"2021-07-07T22:42:20","modified_gmt":"2021-07-07T22:42:20","slug":"%d0%bd%d0%be%d1%80%d0%bc%d0%b0%d1%82%d0%b8%d0%b2%d0%bd%d1%96-%d0%b0%d0%ba%d1%82%d0%b8","status":"publish","type":"page","link":"https:\/\/kursy-udt.pl\/ua\/uprawnienia-udt\/przepisy\/","title":{"rendered":"\u0440\u0435\u0446\u0435\u043f\u0442\u0438"},"content":{"rendered":"<div class=\"wyjustuj\">\n<p><em><strong>\u0417\u0430\u043a\u043e\u043d \u0432\u0456\u0434 21 \u0433\u0440\u0443\u0434\u043d\u044f 2000 \u0440<\/strong> \u043f\u0440\u043e \u0442\u0435\u0445\u043d\u0456\u0447\u043d\u0438\u0439 \u043d\u0430\u0433\u043b\u044f\u0434 (\u0417\u0430\u043a\u043e\u043d. \u0432\u0456\u0441\u043d\u0438\u043a 2013 \u0440., \u0441\u0442. 963 \u0456\u0437 \u0437\u043c\u0456\u043d\u0430\u043c\u0438)<\/em><\/p>\n<p>\u0417\u0430\u043a\u043e\u043d \u0432\u0438\u0437\u043d\u0430\u0447\u0430\u0454 \u043f\u0440\u0438\u043d\u0446\u0438\u043f\u0438, \u0444\u043e\u0440\u043c\u0438 \u0442\u0430 \u043e\u0431\u0441\u044f\u0433 \u0442\u0435\u0445\u043d\u0456\u0447\u043d\u043e\u0433\u043e \u043d\u0430\u0433\u043b\u044f\u0434\u0443 \u0443\u043f\u043e\u0432\u043d\u043e\u0432\u0430\u0436\u0435\u043d\u0438\u043c\u0438 \u0434\u043b\u044f \u0446\u044c\u043e\u0433\u043e \u043f\u0456\u0434\u0440\u043e\u0437\u0434\u0456\u043b\u0430\u043c\u0438. \u0426\u0435 \u043e\u0434\u0438\u043d \u0456\u0437 \u043e\u0441\u043d\u043e\u0432\u043d\u0438\u0445 \u0430\u043a\u0442\u0456\u0432, \u043f\u043e\u0432\u2019\u044f\u0437\u0430\u043d\u0438\u0445 \u0437 \u0434\u0456\u044f\u043b\u044c\u043d\u0456\u0441\u0442\u044e \u0423\u043f\u0440\u0430\u0432\u043b\u0456\u043d\u043d\u044f \u0442\u0435\u0445\u043d\u0456\u0447\u043d\u043e\u0433\u043e \u043d\u0430\u0433\u043b\u044f\u0434\u0443, \u044f\u043a\u0438\u0439 \u0432\u043a\u043b\u044e\u0447\u0430\u0454 \u0432\u0441\u044e \u0456\u043d\u0444\u043e\u0440\u043c\u0430\u0446\u0456\u044e, \u043f\u043e\u0432\u2019\u044f\u0437\u0430\u043d\u0443 \u0437 \u043f\u0440\u043e\u0432\u0435\u0434\u0435\u043d\u043d\u044f\u043c \u0440\u043e\u0431\u0456\u0442 \u0443 \u0441\u0444\u0435\u0440\u0456 \u0442\u0435\u0445\u043d\u0456\u0447\u043d\u043e\u0433\u043e \u043d\u0430\u0433\u043b\u044f\u0434\u0443 \u0432 \u041f\u043e\u043b\u044c\u0449\u0456, \u0432\u043a\u043b\u044e\u0447\u0430\u044e\u0447\u0438 \u043f\u0440\u043e\u0446\u0435\u0434\u0443\u0440\u0438 \u043d\u0430\u0434\u0430\u043d\u043d\u044f \u0434\u043e\u0437\u0432\u043e\u043b\u0456\u0432 \u0423\u043f\u0440\u0430\u0432\u043b\u0456\u043d\u043d\u044f\u043c \u0442\u0435\u0445\u043d\u0456\u0447\u043d\u043e\u0433\u043e \u043d\u0430\u0433\u043b\u044f\u0434\u0443, \u0434\u043e\u043f\u0443\u0441\u043a \u0434\u043e \u0432\u0438\u043a\u043e\u0440\u0438\u0441\u0442\u0430\u043d\u043d\u044f \u0442\u0435\u0445\u043d\u0456\u0447\u043d\u0438\u0445 \u0437\u0430\u0441\u043e\u0431\u0456\u0432 \u0442\u0430 \u0457\u0445 \u0432\u0438\u0440\u043e\u0431\u043d\u0438\u0447\u043e\u0433\u043e \u043f\u0440\u043e\u0435\u043a\u0442\u0443\u0432\u0430\u043d\u043d\u044f, \u0432\u043a\u043b\u044e\u0447\u0430\u044e\u0447\u0438 \u0432\u0438\u0433\u043e\u0442\u043e\u0432\u043b\u0435\u043d\u043d\u044f \u043c\u0430\u0442\u0435\u0440\u0456\u0430\u043b\u0456\u0432 \u0456 \u043a\u043e\u043c\u043f\u043b\u0435\u043a\u0442\u0443\u044e\u0447\u0438\u0445, \u0440\u0435\u043c\u043e\u043d\u0442, \u043c\u043e\u0434\u0435\u0440\u043d\u0456\u0437\u0430\u0446\u0456\u044e \u0442\u0430 \u043c\u0430\u0440\u043a\u0435\u0442\u0438\u043d\u0433.<\/p>\n<p>&nbsp;<\/p>\n<p><em><strong>\u0420\u043e\u0437\u043f\u043e\u0440\u044f\u0434\u0436\u0435\u043d\u043d\u044f \u0420\u0430\u0434\u0438 \u041c\u0456\u043d\u0456\u0441\u0442\u0440\u0456\u0432 \u0432\u0456\u0434 07.12.2012\u0440.<\/strong> \u043f\u0440\u043e \u0432\u0438\u0434\u0438 \u0442\u0435\u0445\u043d\u0456\u0447\u043d\u0438\u0445 \u0437\u0430\u0441\u043e\u0431\u0456\u0432, \u0449\u043e \u043f\u0456\u0434\u043b\u044f\u0433\u0430\u044e\u0442\u044c \u0442\u0435\u0445\u043d\u0456\u0447\u043d\u043e\u043c\u0443 \u043e\u0433\u043b\u044f\u0434\u0443 (\u0417\u0430\u043a\u043e\u043d. \u0436\u0443\u0440\u043d. 2012 \u0440. \u2116 0 \u0441\u0442. 1468), \u0432\u0438\u0434\u0430\u043d\u0438\u0439 \u043d\u0430 \u043f\u0456\u0434\u0441\u0442\u0430\u0432\u0456 \u0441\u0442. 5 \u0441\u0435\u043a. 2 \u0430\u043a\u0442\u0430 \u043f\u0440\u043e \u0442\u0435\u0445\u043d\u0456\u0447\u043d\u0438\u0439 \u043e\u0433\u043b\u044f\u0434.<\/em><\/p>\n<p>\u0423 \u043d\u044c\u043e\u043c\u0443 \u0432\u0438\u0437\u043d\u0430\u0447\u0435\u043d\u043e \u0442\u0438\u043f\u0438 \u043f\u0440\u0438\u0441\u0442\u0440\u043e\u0457\u0432, \u044f\u043a\u0456 \u043f\u0456\u0434\u043b\u044f\u0433\u0430\u044e\u0442\u044c \u0442\u0435\u0445\u043d\u0456\u0447\u043d\u043e\u043c\u0443 \u043e\u0433\u043b\u044f\u0434\u0443 \u0432 \u041f\u043e\u043b\u044c\u0449\u0456. \u041f\u043e\u043b\u043e\u0436\u0435\u043d\u043d\u044f \u0432\u0438\u0437\u043d\u0430\u0447\u0430\u0454 \u0444\u043e\u0440\u043c\u0438 \u0442\u0435\u0445\u043d\u0456\u0447\u043d\u043e\u0433\u043e \u043e\u0433\u043b\u044f\u0434\u0443, \u0432\u0438\u0434\u0438, \u0442\u0435\u0440\u043c\u0456\u043d\u0438 \u043f\u0440\u043e\u0432\u0435\u0434\u0435\u043d\u043d\u044f \u0442\u0435\u0445\u043d\u0456\u0447\u043d\u0438\u0445 \u0432\u0438\u043f\u0440\u043e\u0431\u0443\u0432\u0430\u043d\u044c \u0442\u0430 \u043e\u0431\u0441\u044f\u0433\u0438 \u0432\u0438\u043f\u0440\u043e\u0431\u0443\u0432\u0430\u043d\u044c \u043e\u043a\u0440\u0435\u043c\u0438\u0445 \u0442\u0435\u0445\u043d\u0456\u0447\u043d\u0438\u0445 \u043f\u0440\u0438\u0441\u0442\u0440\u043e\u0457\u0432, \u0449\u043e \u0432\u0438\u043a\u043e\u0440\u0438\u0441\u0442\u043e\u0432\u0443\u044e\u0442\u044c\u0441\u044f \u043f\u0456\u0434 \u0447\u0430\u0441 \u0432\u0438\u043a\u043e\u043d\u0430\u043d\u043d\u044f \u0440\u043e\u0431\u0456\u0442, \u0443 \u0442\u043e\u043c\u0443 \u0447\u0438\u0441\u043b\u0456 \u043e\u0431\u043b\u0430\u0434\u043d\u0430\u043d\u043d\u044f, \u0449\u043e \u043f\u0440\u0430\u0446\u044e\u0454 \u043f\u0456\u0434 \u0442\u0438\u0441\u043a\u043e\u043c, \u0432\u0430\u043d\u0442\u0430\u0436\u043d\u043e-\u0440\u043e\u0437\u0432\u0430\u043d\u0442\u0430\u0436\u0443\u0432\u0430\u043b\u044c\u043d\u043e\u0433\u043e \u043e\u0431\u043b\u0430\u0434\u043d\u0430\u043d\u043d\u044f, \u0434\u043e\u043c\u043a\u0440\u0430\u0442\u0456\u0432, \u043a\u043e\u043d\u0432\u0435\u0454\u0440\u0456\u0432 \u043a\u0430\u0431\u0456\u043d \u0456 \u043a\u0440\u0456\u0441\u0435\u043b, \u0440\u0435\u0437\u0435\u0440\u0432\u0443\u0430\u0440\u0456\u0432 \u0431\u0435\u0437\u043d\u0430\u043f\u0456\u0440\u043d\u043e\u0433\u043e \u0442\u0430 \u043d\u0438\u0437\u044c\u043a\u043e\u0433\u043e \u0442\u0438\u0441\u043a\u0443. \u043f\u0440\u0438\u0437\u043d\u0430\u0447\u0435\u043d\u0438\u0439 \u0434\u043b\u044f \u0437\u0431\u0435\u0440\u0456\u0433\u0430\u043d\u043d\u044f \u043e\u0442\u0440\u0443\u0439\u043d\u0438\u0445 \u0430\u0431\u043e \u043a\u043e\u0440\u043e\u0437\u0456\u0439\u043d\u0438\u0445 \u043c\u0430\u0442\u0435\u0440\u0456\u0430\u043b\u0456\u0432 \u0456 \u043b\u0435\u0433\u043a\u043e\u0437\u0430\u0439\u043c\u0438\u0441\u0442\u0438\u0445 \u0440\u0456\u0434\u0438\u043d.<\/p>\n<p>&nbsp;<\/p>\n<p><em><strong>\u0420\u043e\u0437\u043f\u043e\u0440\u044f\u0434\u0436\u0435\u043d\u043d\u044f \u041c\u0456\u043d\u0456\u0441\u0442\u0440\u0430 \u0435\u043a\u043e\u043d\u043e\u043c\u0456\u043a\u0438 \u0432\u0456\u0434 18 \u043b\u0438\u043f\u043d\u044f 2001\u0440.<\/strong> \u043f\u0440\u043e \u043f\u043e\u0440\u044f\u0434\u043e\u043a \u043f\u0435\u0440\u0435\u0432\u0456\u0440\u043a\u0438 \u043a\u0432\u0430\u043b\u0456\u0444\u0456\u043a\u0430\u0446\u0456\u0457, \u043d\u0435\u043e\u0431\u0445\u0456\u0434\u043d\u043e\u0457 \u0434\u043b\u044f \u0435\u043a\u0441\u043f\u043b\u0443\u0430\u0442\u0430\u0446\u0456\u0457 \u0442\u0430 \u043e\u0431\u0441\u043b\u0443\u0433\u043e\u0432\u0443\u0432\u0430\u043d\u043d\u044f \u0442\u0435\u0445\u043d\u0456\u0447\u043d\u0438\u0445 \u043f\u0440\u0438\u0441\u0442\u0440\u043e\u0457\u0432 (\u0417\u0430\u043a\u043e\u043d. \u0432\u0456\u0441\u043d\u0438\u043a \u2116 79, \u043f\u043e\u0437. 849), \u0437\u0456 \u0437\u043c\u0456\u043d\u0430\u043c\u0438, \u0432\u043d\u0435\u0441\u0435\u043d\u0438\u043c\u0438 \u043d\u0430\u043a\u0430\u0437\u043e\u043c \u0432\u0456\u0434 20 \u043b\u044e\u0442\u043e\u0433\u043e 2003 \u0440. (\u0417\u0430\u043a. \u0432\u0456\u0441\u043d\u0438\u043a \u2116 50, \u0441\u0442. 426), \u0432\u0438\u0434\u0430\u043d\u0438\u0439 \u043d\u0430 \u043f\u0456\u0434\u0441\u0442\u0430\u0432\u0456 \u0441\u0442. 23 \u0441\u0435\u043a. 5 \u0430\u043a\u0442\u0430 \u043f\u0440\u043e \u0442\u0435\u0445\u043d\u0456\u0447\u043d\u0438\u0439 \u043e\u0433\u043b\u044f\u0434.<\/em><\/p>\n<p>\u041f\u043e\u043b\u043e\u0436\u0435\u043d\u043d\u044f \u0432\u0438\u0437\u043d\u0430\u0447\u0430\u0454 \u0441\u043f\u043e\u0441\u043e\u0431\u0438 \u043f\u0435\u0440\u0435\u0432\u0456\u0440\u043a\u0438 \u043a\u0432\u0430\u043b\u0456\u0444\u0456\u043a\u0430\u0446\u0456\u0457, \u043d\u0435\u043e\u0431\u0445\u0456\u0434\u043d\u0456 \u043f\u0456\u0434 \u0447\u0430\u0441 \u0435\u043a\u0441\u043f\u043b\u0443\u0430\u0442\u0430\u0446\u0456\u0457 \u0442\u0430 \u0442\u0435\u0445\u043d\u0456\u0447\u043d\u043e\u0433\u043e \u043e\u0431\u0441\u043b\u0443\u0433\u043e\u0432\u0443\u0432\u0430\u043d\u043d\u044f \u0442\u0435\u0445\u043d\u0456\u0447\u043d\u0438\u0445 \u0437\u0430\u0441\u043e\u0431\u0456\u0432, \u0432\u0438\u0434\u0438 \u0442\u0435\u0445\u043d\u0456\u0447\u043d\u0438\u0445 \u043f\u0440\u0438\u0441\u0442\u0440\u043e\u0457\u0432, \u0434\u043b\u044f \u0435\u043a\u0441\u043f\u043b\u0443\u0430\u0442\u0430\u0446\u0456\u0457 \u0442\u0430 \u043e\u0431\u0441\u043b\u0443\u0433\u043e\u0432\u0443\u0432\u0430\u043d\u043d\u044f \u044f\u043a\u0438\u0445 \u043d\u0435\u043e\u0431\u0445\u0456\u0434\u043d\u0430 \u043a\u0432\u0430\u043b\u0456\u0444\u0456\u043a\u0430\u0446\u0456\u044f, \u0430 \u0442\u0430\u043a\u043e\u0436 \u043c\u0456\u0441\u0442\u0438\u0442\u044c \u0437\u0440\u0430\u0437\u043e\u043a \u0437\u0430\u044f\u0432\u0438 \u043f\u0440\u043e \u043f\u0435\u0440\u0435\u0432\u0456\u0440\u043a\u0443 \u043a\u0432\u0430\u043b\u0456\u0444\u0456\u043a\u0430\u0446\u0456\u0457 \u0440\u0430\u0437\u043e\u043c \u0456\u0437 \u0456\u043d\u0444\u043e\u0440\u043c\u0430\u0446\u0456\u0454\u044e \u0449\u043e\u0434\u043e \u0434\u043e \u0439\u043e\u0433\u043e \u043e\u043a\u0440\u0435\u043c\u0438\u0445 \u0437\u0430\u043f\u0438\u0441\u0456\u0432, \u0441\u0442\u0440\u043e\u043a\u0438 \u043f\u043e\u0432\u0456\u0434\u043e\u043c\u043b\u0435\u043d\u043d\u044f \u0437\u0430\u0446\u0456\u043a\u0430\u0432\u043b\u0435\u043d\u0438\u0445 \u043e\u0441\u0456\u0431. \u0422\u0430\u043a\u043e\u0436 \u043d\u0430\u0434\u0430\u0454\u0442\u044c\u0441\u044f \u0456\u043d\u0444\u043e\u0440\u043c\u0430\u0446\u0456\u044f \u0449\u043e\u0434\u043e \u0456\u0441\u043f\u0438\u0442\u0443, \u044f\u043a\u0438\u0439 \u043d\u0435\u043e\u0431\u0445\u0456\u0434\u043d\u043e \u043e\u0442\u0440\u0438\u043c\u0430\u0442\u0438 <a href=\"https:\/\/kursy-udt.pl\/ua\/uprawnienia-udt\/kategorie-uprawnien-2\/\">\u041a\u0432\u0430\u043b\u0456\u0444\u0456\u043a\u0430\u0446\u0456\u044f UDT<\/a> \u0434\u043b\u044f \u0435\u043a\u0441\u043f\u043b\u0443\u0430\u0442\u0430\u0446\u0456\u0457 \u0442\u0430 \u043e\u0431\u0441\u043b\u0443\u0433\u043e\u0432\u0443\u0432\u0430\u043d\u043d\u044f \u0442\u0435\u0445\u043d\u0456\u0447\u043d\u0438\u0445 \u043f\u0440\u0438\u0441\u0442\u0440\u043e\u0457\u0432.<\/p>\n<p>&nbsp;<\/p>\n<p><em><strong>\u0420\u043e\u0437\u043f\u043e\u0440\u044f\u0434\u0436\u0435\u043d\u043d\u044f \u041c\u0456\u043d\u0456\u0441\u0442\u0440\u0430 \u043f\u0456\u0434\u043f\u0440\u0438\u0454\u043c\u043d\u0438\u0446\u0442\u0432\u0430 \u0442\u0430 \u0442\u0435\u0445\u043d\u043e\u043b\u043e\u0433\u0456\u0439 \u0432\u0456\u0434 30 \u0436\u043e\u0432\u0442\u043d\u044f 2018 \u0440<\/strong> \u043f\u0440\u043e \u0442\u0435\u0445\u043d\u0456\u0447\u043d\u0456 \u0443\u043c\u043e\u0432\u0438 \u043f\u0440\u043e\u0432\u0435\u0434\u0435\u043d\u043d\u044f \u0442\u0435\u0445\u043d\u0456\u0447\u043d\u043e\u0433\u043e \u043e\u0433\u043b\u044f\u0434\u0443 \u0443 \u0441\u0444\u0435\u0440\u0456 \u0435\u043a\u0441\u043f\u043b\u0443\u0430\u0442\u0430\u0446\u0456\u0457, \u0440\u0435\u043c\u043e\u043d\u0442\u0443 \u0442\u0430 \u043c\u043e\u0434\u0435\u0440\u043d\u0456\u0437\u0430\u0446\u0456\u0457 \u043f\u0456\u0434\u0439\u043e\u043c\u043d\u043e-\u0442\u0440\u0430\u043d\u0441\u043f\u043e\u0440\u0442\u043d\u043e\u0433\u043e \u043e\u0431\u043b\u0430\u0434\u043d\u0430\u043d\u043d\u044f (\u0417\u0430\u043a\u043e\u043d. \u0432\u0456\u0441\u043d\u0438\u043a 2018 \u0440. 2176)<\/em><\/p>\n<p>\u0420\u0435\u0433\u043b\u0430\u043c\u0435\u043d\u0442 \u043c\u0456\u0441\u0442\u0438\u0442\u044c \u0456\u043d\u0444\u043e\u0440\u043c\u0430\u0446\u0456\u044e, \u0449\u043e \u0432\u0438\u0437\u043d\u0430\u0447\u0430\u0454 \u0443\u043c\u043e\u0432\u0438 \u0442\u0435\u0445\u043d\u0456\u0447\u043d\u043e\u0433\u043e \u043d\u0430\u0433\u043b\u044f\u0434\u0443 \u0437\u0430 \u0435\u043a\u0441\u043f\u043b\u0443\u0430\u0442\u0430\u0446\u0456\u0454\u044e \u0432\u0430\u043d\u0442\u0430\u0436\u043e\u043f\u0456\u0434\u0456\u0439\u043c\u0430\u043b\u044c\u043d\u043e\u0433\u043e \u043e\u0431\u043b\u0430\u0434\u043d\u0430\u043d\u043d\u044f, \u0442\u0430\u043a\u043e\u0433\u043e \u044f\u043a \u043b\u0435\u0431\u0456\u0434\u043a\u0438 \u0442\u0430 \u043f\u0456\u0434\u0439\u043e\u043c\u043d\u0438\u043a\u0438, \u043a\u0440\u0430\u043d\u0438, \u043a\u0440\u0430\u043d\u0438-\u0448\u0442\u0430\u0431\u0435\u043b\u0435\u0440\u0438 \u0442\u0430 \u0432\u0430\u043d\u0442\u0430\u0436\u043e\u043f\u0456\u0434\u0456\u0439\u043c\u0430\u043b\u044c\u043d\u0456 \u043a\u0440\u0430\u043d\u0438, <a href=\"https:\/\/kursy-udt.pl\/ua\/szkolenia\/udt-wdt-tdt\/wyciagi-towarowe-kurs\/\">\u0432\u0430\u043d\u0442\u0430\u0436\u043d\u0456 \u043b\u0456\u0444\u0442\u0438<\/a>\u0435\u0441\u043a\u0430\u043b\u0430\u0442\u043e\u0440\u0438, \u0443\u0441\u0442\u0430\u043d\u043e\u0432\u043a\u0438 \u0434\u043b\u044f \u0456\u043d\u0432\u0430\u043b\u0456\u0434\u0456\u0432, \u043f\u0456\u0434\u0439\u043e\u043c\u043d\u0438\u043a\u0438 \u043a\u0430\u0431\u0456\u043d\u043d\u0456 \u0442\u0430 \u043f\u043b\u0430\u0442\u0444\u043e\u0440\u043c\u043d\u0456, \u0441\u0445\u043e\u0434\u043e\u0432\u0456 \u043c\u0430\u0440\u0448\u0456 \u0442\u0430 \u0440\u0443\u0445\u043e\u043c\u0456 \u0434\u043e\u0440\u0456\u0436\u043a\u0438, \u043f\u0456\u0434\u0439\u043e\u043c\u043d\u0438\u043a\u0438, \u0443 \u0442\u043e\u043c\u0443 \u0447\u0438\u0441\u043b\u0456 \u0434\u043b\u044f \u043f\u0435\u0440\u0435\u0432\u0435\u0437\u0435\u043d\u043d\u044f \u043b\u044e\u0434\u0435\u0439, \u0432\u0430\u043d\u0442\u0430\u0436\u0456\u0432, \u043c\u0430\u043b\u043e\u0433\u0430\u0431\u0430\u0440\u0438\u0442\u043d\u0438\u0445 \u0456 \u0434\u0440\u0456\u0431\u043d\u0438\u0445 \u0432\u0430\u043d\u0442\u0430\u0436\u0456\u0432, \u043f\u0456\u0434\u0439\u043e\u043c\u043d\u0438\u043a\u0438, \u0449\u043e \u0440\u0443\u0445\u0430\u044e\u0442\u044c\u0441\u044f, \u043f\u0456\u0434\u0439\u043e\u043c\u043d\u0438\u043a\u0438 <a href=\"https:\/\/kursy-udt.pl\/ua\/szkolenia\/udt-wdt-tdt\/operowanie-dzwigami\/\">\u0431\u0443\u0434\u0456\u0432\u0435\u043b\u044c\u043d\u0456 \u043a\u0440\u0430\u043d\u0438<\/a>\u043b\u0456\u043d\u043e\u0442\u043e\u0440\u043d\u0456 \u043a\u0440\u0430\u043d\u0438, <a href=\"https:\/\/kursy-udt.pl\/ua\/szkolenia\/wozkiwidlowe\/\">\u0430\u0432\u0442\u043e\u043d\u0430\u0432\u0430\u043d\u0442\u0430\u0436\u0443\u0432\u0430\u0447\u0456<\/a>, \u0434\u043e\u043c\u043a\u0440\u0430\u0442\u0438, \u043f\u0440\u0438\u0437\u043d\u0430\u0447\u0435\u043d\u0456 \u0434\u043b\u044f \u043f\u0435\u0440\u0435\u043c\u0456\u0449\u0435\u043d\u043d\u044f \u043d\u0435\u043b\u0456\u043d\u0456\u0439\u043d\u0438\u0445 \u0432\u0430\u043d\u0442\u0430\u0436\u0456\u0432 \u0456 \u0442\u0435\u0445\u043d\u0456\u0447\u043d\u0438\u0445 \u043f\u0440\u0438\u0441\u0442\u0440\u043e\u0457\u0432 \u0434\u043b\u044f \u043c\u0430\u043d\u0456\u043f\u0443\u043b\u044e\u0432\u0430\u043d\u043d\u044f \u0442\u0430\u0440\u043e\u044e.<\/p>\n<p>&nbsp;<\/p>\n<p><em><strong>\u0420\u043e\u0437\u043f\u043e\u0440\u044f\u0434\u0436\u0435\u043d\u043d\u044f \u041c\u0456\u043d\u0456\u0441\u0442\u0440\u0430 \u0435\u043a\u043e\u043d\u043e\u043c\u0456\u043a\u0438 \u0432\u0456\u0434 28.12.2001\u0440.<\/strong> \u043f\u0440\u043e \u0442\u0435\u0445\u043d\u0456\u0447\u043d\u0456 \u0443\u043c\u043e\u0432\u0438 \u0442\u0435\u0445\u043d\u0456\u0447\u043d\u043e\u0433\u043e \u043e\u0433\u043b\u044f\u0434\u0443, \u044f\u043a\u0438\u043c \u043f\u043e\u0432\u0438\u043d\u043d\u0456 \u0432\u0456\u0434\u043f\u043e\u0432\u0456\u0434\u0430\u0442\u0438 \u0434\u043e\u043c\u043a\u0440\u0430\u0442\u0438 (\u0417\u0430\u043a\u043e\u043d. \u0436\u0443\u0440\u043d. \u2116 4, \u0441\u0442. 43).<\/em><\/p>\n<p>\u0414\u043e\u043a\u0443\u043c\u0435\u043d\u0442 \u0432\u0438\u0437\u043d\u0430\u0447\u0430\u0454 \u0434\u0435\u0442\u0430\u043b\u044c\u043d\u0456 \u0442\u0435\u0445\u043d\u0456\u0447\u043d\u0456 \u0443\u043c\u043e\u0432\u0438 \u043f\u0440\u043e\u0432\u0435\u0434\u0435\u043d\u043d\u044f \u0442\u0435\u0445\u043d\u0456\u0447\u043d\u043e\u0433\u043e \u043e\u0433\u043b\u044f\u0434\u0443 \u043d\u0430 \u043f\u0440\u043e\u0435\u043a\u0442\u0443\u0432\u0430\u043d\u043d\u044f, \u0432\u0438\u0433\u043e\u0442\u043e\u0432\u043b\u0435\u043d\u043d\u044f \u0442\u0430 \u0435\u043a\u0441\u043f\u043b\u0443\u0430\u0442\u0430\u0446\u0456\u044e \u0434\u043e\u043c\u043a\u0440\u0430\u0442\u0456\u0432 \u0437 \u0440\u0443\u0447\u043d\u0438\u043c \u0456 \u043c\u0435\u0445\u0430\u043d\u0456\u0447\u043d\u0438\u043c \u043f\u0440\u0438\u0432\u043e\u0434\u043e\u043c, \u043f\u0440\u0438\u0437\u043d\u0430\u0447\u0435\u043d\u0438\u0445 \u0442\u0430\u043a\u043e\u0436 \u0434\u043b\u044f \u043f\u0440\u044f\u043c\u043e\u043b\u0456\u043d\u0456\u0439\u043d\u043e\u0433\u043e \u043f\u0435\u0440\u0435\u043c\u0456\u0449\u0435\u043d\u043d\u044f \u0432\u0430\u043d\u0442\u0430\u0436\u0456\u0432 \u043f\u043e \u0432\u0435\u0440\u0442\u0438\u043a\u0430\u043b\u0456 \u0437 \u0432\u0438\u043a\u043e\u0440\u0438\u0441\u0442\u0430\u043d\u043d\u044f\u043c \u0436\u043e\u0440\u0441\u0442\u043a\u043e\u0433\u043e \u0435\u043b\u0435\u043c\u0435\u043d\u0442\u0430, \u0437 \u0447\u0430\u0441\u0442\u043a\u043e\u0432\u0438\u043c \u0432\u0438\u043a\u043e\u0440\u0438\u0441\u0442\u0430\u043d\u043d\u044f\u043c \u0441\u0438\u0441\u0442\u0435\u043c\u0430 \u043d\u0430\u0442\u044f\u0433\u0443. \u0422\u0430\u043a\u043e\u0436 \u0432\u043a\u0430\u0437\u0443\u044e\u0442\u044c\u0441\u044f \u0435\u043b\u0435\u043c\u0435\u043d\u0442\u0438 \u0434\u043e\u043c\u043a\u0440\u0430\u0442\u0456\u0432, \u0437\u0430\u043c\u0456\u043d\u0430 \u044f\u043a\u0438\u0445 \u043d\u0435 \u043f\u043e\u0442\u0440\u0435\u0431\u0443\u0454 \u043f\u043e\u0433\u043e\u0434\u0436\u0435\u043d\u043d\u044f \u0437 \u043e\u0440\u0433\u0430\u043d\u0430\u043c\u0438 \u0442\u0435\u0445\u043d\u0456\u0447\u043d\u043e\u0433\u043e \u043e\u0433\u043b\u044f\u0434\u0443, \u043a\u043e\u0435\u0444\u0456\u0446\u0456\u0454\u043d\u0442\u0438 \u0437\u0430\u043f\u0430\u0441\u0443 \u043c\u0456\u0446\u043d\u043e\u0441\u0442\u0456 \u0442\u0430 \u043c\u0430\u043a\u0441\u0438\u043c\u0430\u043b\u044c\u043d\u0456 \u0437\u0443\u0441\u0438\u043b\u043b\u044f \u0441\u043f\u0440\u0430\u0446\u044c\u043e\u0432\u0443\u0432\u0430\u043d\u043d\u044f, \u0444\u043e\u0440\u043c\u0443\u043b\u0438 \u0442\u0430 \u0440\u043e\u0437\u0440\u0430\u0445\u0443\u043d\u043a\u043e\u0432\u0456 \u043a\u043e\u0435\u0444\u0456\u0446\u0456\u0454\u043d\u0442\u0438.<\/p>\n<\/div>\n<p>\u0427\u0438\u0442\u0430\u0439\u0442\u0435 \u0442\u0430\u043a\u043e\u0436 \u043f\u0440\u043e <a href=\"\/ua\/udt-%d0%b4%d0%be%d0%b7%d0%b2%d0%be%d0%bb%d0%b8\/%d0%b4%d0%be%d0%b7%d0%b2%d0%be%d0%bb%d0%b8-%d0%ba%d0%b0%d1%82%d0%b5%d0%b3%d0%be%d1%80%d1%96%d1%97\/\">\u043a\u0430\u0442\u0435\u0433\u043e\u0440\u0456\u0457 \u043b\u0456\u0446\u0435\u043d\u0437\u0456\u0439 UDT<\/a>!<\/p>","protected":false},"excerpt":{"rendered":"<p>Ustawa z dnia 21 grudnia 2000 r. o dozorze technicznym (Dz.U. z 2013, poz. 963 z p\u00f3\u017an. zm.) Ustawa okre\u015bla zasady, formy oraz zakres wykonywania dozoru technicznego przez jednostki do tego w\u0142a\u015bciwe. Jest to jedna z podstawowych ustaw zwi\u0105zana z dzia\u0142alno\u015bci\u0105 Urz\u0119du Dozoru Technicznego, kt\u00f3ra w\u0142\u0105cza wszystkie informacje zwi\u0105zane z prowadzeniem prac w zakresie dozoru technicznego w Polsce, w tym procedur nadawania uprawnie\u0144 przez Urz\u0105d Dozoru Technicznego, dopuszczenia do eksploatacji urz\u0105dze\u0144 technicznych oraz ich projektowania wytwarzania, w tym wywarzania materia\u0142\u00f3w i element\u00f3w, napraw, modernizacji i obrotu. &nbsp; Rozporz\u0105dzenie Rady Ministr\u00f3w z dnia 7 grudnia 2012 r. w sprawie rodzaj\u00f3w urz\u0105dze\u0144 technicznych podlegaj\u0105cych dozorowi technicznemu (Dz. U. 2012 nr 0 poz. 1468), wydane na podstawie art. 5 ust. 2 ustawy o dozorze technicznym. Okre\u015bla ono typy urz\u0105dze\u0144, kt\u00f3re podlegaj\u0105 dozorowi technicznemu w Polsce. Rozporz\u0105dzenie okre\u015bla formy dozoru technicznego, rodzaje, terminy bada\u0144 technicznych oraz zakres bada\u0144 dla konkretnych urz\u0105dze\u0144 technicznych wykorzystywanych podczas prac, w tym urz\u0105dze\u0144 ci\u015bnieniowych, urz\u0105dze\u0144 transportu bliskiego, d\u017awignik\u00f3w, przeno\u015bnik\u00f3w kabinowych i krzese\u0142kowych, zbiornik\u00f3w bezci\u015bnieniowych i niskoci\u015bnieniowych przeznaczonych do magazynowania materia\u0142\u00f3w truj\u0105cych lub \u017cr\u0105cych oraz materia\u0142\u00f3w ciek\u0142ych zapalnych. &nbsp; Rozporz\u0105dzenie Ministra Gospodarki z dnia 18 lipca 2001 r. w sprawie trybu sprawdzania kwalifikacji wymaganych przy obs\u0142udze i konserwacji urz\u0105dze\u0144 technicznych (Dz.U. Nr 79, poz. 849), zmienione rozporz\u0105dzeniem z dnia 20 lutego 2003 r.(Dz. U. Nr 50, poz. 426), wydane na podstawie art. 23 ust. 5 ustawy o dozorze technicznym. Rozporz\u0105dzenie okre\u015bla tryby sprawdzania kwalifikacji, kt\u00f3re wymagane s\u0105 podczas obs\u0142ugi i konserwacji urz\u0105dze\u0144 technicznych, rodzaje urz\u0105dze\u0144 technicznych, do kt\u00f3rych obs\u0142ugi i konserwacji potrzebne jest posiadanie kwalifikacji, [&hellip;]<\/p>\n","protected":false},"author":1,"featured_media":0,"parent":2,"menu_order":0,"comment_status":"closed","ping_status":"closed","template":"","meta":{"sfsi_plus_gutenberg_text_before_share":"","sfsi_plus_gutenberg_show_text_before_share":"","sfsi_plus_gutenberg_icon_type":"","sfsi_plus_gutenberg_icon_alignemt":"","sfsi_plus_gutenburg_max_per_row":"","footnotes":""},"class_list":["post-71","page","type-page","status-publish","hentry","has_no_thumb"],"aioseo_notices":[],"_links":{"self":[{"href":"https:\/\/kursy-udt.pl\/ua\/wp-json\/wp\/v2\/pages\/71","targetHints":{"allow":["GET"]}}],"collection":[{"href":"https:\/\/kursy-udt.pl\/ua\/wp-json\/wp\/v2\/pages"}],"about":[{"href":"https:\/\/kursy-udt.pl\/ua\/wp-json\/wp\/v2\/types\/page"}],"author":[{"embeddable":true,"href":"https:\/\/kursy-udt.pl\/ua\/wp-json\/wp\/v2\/users\/1"}],"replies":[{"embeddable":true,"href":"https:\/\/kursy-udt.pl\/ua\/wp-json\/wp\/v2\/comments?post=71"}],"version-history":[{"count":10,"href":"https:\/\/kursy-udt.pl\/ua\/wp-json\/wp\/v2\/pages\/71\/revisions"}],"predecessor-version":[{"id":3413,"href":"https:\/\/kursy-udt.pl\/ua\/wp-json\/wp\/v2\/pages\/71\/revisions\/3413"}],"up":[{"embeddable":true,"href":"https:\/\/kursy-udt.pl\/ua\/wp-json\/wp\/v2\/pages\/2"}],"wp:attachment":[{"href":"https:\/\/kursy-udt.pl\/ua\/wp-json\/wp\/v2\/media?parent=71"}],"curies":[{"name":"wp","href":"https:\/\/api.w.org\/{rel}","templated":true}]}}