{"id":69,"date":"2014-02-12T13:45:46","date_gmt":"2014-02-12T13:45:46","guid":{"rendered":"http:\/\/kursy-udt.kwiaty0.pl\/?page_id=69"},"modified":"2019-12-17T16:32:35","modified_gmt":"2019-12-17T16:32:35","slug":"%d0%b4%d0%be%d0%b7%d0%b2%d0%be%d0%bb%d0%b8-%d0%ba%d0%b0%d1%82%d0%b5%d0%b3%d0%be%d1%80%d1%96%d1%97","status":"publish","type":"page","link":"https:\/\/kursy-udt.pl\/ua\/uprawnienia-udt\/kategorie-uprawnien\/","title":{"rendered":"\u041a\u0430\u0442\u0435\u0433\u043e\u0440\u0456\u0457 \u0434\u043e\u0437\u0432\u043e\u043b\u0456\u0432 \u0434\u043e 1 \u0447\u0435\u0440\u0432\u043d\u044f 2019 \u0440\u043e\u043a\u0443"},"content":{"rendered":"<div style=\"width: 60%; margin-left: 40px;\">\n<table border=\"2\" cellspacing=\"1\" cellpadding=\"1\">\n<tbody>\n<tr>\n<td><strong>\u0413\u0440\u0443\u043f\u0430<\/strong><\/td>\n<td><strong>\u041a\u0430\u0442\u0435\u0433\u043e\u0440\u0456\u0457<\/strong><\/td>\n<td><strong>\u041e\u0431\u0441\u044f\u0433 \u043f\u043e\u0432\u043d\u043e\u0432\u0430\u0436\u0435\u043d\u044c<\/strong><\/td>\n<td><strong>\u0414\u0435\u0442\u0430\u043b\u044c\u043d\u0438\u0439 \u043e\u0431\u0441\u044f\u0433<\/strong><\/td>\n<\/tr>\n<tr>\n<td rowspan=\"2\">\n<h2><a title=\"\u0422\u044f\u0433\u0430\u0447\u0456\" href=\"\/ua\/%d1%82%d1%80%d0%b0%d0%ba%d1%82%d0%be%d1%80%d0%b8\/\"><strong>\u0422\u044f\u0433\u0430\u0447\u0456<\/strong><\/a><\/h2>\n<\/td>\n<td>II \u0412<\/td>\n<td><strong>\u0422\u0430\u043b\u0456 \u0442\u0430 \u043b\u0435\u0431\u0456\u0434\u043a\u0438<\/strong> \u043a\u043e\u043d\u0442\u0440\u043e\u043b\u044c\u043e\u0432\u0430\u043d\u0456<br \/>\n\u0432\u0456\u0434 \u0440\u043e\u0431\u043e\u0447\u043e\u0433\u043e \u0440\u0456\u0432\u043d\u044f \u0456 \u043a\u0440\u0430\u043d\u0456\u0432<br \/>\n\u0441\u0442\u0430\u0446\u0456\u043e\u043d\u0430\u0440\u043d\u0430 \u043c\u0430\u0439\u0441\u0442\u0435\u0440\u043d\u044f.<\/td>\n<td>- \u0433\u0430\u043a\u043e\u0432\u0456 \u043f\u0456\u0434\u0439\u043e\u043c\u043d\u0438\u043a\u0438 \u0437\u0430\u0433\u0430\u043b\u044c\u043d\u043e\u0433\u043e \u043f\u0440\u0438\u0437\u043d\u0430\u0447\u0435\u043d\u043d\u044f,<br \/>\n- \u0441\u043f\u0435\u0446\u0456\u0430\u043b\u044c\u043d\u0456:<\/p>\n<ul>\n<li>\u043a\u0443\u0432\u0430\u043d\u043d\u044f,<\/li>\n<li>\u0437\u0430\u0433\u0430\u0440\u0442\u043e\u0432\u0443\u0432\u0430\u043d\u043d\u044f,<\/li>\n<li>\u0432\u0438\u043b\u0438\u0432\u0430\u043d\u043d\u044f,<\/li>\n<li>\u0433\u0440\u0435\u0439\u0444\u0435\u0440,<\/li>\n<li>\u0433\u0440\u0435\u0439\u0444\u0435\u0440,<\/li>\n<li>\u0456\u043d\u0448\u0438\u0439.<\/li>\n<\/ul>\n<\/td>\n<\/tr>\n<tr>\n<td>\u00a0IW<\/td>\n<td>\u041a\u0435\u0440\u043e\u0432\u0430\u043d\u0456 \u043f\u0456\u0434\u0439\u043e\u043c\u043d\u0438\u043a\u0438 \u0442\u0430 \u043b\u0435\u0431\u0456\u0434\u043a\u0438<br \/>\n\u0437 \u0440\u043e\u0431\u043e\u0447\u043e\u0433\u043e \u0440\u0456\u0432\u043d\u044f \u0430\u0431\u043e \u0437 \u043a\u0430\u0431\u0456\u043d\u0438<br \/>\n\u0456 \u0441\u0442\u0430\u0446\u0456\u043e\u043d\u0430\u0440\u043d\u0456 \u0446\u0435\u0445\u043e\u0432\u0456 \u043a\u0440\u0430\u043d\u0438<\/td>\n<td>- \u0433\u0430\u043a\u043e\u0432\u0456 \u043f\u0456\u0434\u0439\u043e\u043c\u043d\u0438\u043a\u0438 \u0437\u0430\u0433\u0430\u043b\u044c\u043d\u043e\u0433\u043e \u043f\u0440\u0438\u0437\u043d\u0430\u0447\u0435\u043d\u043d\u044f,<br \/>\n- \u0441\u043f\u0435\u0446\u0456\u0430\u043b\u044c\u043d\u0456:<\/p>\n<ul>\n<li>\u043a\u0443\u0432\u0430\u043d\u043d\u044f,<\/li>\n<li>\u0437\u0430\u0433\u0430\u0440\u0442\u043e\u0432\u0443\u0432\u0430\u043d\u043d\u044f,<\/li>\n<li>\u0432\u0438\u043b\u0438\u0432\u0430\u043d\u043d\u044f,<\/li>\n<li>\u0433\u0440\u0435\u0439\u0444\u0435\u0440,<\/li>\n<li>\u0433\u0440\u0435\u0439\u0444\u0435\u0440,<\/li>\n<li>\u0456\u043d\u0448\u0438\u0439.<\/li>\n<\/ul>\n<\/td>\n<\/tr>\n<tr>\n<td rowspan=\"2\">\n<h2><a title=\"\u041a\u0440\u0430\u043d\u0438\" href=\"\/ua\/%d0%ba%d1%80%d0%b0%d0%bd%d0%b8-2\/\"><strong>\u041a\u0440\u0430\u043d\u0438<\/strong><\/a><\/h2>\n<\/td>\n<td>\u00a0II \u0421.<\/td>\n<td><strong>\u041a\u0440\u0430\u043d\u0438<\/strong>, \u043f\u0456\u0434\u0439\u043e\u043c\u043d\u0438\u043a\u0438 \u0442\u0430 \u043b\u0435\u0431\u0456\u0434\u043a\u0438, \u043a\u0435\u0440\u043e\u0432\u0430\u043d\u0456 \u0437 \u0440\u043e\u0431\u043e\u0447\u043e\u0433\u043e \u0440\u0456\u0432\u043d\u044f \u0442\u0430 \u0441\u0442\u0430\u0446\u0456\u043e\u043d\u0430\u0440\u043d\u0456 \u0446\u0435\u0445\u043e\u0432\u0456 \u043a\u0440\u0430\u043d\u0438<\/td>\n<td>- \u0433\u0430\u043a\u043e\u0432\u0456 \u043f\u0456\u0434\u0439\u043e\u043c\u043d\u0438\u043a\u0438 \u0437\u0430\u0433\u0430\u043b\u044c\u043d\u043e\u0433\u043e \u043f\u0440\u0438\u0437\u043d\u0430\u0447\u0435\u043d\u043d\u044f,<br \/>\n- \u0441\u043f\u0435\u0446\u0456\u0430\u043b\u044c\u043d\u0456:<\/p>\n<ul>\n<li>\u043f\u0430\u043b\u0435\u0431\u0456\u0439\u043d\u0456 \u043c\u0430\u0448\u0438\u043d\u0438,<\/li>\n<li>\u0441\u0442\u043e\u0432\u043f\u0447\u0430\u0441\u0442\u0438\u0439,<\/li>\n<li>\u043a\u0443\u0432\u0430\u043d\u043d\u044f,<\/li>\n<li>\u043b\u0430\u043f\u0438,<\/li>\n<li>\u043a\u043b\u0456\u0449\u0456,<\/li>\n<li>\u0421\u0442\u0440\u0456\u043d\u0433\u0435\u0440,<\/li>\n<li>\u043f\u0430\u0440\u0442\u0456\u044f,<\/li>\n<li>\u0437\u0430\u0433\u0430\u0440\u0442\u043e\u0432\u0443\u0432\u0430\u043d\u043d\u044f,<\/li>\n<li>\u0432\u0438\u043b\u0438\u0432\u0430\u043d\u043d\u044f,<\/li>\n<li>\u0433\u0440\u0435\u0439\u0444\u0435\u0440,<\/li>\n<li>\u0433\u0440\u0435\u0439\u0444\u0435\u0440,<\/li>\n<li>\u0442\u0440\u0430\u0432\u0435\u0440\u0441,<\/li>\n<li>\u0456\u043d\u0448\u0438\u0439.<\/li>\n<\/ul>\n<\/td>\n<\/tr>\n<tr>\n<td>\u00a0\u0404<\/td>\n<td>\u041a\u0440\u0430\u043d\u0438, \u043f\u0456\u0434\u0439\u043e\u043c\u043d\u0438\u043a\u0438 \u0456 \u043b\u0435\u0431\u0456\u0434\u043a\u0438, \u043a\u0435\u0440\u043e\u0432\u0430\u043d\u0456 \u0437 \u0440\u043e\u0431\u043e\u0447\u043e\u0433\u043e \u0440\u0456\u0432\u043d\u044f \u0430\u0431\u043e \u0437 \u043a\u0430\u0431\u0456\u043d\u0438, \u0456 \u0441\u0442\u0430\u0446\u0456\u043e\u043d\u0430\u0440\u043d\u0456 \u0446\u0435\u0445\u043e\u0432\u0456 \u043a\u0440\u0430\u043d\u0438.<\/td>\n<td>- \u0433\u0430\u043a\u043e\u0432\u0456 \u043f\u0456\u0434\u0439\u043e\u043c\u043d\u0438\u043a\u0438 \u0437\u0430\u0433\u0430\u043b\u044c\u043d\u043e\u0433\u043e \u043f\u0440\u0438\u0437\u043d\u0430\u0447\u0435\u043d\u043d\u044f,<br \/>\n- \u0441\u043f\u0435\u0446\u0456\u0430\u043b\u044c\u043d\u0456:<\/p>\n<ul>\n<li>\u043f\u0430\u043b\u0435\u0431\u0456\u0439\u043d\u0456 \u043c\u0430\u0448\u0438\u043d\u0438,<\/li>\n<li>\u0441\u0442\u043e\u0432\u043f\u0447\u0430\u0441\u0442\u0438\u0439,<\/li>\n<li>\u043a\u0443\u0432\u0430\u043d\u043d\u044f,<\/li>\n<li>\u043b\u0430\u043f\u0438,<\/li>\n<li>\u043a\u043b\u0456\u0449\u0456,<\/li>\n<li>\u0421\u0442\u0440\u0456\u043d\u0433\u0435\u0440,<\/li>\n<li>\u043f\u0430\u0440\u0442\u0456\u044f,<\/li>\n<li>\u0437\u0430\u0433\u0430\u0440\u0442\u043e\u0432\u0443\u0432\u0430\u043d\u043d\u044f,<\/li>\n<li>\u0432\u0438\u043b\u0438\u0432\u0430\u043d\u043d\u044f,<\/li>\n<li>\u0433\u0440\u0435\u0439\u0444\u0435\u0440,<\/li>\n<li>\u0433\u0440\u0435\u0439\u0444\u0435\u0440,<\/li>\n<li>\u0442\u0440\u0430\u0432\u0435\u0440\u0441,<\/li>\n<li>\u0456\u043d\u0448\u0438\u0439.<\/li>\n<\/ul>\n<\/td>\n<\/tr>\n<tr>\n<td rowspan=\"3\">\n<h2><a title=\"\u041a\u0440\u0430\u043d\u0438\" href=\"\/ua\/%d0%ba%d1%80%d0%b0%d0%bd%d0%b8-3\/\"><strong>\u041a\u0440\u0430\u043d\u0438<\/strong><\/a><\/h2>\n<\/td>\n<td>\u00a0II \u017b<\/td>\n<td><strong>\u041a\u0440\u0430\u043d\u0438<\/strong> :<\/p>\n<ul>\n<li>\u0441\u0442\u0430\u0446\u0456\u043e\u043d\u0430\u0440\u043d\u0438\u0439,<\/li>\n<li>\u0442\u0440\u0430\u043d\u0441\u043f\u043e\u0440\u0442\u0430\u0431\u0435\u043b\u044c\u043d\u0438\u0439,<\/li>\n<li>\u043f\u043e\u0440\u0442\u0430\u0442\u0438\u0432\u043d\u0438\u0439<\/li>\n<li>\u0441\u0430\u043c\u043e\u0445\u0456\u0434\u043d\u0438\u0439,<\/li>\n<\/ul>\n<\/td>\n<td>\n<ul>\n<li>\u0412\u0438\u0434\u0438 \u043f\u0440\u0438\u0441\u0442\u0440\u043e\u0457\u0432, \u0432\u0438\u0434\u0438 \u043f\u0440\u0438\u0441\u0442\u0440\u043e\u0457\u0432,<br \/>\n\u043e\u0431\u043c\u0435\u0436\u0435\u043d\u043d\u044f \u0454\u043c\u043d\u043e\u0441\u0442\u0456.<\/li>\n<\/ul>\n<\/td>\n<\/tr>\n<tr>\n<td rowspan=\"2\">\u00a0\u0406 \u017b<\/td>\n<td>\u00a0\u041a\u0440\u0430\u043d\u0438:<\/p>\n<ul>\n<li>\u0432\u0435\u0436\u0430 \u0456 \u0448\u0432\u0438\u0434\u043a\u0430 \u0437\u0431\u0456\u0440\u043a\u0430.<\/li>\n<\/ul>\n<\/td>\n<td>\u0422\u0438\u043f\u0438 \u043f\u0440\u0438\u0441\u0442\u0440\u043e\u0457\u0432:<\/p>\n<ul>\n<li>\u0431\u0443\u0434\u0456\u0432\u043d\u0438\u0446\u0442\u0432\u043e<\/li>\n<li>\u0456\u043d\u0448\u0456, \u0432\u0438\u0434\u0438 \u043f\u0440\u0438\u0441\u0442\u0440\u043e\u0457\u0432,<br \/>\n\u043e\u0431\u043c\u0435\u0436\u0435\u043d\u043d\u044f \u0454\u043c\u043d\u043e\u0441\u0442\u0456.<\/li>\n<\/ul>\n<\/td>\n<\/tr>\n<tr>\n<td>\n<ul>\n<li>\u0437\u0430\u043b\u0456\u0437\u043d\u0438\u0446\u044f.<\/li>\n<\/ul>\n<\/td>\n<td>\u0422\u0438\u043f\u0438 \u043f\u0440\u0438\u0441\u0442\u0440\u043e\u0457\u0432:<\/p>\n<ul>\n<li>\u0441\u0443\u0434\u043d\u043e\u0431\u0443\u0434\u0443\u0432\u0430\u043d\u043d\u044f<\/li>\n<li>\u0456\u043d\u0448\u0435, \u043e\u0431\u043c\u0435\u0436\u0435\u043d\u043d\u044f \u0454\u043c\u043d\u043e\u0441\u0442\u0456. .<\/li>\n<\/ul>\n<\/td>\n<\/tr>\n<tr>\n<td rowspan=\"2\">\n<h2><a title=\"\u041c\u043e\u0431\u0456\u043b\u044c\u043d\u0456 \u043f\u043b\u0430\u0442\u0444\u043e\u0440\u043c\u0438\" href=\"\/ua\/%d0%bd%d0%b0%d0%b2%d1%87%d0%b0%d0%bd%d0%bd%d1%8f\/%d0%bc%d0%be%d0%b1%d1%96%d0%bb%d1%8c%d0%bd%d1%96-%d0%bf%d0%bb%d0%b0%d1%82%d1%84%d0%be%d1%80%d0%bc%d0%b8\/\"><strong>\u041c\u043e\u0431\u0456\u043b\u044c\u043d\u0456 \u043f\u043b\u0430\u0442\u0444\u043e\u0440\u043c\u0438<\/strong><\/a><\/h2>\n<\/td>\n<td>\u00a02-\u0439 \u041f<\/td>\n<td><strong>\u041c\u043e\u0431\u0456\u043b\u044c\u043d\u0456 \u043f\u043b\u0430\u0442\u0444\u043e\u0440\u043c\u0438:<\/strong><\/p>\n<ul>\n<li>\u0441\u0442\u0430\u0446\u0456\u043e\u043d\u0430\u0440\u043d\u0438\u0439.<\/li>\n<li>\u0432\u0435\u0440\u0445\u043d\u044f \u0447\u0430\u0441\u0442\u0438\u043d\u0430,<\/li>\n<li>\u0432\u0438\u0441\u0438\u0442\u044c,<\/li>\n<\/ul>\n<\/td>\n<td><\/td>\n<\/tr>\n<tr>\n<td>IP<\/td>\n<td>\u041c\u043e\u0431\u0456\u043b\u044c\u043d\u0456 \u043c\u043e\u0431\u0456\u043b\u044c\u043d\u0456 \u043f\u043b\u0430\u0442\u0444\u043e\u0440\u043c\u0438:<\/p>\n<ul>\n<li>\u0442\u0440\u0430\u043d\u0441\u043f\u043e\u0440\u0442\u0430\u0431\u0435\u043b\u044c\u043d\u0438\u0439.<\/li>\n<li>\u043d\u0438\u0437\u044c\u043a\u0430 \u0448\u0432\u0438\u0434\u043a\u0456\u0441\u0442\u044c,<\/li>\n<li>\u043d\u0430\u0432\u0456\u0441\u043d\u0430 \u0441\u0430\u043c\u043e\u0445\u0456\u0434\u043d\u0430 \u043c\u0430\u0448\u0438\u043d\u0430,<\/li>\n<\/ul>\n<\/td>\n<td><\/td>\n<\/tr>\n<tr>\n<td rowspan=\"2\">\n<h2><a title=\"\u041a\u0440\u0430\u043d\u0438\" href=\"\/ua\/%d0%ba%d1%80%d0%b0%d0%bd%d0%b8\/\"><strong>\u041a\u0440\u0430\u043d\u0438<\/strong><\/a><\/h2>\n<\/td>\n<td>II D<\/td>\n<td><a href=\"https:\/\/kursy-udt.pl\/ua\/szkolenia\/udt-wdt-tdt\/operowanie-dzwigami\/\">\u0411\u0443\u0434\u0456\u0432\u0435\u043b\u044c\u043d\u0456 \u043a\u0440\u0430\u043d\u0438<\/a>:<\/p>\n<ul>\n<li>\u0432\u0430\u043d\u0442\u0430\u0436\u043d\u043e-\u043f\u0430\u0441\u0430\u0436\u0438\u0440.<\/li>\n<li>\u0442\u043e\u0432\u0430\u0440\u0438 \u0442\u0430 <a href=\"https:\/\/kursy-udt.pl\/ua\/szkolenia\/udt-wdt-tdt\/wyciagi-towarowe-kurs\/\">\u0432\u0430\u043d\u0442\u0430\u0436\u043d\u0456 \u043b\u0456\u0444\u0442\u0438<\/a> \u0442\u0440\u0430\u043d\u0441\u043f\u043e\u0440\u0442\u0430\u0431\u0435\u043b\u044c\u043d\u0438\u0439 \u0456 \u043f\u0435\u0440\u0435\u043d\u043e\u0441\u043d\u0438\u0439,<\/li>\n<\/ul>\n<\/td>\n<td><\/td>\n<\/tr>\n<tr>\n<td>ID<\/td>\n<td>\u041a\u0440\u0430\u043d\u0438 <strong>(\u043b\u0456\u0444\u0442\u0438)<\/strong> \u0432\u0430\u043d\u0442\u0430\u0436\u043d\u043e-\u043f\u0430\u0441\u0430\u0436\u0438\u0440\u0441\u044c\u043a\u0438\u0439 \u0437 \u0432\u043d\u0443\u0442\u0440\u0456\u0448\u043d\u0456\u043c \u043a\u043e\u043d\u0442\u0440\u043e\u043b\u0435\u043c \u0456 \u043b\u0456\u043a\u0430\u0440\u043d\u0435\u044e.<\/td>\n<td><\/td>\n<\/tr>\n<tr>\n<td rowspan=\"3\">\n<h2><a title=\"\u0410\u0432\u0442\u043e\u043d\u0430\u0432\u0430\u043d\u0442\u0430\u0436\u0443\u0432\u0430\u0447\u0456\" href=\"\/ua\/%d0%b0%d0%b2%d1%82%d0%be%d0%bd%d0%b0%d0%b2%d0%b0%d0%bd%d1%82%d0%b0%d0%b6%d1%83%d0%b2%d0%b0%d1%87%d1%96\/\"><strong>\u0410\u0432\u0442\u043e\u043d\u0430\u0432\u0430\u043d\u0442\u0430\u0436\u0443\u0432\u0430\u0447\u0456<\/strong><\/a><\/h2>\n<\/td>\n<td>III WJO<\/td>\n<td><a href=\"https:\/\/kursy-udt.pl\/ua\/szkolenia\/wozkiwidlowe\/\">\u0410\u0432\u0442\u043e\u043d\u0430\u0432\u0430\u043d\u0442\u0430\u0436\u0443\u0432\u0430\u0447\u0456<\/a> \u043a\u0435\u0440\u043e\u0432\u0430\u043d\u0456 \u0442\u0430 \u0434\u0438\u0441\u0442\u0430\u043d\u0446\u0456\u0439\u043d\u043e \u043a\u0435\u0440\u043e\u0432\u0430\u043d\u0456<\/td>\n<td><\/td>\n<\/tr>\n<tr>\n<td>II WJO<\/td>\n<td>\u0410\u0432\u0442\u043e\u043d\u0430\u0432\u0430\u043d\u0442\u0430\u0436\u0443\u0432\u0430\u0447\u0456, \u043a\u0440\u0456\u043c \u0441\u043f\u0435\u0446\u0456\u0430\u043b\u0456\u0437\u043e\u0432\u0430\u043d\u0438\u0445.<br \/>\n(<strong>\u0432\u0438\u043b\u043a\u043e\u0432\u0456 \u043d\u0430\u0432\u0430\u043d\u0442\u0430\u0436\u0443\u0432\u0430\u0447\u0456<\/strong>)<\/td>\n<td><\/td>\n<\/tr>\n<tr>\n<td>\u0406 WJO<\/td>\n<td>\u0410\u0432\u0442\u043e\u043d\u0430\u0432\u0430\u043d\u0442\u0430\u0436\u0443\u0432\u0430\u0447\u0456, \u0432 \u0442\u043e\u043c\u0443 \u0447\u0438\u0441\u043b\u0456 \u0441\u043f\u0435\u0446\u0456\u0430\u043b\u0456\u0437\u043e\u0432\u0430\u043d\u0456<\/td>\n<td>\n<ul>\n<li>\u0437\u0456 \u0437\u043c\u0456\u043d\u043d\u0438\u043c \u043e\u0445\u043e\u043f\u043b\u0435\u043d\u043d\u044f\u043c (<strong>\u0442\u0435\u043b\u0435\u0441\u043a\u043e\u043f\u0456\u0447\u043d\u0456 \u043d\u0430\u0432\u0430\u043d\u0442\u0430\u0436\u0443\u0432\u0430\u0447\u0456<\/strong>)<\/li>\n<li>\u0437 \u043e\u043f\u0435\u0440\u0430\u0442\u043e\u0440\u043e\u043c, \u043f\u0456\u0434\u043d\u044f\u0442\u0438\u043c \u0437 \u0432\u0430\u043d\u0442\u0430\u0436\u0435\u043c,<\/li>\n<\/ul>\n<\/td>\n<\/tr>\n<tr>\n<td style=\"text-align: left;\">\n<h2><a title=\"\u0412\u0430\u043d\u0442\u0430\u0436\u043d\u0456 \u043b\u0456\u0444\u0442\u0438\" href=\"\/ua\/%d0%b2%d0%b0%d0%bd%d1%82%d0%b0%d0%b6%d0%bd%d1%96-%d0%bf%d1%96%d0%b4%d0%b9%d0%be%d0%bc%d0%bd%d0%b8%d0%ba%d0%b8\/\"><strong>\u0412\u0430\u043d\u0442\u0430\u0436\u043d\u0456 \u043b\u0456\u0444\u0442\u0438<\/strong><\/a><\/h2>\n<\/td>\n<td>\u00a0\u0406 \u0412\u0422\u0412<\/td>\n<td>\u0412\u0456\u0434\u043e\u043c\u043e\u0441\u0442\u0456 \u043f\u0440\u043e \u0442\u043e\u0432\u0430\u0440:<\/p>\n<ul>\n<li>\u0442\u0440\u0430\u043d\u0441\u043f\u043e\u0440\u0442\u0430\u0431\u0435\u043b\u044c\u043d\u0438\u0439 \u0456 \u043f\u0435\u0440\u0435\u043d\u043e\u0441\u043d\u0438\u0439,<\/li>\n<li>\u0441\u0442\u0430\u0446\u0456\u043e\u043d\u0430\u0440\u043d\u0438\u0439,<\/li>\n<li>\u0441\u0443\u0434\u043d\u043e\u0432\u0456 \u043f\u0456\u0434\u0439\u043e\u043c\u043d\u0438\u043a\u0438.<\/li>\n<\/ul>\n<\/td>\n<td><\/td>\n<\/tr>\n<tr>\n<td>\n<h2><a title=\"\u041a\u0430\u043d\u0430\u0442\u043d\u0456 \u043a\u0430\u043d\u0430\u0442\u043d\u0456 \u043a\u0440\u0430\u043d\u0438\" href=\"\/ua\/%d0%bb%d0%b5%d0%b1%d1%96%d0%b4%d0%ba%d0%b8\/\"><strong>\u041a\u0430\u043d\u0430\u0442\u043d\u0456 \u043a\u0430\u043d\u0430\u0442\u043d\u0456 \u043a\u0440\u0430\u043d\u0438<\/strong><\/a><\/h2>\n<\/td>\n<td>\u0421\u0423\u0413\u041b\u0418\u041d\u041a\u0418<\/td>\n<td><\/td>\n<td><\/td>\n<\/tr>\n<tr>\n<td>\n<h2><a title=\"\u041a\u0440\u0430\u043d\u0438-\u0448\u0442\u0430\u0431\u0435\u043b\u0435\u0440\u0438\" href=\"\/ua\/%d1%88%d1%82%d0%b0%d0%b1%d0%b5%d0%bb%d0%b5%d1%80%d0%b8\/\"><strong>\u041a\u0440\u0430\u043d\u0438-\u0448\u0442\u0430\u0431\u0435\u043b\u0435\u0440\u0438<\/strong><\/a><\/h2>\n<\/td>\n<td>IU<\/td>\n<td><\/td>\n<td><\/td>\n<\/tr>\n<tr>\n<td>\n<h2><a title=\"\u041e\u0431\u043b\u0430\u0434\u043d\u0430\u043d\u043d\u044f \u0434\u043b\u044f \u043e\u0431\u0440\u043e\u0431\u043a\u0438 \u043a\u043e\u043d\u0442\u0435\u0439\u043d\u0435\u0440\u0456\u0432\" href=\"\/ua\/%d0%bc%d0%b0%d0%bd%d1%96%d0%bf%d1%83%d0%bb%d1%8f%d1%86%d1%96%d0%b9%d0%bd%d1%96-%d0%bf%d1%80%d0%b8%d1%81%d1%82%d1%80%d0%be%d1%97-%d0%b4%d0%bb%d1%8f-%d0%ba%d0%be%d0%bd%d1%82%d0%b5%d0%b9%d0%bd%d0%b5\/\"><strong>\u041f\u0435\u0440\u0435\u043c\u0456\u0449\u0435\u043d\u043d\u044f \u043a\u043e\u043d\u0442\u0435\u0439\u043d\u0435\u0440\u0456\u0432<\/strong><\/a><\/h2>\n<\/td>\n<td>IK<\/td>\n<td>\u0415\u043a\u0441\u043f\u043b\u0443\u0430\u0442\u0430\u0446\u0456\u044f \u0442\u0430 \u043e\u0431\u0441\u043b\u0443\u0433\u043e\u0432\u0443\u0432\u0430\u043d\u043d\u044f \u043f\u0440\u0438\u0441\u0442\u0440\u043e\u0457\u0432 \u0434\u043b\u044f \u043f\u0435\u0440\u0435\u043c\u0456\u0449\u0435\u043d\u043d\u044f \u043a\u043e\u043d\u0442\u0435\u0439\u043d\u0435\u0440\u0456\u0432: \u0449\u043e\u0433\u043b\u043e\u0432\u0438\u0445, \u043a\u043e\u043d\u0441\u043e\u043b\u044c\u043d\u0438\u0445, \u043f\u043e\u0440\u0442\u0430\u043b\u044c\u043d\u0438\u0445<\/td>\n<td><\/td>\n<\/tr>\n<\/tbody>\n<\/table>\n<\/div>\n<p>&nbsp;<\/p>\n<div class=\"wyjustuj\">\u0411\u0456\u043b\u044c\u0448\u0435 \u0456\u043d\u0444\u043e\u0440\u043c\u0430\u0446\u0456\u0457 \u043f\u0440\u043e \u043a\u0430\u0442\u0435\u0433\u043e\u0440\u0456\u0457 <a href=\"https:\/\/kursy-udt.pl\/ua\/uprawnienia-udt\/kategorie-uprawnien-2\/\">\u041a\u0432\u0430\u043b\u0456\u0444\u0456\u043a\u0430\u0446\u0456\u044f UDT<\/a> \u043c\u043e\u0436\u043d\u0430 \u043f\u0440\u043e\u0447\u0438\u0442\u0430\u0442\u0438 \u043d\u0430 \u043e\u0444\u0456\u0446\u0456\u0439\u043d\u043e\u043c\u0443 \u0441\u0430\u0439\u0442\u0456 \u0423\u043f\u0440\u0430\u0432\u043b\u0456\u043d\u043d\u044f \u0442\u0435\u0445\u043d\u0430\u0433\u043b\u044f\u0434\u0443 <a href=\"http:\/\/www.udt.gov.pl\" target=\"_blank\" rel=\"noopener noreferrer\">http:\/\/www.udt.gov.pl<\/a><\/div>","protected":false},"excerpt":{"rendered":"<p>Grupa Kategorie Zakres uprawnienia Szczeg\u00f3\u0142owy zakres Ci\u0119gniki II W Wci\u0105gniki i wci\u0105garki sterowane z poziomu roboczego oraz \u017curawie stacjonarne warsztatowe. &#8211; hakowe og\u00f3lnego przeznaczenia, &#8211; specjalne: kuzienne, hartownicze, lejnicze, chwytnikowe, chwytakowe, inne. \u00a0I W Wci\u0105gniki i wci\u0105garki sterowane z poziomu roboczego lub z kabiny oraz \u017curawie stacjonarne warsztatowe &#8211; hakowe og\u00f3lnego przeznaczenia, &#8211; specjalne: kuzienne, hartownicze, lejnicze, chwytnikowe, chwytakowe, inne. Suwnice \u00a0II S Suwnice, wci\u0105gniki i wci\u0105garki sterowane z poziomu roboczego oraz \u017curawie stacjonarne warsztatowe &#8211; hakowe og\u00f3lnego przeznaczenia, &#8211; specjalne: kafarowe, kolumnowe, kuzienne, \u0142apowe, kleszczowe, stryperowe, wsadowe, hartownicze, lejnicze, chwytnikowe, chwytakowe, trawersowe, inne. \u00a0I S Suwnice, wci\u0105gniki i wci\u0105garki sterowane z poziomu roboczego lub z kabiny oraz \u017curawie stacjonarne warsztatowe &#8211; hakowe og\u00f3lnego przeznaczenia, &#8211; specjalne: kafarowe, kolumnowe, kuzienne, \u0142apowe, kleszczowe, stryperowe, wsadowe, hartownicze, lejnicze, chwytnikowe, chwytakowe, trawersowe, inne. \u017burawie \u00a0II \u017b \u017burawie : stacjonarne, przewo\u017ane, przeno\u015bne samojezdne, Rodzaje urz\u0105dze\u0144, typy urz\u0105dze\u0144, ograniczenie ud\u017awigu. \u00a0I \u017b \u00a0\u017burawie: wie\u017cowe oraz szybkomontuj\u0105ce. Rodzaje urz\u0105dze\u0144: budowlane inne, typy urz\u0105dze\u0144, ograniczenie ud\u017awigu. szynowe. Rodzaje urz\u0105dze\u0144: stoczniowe inne, ograniczenie ud\u017awigu. . Podesty ruchome \u00a0II P Podesty ruchome: stacjonarne. masztowe, wisz\u0105ce, I P Podesty ruchome przejezdne: przewo\u017ane. wolnobie\u017cne, samojezdne montowane na poje\u017adzie, D\u017awigi II D D\u017awigi budowlane: towarowo-osobowe. towarowe oraz wyci\u0105gi towarowe przewo\u017ane i przeno\u015bne, I D D\u017awigi (windy) towarowo-osobowe ze sterowaniem wewn\u0119trznym i szpitalne. W\u00f3zki jezdniowe III WJO W\u00f3zki jezdniowe podno\u015bnikowe prowadzone i zdalnie sterowane II WJO W\u00f3zki jezdniowe podno\u015bnikowe z wy\u0142\u0105czeniem specjalizowanych. (w\u00f3zki wid\u0142owe) I WJO W\u00f3zki jezdniowe podno\u015bnikowe, w tym specjalizowane ze zmiennym wysi\u0119giem (\u0142adowarki teleskopowe) z operatorem podnoszonym wraz z \u0142adunkiem, Wyci\u0105gi towarowe \u00a0I WT Wyci\u0105gi [&hellip;]<\/p>\n","protected":false},"author":1,"featured_media":0,"parent":2,"menu_order":0,"comment_status":"closed","ping_status":"closed","template":"","meta":{"sfsi_plus_gutenberg_text_before_share":"","sfsi_plus_gutenberg_show_text_before_share":"","sfsi_plus_gutenberg_icon_type":"","sfsi_plus_gutenberg_icon_alignemt":"","sfsi_plus_gutenburg_max_per_row":"","footnotes":""},"class_list":["post-69","page","type-page","status-publish","hentry","has_no_thumb"],"aioseo_notices":[],"_links":{"self":[{"href":"https:\/\/kursy-udt.pl\/ua\/wp-json\/wp\/v2\/pages\/69","targetHints":{"allow":["GET"]}}],"collection":[{"href":"https:\/\/kursy-udt.pl\/ua\/wp-json\/wp\/v2\/pages"}],"about":[{"href":"https:\/\/kursy-udt.pl\/ua\/wp-json\/wp\/v2\/types\/page"}],"author":[{"embeddable":true,"href":"https:\/\/kursy-udt.pl\/ua\/wp-json\/wp\/v2\/users\/1"}],"replies":[{"embeddable":true,"href":"https:\/\/kursy-udt.pl\/ua\/wp-json\/wp\/v2\/comments?post=69"}],"version-history":[{"count":24,"href":"https:\/\/kursy-udt.pl\/ua\/wp-json\/wp\/v2\/pages\/69\/revisions"}],"predecessor-version":[{"id":2953,"href":"https:\/\/kursy-udt.pl\/ua\/wp-json\/wp\/v2\/pages\/69\/revisions\/2953"}],"up":[{"embeddable":true,"href":"https:\/\/kursy-udt.pl\/ua\/wp-json\/wp\/v2\/pages\/2"}],"wp:attachment":[{"href":"https:\/\/kursy-udt.pl\/ua\/wp-json\/wp\/v2\/media?parent=69"}],"curies":[{"name":"wp","href":"https:\/\/api.w.org\/{rel}","templated":true}]}}