{"id":65,"date":"2014-02-12T12:17:15","date_gmt":"2014-02-12T12:17:15","guid":{"rendered":"http:\/\/kursy-udt.kwiaty0.pl\/?page_id=65"},"modified":"2025-08-02T00:18:46","modified_gmt":"2025-08-01T22:18:46","slug":"%d0%bd%d0%b0%d0%b2%d1%87%d0%b0%d0%bd%d0%bd%d1%8f","status":"publish","type":"page","link":"https:\/\/kursy-udt.pl\/ua\/szkolenia\/","title":{"rendered":"\u0422\u0440\u0435\u043d\u0456\u043d\u0433 ERGON"},"content":{"rendered":"<style>\n.oneimage {<br \/>\n\tfloat: left;<br \/>\n\tmargin-right: 20px;<br \/>\n\twidth: 30%;<br \/>\n        padding-bottom:10px;<br \/>\n}<br \/>\n@media (max-width: 800px){<br \/>\n   .oneimage {<br \/>\n\twidth: 100%;<br \/>\n   }<br \/>\n   .oneimage > div {<br \/>\n        width: 60%;<br \/>\n        margin: 0 auto;<br \/>\n   }<br \/>\n}<br \/>\n<\/style>\n<div class=\"wyjustuj\">\n<h3>\u041f\u0440\u0438\u043a\u043b\u0430\u0434\u0438 \u043f\u0440\u0438\u0441\u0442\u0440\u043e\u0457\u0432, \u0434\u043b\u044f \u044f\u043a\u0438\u0445 \u043c\u0438 \u043e\u0440\u0433\u0430\u043d\u0456\u0437\u043e\u0432\u0443\u0454\u043c\u043e \u043a\u0443\u0440\u0441\u0438 \u0442\u0430 \u0456\u0441\u043f\u0438\u0442\u0438.<\/h3>\n<div style=\"text-align: center; font-size: 85%; line-height: 100%;\">\n<div class=\"oneimage\"><a href=\"\/ua\/%d0%bd%d0%b0%d0%b2%d1%87%d0%b0%d0%bd%d0%bd%d1%8f\/%d0%bc%d0%be%d0%b1%d1%96%d0%bb%d1%8c%d0%bd%d1%96-%d0%bf%d0%bb%d0%b0%d1%82%d1%84%d0%be%d1%80%d0%bc%d0%b8\/\"><img decoding=\"async\" src=\"\/wp-content\/uploads\/2014\/04\/05-podesty-ruchome.jpeg\" alt=\"\u0442\u0440\u0435\u043d\u0456\u043d\u0433\u0438 udt warszawa \u043a\u043e\u043c\u043f\u0430\u043d\u0456\u044f ergon\" \/><\/a><\/p>\n<div><strong>\u041d\u0438\u0437\u044c\u043a\u043e\u0448\u0432\u0438\u0434\u043a\u0456\u0441\u043d\u0456 \u043c\u043e\u0431\u0456\u043b\u044c\u043d\u0456 \u043f\u043b\u0430\u0442\u0444\u043e\u0440\u043c\u0438<\/strong><br \/>\n\u0442\u0430\u043a \u0437\u0432\u0430\u043d\u0456 \u043f\u043b\u0430\u0442\u0444\u043e\u0440\u043c\u0438, \u043f\u0456\u0434\u0439\u043e\u043c\u043d\u0438\u043a\u0438-\u043d\u043e\u0436\u0438\u0446\u0456, \u043f\u043b\u0430\u0442\u0444\u043e\u0440\u043c\u0438 \u0440\u043e\u0431\u043e\u0447\u0456 - \u043a\u0430\u0442\u0435\u0433\u043e\u0440\u0456\u044f IP<\/div>\n<\/div>\n<div class=\"oneimage\"><a href=\"\/ua\/%d0%bd%d0%b0%d0%b2%d1%87%d0%b0%d0%bd%d0%bd%d1%8f\/%d0%bc%d0%be%d0%b1%d1%96%d0%bb%d1%8c%d0%bd%d1%96-%d0%bf%d0%bb%d0%b0%d1%82%d1%84%d0%be%d1%80%d0%bc%d0%b8\/\"><img decoding=\"async\" src=\"\/wp-content\/uploads\/2014\/04\/08-fotogr.jpeg\" alt=\"\u043a\u0443\u0440\u0441 \u0434\u043b\u044f \u043c\u043e\u0431\u0456\u043b\u044c\u043d\u0438\u0445 \u043f\u043b\u0430\u0442\u0444\u043e\u0440\u043c\" \/><\/a><\/p>\n<div><strong>\u041d\u0438\u0437\u044c\u043a\u043e\u0448\u0432\u0438\u0434\u043a\u0456\u0441\u043d\u0456 \u043c\u043e\u0431\u0456\u043b\u044c\u043d\u0456 \u043f\u043b\u0430\u0442\u0444\u043e\u0440\u043c\u0438<\/strong><br \/>\n\u0442\u0430\u043a \u0437\u0432\u0430\u043d\u0456 \u043f\u043b\u0430\u0442\u0444\u043e\u0440\u043c\u0438 \u0437\u0447\u043b\u0435\u043d\u043e\u0432\u0430\u043d\u0456 \u0442\u0430 \u0442\u0435\u043b\u0435\u0441\u043a\u043e\u043f\u0456\u0447\u043d\u0456 - \u043a\u0430\u0442\u0435\u0433\u043e\u0440\u0456\u044f IP<\/div>\n<\/div>\n<div class=\"oneimage\"><a href=\"\/ua\/%d0%bd%d0%b0%d0%b2%d1%87%d0%b0%d0%bd%d0%bd%d1%8f\/%d0%bc%d0%be%d0%b1%d1%96%d0%bb%d1%8c%d0%bd%d1%96-%d0%bf%d0%bb%d0%b0%d1%82%d1%84%d0%be%d1%80%d0%bc%d0%b8\/\"><img decoding=\"async\" src=\"\/wp-content\/uploads\/2014\/04\/podest-ruchomy-samojezdny.jpg\" alt=\"\u043c\u043e\u0431\u0456\u043b\u044c\u043d\u0456 \u043f\u043b\u0430\u0442\u0444\u043e\u0440\u043c\u0438 \u0412\u0430\u0440\u0448\u0430\u0432\u0430\" \/><\/a><\/p>\n<div><strong>\u0421\u0430\u043c\u043e\u0445\u0456\u0434\u043d\u0456 \u043c\u043e\u0431\u0456\u043b\u044c\u043d\u0456 \u043f\u043b\u0430\u0442\u0444\u043e\u0440\u043c\u0438<\/strong><br \/>\n\u0442\u0430\u043a \u0437\u0432\u0430\u043d\u0456 \u0430\u0432\u0442\u043e\u0432\u0438\u0448\u043a\u0438 - \u043a\u0430\u0442\u0435\u0433\u043e\u0440\u0456\u044f IP<\/div>\n<\/div>\n<div class=\"oneimage\"><a href=\"\/ua\/%d0%bd%d0%b0%d0%b2%d1%87%d0%b0%d0%bd%d0%bd%d1%8f\/%d0%ba%d1%83%d1%80%d1%81%d0%be%d0%b2%d1%96-%d1%82%d0%b5%d0%bb%d0%b5%d1%81%d0%ba%d0%be%d0%bf%d1%96%d1%87%d0%bd%d1%96-%d0%bd%d0%b0%d0%b2%d0%b0%d0%bd%d1%82%d0%b0%d0%b6%d1%83%d0%b2%d0%b0%d1%87%d1%96\/\"><img decoding=\"async\" src=\"\/wp-content\/uploads\/2014\/04\/ladowarka-teleskopowa.jpg\" alt=\"\u043a\u0443\u0440\u0441\u0438 \u043d\u0430\u0432\u0430\u043d\u0442\u0430\u0436\u0443\u0432\u0430\u0447\u0456\u0432 Ergon\" \/><\/a><\/p>\n<div><strong>\u041d\u0430\u0432\u0430\u043d\u0442\u0430\u0436\u0443\u0432\u0430\u0447\u0456 \u0442\u0435\u043b\u0435\u0441\u043a\u043e\u043f\u0456\u0447\u043d\u0456<\/strong><br \/>\n\u0437\u0456 \u0437\u043c\u0456\u043d\u043d\u0438\u043c \u0432\u0438\u043b\u044c\u043e\u0442\u043e\u043c \u043a\u0430\u0442.- IWJO<\/div>\n<\/div>\n<div class=\"oneimage\"><a href=\"\/ua\/%d0%bd%d0%b0%d0%b2%d1%87%d0%b0%d0%bd%d0%bd%d1%8f\/%d0%b2%d0%b8%d0%bb%d0%ba%d0%be%d0%b2%d1%96-%d0%bd%d0%b0%d0%b2%d0%b0%d0%bd%d1%82%d0%b0%d0%b6%d1%83%d0%b2%d0%b0%d1%87%d1%96\/\"><img decoding=\"async\" src=\"\/wp-content\/uploads\/2014\/03\/wozki-widlowe-4.jpeg\" alt=\"\u043a\u0443\u0440\u0441 \u043e\u043f\u0435\u0440\u0430\u0442\u043e\u0440\u0430 \u043d\u0430\u0432\u0430\u043d\u0442\u0430\u0436\u0443\u0432\u0430\u0447\u0430 Ergon\" \/><\/a><\/p>\n<div><strong>\u0410\u0432\u0442\u043e\u043d\u0430\u0432\u0430\u043d\u0442\u0430\u0436\u0443\u0432\u0430\u0447\u0456<\/strong><br \/>\n\u0434\u043e\u043c\u043a\u0440\u0430\u0442\u0438, \u0442. \u0437\u0432 \u043d\u0430\u0432\u0430\u043d\u0442\u0430\u0436\u0443\u0432\u0430\u0447\u0456 \u043a\u0430\u0442.- IIWJO<\/div>\n<\/div>\n<div class=\"oneimage\"><a href=\"\/ua\/%d0%bd%d0%b0%d0%b2%d1%87%d0%b0%d0%bd%d0%bd%d1%8f\/%d0%b2%d0%b8%d0%bb%d0%ba%d0%be%d0%b2%d1%96-%d0%bd%d0%b0%d0%b2%d0%b0%d0%bd%d1%82%d0%b0%d0%b6%d1%83%d0%b2%d0%b0%d1%87%d1%96\/\"><img decoding=\"async\" src=\"\/wp-content\/uploads\/2014\/04\/wozki-jezdniowe-unoszace.jpg\" alt=\"\u0435\u0440\u0433\u043e\u043d \u043d\u0430\u0432\u0447\u0430\u043d\u043d\u044f\" \/><\/a><\/p>\n<div><strong>\u0410\u0432\u0442\u043e\u043d\u0430\u0432\u0430\u043d\u0442\u0430\u0436\u0443\u0432\u0430\u0447\u0456<\/strong><br \/>\n\u043f\u0456\u0434\u043d\u044f\u0442\u0442\u044f \u0442. \u0437\u0432 \u043f\u043e\u0441\u0430\u0434\u043a\u0430 \u043a\u0430\u0442.- IIIWJO<\/div>\n<\/div>\n<\/div>\n<h3 style=\"margin: 17px; clear: both;\">\u041d\u0430\u0432\u0447\u0430\u043b\u044c\u043d\u0456 \u043a\u0443\u0440\u0441\u0438 UDT Ergon<\/h3>\n<p>\u0423 \u0426\u0435\u043d\u0442\u0440\u0456 \u0440\u043e\u0437\u0432\u0438\u0442\u043a\u0443 \u043b\u044e\u0434\u0441\u044c\u043a\u0438\u0445 \u0440\u0435\u0441\u0443\u0440\u0441\u0456\u0432 ERGON \u043c\u0438 \u043f\u0440\u043e\u0432\u043e\u0434\u0438\u043c\u043e \u043f\u0440\u043e\u0444\u0435\u0441\u0456\u0439\u043d\u0456 \u043a\u0443\u0440\u0441\u0438 UDT, \u044f\u043a\u0456 \u0434\u0430\u044e\u0442\u044c \u043f\u0440\u0430\u0432\u043e \u043d\u0430 \u043e\u0442\u0440\u0438\u043c\u0430\u043d\u043d\u044f \u0434\u043e\u043f\u0443\u0441\u043a\u0443 \u0434\u043e \u0440\u043e\u0431\u043e\u0442\u0438 \u0432 \u0423\u043f\u0440\u0430\u0432\u043b\u0456\u043d\u043d\u0456 \u0442\u0435\u0445\u043d\u0456\u0447\u043d\u043e\u0457 \u0456\u043d\u0441\u043f\u0435\u043a\u0446\u0456\u0457. \u041d\u0430\u0448\u0456 \u043a\u0443\u0440\u0441\u0438 UDT \u043e\u0440\u0456\u0454\u043d\u0442\u043e\u0432\u0430\u043d\u0456 \u043d\u0430 \u043a\u043b\u0456\u0454\u043d\u0442\u0456\u0432, \u044f\u043a\u0456 \u043f\u043e\u0442\u0440\u0435\u0431\u0443\u044e\u0442\u044c \u043a\u043e\u043c\u043f\u043b\u0435\u043a\u0441\u043d\u043e\u0457 \u043f\u0456\u0434\u0442\u0440\u0438\u043c\u043a\u0438 \u0443 \u043f\u0456\u0434\u0432\u0438\u0449\u0435\u043d\u043d\u0456 \u0432\u043b\u0430\u0441\u043d\u043e\u0457 \u043a\u043e\u043c\u043f\u0435\u0442\u0435\u043d\u0442\u043d\u043e\u0441\u0442\u0456 \u0442\u0430 \u043a\u043e\u043c\u043f\u0435\u0442\u0435\u043d\u0442\u043d\u043e\u0441\u0442\u0456 \u0441\u0432\u043e\u0457\u0445 \u0441\u043f\u0456\u0432\u0440\u043e\u0431\u0456\u0442\u043d\u0438\u043a\u0456\u0432 \u043d\u0430 \u0440\u043e\u0431\u043e\u0447\u0438\u0445 \u043f\u043e\u0441\u0430\u0434\u0430\u0445, \u0434\u0435 \u043f\u043e\u0442\u0440\u0456\u0431\u043d\u0456 \u0434\u043e\u0437\u0432\u043e\u043b\u0438 UDT. \u041c\u0438 \u0441\u043f\u0456\u0432\u043f\u0440\u0430\u0446\u044e\u0454\u043c\u043e \u0437 UDT \u043d\u0430 \u043f\u043e\u0441\u0442\u0456\u0439\u043d\u0456\u0439 \u043e\u0441\u043d\u043e\u0432\u0456 - \u043d\u0430\u0432\u0447\u0430\u043d\u043d\u044f \u043f\u0440\u043e\u0432\u043e\u0434\u0438\u0442\u044c\u0441\u044f \u043f\u043e\u0441\u0442\u0456\u0439\u043d\u043e \u0432\u0456\u0434\u043f\u043e\u0432\u0456\u0434\u043d\u043e \u0434\u043e \u043e\u0441\u0442\u0430\u043d\u043d\u0456\u0445 \u0432\u0438\u043c\u043e\u0433.<\/p>\n<div style=\"float: right; padding-left: 10px;\"><img decoding=\"async\" src=\"\/wp-content\/uploads\/2014\/09\/podesty.jpeg\" alt=\"\" \/><\/div>\n<p>\u041c\u0438 \u043f\u0440\u043e\u043f\u043e\u043d\u0443\u0454\u043c\u043e \u043a\u0443\u0440\u0441\u0438 UDT \u0437\u0430 \u043f\u0440\u0438\u0432\u0430\u0431\u043b\u0438\u0432\u0438\u043c\u0438 \u0446\u0456\u043d\u0430\u043c\u0438 \u0432 \u0437\u0430\u043b\u0435\u0436\u043d\u043e\u0441\u0442\u0456 \u0432\u0456\u0434 \u043a\u0456\u043b\u044c\u043a\u043e\u0441\u0442\u0456 \u0443\u0447\u0430\u0441\u043d\u0438\u043a\u0456\u0432. \u041a\u043e\u0436\u043d\u0435 \u0437\u0430\u043d\u044f\u0442\u0442\u044f \u043f\u0440\u043e\u0432\u043e\u0434\u0438\u0442\u044c\u0441\u044f \u043a\u0432\u0430\u043b\u0456\u0444\u0456\u043a\u043e\u0432\u0430\u043d\u0438\u043c\u0438 \u0444\u0430\u0445\u0456\u0432\u0446\u044f\u043c\u0438, \u0437 \u0432\u0438\u043a\u043e\u0440\u0438\u0441\u0442\u0430\u043d\u043d\u044f\u043c \u0441\u0443\u0447\u0430\u0441\u043d\u043e\u0457 \u043d\u0430\u0432\u0447\u0430\u043b\u044c\u043d\u043e\u0457 \u0431\u0430\u0437\u0438, \u0456 \u0440\u043e\u0431\u0438\u0442\u044c \u0430\u043a\u0446\u0435\u043d\u0442 \u044f\u043a \u043d\u0430 \u0442\u0435\u043e\u0440\u0435\u0442\u0438\u0447\u043d\u0443, \u0442\u0430\u043a \u0456 \u043d\u0430 \u043f\u0440\u0430\u043a\u0442\u0438\u0447\u043d\u0443 \u0447\u0430\u0441\u0442\u0438\u043d\u0438. \u0417\u0430\u0432\u0434\u044f\u043a\u0438 \u0446\u044c\u043e\u043c\u0443 \u0442\u0440\u0435\u043d\u0456\u043d\u0433\u0438 \u0423\u0414\u0422, \u044f\u043a\u0456 \u043f\u0440\u043e\u0432\u043e\u0434\u0438\u0442\u044c \u043d\u0430\u0448 \u0426\u0435\u043d\u0442\u0440 \u043f\u0456\u0434\u0433\u043e\u0442\u043e\u0432\u043a\u0438 \u043f\u0435\u0440\u0441\u043e\u043d\u0430\u043b\u0443, \u0432\u0438\u0440\u0456\u0437\u043d\u044f\u044e\u0442\u044c\u0441\u044f \u043d\u0430\u0439\u0431\u0456\u043b\u044c\u0448\u043e\u044e \u0435\u0444\u0435\u043a\u0442\u0438\u0432\u043d\u0456\u0441\u0442\u044e \u0442\u0430 \u0447\u0430\u0441\u0442\u043e \u0440\u0435\u043a\u043e\u043c\u0435\u043d\u0434\u0443\u044e\u0442\u044c\u0441\u044f. \u041c\u0438 \u043f\u0440\u043e\u0432\u043e\u0434\u0438\u043c\u043e \u0442\u0440\u0435\u043d\u0456\u043d\u0433\u0438 UDT \u044f\u043a \u0432\u0456\u0434\u043a\u0440\u0438\u0442\u0456, \u0442\u0430\u043a \u0456 \u0437\u0430\u043a\u0440\u0438\u0442\u0456. \u0421\u043f\u0435\u0446\u0456\u0430\u043b\u044c\u043d\u043e \u0434\u043b\u044f \u043f\u0440\u043e\u043f\u043e\u0437\u0438\u0446\u0456\u0457 \u043c\u043e\u0436\u043d\u0430 \u0430\u0434\u0430\u043f\u0442\u0443\u0432\u0430\u0442\u0438 \u0434\u043e \u043f\u0440\u043e\u0444\u0456\u043b\u044e \u043a\u043e\u043c\u043f\u0430\u043d\u0456\u0457.<\/p>\n<p>\u041d\u0430\u0448\u0430 \u043f\u0440\u043e\u043f\u043e\u0437\u0438\u0446\u0456\u044f \u0432\u043a\u043b\u044e\u0447\u0430\u0454, \u0441\u0435\u0440\u0435\u0434 \u0456\u043d\u0448\u043e\u0433\u043e, \u0442\u0430\u043a\u0456 \u043a\u0443\u0440\u0441\u0438 \u0434\u043b\u044f \u043e\u0442\u0440\u0438\u043c\u0430\u043d\u043d\u044f \u043b\u0456\u0446\u0435\u043d\u0437\u0456\u0439 \u0423\u043f\u0440\u0430\u0432\u043b\u0456\u043d\u043d\u044f \u0442\u0435\u0445\u043d\u0456\u0447\u043d\u043e\u0457 \u0456\u043d\u0441\u043f\u0435\u043a\u0446\u0456\u0457:<\/p>\n<ul>\n<li>\u043a\u0440\u0430\u043d\u0438, \u043a\u0435\u0440\u043e\u0432\u0430\u043d\u0456 \u0437 \u043a\u0430\u0431\u0456\u043d\u0438 \u0442\u0430 \u0437 \u0440\u043e\u0431\u043e\u0447\u043e\u0433\u043e \u0440\u0456\u0432\u043d\u044f<\/li>\n<li>\u043b\u0435\u0431\u0456\u0434\u043a\u0438 \u0437 \u043a\u0430\u0431\u0456\u043d\u0438 \u0442\u0430 \u0440\u043e\u0431\u043e\u0447\u043e\u0433\u043e \u0440\u0456\u0432\u043d\u044f<\/li>\n<li>\u0442\u043e\u0432\u0430\u0440\u043d\u043e-\u0431\u0443\u0434\u0456\u0432\u0435\u043b\u044c\u043d\u0456 \u043b\u0456\u0444\u0442\u0438 \u0437 \u043e\u0431\u0441\u043b\u0443\u0433\u043e\u0432\u0443\u0432\u0430\u043d\u043d\u044f\u043c<\/li>\n<li>\u0431\u0430\u0448\u0442\u043e\u0432\u0456, \u0437\u0430\u043b\u0456\u0437\u043d\u0438\u0447\u043d\u0456 \u0442\u0430 \u043f\u0435\u0440\u0435\u043d\u043e\u0441\u043d\u0456 \u043a\u0440\u0430\u043d\u0438 (HDS)<\/li>\n<li>\u0430\u0432\u0442\u043e\u043d\u0430\u0432\u0430\u043d\u0442\u0430\u0436\u0443\u0432\u0430\u0447\u0456, \u0432 \u0442.\u0447. \u0430\u0432\u0442\u043e\u043d\u0430\u0432\u0430\u043d\u0442\u0430\u0436\u0443\u0432\u0430\u0447\u0456 \u0442\u0430 \u0441\u043f\u0435\u0446\u0456\u0430\u043b\u0456\u0437\u043e\u0432\u0430\u043d\u0456, \u0432 \u0442.\u0447. \u0442\u0435\u043b\u0435\u0441\u043a\u043e\u043f\u0456\u0447\u043d\u0456 \u043d\u0430\u0432\u0430\u043d\u0442\u0430\u0436\u0443\u0432\u0430\u0447\u0456 \u0437\u0456 \u0437\u043c\u0456\u043d\u043d\u0438\u043c \u0432\u0438\u043b\u044c\u043e\u0442\u043e\u043c<\/li>\n<li>\u0442\u0430 \u043a\u0443\u0440\u0441 \u0434\u043b\u044f \u043c\u043e\u0431\u0456\u043b\u044c\u043d\u0438\u0445 \u043f\u043b\u0430\u0442\u0444\u043e\u0440\u043c<\/li>\n<\/ul>\n<p>\u041a\u0440\u0456\u043c \u0442\u043e\u0433\u043e, \u043c\u0438 \u0442\u0430\u043a\u043e\u0436 \u043f\u0440\u043e\u043f\u043e\u043d\u0443\u0454\u043c\u043e \u043a\u0443\u0440\u0441 ADR \u0442\u0430 \u043d\u0430\u0432\u0447\u0430\u043d\u043d\u044f \u0434\u043b\u044f \u0434\u0456\u0430\u0433\u043d\u043e\u0441\u0442\u0430 \u0430\u0432\u0442\u043e\u043c\u043e\u0431\u0456\u043b\u044f, \u043a\u0432\u0430\u043b\u0456\u0444\u0456\u043a\u0430\u0446\u0456\u044e TDT \u0442\u0430 \u043e\u0431\u0441\u043b\u0443\u0433\u043e\u0432\u0443\u0432\u0430\u043d\u043d\u044f UNO.<\/p>\n<p>\u041a\u0440\u0456\u043c \u0442\u043e\u0433\u043e, \u043c\u0438 \u043f\u0440\u043e\u043f\u043e\u043d\u0443\u0454\u043c\u043e \u043a\u0443\u0440\u0441\u0438 \u0434\u043b\u044f \u0432\u0438\u043b\u043e\u0447\u043d\u0438\u0445 \u043d\u0430\u0432\u0430\u043d\u0442\u0430\u0436\u0443\u0432\u0430\u0447\u0456\u0432 \u0442\u0430 \u043b\u0456\u0446\u0435\u043d\u0437\u0456\u0439 \u043d\u0430 \u0433\u0430\u043a\u043e\u0432\u0456 \u043b\u0456\u0444\u0442\u0438. \u0423 \u043d\u0430\u0448\u043e\u043c\u0443 \u0446\u0435\u043d\u0442\u0440\u0456 \u043a\u0443\u0440\u0441\u0438 \u043e\u043f\u0435\u0440\u0430\u0442\u043e\u0440\u0430 \u043d\u0430\u0432\u0430\u043d\u0442\u0430\u0436\u0443\u0432\u0430\u0447\u0430 \u043f\u0440\u043e\u0432\u043e\u0434\u044f\u0442\u044c\u0441\u044f \u0437 \u0456 \u0431\u0435\u0437 \u0434\u043e\u0437\u0432\u043e\u043b\u0443 \u0423\u043f\u0440\u0430\u0432\u043b\u0456\u043d\u043d\u044f \u0442\u0435\u0445\u043d\u0456\u0447\u043d\u043e\u0457 \u0456\u043d\u0441\u043f\u0435\u043a\u0446\u0456\u0457.<\/p>\n<p>\u0417\u0430\u043f\u0440\u043e\u0448\u0443\u0454\u043c\u043e \u0437\u0430\u043f\u0438\u0441\u0430\u0442\u0438\u0441\u044f \u043d\u0430 \u0437\u0430\u043d\u044f\u0442\u0442\u044f \u0432 \u0426\u0435\u043d\u0442\u0440 \u043f\u0456\u0434\u0433\u043e\u0442\u043e\u0432\u043a\u0438 \u043f\u0435\u0440\u0441\u043e\u043d\u0430\u043b\u0443 \u0415\u0420\u0413\u041e\u041d!<\/p>\n<\/div>","protected":false},"excerpt":{"rendered":"<p>Przyk\u0142adowe urz\u0105dzenia na kt\u00f3re organizujemy kursy i egzaminy. Podesty ruchome wolnobie\u017cne tzw. zwy\u017cki podno\u015bniki no\u017cycowe platformy robocze \u2013 kat. IP Podesty ruchome wolnobie\u017cne tzw. podno\u015bniki koszowe, przegubowe teleskopowe \u2013 kat. IP Podesty ruchome samojezdne tzw. podno\u015bniki koszowe montowane na pojazdach \u2013 kat. IP \u0141adowarki teleskopowe ze zmiennym wysi\u0119giem kat. &#8211; IWJO W\u00f3zki jezdniowe podno\u015bnikowe tzw. wid\u0142owe kat. \u2013 IIWJO W\u00f3zki jezdniowe unosz\u0105ce tzw. podestowe kat. \u2013 IIIWJO Szkolenia UDT Ergon W O\u015brodku Doskonalenia Kadr ERGON realizujemy profesjonalne szkolenia UDT daj\u0105ce uprawnienia Urz\u0119du Dozoru Technicznego. Nasze kursy UDT skierowane s\u0105 do klient\u00f3w poszukuj\u0105cych kompleksowego wsparcia w podnoszeniu kompetencji swoich oraz swoich pracownik\u00f3w na stanowiskach pracy, na kt\u00f3rych wymagane s\u0105 uprawnienia UDT. Stale wsp\u00f3\u0142pracujemy z UDT \u2013 szkolenia prowadzone s\u0105 przez ca\u0142y czas zgodnie z najnowszymi wymaganiami. Oferujemy kursy UDT w zach\u0119caj\u0105cych cenach uzale\u017cnionych od liczby ich uczestnik\u00f3w. Ka\u017cde zaj\u0119cia prowadzone s\u0105 przez wykwalifikowanych specjalist\u00f3w, z wykorzystaniem nowoczesnego zaplecza szkoleniowego i k\u0142adzie nacisk zar\u00f3wno na cz\u0119\u015b\u0107 teoretyczn\u0105, jak i praktyczn\u0105. Dzi\u0119ki temu szkolenia UDT realizowane przez nasz O\u015brodek Doskonalenia Kadr wyr\u00f3\u017cniaj\u0105 si\u0119 najlepsz\u0105 skuteczno\u015bci\u0105 i s\u0105 cz\u0119sto rekomendowane. Realizujemy szkolenia UDT zar\u00f3wno jako otwarte, jak i zamkni\u0119te. Specjalnie dla Oferta mo\u017ce by\u0107 dostosowana do profilu firmy. W naszej ofercie znajd\u0105 Pastwo mi\u0119dzy innymi nast\u0119puj\u0105ce kursy na uprawnienia Urz\u0119du Dozoru Technicznego: suwnice sterowane z kabiny i z poziomu roboczego wyci\u0105garki z poziomu kabiny i poziomu roboczego d\u017awigi towarowe i budowlane z obs\u0142ug\u0105 \u017curawie wie\u017cowe, szynowe i przeno\u015bne (HDS) w\u00f3zki wid\u0142owe, w tym jezdniowe podno\u015bnikowe i specjalizowane m.in. \u0142adowarki teleskopowe ze zmiennym wysi\u0119giem oraz kurs na podesty ruchome Ponadto [&hellip;]<\/p>\n","protected":false},"author":1,"featured_media":0,"parent":0,"menu_order":1,"comment_status":"closed","ping_status":"closed","template":"","meta":{"sfsi_plus_gutenberg_text_before_share":"","sfsi_plus_gutenberg_show_text_before_share":"","sfsi_plus_gutenberg_icon_type":"","sfsi_plus_gutenberg_icon_alignemt":"","sfsi_plus_gutenburg_max_per_row":"","footnotes":""},"class_list":["post-65","page","type-page","status-publish","hentry","has_thumb"],"aioseo_notices":[],"_links":{"self":[{"href":"https:\/\/kursy-udt.pl\/ua\/wp-json\/wp\/v2\/pages\/65","targetHints":{"allow":["GET"]}}],"collection":[{"href":"https:\/\/kursy-udt.pl\/ua\/wp-json\/wp\/v2\/pages"}],"about":[{"href":"https:\/\/kursy-udt.pl\/ua\/wp-json\/wp\/v2\/types\/page"}],"author":[{"embeddable":true,"href":"https:\/\/kursy-udt.pl\/ua\/wp-json\/wp\/v2\/users\/1"}],"replies":[{"embeddable":true,"href":"https:\/\/kursy-udt.pl\/ua\/wp-json\/wp\/v2\/comments?post=65"}],"version-history":[{"count":25,"href":"https:\/\/kursy-udt.pl\/ua\/wp-json\/wp\/v2\/pages\/65\/revisions"}],"predecessor-version":[{"id":6194,"href":"https:\/\/kursy-udt.pl\/ua\/wp-json\/wp\/v2\/pages\/65\/revisions\/6194"}],"wp:attachment":[{"href":"https:\/\/kursy-udt.pl\/ua\/wp-json\/wp\/v2\/media?parent=65"}],"curies":[{"name":"wp","href":"https:\/\/api.w.org\/{rel}","templated":true}]}}