{"id":62,"date":"2014-02-10T19:52:54","date_gmt":"2014-02-10T19:52:54","guid":{"rendered":"http:\/\/kursy-udt.kwiaty0.pl\/?page_id=62"},"modified":"2025-06-04T12:13:27","modified_gmt":"2025-06-04T10:13:27","slug":"%d0%bf%d1%80%d0%be-%d0%ba%d0%be%d0%bc%d0%bf%d0%b0%d0%bd%d1%96%d1%8e","status":"publish","type":"page","link":"https:\/\/kursy-udt.pl\/ua\/o-firmie\/","title":{"rendered":"\u041f\u0440\u043e \u043a\u043e\u043c\u043f\u0430\u043d\u0456\u044e"},"content":{"rendered":"<div style=\"float: left; padding-right: 10px;\"><div id=\"metaslider-id-636\" style=\"max-width: 200px;\" class=\"ml-slider-3-108-0 metaslider metaslider-flex metaslider-636 ml-slider ms-theme-default nav-hidden\" role=\"region\" aria-label=\"about-company-sale\" data-height=\"150\" data-width=\"200\">\n    <div id=\"metaslider_container_636\">\n        <div id=\"metaslider_636\" class=\"flexslider\">\n            <ul class='slides'>\n                <li style=\"display: block; width: 100%;\" class=\"slide-651 ms-image\" aria-roledescription=\"slide\" data-date=\"2014-04-13 12:21:19\" data-filename=\"01-sale-szkoleniowe1.jpeg\" data-slide-type=\"image\"><img loading=\"lazy\" decoding=\"async\" src=\"https:\/\/kursy-udt.pl\/wp-content\/uploads\/2014\/04\/01-sale-szkoleniowe1.jpeg\" height=\"150\" width=\"200\" alt=\"\" class=\"slider-636 slide-651 msDefaultImage\" \/><\/li>\n                <li style=\"display: none; width: 100%;\" class=\"slide-652 ms-image\" aria-roledescription=\"slide\" data-date=\"2014-04-13 12:21:19\" data-filename=\"02-sala-szkoleniowa1.jpeg\" data-slide-type=\"image\"><img loading=\"lazy\" decoding=\"async\" src=\"https:\/\/kursy-udt.pl\/wp-content\/uploads\/2014\/04\/02-sala-szkoleniowa1.jpeg\" height=\"150\" width=\"200\" alt=\"\" class=\"slider-636 slide-652 msDefaultImage\" \/><\/li>\n                <li style=\"display: none; width: 100%;\" class=\"slide-653 ms-image\" aria-roledescription=\"slide\" data-date=\"2014-04-13 12:21:21\" data-filename=\"03-sala-szkolenia-udt1.jpeg\" data-slide-type=\"image\"><img loading=\"lazy\" decoding=\"async\" src=\"https:\/\/kursy-udt.pl\/wp-content\/uploads\/2014\/04\/03-sala-szkolenia-udt1.jpeg\" height=\"150\" width=\"200\" alt=\"\" class=\"slider-636 slide-653 msDefaultImage\" \/><\/li>\n            <\/ul>\n        <\/div>\n        \n    <\/div>\n<\/div><\/div>\n<div class=\"wyjustuj\">\n<p>\u0426\u0435\u043d\u0442\u0440 \u0440\u043e\u0437\u0432\u0438\u0442\u043a\u0443 \u043b\u044e\u0434\u0441\u044c\u043a\u0438\u0445 \u0440\u0435\u0441\u0443\u0440\u0441\u0456\u0432 \"\u0415\u0420\u0413\u041e\u041d\" \u043c\u0430\u0454 \u0431\u0456\u043b\u044c\u0448 \u043d\u0456\u0436 15-\u0440\u0456\u0447\u043d\u0438\u0439 \u0434\u043e\u0441\u0432\u0456\u0434 \u043e\u0440\u0433\u0430\u043d\u0456\u0437\u0430\u0446\u0456\u0457 \u043d\u0430\u0432\u0447\u0430\u043b\u044c\u043d\u0438\u0445 \u043a\u0443\u0440\u0441\u0456\u0432, \u0440\u043e\u0437\u0440\u0430\u0445\u043e\u0432\u0430\u043d\u0438\u0445 \u043d\u0430 \u0440\u0456\u0437\u043d\u0456 \u043f\u0440\u043e\u0444\u0435\u0441\u0456\u0439\u043d\u0456 \u0433\u0440\u0443\u043f\u0438. \u041d\u0430\u0448\u0430 \u0441\u043f\u0435\u0446\u0456\u0430\u043b\u0456\u0437\u0430\u0446\u0456\u044f - \u043d\u0430\u0432\u0447\u0430\u043d\u043d\u044f \u0434\u043b\u044f UDT, IP, <a href=\"https:\/\/kursy-udt.pl\/ua\/szkolenia\/bhp-bezpieczenstwo-pracy\/prawna-ochrona-pracy\/\">\u0417\u0434\u043e\u0440\u043e\u0432&#039;\u044f \u0456 \u0431\u0435\u0437\u043f\u0435\u043a\u0430<\/a>\u041e\u0445\u043e\u0440\u043e\u043d\u0430 \u043f\u0440\u0430\u0446\u0456, \u043f\u043e\u0436\u0435\u0436\u043d\u0430 \u0431\u0435\u0437\u043f\u0435\u043a\u0430, \u043f\u0435\u0440\u0448\u0430 \u043c\u0435\u0434\u0438\u0447\u043d\u0430 \u0434\u043e\u043f\u043e\u043c\u043e\u0433\u0430, \u044f\u043a\u0456 \u043c\u0438 \u043f\u0440\u043e\u0432\u043e\u0434\u0438\u043c\u043e \u0440\u0430\u0437\u043e\u043c \u0437 \u043a\u043e\u043c\u0430\u043d\u0434\u043e\u044e \u0432\u0438\u043a\u043b\u0430\u0434\u0430\u0447\u0456\u0432, \u0449\u043e \u0432\u043e\u043b\u043e\u0434\u0456\u044e\u0442\u044c \u0433\u043b\u0438\u0431\u043e\u043a\u0438\u043c\u0438 \u0437\u043d\u0430\u043d\u043d\u044f\u043c\u0438 \u0442\u0430 \u0434\u043e\u0441\u0432\u0456\u0434\u043e\u043c \u0443 \u0441\u0432\u043e\u0457\u0439 \u043f\u0440\u043e\u0444\u0435\u0441\u0456\u0457. \u041c\u0438 \u043f\u0440\u0430\u0446\u044e\u0454\u043c\u043e \u0432 \u0440\u0430\u043c\u043a\u0430\u0445 \u041a\u043e\u043d\u0441\u0443\u043b\u044c\u0442\u0430\u0446\u0456\u0439\u043d\u043e\u0457 \u043a\u043e\u043c\u043f\u0430\u043d\u0456\u0457 \u0437 \u043e\u0445\u043e\u0440\u043e\u043d\u0438 \u043f\u0440\u0430\u0446\u0456 ERGON, \u044f\u043a\u0430 \u0432\u0436\u0435 \u043f\u043e\u043d\u0430\u0434 20 \u0440\u043e\u043a\u0456\u0432 \u043d\u0430\u0434\u0430\u0454 \u043f\u043e\u0441\u043b\u0443\u0433\u0438 \u0437 \u043a\u043e\u043d\u0441\u0443\u043b\u044c\u0442\u0443\u0432\u0430\u043d\u043d\u044f \u0442\u0430 \u043d\u0430\u0433\u043b\u044f\u0434\u0443 \u0437\u0430 \u043e\u0445\u043e\u0440\u043e\u043d\u043e\u044e \u043f\u0440\u0430\u0446\u0456.<\/p>\n<p>\u041c\u0438 \u0437\u043e\u0441\u0435\u0440\u0435\u0434\u0436\u0443\u0454\u043c\u043e\u0441\u044f \u043d\u0430 \u043f\u0456\u0434\u0433\u043e\u0442\u043e\u0432\u0446\u0456 \u043d\u0430\u0432\u0447\u0430\u043d\u043d\u044f \u0442\u0430 \u0456\u0441\u043f\u0438\u0442\u0456\u0432 \u0434\u043b\u044f \u043e\u043f\u0435\u0440\u0430\u0442\u043e\u0440\u0456\u0432 \u0442\u0440\u0430\u043d\u0441\u043f\u043e\u0440\u0442\u043d\u043e-\u0440\u043e\u0437\u0432\u0430\u043d\u0442\u0430\u0436\u0443\u0432\u0430\u043b\u044c\u043d\u043e\u0433\u043e \u043e\u0431\u043b\u0430\u0434\u043d\u0430\u043d\u043d\u044f, \u043f\u0440\u0430\u0446\u0456\u0432\u043d\u0438\u043a\u0456\u0432, \u044f\u043a\u0456 \u043e\u0431\u0441\u043b\u0443\u0433\u043e\u0432\u0443\u044e\u0442\u044c \u0456 \u043a\u043e\u043d\u0442\u0440\u043e\u043b\u044e\u044e\u0442\u044c \u0435\u043d\u0435\u0440\u0433\u0435\u0442\u0438\u0447\u043d\u0435 \u043e\u0431\u043b\u0430\u0434\u043d\u0430\u043d\u043d\u044f \u0442\u0430 \u043c\u0435\u0440\u0435\u0436\u0456, \u0430 \u0442\u0430\u043a\u043e\u0436 \u043e\u0431\u043e\u0432\u2019\u044f\u0437\u043a\u043e\u0432\u0435 \u043d\u0430\u0432\u0447\u0430\u043d\u043d\u044f \u0437 \u043e\u0445\u043e\u0440\u043e\u043d\u0438 \u043f\u0440\u0430\u0446\u0456 \u0442\u0430 \u043f\u043e\u0436\u0435\u0436\u043d\u043e\u0457 \u0431\u0435\u0437\u043f\u0435\u043a\u0438. \u0417\u043e\u043a\u0440\u0435\u043c\u0430, \u043c\u0438 \u0441\u043f\u0435\u0446\u0456\u0430\u043b\u0456\u0437\u0443\u0454\u043c\u043e\u0441\u044f \u043d\u0430 \u043f\u0440\u043e\u0432\u0435\u0434\u0435\u043d\u043d\u0456 \u043a\u0443\u0440\u0441\u0456\u0432 UDT. \u041a\u043e\u0436\u0435\u043d \u043d\u0430\u0448 \u043a\u0443\u0440\u0441 UDT \u0454 \u043f\u0440\u043e\u0444\u0435\u0441\u0456\u0439\u043d\u0438\u043c \u0456 \u0437\u0430\u0432\u0434\u044f\u043a\u0438 \u0446\u044c\u043e\u043c\u0443 \u0439\u043e\u0433\u043e \u0443\u0447\u0430\u0441\u043d\u0438\u043a\u0438 \u043c\u043e\u0436\u0443\u0442\u044c \u043e\u0442\u0440\u0438\u043c\u0430\u0442\u0438 \u043d\u0435\u043e\u0431\u0445\u0456\u0434\u043d\u0435 <a href=\"https:\/\/kursy-udt.pl\/ua\/uprawnienia-udt\/kategorie-uprawnien-2\/\">\u041a\u0432\u0430\u043b\u0456\u0444\u0456\u043a\u0430\u0446\u0456\u044f UDT<\/a> \u043d\u0430 \u043e\u0431\u0440\u0430\u043d\u0456 \u043f\u043e\u0437\u0438\u0446\u0456\u0457.<\/p>\n<div style=\"float: right; padding-left: 10px;\"><div id=\"metaslider-id-644\" style=\"max-width: 200px;\" class=\"ml-slider-3-108-0 metaslider metaslider-flex metaslider-644 ml-slider ms-theme-default nav-hidden nav-hidden\" role=\"region\" aria-label=\"about-company-sale2\" data-height=\"150\" data-width=\"200\">\n    <div id=\"metaslider_container_644\">\n        <div id=\"metaslider_644\" class=\"flexslider\">\n            <ul class='slides'>\n                <li style=\"display: block; width: 100%;\" class=\"slide-648 ms-image\" aria-roledescription=\"slide\" data-date=\"2014-04-13 12:20:45\" data-filename=\"04-uprawnienia-udt-sale2.jpeg\" data-slide-type=\"image\"><img loading=\"lazy\" decoding=\"async\" src=\"https:\/\/kursy-udt.pl\/wp-content\/uploads\/2014\/04\/04-uprawnienia-udt-sale2.jpeg\" height=\"150\" width=\"200\" alt=\"\" class=\"slider-644 slide-648 msDefaultImage\" \/><\/li>\n                <li style=\"display: none; width: 100%;\" class=\"slide-649 ms-image\" aria-roledescription=\"slide\" data-date=\"2014-04-13 12:20:45\" data-filename=\"05-foto-szkolenia2.jpeg\" data-slide-type=\"image\"><img loading=\"lazy\" decoding=\"async\" src=\"https:\/\/kursy-udt.pl\/wp-content\/uploads\/2014\/04\/05-foto-szkolenia2.jpeg\" height=\"150\" width=\"200\" alt=\"\" class=\"slider-644 slide-649 msDefaultImage\" \/><\/li>\n                <li style=\"display: none; width: 100%;\" class=\"slide-650 ms-image\" aria-roledescription=\"slide\" data-date=\"2014-04-13 12:20:46\" data-filename=\"06-pic-ergon-warszawa2.jpeg\" data-slide-type=\"image\"><img loading=\"lazy\" decoding=\"async\" src=\"https:\/\/kursy-udt.pl\/wp-content\/uploads\/2014\/04\/06-pic-ergon-warszawa2.jpeg\" height=\"150\" width=\"200\" alt=\"\" class=\"slider-644 slide-650 msDefaultImage\" \/><\/li>\n            <\/ul>\n        <\/div>\n        \n    <\/div>\n<\/div><\/div>\n<p>\u0421\u0435\u0440\u0435\u0434 \u0456\u043d\u0448\u043e\u0433\u043e, \u043c\u0438 \u043f\u0440\u043e\u0432\u043e\u0434\u0438\u043c\u043e \u043a\u0443\u0440\u0441\u0438 \u043d\u0430\u0432\u0430\u043d\u0442\u0430\u0436\u0443\u0432\u0430\u0447\u0456\u0432. \u0426\u0435\u0439 \u043a\u0443\u0440\u0441 \u0437 \u043a\u0435\u0440\u0443\u0432\u0430\u043d\u043d\u044f \u043d\u0430\u0432\u0430\u043d\u0442\u0430\u0436\u0443\u0432\u0430\u0447\u0435\u043c \u0454 \u043e\u0434\u043d\u0456\u0454\u044e \u0437 \u043d\u0430\u0448\u0438\u0445 \u043d\u0430\u0439\u043f\u043e\u043f\u0443\u043b\u044f\u0440\u043d\u0456\u0448\u0438\u0445 \u043f\u0440\u043e\u043f\u043e\u0437\u0438\u0446\u0456\u0439, \u044f\u043a\u0443 \u0446\u0456\u043d\u0443\u044e\u0442\u044c \u0456 \u0432\u0438\u0441\u043e\u043a\u043e \u043e\u0446\u0456\u043d\u044e\u044e\u0442\u044c \u0443\u0447\u0430\u0441\u043d\u0438\u043a\u0438. \u0414\u043e\u0441\u0442\u0443\u043f\u043d\u0456 \u0443 \u043d\u0430\u0441 \u043a\u0443\u0440\u0441\u0438 \u043d\u0430\u0432\u0430\u043d\u0442\u0430\u0436\u0443\u0432\u0430\u0447\u0456\u0432 \u043f\u0440\u043e\u0432\u043e\u0434\u044f\u0442\u044c\u0441\u044f \u0432 \u0440\u0430\u043c\u043a\u0430\u0445 \u0456 \u043f\u043e\u0437\u0430 \u0440\u0430\u043c\u043a\u0430\u043c\u0438 UDT. \u041a\u0440\u0456\u043c \u0442\u043e\u0433\u043e, \u043c\u0438 \u043f\u0440\u043e\u043f\u043e\u043d\u0443\u0454\u043c\u043e, \u0441\u0435\u0440\u0435\u0434 \u0456\u043d\u0448\u043e\u0433\u043e, \u043d\u0430\u0432\u0447\u0430\u043d\u043d\u044f \u0434\u043b\u044f \u043a\u0435\u0440\u043e\u0432\u0430\u043d\u0438\u0445 \u043a\u0440\u0430\u043d\u0456\u0432, \u043b\u0435\u0431\u0456\u0434\u043e\u043a, \u043a\u0440\u0430\u043d\u0456\u0432 \u0440\u0456\u0437\u043d\u0438\u0445 \u0442\u0438\u043f\u0456\u0432, \u0432\u0430\u043d\u0442\u0430\u0436\u043d\u0438\u0445 \u0456 \u0431\u0443\u0434\u0456\u0432\u0435\u043b\u044c\u043d\u0438\u0445 \u043a\u0440\u0430\u043d\u0456\u0432, \u0430 \u0442\u0430\u043a\u043e\u0436 \u043a\u0443\u0440\u0441 \u0434\u043b\u044f \u043c\u043e\u0431\u0456\u043b\u044c\u043d\u0438\u0445 \u043f\u043b\u0430\u0442\u0444\u043e\u0440\u043c. \u0423 \u043d\u0430\u0441 \u0432\u0438 \u043c\u043e\u0436\u0435\u0442\u0435 \u043e\u0442\u0440\u0438\u043c\u0430\u0442\u0438 \u043a\u0432\u0430\u043b\u0456\u0444\u0456\u043a\u0430\u0446\u0456\u044e \u043d\u0430 \u0430\u0432\u0442\u043e\u0432\u0438\u0448\u043a\u0438 Cat I P \u0456 Cat II P. \u041c\u0438 \u0442\u0430\u043a\u043e\u0436 \u043c\u043e\u0436\u0435\u043c\u043e \u043f\u0440\u043e\u0432\u043e\u0434\u0438\u0442\u0438 \u043a\u0443\u0440\u0441\u0438 \u043e\u043f\u0435\u0440\u0430\u0442\u043e\u0440\u0456\u0432 \u043d\u0430\u0432\u0430\u043d\u0442\u0430\u0436\u0443\u0432\u0430\u0447\u0456\u0432 \u0442\u0430 \u0456\u043d\u0448\u0456 \u043d\u0430\u0448\u0456 \u043a\u0443\u0440\u0441\u0438 \u0442\u0430\u043a\u043e\u0436 \u044f\u043a \u0437\u0430\u043a\u0440\u0438\u0442\u0456, \u0456\u043d\u0434\u0438\u0432\u0456\u0434\u0443\u0430\u043b\u044c\u043d\u043e \u043f\u0456\u0434\u0456\u0431\u0440\u0430\u043d\u0456 \u043a\u0443\u0440\u0441\u0438.<\/p>\n<p>\u041d\u0430\u0448\u0430 \u043f\u0440\u043e\u043f\u043e\u0437\u0438\u0446\u0456\u044f \u0442\u0430\u043a\u043e\u0436 \u0432\u043a\u043b\u044e\u0447\u0430\u0454:<\/p>\n<ul>\n<li>\u043f\u0440\u0430\u0432\u0430 <a href=\"https:\/\/kursy-udt.pl\/ua\/szkolenia\/sep-uprawnienia-do-1kv\/g1\/\">G1<\/a>, G2, <a href=\"https:\/\/kursy-udt.pl\/ua\/szkolenia\/sep-uprawnienia-do-1kv\/g3\/\">G3<\/a><\/li>\n<li>\u041f\u043e\u0432\u043d\u043e\u0432\u0430\u0436\u0435\u043d\u043d\u044f HDS<\/li>\n<li>\u0406\u043d\u0441\u0442\u0440\u0443\u043a\u0442\u0430\u0436 \u0437 \u043e\u0445\u043e\u0440\u043e\u043d\u0438 \u043f\u0440\u0430\u0446\u0456 \u0442\u0430 \u043f\u043e\u0436\u0435\u0436\u043d\u043e\u0457 \u0431\u0435\u0437\u043f\u0435\u043a\u0438<\/li>\n<li>ADR \u043a\u0443\u0440\u0441<\/li>\n<li>\u041a\u0432\u0430\u043b\u0456\u0444\u0456\u043a\u0430\u0446\u0456\u044f TDT<\/li>\n<\/ul>\n<p>\u041d\u0430\u0441 \u0432\u0456\u0434\u0440\u0456\u0437\u043d\u044f\u0454 \u043d\u0430\u0439\u043a\u0440\u0430\u0449\u0430 \u0435\u0444\u0435\u043a\u0442\u0438\u0432\u043d\u0456\u0441\u0442\u044c \u0456 \u043d\u0430\u0434\u0456\u0439\u043d\u0456\u0441\u0442\u044c. 98% \u043d\u0430\u0448\u0438\u0445 \u0443\u0447\u0430\u0441\u043d\u0438\u043a\u0456\u0432 \u0442\u0440\u0435\u043d\u0456\u043d\u0433\u0443 \u0442\u043e\u0447\u043d\u043e \u0440\u0435\u043a\u043e\u043c\u0435\u043d\u0434\u0443\u0432\u0430\u0442\u0438\u043c\u0435 \u043d\u0430\u0441 \u0456\u043d\u0448\u0438\u043c. \u041c\u0438 \u0437\u043e\u0441\u0435\u0440\u0435\u0434\u0436\u0435\u043d\u0456 \u043d\u0430 \u043f\u043e\u0441\u0442\u0456\u0439\u043d\u043e\u043c\u0443 \u0440\u043e\u0437\u0432\u0438\u0442\u043a\u0443, \u0440\u043e\u0437\u0448\u0438\u0440\u0435\u043d\u043d\u0456 \u043d\u0430\u0448\u043e\u0433\u043e \u043f\u0435\u0440\u0441\u043e\u043d\u0430\u043b\u0443 \u0442\u0430 \u043d\u0430\u0448\u0438\u0445 \u0437\u043d\u0430\u043d\u044c \u0456 \u043d\u0430\u0432\u0438\u0447\u043e\u043a. \u0412 \u043e\u0441\u043d\u043e\u0432\u043d\u043e\u043c\u0443 \u043c\u0438 \u043f\u0440\u0430\u0446\u044e\u0454\u043c\u043e \u0432 \u041c\u0430\u0437\u043e\u0432\u0435\u0446\u044c\u043a\u043e\u043c\u0443 \u0432\u043e\u0454\u0432\u043e\u0434\u0441\u0442\u0432\u0456, \u0430\u043b\u0435 \u043c\u0438 \u0442\u0430\u043a\u043e\u0436 \u043c\u043e\u0436\u0435\u043c\u043e \u043e\u0445\u043e\u043f\u0438\u0442\u0438 \u043a\u043b\u0456\u0454\u043d\u0442\u0456\u0432 \u043f\u043e \u0432\u0441\u0456\u0439 \u041f\u043e\u043b\u044c\u0449\u0456.<\/p>\n<p>\u0426\u0435\u043d\u0442\u0440 \u043f\u0456\u0434\u0433\u043e\u0442\u043e\u0432\u043a\u0438 \u043f\u0435\u0440\u0441\u043e\u043d\u0430\u043b\u0443 \u0415\u0420\u0413\u041e\u041d \u0437\u0430\u0440\u0435\u0454\u0441\u0442\u0440\u043e\u0432\u0430\u043d\u0438\u0439 \u0437\u0430 \u043d\u043e\u043c\u0435\u0440\u043e\u043c 699 \/ \u041a \/ 95\u0440. \u0432 \u0440\u0435\u0454\u0441\u0442\u0440\u0456 \u0448\u043a\u0456\u043b \u0442\u0430 \u043d\u0435\u0434\u0435\u0440\u0436\u0430\u0432\u043d\u0438\u0445 \u0437\u0430\u043a\u043b\u0430\u0434\u0456\u0432 \u0441\u0442\u043e\u043b\u0438\u0446\u0456 \u0412\u0430\u0440\u0448\u0430\u0432\u0438 \u044f\u043a \u043d\u0435\u0434\u0435\u0440\u0436\u0430\u0432\u043d\u0438\u0439 \u043d\u0430\u0432\u0447\u0430\u043b\u044c\u043d\u0438\u0439 \u0437\u0430\u043a\u043b\u0430\u0434, \u0449\u043e \u0437\u0434\u0456\u0439\u0441\u043d\u044e\u0454 \u043d\u0430\u0432\u0447\u0430\u043b\u044c\u043d\u0443 \u0434\u0456\u044f\u043b\u044c\u043d\u0456\u0441\u0442\u044c.<\/p>\n<p>\u0417\u0430\u043f\u0440\u043e\u0448\u0443\u0454\u043c\u043e \u0432\u0430\u0441 \u0441\u043a\u043e\u0440\u0438\u0441\u0442\u0430\u0442\u0438\u0441\u044f <a href=\"\/ua\/%d0%bd%d0%b0%d0%b2%d1%87%d0%b0%d0%bd%d0%bd%d1%8f\/\">\u041d\u0430\u0448\u0456 \u041f\u043e\u0441\u043b\u0443\u0433\u0438<\/a>,<br \/>\n\u041a\u043e\u043c\u0430\u043d\u0434\u0430 \u041e\u0414\u041a \u0415\u0420\u0413\u041e\u041d<\/p>\n<\/div>","protected":false},"excerpt":{"rendered":"<p>O\u015brodek Doskonalenia Kadr ERGON to przesz\u0142o 15-letnie do\u015bwiadczenie w organizacji szkole\u0144 przeznaczonych dla r\u00f3\u017cnych grup zawodowych. Nasza specjalno\u015b\u0107 to szkolenia UDT, IP, BHP, PPO\u017b, pierwszej pomocy, kt\u00f3re prowadzimy wraz z naszym gronem wyk\u0142adowc\u00f3w dysponuj\u0105cych szerok\u0105 wiedz\u0105 i do\u015bwiadczeniem w zawodzie. Dzia\u0142amy jako cz\u0119\u015b\u0107 Zak\u0142adu Doradztwa Bezpiecze\u0144stwa Pracy ERGON, kt\u00f3ry od ponad 20 lat \u015bwiadczy us\u0142ugi doradztwa i nadzoru BHP. Skupiamy si\u0119 na przygotowywaniu szkole\u0144 i egzamin\u00f3w przeznaczonych dla operator\u00f3w sprz\u0119t\u00f3w transportu bliskiego, pracownik\u00f3w eksploatuj\u0105cych i dozoruj\u0105cych urz\u0105dzenia i sieci energetycznych, tak\u017ce szkoleniach obowi\u0105zkowych BHP i PPO\u017b. W szczeg\u00f3lno\u015bci specjalizujemy si\u0119 w realizacji kurs\u00f3w UDT. Ka\u017cdy nasz kurs UDT jest profesjonalny i dzi\u0119ki niemu jego uczestnicy mog\u0105 zdoby\u0107 potrzebne uprawnienia UDT na wybrane stanowiska. Prowadzimy mi\u0119dzy innymi kursy na w\u00f3zki wid\u0142owe. To kurs w\u00f3zka wid\u0142owego jest jedn\u0105 z naszych najpopularniejszych propozycji, doceniana i chwalon\u0105 przez uczestnik\u00f3w. Dost\u0119pny u nas kurs na w\u00f3zki wid\u0142owe prowadzony jest w ramach UDT i poza nimi. Dodatkowo oferujemy m.in. szkolenia na suwnice sterowane, wyci\u0105garki, \u017curawie r\u00f3\u017cnych typ\u00f3w, d\u017awigi towarowe i budowlane, tak\u017ce kurs na podesty ruchome. Z nami mo\u017cna uzyska\u0107 uprawnienia na podno\u015bnik koszowy kat. I P i II P. R\u00f3wnie\u017c mo\u017cemy zrealizowa\u0107 kurs operatora w\u00f3zka wid\u0142owego i inne nasze kursy tak\u017ce jako zamkni\u0119te, indywidualnie dopasowane do potrzeb klienta. Nasza oferta obejmuje r\u00f3wnie\u017c: uprawnienia G1, G2, G3 uprawnienia HDS szkolenia BHP i Ppo\u017c kurs ADR uprawnienia TDT Wyr\u00f3\u017cniamy si\u0119 najlepsz\u0105 skuteczno\u015bci\u0105 i rzetelno\u015bci\u0105. 98% uczestnik\u00f3w naszych szkole\u0144 zdecydowanie poleci\u0142oby nas innym. Stawiamy na sta\u0142y rozw\u00f3j, poszerzaj\u0105c kadry i swoj\u0105 wiedz\u0119 i umiej\u0119tno\u015bci. G\u0142\u00f3wnie dzia\u0142amy na terenie wojew\u00f3dztwa mazowieckiego, ale tak\u017ce jeste\u015bmy [&hellip;]<\/p>\n","protected":false},"author":1,"featured_media":0,"parent":0,"menu_order":0,"comment_status":"closed","ping_status":"closed","template":"","meta":{"sfsi_plus_gutenberg_text_before_share":"","sfsi_plus_gutenberg_show_text_before_share":"","sfsi_plus_gutenberg_icon_type":"","sfsi_plus_gutenberg_icon_alignemt":"","sfsi_plus_gutenburg_max_per_row":"","footnotes":""},"class_list":["post-62","page","type-page","status-publish","hentry","has_no_thumb"],"aioseo_notices":[],"_links":{"self":[{"href":"https:\/\/kursy-udt.pl\/ua\/wp-json\/wp\/v2\/pages\/62","targetHints":{"allow":["GET"]}}],"collection":[{"href":"https:\/\/kursy-udt.pl\/ua\/wp-json\/wp\/v2\/pages"}],"about":[{"href":"https:\/\/kursy-udt.pl\/ua\/wp-json\/wp\/v2\/types\/page"}],"author":[{"embeddable":true,"href":"https:\/\/kursy-udt.pl\/ua\/wp-json\/wp\/v2\/users\/1"}],"replies":[{"embeddable":true,"href":"https:\/\/kursy-udt.pl\/ua\/wp-json\/wp\/v2\/comments?post=62"}],"version-history":[{"count":42,"href":"https:\/\/kursy-udt.pl\/ua\/wp-json\/wp\/v2\/pages\/62\/revisions"}],"predecessor-version":[{"id":3821,"href":"https:\/\/kursy-udt.pl\/ua\/wp-json\/wp\/v2\/pages\/62\/revisions\/3821"}],"wp:attachment":[{"href":"https:\/\/kursy-udt.pl\/ua\/wp-json\/wp\/v2\/media?parent=62"}],"curies":[{"name":"wp","href":"https:\/\/api.w.org\/{rel}","templated":true}]}}