{"id":56,"date":"2014-02-10T17:20:30","date_gmt":"2014-02-10T17:20:30","guid":{"rendered":"http:\/\/kursy-udt.kwiaty0.pl\/?page_id=56"},"modified":"2016-01-21T19:32:16","modified_gmt":"2016-01-21T19:32:16","slug":"%d0%b0%d0%b2%d1%82%d0%be%d0%bd%d0%b0%d0%b2%d0%b0%d0%bd%d1%82%d0%b0%d0%b6%d1%83%d0%b2%d0%b0%d1%87%d1%96","status":"publish","type":"page","link":"https:\/\/kursy-udt.pl\/ua\/wozki-jezdniowe-podnosnikowe\/","title":{"rendered":"\u0410\u0432\u0442\u043e\u043d\u0430\u0432\u0430\u043d\u0442\u0430\u0436\u0443\u0432\u0430\u0447\u0456"},"content":{"rendered":"<div style=\"float:left; padding-right:10px;\"><img decoding=\"async\" src=\"\/wp-content\/uploads\/2014\/03\/wozki-widlowe-3.jpeg\" alt=\"\u0410\u0432\u0442\u043e\u043d\u0430\u0432\u0430\u043d\u0442\u0430\u0436\u0443\u0432\u0430\u0447\u0456\"><\/div>\n<div class=\"wyjustuj\">\u0417\u0430\u043f\u0440\u043e\u0448\u0443\u0454\u043c\u043e \u043d\u0430 \u043a\u0443\u0440\u0441 \u0437\u0430 \u0430\u0434\u0440\u0435\u0441\u043e\u044e <a href=\"https:\/\/kursy-udt.pl\/ua\/szkolenia\/wozkiwidlowe\/\">\u0430\u0432\u0442\u043e\u043d\u0430\u0432\u0430\u043d\u0442\u0430\u0436\u0443\u0432\u0430\u0447\u0456<\/a> \u0434\u043e \u0426\u0435\u043d\u0442\u0440\u0443 \u043f\u0456\u0434\u0433\u043e\u0442\u043e\u0432\u043a\u0438 \u043f\u0435\u0440\u0441\u043e\u043d\u0430\u043b\u0443 \u0415\u0420\u0413\u041e\u041d! \u0423\u0447\u0430\u0441\u043d\u0438\u043a\u0438 \u043d\u0430\u0448\u0438\u0445 \u0442\u0440\u0435\u043d\u0456\u043d\u0433\u0456\u0432 \u0437\u0430\u0432\u0436\u0434\u0438 \u0432\u0441\u0435\u0431\u0456\u0447\u043d\u043e \u0437\u043d\u0430\u0439\u043e\u043c\u043b\u044f\u0442\u044c\u0441\u044f \u0437 \u0430\u0432\u0442\u043e\u043d\u0430\u0432\u0430\u043d\u0442\u0430\u0436\u0443\u0432\u0430\u0447\u0430\u043c\u0438 - \u0442\u043e\u043c\u0443 \u043a\u0432\u0430\u043b\u0456\u0444\u0456\u043a\u0430\u0446\u0456\u044e \u0437 \u043d\u0430\u043c\u0438 \u043e\u0442\u0440\u0438\u043c\u0430\u0442\u0438 \u0434\u0443\u0436\u0435 \u043b\u0435\u0433\u043a\u043e. \u0423\u0441\u0456 \u043d\u0430\u0448\u0456 \u043a\u0443\u0440\u0441\u0438 \u0434\u043b\u044f \u043d\u0430\u0432\u0430\u043d\u0442\u0430\u0436\u0443\u0432\u0430\u0447\u0456\u0432 \u0431\u0430\u0437\u0443\u044e\u0442\u044c\u0441\u044f \u043d\u0430 \u0434\u043e\u0441\u0432\u0456\u0434\u0456 \u043d\u0430\u0448\u0438\u0445 \u043a\u0432\u0430\u043b\u0456\u0444\u0456\u043a\u043e\u0432\u0430\u043d\u0438\u0445 \u0432\u0438\u043a\u043b\u0430\u0434\u0430\u0447\u0456\u0432 \u0442\u0430 \u0456\u043d\u0441\u0442\u0440\u0443\u043a\u0442\u043e\u0440\u0456\u0432, \u0430 \u0442\u0430\u043a\u043e\u0436 \u043d\u0430 \u043e\u0441\u0442\u0430\u043d\u043d\u0456\u0445 \u043f\u0440\u0430\u0432\u043e\u0432\u0438\u0445 \u043d\u043e\u0440\u043c\u0430\u0445. \u041a\u0443\u0440\u0441\u0438 \u043f\u0440\u043e\u0432\u043e\u0434\u044f\u0442\u044c\u0441\u044f \u043d\u0430 \u0432\u0441\u0456\u0445 \u0440\u0456\u0432\u043d\u044f\u0445, \u0442\u043e\u043c\u0443 \u0432\u0438 \u043c\u043e\u0436\u0435\u0442\u0435 \u043e\u0442\u0440\u0438\u043c\u0430\u0442\u0438 \u043b\u0456\u0446\u0435\u043d\u0437\u0456\u0457 I, II, III WJO \u043d\u0430 \u0440\u043e\u0431\u043e\u0442\u0443 \u0437 \u0431\u0443\u0434\u044c-\u044f\u043a\u0438\u043c \u0442\u0438\u043f\u043e\u043c \u043e\u0431\u043b\u0430\u0434\u043d\u0430\u043d\u043d\u044f. <\/p>\n<p>\u041d\u0430\u0432\u0447\u0430\u043d\u043d\u044f \u043d\u0430\u0432\u0430\u043d\u0442\u0430\u0436\u0443\u0432\u0430\u0447\u0430\u043c \u0432 <a href=\"https:\/\/kursy-udt.pl\/ua\/o-firmie\/\">\u0426\u0435\u043d\u0442\u0440 \u0415\u0420\u0413\u041e\u041d<\/a> \u0441\u043a\u043b\u0430\u0434\u0430\u0454\u0442\u044c\u0441\u044f \u0437 \u0442\u0435\u043e\u0440\u0435\u0442\u0438\u0447\u043d\u043e\u0457 \u0442\u0430 \u043f\u0440\u0430\u043a\u0442\u0438\u0447\u043d\u043e\u0457 \u0447\u0430\u0441\u0442\u0438\u043d. \u041f\u0456\u0434 \u0447\u0430\u0441 \u0442\u0435\u043e\u0440\u0435\u0442\u0438\u0447\u043d\u043e\u0457 \u0447\u0430\u0441\u0442\u0438\u043d\u0438 \u0432\u0438\u0441\u0432\u0456\u0442\u043b\u044e\u0454\u0442\u044c\u0441\u044f \u0456\u043d\u0444\u043e\u0440\u043c\u0430\u0446\u0456\u044f, \u043f\u043e\u0432'\u044f\u0437\u0430\u043d\u0430 \u0437 \u0431\u0443\u0434\u043e\u0432\u043e\u044e \u0442\u0430 \u043f\u0440\u0438\u043d\u0446\u0438\u043f\u0430\u043c\u0438 \u0444\u0443\u043d\u043a\u0446\u0456\u043e\u043d\u0443\u0432\u0430\u043d\u043d\u044f \u043e\u0431\u043b\u0430\u0434\u043d\u0430\u043d\u043d\u044f \u0442\u0430 \u0439\u043e\u0433\u043e \u0431\u0435\u0437\u043f\u0435\u0447\u043d\u043e\u044e \u0435\u043a\u0441\u043f\u043b\u0443\u0430\u0442\u0430\u0446\u0456\u0454\u044e \u0432\u0456\u0434\u043f\u043e\u0432\u0456\u0434\u043d\u043e \u0434\u043e \u0432\u0438\u043c\u043e\u0433 \u043d\u043e\u0440\u043c\u0430\u0442\u0438\u0432\u043d\u0438\u0445 \u0434\u043e\u043a\u0443\u043c\u0435\u043d\u0442\u0456\u0432 <a href=\"https:\/\/kursy-udt.pl\/ua\/szkolenia\/bhp-bezpieczenstwo-pracy\/prawna-ochrona-pracy\/\">\u0417\u0434\u043e\u0440\u043e\u0432&#039;\u044f \u0456 \u0431\u0435\u0437\u043f\u0435\u043a\u0430<\/a> \u0442\u0430 UDT. \u041f\u0456\u0434 \u0447\u0430\u0441 \u043f\u0440\u0430\u043a\u0442\u0438\u0447\u043d\u043e\u0457 \u0447\u0430\u0441\u0442\u0438\u043d\u0438 \u0443\u0447\u0430\u0441\u043d\u0438\u043a\u0438 \u0432\u0447\u0430\u0442\u044c\u0441\u044f \u043c\u0430\u043d\u0435\u0432\u0440\u0443\u0432\u0430\u0442\u0438 \u0442\u0435\u0445\u043d\u0456\u043a\u043e\u044e \u0442\u0430 \u0432\u0438\u043a\u043e\u043d\u0443\u0432\u0430\u0442\u0438 \u0440\u0456\u0437\u043d\u0456 \u0440\u043e\u0431\u043e\u0442\u0438. \u0412 \u043a\u0456\u043d\u0446\u0456 \u043a\u0443\u0440\u0441\u0443 \u043d\u0430\u0432\u0447\u0430\u043d\u043d\u044f \u0454 \u043c\u043e\u0436\u043b\u0438\u0432\u0456\u0441\u0442\u044c \u0441\u043a\u043b\u0430\u0441\u0442\u0438 \u0456\u0441\u043f\u0438\u0442 UDT \u0442\u0430 \u043e\u0442\u0440\u0438\u043c\u0430\u0442\u0438 \u0432\u0456\u0434\u043f\u043e\u0432\u0456\u0434\u043d\u0456 \u0434\u043e\u0437\u0432\u043e\u043b\u0438. \u0417\u0430\u0432\u0434\u044f\u043a\u0438 \u0442\u043e\u043c\u0443, \u0449\u043e \u043d\u0430\u0448\u0456 \u043d\u0430\u0432\u0447\u0430\u043b\u044c\u043d\u0456 \u043a\u0443\u0440\u0441\u0438 \u0437\u0430\u0432\u0436\u0434\u0438 \u043f\u0440\u043e\u0432\u043e\u0434\u044f\u0442\u044c\u0441\u044f \u043a\u043e\u043c\u043f\u043b\u0435\u043a\u0441\u043d\u043e \u0456 \u0437 \u0430\u043a\u0446\u0435\u043d\u0442\u043e\u043c \u043d\u0430 \u0440\u0435\u0437\u0443\u043b\u044c\u0442\u0430\u0442, \u043e\u0442\u0440\u0438\u043c\u0430\u043d\u043d\u044f \u0434\u043e\u0437\u0432\u043e\u043b\u0456\u0432 \u0437\u043d\u0430\u0447\u043d\u043e \u0441\u043f\u0440\u043e\u0449\u0443\u0454\u0442\u044c\u0441\u044f!<\/p>\n<p><strong>\u0437\u0430\u0441\u0442\u043e\u0441\u0443\u0432\u0430\u043d\u043d\u044f<\/strong><br \/>\n\u0410\u0432\u0442\u043e\u043d\u0430\u0432\u0430\u043d\u0442\u0430\u0436\u0443\u0432\u0430\u0447\u0456 \u0430\u0431\u043e \u0456\u043d\u0448\u0435 <span class=\"linkwartykule\"><a href=\"\/ua\/%d0%bd%d0%b0%d0%b2%d1%87%d0%b0%d0%bd%d0%bd%d1%8f\/%d0%b2%d0%b8%d0%bb%d0%ba%d0%be%d0%b2%d1%96-%d0%bd%d0%b0%d0%b2%d0%b0%d0%bd%d1%82%d0%b0%d0%b6%d1%83%d0%b2%d0%b0%d1%87%d1%96\/\">\u0432\u0438\u043b\u043a\u043e\u0432\u0456 \u043d\u0430\u0432\u0430\u043d\u0442\u0430\u0436\u0443\u0432\u0430\u0447\u0456<\/a><\/span> - \u0446\u0435 \u043f\u0440\u0438\u0441\u0442\u0440\u043e\u0457 \u0434\u043b\u044f \u043f\u0435\u0440\u0435\u043c\u0456\u0449\u0435\u043d\u043d\u044f \u043c\u0430\u0442\u0435\u0440\u0456\u0430\u043b\u0456\u0432, \u044f\u043a\u0456 \u043c\u0430\u044e\u0442\u044c \u0448\u0438\u0440\u043e\u043a\u0438\u0439 \u0441\u043f\u0435\u043a\u0442\u0440 \u0437\u0430\u0441\u0442\u043e\u0441\u0443\u0432\u0430\u043d\u043d\u044f. \u0412\u043e\u043d\u0438 \u0432\u0438\u043a\u043e\u0440\u0438\u0441\u0442\u043e\u0432\u0443\u044e\u0442\u044c\u0441\u044f \u0434\u043b\u044f \u0442\u0440\u0430\u043d\u0441\u043f\u043e\u0440\u0442\u0443\u0432\u0430\u043d\u043d\u044f \u0432\u0430\u043d\u0442\u0430\u0436\u0456\u0432 \u043f\u0435\u0440\u0435\u0432\u0430\u0436\u043d\u043e \u043d\u0430 \u0434\u0435\u0440\u0435\u0432&#039;\u044f\u043d\u0438\u0445 \u043f\u0456\u0434\u0434\u043e\u043d\u0430\u0445 \u043d\u0430 \u0441\u043a\u043b\u0430\u0434\u0430\u0445, \u0443 \u0432\u0438\u0440\u043e\u0431\u043d\u0438\u0447\u0438\u0445 \u0446\u0435\u0445\u0430\u0445, \u043c\u0430\u0433\u0430\u0437\u0438\u043d\u0430\u0445 \u0456 \u043f\u043e\u0440\u0442\u0430\u0445. <\/p>\n<p>\u041f\u043e\u0434\u0456\u043b \u0432\u0456\u0437\u043a\u0456\u0432 \u0437\u0434\u0456\u0439\u0441\u043d\u044e\u0454\u0442\u044c\u0441\u044f \u0437\u0430 \u043a\u0430\u0442\u0435\u0433\u043e\u0440\u0456\u044f\u043c\u0438 <a href=\"https:\/\/kursy-udt.pl\/ua\/uprawnienia-udt\/kategorie-uprawnien-2\/\">\u041a\u0432\u0430\u043b\u0456\u0444\u0456\u043a\u0430\u0446\u0456\u044f UDT<\/a>. \u0421\u0435\u0440\u0435\u0434 \u043d\u0438\u0445 \u043c\u0438 \u0432\u0438\u0434\u0456\u043b\u044f\u0454\u043c\u043e \u043f\u0440\u0438\u0441\u0442\u0440\u043e\u0457 \u0437 \u0440\u0456\u0437\u043d\u0438\u043c\u0438 \u0442\u0438\u043f\u0430\u043c\u0438 \u043f\u0440\u0438\u0432\u043e\u0434\u0456\u0432, \u0443 \u0442\u043e\u043c\u0443 \u0447\u0438\u0441\u043b\u0456: \u0435\u043b\u0435\u043a\u0442\u0440\u0438\u0447\u043d\u0456, \u0430\u043a\u0443\u043c\u0443\u043b\u044f\u0442\u043e\u0440\u043d\u0456, \u0431\u0435\u043d\u0437\u0438\u043d\u043e\u0432\u0456 \u0442\u0430 \u0434\u0438\u0437\u0435\u043b\u044c\u043d\u0456. \u0417\u0430 \u0445\u0430\u0440\u0430\u043a\u0442\u0435\u0440\u043e\u043c \u0435\u043a\u0441\u043f\u043b\u0443\u0430\u0442\u0430\u0446\u0456\u0457 \u043c\u0438 \u0440\u043e\u0437\u0440\u0456\u0437\u043d\u044f\u0454\u043c\u043e \u0430\u0432\u0442\u043e\u043d\u0430\u0432\u0430\u043d\u0442\u0430\u0436\u0443\u0432\u0430\u0447\u0456, \u0430\u0432\u0442\u043e\u043d\u0430\u0432\u0430\u043d\u0442\u0430\u0436\u0443\u0432\u0430\u0447\u0456, \u0442\u044f\u0433\u0430\u0447\u0456, \u043d\u0430\u0432\u0430\u043d\u0442\u0430\u0436\u0443\u0432\u0430\u0447\u0456 \u0442\u0430 \u0441\u043f\u0435\u0446\u0456\u0430\u043b\u044c\u043d\u0456 \u0432\u0456\u0437\u043a\u0438. \u0417\u0430 \u0441\u043f\u043e\u0441\u043e\u0431\u043e\u043c \u043a\u0435\u0440\u0443\u0432\u0430\u043d\u043d\u044f \u043f\u0440\u0438\u0441\u0442\u0440\u043e\u0457 \u043f\u043e\u0434\u0456\u043b\u044f\u044e\u0442\u044c\u0441\u044f \u043d\u0430 \u043a\u0435\u0440\u043e\u0432\u0430\u043d\u0456, \u043f\u043b\u0430\u0442\u0444\u043e\u0440\u043c\u043d\u0456, \u0434\u0438\u0441\u0442\u0430\u043d\u0446\u0456\u0439\u043d\u0456 \u0442\u0430 \u043e\u0431\u043b\u0430\u0434\u043d\u0430\u043d\u0456 \u0441\u0438\u0434\u0456\u043d\u043d\u044f\u043c. <\/p>\n<p><strong>\u0422\u0438\u043f\u0438 \u0434\u043e\u0437\u0432\u043e\u043b\u0456\u0432<\/strong><br \/>\nUDT \u0440\u043e\u0437\u0440\u0456\u0437\u043d\u044f\u0454 3 \u043a\u0430\u0442\u0435\u0433\u043e\u0440\u0456\u0457 \u0434\u043e\u0437\u0432\u043e\u043b\u0456\u0432, \u043d\u0435\u043e\u0431\u0445\u0456\u0434\u043d\u0438\u0445 \u0434\u043b\u044f \u0440\u043e\u0431\u043e\u0442\u0438 \u0446\u0438\u0445 \u043f\u0440\u0438\u0441\u0442\u0440\u043e\u0457\u0432:<\/p>\n<ul>\n<li>\n<strong>\u041a\u0430\u0442\u0435\u0433\u043e\u0440\u0456\u044f I WJO:<\/strong><br \/>\n- \u0430\u0432\u0442\u043e\u043d\u0430\u0432\u0430\u043d\u0442\u0430\u0436\u0443\u0432\u0430\u0447\u0456<br \/>\n- \u0441\u043f\u0435\u0446\u0456\u0430\u043b\u0456\u0437\u043e\u0432\u0430\u043d\u0456 \u0430\u0432\u0442\u043e\u043d\u0430\u0432\u0430\u043d\u0442\u0430\u0436\u0443\u0432\u0430\u0447\u0456 - \u0437 \u043f\u0456\u0434\u0439\u043e\u043c\u043d\u0438\u043c \u043f\u0440\u0438\u0432\u043e\u0434\u043e\u043c \u0456\u0437 \u0437\u0430\u0432\u0430\u043d\u0442\u0430\u0436\u0435\u043d\u043d\u044f\u043c \u0456 \u0437\u0456 \u0437\u043c\u0456\u043d\u043d\u0438\u043c \u0432\u0438\u043b\u044c\u043e\u0442\u043e\u043c\n<\/li>\n<li>\n<strong>\u041a\u0430\u0442\u0435\u0433\u043e\u0440\u0456\u044f II WJO:<\/strong><br \/>\n- \u0430\u0432\u0442\u043e\u043d\u0430\u0432\u0430\u043d\u0442\u0430\u0436\u0443\u0432\u0430\u0447\u0456, \u043a\u0440\u0456\u043c \u0441\u043f\u0435\u0446\u0456\u0430\u043b\u0456\u0437\u043e\u0432\u0430\u043d\u0438\u0445\n<\/li>\n<li>\n<strong>\u041a\u0430\u0442\u0435\u0433\u043e\u0440\u0456\u044f III WJO:<\/strong><br \/>\n- \u043a\u0435\u0440\u043e\u0432\u0430\u043d\u0456 \u0442\u0430 \u0434\u0438\u0441\u0442\u0430\u043d\u0446\u0456\u0439\u043d\u043e \u043a\u0435\u0440\u043e\u0432\u0430\u043d\u0456 \u043d\u0430\u0432\u0430\u043d\u0442\u0430\u0436\u0443\u0432\u0430\u0447\u0456\n<\/li>\n<\/ul>\n<p><strong>\u041c\u0435\u0442\u0430 \u0442\u0440\u0435\u043d\u0456\u043d\u0433\u0443<\/strong><br \/>\n\u0422\u0440\u0435\u043d\u0456\u043d\u0433\u0438 \u0432 \u043d\u0430\u0448\u0456\u0439 \u043f\u0440\u043e\u043f\u043e\u0437\u0438\u0446\u0456\u0457 \u043f\u0440\u0438\u0437\u043d\u0430\u0447\u0435\u043d\u0456 \u0434\u043b\u044f \u043e\u0441\u0456\u0431 \u0432\u0456\u043a\u043e\u043c \u0432\u0456\u0434 18 \u0440\u043e\u043a\u0456\u0432, \u044f\u043a\u0456 \u043d\u0435 \u043c\u0430\u044e\u0442\u044c \u043c\u0435\u0434\u0438\u0447\u043d\u0438\u0445 \u043f\u0440\u043e\u0442\u0438\u043f\u043e\u043a\u0430\u0437\u0430\u043d\u044c \u0434\u043b\u044f \u0432\u0438\u043a\u043e\u043d\u0430\u043d\u043d\u044f \u043f\u0440\u043e\u0444\u0435\u0441\u0456\u0457 \u043e\u043f\u0435\u0440\u0430\u0442\u043e\u0440\u0430 \u0442\u0430 \u0437\u0430\u043a\u0456\u043d\u0447\u0438\u043b\u0438 \u043f\u0440\u0438\u043d\u0430\u0439\u043c\u043d\u0456 \u043f\u043e\u0447\u0430\u0442\u043a\u043e\u0432\u0443 \u0448\u043a\u043e\u043b\u0443.<\/p>\n<p>\u0412 \u0434\u0430\u043d\u0438\u0439 \u0447\u0430\u0441 \u0431\u0430\u0433\u0430\u0442\u043e \u0440\u043e\u0431\u043e\u0447\u0438\u0445 \u043c\u0456\u0441\u0446\u044c \u0448\u0443\u043a\u0430\u044e\u0442\u044c \u043f\u0440\u0430\u0446\u0456\u0432\u043d\u0438\u043a\u0456\u0432, \u044f\u043a\u0456 \u043c\u0430\u044e\u0442\u044c \u043a\u0432\u0430\u043b\u0456\u0444\u0456\u043a\u0430\u0446\u0456\u044e \u0434\u043b\u044f \u043d\u0430\u0432\u0430\u043d\u0442\u0430\u0436\u0443\u0432\u0430\u0447\u0456\u0432. \u0422\u043e\u043c\u0443 \u0442\u0440\u0435\u043d\u0456\u043d\u0433\u0438, \u044f\u043a\u0456 \u043f\u0440\u043e\u0432\u043e\u0434\u044f\u0442\u044c\u0441\u044f \u0432 \u043d\u0430\u0448\u043e\u043c\u0443 \u0426\u0435\u043d\u0442\u0440\u0456, \u0431\u0443\u0434\u0443\u0442\u044c \u0434\u0443\u0436\u0435 \u0433\u0430\u0440\u043d\u043e\u044e \u0456\u043d\u0432\u0435\u0441\u0442\u0438\u0446\u0456\u0454\u044e, \u044f\u043a\u0430 \u0434\u043e\u043f\u043e\u043c\u043e\u0436\u0435 \u0437\u043d\u0430\u0439\u0442\u0438 \u0440\u043e\u0431\u043e\u0442\u0443. \u0422\u0430\u043a\u043e\u0436 \u043c\u0438 \u043e\u0440\u0433\u0430\u043d\u0456\u0437\u043e\u0432\u0443\u0454\u043c\u043e \u0442\u0440\u0435\u043d\u0456\u043d\u0433\u0438 \u0434\u043b\u044f \u0433\u0440\u0443\u043f \u043f\u0440\u0430\u0446\u0456\u0432\u043d\u0438\u043a\u0456\u0432 \u0437\u0430 \u043d\u0430\u043f\u0440\u0430\u0432\u043b\u0435\u043d\u043d\u044f\u043c \u0440\u043e\u0431\u043e\u0442\u043e\u0434\u0430\u0432\u0446\u044f. \u041c\u0438 \u043c\u043e\u0436\u0435\u043c\u043e \u0440\u0435\u0430\u043b\u0456\u0437\u0443\u0432\u0430\u0442\u0438 \u0457\u0445 \u0443 \u0437\u0440\u0443\u0447\u043d\u0438\u0439 \u0447\u0430\u0441 \u0456 \u043c\u0456\u0441\u0446\u0435.<\/p>\n<p>\u0417\u0430\u043f\u0440\u043e\u0448\u0443\u0454\u043c\u043e \u0412\u0430\u0441 \u0441\u043a\u043e\u0440\u0438\u0441\u0442\u0430\u0442\u0438\u0441\u044f \u043f\u0440\u043e\u043f\u043e\u0437\u0438\u0446\u0456\u0454\u044e!<\/p><\/div>\n<div class=\"button_styl\" style=\"float:right; padding-left:15px; padding-bottom:8px; margin-bottom:5px;\"><a href=\"https:\/\/platformaedukacji.pl\/login\/signup.php\" rel=\"nofollow\" target=\"_blank\" class=\"myButton myButton_maly\"><font color=\"white\">\u0417\u0430\u043f\u0438\u0448\u0456\u0442\u044c\u0441\u044f \u043d\u0430 \u043d\u0430\u0432\u0447\u0430\u043d\u043d\u044f<\/font><\/a><\/div>","protected":false},"excerpt":{"rendered":"<p>Zapraszamy na kurs na w\u00f3zki jezdniowe podno\u015bnikowe do O\u015brodka Szkolenia Kadr ERGON! Uczestnicy naszych szkole\u0144 zawsze kompleksowo poznaj\u0105 w\u00f3zki jezdniowe podno\u015bnikowe \u2013 uprawnienia z nami s\u0105 w zwi\u0105zku z tym bardzo \u0142atwe do uzyskania. Wszystkie nasze kursy na w\u00f3zki jezdniowe podno\u015bnikowe bazuj\u0105 na do\u015bwiadczeniu naszych wykwalifikowanych wyk\u0142adowc\u00f3w i instruktor\u00f3w oraz na najnowszych przepisach prawnych. Kursy s\u0105 prowadzone na wszystkich poziomach, dlatego mo\u017cna dzi\u0119ki nim uzyska\u0107 uprawnienia I, II, III WJO do obs\u0142ugi ka\u017cdego typu urz\u0105dze\u0144. Szkolenie na w\u00f3zki jezdniowe podno\u015bnikowe w O\u015brodku ERGON jest podzielone na cz\u0119\u015b\u0107 teoretyczn\u0105 i praktyczn\u0105. Podczas cz\u0119\u015bci teoretycznej poruszane s\u0105 informacje zwi\u0105zane z budow\u0105 i zasadami funkcjonowania urz\u0105dze\u0144 oraz bezpiecznym operowaniem nimi zgodnie z przepisami BHP oraz UDT. W cz\u0119\u015bci praktycznej uczestnicy ucz\u0105 si\u0119 manewrowania urz\u0105dzeniem i wykonywania r\u00f3\u017cnych prac. Po zako\u0144czeniu szkolenia mo\u017cna podej\u015b\u0107 do egzaminu Urz\u0119du Dozoru Technicznego i otrzyma\u0107 uprawnienia. Dzi\u0119ki temu, \u017ce nasze szkolenia zawsze s\u0105 prowadzone kompleksowo i z naciskiem na efekty, otrzymanie uprawnie\u0144 jest znacznie u\u0142atwione! Zastosowanie W\u00f3zki jezdniowe podno\u015bnikowe czy te\u017c inaczej w\u00f3zki wid\u0142owe s\u0105 urz\u0105dzeniami transportu bliskiego, kt\u00f3re maj\u0105 wszechstronne zastosowanie. S\u0105 one u\u017cywane do transportu towar\u00f3w g\u0142\u00f3wnie na paletach drewnianych w magazynach, halach produkcyjnych, sklepach czy portach. Podzia\u0142 w\u00f3zk\u00f3w jest zgodny z kategoriami uprawnie\u0144 UDT. W ich ramach wyr\u00f3\u017cniamy urz\u0105dzenia o r\u00f3\u017cnych typach nap\u0119d\u00f3w, w tym: z nap\u0119dem elektrycznym, akumulatorowym, benzynowym i silnikiem diesla. Pod k\u0105tem eksploatacji wyr\u00f3\u017cniamy w\u00f3zki jezdniowe podno\u015bnikowe, unosz\u0105ce, ci\u0105gnikowe, na\u0142adowne oraz specjalne. Pod wzgl\u0119dem sposobu kierowania urz\u0105dzenia dzieli si\u0119 na prowadzone, podestowe, zdalnie sterowane i wyposa\u017cone w fotel. Rodzaje uprawnie\u0144 UDT wyr\u00f3\u017cnia 3 kategorie uprawnie\u0144 niezb\u0119dnych do [&hellip;]<\/p>\n","protected":false},"author":1,"featured_media":0,"parent":0,"menu_order":0,"comment_status":"closed","ping_status":"closed","template":"","meta":{"sfsi_plus_gutenberg_text_before_share":"","sfsi_plus_gutenberg_show_text_before_share":"","sfsi_plus_gutenberg_icon_type":"","sfsi_plus_gutenberg_icon_alignemt":"","sfsi_plus_gutenburg_max_per_row":"","footnotes":""},"class_list":["post-56","page","type-page","status-publish","hentry","has_thumb"],"aioseo_notices":[],"_links":{"self":[{"href":"https:\/\/kursy-udt.pl\/ua\/wp-json\/wp\/v2\/pages\/56","targetHints":{"allow":["GET"]}}],"collection":[{"href":"https:\/\/kursy-udt.pl\/ua\/wp-json\/wp\/v2\/pages"}],"about":[{"href":"https:\/\/kursy-udt.pl\/ua\/wp-json\/wp\/v2\/types\/page"}],"author":[{"embeddable":true,"href":"https:\/\/kursy-udt.pl\/ua\/wp-json\/wp\/v2\/users\/1"}],"replies":[{"embeddable":true,"href":"https:\/\/kursy-udt.pl\/ua\/wp-json\/wp\/v2\/comments?post=56"}],"version-history":[{"count":22,"href":"https:\/\/kursy-udt.pl\/ua\/wp-json\/wp\/v2\/pages\/56\/revisions"}],"predecessor-version":[{"id":1268,"href":"https:\/\/kursy-udt.pl\/ua\/wp-json\/wp\/v2\/pages\/56\/revisions\/1268"}],"wp:attachment":[{"href":"https:\/\/kursy-udt.pl\/ua\/wp-json\/wp\/v2\/media?parent=56"}],"curies":[{"name":"wp","href":"https:\/\/api.w.org\/{rel}","templated":true}]}}