{"id":5405,"date":"2023-03-21T12:54:56","date_gmt":"2023-03-21T11:54:56","guid":{"rendered":"https:\/\/kursy-udt.pl\/?page_id=5405"},"modified":"2023-03-21T13:40:24","modified_gmt":"2023-03-21T12:40:24","slug":"%d0%bf%d1%80%d0%be%d0%b4%d0%b0%d0%b6","status":"publish","type":"page","link":"https:\/\/kursy-udt.pl\/ua\/uslugi\/sprzedaz\/","title":{"rendered":"\u041f\u0420\u041e\u0414\u0410\u0416 \u041d\u041e\u0412\u041e\u0413\u041e \u0422\u0410 \u0412\u0416\u0418\u0412\u0410\u041d\u041e\u0413\u041e \u041e\u0411\u041b\u0410\u0414\u041d\u0410\u041d\u041d\u042f \u0423\u0414\u0422"},"content":{"rendered":"\n<h2 class=\"wp-block-heading\">Punkt sprzeda\u017cy Urz\u0105dze\u0144 Transportu Bliskiego&nbsp;<\/h2>\n\n\n\n<p>Zajmujemy si\u0119 sprzeda\u017c\u0105 zar\u00f3wno nowego, jak i u\u017cywanego sprz\u0119tu UDT. Specjalizujemy si\u0119 g\u0142\u00f3wnie w urz\u0105dzeniach, kt\u00f3re Urz\u0105d Dozoru Technicznego klasyfikuje jako nale\u017c\u0105ce do kategorii transportu bliskiego. W naszej ofercie znajduje si\u0119 bogaty asortyment \u015bwiatowej klasy marek.&nbsp;&nbsp;<\/p>\n\n\n<div class=\"wp-block-image\">\n<figure class=\"alignleft size-large is-resized\"><a href=\"https:\/\/kursy-udt.pl\/wp-content\/uploads\/2023\/03\/screen_2x-2023-03-08T122410.655.jpg\"><img loading=\"lazy\" decoding=\"async\" src=\"https:\/\/kursy-udt.pl\/wp-content\/uploads\/2023\/03\/screen_2x-2023-03-08T122410.655-1024x683.jpg\" alt=\"w\u00f3zki wid\u0142owe na zewn\u0105trz\" class=\"wp-image-5414\" width=\"512\" height=\"342\" srcset=\"https:\/\/kursy-udt.pl\/wp-content\/uploads\/2023\/03\/screen_2x-2023-03-08T122410.655-1024x683.jpg 1024w, https:\/\/kursy-udt.pl\/wp-content\/uploads\/2023\/03\/screen_2x-2023-03-08T122410.655-300x200.jpg 300w, https:\/\/kursy-udt.pl\/wp-content\/uploads\/2023\/03\/screen_2x-2023-03-08T122410.655-768x512.jpg 768w, https:\/\/kursy-udt.pl\/wp-content\/uploads\/2023\/03\/screen_2x-2023-03-08T122410.655-1536x1024.jpg 1536w, https:\/\/kursy-udt.pl\/wp-content\/uploads\/2023\/03\/screen_2x-2023-03-08T122410.655-18x12.jpg 18w, https:\/\/kursy-udt.pl\/wp-content\/uploads\/2023\/03\/screen_2x-2023-03-08T122410.655-624x416.jpg 624w, https:\/\/kursy-udt.pl\/wp-content\/uploads\/2023\/03\/screen_2x-2023-03-08T122410.655.jpg 1600w\" sizes=\"auto, (max-width: 512px) 100vw, 512px\" \/><\/a><\/figure>\n<\/div>\n\n\n<h2 class=\"wp-block-heading\">Urz\u0105dzenia UDT \u2013 czym s\u0105?&nbsp;<\/h2>\n\n\n\n<p>Maszyny UDT \u2013 cz\u0119sto nazywane powszechnie \u201csprz\u0119tem ci\u0119\u017ckim\u201d to w du\u017cej mierze urz\u0105dzenia wykorzystywane przy specjalistycznych czynno\u015bciach zwi\u0105zanych z transportem lub pracami magazynowymi i za\u0142adunkowymi. Skr\u00f3t UDT rozwija si\u0119 jako Urz\u0105d Dozoru Technicznego. Jest to instytucja, sprawuj\u0105ca piecz\u0119 nad wszystkimi urz\u0105dzeniami zaliczanymi do wyr\u00f3\u017cnionych przez ni\u0105 kategorii. Zajmuje si\u0119 rejestracj\u0105 urz\u0105dze\u0144, przeprowadzaniem egzamin\u00f3w z obs\u0142ugi i pilnowaniem wykonywania okresowych kontroli i audyt\u00f3w.&nbsp;<\/p>\n\n\n\n<h2 class=\"wp-block-heading\">Kategorie UDT&nbsp;<\/h2>\n\n\n\n<p>Sprz\u0119t UDT dzieli si\u0119 na cztery kategorie:&nbsp;<\/p>\n\n\n\n<ul class=\"wp-block-list\">\n<li>urz\u0105dzenia do odzyskiwania par paliwa,&nbsp;<\/li>\n\n\n\n<li>urz\u0105dzenia bezci\u015bnieniowe,&nbsp;<\/li>\n\n\n\n<li>urz\u0105dzenia transportu bliskiego,&nbsp;<\/li>\n\n\n\n<li>urz\u0105dzenia ci\u015bnieniowe.&nbsp;<\/li>\n<\/ul>\n\n\n\n<h2 class=\"wp-block-heading\">Kategoria urz\u0105dze\u0144 transportu bliskiego&nbsp;<\/h2>\n\n\n\n<p>Nasza firma wykonuje g\u0142\u00f3wnie us\u0142ugi zwi\u0105zane ze sprz\u0119tem klasyfikowanym jako transport bliski. Zalicza si\u0119 do nich urz\u0105dzenia s\u0142u\u017c\u0105ce g\u0142\u00f3wnie do przenoszenia na kr\u00f3tkich dystansach \u0142adunk\u00f3w takich, jak materia\u0142y, sprz\u0119t czy pracownicy w miejscach o utrudnionym dost\u0119pie np. po\u0142o\u017conych na wysoko\u015bciach. <strong>Te urz\u0105dzenia, to:&nbsp;&nbsp;<\/strong><\/p>\n\n\n\n<ul class=\"wp-block-list\">\n<li>suwnice,&nbsp;<\/li>\n\n\n\n<li>\u017curawie HDS,&nbsp;<\/li>\n\n\n\n<li>podesty ruchome (m.in. podno\u015bniki no\u017cycowe i koszowe),&nbsp;<\/li>\n\n\n\n<li>windy przemys\u0142owe,&nbsp;<\/li>\n\n\n\n<li>w\u00f3zki wid\u0142owe,&nbsp;<\/li>\n\n\n\n<li>\u0142adowarki teleskopowe.&nbsp;<\/li>\n<\/ul>\n\n\n<div class=\"wp-block-image\">\n<figure class=\"alignright size-large is-resized\"><a href=\"https:\/\/kursy-udt.pl\/wp-content\/uploads\/2023\/03\/screen_2x-2023-03-08T122955.941.jpg\"><img loading=\"lazy\" decoding=\"async\" src=\"https:\/\/kursy-udt.pl\/wp-content\/uploads\/2023\/03\/screen_2x-2023-03-08T122955.941-1024x683.jpg\" alt=\"podno\u015bnik no\u017cycowy w magazynie\" class=\"wp-image-5415\" width=\"512\" height=\"342\" srcset=\"https:\/\/kursy-udt.pl\/wp-content\/uploads\/2023\/03\/screen_2x-2023-03-08T122955.941-1024x683.jpg 1024w, https:\/\/kursy-udt.pl\/wp-content\/uploads\/2023\/03\/screen_2x-2023-03-08T122955.941-300x200.jpg 300w, https:\/\/kursy-udt.pl\/wp-content\/uploads\/2023\/03\/screen_2x-2023-03-08T122955.941-768x512.jpg 768w, https:\/\/kursy-udt.pl\/wp-content\/uploads\/2023\/03\/screen_2x-2023-03-08T122955.941-1536x1024.jpg 1536w, https:\/\/kursy-udt.pl\/wp-content\/uploads\/2023\/03\/screen_2x-2023-03-08T122955.941-18x12.jpg 18w, https:\/\/kursy-udt.pl\/wp-content\/uploads\/2023\/03\/screen_2x-2023-03-08T122955.941-624x416.jpg 624w, https:\/\/kursy-udt.pl\/wp-content\/uploads\/2023\/03\/screen_2x-2023-03-08T122955.941.jpg 1600w\" sizes=\"auto, (max-width: 512px) 100vw, 512px\" \/><\/a><\/figure>\n<\/div>\n\n\n<h2 class=\"wp-block-heading\">Oferta sprzeda\u017cowa&nbsp;<\/h2>\n\n\n\n<p>Oferujemy sprz\u0119t nowy i u\u017cywany topowych producent\u00f3w. Nowe urz\u0105dzenia zawsze dostarczamy w idealnym stanie, gotowe od razu do u\u017cytku. Niekt\u00f3rzy mog\u0105 jednak nie widzie\u0107 potrzeby zakupu najnowszych modeli. Dla takich klient\u00f3w zapewniamy mo\u017cliwo\u015b\u0107 dobrania urz\u0105dzenia ju\u017c u\u017cywanego. Przed udost\u0119pnieniem produkt\u00f3w tego rodzaju, zawsze sprawdzamy, czy nadaj\u0105 si\u0119 do dalszej eksploatacji. W razie potrzeby dokonujemy ich modernizacji tak, aby by\u0142y sprawdzi\u0142y si\u0119 w dalszej pracy. Przed zakupem zach\u0119camy tak\u017ce do skorzystania z pomocy naszych doradc\u00f3w, kt\u00f3rzy dobior\u0105 sprz\u0119t odpowiednio do potrzeb klienta. W sprzeda\u017cy znajduj\u0105 si\u0119 tak\u017ce cz\u0119\u015bci zamienne. W miar\u0119 mo\u017cliwo\u015bci wypo\u017cyczamy tak\u017ce cz\u0119\u015b\u0107 urz\u0105dze\u0144.&nbsp;&nbsp;<\/p>\n\n\n\n<p><\/p>\n\n\n\n<p><strong>Producenci w\u00f3zk\u00f3w wid\u0142owych:&nbsp;<\/strong><\/p>\n\n\n\n<ul class=\"trzykolumny wp-block-list\">\n<li>Jungheinrich,&nbsp;&nbsp;<\/li>\n\n\n\n<li>Toyota,&nbsp;&nbsp;<\/li>\n\n\n\n<li>BT,&nbsp;&nbsp;<\/li>\n\n\n\n<li>Still,&nbsp;&nbsp;<\/li>\n\n\n\n<li>Linde,&nbsp;&nbsp;<\/li>\n\n\n\n<li>Hako,&nbsp;&nbsp;<\/li>\n\n\n\n<li>Hyster,&nbsp;&nbsp;<\/li>\n\n\n\n<li>Yale,&nbsp;&nbsp;<\/li>\n\n\n\n<li>OMV,&nbsp;<\/li>\n\n\n\n<li>Taski,&nbsp;<\/li>\n\n\n\n<li>Manitou,&nbsp;&nbsp;<\/li>\n\n\n\n<li>Clark,&nbsp;<\/li>\n\n\n\n<li>HC,&nbsp;<\/li>\n\n\n\n<li>Nissan,&nbsp;&nbsp;<\/li>\n\n\n\n<li>Komatsu,&nbsp;&nbsp;<\/li>\n\n\n\n<li>Mitsubishi,&nbsp;&nbsp;<\/li>\n\n\n\n<li>OMG,&nbsp;<\/li>\n\n\n\n<li>Bauman,&nbsp;&nbsp;<\/li>\n\n\n\n<li>Hyundai.&nbsp;<\/li>\n<\/ul>\n\n\n\n<p><strong>Producenci podest\u00f3w ruchomych:&nbsp;<\/strong><\/p>\n\n\n\n<ul class=\"trzykolumny wp-block-list\">\n<li>Alp-Lift,&nbsp;&nbsp;&nbsp;&nbsp;<\/li>\n\n\n\n<li>Bocker,&nbsp;&nbsp;&nbsp;&nbsp;<\/li>\n\n\n\n<li>Lionlift,&nbsp;&nbsp;&nbsp;&nbsp;&nbsp;<\/li>\n\n\n\n<li>Omme,&nbsp;&nbsp;&nbsp;&nbsp;<\/li>\n\n\n\n<li>Snorkel,&nbsp;&nbsp;&nbsp;&nbsp;<\/li>\n\n\n\n<li>Cella,&nbsp;&nbsp;&nbsp;&nbsp;&nbsp;<\/li>\n\n\n\n<li>CTE,&nbsp;&nbsp;&nbsp;&nbsp;&nbsp;<\/li>\n\n\n\n<li>Custers,&nbsp;&nbsp;&nbsp;&nbsp;&nbsp;<\/li>\n\n\n\n<li>Denka,&nbsp;&nbsp;&nbsp;&nbsp;<\/li>\n\n\n\n<li>Dino Lift,&nbsp;&nbsp;&nbsp;&nbsp;&nbsp;<\/li>\n\n\n\n<li>Euro Access,&nbsp;&nbsp;&nbsp;&nbsp;<\/li>\n\n\n\n<li>Eurozoom,&nbsp;&nbsp;&nbsp;&nbsp;&nbsp;<\/li>\n\n\n\n<li>France Elevateur,&nbsp;&nbsp;&nbsp;&nbsp;&nbsp;<\/li>\n\n\n\n<li>Genie,&nbsp;&nbsp;<\/li>\n\n\n\n<li>Steinweg,&nbsp;&nbsp;&nbsp;&nbsp;&nbsp;<\/li>\n\n\n\n<li>Bison,&nbsp;&nbsp;&nbsp;&nbsp;&nbsp;<\/li>\n\n\n\n<li>Bizzocchi,&nbsp;&nbsp;&nbsp;&nbsp;<\/li>\n\n\n\n<li>Bronto,&nbsp;&nbsp;&nbsp;<\/li>\n\n\n\n<li>BST,&nbsp;&nbsp;&nbsp;&nbsp;&nbsp;&nbsp;<\/li>\n\n\n\n<li>Grove,&nbsp;&nbsp;&nbsp;&nbsp;&nbsp;<\/li>\n\n\n\n<li>GSL,&nbsp;&nbsp;&nbsp;&nbsp;&nbsp;<\/li>\n\n\n\n<li>Aerial,&nbsp;&nbsp;&nbsp;&nbsp;<\/li>\n\n\n\n<li>Aichi,&nbsp;&nbsp;&nbsp;&nbsp;&nbsp;<\/li>\n\n\n\n<li>Basket,&nbsp;<\/li>\n\n\n\n<li>JLG,&nbsp;&nbsp;&nbsp;&nbsp;&nbsp;<\/li>\n\n\n\n<li>Manitou,&nbsp;&nbsp;&nbsp;&nbsp;<\/li>\n\n\n\n<li>Marklift,&nbsp;&nbsp;&nbsp;&nbsp;&nbsp;<\/li>\n\n\n\n<li>Matilsa,&nbsp;&nbsp;&nbsp;&nbsp;&nbsp;<\/li>\n\n\n\n<li>Maxlift&nbsp;&nbsp;&nbsp;&nbsp;&nbsp;<\/li>\n\n\n\n<li>MEC,&nbsp;&nbsp;&nbsp;&nbsp;<\/li>\n\n\n\n<li>Moog,&nbsp;&nbsp;&nbsp;&nbsp;<\/li>\n\n\n\n<li>Niftylift,&nbsp;&nbsp;&nbsp;&nbsp;&nbsp;<\/li>\n\n\n\n<li>Oil &amp; Steel,&nbsp;&nbsp;&nbsp;&nbsp;&nbsp;<\/li>\n\n\n\n<li>Pagliero Multitel,&nbsp;&nbsp;&nbsp;&nbsp;<\/li>\n\n\n\n<li>Palazzani,&nbsp;&nbsp;&nbsp;&nbsp;&nbsp;<\/li>\n\n\n\n<li>Paus,&nbsp;&nbsp;&nbsp;&nbsp;&nbsp;<\/li>\n\n\n\n<li>RAM,&nbsp;<\/li>\n\n\n\n<li>GSR,&nbsp;&nbsp;&nbsp;&nbsp;&nbsp;<\/li>\n\n\n\n<li>Haulotte,&nbsp;&nbsp;&nbsp;&nbsp;&nbsp;<\/li>\n\n\n\n<li>Tecchio,&nbsp;&nbsp;&nbsp;&nbsp;&nbsp;<\/li>\n\n\n\n<li>Terex,&nbsp;&nbsp;&nbsp;&nbsp;&nbsp;<\/li>\n\n\n\n<li>Teupen,&nbsp;&nbsp;&nbsp;&nbsp;&nbsp;<\/li>\n\n\n\n<li>TKD,&nbsp;&nbsp;&nbsp;&nbsp;&nbsp;<\/li>\n\n\n\n<li>Topper,&nbsp;&nbsp;&nbsp;&nbsp;<\/li>\n\n\n\n<li>Toucan,&nbsp;&nbsp;&nbsp;&nbsp;<\/li>\n\n\n\n<li>UpRight,&nbsp;<\/li>\n\n\n\n<li>Holland lift,&nbsp;&nbsp;&nbsp;<\/li>\n\n\n\n<li>Hunter,&nbsp;&nbsp;&nbsp;&nbsp;<\/li>\n\n\n\n<li>Isoli,&nbsp;&nbsp;&nbsp;&nbsp;&nbsp;<\/li>\n\n\n\n<li>Italmec,&nbsp;&nbsp;&nbsp;&nbsp;&nbsp;<\/li>\n\n\n\n<li>Iteco,&nbsp;&nbsp;&nbsp;&nbsp;&nbsp;&nbsp;&nbsp;&nbsp;<\/li>\n\n\n\n<li>Riffaud,&nbsp;&nbsp;&nbsp;&nbsp;<\/li>\n\n\n\n<li>Ruthmann,&nbsp;&nbsp;&nbsp;&nbsp;&nbsp;<\/li>\n\n\n\n<li>Simon,&nbsp;&nbsp;&nbsp;&nbsp;&nbsp;<\/li>\n\n\n\n<li>Sky High,&nbsp;&nbsp;&nbsp;&nbsp;&nbsp;<\/li>\n\n\n\n<li>Skyjack,&nbsp;&nbsp;&nbsp;&nbsp;&nbsp;&nbsp;&nbsp;&nbsp;<\/li>\n\n\n\n<li>Versalift,&nbsp;&nbsp;&nbsp;&nbsp;&nbsp;<\/li>\n\n\n\n<li>Weber,&nbsp;&nbsp;&nbsp;<\/li>\n\n\n\n<li>Wumag.&nbsp;<\/li>\n<\/ul>\n\n\n<div class=\"wp-block-image\">\n<figure class=\"alignleft size-large is-resized\"><a href=\"https:\/\/kursy-udt.pl\/wp-content\/uploads\/2023\/03\/screen_2x-2023-03-08T123030.133.jpg\"><img loading=\"lazy\" decoding=\"async\" src=\"https:\/\/kursy-udt.pl\/wp-content\/uploads\/2023\/03\/screen_2x-2023-03-08T123030.133-1024x683.jpg\" alt=\"podno\u015bnik koszowy na zewn\u0105trz\" class=\"wp-image-5416\" width=\"512\" height=\"342\" srcset=\"https:\/\/kursy-udt.pl\/wp-content\/uploads\/2023\/03\/screen_2x-2023-03-08T123030.133-1024x683.jpg 1024w, https:\/\/kursy-udt.pl\/wp-content\/uploads\/2023\/03\/screen_2x-2023-03-08T123030.133-300x200.jpg 300w, https:\/\/kursy-udt.pl\/wp-content\/uploads\/2023\/03\/screen_2x-2023-03-08T123030.133-768x512.jpg 768w, https:\/\/kursy-udt.pl\/wp-content\/uploads\/2023\/03\/screen_2x-2023-03-08T123030.133-1536x1024.jpg 1536w, https:\/\/kursy-udt.pl\/wp-content\/uploads\/2023\/03\/screen_2x-2023-03-08T123030.133-18x12.jpg 18w, https:\/\/kursy-udt.pl\/wp-content\/uploads\/2023\/03\/screen_2x-2023-03-08T123030.133-624x416.jpg 624w, https:\/\/kursy-udt.pl\/wp-content\/uploads\/2023\/03\/screen_2x-2023-03-08T123030.133.jpg 1600w\" sizes=\"auto, (max-width: 512px) 100vw, 512px\" \/><\/a><\/figure>\n<\/div>\n\n\n<h2 class=\"wp-block-heading\">Pozosta\u0142e us\u0142ugi&nbsp;<\/h2>\n\n\n\n<p>Opr\u00f3cz sprzeda\u017cy w naszej ofercie znajduj\u0105 si\u0119 tak\u017ce profesjonalne szkolenia przygotowuj\u0105ce do pracy na stanowisku operatora b\u0105d\u017a konserwatora urz\u0105dze\u0144 UDT. Zaj\u0119cia prowadz\u0105 profesjonalni szkoleniowcy, zgodnie z wymaganiami UDT. Poza tym zajmujemy si\u0119 r\u00f3wnie\u017c audytami, modernizacj\u0105, konserwacj\u0105, serwisem, doradztwem, diagnostyk\u0105 oraz przegl\u0105dami.&nbsp;<\/p>\n\n\n\n<p>Zapraszamy do kontaktu z naszymi konsultantami.<\/p>\n\n\n\n<h2 class=\"wp-block-heading\">Pytania i odpowiedzi<\/h2>\n\n\n\t\t<details\t\thelp class=\"sc_fs_faq sc_card    \"\n\t\topen\t\t>\n\t\t\t\t\t<summary>\n\t\t\t\t<h3>Jakie urz\u0105dzenia sprzedajecie?<\/h3>\t\t\t\t\t<\/summary>\n\t\t\t\t<div>\n\t\t\t\t\t\t<div class=\"sc_fs_faq__content\">\n\t\t\t\t\n\n<p>Zajmujemy si\u0119 sprzeda\u017c\u0105 urz\u0105dze\u0144 podlegaj\u0105cych UDT, czyli Urz\u0119dowi Dozoru Technicznego, a konkretniej sprz\u0119tem transportu bliskiego. S\u0105 to maszyny s\u0142u\u017c\u0105ce do wykonywania specjalistycznych prac np. na budowie, w magazynach czy halach produkcyjnych.<\/p>\n\n\t\t\t<\/div>\n\t\t<\/div>\n\t\t<\/details>\n\t\t\t\t<details\t\thelp class=\"sc_fs_faq sc_card    \"\n\t\t\t\t>\n\t\t\t\t\t<summary>\n\t\t\t\t<h3>Czy mo\u017cna kupi\u0107 w\u00f3zek wid\u0142owy u\u017cywany?<\/h3>\t\t\t\t\t<\/summary>\n\t\t\t\t<div>\n\t\t\t\t\t\t<div class=\"sc_fs_faq__content\">\n\t\t\t\t\n\n<p>Tak, poza nowymi modelami oferujemy tak\u017ce urz\u0105dzenia u\u017cywane. Przed ich sprzeda\u017c\u0105 oczywi\u015bcie sprawdzamy ich stan techniczny i zajmujemy si\u0119 ich konserwacj\u0105 lub modernizacj\u0105.<\/p>\n\n\t\t\t<\/div>\n\t\t<\/div>\n\t\t<\/details>\n\t\t\t\t<details\t\thelp class=\"sc_fs_faq sc_card    \"\n\t\t\t\t>\n\t\t\t\t\t<summary>\n\t\t\t\t<h3>Czy szkolicie operator\u00f3w UDT?<\/h3>\t\t\t\t\t<\/summary>\n\t\t\t\t<div>\n\t\t\t\t\t\t<div class=\"sc_fs_faq__content\">\n\t\t\t\t\n\n<p>Tak, poza sprzeda\u017c\u0105 prowadzimy r\u00f3wnie\u017c profesjonalne szkolenia na operator\u00f3w i konserwator\u00f3w oraz zajmujemy si\u0119 serwisem, audytem, modernizacj\u0105, doradztwem, diagnostyk\u0105 i przegl\u0105dami.<\/p>\n\n\t\t\t<\/div>\n\t\t<\/div>\n\t\t<\/details>\n\t\t\n<script type=\"application\/ld+json\">\n\t{\n\t\t\"@context\": \"https:\/\/schema.org\",\n\t\t\"@type\": \"FAQPage\",\n\t\t\"mainEntity\": [\n\t\t\t\t\t{\n\t\t\t\t\"@type\": \"Question\",\n\t\t\t\t\"name\": \"Jakie urz\u0105dzenia sprzedajecie?\",\n\t\t\t\t\"acceptedAnswer\": {\n\t\t\t\t\t\"@type\": \"Answer\",\n\t\t\t\t\t\"text\": \"<p>Zajmujemy si\u0119 sprzeda\u017c\u0105 urz\u0105dze\u0144 podlegaj\u0105cych UDT, czyli Urz\u0119dowi Dozoru Technicznego, a konkretniej sprz\u0119tem transportu bliskiego. S\u0105 to maszyny s\u0142u\u017c\u0105ce do wykonywania specjalistycznych prac np. na budowie, w magazynach czy halach produkcyjnych.<\/p>\"\n\t\t\t\t\t\t\t\t\t}\n\t\t\t}\n\t\t\t,\t\t\t\t{\n\t\t\t\t\"@type\": \"Question\",\n\t\t\t\t\"name\": \"Czy mo\u017cna kupi\u0107 w\u00f3zek wid\u0142owy u\u017cywany?\",\n\t\t\t\t\"acceptedAnswer\": {\n\t\t\t\t\t\"@type\": \"Answer\",\n\t\t\t\t\t\"text\": \"<p>Tak, poza nowymi modelami oferujemy tak\u017ce urz\u0105dzenia u\u017cywane. Przed ich sprzeda\u017c\u0105 oczywi\u015bcie sprawdzamy ich stan techniczny i zajmujemy si\u0119 ich konserwacj\u0105 lub modernizacj\u0105.<\/p>\"\n\t\t\t\t\t\t\t\t\t}\n\t\t\t}\n\t\t\t,\t\t\t\t{\n\t\t\t\t\"@type\": \"Question\",\n\t\t\t\t\"name\": \"Czy szkolicie operator\u00f3w UDT?\",\n\t\t\t\t\"acceptedAnswer\": {\n\t\t\t\t\t\"@type\": \"Answer\",\n\t\t\t\t\t\"text\": \"<p>Tak, poza sprzeda\u017c\u0105 prowadzimy r\u00f3wnie\u017c profesjonalne szkolenia na operator\u00f3w i konserwator\u00f3w oraz zajmujemy si\u0119 serwisem, audytem, modernizacj\u0105, doradztwem, diagnostyk\u0105 i przegl\u0105dami.<\/p>\"\n\t\t\t\t\t\t\t\t\t}\n\t\t\t}\n\t\t\t\t\t\t]\n\t}\n<\/script>\n","protected":false},"excerpt":{"rendered":"<p>Punkt sprzeda\u017cy Urz\u0105dze\u0144 Transportu Bliskiego&nbsp; Zajmujemy si\u0119 sprzeda\u017c\u0105 zar\u00f3wno nowego, jak i u\u017cywanego sprz\u0119tu UDT. Specjalizujemy si\u0119 g\u0142\u00f3wnie w urz\u0105dzeniach, kt\u00f3re Urz\u0105d Dozoru Technicznego klasyfikuje jako nale\u017c\u0105ce do kategorii transportu bliskiego. W naszej ofercie znajduje si\u0119 bogaty asortyment \u015bwiatowej klasy marek.&nbsp;&nbsp; Urz\u0105dzenia UDT \u2013 czym s\u0105?&nbsp; Maszyny UDT \u2013 cz\u0119sto nazywane powszechnie \u201csprz\u0119tem ci\u0119\u017ckim\u201d to w du\u017cej mierze urz\u0105dzenia wykorzystywane przy specjalistycznych czynno\u015bciach zwi\u0105zanych z transportem lub pracami magazynowymi i za\u0142adunkowymi. Skr\u00f3t UDT rozwija si\u0119 jako Urz\u0105d Dozoru Technicznego. Jest to instytucja, sprawuj\u0105ca piecz\u0119 nad wszystkimi urz\u0105dzeniami zaliczanymi do wyr\u00f3\u017cnionych przez ni\u0105 kategorii. Zajmuje si\u0119 rejestracj\u0105 urz\u0105dze\u0144, przeprowadzaniem egzamin\u00f3w z obs\u0142ugi i pilnowaniem wykonywania okresowych kontroli i audyt\u00f3w.&nbsp; Kategorie UDT&nbsp; Sprz\u0119t UDT dzieli si\u0119 na cztery kategorie:&nbsp; Kategoria urz\u0105dze\u0144 transportu bliskiego&nbsp; Nasza firma wykonuje g\u0142\u00f3wnie us\u0142ugi zwi\u0105zane ze sprz\u0119tem klasyfikowanym jako transport bliski. Zalicza si\u0119 do nich urz\u0105dzenia s\u0142u\u017c\u0105ce g\u0142\u00f3wnie do przenoszenia na kr\u00f3tkich dystansach \u0142adunk\u00f3w takich, jak materia\u0142y, sprz\u0119t czy pracownicy w miejscach o utrudnionym dost\u0119pie np. po\u0142o\u017conych na wysoko\u015bciach. Te urz\u0105dzenia, to:&nbsp;&nbsp; Oferta sprzeda\u017cowa&nbsp; Oferujemy sprz\u0119t nowy i u\u017cywany topowych producent\u00f3w. Nowe urz\u0105dzenia zawsze dostarczamy w idealnym stanie, gotowe od razu do u\u017cytku. Niekt\u00f3rzy mog\u0105 jednak nie widzie\u0107 potrzeby zakupu najnowszych modeli. Dla takich klient\u00f3w zapewniamy mo\u017cliwo\u015b\u0107 dobrania urz\u0105dzenia ju\u017c u\u017cywanego. Przed udost\u0119pnieniem produkt\u00f3w tego rodzaju, zawsze sprawdzamy, czy nadaj\u0105 si\u0119 do dalszej eksploatacji. W razie potrzeby dokonujemy ich modernizacji tak, aby by\u0142y sprawdzi\u0142y si\u0119 w dalszej pracy. Przed zakupem zach\u0119camy tak\u017ce do skorzystania z pomocy naszych doradc\u00f3w, kt\u00f3rzy dobior\u0105 sprz\u0119t odpowiednio do potrzeb klienta. W sprzeda\u017cy znajduj\u0105 si\u0119 tak\u017ce cz\u0119\u015bci zamienne. W [&hellip;]<\/p>\n","protected":false},"author":6,"featured_media":5414,"parent":5570,"menu_order":0,"comment_status":"closed","ping_status":"closed","template":"","meta":{"sfsi_plus_gutenberg_text_before_share":"","sfsi_plus_gutenberg_show_text_before_share":"","sfsi_plus_gutenberg_icon_type":"","sfsi_plus_gutenberg_icon_alignemt":"","sfsi_plus_gutenburg_max_per_row":"","footnotes":""},"class_list":["post-5405","page","type-page","status-publish","has-post-thumbnail","hentry","has_thumb"],"aioseo_notices":[],"_links":{"self":[{"href":"https:\/\/kursy-udt.pl\/ua\/wp-json\/wp\/v2\/pages\/5405","targetHints":{"allow":["GET"]}}],"collection":[{"href":"https:\/\/kursy-udt.pl\/ua\/wp-json\/wp\/v2\/pages"}],"about":[{"href":"https:\/\/kursy-udt.pl\/ua\/wp-json\/wp\/v2\/types\/page"}],"author":[{"embeddable":true,"href":"https:\/\/kursy-udt.pl\/ua\/wp-json\/wp\/v2\/users\/6"}],"replies":[{"embeddable":true,"href":"https:\/\/kursy-udt.pl\/ua\/wp-json\/wp\/v2\/comments?post=5405"}],"version-history":[{"count":9,"href":"https:\/\/kursy-udt.pl\/ua\/wp-json\/wp\/v2\/pages\/5405\/revisions"}],"predecessor-version":[{"id":5616,"href":"https:\/\/kursy-udt.pl\/ua\/wp-json\/wp\/v2\/pages\/5405\/revisions\/5616"}],"up":[{"embeddable":true,"href":"https:\/\/kursy-udt.pl\/ua\/wp-json\/wp\/v2\/pages\/5570"}],"wp:featuredmedia":[{"embeddable":true,"href":"https:\/\/kursy-udt.pl\/ua\/wp-json\/wp\/v2\/media\/5414"}],"wp:attachment":[{"href":"https:\/\/kursy-udt.pl\/ua\/wp-json\/wp\/v2\/media?parent=5405"}],"curies":[{"name":"wp","href":"https:\/\/api.w.org\/{rel}","templated":true}]}}