{"id":5373,"date":"2023-03-21T12:51:33","date_gmt":"2023-03-21T11:51:33","guid":{"rendered":"https:\/\/kursy-udt.pl\/?page_id=5373"},"modified":"2023-03-21T13:44:10","modified_gmt":"2023-03-21T12:44:10","slug":"%d0%ba%d1%83%d1%80%d1%81%d0%b8-%d0%b7-%d0%ba%d0%b5%d1%80%d1%83%d0%b2%d0%b0%d0%bd%d0%bd%d1%8f-%d0%b2%d0%b8%d0%bb%d0%be%d1%87%d0%bd%d0%b8%d0%bc-%d0%bd%d0%b0%d0%b2%d0%b0%d0%bd%d1%82%d0%b0%d0%b6%d1%83","status":"publish","type":"page","link":"https:\/\/kursy-udt.pl\/ua\/szkolenia\/udt-wdt-tdt\/kursy-z-obslugi-wozkow-widlowych-unoszacych-operatora\/","title":{"rendered":"\u041a\u0443\u0440\u0441\u0438 UDT \u0437 \u043f\u0456\u0434\u0433\u043e\u0442\u043e\u0432\u043a\u0438 \u043e\u043f\u0435\u0440\u0430\u0442\u043e\u0440\u0456\u0432 \u043d\u0430\u0432\u0430\u043d\u0442\u0430\u0436\u0443\u0432\u0430\u0447\u0456\u0432"},"content":{"rendered":"\n<h2 class=\"wp-block-heading\">Operator w\u00f3zka wid\u0142owego unosz\u0105cego operatora wraz z \u0142adunkiem&nbsp;<\/h2>\n\n\n\n<p>Je\u017celi chcesz zdoby\u0107 nowe umiej\u0119tno\u015bci potrzebne na Twoim stanowisku pracy lub przebran\u017cowi\u0107 si\u0119, to serdecznie zapraszamy na nasz kurs. Organizujemy specjalistyczne szkolenie na operatora w\u00f3zk\u00f3w wid\u0142owych. Nasza wykwalifikowana kadra szkoleniowa pomo\u017ce Ci przygotowa\u0107 si\u0119 do pa\u0144stwowego egzaminu i uzyska\u0107 <a href=\"https:\/\/kursy-udt.pl\/ua\/uprawnienia-udt\/kategorie-uprawnien-2\/\">uprawnienia UDT<\/a>.&nbsp;<\/p>\n\n\n<div class=\"wp-block-image\">\n<figure class=\"alignright size-large is-resized\"><a href=\"https:\/\/kursy-udt.pl\/wp-content\/uploads\/2023\/03\/s2-2023-03-07T184112.355-1.jpg\"><img loading=\"lazy\" decoding=\"async\" src=\"https:\/\/kursy-udt.pl\/wp-content\/uploads\/2023\/03\/s2-2023-03-07T184112.355-1-683x1024.jpg\" alt=\"w\u00f3zki wid\u0142owe jezdniowe na budowie\" class=\"wp-image-5377\" width=\"342\" height=\"512\" srcset=\"https:\/\/kursy-udt.pl\/wp-content\/uploads\/2023\/03\/s2-2023-03-07T184112.355-1-683x1024.jpg 683w, https:\/\/kursy-udt.pl\/wp-content\/uploads\/2023\/03\/s2-2023-03-07T184112.355-1-200x300.jpg 200w, https:\/\/kursy-udt.pl\/wp-content\/uploads\/2023\/03\/s2-2023-03-07T184112.355-1-768x1152.jpg 768w, https:\/\/kursy-udt.pl\/wp-content\/uploads\/2023\/03\/s2-2023-03-07T184112.355-1-1024x1536.jpg 1024w, https:\/\/kursy-udt.pl\/wp-content\/uploads\/2023\/03\/s2-2023-03-07T184112.355-1-8x12.jpg 8w, https:\/\/kursy-udt.pl\/wp-content\/uploads\/2023\/03\/s2-2023-03-07T184112.355-1-624x936.jpg 624w, https:\/\/kursy-udt.pl\/wp-content\/uploads\/2023\/03\/s2-2023-03-07T184112.355-1.jpg 1067w\" sizes=\"auto, (max-width: 342px) 100vw, 342px\" \/><\/a><\/figure>\n<\/div>\n\n\n<h2 class=\"wp-block-heading\">Tematy omawiane na szkoleniu&nbsp;<\/h2>\n\n\n\n<ul class=\"wp-block-list\">\n<li>wiadomo\u015bci o dozorze technicznym,&nbsp;<\/li>\n\n\n\n<li>zasady <a href=\"https:\/\/kursy-udt.pl\/ua\/szkolenia\/bhp-bezpieczenstwo-pracy\/prawna-ochrona-pracy\/\">BHP<\/a> i PPO\u017b,&nbsp;<\/li>\n\n\n\n<li>zasady udzielania pierwszej pomocy,&nbsp;<\/li>\n\n\n\n<li>dokumentacja w\u00f3zka jezdniowego,&nbsp;<\/li>\n\n\n\n<li>zadania, kt\u00f3re operator w\u00f3zka wid\u0142owego musi wykona\u0107 przed rozpocz\u0119ciem pracy i po jej zako\u0144czeniu,&nbsp;<\/li>\n\n\n\n<li>typy w\u00f3zk\u00f3w jezdniowych,&nbsp;<\/li>\n\n\n\n<li>budowa r\u00f3\u017cnych rodzaj\u00f3w w\u00f3zk\u00f3w wid\u0142owych,&nbsp;<\/li>\n\n\n\n<li>obs\u0142uga w\u00f3zk\u00f3w jezdniowych,&nbsp;<\/li>\n\n\n\n<li>zasady dotycz\u0105ce konserwacji i naprawy,&nbsp;<\/li>\n\n\n\n<li>eksploatacja urz\u0105dzenia,&nbsp;<\/li>\n\n\n\n<li>stateczno\u015b\u0107 i moment wywrotowy,&nbsp;<\/li>\n\n\n\n<li>rodzaje \u0142adunk\u00f3w,&nbsp;<\/li>\n\n\n\n<li>ud\u017awig w\u00f3zka wid\u0142owego,&nbsp;<\/li>\n\n\n\n<li>prawid\u0142owe podnoszenie \u0142adunku,&nbsp;<\/li>\n\n\n\n<li>stabilno\u015b\u0107 i bezpiecze\u0144stwo jazdy,&nbsp;<\/li>\n\n\n\n<li>mechanizmy awaryjnego opuszczania \u0142adunku,&nbsp;<\/li>\n\n\n\n<li>kontrola zu\u017cycia i dopuszczenia \u0142a\u0144cuch\u00f3w i wide\u0142,&nbsp;<\/li>\n\n\n\n<li>\u015bwiat\u0142a i elementy zabezpieczaj\u0105ce (hydrauliczne i mechaniczne),&nbsp;<\/li>\n\n\n\n<li>zasady prawid\u0142owego funkcjonowania w miejscu pracy, np. kierowanie ruchem pieszym,&nbsp;<\/li>\n\n\n\n<li>praca w trudnych warunkach.&nbsp;<\/li>\n<\/ul>\n\n\n\n<h2 class=\"wp-block-heading\">Przebieg szkolenia&nbsp;<\/h2>\n\n\n\n<p>Kurs prowadzimy w formie zaj\u0119\u0107 teoretycznych i zaj\u0119\u0107 praktycznych. Po zako\u0144czeniu szkolenia kursanci podchodz\u0105 do egzaminu, kt\u00f3ry odbywa si\u0119 przed komisj\u0105 Urz\u0119du Dozoru Technicznego.&nbsp;<\/p>\n\n\n\n<h2 class=\"wp-block-heading\">Producenci<\/h2>\n\n\n\n<p>Do popularnych marek w\u00f3zk\u00f3w jezdniowych mo\u017cna zaliczy\u0107 takie firmy jak:&nbsp;<\/p>\n\n\n\n<div class=\"wp-block-columns is-layout-flex wp-container-core-columns-is-layout-9d6595d7 wp-block-columns-is-layout-flex\">\n<div class=\"wp-block-column is-layout-flow wp-block-column-is-layout-flow\">\n<ul class=\"wp-block-list\">\n<li>HC,&nbsp;<\/li>\n\n\n\n<li>Manitou,&nbsp;<\/li>\n\n\n\n<li>Hyundai,&nbsp;<\/li>\n\n\n\n<li>OMG,&nbsp;<\/li>\n\n\n\n<li>Jungheinrich,&nbsp;<\/li>\n\n\n\n<li>BT,&nbsp;<\/li>\n<\/ul>\n<\/div>\n\n\n\n<div class=\"wp-block-column is-layout-flow wp-block-column-is-layout-flow\">\n<ul class=\"wp-block-list\">\n<li>Toyota,&nbsp;<\/li>\n\n\n\n<li>Taski,&nbsp;<\/li>\n\n\n\n<li>OMV,&nbsp;<\/li>\n\n\n\n<li>Yale,&nbsp;<\/li>\n\n\n\n<li>Linde,&nbsp;<\/li>\n\n\n\n<li>Still,&nbsp;<\/li>\n<\/ul>\n<\/div>\n\n\n\n<div class=\"wp-block-column is-layout-flow wp-block-column-is-layout-flow\">\n<ul class=\"wp-block-list\">\n<li>Komatsu,&nbsp;<\/li>\n\n\n\n<li>Nissan,&nbsp;<\/li>\n\n\n\n<li>Mitsubishi,&nbsp;<\/li>\n\n\n\n<li>Hyster,&nbsp;<\/li>\n\n\n\n<li>Clark,&nbsp;<\/li>\n\n\n\n<li>Bauman.&nbsp;<\/li>\n<\/ul>\n<\/div>\n<\/div>\n\n\n\n<p><\/p>\n\n\n<div class=\"wp-block-image\">\n<figure class=\"alignleft size-large is-resized\"><a href=\"https:\/\/kursy-udt.pl\/wp-content\/uploads\/2023\/03\/19041714-1629DV-1-1.jpg\"><img loading=\"lazy\" decoding=\"async\" src=\"https:\/\/kursy-udt.pl\/wp-content\/uploads\/2023\/03\/19041714-1629DV-1-1-1024x768.jpg\" alt=\"w\u00f3zek jezdniowy unosz\u0105cy przed magazynem\" class=\"wp-image-5375\" width=\"512\" height=\"384\" srcset=\"https:\/\/kursy-udt.pl\/wp-content\/uploads\/2023\/03\/19041714-1629DV-1-1-1024x768.jpg 1024w, https:\/\/kursy-udt.pl\/wp-content\/uploads\/2023\/03\/19041714-1629DV-1-1-300x225.jpg 300w, https:\/\/kursy-udt.pl\/wp-content\/uploads\/2023\/03\/19041714-1629DV-1-1-768x576.jpg 768w, https:\/\/kursy-udt.pl\/wp-content\/uploads\/2023\/03\/19041714-1629DV-1-1-1536x1152.jpg 1536w, https:\/\/kursy-udt.pl\/wp-content\/uploads\/2023\/03\/19041714-1629DV-1-1-16x12.jpg 16w, https:\/\/kursy-udt.pl\/wp-content\/uploads\/2023\/03\/19041714-1629DV-1-1-640x480.jpg 640w, https:\/\/kursy-udt.pl\/wp-content\/uploads\/2023\/03\/19041714-1629DV-1-1-624x468.jpg 624w, https:\/\/kursy-udt.pl\/wp-content\/uploads\/2023\/03\/19041714-1629DV-1-1.jpg 1600w\" sizes=\"auto, (max-width: 512px) 100vw, 512px\" \/><\/a><\/figure>\n<\/div>\n\n\n<h2 class=\"wp-block-heading\">Egzamin&nbsp;<\/h2>\n\n\n\n<p>Uzyskuj\u0105c ocen\u0119 pozytywn\u0105 na egzaminie UDT, uczestnik szkolenia otrzymuje za\u015bwiadczenie kwalifikacyjne uprawniaj\u0105ce go do obs\u0142ugi w\u00f3zka jezdniowego.&nbsp;<\/p>\n\n\n\n<p>Operator po uzyskaniu uprawnie\u0144 do obs\u0142ugi w\u00f3zk\u00f3w wid\u0142owych b\u0119dzie m\u00f3g\u0142 je obs\u0142ugiwa\u0107, niezale\u017cnie od ich producenta. &nbsp;<\/p>\n\n\n\n<h2 class=\"wp-block-heading\">Miejsce szkolenia&nbsp;<\/h2>\n\n\n\n<p>Organizujemy szkolenia w ca\u0142ej Polsce. Oferujemy szkolenia w naszych o\u015brodkach szkoleniowych w wi\u0119kszych miastach w Polsce, a tak\u017ce w dowolnie wybranym miejscu u klienta.&nbsp;<\/p>\n\n\n\n<h2 class=\"wp-block-heading\">Praca jako operator&nbsp;<\/h2>\n\n\n\n<p>Osoby posiadaj\u0105ce kwalifikacje operatora w\u00f3zk\u00f3w wid\u0142owych mog\u0105 znale\u017a\u0107 zatrudnienie w takich miejscach jak:&nbsp;<\/p>\n\n\n\n<div class=\"wp-block-columns is-layout-flex wp-container-core-columns-is-layout-9d6595d7 wp-block-columns-is-layout-flex\">\n<div class=\"wp-block-column is-layout-flow wp-block-column-is-layout-flow\">\n<ul class=\"wp-block-list\">\n<li>sk\u0142ady budowlane,&nbsp;<\/li>\n\n\n\n<li>zak\u0142ady produkcyjne,&nbsp;<\/li>\n\n\n\n<li>wielkopowierzchniowe sklepy,&nbsp;<\/li>\n<\/ul>\n<\/div>\n\n\n\n<div class=\"wp-block-column is-layout-flow wp-block-column-is-layout-flow\">\n<ul class=\"wp-block-list\">\n<li>magazyny,&nbsp;<\/li>\n\n\n\n<li>hurtownie spo\u017cywcze i farmaceutyczne,&nbsp;<\/li>\n\n\n\n<li>porty.<\/li>\n<\/ul>\n<\/div>\n<\/div>\n\n\n\n<p><\/p>\n\n\n\n<h2 class=\"wp-block-heading\">Wymagania wobec kandydat\u00f3w<\/h2>\n\n\n\n<ul class=\"wp-block-list\">\n<li>pe\u0142noletnio\u015b\u0107,&nbsp;<\/li>\n\n\n\n<li>co najmniej podstawowe wykszta\u0142cenie,&nbsp;<\/li>\n\n\n\n<li>brak przeciwskaza\u0144 zdrowotnych do pracy na stanowisku operatora w\u00f3zk\u00f3w jezdniowych (konieczne jest orzeczenie lekarskie).&nbsp;<\/li>\n<\/ul>\n\n\n\n<h2 class=\"wp-block-heading\">Dlaczego warto si\u0119 szkoli\u0107 u nas?&nbsp;<\/h2>\n\n\n\n<ul class=\"wp-block-list\">\n<li>jeste\u015bmy firm\u0105 z du\u017cym do\u015bwiadczeniem,&nbsp;<\/li>\n\n\n\n<li>mamy wykwalifikowanych instruktor\u00f3w,&nbsp;<\/li>\n\n\n\n<li>oferujemy dobre ceny,&nbsp;<\/li>\n\n\n\n<li>jeste\u015bmy mobilni \u2013 mo\u017cemy przeszkoli\u0107 pracownik\u00f3w na terenie Twojego zak\u0142adu,&nbsp;<\/li>\n\n\n\n<li>mo\u017cemy pochwali\u0107 si\u0119 wysok\u0105 zdawalno\u015bci\u0105 egzamin\u00f3w UDT.&nbsp;<\/li>\n<\/ul>\n\n\n\n<h2 class=\"wp-block-heading\">Konserwator&nbsp;<\/h2>\n\n\n<div class=\"wp-block-image\">\n<figure class=\"alignright size-large is-resized\"><a href=\"https:\/\/kursy-udt.pl\/wp-content\/uploads\/2023\/03\/LMH-Product_Range_16x9w1920.jpg\"><img loading=\"lazy\" decoding=\"async\" src=\"https:\/\/kursy-udt.pl\/wp-content\/uploads\/2023\/03\/LMH-Product_Range_16x9w1920-1024x576.jpg\" alt=\"w\u00f3zki wid\u0142owe w magazynie\" class=\"wp-image-5376\" width=\"512\" height=\"288\" srcset=\"https:\/\/kursy-udt.pl\/wp-content\/uploads\/2023\/03\/LMH-Product_Range_16x9w1920-1024x576.jpg 1024w, https:\/\/kursy-udt.pl\/wp-content\/uploads\/2023\/03\/LMH-Product_Range_16x9w1920-300x169.jpg 300w, https:\/\/kursy-udt.pl\/wp-content\/uploads\/2023\/03\/LMH-Product_Range_16x9w1920-768x432.jpg 768w, https:\/\/kursy-udt.pl\/wp-content\/uploads\/2023\/03\/LMH-Product_Range_16x9w1920-1536x864.jpg 1536w, https:\/\/kursy-udt.pl\/wp-content\/uploads\/2023\/03\/LMH-Product_Range_16x9w1920-18x10.jpg 18w, https:\/\/kursy-udt.pl\/wp-content\/uploads\/2023\/03\/LMH-Product_Range_16x9w1920-624x351.jpg 624w, https:\/\/kursy-udt.pl\/wp-content\/uploads\/2023\/03\/LMH-Product_Range_16x9w1920.jpg 1920w\" sizes=\"auto, (max-width: 512px) 100vw, 512px\" \/><\/a><\/figure>\n<\/div>\n\n\n<p>Oferujemy tak\u017ce kurs na konserwatora w\u00f3zk\u00f3w wid\u0142owych. Zapraszamy ch\u0119tnych operator\u00f3w do poszerzenia swojej wiedzy.&nbsp;&nbsp;<\/p>\n\n\n\n<p><strong>Na zaj\u0119ciach zostan\u0105 poruszone takie tematy jak:&nbsp;<\/strong><\/p>\n\n\n\n<ul class=\"wp-block-list\">\n<li>plany konserwacyjne,&nbsp;<\/li>\n\n\n\n<li>uk\u0142ady hamulcowe,&nbsp;<\/li>\n\n\n\n<li>naprawy silnik\u00f3w i innych usterek,&nbsp;<\/li>\n\n\n\n<li>przygotowanie dokumentacji technicznej,&nbsp;<\/li>\n\n\n\n<li>przygotowanie urz\u0105dzenia do odbioru przez jednostk\u0119 UDT.&nbsp;<\/li>\n<\/ul>\n\n\n\n<h2 class=\"wp-block-heading\">Nasze szkolenia&nbsp;<\/h2>\n\n\n\n<p>Oferujemy r\u00f3wnie\u017c kursy m.in. na:&nbsp;<\/p>\n\n\n\n<div class=\"wp-block-columns is-layout-flex wp-container-core-columns-is-layout-9d6595d7 wp-block-columns-is-layout-flex\">\n<div class=\"wp-block-column is-layout-flow wp-block-column-is-layout-flow\">\n<ul class=\"wp-block-list\">\n<li>podesty ruchome \u2013 zwy\u017cki,&nbsp;<\/li>\n\n\n\n<li><a href=\"https:\/\/kursy-udt.pl\/ua\/szkolenia\/udt-wdt-tdt\/zurawie-hds\/\">\u017curawie HDS<\/a>,&nbsp;<\/li>\n\n\n\n<li><a href=\"https:\/\/kursy-udt.pl\/ua\/szkolenia\/udt-wdt-tdt\/zurawie-wiezowe\/\">\u017curawie wie\u017cowe<\/a>,&nbsp;<\/li>\n\n\n\n<li>\u0142adowarki teleskopowe,&nbsp;<\/li>\n<\/ul>\n<\/div>\n\n\n\n<div class=\"wp-block-column is-layout-flow wp-block-column-is-layout-flow\">\n<ul class=\"wp-block-list\">\n<li>suwnice,&nbsp;<\/li>\n\n\n\n<li>koparki,&nbsp;<\/li>\n\n\n\n<li>koparko \u2013 \u0142adowarki,&nbsp;<\/li>\n\n\n\n<li>uk\u0142adnice magazynowe.&nbsp;<\/li>\n<\/ul>\n<\/div>\n<\/div>\n\n\n\n<h2 class=\"wp-block-heading\">Pytania i odpowiedzi<\/h2>\n\n\n\t\t<details\t\thelp class=\"sc_fs_faq sc_card    \"\n\t\topen\t\t>\n\t\t\t\t\t<summary>\n\t\t\t\t<h3>Czy przeprowadzacie szkolenia u klient\u00f3w?<\/h3>\t\t\t\t\t<\/summary>\n\t\t\t\t<div>\n\t\t\t\t\t\t<div class=\"sc_fs_faq__content\">\n\t\t\t\t\n\n<p>Tak. Przeprowadzamy szkolenia grupowe w firmach naszych zleceniodawc\u00f3w na terenie ca\u0142ej Polski.<\/p>\n\n\t\t\t<\/div>\n\t\t<\/div>\n\t\t<\/details>\n\t\t\t\t<details\t\thelp class=\"sc_fs_faq sc_card    \"\n\t\t\t\t>\n\t\t\t\t\t<summary>\n\t\t\t\t<h3>Gdzie mo\u017ce pracowa\u0107 operator w\u00f3zk\u00f3w jezdniowych?<\/h3>\t\t\t\t\t<\/summary>\n\t\t\t\t<div>\n\t\t\t\t\t\t<div class=\"sc_fs_faq__content\">\n\t\t\t\t\n\n<p>Operatorzy w\u00f3zk\u00f3w wid\u0142owych mog\u0105 znale\u017a\u0107 zatrudnienie w wielu miejscach, m.in. na placach budowlanych, w du\u017cych sklepach, magazynach, hurtowniach, firmach transportowych, zak\u0142adach produkcyjnych, portach.<\/p>\n\n\t\t\t<\/div>\n\t\t<\/div>\n\t\t<\/details>\n\t\t\t\t<details\t\thelp class=\"sc_fs_faq sc_card    \"\n\t\t\t\t>\n\t\t\t\t\t<summary>\n\t\t\t\t<h3>Czy macie szkolenia z obs\u0142ugi zwy\u017cek?<\/h3>\t\t\t\t\t<\/summary>\n\t\t\t\t<div>\n\t\t\t\t\t\t<div class=\"sc_fs_faq__content\">\n\t\t\t\t\n\n<p>Oczywi\u015bcie. Posiadamy r\u00f3wnie\u017c szkolenia z obs\u0142ugi m.in. suwnic, \u017curawi HDS, \u017curawi wie\u017cowych, koparek, koparko\u2013\u0142adowarek, uk\u0142adnic magazynowych, \u0142adowarek teleskopowych.&nbsp;<\/p>\n\n\t\t\t<\/div>\n\t\t<\/div>\n\t\t<\/details>\n\t\t\n<script type=\"application\/ld+json\">\n\t{\n\t\t\"@context\": \"https:\/\/schema.org\",\n\t\t\"@type\": \"FAQPage\",\n\t\t\"mainEntity\": [\n\t\t\t\t\t{\n\t\t\t\t\"@type\": \"Question\",\n\t\t\t\t\"name\": \"Czy przeprowadzacie szkolenia u klient\u00f3w?\",\n\t\t\t\t\"acceptedAnswer\": {\n\t\t\t\t\t\"@type\": \"Answer\",\n\t\t\t\t\t\"text\": \"<p>Tak. Przeprowadzamy szkolenia grupowe w firmach naszych zleceniodawc\u00f3w na terenie ca\u0142ej Polski.<\/p>\"\n\t\t\t\t\t\t\t\t\t}\n\t\t\t}\n\t\t\t,\t\t\t\t{\n\t\t\t\t\"@type\": \"Question\",\n\t\t\t\t\"name\": \"Gdzie mo\u017ce pracowa\u0107 operator w\u00f3zk\u00f3w jezdniowych?\",\n\t\t\t\t\"acceptedAnswer\": {\n\t\t\t\t\t\"@type\": \"Answer\",\n\t\t\t\t\t\"text\": \"<p>Operatorzy w\u00f3zk\u00f3w wid\u0142owych mog\u0105 znale\u017a\u0107 zatrudnienie w wielu miejscach, m.in. na placach budowlanych, w du\u017cych sklepach, magazynach, hurtowniach, firmach transportowych, zak\u0142adach produkcyjnych, portach.<\/p>\"\n\t\t\t\t\t\t\t\t\t}\n\t\t\t}\n\t\t\t,\t\t\t\t{\n\t\t\t\t\"@type\": \"Question\",\n\t\t\t\t\"name\": \"Czy macie szkolenia z obs\u0142ugi zwy\u017cek?\",\n\t\t\t\t\"acceptedAnswer\": {\n\t\t\t\t\t\"@type\": \"Answer\",\n\t\t\t\t\t\"text\": \"<p>Oczywi\u015bcie. Posiadamy r\u00f3wnie\u017c szkolenia z obs\u0142ugi m.in. suwnic, \u017curawi HDS, \u017curawi wie\u017cowych, koparek, koparko\u2013\u0142adowarek, uk\u0142adnic magazynowych, \u0142adowarek teleskopowych.&nbsp;<\/p>\"\n\t\t\t\t\t\t\t\t\t}\n\t\t\t}\n\t\t\t\t\t\t]\n\t}\n<\/script>\n","protected":false},"excerpt":{"rendered":"<p>Operator w\u00f3zka wid\u0142owego unosz\u0105cego operatora wraz z \u0142adunkiem&nbsp; Je\u017celi chcesz zdoby\u0107 nowe umiej\u0119tno\u015bci potrzebne na Twoim stanowisku pracy lub przebran\u017cowi\u0107 si\u0119, to serdecznie zapraszamy na nasz kurs. Organizujemy specjalistyczne szkolenie na operatora w\u00f3zk\u00f3w wid\u0142owych. Nasza wykwalifikowana kadra szkoleniowa pomo\u017ce Ci przygotowa\u0107 si\u0119 do pa\u0144stwowego egzaminu i uzyska\u0107 uprawnienia UDT.&nbsp; Tematy omawiane na szkoleniu&nbsp; Przebieg szkolenia&nbsp; Kurs prowadzimy w formie zaj\u0119\u0107 teoretycznych i zaj\u0119\u0107 praktycznych. Po zako\u0144czeniu szkolenia kursanci podchodz\u0105 do egzaminu, kt\u00f3ry odbywa si\u0119 przed komisj\u0105 Urz\u0119du Dozoru Technicznego.&nbsp; Producenci Do popularnych marek w\u00f3zk\u00f3w jezdniowych mo\u017cna zaliczy\u0107 takie firmy jak:&nbsp; Egzamin&nbsp; Uzyskuj\u0105c ocen\u0119 pozytywn\u0105 na egzaminie UDT, uczestnik szkolenia otrzymuje za\u015bwiadczenie kwalifikacyjne uprawniaj\u0105ce go do obs\u0142ugi w\u00f3zka jezdniowego.&nbsp; Operator po uzyskaniu uprawnie\u0144 do obs\u0142ugi w\u00f3zk\u00f3w wid\u0142owych b\u0119dzie m\u00f3g\u0142 je obs\u0142ugiwa\u0107, niezale\u017cnie od ich producenta. &nbsp; Miejsce szkolenia&nbsp; Organizujemy szkolenia w ca\u0142ej Polsce. Oferujemy szkolenia w naszych o\u015brodkach szkoleniowych w wi\u0119kszych miastach w Polsce, a tak\u017ce w dowolnie wybranym miejscu u klienta.&nbsp; Praca jako operator&nbsp; Osoby posiadaj\u0105ce kwalifikacje operatora w\u00f3zk\u00f3w wid\u0142owych mog\u0105 znale\u017a\u0107 zatrudnienie w takich miejscach jak:&nbsp; Wymagania wobec kandydat\u00f3w Dlaczego warto si\u0119 szkoli\u0107 u nas?&nbsp; Konserwator&nbsp; Oferujemy tak\u017ce kurs na konserwatora w\u00f3zk\u00f3w wid\u0142owych. Zapraszamy ch\u0119tnych operator\u00f3w do poszerzenia swojej wiedzy.&nbsp;&nbsp; Na zaj\u0119ciach zostan\u0105 poruszone takie tematy jak:&nbsp; Nasze szkolenia&nbsp; Oferujemy r\u00f3wnie\u017c kursy m.in. na:&nbsp; Pytania i odpowiedzi<\/p>","protected":false},"author":6,"featured_media":5375,"parent":2721,"menu_order":0,"comment_status":"closed","ping_status":"closed","template":"","meta":{"sfsi_plus_gutenberg_text_before_share":"","sfsi_plus_gutenberg_show_text_before_share":"","sfsi_plus_gutenberg_icon_type":"","sfsi_plus_gutenberg_icon_alignemt":"","sfsi_plus_gutenburg_max_per_row":"","footnotes":""},"class_list":["post-5373","page","type-page","status-publish","has-post-thumbnail","hentry","has_thumb"],"aioseo_notices":[],"_links":{"self":[{"href":"https:\/\/kursy-udt.pl\/ua\/wp-json\/wp\/v2\/pages\/5373","targetHints":{"allow":["GET"]}}],"collection":[{"href":"https:\/\/kursy-udt.pl\/ua\/wp-json\/wp\/v2\/pages"}],"about":[{"href":"https:\/\/kursy-udt.pl\/ua\/wp-json\/wp\/v2\/types\/page"}],"author":[{"embeddable":true,"href":"https:\/\/kursy-udt.pl\/ua\/wp-json\/wp\/v2\/users\/6"}],"replies":[{"embeddable":true,"href":"https:\/\/kursy-udt.pl\/ua\/wp-json\/wp\/v2\/comments?post=5373"}],"version-history":[{"count":9,"href":"https:\/\/kursy-udt.pl\/ua\/wp-json\/wp\/v2\/pages\/5373\/revisions"}],"predecessor-version":[{"id":5629,"href":"https:\/\/kursy-udt.pl\/ua\/wp-json\/wp\/v2\/pages\/5373\/revisions\/5629"}],"up":[{"embeddable":true,"href":"https:\/\/kursy-udt.pl\/ua\/wp-json\/wp\/v2\/pages\/2721"}],"wp:featuredmedia":[{"embeddable":true,"href":"https:\/\/kursy-udt.pl\/ua\/wp-json\/wp\/v2\/media\/5375"}],"wp:attachment":[{"href":"https:\/\/kursy-udt.pl\/ua\/wp-json\/wp\/v2\/media?parent=5373"}],"curies":[{"name":"wp","href":"https:\/\/api.w.org\/{rel}","templated":true}]}}