{"id":5343,"date":"2023-03-21T12:45:28","date_gmt":"2023-03-21T11:45:28","guid":{"rendered":"https:\/\/kursy-udt.pl\/?page_id=5343"},"modified":"2023-03-21T13:47:02","modified_gmt":"2023-03-21T12:47:02","slug":"%d1%89%d0%be%d0%b3%d0%bb%d0%be%d0%b2%d1%96-%d0%bf%d0%bb%d0%b0%d1%82%d1%84%d0%be%d1%80%d0%bc%d0%b8-%d0%ba%d1%83%d1%80%d1%81%d0%be%d0%b2%d0%be%d0%b3%d0%be-%d0%be%d0%bf%d0%b5%d1%80%d0%b0%d1%82%d0%be","status":"publish","type":"page","link":"https:\/\/kursy-udt.pl\/ua\/szkolenia\/udt-wdt-tdt\/kurs-operatora-na-podesty-ruchome-masztowe\/","title":{"rendered":"\u041a\u0423\u0420\u0421\u0418 UDT \u0414\u041b\u042f \u0429\u041e\u0413\u041b\u041e\u0412\u0418\u0425 \u041f\u0406\u0414\u0419\u041e\u041c\u041d\u0418\u041a\u0406\u0412"},"content":{"rendered":"\n<h2 class=\"wp-block-heading\">Szkolenie operatora podest\u00f3w ruchomych masztowych&nbsp;<\/h2>\n\n\n\n<p>Zadaniem szkolenia jest przygotowanie kursanta do egzaminu przed komisj\u0105 Urz\u0119du Dozoru Technicznego. Osoba uczestnicz\u0105ca w zaj\u0119ciach z teorii i praktyki obs\u0142ugi podest\u00f3w ruchomych, kt\u00f3ra uzyska wynik pozytywny na egzaminie, otrzyma za\u015bwiadczenie kwalifikacyjne do pracy na tych urz\u0105dzeniach.&nbsp;<\/p>\n\n\n<div class=\"wp-block-image\">\n<figure class=\"alignright size-large is-resized\"><a href=\"https:\/\/kursy-udt.pl\/wp-content\/uploads\/2023\/03\/adrkurs.pl-0020-OPUBLIKOWANE-1-Andamio-Motorizado-P8-bimastil-idoneo-para-reformas-rapido-montaje-y-facil-uso-1.jpg\"><img loading=\"lazy\" decoding=\"async\" src=\"https:\/\/kursy-udt.pl\/wp-content\/uploads\/2023\/03\/adrkurs.pl-0020-OPUBLIKOWANE-1-Andamio-Motorizado-P8-bimastil-idoneo-para-reformas-rapido-montaje-y-facil-uso-1-1024x768.jpg\" alt=\"operator podczas pracy na pode\u015bcie masztowym\" class=\"wp-image-5349\" width=\"512\" height=\"384\" srcset=\"https:\/\/kursy-udt.pl\/wp-content\/uploads\/2023\/03\/adrkurs.pl-0020-OPUBLIKOWANE-1-Andamio-Motorizado-P8-bimastil-idoneo-para-reformas-rapido-montaje-y-facil-uso-1-1024x768.jpg 1024w, https:\/\/kursy-udt.pl\/wp-content\/uploads\/2023\/03\/adrkurs.pl-0020-OPUBLIKOWANE-1-Andamio-Motorizado-P8-bimastil-idoneo-para-reformas-rapido-montaje-y-facil-uso-1-300x225.jpg 300w, https:\/\/kursy-udt.pl\/wp-content\/uploads\/2023\/03\/adrkurs.pl-0020-OPUBLIKOWANE-1-Andamio-Motorizado-P8-bimastil-idoneo-para-reformas-rapido-montaje-y-facil-uso-1-768x576.jpg 768w, https:\/\/kursy-udt.pl\/wp-content\/uploads\/2023\/03\/adrkurs.pl-0020-OPUBLIKOWANE-1-Andamio-Motorizado-P8-bimastil-idoneo-para-reformas-rapido-montaje-y-facil-uso-1-1536x1151.jpg 1536w, https:\/\/kursy-udt.pl\/wp-content\/uploads\/2023\/03\/adrkurs.pl-0020-OPUBLIKOWANE-1-Andamio-Motorizado-P8-bimastil-idoneo-para-reformas-rapido-montaje-y-facil-uso-1-2048x1535.jpg 2048w, https:\/\/kursy-udt.pl\/wp-content\/uploads\/2023\/03\/adrkurs.pl-0020-OPUBLIKOWANE-1-Andamio-Motorizado-P8-bimastil-idoneo-para-reformas-rapido-montaje-y-facil-uso-1-16x12.jpg 16w, https:\/\/kursy-udt.pl\/wp-content\/uploads\/2023\/03\/adrkurs.pl-0020-OPUBLIKOWANE-1-Andamio-Motorizado-P8-bimastil-idoneo-para-reformas-rapido-montaje-y-facil-uso-1-640x480.jpg 640w, https:\/\/kursy-udt.pl\/wp-content\/uploads\/2023\/03\/adrkurs.pl-0020-OPUBLIKOWANE-1-Andamio-Motorizado-P8-bimastil-idoneo-para-reformas-rapido-montaje-y-facil-uso-1-624x468.jpg 624w\" sizes=\"auto, (max-width: 512px) 100vw, 512px\" \/><\/a><\/figure>\n<\/div>\n\n\n<h2 class=\"wp-block-heading\">Zakres kursu&nbsp;<\/h2>\n\n\n\n<p>Szkolenia prowadzone przez firm\u0119 ODK ERGON obejmuj\u0105 wszystkie kwestie wymagane do uzyskania nowego zawodu. Oto g\u0142\u00f3wne z nich:&nbsp;<\/p>\n\n\n\n<ul class=\"wp-block-list\">\n<li>mechanizmy nap\u0119dowe konstrukcji,&nbsp;<\/li>\n\n\n\n<li>sterowanie urz\u0105dzeniem,&nbsp;<\/li>\n\n\n\n<li>mo\u017cliwo\u015bci wytrzyma\u0142o\u015bciowe podest\u00f3w,&nbsp;<\/li>\n\n\n\n<li>rodzaje mechanizm\u00f3w nap\u0119dowych urz\u0105dzenia,&nbsp;<\/li>\n\n\n\n<li>zasady dotycz\u0105ce przeprowadzania dozoru technicznego,&nbsp;<\/li>\n\n\n\n<li>og\u00f3lne zasady u\u017cytkowania podest\u00f3w ruchomych,&nbsp;<\/li>\n\n\n\n<li>urz\u0105dzenia zabezpieczaj\u0105ce,&nbsp;<\/li>\n\n\n\n<li>w\u0142a\u015bciwe oznakowanie urz\u0105dze\u0144,&nbsp;<\/li>\n\n\n\n<li>szkolenie dotycz\u0105ce bezpiecze\u0144stwa i higieny w miejscu pracy.&nbsp;<\/li>\n<\/ul>\n\n\n\n<h2 class=\"wp-block-heading\">Jak wygl\u0105da praca operatora?&nbsp;<\/h2>\n\n\n\n<p>Podczas pracy operator podestu masztowego powinien stale monitorowa\u0107 swoje otoczenie i wykaza\u0107 si\u0119 zdolno\u015bci\u0105 do szybkiego reagowania w przypadku nieprzewidzianych sytuacji. Operator musi tak\u017ce regularnie sprawdza\u0107 stan techniczny podestu, a tak\u017ce dba\u0107 o jego utrzymanie w czysto\u015bci i porz\u0105dku.&nbsp;<\/p>\n\n\n\n<p>Operator podestu masztowego jest r\u00f3wnie\u017c odpowiedzialny za przygotowanie podestu do pracy, co obejmuje sprawdzenie stanu baterii, oleju i innych p\u0142yn\u00f3w, jak r\u00f3wnie\u017c sprawdzenie stanu technicznego i bezpiecze\u0144stwa maszyny. W przypadku wykrycia jakiejkolwiek usterki operator powinien niezw\u0142ocznie powiadomi\u0107 swojego prze\u0142o\u017conego i nie u\u017cywa\u0107 podestu, dop\u00f3ki usterka nie zostanie naprawiona.&nbsp;<\/p>\n\n\n\n<h2 class=\"wp-block-heading\">Dlaczego my?&nbsp;<\/h2>\n\n\n\n<p>Jeste\u015bmy firm\u0105 specjalizuj\u0105c\u0105 si\u0119 w prowadzeniu kompleksowych szkole\u0144 mi\u0119dzy innymi na obs\u0142ug\u0119 i konserwacj\u0119 podest\u00f3w ruchomych. Posiadamy wykwalifikowan\u0105 kadr\u0119 pracownik\u00f3w, kt\u00f3ra posiada du\u017ce do\u015bwiadczenie w nauczaniu. Nasze zaj\u0119cia spe\u0142niaj\u0105 wymogi Urz\u0119du Dozoru Technicznego i przygotowuj\u0105 do pracy na wszystkich rodzajach podest\u00f3w ruchomych, zw\u0142aszcza na popularnych podno\u015bnikach koszowych czy no\u017cycowych.&nbsp;&nbsp;<\/p>\n\n\n\n<p>Praca jako operator podest\u00f3w ruchomych jest odpowiedzialnym zadaniem, poniewa\u017c podnoszenie ludzi lub \u0142adunk\u00f3w na odpowiedni\u0105 wysoko\u015b\u0107 wymaga stosownej wiedzy. Podczas naszego szkolenia mo\u017cna gruntownie przygotowa\u0107 si\u0119 wykonywania nowego zawodu.&nbsp;&nbsp;&nbsp;<\/p>\n\n\n<div class=\"wp-block-image\">\n<figure class=\"alignright size-large is-resized\"><a href=\"https:\/\/kursy-udt.pl\/wp-content\/uploads\/2023\/03\/screen_2x-2023-03-07T114807.145.jpg\"><img loading=\"lazy\" decoding=\"async\" src=\"https:\/\/kursy-udt.pl\/wp-content\/uploads\/2023\/03\/screen_2x-2023-03-07T114807.145-1024x683.jpg\" alt=\"budowa bloku z u\u017cyciem podestu masztowego\" class=\"wp-image-5348\" width=\"512\" height=\"342\" srcset=\"https:\/\/kursy-udt.pl\/wp-content\/uploads\/2023\/03\/screen_2x-2023-03-07T114807.145-1024x683.jpg 1024w, https:\/\/kursy-udt.pl\/wp-content\/uploads\/2023\/03\/screen_2x-2023-03-07T114807.145-300x200.jpg 300w, https:\/\/kursy-udt.pl\/wp-content\/uploads\/2023\/03\/screen_2x-2023-03-07T114807.145-768x512.jpg 768w, https:\/\/kursy-udt.pl\/wp-content\/uploads\/2023\/03\/screen_2x-2023-03-07T114807.145-1536x1024.jpg 1536w, https:\/\/kursy-udt.pl\/wp-content\/uploads\/2023\/03\/screen_2x-2023-03-07T114807.145-18x12.jpg 18w, https:\/\/kursy-udt.pl\/wp-content\/uploads\/2023\/03\/screen_2x-2023-03-07T114807.145-624x416.jpg 624w, https:\/\/kursy-udt.pl\/wp-content\/uploads\/2023\/03\/screen_2x-2023-03-07T114807.145.jpg 1600w\" sizes=\"auto, (max-width: 512px) 100vw, 512px\" \/><\/a><\/figure>\n<\/div>\n\n\n<p><strong>Przeprowadzamy nast\u0119puj\u0105ce kursy obs\u0142ugi i konserwacji:<\/strong>&nbsp;<\/p>\n\n\n\n<ul class=\"wp-block-list\">\n<li>podest\u00f3w ruchomych stacjonarnych,&nbsp;<\/li>\n\n\n\n<li>podest\u00f3w ruchomych przejezdnych,&nbsp;<\/li>\n\n\n\n<li>podest\u00f3w u\u017cywanych na pojazdach kolejowych,&nbsp;<\/li>\n\n\n\n<li>podest\u00f3w ruchomych wisz\u0105cych.&nbsp;<\/li>\n<\/ul>\n\n\n\n<h2 class=\"wp-block-heading\">Gdzie mo\u017cna pracowa\u0107 po kursie?&nbsp;<\/h2>\n\n\n\n<p>Umiej\u0119tno\u015b\u0107 obs\u0142ugi podest\u00f3w ruchomych pozwala na podj\u0119cie pracy w r\u00f3\u017cnych bran\u017cach. Urz\u0105dzenia te s\u0105 wykorzystywane do pracy mi\u0119dzy innymi:&nbsp;<\/p>\n\n\n\n<ul class=\"wp-block-list\">\n<li>w zak\u0142adach przemys\u0142owych,&nbsp;<\/li>\n\n\n\n<li>na budowach,&nbsp;<\/li>\n\n\n\n<li>w magazynach,&nbsp;<\/li>\n\n\n\n<li>na wiaduktach,&nbsp;<\/li>\n\n\n\n<li>na mostach,&nbsp;<\/li>\n\n\n\n<li>na okr\u0119tach,<\/li>\n\n\n\n<li>na platformach wiertniczych.&nbsp;<\/li>\n<\/ul>\n\n\n\n<p><strong>&nbsp;Najcz\u0119stsze prace wykonywane przy pomocy podest\u00f3w ruchomych, to:<\/strong>&nbsp;<\/p>\n\n\n\n<ul class=\"wp-block-list\">\n<li>ocieplanie i malowanie elewacji,&nbsp;<\/li>\n\n\n\n<li>czynno\u015bci monta\u017cowe odbywaj\u0105ce si\u0119 na wysoko\u015bci, np. instalowanie reklam o du\u017cej powierzchni,&nbsp;<\/li>\n\n\n\n<li>przeprowadzanie przegl\u0105d\u00f3w element\u00f3w znajduj\u0105cych si\u0119 na wysoko\u015bci,&nbsp;<\/li>\n\n\n\n<li>czyszczenie elewacji budynk\u00f3w,&nbsp;<\/li>\n\n\n\n<li>prace konserwatorskie elewacji,&nbsp;<\/li>\n\n\n\n<li>serwis i naprawa urz\u0105dze\u0144 zamontowanych na elewacji,&nbsp;<\/li>\n\n\n\n<li>mycie okien w budynkach biurowych.&nbsp;<\/li>\n<\/ul>\n\n\n\n<h2 class=\"wp-block-heading\">Warunki uczestnictwa w szkoleniu&nbsp;<\/h2>\n\n\n\n<ul class=\"wp-block-list\">\n<li>pe\u0142noletno\u015b\u0107,&nbsp;<\/li>\n\n\n\n<li>minimum podstawowe wykszta\u0142cenie,&nbsp;<\/li>\n\n\n\n<li>brak przeciwskaza\u0144 zdrowotnych do wykonywania zawodu, potwierdzone przez za\u015bwiadczenie lekarskie.&nbsp;<\/li>\n<\/ul>\n\n\n\n<h2 class=\"wp-block-heading\">Co oferujemy?<\/h2>\n\n\n<div class=\"wp-block-image\">\n<figure class=\"alignright size-large is-resized\"><a href=\"https:\/\/kursy-udt.pl\/wp-content\/uploads\/2023\/03\/screen_2x-2023-03-07T115415.895.jpg\"><img loading=\"lazy\" decoding=\"async\" src=\"https:\/\/kursy-udt.pl\/wp-content\/uploads\/2023\/03\/screen_2x-2023-03-07T115415.895-1024x683.jpg\" alt=\"podest masztowy na tle budynk\u00f3w\" class=\"wp-image-5347\" width=\"512\" height=\"342\" srcset=\"https:\/\/kursy-udt.pl\/wp-content\/uploads\/2023\/03\/screen_2x-2023-03-07T115415.895-1024x683.jpg 1024w, https:\/\/kursy-udt.pl\/wp-content\/uploads\/2023\/03\/screen_2x-2023-03-07T115415.895-300x200.jpg 300w, https:\/\/kursy-udt.pl\/wp-content\/uploads\/2023\/03\/screen_2x-2023-03-07T115415.895-768x512.jpg 768w, https:\/\/kursy-udt.pl\/wp-content\/uploads\/2023\/03\/screen_2x-2023-03-07T115415.895-1536x1024.jpg 1536w, https:\/\/kursy-udt.pl\/wp-content\/uploads\/2023\/03\/screen_2x-2023-03-07T115415.895-18x12.jpg 18w, https:\/\/kursy-udt.pl\/wp-content\/uploads\/2023\/03\/screen_2x-2023-03-07T115415.895-624x416.jpg 624w, https:\/\/kursy-udt.pl\/wp-content\/uploads\/2023\/03\/screen_2x-2023-03-07T115415.895.jpg 1600w\" sizes=\"auto, (max-width: 512px) 100vw, 512px\" \/><\/a><\/figure>\n<\/div>\n\n\n<ul class=\"wp-block-list\">\n<li>pe\u0142ne szkolenie, obejmuj\u0105ce:&nbsp;\n<ul class=\"wp-block-list\">\n<li>cz\u0119\u015b\u0107 teoretyczn\u0105,&nbsp;<\/li>\n\n\n\n<li>cz\u0119\u015b\u0107 praktyczn\u0105,&nbsp;<\/li>\n<\/ul>\n<\/li>\n\n\n\n<li>materia\u0142y szkoleniowe,&nbsp;<\/li>\n\n\n\n<li>pomoc w za\u0142atwieniu wszystkich formalno\u015bci zwi\u0105zanych z egzaminem UDT.&nbsp;<\/li>\n<\/ul>\n\n\n\n<h2 class=\"wp-block-heading\">Inne nasze kursy&nbsp;<\/h2>\n\n\n\n<p>W naszej firmie posiadamy szerok\u0105 ofert\u0119 kurs\u00f3w. Opr\u00f3cz wy\u017cej opisanego kursu na podesty ruchome prowadzimy mi\u0119dzy innymi:&nbsp;<\/p>\n\n\n\n<ul class=\"wp-block-list\">\n<li>kurs prac alpinistycznych,&nbsp;<\/li>\n\n\n\n<li>kurs obs\u0142ugi i konserwacji \u017curawi wie\u017cowych,&nbsp;<\/li>\n\n\n\n<li>kurs obs\u0142ugi i konserwacji d\u017awig\u00f3w,&nbsp;<\/li>\n\n\n\n<li>kurs obs\u0142ugi i konserwacji suwnic,&nbsp;<\/li>\n\n\n\n<li>kurs obs\u0142ugi i konserwacji w\u00f3zk\u00f3w wid\u0142owych,&nbsp;<\/li>\n\n\n\n<li>kurs obs\u0142ugi i konserwacji \u017curawi HDS.<\/li>\n<\/ul>\n\n\n\n<h2 class=\"wp-block-heading\">Pytania i odpowiedzi<\/h2>\n\n\n\t\t<details\t\thelp class=\"sc_fs_faq sc_card    \"\n\t\topen\t\t>\n\t\t\t\t\t<summary>\n\t\t\t\t<h3>Jakie s\u0105 warunki uczestnictwa w kursie?<\/h3>\t\t\t\t\t<\/summary>\n\t\t\t\t<div>\n\t\t\t\t\t\t<div class=\"sc_fs_faq__content\">\n\t\t\t\t\n\n<p>Trzeba mie\u0107 minimum 18 lat, uko\u0144czy\u0107 co najmniej szko\u0142\u0119 podstawow\u0105 i okaza\u0107 za\u015bwiadczenie od lekarza medycyny pracy.<\/p>\n\n\t\t\t<\/div>\n\t\t<\/div>\n\t\t<\/details>\n\t\t\t\t<details\t\thelp class=\"sc_fs_faq sc_card    \"\n\t\t\t\t>\n\t\t\t\t\t<summary>\n\t\t\t\t<h3>Gdzie mo\u017cna pracowa\u0107 z uprawnieniami na podesty ruchome?<\/h3>\t\t\t\t\t<\/summary>\n\t\t\t\t<div>\n\t\t\t\t\t\t<div class=\"sc_fs_faq__content\">\n\t\t\t\t\n\n<p>Posiadaj\u0105c uprawnienia UDT, mo\u017cesz pracowa\u0107 m.in. w magazynach, zak\u0142adach przemys\u0142owych, na budowie, na platformie wiertniczej, na okr\u0119tach, masztach, wiaduktach.<\/p>\n\n\t\t\t<\/div>\n\t\t<\/div>\n\t\t<\/details>\n\t\t\t\t<details\t\thelp class=\"sc_fs_faq sc_card    \"\n\t\t\t\t>\n\t\t\t\t\t<summary>\n\t\t\t\t<h3>Czy prowadzicie te\u017c kursy obs\u0142ugi w\u00f3zk\u00f3w wid\u0142owych?<\/h3>\t\t\t\t\t<\/summary>\n\t\t\t\t<div>\n\t\t\t\t\t\t<div class=\"sc_fs_faq__content\">\n\t\t\t\t\n\n<p>Tak. Nasza firma ma szerok\u0105 ofert\u0119 kurs\u00f3w obs\u0142ugi i konserwacji r\u00f3\u017cnych urz\u0105dze\u0144.<\/p>\n\n\t\t\t<\/div>\n\t\t<\/div>\n\t\t<\/details>\n\t\t\n<script type=\"application\/ld+json\">\n\t{\n\t\t\"@context\": \"https:\/\/schema.org\",\n\t\t\"@type\": \"FAQPage\",\n\t\t\"mainEntity\": [\n\t\t\t\t\t{\n\t\t\t\t\"@type\": \"Question\",\n\t\t\t\t\"name\": \"Jakie s\u0105 warunki uczestnictwa w kursie?\",\n\t\t\t\t\"acceptedAnswer\": {\n\t\t\t\t\t\"@type\": \"Answer\",\n\t\t\t\t\t\"text\": \"<p>Trzeba mie\u0107 minimum 18 lat, uko\u0144czy\u0107 co najmniej szko\u0142\u0119 podstawow\u0105 i okaza\u0107 za\u015bwiadczenie od lekarza medycyny pracy.<\/p>\"\n\t\t\t\t\t\t\t\t\t}\n\t\t\t}\n\t\t\t,\t\t\t\t{\n\t\t\t\t\"@type\": \"Question\",\n\t\t\t\t\"name\": \"Gdzie mo\u017cna pracowa\u0107 z uprawnieniami na podesty ruchome?\",\n\t\t\t\t\"acceptedAnswer\": {\n\t\t\t\t\t\"@type\": \"Answer\",\n\t\t\t\t\t\"text\": \"<p>Posiadaj\u0105c uprawnienia UDT, mo\u017cesz pracowa\u0107 m.in. w magazynach, zak\u0142adach przemys\u0142owych, na budowie, na platformie wiertniczej, na okr\u0119tach, masztach, wiaduktach.<\/p>\"\n\t\t\t\t\t\t\t\t\t}\n\t\t\t}\n\t\t\t,\t\t\t\t{\n\t\t\t\t\"@type\": \"Question\",\n\t\t\t\t\"name\": \"Czy prowadzicie te\u017c kursy obs\u0142ugi w\u00f3zk\u00f3w wid\u0142owych?\",\n\t\t\t\t\"acceptedAnswer\": {\n\t\t\t\t\t\"@type\": \"Answer\",\n\t\t\t\t\t\"text\": \"<p>Tak. Nasza firma ma szerok\u0105 ofert\u0119 kurs\u00f3w obs\u0142ugi i konserwacji r\u00f3\u017cnych urz\u0105dze\u0144.<\/p>\"\n\t\t\t\t\t\t\t\t\t}\n\t\t\t}\n\t\t\t\t\t\t]\n\t}\n<\/script>\n","protected":false},"excerpt":{"rendered":"<p>Szkolenie operatora podest\u00f3w ruchomych masztowych&nbsp; Zadaniem szkolenia jest przygotowanie kursanta do egzaminu przed komisj\u0105 Urz\u0119du Dozoru Technicznego. Osoba uczestnicz\u0105ca w zaj\u0119ciach z teorii i praktyki obs\u0142ugi podest\u00f3w ruchomych, kt\u00f3ra uzyska wynik pozytywny na egzaminie, otrzyma za\u015bwiadczenie kwalifikacyjne do pracy na tych urz\u0105dzeniach.&nbsp; Zakres kursu&nbsp; Szkolenia prowadzone przez firm\u0119 ODK ERGON obejmuj\u0105 wszystkie kwestie wymagane do uzyskania nowego zawodu. Oto g\u0142\u00f3wne z nich:&nbsp; Jak wygl\u0105da praca operatora?&nbsp; Podczas pracy operator podestu masztowego powinien stale monitorowa\u0107 swoje otoczenie i wykaza\u0107 si\u0119 zdolno\u015bci\u0105 do szybkiego reagowania w przypadku nieprzewidzianych sytuacji. Operator musi tak\u017ce regularnie sprawdza\u0107 stan techniczny podestu, a tak\u017ce dba\u0107 o jego utrzymanie w czysto\u015bci i porz\u0105dku.&nbsp; Operator podestu masztowego jest r\u00f3wnie\u017c odpowiedzialny za przygotowanie podestu do pracy, co obejmuje sprawdzenie stanu baterii, oleju i innych p\u0142yn\u00f3w, jak r\u00f3wnie\u017c sprawdzenie stanu technicznego i bezpiecze\u0144stwa maszyny. W przypadku wykrycia jakiejkolwiek usterki operator powinien niezw\u0142ocznie powiadomi\u0107 swojego prze\u0142o\u017conego i nie u\u017cywa\u0107 podestu, dop\u00f3ki usterka nie zostanie naprawiona.&nbsp; Dlaczego my?&nbsp; Jeste\u015bmy firm\u0105 specjalizuj\u0105c\u0105 si\u0119 w prowadzeniu kompleksowych szkole\u0144 mi\u0119dzy innymi na obs\u0142ug\u0119 i konserwacj\u0119 podest\u00f3w ruchomych. Posiadamy wykwalifikowan\u0105 kadr\u0119 pracownik\u00f3w, kt\u00f3ra posiada du\u017ce do\u015bwiadczenie w nauczaniu. Nasze zaj\u0119cia spe\u0142niaj\u0105 wymogi Urz\u0119du Dozoru Technicznego i przygotowuj\u0105 do pracy na wszystkich rodzajach podest\u00f3w ruchomych, zw\u0142aszcza na popularnych podno\u015bnikach koszowych czy no\u017cycowych.&nbsp;&nbsp; Praca jako operator podest\u00f3w ruchomych jest odpowiedzialnym zadaniem, poniewa\u017c podnoszenie ludzi lub \u0142adunk\u00f3w na odpowiedni\u0105 wysoko\u015b\u0107 wymaga stosownej wiedzy. Podczas naszego szkolenia mo\u017cna gruntownie przygotowa\u0107 si\u0119 wykonywania nowego zawodu.&nbsp;&nbsp;&nbsp; Przeprowadzamy nast\u0119puj\u0105ce kursy obs\u0142ugi i konserwacji:&nbsp; Gdzie mo\u017cna pracowa\u0107 po kursie?&nbsp; Umiej\u0119tno\u015b\u0107 obs\u0142ugi podest\u00f3w ruchomych pozwala na podj\u0119cie pracy w r\u00f3\u017cnych bran\u017cach. [&hellip;]<\/p>\n","protected":false},"author":6,"featured_media":5347,"parent":2721,"menu_order":0,"comment_status":"closed","ping_status":"closed","template":"","meta":{"sfsi_plus_gutenberg_text_before_share":"","sfsi_plus_gutenberg_show_text_before_share":"","sfsi_plus_gutenberg_icon_type":"","sfsi_plus_gutenberg_icon_alignemt":"","sfsi_plus_gutenburg_max_per_row":"","footnotes":""},"class_list":["post-5343","page","type-page","status-publish","has-post-thumbnail","hentry","has_thumb"],"aioseo_notices":[],"_links":{"self":[{"href":"https:\/\/kursy-udt.pl\/ua\/wp-json\/wp\/v2\/pages\/5343","targetHints":{"allow":["GET"]}}],"collection":[{"href":"https:\/\/kursy-udt.pl\/ua\/wp-json\/wp\/v2\/pages"}],"about":[{"href":"https:\/\/kursy-udt.pl\/ua\/wp-json\/wp\/v2\/types\/page"}],"author":[{"embeddable":true,"href":"https:\/\/kursy-udt.pl\/ua\/wp-json\/wp\/v2\/users\/6"}],"replies":[{"embeddable":true,"href":"https:\/\/kursy-udt.pl\/ua\/wp-json\/wp\/v2\/comments?post=5343"}],"version-history":[{"count":4,"href":"https:\/\/kursy-udt.pl\/ua\/wp-json\/wp\/v2\/pages\/5343\/revisions"}],"predecessor-version":[{"id":5613,"href":"https:\/\/kursy-udt.pl\/ua\/wp-json\/wp\/v2\/pages\/5343\/revisions\/5613"}],"up":[{"embeddable":true,"href":"https:\/\/kursy-udt.pl\/ua\/wp-json\/wp\/v2\/pages\/2721"}],"wp:featuredmedia":[{"embeddable":true,"href":"https:\/\/kursy-udt.pl\/ua\/wp-json\/wp\/v2\/media\/5347"}],"wp:attachment":[{"href":"https:\/\/kursy-udt.pl\/ua\/wp-json\/wp\/v2\/media?parent=5343"}],"curies":[{"name":"wp","href":"https:\/\/api.w.org\/{rel}","templated":true}]}}