{"id":5331,"date":"2023-03-21T12:37:01","date_gmt":"2023-03-21T11:37:01","guid":{"rendered":"https:\/\/kursy-udt.pl\/?page_id=5331"},"modified":"2023-03-21T13:49:08","modified_gmt":"2023-03-21T12:49:08","slug":"%d0%be%d0%bf%d0%b5%d1%80%d0%b0%d1%82%d0%be%d1%80-%d0%bd%d0%b0%d0%b2%d0%b0%d0%bd%d1%82%d0%b0%d0%b6%d1%83%d0%b2%d0%b0%d1%87%d0%b0-%d0%b7%d1%96-%d0%b7%d0%bc%d1%96%d0%bd%d0%bd%d0%b8%d0%bc-%d0%b2%d0%b8","status":"publish","type":"page","link":"https:\/\/kursy-udt.pl\/ua\/szkolenia\/udt-wdt-tdt\/operator-wozka-widlowego-ze-zmiennym-wysiegiem\/","title":{"rendered":"\u041e\u041f\u0415\u0420\u0410\u0422\u041e\u0420 \u041d\u0410\u0412\u0410\u041d\u0422\u0410\u0416\u0423\u0412\u0410\u0427\u0410 \u0417\u0406 \u0417\u041c\u0406\u041d\u041d\u0418\u041c \u0412\u0418\u041b\u042c\u041e\u0422\u041e\u041c"},"content":{"rendered":"\n<h2 class=\"wp-block-heading\">Szkolenie z obs\u0142ugi w\u00f3zka wid\u0142owego z zmiennym wysi\u0119giem&nbsp;<\/h2>\n\n\n\n<p>Organizujemy kompleksowe kursy na operator\u00f3w w\u00f3zk\u00f3w wid\u0142owych specjalizowanych. O\u015brodek Doskonalenia Kadr ERGON to firma z wieloletnim do\u015bwiadczeniem. Nasze kursy przygotowuj\u0105 do r\u00f3\u017cnorodnych warunk\u00f3w pracy oraz pomagaj\u0105 w zdobyciu uprawnie\u0144 wydawanych przez Urz\u0105d Dozoru Technicznego.&nbsp;<\/p>\n\n\n<div class=\"wp-block-image\">\n<figure class=\"alignright size-large is-resized\"><a href=\"https:\/\/kursy-udt.pl\/wp-content\/uploads\/2023\/03\/Deutz_E-DEUTZ-Telehandler.jpg\"><img loading=\"lazy\" decoding=\"async\" src=\"https:\/\/kursy-udt.pl\/wp-content\/uploads\/2023\/03\/Deutz_E-DEUTZ-Telehandler-1024x682.jpg\" alt=\"w\u00f3zek specjalizowany z wid\u0142ami\" class=\"wp-image-5333\" width=\"512\" height=\"341\" srcset=\"https:\/\/kursy-udt.pl\/wp-content\/uploads\/2023\/03\/Deutz_E-DEUTZ-Telehandler-1024x682.jpg 1024w, https:\/\/kursy-udt.pl\/wp-content\/uploads\/2023\/03\/Deutz_E-DEUTZ-Telehandler-300x200.jpg 300w, https:\/\/kursy-udt.pl\/wp-content\/uploads\/2023\/03\/Deutz_E-DEUTZ-Telehandler-768x511.jpg 768w, https:\/\/kursy-udt.pl\/wp-content\/uploads\/2023\/03\/Deutz_E-DEUTZ-Telehandler-18x12.jpg 18w, https:\/\/kursy-udt.pl\/wp-content\/uploads\/2023\/03\/Deutz_E-DEUTZ-Telehandler-624x415.jpg 624w, https:\/\/kursy-udt.pl\/wp-content\/uploads\/2023\/03\/Deutz_E-DEUTZ-Telehandler.jpg 1068w\" sizes=\"auto, (max-width: 512px) 100vw, 512px\" \/><\/a><\/figure>\n<\/div>\n\n\n<h2 class=\"wp-block-heading\">Jak wygl\u0105da kurs?&nbsp;<\/h2>\n\n\n\n<p>W trakcie szkolenia na operatora w\u00f3zka wid\u0142owego specjalizowanego ze zmiennym wysi\u0119giem kursanci b\u0119d\u0105 przygotowywani zar\u00f3wno w zakresie praktycznym, jak i teoretycznym. Nasz materia\u0142 obejmuje m.in.:&nbsp;<\/p>\n\n\n\n<ul class=\"wp-block-list\">\n<li>za\u0142o\u017cenia UDT,&nbsp;<\/li>\n\n\n\n<li>rodzaje maszyn i specyfikacja,&nbsp;<\/li>\n\n\n\n<li>sposoby zapewniania bezpiecznych warunk\u00f3w pracy,&nbsp;<\/li>\n\n\n\n<li>poj\u0119cie stateczno\u015bci oraz momentu wywrotowego,&nbsp;<\/li>\n\n\n\n<li>podsystemy zar\u00f3wno hydrauliczne, jak i elektryczne,&nbsp;<\/li>\n\n\n\n<li>przygotowanie stanowiska pracy,&nbsp;<\/li>\n\n\n\n<li>zagadnienia dotycz\u0105ce ud\u017awigu,&nbsp;<\/li>\n\n\n\n<li>codzienne wyzwania zwi\u0105zane z obs\u0142ug\u0105 w\u00f3zka wid\u0142owego.&nbsp;<\/li>\n<\/ul>\n\n\n\n<p>Umiej\u0119tno\u015bci praktycznych uczymy na najnowszym sprz\u0119cie, na specjalnie do tego przeznaczonych placach manewrowych.&nbsp;<\/p>\n\n\n\n<h2 class=\"wp-block-heading\">Egzamin na uprawnienia&nbsp;<\/h2>\n\n\n\n<p>Szkolenie na operatora w\u00f3zka wid\u0142owego, jak i innych urz\u0105dze\u0144 tej grupy ko\u0144czy w\u0142a\u015bciwy egzamin pa\u0144stwowy przeprowadzany przez komisj\u0119 Urz\u0119du Dozoru Technicznego. Egzamin, tak jak i kurs, dzieli si\u0119 na cz\u0119\u015b\u0107 teoretyczn\u0105 i praktyczn\u0105. Obie maj\u0105 za zadanie sprawdzi\u0107 nabyte umiej\u0119tno\u015bci w zakresie znajomo\u015bci danego sprz\u0119tu oraz jego obs\u0142ugi. Wszystkie zaj\u0119cia, jakie obejmuje nasze szkolenie powinny kompleksowo przygotowa\u0107 do zaliczenia egzaminu.&nbsp;<\/p>\n\n\n\n<h2 class=\"wp-block-heading\">Lokalizacja&nbsp;<\/h2>\n\n\n<div class=\"wp-block-image\">\n<figure class=\"alignright size-large is-resized\"><a href=\"https:\/\/kursy-udt.pl\/wp-content\/uploads\/2023\/03\/ftSijmVobNyJqJmWH7e3.jpg\"><img loading=\"lazy\" decoding=\"async\" src=\"https:\/\/kursy-udt.pl\/wp-content\/uploads\/2023\/03\/ftSijmVobNyJqJmWH7e3-1024x681.jpg\" alt=\"w\u00f3zek wid\u0142owy specjalizowany z \u0142adunkiem\" class=\"wp-image-5334\" width=\"512\" height=\"341\" srcset=\"https:\/\/kursy-udt.pl\/wp-content\/uploads\/2023\/03\/ftSijmVobNyJqJmWH7e3-1024x681.jpg 1024w, https:\/\/kursy-udt.pl\/wp-content\/uploads\/2023\/03\/ftSijmVobNyJqJmWH7e3-300x200.jpg 300w, https:\/\/kursy-udt.pl\/wp-content\/uploads\/2023\/03\/ftSijmVobNyJqJmWH7e3-768x511.jpg 768w, https:\/\/kursy-udt.pl\/wp-content\/uploads\/2023\/03\/ftSijmVobNyJqJmWH7e3-18x12.jpg 18w, https:\/\/kursy-udt.pl\/wp-content\/uploads\/2023\/03\/ftSijmVobNyJqJmWH7e3-624x415.jpg 624w, https:\/\/kursy-udt.pl\/wp-content\/uploads\/2023\/03\/ftSijmVobNyJqJmWH7e3.jpg 1100w\" sizes=\"auto, (max-width: 512px) 100vw, 512px\" \/><\/a><\/figure>\n<\/div>\n\n\n<p>Szkolenia prowadzimy w Warszawie, gdzie znajduje si\u0119 nasza g\u0142\u00f3wna siedziba, ale r\u00f3wnie\u017c i wsz\u0119dzie tam, gdzie znajduj\u0105 si\u0119 nasze plac\u00f3wki regionalne. Oferujemy r\u00f3wnie\u017c mo\u017cliwo\u015b\u0107 zaj\u0119\u0107 z dojazdem do klient\u00f3w. Kurs mo\u017ce mie\u0107 form\u0119:&nbsp;<\/p>\n\n\n\n<ul class=\"wp-block-list\">\n<li>zamkni\u0119t\u0105,&nbsp;<\/li>\n\n\n\n<li>otwart\u0105.&nbsp;<\/li>\n<\/ul>\n\n\n\n<p>Pozosta\u0142e aspekty takie, jak terminy uzale\u017cnione s\u0105 od zainteresowania danym kursem.&nbsp;<\/p>\n\n\n\n<h2 class=\"wp-block-heading\">Cele szkoleniowe&nbsp;<\/h2>\n\n\n\n<p>Osoba ko\u0144cz\u0105ca nasz kurs powinna posiada\u0107 kwalifikacje pozwalaj\u0105ce jej zajmowa\u0107 si\u0119 obs\u0142ug\u0105 w\u00f3zk\u00f3w wid\u0142owych ze zmiennym wysi\u0119giem, potocznie zwanymi \u0142adowarkami teleskopowymi, a tak\u017ce umie\u0107 radzi\u0107 sobie z prac\u0105 w r\u00f3\u017cnych warunkach. Powinna tak\u017ce orientowa\u0107 si\u0119 w specyfikacjach technicznych r\u00f3\u017cnych typ\u00f3w w\u00f3zk\u00f3w oraz radzi\u0107 sobie z wykrywaniem usterek i bezpieczn\u0105 eksploatacj\u0105.&nbsp;<\/p>\n\n\n\n<h2 class=\"wp-block-heading\">Stanowisko operatora&nbsp;<\/h2>\n\n\n\n<p>Po otrzymaniu uprawnie\u0144 na operatora w\u00f3zka wid\u0142owego, absolwent kursu powinien z \u0142atwo\u015bci\u0105 poradzi\u0107 sobie ze znalezieniem pracy w:&nbsp;<\/p>\n\n\n\n<ul class=\"wp-block-list\">\n<li>halach produkcyjnych,&nbsp;<\/li>\n\n\n\n<li>fabrykach,&nbsp;<\/li>\n\n\n\n<li>magazynach,&nbsp;<\/li>\n\n\n\n<li>transporcie,&nbsp;&nbsp;<\/li>\n\n\n\n<li>przy innych pracach prze\u0142adunkowych i za\u0142adunkowych.&nbsp;&nbsp;<\/li>\n<\/ul>\n\n\n\n<p>Oferujemy tak\u017ce szkolenia z obs\u0142ugi, konserwacji i serwisu innych urz\u0105dze\u0144 transportu bliskiego, jak \u0142adowarki teleskopowe, suwnice, d\u017awigi HDS i inne. Sami r\u00f3wnie\u017c prowadzimy serwis oraz zajmujemy si\u0119 sprzeda\u017c\u0105 nowego i u\u017cywanego sprz\u0119tu.&nbsp;<\/p>\n\n\n\n<p><strong>Obs\u0142ugujemy w\u00f3zki marek:&nbsp;<\/strong><\/p>\n\n\n\n<div class=\"wp-block-columns is-layout-flex wp-container-core-columns-is-layout-9d6595d7 wp-block-columns-is-layout-flex\">\n<div class=\"wp-block-column is-layout-flow wp-block-column-is-layout-flow\">\n<ul class=\"wp-block-list\">\n<li>Jungheinrich,&nbsp;&nbsp;<\/li>\n\n\n\n<li>Toyota,&nbsp;&nbsp;<\/li>\n\n\n\n<li>BT,&nbsp;&nbsp;<\/li>\n\n\n\n<li>Still,&nbsp;&nbsp;<\/li>\n\n\n\n<li>Linde,&nbsp;&nbsp;<\/li>\n\n\n\n<li>Nissan,&nbsp;&nbsp;<\/li>\n<\/ul>\n<\/div>\n\n\n\n<div class=\"wp-block-column is-layout-flow wp-block-column-is-layout-flow\">\n<ul class=\"wp-block-list\">\n<li>Komatsu,&nbsp;&nbsp;<\/li>\n\n\n\n<li>Mitsubishi,&nbsp;&nbsp;<\/li>\n\n\n\n<li>Hyster,&nbsp;&nbsp;<\/li>\n\n\n\n<li>Yale,&nbsp;&nbsp;<\/li>\n\n\n\n<li>OMV,&nbsp;&nbsp;<\/li>\n\n\n\n<li>Clark,&nbsp;&nbsp;<\/li>\n<\/ul>\n<\/div>\n\n\n\n<div class=\"wp-block-column is-layout-flow wp-block-column-is-layout-flow\">\n<ul class=\"wp-block-list\">\n<li>Bauman,&nbsp;&nbsp;<\/li>\n\n\n\n<li>Taski,&nbsp;&nbsp;<\/li>\n\n\n\n<li>Hako,&nbsp;&nbsp;<\/li>\n\n\n\n<li>HC,&nbsp;&nbsp;<\/li>\n\n\n\n<li>OMG,&nbsp;&nbsp;<\/li>\n\n\n\n<li>Manitou,&nbsp;&nbsp;<\/li>\n\n\n\n<li>Hyundai. &nbsp;<\/li>\n<\/ul>\n<\/div>\n<\/div>\n\n\n\n<p><\/p>\n\n\n\n<h2 class=\"wp-block-heading\">Wymagania&nbsp;<\/h2>\n\n\n\n<p>Wszyscy ch\u0119tni do wzi\u0119cia udzia\u0142u w kursie musz\u0105:&nbsp;&nbsp;&nbsp;<\/p>\n\n\n\n<ul class=\"wp-block-list\">\n<li>by\u0107 osobami pe\u0142noletnimi,&nbsp;&nbsp;&nbsp;<\/li>\n\n\n\n<li>nie mie\u0107 przeciwskaza\u0144 do wykonywania zawodu, co po\u015bwiadczy lekarz,&nbsp;&nbsp;<\/li>\n\n\n\n<li>posiada\u0107 podstawowe lub wy\u017csze wykszta\u0142cenie.&nbsp;<\/li>\n<\/ul>\n\n\n<div class=\"wp-block-image\">\n<figure class=\"alignleft size-full is-resized\"><a href=\"https:\/\/kursy-udt.pl\/wp-content\/uploads\/2023\/03\/XXL.webp\"><img loading=\"lazy\" decoding=\"async\" src=\"https:\/\/kursy-udt.pl\/wp-content\/uploads\/2023\/03\/XXL.webp\" alt=\"\u0142adowarka teleskopowa z operatorem\" class=\"wp-image-5335\" width=\"512\" height=\"342\" srcset=\"https:\/\/kursy-udt.pl\/wp-content\/uploads\/2023\/03\/XXL.webp 1024w, https:\/\/kursy-udt.pl\/wp-content\/uploads\/2023\/03\/XXL-300x200.webp 300w, https:\/\/kursy-udt.pl\/wp-content\/uploads\/2023\/03\/XXL-768x512.webp 768w, https:\/\/kursy-udt.pl\/wp-content\/uploads\/2023\/03\/XXL-18x12.webp 18w, https:\/\/kursy-udt.pl\/wp-content\/uploads\/2023\/03\/XXL-624x416.webp 624w\" sizes=\"auto, (max-width: 512px) 100vw, 512px\" \/><\/a><\/figure>\n<\/div>\n\n\n<h2 class=\"wp-block-heading\">W\u00f3zek wid\u0142owy&nbsp;<\/h2>\n\n\n\n<p>W\u00f3zek wid\u0142owy ze zmiennym wysi\u0119giem to tak zwana \u0142adowarka teleskopowa, s\u0105 to maszyny zaliczane do Urz\u0119du Dozoru Technicznego do kategorii urz\u0105dze\u0144 transportu bliskiego, kt\u00f3rych g\u0142\u00f3wnym zadaniem jest przewo\u017cenie materia\u0142\u00f3w w miejsca trudno dost\u0119pne. Sprawdzaj\u0105 si\u0119 g\u0142\u00f3wnie na halach przemys\u0142owych i w magazynach, ale r\u00f3wnie\u017c w portach, stoczniach czy og\u00f3lnie przemy\u015ble transportowym. Kontrol\u0119 nad w\u00f3zkami wid\u0142owymi, jak i innym sprz\u0119tem tego typu sprawuje UDT. W\u00f3zki wid\u0142owe sk\u0142adaj\u0105 si\u0119 z cz\u0119\u015bci steruj\u0105cej oraz osprz\u0119tu, s\u0142u\u017c\u0105cego do podnoszenia materia\u0142u i uk\u0142adania.&nbsp;&nbsp;<\/p>\n\n\n\n<h2 class=\"wp-block-heading\">Pytania i odpowiedzi<\/h2>\n\n\n\t\t<details\t\thelp class=\"sc_fs_faq sc_card    \"\n\t\topen\t\t>\n\t\t\t\t\t<summary>\n\t\t\t\t<h3>Jak wygl\u0105da kurs?<\/h3>\t\t\t\t\t<\/summary>\n\t\t\t\t<div>\n\t\t\t\t\t\t<div class=\"sc_fs_faq__content\">\n\t\t\t\t\n\n<p>Dzielimy zaj\u0119cia na cz\u0119\u015b\u0107 teoretyczn\u0105 i praktyczn\u0105. Uczymy obs\u0142ugi, konstrukcji, konserwacji oraz w\u0142a\u015bciwej eksploatacji w\u00f3zk\u00f3w wid\u0142owych.<\/p>\n\n\t\t\t<\/div>\n\t\t<\/div>\n\t\t<\/details>\n\t\t\t\t<details\t\thelp class=\"sc_fs_faq sc_card    \"\n\t\t\t\t>\n\t\t\t\t\t<summary>\n\t\t\t\t<h3>Jakie s\u0105 wymagania dla kursant\u00f3w?<\/h3>\t\t\t\t\t<\/summary>\n\t\t\t\t<div>\n\t\t\t\t\t\t<div class=\"sc_fs_faq__content\">\n\t\t\t\t\n\n<p>Podstawowe wymagania jakie musi spe\u0142ni\u0107 osoba przyst\u0119puj\u0105ca do szkolenia, to: wykszta\u0142cenie podstawowe lub wy\u017csze, pe\u0142noletnio\u015b\u0107 oraz posiadanie odpowiedniego za\u015bwiadczenie medycznego.&nbsp;<\/p>\n\n\t\t\t<\/div>\n\t\t<\/div>\n\t\t<\/details>\n\t\t\t\t<details\t\thelp class=\"sc_fs_faq sc_card    \"\n\t\t\t\t>\n\t\t\t\t\t<summary>\n\t\t\t\t<h3>Jak zdoby\u0107 uprawnienia UDT?<\/h3>\t\t\t\t\t<\/summary>\n\t\t\t\t<div>\n\t\t\t\t\t\t<div class=\"sc_fs_faq__content\">\n\t\t\t\t\n\n<p>W celu zdobycia uprawnie\u0144, nale\u017cy jeszcze zda\u0107 egzamin teoretyczny i praktyczny. Odbywa si\u0119 on przed komisj\u0105 Urz\u0119du Dozoru Technicznego i dopiero po jego zaliczeniu mo\u017cna zyska\u0107 prawo do wykonywania zawodu.&nbsp;<\/p>\n\n\t\t\t<\/div>\n\t\t<\/div>\n\t\t<\/details>\n\t\t\n<script type=\"application\/ld+json\">\n\t{\n\t\t\"@context\": \"https:\/\/schema.org\",\n\t\t\"@type\": \"FAQPage\",\n\t\t\"mainEntity\": [\n\t\t\t\t\t{\n\t\t\t\t\"@type\": \"Question\",\n\t\t\t\t\"name\": \"Jak wygl\u0105da kurs?\",\n\t\t\t\t\"acceptedAnswer\": {\n\t\t\t\t\t\"@type\": \"Answer\",\n\t\t\t\t\t\"text\": \"<p>Dzielimy zaj\u0119cia na cz\u0119\u015b\u0107 teoretyczn\u0105 i praktyczn\u0105. Uczymy obs\u0142ugi, konstrukcji, konserwacji oraz w\u0142a\u015bciwej eksploatacji w\u00f3zk\u00f3w wid\u0142owych.<\/p>\"\n\t\t\t\t\t\t\t\t\t}\n\t\t\t}\n\t\t\t,\t\t\t\t{\n\t\t\t\t\"@type\": \"Question\",\n\t\t\t\t\"name\": \"Jakie s\u0105 wymagania dla kursant\u00f3w?\",\n\t\t\t\t\"acceptedAnswer\": {\n\t\t\t\t\t\"@type\": \"Answer\",\n\t\t\t\t\t\"text\": \"<p>Podstawowe wymagania jakie musi spe\u0142ni\u0107 osoba przyst\u0119puj\u0105ca do szkolenia, to: wykszta\u0142cenie podstawowe lub wy\u017csze, pe\u0142noletnio\u015b\u0107 oraz posiadanie odpowiedniego za\u015bwiadczenie medycznego.&nbsp;<\/p>\"\n\t\t\t\t\t\t\t\t\t}\n\t\t\t}\n\t\t\t,\t\t\t\t{\n\t\t\t\t\"@type\": \"Question\",\n\t\t\t\t\"name\": \"Jak zdoby\u0107 uprawnienia UDT?\",\n\t\t\t\t\"acceptedAnswer\": {\n\t\t\t\t\t\"@type\": \"Answer\",\n\t\t\t\t\t\"text\": \"<p>W celu zdobycia uprawnie\u0144, nale\u017cy jeszcze zda\u0107 egzamin teoretyczny i praktyczny. Odbywa si\u0119 on przed komisj\u0105 Urz\u0119du Dozoru Technicznego i dopiero po jego zaliczeniu mo\u017cna zyska\u0107 prawo do wykonywania zawodu.&nbsp;<\/p>\"\n\t\t\t\t\t\t\t\t\t}\n\t\t\t}\n\t\t\t\t\t\t]\n\t}\n<\/script>\n","protected":false},"excerpt":{"rendered":"<p>Szkolenie z obs\u0142ugi w\u00f3zka wid\u0142owego z zmiennym wysi\u0119giem&nbsp; Organizujemy kompleksowe kursy na operator\u00f3w w\u00f3zk\u00f3w wid\u0142owych specjalizowanych. O\u015brodek Doskonalenia Kadr ERGON to firma z wieloletnim do\u015bwiadczeniem. Nasze kursy przygotowuj\u0105 do r\u00f3\u017cnorodnych warunk\u00f3w pracy oraz pomagaj\u0105 w zdobyciu uprawnie\u0144 wydawanych przez Urz\u0105d Dozoru Technicznego.&nbsp; Jak wygl\u0105da kurs?&nbsp; W trakcie szkolenia na operatora w\u00f3zka wid\u0142owego specjalizowanego ze zmiennym wysi\u0119giem kursanci b\u0119d\u0105 przygotowywani zar\u00f3wno w zakresie praktycznym, jak i teoretycznym. Nasz materia\u0142 obejmuje m.in.:&nbsp; Umiej\u0119tno\u015bci praktycznych uczymy na najnowszym sprz\u0119cie, na specjalnie do tego przeznaczonych placach manewrowych.&nbsp; Egzamin na uprawnienia&nbsp; Szkolenie na operatora w\u00f3zka wid\u0142owego, jak i innych urz\u0105dze\u0144 tej grupy ko\u0144czy w\u0142a\u015bciwy egzamin pa\u0144stwowy przeprowadzany przez komisj\u0119 Urz\u0119du Dozoru Technicznego. Egzamin, tak jak i kurs, dzieli si\u0119 na cz\u0119\u015b\u0107 teoretyczn\u0105 i praktyczn\u0105. Obie maj\u0105 za zadanie sprawdzi\u0107 nabyte umiej\u0119tno\u015bci w zakresie znajomo\u015bci danego sprz\u0119tu oraz jego obs\u0142ugi. Wszystkie zaj\u0119cia, jakie obejmuje nasze szkolenie powinny kompleksowo przygotowa\u0107 do zaliczenia egzaminu.&nbsp; Lokalizacja&nbsp; Szkolenia prowadzimy w Warszawie, gdzie znajduje si\u0119 nasza g\u0142\u00f3wna siedziba, ale r\u00f3wnie\u017c i wsz\u0119dzie tam, gdzie znajduj\u0105 si\u0119 nasze plac\u00f3wki regionalne. Oferujemy r\u00f3wnie\u017c mo\u017cliwo\u015b\u0107 zaj\u0119\u0107 z dojazdem do klient\u00f3w. Kurs mo\u017ce mie\u0107 form\u0119:&nbsp; Pozosta\u0142e aspekty takie, jak terminy uzale\u017cnione s\u0105 od zainteresowania danym kursem.&nbsp; Cele szkoleniowe&nbsp; Osoba ko\u0144cz\u0105ca nasz kurs powinna posiada\u0107 kwalifikacje pozwalaj\u0105ce jej zajmowa\u0107 si\u0119 obs\u0142ug\u0105 w\u00f3zk\u00f3w wid\u0142owych ze zmiennym wysi\u0119giem, potocznie zwanymi \u0142adowarkami teleskopowymi, a tak\u017ce umie\u0107 radzi\u0107 sobie z prac\u0105 w r\u00f3\u017cnych warunkach. Powinna tak\u017ce orientowa\u0107 si\u0119 w specyfikacjach technicznych r\u00f3\u017cnych typ\u00f3w w\u00f3zk\u00f3w oraz radzi\u0107 sobie z wykrywaniem usterek i bezpieczn\u0105 eksploatacj\u0105.&nbsp; Stanowisko operatora&nbsp; Po otrzymaniu uprawnie\u0144 na operatora w\u00f3zka wid\u0142owego, absolwent kursu powinien [&hellip;]<\/p>\n","protected":false},"author":6,"featured_media":5333,"parent":2721,"menu_order":0,"comment_status":"closed","ping_status":"closed","template":"","meta":{"sfsi_plus_gutenberg_text_before_share":"","sfsi_plus_gutenberg_show_text_before_share":"","sfsi_plus_gutenberg_icon_type":"","sfsi_plus_gutenberg_icon_alignemt":"","sfsi_plus_gutenburg_max_per_row":"","footnotes":""},"class_list":["post-5331","page","type-page","status-publish","has-post-thumbnail","hentry","has_thumb"],"aioseo_notices":[],"_links":{"self":[{"href":"https:\/\/kursy-udt.pl\/ua\/wp-json\/wp\/v2\/pages\/5331","targetHints":{"allow":["GET"]}}],"collection":[{"href":"https:\/\/kursy-udt.pl\/ua\/wp-json\/wp\/v2\/pages"}],"about":[{"href":"https:\/\/kursy-udt.pl\/ua\/wp-json\/wp\/v2\/types\/page"}],"author":[{"embeddable":true,"href":"https:\/\/kursy-udt.pl\/ua\/wp-json\/wp\/v2\/users\/6"}],"replies":[{"embeddable":true,"href":"https:\/\/kursy-udt.pl\/ua\/wp-json\/wp\/v2\/comments?post=5331"}],"version-history":[{"count":3,"href":"https:\/\/kursy-udt.pl\/ua\/wp-json\/wp\/v2\/pages\/5331\/revisions"}],"predecessor-version":[{"id":5611,"href":"https:\/\/kursy-udt.pl\/ua\/wp-json\/wp\/v2\/pages\/5331\/revisions\/5611"}],"up":[{"embeddable":true,"href":"https:\/\/kursy-udt.pl\/ua\/wp-json\/wp\/v2\/pages\/2721"}],"wp:featuredmedia":[{"embeddable":true,"href":"https:\/\/kursy-udt.pl\/ua\/wp-json\/wp\/v2\/media\/5333"}],"wp:attachment":[{"href":"https:\/\/kursy-udt.pl\/ua\/wp-json\/wp\/v2\/media?parent=5331"}],"curies":[{"name":"wp","href":"https:\/\/api.w.org\/{rel}","templated":true}]}}