{"id":5295,"date":"2023-03-21T12:09:56","date_gmt":"2023-03-21T11:09:56","guid":{"rendered":"https:\/\/kursy-udt.pl\/?page_id=5295"},"modified":"2023-03-21T15:58:08","modified_gmt":"2023-03-21T14:58:08","slug":"%d1%81%d0%bb%d1%8e%d1%81%d0%b0%d1%80-%d0%b7-%d0%be%d0%b1%d1%81%d0%bb%d1%83%d0%b3%d0%be%d0%b2%d1%83%d0%b2%d0%b0%d0%bd%d0%bd%d1%8f-%d0%bc%d0%be%d0%b1%d1%96%d0%bb%d1%8c%d0%bd%d0%b8%d1%85-%d1%96-%d0%bf","status":"publish","type":"page","link":"https:\/\/kursy-udt.pl\/ua\/szkolenia\/udt-wdt-tdt\/konserwator-zurawi-przenosnych-i-przewoznych\/","title":{"rendered":"\u041a\u0443\u0440\u0441 \u043d\u0430 \u043e\u0442\u0440\u0438\u043c\u0430\u043d\u043d\u044f \u043b\u0456\u0446\u0435\u043d\u0437\u0456\u0457 \u043d\u0430 \u043e\u0431\u0441\u043b\u0443\u0433\u043e\u0432\u0443\u0432\u0430\u043d\u043d\u044f \u043a\u0440\u0430\u043d\u0456\u0432"},"content":{"rendered":"\n<h2 class=\"wp-block-heading\">Szkolenie na uprawnienia konserwatora \u017curawi przewo\u017anych i przeno\u015bnych&nbsp;<\/h2>\n\n\n\n<p>Prowadzimy profesjonalne szkolenia oparte na do\u015bwiadczeniu specjalist\u00f3w z bran\u017cy. Jeste\u015bmy na rynku ju\u017c od wielu lat. Aby m\u00f3c pracowa\u0107 jako konserwator maszyn transportu bliskiego, niezb\u0119dnym jest zdobycie uprawnie\u0144 wydawanych przed UDT.&nbsp;&nbsp;<\/p>\n\n\n\n<p>Zaj\u0119cia pomog\u0105 Pa\u0144stwu naby\u0107 wiedz\u0119 i umiej\u0119tno\u015bci pozwalaj\u0105ce przyst\u0105pi\u0107 do egzaminu pa\u0144stwowego.&nbsp;<\/p>\n\n\n\n<h2 class=\"wp-block-heading\">Jak wygl\u0105da szkolenie?<\/h2>\n\n\n<div class=\"wp-block-image\">\n<figure class=\"alignright size-large is-resized\"><a href=\"https:\/\/kursy-udt.pl\/wp-content\/uploads\/2023\/03\/screen_2x-2023-03-06T150800.370.jpg\"><img loading=\"lazy\" decoding=\"async\" src=\"https:\/\/kursy-udt.pl\/wp-content\/uploads\/2023\/03\/screen_2x-2023-03-06T150800.370-1024x683.jpg\" alt=\"\u017curawie samojezdne na placu manewrowym\" class=\"wp-image-5297\" width=\"512\" height=\"342\" srcset=\"https:\/\/kursy-udt.pl\/wp-content\/uploads\/2023\/03\/screen_2x-2023-03-06T150800.370-1024x683.jpg 1024w, https:\/\/kursy-udt.pl\/wp-content\/uploads\/2023\/03\/screen_2x-2023-03-06T150800.370-300x200.jpg 300w, https:\/\/kursy-udt.pl\/wp-content\/uploads\/2023\/03\/screen_2x-2023-03-06T150800.370-768x512.jpg 768w, https:\/\/kursy-udt.pl\/wp-content\/uploads\/2023\/03\/screen_2x-2023-03-06T150800.370-1536x1024.jpg 1536w, https:\/\/kursy-udt.pl\/wp-content\/uploads\/2023\/03\/screen_2x-2023-03-06T150800.370-18x12.jpg 18w, https:\/\/kursy-udt.pl\/wp-content\/uploads\/2023\/03\/screen_2x-2023-03-06T150800.370-624x416.jpg 624w, https:\/\/kursy-udt.pl\/wp-content\/uploads\/2023\/03\/screen_2x-2023-03-06T150800.370.jpg 1600w\" sizes=\"auto, (max-width: 512px) 100vw, 512px\" \/><\/a><\/figure>\n<\/div>\n\n\n<p>Szkolenie podzielone jest na cz\u0119\u015b\u0107 teoretyczn\u0105, kt\u00f3r\u0105 mo\u017cna odby\u0107 zdalnie oraz praktyczn\u0105. Udost\u0119pniamy profesjonalny sprz\u0119t do trening\u00f3w umiej\u0119tno\u015bci. Gwarantujemy pe\u0142ne wsparcie ekspert\u00f3w i dost\u0119p do specjalnie opracowanych dla Pa\u0144stwa materia\u0142\u00f3w dydaktycznych.&nbsp;<\/p>\n\n\n\n<h2 class=\"wp-block-heading\">Program szkolenia na konserwatora \u017curawi&nbsp;<\/h2>\n\n\n\n<p><strong>Nasze zaj\u0119cia obejmuj\u0105 nast\u0119puj\u0105ce zagadnienia:&nbsp;<\/strong><\/p>\n\n\n\n<ul class=\"wp-block-list\">\n<li>prowadzenie dokumentacji technicznej;&nbsp;<\/li>\n\n\n\n<li>budowa \u017curawi;&nbsp;<\/li>\n\n\n\n<li>zagro\u017cenia i bezpiecze\u0144stwo;&nbsp;<\/li>\n\n\n\n<li>zasady prawid\u0142owej eksploatacji;&nbsp;<\/li>\n\n\n\n<li>obowi\u0105zki i uprawnienia konserwatora;&nbsp;<\/li>\n\n\n\n<li>zasady BHP;&nbsp;<\/li>\n\n\n\n<li>najcz\u0119stsze usterki;&nbsp;<\/li>\n\n\n\n<li>plan konserwacji;&nbsp;<\/li>\n\n\n\n<li>warsztaty z u\u017cyciem maszyn.&nbsp;<\/li>\n<\/ul>\n\n\n\n<p>W swojej ofercie posiadamy r\u00f3wnie\u017c szkolenia z obs\u0142ugi i konserwacji pozosta\u0142ych maszyn UDT i TDT, m.in. w\u00f3zk\u00f3w wid\u0142owych, \u0142adowarek teleskopowych czy suwnic.&nbsp;<\/p>\n\n\n\n<h2 class=\"wp-block-heading\">Dlaczego warto zrobi\u0107 kurs konserwatora \u017curawi?&nbsp;<\/h2>\n\n\n\n<p>Jako osoba posiadaj\u0105ca uprawnienia pa\u0144stwowe na konserwatora UDB, stajesz si\u0119 bardziej po\u017c\u0105dany na rynku pracy. Uprawnienia UDT daj\u0105 mo\u017cliwo\u015b\u0107 wy\u017cszych zarobk\u00f3w. Dodatkowo zaw\u00f3d ten jest stabilny. Szkolenie konserwatora \u017curawi samojezdnych i przeno\u015bnych daje r\u00f3wnie\u017c uprawnienia do konserwacji \u017curawi stacjonarnych i wci\u0105gnik\u00f3w oraz wci\u0105garek og\u00f3lnego przeznaczenia.&nbsp;&nbsp;<\/p>\n\n\n\n<h2 class=\"wp-block-heading\">Wa\u017cno\u015b\u0107 uprawnie\u0144&nbsp;<\/h2>\n\n\n\n<p>Okres wa\u017cno\u015bci uprawnie\u0144<strong> <\/strong>dla \u017curawi prze\u0142adunkowych wynosi 10 lat, natomiast samojezdnych \u2013 5 lat.&nbsp;&nbsp;<\/p>\n\n\n\n<p>Zdanie egzaminu r\u00f3wnoznaczne jest z otrzymaniem \u015bwiadectwa kwalifikacji wydanym przez UDT. Uprawnienia wa\u017cne s\u0105 w Polsce oraz po przet\u0142umaczeniu r\u00f3wnie\u017c w krajach UE.&nbsp;&nbsp;<\/p>\n\n\n\n<h2 class=\"wp-block-heading\">Obowi\u0105zki konserwatora&nbsp;<\/h2>\n\n\n<div class=\"wp-block-image\">\n<figure class=\"alignright size-large is-resized\"><a href=\"https:\/\/kursy-udt.pl\/wp-content\/uploads\/2023\/03\/933a50e71437.jpeg\"><img loading=\"lazy\" decoding=\"async\" src=\"https:\/\/kursy-udt.pl\/wp-content\/uploads\/2023\/03\/933a50e71437-1024x512.jpeg\" alt=\"konserwacja d\u017awigu na zaj\u0119ciach praktycznych\" class=\"wp-image-5298\" width=\"512\" height=\"256\" srcset=\"https:\/\/kursy-udt.pl\/wp-content\/uploads\/2023\/03\/933a50e71437-1024x512.jpeg 1024w, https:\/\/kursy-udt.pl\/wp-content\/uploads\/2023\/03\/933a50e71437-300x150.jpeg 300w, https:\/\/kursy-udt.pl\/wp-content\/uploads\/2023\/03\/933a50e71437-768x384.jpeg 768w, https:\/\/kursy-udt.pl\/wp-content\/uploads\/2023\/03\/933a50e71437-1536x768.jpeg 1536w, https:\/\/kursy-udt.pl\/wp-content\/uploads\/2023\/03\/933a50e71437-18x9.jpeg 18w, https:\/\/kursy-udt.pl\/wp-content\/uploads\/2023\/03\/933a50e71437-624x312.jpeg 624w, https:\/\/kursy-udt.pl\/wp-content\/uploads\/2023\/03\/933a50e71437.jpeg 1920w\" sizes=\"auto, (max-width: 512px) 100vw, 512px\" \/><\/a><\/figure>\n<\/div>\n\n\n<p>Praca konserwatora maszyn UDB, w tym \u017curawi, obejmuje przede wszystkim:&nbsp;<\/p>\n\n\n\n<ul class=\"wp-block-list\">\n<li>przygotowanie urz\u0105dzenia do dopuszczenia do u\u017cytku;&nbsp;&nbsp;<\/li>\n\n\n\n<li>dokumentacj\u0119 maszyny;&nbsp;<\/li>\n\n\n\n<li>bie\u017c\u0105c\u0105 kontrol\u0119 stanu technicznego;&nbsp;<\/li>\n\n\n\n<li>napraw\u0119 usterek;&nbsp;<\/li>\n\n\n\n<li>cykliczne przegl\u0105dy techniczne;&nbsp;<\/li>\n\n\n\n<li>wymian\u0119 element\u00f3w eksploatacyjnych.&nbsp;<\/li>\n<\/ul>\n\n\n\n<p>Oferujemy szkolenia otwarte oraz zamkni\u0119te, kt\u00f3re mo\u017cemy przeprowadzi\u0107 u klienta.&nbsp;&nbsp;<\/p>\n\n\n\n<h2 class=\"wp-block-heading\">Dlaczego warto zdecydowa\u0107 si\u0119 na nasz kurs?&nbsp;<\/h2>\n\n\n\n<p>Wybieraj\u0105c nasze kursy maj\u0105 Pa\u0144stwo pewno\u015b\u0107, \u017ce:&nbsp;<\/p>\n\n\n\n<ul class=\"wp-block-list\">\n<li>prowadz\u0105 je do\u015bwiadczeni szkoleniowcy;&nbsp;<\/li>\n\n\n\n<li>program zaj\u0119\u0107 dopasowany jest do wymaga\u0144 UDT;&nbsp;<\/li>\n\n\n\n<li>cz\u0119\u015b\u0107 teoretyczn\u0105 szkolenia poprowadzi\u0107 mo\u017cemy online;&nbsp;<\/li>\n\n\n\n<li>cz\u0119\u015b\u0107 praktyczna odb\u0119dzie si\u0119 przy u\u017cyciu maszyn, kt\u00f3re obecnie stosowane s\u0105 na placach budowy.&nbsp;<\/li>\n<\/ul>\n\n\n\n<p>Szkolimy na uprawnienia do obs\u0142ugi i konserwacji maszyn takich firm jak: Palfinger, Hiab, Fassi, HMF, Befard, MKG, Bonfiglioli.&nbsp;<\/p>\n\n\n\n<h2 class=\"wp-block-heading\">Kategorie \u017curawi UDT&nbsp;<\/h2>\n\n\n\n<p>Wyr\u00f3\u017cniamy nast\u0119puj\u0105ce kategorie \u017curawi:&nbsp;<\/p>\n\n\n\n<ul class=\"wp-block-list\">\n<li>\u017curawie stacjonarne;&nbsp;<\/li>\n\n\n\n<li>\u017curawie przewo\u017ane i przeno\u015bne;&nbsp;<\/li>\n\n\n\n<li>\u017curawie samojezdne;&nbsp;<\/li>\n\n\n\n<li>\u017curawie szynowe;&nbsp;<\/li>\n\n\n\n<li>\u017curawie wie\u017cowe;&nbsp;&nbsp;<\/li>\n\n\n\n<li>\u017curawie kolejowe i na pojazdach kolejowych;&nbsp;<\/li>\n\n\n\n<li>\u017curawie pok\u0142adowe;&nbsp;<\/li>\n\n\n\n<li>\u017curawie p\u0142ywaj\u0105ce.&nbsp;<\/li>\n<\/ul>\n\n\n\n<h2 class=\"wp-block-heading\">\u017burawie HDS \u2013 przewo\u017ane i przeno\u015bne (prze\u0142adunkowe)&nbsp;<\/h2>\n\n\n\n<p>Hydrauliczne d\u017awigi samochodowe zbudowane s\u0105 z d\u017awignicy umieszczonej na samochodzie ci\u0119\u017carowym, w miejscu mi\u0119dzy kabin\u0105 kierowcy a skrzyni\u0105 albo na tyle pojazdu. Platforma samochodowa posiada rozmieszczone po bokach podpory, kt\u00f3re utrzymuj\u0105 stabilno\u015b\u0107 \u017curawia podczas pracy.&nbsp;&nbsp;<\/p>\n\n\n\n<p><strong>\u017burawie HDS stosuje si\u0119 przede wszystkim przy:<\/strong>&nbsp;<\/p>\n\n\n<div class=\"wp-block-image\">\n<figure class=\"alignright size-large is-resized\"><a href=\"https:\/\/kursy-udt.pl\/wp-content\/uploads\/2023\/03\/screen_2x-2023-03-06T151634.706.jpg\"><img loading=\"lazy\" decoding=\"async\" src=\"https:\/\/kursy-udt.pl\/wp-content\/uploads\/2023\/03\/screen_2x-2023-03-06T151634.706-1024x683.jpg\" alt=\"\u017curaw podczas konserwacji\" class=\"wp-image-5299\" width=\"512\" height=\"342\" srcset=\"https:\/\/kursy-udt.pl\/wp-content\/uploads\/2023\/03\/screen_2x-2023-03-06T151634.706-1024x683.jpg 1024w, https:\/\/kursy-udt.pl\/wp-content\/uploads\/2023\/03\/screen_2x-2023-03-06T151634.706-300x200.jpg 300w, https:\/\/kursy-udt.pl\/wp-content\/uploads\/2023\/03\/screen_2x-2023-03-06T151634.706-768x512.jpg 768w, https:\/\/kursy-udt.pl\/wp-content\/uploads\/2023\/03\/screen_2x-2023-03-06T151634.706-1536x1024.jpg 1536w, https:\/\/kursy-udt.pl\/wp-content\/uploads\/2023\/03\/screen_2x-2023-03-06T151634.706-18x12.jpg 18w, https:\/\/kursy-udt.pl\/wp-content\/uploads\/2023\/03\/screen_2x-2023-03-06T151634.706-624x416.jpg 624w, https:\/\/kursy-udt.pl\/wp-content\/uploads\/2023\/03\/screen_2x-2023-03-06T151634.706.jpg 1600w\" sizes=\"auto, (max-width: 512px) 100vw, 512px\" \/><\/a><\/figure>\n<\/div>\n\n\n<ul class=\"wp-block-list\">\n<li>za\u0142adunku\/ roz\u0142adunku materia\u0142\u00f3w budowlanych i kontener\u00f3w;&nbsp;<\/li>\n\n\n\n<li>mniejszych budowach, kt\u00f3re maj\u0105 utrudniony dost\u0119p dla ci\u0119\u017cszych maszyn;&nbsp;<\/li>\n\n\n\n<li>transporcie materia\u0142\u00f3w budowlanych na wy\u017csze kondygnacje;&nbsp;<\/li>\n\n\n\n<li>wywozie drewna z las\u00f3w.&nbsp;<\/li>\n<\/ul>\n\n\n\n<h2 class=\"wp-block-heading\">\u017burawie samojezdne (d\u017awigi)&nbsp;<\/h2>\n\n\n\n<p>Zbudowane s\u0105 z d\u017awignicy umieszczonej na podwoziu samochodu ci\u0119\u017carowego lub specjalnie skonstruowanym podwoziu samojezdnym. \u017burawie samojezdne posiadaj\u0105 wci\u0105garki i wychylny wysi\u0119gnik.&nbsp;<\/p>\n\n\n\n<p><strong>Zastosowanie \u017curawi samojezdnych<\/strong>&nbsp;<\/p>\n\n\n\n<ul class=\"wp-block-list\">\n<li>prace prze\u0142adunkowe i monta\u017cowe;&nbsp;<\/li>\n\n\n\n<li>du\u017ce magazyny, centra logistyczne.&nbsp;<\/li>\n<\/ul>\n\n\n\n<h2 class=\"wp-block-heading\">Nasze inne szkolenia&nbsp;<\/h2>\n\n\n\n<p>Prowadzimy r\u00f3wnie\u017c szkolenia z konserwacji i obs\u0142ugi pozosta\u0142ych urz\u0105dze\u0144 UDT, takie jak m.in.:&nbsp;<\/p>\n\n\n\n<ul class=\"wp-block-list\">\n<li>operator \u017curawi HDS;&nbsp;<\/li>\n\n\n\n<li>operator w\u00f3zk\u00f3w wid\u0142owych;&nbsp;<\/li>\n\n\n\n<li>konserwator suwnic;&nbsp;<\/li>\n\n\n\n<li>instalator pomp ciep\u0142a.&nbsp;<\/li>\n<\/ul>\n\n\n\n<p>Zapraszamy do kontaktu i zapisania si\u0119 na kompleksowy kurs konserwatora.<\/p>\n\n\n\n<h2 class=\"wp-block-heading\">Pytania i odpowiedzi<\/h2>\n\n\n\t\t<details\t\thelp class=\"sc_fs_faq sc_card    \"\n\t\topen\t\t>\n\t\t\t\t\t<summary>\n\t\t\t\t<h3>Czy kurs konserwatora \u017curawi daje uprawnienia do wykonywania zawodu?<\/h3>\t\t\t\t\t<\/summary>\n\t\t\t\t<div>\n\t\t\t\t\t\t<div class=\"sc_fs_faq__content\">\n\t\t\t\t\n\n<p>Tak, nasze kursy przygotowuj\u0105 do zdania egzaminu pa\u0144stwowego i zdobycia uprawnie\u0144 UDT.<\/p>\n\n\t\t\t<\/div>\n\t\t<\/div>\n\t\t<\/details>\n\t\t\t\t<details\t\thelp class=\"sc_fs_faq sc_card    \"\n\t\t\t\t>\n\t\t\t\t\t<summary>\n\t\t\t\t<h3>Jakich typ\u00f3w \u017curawi dotyczy szkolenie?<\/h3>\t\t\t\t\t<\/summary>\n\t\t\t\t<div>\n\t\t\t\t\t\t<div class=\"sc_fs_faq__content\">\n\t\t\t\t\n\n<p>Prowadzimy szkolenia daj\u0105ce uprawnienia konserwator\u00f3w \u017curawi samojezdnych oraz przeno\u015bnych i przewo\u017anych (tzw. prze\u0142adunkowych).<\/p>\n\n\t\t\t<\/div>\n\t\t<\/div>\n\t\t<\/details>\n\t\t\t\t<details\t\thelp class=\"sc_fs_faq sc_card    \"\n\t\t\t\t>\n\t\t\t\t\t<summary>\n\t\t\t\t<h3>Czy kurs mo\u017cna odbywa\u0107 zdalnie?<\/h3>\t\t\t\t\t<\/summary>\n\t\t\t\t<div>\n\t\t\t\t\t\t<div class=\"sc_fs_faq__content\">\n\t\t\t\t\n\n<p>Tak, istnieje mo\u017cliwo\u015b\u0107 odbycia cz\u0119\u015bci teoretycznej kursu w formie zdalnej.<\/p>\n\n\t\t\t<\/div>\n\t\t<\/div>\n\t\t<\/details>\n\t\t\t\t<details\t\thelp class=\"sc_fs_faq sc_card    \"\n\t\t\t\t>\n\t\t\t\t\t<summary>\n\t\t\t\t<h3>Co daje zdobycie uprawnie\u0144 konserwatora maszyn UDT?<\/h3>\t\t\t\t\t<\/summary>\n\t\t\t\t<div>\n\t\t\t\t\t\t<div class=\"sc_fs_faq__content\">\n\t\t\t\t\n\n<p>Podnosi kwalifikacje i atrakcyjno\u015b\u0107 na rynku pracy, daje mo\u017cliwo\u015b\u0107 podniesienia zarobk\u00f3w oraz stabilizacj\u0119 zawodow\u0105.<\/p>\n\n\t\t\t<\/div>\n\t\t<\/div>\n\t\t<\/details>\n\t\t\n<script type=\"application\/ld+json\">\n\t{\n\t\t\"@context\": \"https:\/\/schema.org\",\n\t\t\"@type\": \"FAQPage\",\n\t\t\"mainEntity\": [\n\t\t\t\t\t{\n\t\t\t\t\"@type\": \"Question\",\n\t\t\t\t\"name\": \"Czy kurs konserwatora \u017curawi daje uprawnienia do wykonywania zawodu?\",\n\t\t\t\t\"acceptedAnswer\": {\n\t\t\t\t\t\"@type\": \"Answer\",\n\t\t\t\t\t\"text\": \"<p>Tak, nasze kursy przygotowuj\u0105 do zdania egzaminu pa\u0144stwowego i zdobycia uprawnie\u0144 UDT.<\/p>\"\n\t\t\t\t\t\t\t\t\t}\n\t\t\t}\n\t\t\t,\t\t\t\t{\n\t\t\t\t\"@type\": \"Question\",\n\t\t\t\t\"name\": \"Jakich typ\u00f3w \u017curawi dotyczy szkolenie?\",\n\t\t\t\t\"acceptedAnswer\": {\n\t\t\t\t\t\"@type\": \"Answer\",\n\t\t\t\t\t\"text\": \"<p>Prowadzimy szkolenia daj\u0105ce uprawnienia konserwator\u00f3w \u017curawi samojezdnych oraz przeno\u015bnych i przewo\u017anych (tzw. prze\u0142adunkowych).<\/p>\"\n\t\t\t\t\t\t\t\t\t}\n\t\t\t}\n\t\t\t,\t\t\t\t{\n\t\t\t\t\"@type\": \"Question\",\n\t\t\t\t\"name\": \"Czy kurs mo\u017cna odbywa\u0107 zdalnie?\",\n\t\t\t\t\"acceptedAnswer\": {\n\t\t\t\t\t\"@type\": \"Answer\",\n\t\t\t\t\t\"text\": \"<p>Tak, istnieje mo\u017cliwo\u015b\u0107 odbycia cz\u0119\u015bci teoretycznej kursu w formie zdalnej.<\/p>\"\n\t\t\t\t\t\t\t\t\t}\n\t\t\t}\n\t\t\t,\t\t\t\t{\n\t\t\t\t\"@type\": \"Question\",\n\t\t\t\t\"name\": \"Co daje zdobycie uprawnie\u0144 konserwatora maszyn UDT?\",\n\t\t\t\t\"acceptedAnswer\": {\n\t\t\t\t\t\"@type\": \"Answer\",\n\t\t\t\t\t\"text\": \"<p>Podnosi kwalifikacje i atrakcyjno\u015b\u0107 na rynku pracy, daje mo\u017cliwo\u015b\u0107 podniesienia zarobk\u00f3w oraz stabilizacj\u0119 zawodow\u0105.<\/p>\"\n\t\t\t\t\t\t\t\t\t}\n\t\t\t}\n\t\t\t\t\t\t]\n\t}\n<\/script>\n","protected":false},"excerpt":{"rendered":"<p>Szkolenie na uprawnienia konserwatora \u017curawi przewo\u017anych i przeno\u015bnych&nbsp; Prowadzimy profesjonalne szkolenia oparte na do\u015bwiadczeniu specjalist\u00f3w z bran\u017cy. Jeste\u015bmy na rynku ju\u017c od wielu lat. Aby m\u00f3c pracowa\u0107 jako konserwator maszyn transportu bliskiego, niezb\u0119dnym jest zdobycie uprawnie\u0144 wydawanych przed UDT.&nbsp;&nbsp; Zaj\u0119cia pomog\u0105 Pa\u0144stwu naby\u0107 wiedz\u0119 i umiej\u0119tno\u015bci pozwalaj\u0105ce przyst\u0105pi\u0107 do egzaminu pa\u0144stwowego.&nbsp; Jak wygl\u0105da szkolenie? Szkolenie podzielone jest na cz\u0119\u015b\u0107 teoretyczn\u0105, kt\u00f3r\u0105 mo\u017cna odby\u0107 zdalnie oraz praktyczn\u0105. Udost\u0119pniamy profesjonalny sprz\u0119t do trening\u00f3w umiej\u0119tno\u015bci. Gwarantujemy pe\u0142ne wsparcie ekspert\u00f3w i dost\u0119p do specjalnie opracowanych dla Pa\u0144stwa materia\u0142\u00f3w dydaktycznych.&nbsp; Program szkolenia na konserwatora \u017curawi&nbsp; Nasze zaj\u0119cia obejmuj\u0105 nast\u0119puj\u0105ce zagadnienia:&nbsp; W swojej ofercie posiadamy r\u00f3wnie\u017c szkolenia z obs\u0142ugi i konserwacji pozosta\u0142ych maszyn UDT i TDT, m.in. w\u00f3zk\u00f3w wid\u0142owych, \u0142adowarek teleskopowych czy suwnic.&nbsp; Dlaczego warto zrobi\u0107 kurs konserwatora \u017curawi?&nbsp; Jako osoba posiadaj\u0105ca uprawnienia pa\u0144stwowe na konserwatora UDB, stajesz si\u0119 bardziej po\u017c\u0105dany na rynku pracy. Uprawnienia UDT daj\u0105 mo\u017cliwo\u015b\u0107 wy\u017cszych zarobk\u00f3w. Dodatkowo zaw\u00f3d ten jest stabilny. Szkolenie konserwatora \u017curawi samojezdnych i przeno\u015bnych daje r\u00f3wnie\u017c uprawnienia do konserwacji \u017curawi stacjonarnych i wci\u0105gnik\u00f3w oraz wci\u0105garek og\u00f3lnego przeznaczenia.&nbsp;&nbsp; Wa\u017cno\u015b\u0107 uprawnie\u0144&nbsp; Okres wa\u017cno\u015bci uprawnie\u0144 dla \u017curawi prze\u0142adunkowych wynosi 10 lat, natomiast samojezdnych \u2013 5 lat.&nbsp;&nbsp; Zdanie egzaminu r\u00f3wnoznaczne jest z otrzymaniem \u015bwiadectwa kwalifikacji wydanym przez UDT. Uprawnienia wa\u017cne s\u0105 w Polsce oraz po przet\u0142umaczeniu r\u00f3wnie\u017c w krajach UE.&nbsp;&nbsp; Obowi\u0105zki konserwatora&nbsp; Praca konserwatora maszyn UDB, w tym \u017curawi, obejmuje przede wszystkim:&nbsp; Oferujemy szkolenia otwarte oraz zamkni\u0119te, kt\u00f3re mo\u017cemy przeprowadzi\u0107 u klienta.&nbsp;&nbsp; Dlaczego warto zdecydowa\u0107 si\u0119 na nasz kurs?&nbsp; Wybieraj\u0105c nasze kursy maj\u0105 Pa\u0144stwo pewno\u015b\u0107, \u017ce:&nbsp; Szkolimy na uprawnienia do obs\u0142ugi i konserwacji maszyn takich firm jak: Palfinger, [&hellip;]<\/p>\n","protected":false},"author":6,"featured_media":5298,"parent":2721,"menu_order":0,"comment_status":"closed","ping_status":"closed","template":"","meta":{"sfsi_plus_gutenberg_text_before_share":"","sfsi_plus_gutenberg_show_text_before_share":"","sfsi_plus_gutenberg_icon_type":"","sfsi_plus_gutenberg_icon_alignemt":"","sfsi_plus_gutenburg_max_per_row":"","footnotes":""},"class_list":["post-5295","page","type-page","status-publish","has-post-thumbnail","hentry","has_thumb"],"aioseo_notices":[],"_links":{"self":[{"href":"https:\/\/kursy-udt.pl\/ua\/wp-json\/wp\/v2\/pages\/5295","targetHints":{"allow":["GET"]}}],"collection":[{"href":"https:\/\/kursy-udt.pl\/ua\/wp-json\/wp\/v2\/pages"}],"about":[{"href":"https:\/\/kursy-udt.pl\/ua\/wp-json\/wp\/v2\/types\/page"}],"author":[{"embeddable":true,"href":"https:\/\/kursy-udt.pl\/ua\/wp-json\/wp\/v2\/users\/6"}],"replies":[{"embeddable":true,"href":"https:\/\/kursy-udt.pl\/ua\/wp-json\/wp\/v2\/comments?post=5295"}],"version-history":[{"count":4,"href":"https:\/\/kursy-udt.pl\/ua\/wp-json\/wp\/v2\/pages\/5295\/revisions"}],"predecessor-version":[{"id":5602,"href":"https:\/\/kursy-udt.pl\/ua\/wp-json\/wp\/v2\/pages\/5295\/revisions\/5602"}],"up":[{"embeddable":true,"href":"https:\/\/kursy-udt.pl\/ua\/wp-json\/wp\/v2\/pages\/2721"}],"wp:featuredmedia":[{"embeddable":true,"href":"https:\/\/kursy-udt.pl\/ua\/wp-json\/wp\/v2\/media\/5298"}],"wp:attachment":[{"href":"https:\/\/kursy-udt.pl\/ua\/wp-json\/wp\/v2\/media?parent=5295"}],"curies":[{"name":"wp","href":"https:\/\/api.w.org\/{rel}","templated":true}]}}