{"id":5262,"date":"2023-03-21T12:19:25","date_gmt":"2023-03-21T11:19:25","guid":{"rendered":"https:\/\/kursy-udt.pl\/?page_id=5262"},"modified":"2023-03-21T13:55:43","modified_gmt":"2023-03-21T12:55:43","slug":"%d0%be%d0%b1%d1%81%d0%bb%d1%83%d0%b3%d0%be%d0%b2%d1%83%d0%b2%d0%b0%d0%bd%d0%bd%d1%8f-%d1%82%d0%b5%d0%bb%d0%b5%d1%81%d0%ba%d0%be%d0%bf%d1%96%d1%87%d0%bd%d0%b8%d1%85-%d0%bd%d0%b0%d0%b2%d0%b0%d0%bd%d1%82","status":"publish","type":"page","link":"https:\/\/kursy-udt.pl\/ua\/uslugi\/serwis\/serwis-ladowarek-teleskopowych\/","title":{"rendered":"\u041a\u043e\u043c\u043f\u043b\u0435\u043a\u0441\u043d\u0456 \u043f\u043e\u0441\u043b\u0443\u0433\u0438 \u0437 \u0442\u0435\u0445\u043d\u0456\u0447\u043d\u043e\u0433\u043e \u043e\u0431\u0441\u043b\u0443\u0433\u043e\u0432\u0443\u0432\u0430\u043d\u043d\u044f \u0442\u0430 \u0440\u0435\u043c\u043e\u043d\u0442\u0443 \u0442\u0435\u043b\u0435\u0441\u043a\u043e\u043f\u0456\u0447\u043d\u0438\u0445 \u043d\u0430\u0432\u0430\u043d\u0442\u0430\u0436\u0443\u0432\u0430\u0447\u0456\u0432"},"content":{"rendered":"\n<h2 class=\"wp-block-heading\">Serwis \u0142adowarki teleskopowej &nbsp;<\/h2>\n\n\n<div class=\"wp-block-image\">\n<figure class=\"alignleft size-large is-resized\"><a href=\"https:\/\/kursy-udt.pl\/wp-content\/uploads\/2023\/03\/VbSqPxUP7d-3.webp\"><img loading=\"lazy\" decoding=\"async\" src=\"https:\/\/kursy-udt.pl\/wp-content\/uploads\/2023\/03\/VbSqPxUP7d-3-1024x644.webp\" alt=\"\u0142adowarka teleskopowa z wid\u0142ami\" class=\"wp-image-5265\" width=\"512\" height=\"322\" srcset=\"https:\/\/kursy-udt.pl\/wp-content\/uploads\/2023\/03\/VbSqPxUP7d-3-1024x644.webp 1024w, https:\/\/kursy-udt.pl\/wp-content\/uploads\/2023\/03\/VbSqPxUP7d-3-300x189.webp 300w, https:\/\/kursy-udt.pl\/wp-content\/uploads\/2023\/03\/VbSqPxUP7d-3-768x483.webp 768w, https:\/\/kursy-udt.pl\/wp-content\/uploads\/2023\/03\/VbSqPxUP7d-3-18x12.webp 18w, https:\/\/kursy-udt.pl\/wp-content\/uploads\/2023\/03\/VbSqPxUP7d-3-624x393.webp 624w, https:\/\/kursy-udt.pl\/wp-content\/uploads\/2023\/03\/VbSqPxUP7d-3.webp 1500w\" sizes=\"auto, (max-width: 512px) 100vw, 512px\" \/><\/a><\/figure>\n<\/div>\n\n\n<p>Firma ERGON od ponad kilkunastu lat zajmuje si\u0119 kompleksowym serwisem urz\u0105dze\u0144 transportu bliskiego. Stale podnosimy jako\u015b\u0107 naszych us\u0142ug, o czym \u015bwiadcz\u0105 setki zadowolonych klient\u00f3w. &nbsp;<\/p>\n\n\n\n<p>Specjalizujemy si\u0119 w modernizacji i konserwacji \u0142adowarek teleskopowych, ale tak\u017ce w swojej ofercie mamy serwis innych urz\u0105dze\u0144 transportu bliskiego. Fachowo przeprowadzimy audyt i zajmiemy si\u0119 napraw\u0105 b\u0105d\u017a konserwacj\u0105 Twojego sprz\u0119tu. Naprawy wykonujemy w oparciu o dobre jako\u015bciowo cz\u0119\u015bci zamienne, co daje gwarancje na lepsz\u0105 \u017cywotno\u015b\u0107 urz\u0105dzenia. Wszelki przegl\u0105dy oraz konserwacje s\u0105 wykonywane zgodnie z wymogami UDT. Szybki i profesjonalny serwis maszyn przemys\u0142owych umo\u017cliwia zachowanie ci\u0105g\u0142o\u015bci pracy. Dzi\u0119ki nam post\u00f3j w zak\u0142adzie nie potrwa d\u0142ugo i zaoszcz\u0119dzisz pieni\u0105dze. Um\u00f3w si\u0119 na wst\u0119pn\u0105 diagnostyk\u0119 a nasi eksperci oceni\u0105 koszt naprawy.&nbsp;<\/p>\n\n\n\n<div class=\"wp-block-columns is-layout-flex wp-container-core-columns-is-layout-9d6595d7 wp-block-columns-is-layout-flex\">\n<div class=\"wp-block-column is-layout-flow wp-block-column-is-layout-flow\">\n<h2 class=\"wp-block-heading\">Co oferujemy?<\/h2>\n\n\n\n<p><strong>Kompleksowo zajmiemy si\u0119<\/strong><\/p>\n\n\n\n<ul class=\"wp-block-list\">\n<li>napraw\u0105 urz\u0105dzenia b\u0105d\u017a wymian\u0105 uszkodzonych cz\u0119\u015bci,&nbsp;&nbsp;<\/li>\n\n\n\n<li>konserwacj\u0105,&nbsp;<\/li>\n\n\n\n<li>modernizacj\u0105,&nbsp;<\/li>\n\n\n\n<li>diagnostyk\u0105,&nbsp;<\/li>\n\n\n\n<li>przegl\u0105dem okresowym i konserwacyjnym,&nbsp;<\/li>\n\n\n\n<li>badaniem powypadkowym, poawaryjnym.&nbsp;<\/li>\n<\/ul>\n<\/div>\n\n\n\n<div class=\"wp-block-column is-layout-flow wp-block-column-is-layout-flow\">\n<h2 class=\"wp-block-heading\">Najcz\u0119stsze usterki<\/h2>\n\n\n\n<p><strong>Najcz\u0119stsze naprawy przeprowadzane w ramach serwisu:<\/strong>&nbsp;<\/p>\n\n\n\n<ul class=\"wp-block-list\">\n<li>naprawa uk\u0142ad\u00f3w hamulcowych,&nbsp;<\/li>\n\n\n\n<li>remont generalny \u0142adowarek teleskopowych,&nbsp;<\/li>\n\n\n\n<li>naprawa prostownika,&nbsp;<\/li>\n\n\n\n<li>naprawa podzespo\u0142\u00f3w elektrycznych,&nbsp;<\/li>\n\n\n\n<li>regeneracja si\u0142ownik\u00f3w.&nbsp;<\/li>\n<\/ul>\n<\/div>\n<\/div>\n\n\n\n<p>W naszej firmie prowadzimy ksi\u0105\u017ceczki serwisowe, dzi\u0119ki kt\u00f3rym nie zapomnisz o wymianie p\u0142yn\u00f3w czy przegl\u0105dzie.&nbsp;&nbsp;<\/p>\n\n\n\n<p><\/p>\n\n\n\n<p><strong>Opr\u00f3cz \u0142adowarek teleskopowych, serwisujemy tak\u017ce:&nbsp;<\/strong><\/p>\n\n\n<div class=\"wp-block-image\">\n<figure class=\"alignright size-large is-resized\"><a href=\"https:\/\/kursy-udt.pl\/wp-content\/uploads\/2023\/03\/s2-81.jpg\"><img loading=\"lazy\" decoding=\"async\" src=\"https:\/\/kursy-udt.pl\/wp-content\/uploads\/2023\/03\/s2-81-1024x683.jpg\" alt=\"wymienny osprz\u0119t do \u0142adowarki teleskopowej\" class=\"wp-image-5266\" width=\"512\" height=\"342\" srcset=\"https:\/\/kursy-udt.pl\/wp-content\/uploads\/2023\/03\/s2-81-1024x683.jpg 1024w, https:\/\/kursy-udt.pl\/wp-content\/uploads\/2023\/03\/s2-81-300x200.jpg 300w, https:\/\/kursy-udt.pl\/wp-content\/uploads\/2023\/03\/s2-81-768x512.jpg 768w, https:\/\/kursy-udt.pl\/wp-content\/uploads\/2023\/03\/s2-81-1536x1024.jpg 1536w, https:\/\/kursy-udt.pl\/wp-content\/uploads\/2023\/03\/s2-81-18x12.jpg 18w, https:\/\/kursy-udt.pl\/wp-content\/uploads\/2023\/03\/s2-81-624x416.jpg 624w, https:\/\/kursy-udt.pl\/wp-content\/uploads\/2023\/03\/s2-81.jpg 1600w\" sizes=\"auto, (max-width: 512px) 100vw, 512px\" \/><\/a><\/figure>\n<\/div>\n\n\n<ul class=\"wp-block-list\">\n<li>podesty ruchome,&nbsp;<\/li>\n\n\n\n<li>koparki,&nbsp;<\/li>\n\n\n\n<li>suwnice,&nbsp;<\/li>\n\n\n\n<li>\u017curawie HDS,&nbsp;<\/li>\n\n\n\n<li>w\u00f3zki wid\u0142owe.&nbsp;<\/li>\n<\/ul>\n\n\n\n<h2 class=\"wp-block-heading\">Nasi eksperci&nbsp;<\/h2>\n\n\n\n<p>Szczeg\u00f3ln\u0105 dba\u0142o\u015b\u0107 przyk\u0142adamy do szkole\u0144 naszych serwisant\u00f3w. Od lat podchodzimy do swojej pracy z wielkim zaanga\u017cowaniem. Kadra naszych specjalist\u00f3w z ka\u017cdym rokiem zdobywa coraz wi\u0119ksz\u0105 wiedz\u0119 i do\u015bwiadczenie. Nasz zesp\u00f3\u0142 sk\u0142ada si\u0119 z odpowiednio przeszkolonych fachowc\u00f3w a ka\u017cdy z nich posiada odpowiednie kwalifikacje i umiej\u0119tno\u015bci by zadba\u0107 o Twoje urz\u0105dzenie. &nbsp;<\/p>\n\n\n\n<h2 class=\"wp-block-heading\">Serwis mobilny&nbsp;<\/h2>\n\n\n\n<p>Jeste\u015bmy przygotowani na przeprowadzanie serwis\u00f3w na terenie ca\u0142ej Polski. Nasz zesp\u00f3\u0142 specjalist\u00f3w posiada odpowiednie uprawnienia UDT oraz niezb\u0119dne narz\u0119dzia i maszyny do przeprowadzenia us\u0142ug naprawczych na terenie ca\u0142ej Polski. Dzi\u0119ki temu, odleg\u0142o\u015b\u0107 nie przeszkadza nam w przeprowadzaniu wszelkich napraw. Nasi mobilni serwisanci podjad\u0105 pod wskazany przez Ciebie adres i kompleksowo zajm\u0105 si\u0119 napraw\u0105 Twojego urz\u0105dzenia. Po zako\u0144czeniu serwisu od razu b\u0119dziesz m\u00f3g\u0142 korzysta\u0107 ze swojego urz\u0105dzenia.&nbsp;<\/p>\n\n\n\n<h2 class=\"wp-block-heading\">Zakup UTB&nbsp;<\/h2>\n\n\n\n<p>Opr\u00f3cz serwisowania, prowadzimy punkt sprzeda\u017cy urz\u0105dze\u0144 transportu bliskiego. Oferujemy zakup urz\u0105dze\u0144 nowych, jak i u\u017cywanych, s\u0105 to m.in. podno\u015bniki, w\u00f3zki wid\u0142owe i inne podesty ruchome. Nasz zesp\u00f3\u0142 ch\u0119tnie pomo\u017ce Ci w dobraniu odpowiedniego sprz\u0119tu wedle Twoich upodoba\u0144. Opr\u00f3cz zakupu, pomo\u017cemy Ci z zarejestrowaniem sprz\u0119tu w Urz\u0119dzie Dozoru Technicznego. Skontaktuj si\u0119 z nami, a my pomo\u017cemy Ci dokona\u0107 formalno\u015bci.&nbsp;&nbsp;<\/p>\n\n\n\n<h2 class=\"wp-block-heading\">Gwarantujemy<\/h2>\n\n\n\n<ul class=\"wp-block-list\">\n<li><strong>jako\u015b\u0107 <\/strong>\u2013 w oparciu o dobre oryginalne cz\u0119\u015bci zamienne,&nbsp;<\/li>\n\n\n\n<li><strong>specjalist\u00f3w <\/strong>\u2013 maj\u0105cych kilkuletnie do\u015bwiadczenie w swoim fachu,&nbsp;<\/li>\n\n\n\n<li><strong>serwis <\/strong>\u2013 na terenie ca\u0142ej Polski.&nbsp;<\/li>\n<\/ul>\n\n\n\n<h2 class=\"wp-block-heading\">Szkolenie&nbsp;<\/h2>\n\n\n<div class=\"wp-block-image\">\n<figure class=\"alignright size-large is-resized\"><a href=\"https:\/\/kursy-udt.pl\/wp-content\/uploads\/2023\/03\/s2-80.jpg\"><img loading=\"lazy\" decoding=\"async\" src=\"https:\/\/kursy-udt.pl\/wp-content\/uploads\/2023\/03\/s2-80-1024x683.jpg\" alt=\"diagnostyka \u0142adowarki teleskopowej\" class=\"wp-image-5267\" width=\"512\" height=\"342\" srcset=\"https:\/\/kursy-udt.pl\/wp-content\/uploads\/2023\/03\/s2-80-1024x683.jpg 1024w, https:\/\/kursy-udt.pl\/wp-content\/uploads\/2023\/03\/s2-80-300x200.jpg 300w, https:\/\/kursy-udt.pl\/wp-content\/uploads\/2023\/03\/s2-80-768x512.jpg 768w, https:\/\/kursy-udt.pl\/wp-content\/uploads\/2023\/03\/s2-80-1536x1024.jpg 1536w, https:\/\/kursy-udt.pl\/wp-content\/uploads\/2023\/03\/s2-80-18x12.jpg 18w, https:\/\/kursy-udt.pl\/wp-content\/uploads\/2023\/03\/s2-80-624x416.jpg 624w, https:\/\/kursy-udt.pl\/wp-content\/uploads\/2023\/03\/s2-80.jpg 1600w\" sizes=\"auto, (max-width: 512px) 100vw, 512px\" \/><\/a><\/figure>\n<\/div>\n\n\n<p>Oferujemy kursy i szkolenia, kt\u00f3re cz\u0119sto s\u0105 niezb\u0119dne do podj\u0119cia pracy. Pomagamy zdoby\u0107 uprawnienia UDT i niezb\u0119dne kwalifikacje do zdobycia zawodu. W naszej ofercie znajdziesz szkolenia dla operator\u00f3w i konserwator\u00f3w. Nasi instruktorzy z zaanga\u017cowaniem podchodz\u0105 do swojej pracy i dbaj\u0105 o to, aby poziom nauczania by\u0142 na najwy\u017cszym poziomie. Dzi\u0119ki nam szybko i sprawnie zdob\u0119dziesz wymagane uprawnienia.&nbsp;<\/p>\n\n\n\n<h2 class=\"wp-block-heading\">Oferta szkoleniowa<\/h2>\n\n\n\n<ul class=\"wp-block-list\">\n<li>kurs na w\u00f3zki wid\u0142owe,&nbsp;<\/li>\n\n\n\n<li>kurs na podesty ruchome,&nbsp;<\/li>\n\n\n\n<li>kurs na prace alpinistyczne \u2013 wysoko\u015bciowe,&nbsp;<\/li>\n\n\n\n<li>kurs na suwnice,&nbsp;<\/li>\n\n\n\n<li>kurs na podno\u015bniki HDS.&nbsp;<\/li>\n<\/ul>\n\n\n\n<p>Nie zwlekaj i wybierz naszych ekspert\u00f3w do przeprowadzenia naprawy, a fachowo i profesjonalnie zajmiemy si\u0119 Twoim urz\u0105dzeniem. Posiadamy szeroki zakres us\u0142ug z dziedziny napraw i modernizacji. Zaufaj naszym specjalistom, zadzwo\u0144 do nas i um\u00f3w si\u0119 na wst\u0119pn\u0105 diagnostyk\u0119 aby\u015bmy wycenili wst\u0119pny koszt naprawy.<\/p>\n\n\n\n<h2 class=\"wp-block-heading\">Pytania i odpowiedzi<\/h2>\n\n\n\t\t<details\t\thelp class=\"sc_fs_faq sc_card    \"\n\t\topen\t\t>\n\t\t\t\t\t<summary>\n\t\t\t\t<h3>Czy przeprowadzacie generalny remont \u0142adowarek teleskopowych?<\/h3>\t\t\t\t\t<\/summary>\n\t\t\t\t<div>\n\t\t\t\t\t\t<div class=\"sc_fs_faq__content\">\n\t\t\t\t\n\n<p>Tak, specjalizujemy si\u0119 m.in. w naprawach i remontach urz\u0105dze\u0144 transportu bliskiego.<\/p>\n\n\t\t\t<\/div>\n\t\t<\/div>\n\t\t<\/details>\n\t\t\t\t<details\t\thelp class=\"sc_fs_faq sc_card    \"\n\t\t\t\t>\n\t\t\t\t\t<summary>\n\t\t\t\t<h3>Czy \u0142adowark\u0119 teleskopow\u0105 trzeba gdzie\u015b zg\u0142osi\u0107?<\/h3>\t\t\t\t\t<\/summary>\n\t\t\t\t<div>\n\t\t\t\t\t\t<div class=\"sc_fs_faq__content\">\n\t\t\t\t\n\n<p>Tak, urz\u0105dzenia transportu bliskiego trzeba zarejestrowa\u0107 w Urz\u0119dzie Dozoru Technicznego. Nie martw si\u0119, pomagamy w za\u0142atwianiu wszelkich formalno\u015bci.<\/p>\n\n\t\t\t<\/div>\n\t\t<\/div>\n\t\t<\/details>\n\t\t\n<script type=\"application\/ld+json\">\n\t{\n\t\t\"@context\": \"https:\/\/schema.org\",\n\t\t\"@type\": \"FAQPage\",\n\t\t\"mainEntity\": [\n\t\t\t\t\t{\n\t\t\t\t\"@type\": \"Question\",\n\t\t\t\t\"name\": \"Czy przeprowadzacie generalny remont \u0142adowarek teleskopowych?\",\n\t\t\t\t\"acceptedAnswer\": {\n\t\t\t\t\t\"@type\": \"Answer\",\n\t\t\t\t\t\"text\": \"<p>Tak, specjalizujemy si\u0119 m.in. w naprawach i remontach urz\u0105dze\u0144 transportu bliskiego.<\/p>\"\n\t\t\t\t\t\t\t\t\t}\n\t\t\t}\n\t\t\t,\t\t\t\t{\n\t\t\t\t\"@type\": \"Question\",\n\t\t\t\t\"name\": \"Czy \u0142adowark\u0119 teleskopow\u0105 trzeba gdzie\u015b zg\u0142osi\u0107?\",\n\t\t\t\t\"acceptedAnswer\": {\n\t\t\t\t\t\"@type\": \"Answer\",\n\t\t\t\t\t\"text\": \"<p>Tak, urz\u0105dzenia transportu bliskiego trzeba zarejestrowa\u0107 w Urz\u0119dzie Dozoru Technicznego. Nie martw si\u0119, pomagamy w za\u0142atwianiu wszelkich formalno\u015bci.<\/p>\"\n\t\t\t\t\t\t\t\t\t}\n\t\t\t}\n\t\t\t\t\t\t]\n\t}\n<\/script>\n","protected":false},"excerpt":{"rendered":"<p>Serwis \u0142adowarki teleskopowej &nbsp; Firma ERGON od ponad kilkunastu lat zajmuje si\u0119 kompleksowym serwisem urz\u0105dze\u0144 transportu bliskiego. Stale podnosimy jako\u015b\u0107 naszych us\u0142ug, o czym \u015bwiadcz\u0105 setki zadowolonych klient\u00f3w. &nbsp; Specjalizujemy si\u0119 w modernizacji i konserwacji \u0142adowarek teleskopowych, ale tak\u017ce w swojej ofercie mamy serwis innych urz\u0105dze\u0144 transportu bliskiego. Fachowo przeprowadzimy audyt i zajmiemy si\u0119 napraw\u0105 b\u0105d\u017a konserwacj\u0105 Twojego sprz\u0119tu. Naprawy wykonujemy w oparciu o dobre jako\u015bciowo cz\u0119\u015bci zamienne, co daje gwarancje na lepsz\u0105 \u017cywotno\u015b\u0107 urz\u0105dzenia. Wszelki przegl\u0105dy oraz konserwacje s\u0105 wykonywane zgodnie z wymogami UDT. Szybki i profesjonalny serwis maszyn przemys\u0142owych umo\u017cliwia zachowanie ci\u0105g\u0142o\u015bci pracy. Dzi\u0119ki nam post\u00f3j w zak\u0142adzie nie potrwa d\u0142ugo i zaoszcz\u0119dzisz pieni\u0105dze. Um\u00f3w si\u0119 na wst\u0119pn\u0105 diagnostyk\u0119 a nasi eksperci oceni\u0105 koszt naprawy.&nbsp; Co oferujemy? Kompleksowo zajmiemy si\u0119 Najcz\u0119stsze usterki Najcz\u0119stsze naprawy przeprowadzane w ramach serwisu:&nbsp; W naszej firmie prowadzimy ksi\u0105\u017ceczki serwisowe, dzi\u0119ki kt\u00f3rym nie zapomnisz o wymianie p\u0142yn\u00f3w czy przegl\u0105dzie.&nbsp;&nbsp; Opr\u00f3cz \u0142adowarek teleskopowych, serwisujemy tak\u017ce:&nbsp; Nasi eksperci&nbsp; Szczeg\u00f3ln\u0105 dba\u0142o\u015b\u0107 przyk\u0142adamy do szkole\u0144 naszych serwisant\u00f3w. Od lat podchodzimy do swojej pracy z wielkim zaanga\u017cowaniem. Kadra naszych specjalist\u00f3w z ka\u017cdym rokiem zdobywa coraz wi\u0119ksz\u0105 wiedz\u0119 i do\u015bwiadczenie. Nasz zesp\u00f3\u0142 sk\u0142ada si\u0119 z odpowiednio przeszkolonych fachowc\u00f3w a ka\u017cdy z nich posiada odpowiednie kwalifikacje i umiej\u0119tno\u015bci by zadba\u0107 o Twoje urz\u0105dzenie. &nbsp; Serwis mobilny&nbsp; Jeste\u015bmy przygotowani na przeprowadzanie serwis\u00f3w na terenie ca\u0142ej Polski. Nasz zesp\u00f3\u0142 specjalist\u00f3w posiada odpowiednie uprawnienia UDT oraz niezb\u0119dne narz\u0119dzia i maszyny do przeprowadzenia us\u0142ug naprawczych na terenie ca\u0142ej Polski. Dzi\u0119ki temu, odleg\u0142o\u015b\u0107 nie przeszkadza nam w przeprowadzaniu wszelkich napraw. Nasi mobilni serwisanci podjad\u0105 pod wskazany przez Ciebie adres i kompleksowo [&hellip;]<\/p>\n","protected":false},"author":6,"featured_media":5265,"parent":5573,"menu_order":0,"comment_status":"closed","ping_status":"closed","template":"","meta":{"sfsi_plus_gutenberg_text_before_share":"","sfsi_plus_gutenberg_show_text_before_share":"","sfsi_plus_gutenberg_icon_type":"","sfsi_plus_gutenberg_icon_alignemt":"","sfsi_plus_gutenburg_max_per_row":"","footnotes":""},"class_list":["post-5262","page","type-page","status-publish","has-post-thumbnail","hentry","has_thumb"],"aioseo_notices":[],"_links":{"self":[{"href":"https:\/\/kursy-udt.pl\/ua\/wp-json\/wp\/v2\/pages\/5262","targetHints":{"allow":["GET"]}}],"collection":[{"href":"https:\/\/kursy-udt.pl\/ua\/wp-json\/wp\/v2\/pages"}],"about":[{"href":"https:\/\/kursy-udt.pl\/ua\/wp-json\/wp\/v2\/types\/page"}],"author":[{"embeddable":true,"href":"https:\/\/kursy-udt.pl\/ua\/wp-json\/wp\/v2\/users\/6"}],"replies":[{"embeddable":true,"href":"https:\/\/kursy-udt.pl\/ua\/wp-json\/wp\/v2\/comments?post=5262"}],"version-history":[{"count":7,"href":"https:\/\/kursy-udt.pl\/ua\/wp-json\/wp\/v2\/pages\/5262\/revisions"}],"predecessor-version":[{"id":5608,"href":"https:\/\/kursy-udt.pl\/ua\/wp-json\/wp\/v2\/pages\/5262\/revisions\/5608"}],"up":[{"embeddable":true,"href":"https:\/\/kursy-udt.pl\/ua\/wp-json\/wp\/v2\/pages\/5573"}],"wp:featuredmedia":[{"embeddable":true,"href":"https:\/\/kursy-udt.pl\/ua\/wp-json\/wp\/v2\/media\/5265"}],"wp:attachment":[{"href":"https:\/\/kursy-udt.pl\/ua\/wp-json\/wp\/v2\/media?parent=5262"}],"curies":[{"name":"wp","href":"https:\/\/api.w.org\/{rel}","templated":true}]}}