{"id":5222,"date":"2023-03-21T12:25:17","date_gmt":"2023-03-21T11:25:17","guid":{"rendered":"https:\/\/kursy-udt.pl\/?page_id=5222"},"modified":"2023-03-21T12:25:18","modified_gmt":"2023-03-21T11:25:18","slug":"%d0%bf%d0%b5%d1%80%d0%b5%d0%b2%d1%96%d1%80%d0%ba%d0%b8-%d1%82%d0%b0-%d1%96%d0%bd%d1%81%d0%bf%d0%b5%d0%ba%d1%86%d1%96%d1%97-%d0%bf%d1%96%d0%b4%d0%b2%d1%96%d1%81%d0%be%d0%ba","status":"publish","type":"page","link":"https:\/\/kursy-udt.pl\/ua\/kontrole-i-przeglady-zawiesi\/","title":{"rendered":"\u041f\u0435\u0440\u0435\u0432\u0456\u0440\u043a\u0438 \u0442\u0430 \u0456\u043d\u0441\u043f\u0435\u043a\u0446\u0456\u0457 \u0441\u0442\u0440\u043e\u043f\u0456\u0432"},"content":{"rendered":"\n<h2 class=\"wp-block-heading\">Przegl\u0105dy zawiesi \u2013 kompleksowa kontrola&nbsp;<\/h2>\n\n\n<div class=\"wp-block-image\">\n<figure class=\"alignleft size-large is-resized\"><a href=\"https:\/\/kursy-udt.pl\/wp-content\/uploads\/2023\/03\/screen_2x-97.jpg\"><img loading=\"lazy\" decoding=\"async\" src=\"https:\/\/kursy-udt.pl\/wp-content\/uploads\/2023\/03\/screen_2x-97-1024x683.jpg\" alt=\"zawiesia linowe na budowie\" class=\"wp-image-5223\" width=\"512\" height=\"342\" srcset=\"https:\/\/kursy-udt.pl\/wp-content\/uploads\/2023\/03\/screen_2x-97-1024x683.jpg 1024w, https:\/\/kursy-udt.pl\/wp-content\/uploads\/2023\/03\/screen_2x-97-300x200.jpg 300w, https:\/\/kursy-udt.pl\/wp-content\/uploads\/2023\/03\/screen_2x-97-768x512.jpg 768w, https:\/\/kursy-udt.pl\/wp-content\/uploads\/2023\/03\/screen_2x-97-1536x1024.jpg 1536w, https:\/\/kursy-udt.pl\/wp-content\/uploads\/2023\/03\/screen_2x-97-18x12.jpg 18w, https:\/\/kursy-udt.pl\/wp-content\/uploads\/2023\/03\/screen_2x-97-624x416.jpg 624w, https:\/\/kursy-udt.pl\/wp-content\/uploads\/2023\/03\/screen_2x-97.jpg 1600w\" sizes=\"auto, (max-width: 512px) 100vw, 512px\" \/><\/a><\/figure>\n<\/div>\n\n\n<p>Istniej\u0105 bran\u017ce, w kt\u00f3rych zawiesia i r\u00f3\u017cne maszyny UDT s\u0105 niezb\u0119dne. Stosuje si\u0119 je w przemy\u015ble ci\u0119\u017ckim, stoczniowym, zbrojeniowym, a tak\u017ce w budownictwie i transporcie. Codziennie przenosz\u0105 \u0142adunki wa\u017c\u0105ce wiele ton, co cz\u0119sto prowadzi do zniszcze\u0144 r\u00f3\u017cnych element\u00f3w zawiesi. Nasza firma specjalizuje si\u0119 w kontrolach i przegl\u0105dach tych element\u00f3w oraz dba o dopuszczanie do u\u017cytku tylko tych sprawnych. Posiadamy wykwalifikowanych fachowc\u00f3w, kt\u00f3rzy sprawdz\u0105 Tw\u00f3j sprz\u0119t pod k\u0105tem wszelkich ubytk\u00f3w zawiesi.&nbsp;<\/p>\n\n\n\n<h2 class=\"wp-block-heading\">Kiedy przeprowadzi\u0107 kontrol\u0119 zawiesi?&nbsp;<\/h2>\n\n\n\n<p>Zawiesia powinny by\u0107 szczeg\u00f3lnie obserwowane przez pracownik\u00f3w, aby mo\u017cna by\u0142o szybko zareagowa\u0107 na rozmaite uszkodzenia. Jednak niezb\u0119dne s\u0105 r\u00f3wnie\u017c te bardziej profesjonalne przegl\u0105dy. <\/p>\n\n\n\n<p><strong>Istniej\u0105 3 rodzaje kontroli:&nbsp;<\/strong><\/p>\n\n\n\n<ul class=\"wp-block-list\">\n<li><strong>kontrola bie\u017c\u0105ca<\/strong> \u2013 kt\u00f3ra polega na obserwacji zawiesi podczas pracy urz\u0105dzenia, a tak\u017ce zanim rozpocznie si\u0119 wykonywanie pracy;&nbsp;<\/li>\n\n\n\n<li><strong>kontrola okresowa <\/strong>\u2013 nale\u017cy j\u0105 wykonywa\u0107 minimum raz na 6 miesi\u0119cy (czasami co 2-3 miesi\u0105ce). Odpowiedzialni s\u0105 za ni\u0105 do\u015bwiadczeni fachowcy posiadaj\u0105cy odpowiednie wykszta\u0142cenie i kompetencje;&nbsp;<\/li>\n\n\n\n<li><strong>badanie okresowe<\/strong> \u2013 r\u00f3wnie\u017c przeprowadzaj\u0105 je wykwalifikowani specjali\u015bci, zazwyczaj raz w roku (czasami raz na p\u00f3\u0142 roku).&nbsp;<\/li>\n<\/ul>\n\n\n\n<h2 class=\"wp-block-heading\">Jak wygl\u0105da kontrola okresowa zawiesi?&nbsp;<\/h2>\n\n\n<div class=\"wp-block-image\">\n<figure class=\"alignleft size-large is-resized\"><a href=\"https:\/\/kursy-udt.pl\/wp-content\/uploads\/2023\/03\/screen_2x-98.jpg\"><img loading=\"lazy\" decoding=\"async\" src=\"https:\/\/kursy-udt.pl\/wp-content\/uploads\/2023\/03\/screen_2x-98-1024x683.jpg\" alt=\"naprawa zniszczonego \u0142a\u0144cucha \" class=\"wp-image-5224\" width=\"512\" height=\"342\" srcset=\"https:\/\/kursy-udt.pl\/wp-content\/uploads\/2023\/03\/screen_2x-98-1024x683.jpg 1024w, https:\/\/kursy-udt.pl\/wp-content\/uploads\/2023\/03\/screen_2x-98-300x200.jpg 300w, https:\/\/kursy-udt.pl\/wp-content\/uploads\/2023\/03\/screen_2x-98-768x512.jpg 768w, https:\/\/kursy-udt.pl\/wp-content\/uploads\/2023\/03\/screen_2x-98-1536x1024.jpg 1536w, https:\/\/kursy-udt.pl\/wp-content\/uploads\/2023\/03\/screen_2x-98-18x12.jpg 18w, https:\/\/kursy-udt.pl\/wp-content\/uploads\/2023\/03\/screen_2x-98-624x416.jpg 624w, https:\/\/kursy-udt.pl\/wp-content\/uploads\/2023\/03\/screen_2x-98.jpg 1600w\" sizes=\"auto, (max-width: 512px) 100vw, 512px\" \/><\/a><\/figure>\n<\/div>\n\n\n<p>Podczas prowadzonego przez nas przegl\u0105du, du\u017c\u0105 wag\u0119 przek\u0142adamy do szczeg\u00f3\u0142\u00f3w i potencjalnie niegro\u017anych ubytk\u00f3w. Z naszego do\u015bwiadczenia wynika jednak, \u017ce to w\u0142a\u015bnie drobne odkszta\u0142cenia i przyci\u0119cia s\u0105 najbardziej niebezpieczne. Dlatego na samym pocz\u0105tku nasi fachowcy sprawdzaj\u0105 elementy zawiesi pod k\u0105tem napi\u0119\u0107, wyd\u0142u\u017ce\u0144 i p\u0119kni\u0119\u0107 oraz wyst\u0119powania korozji. Nast\u0119pnie sprawdzamy zu\u017cycie poszczeg\u00f3lnych cz\u0119\u015bci, aby w por\u0119 zareagowa\u0107 i wymieni\u0107 konkretny element. Zwracamy r\u00f3wnie\u017c uwag\u0119 na mikrop\u0119kni\u0119cia, a w przypadku, kiedy element nie nadaje si\u0119 do u\u017cytku, wymieniamy go na nowy. Na koniec wyrabiana jest tabliczka z ud\u017awigiem i numerem certyfikatu zawiesi.&nbsp;<\/p>\n\n\n\n<h2 class=\"wp-block-heading\">Kto prowadzi kontrole?&nbsp;<\/h2>\n\n\n\n<p>Jako firma ciesz\u0105ca si\u0119 zaufaniem tysi\u0119cy klient\u00f3w, zapewniamy wykwalifikowanych specjalist\u00f3w, kt\u00f3rzy zajmuj\u0105 si\u0119 kontrol\u0105 oraz przegl\u0105dem zawiesi. Nasi fachowcy:&nbsp;<\/p>\n\n\n\n<ul class=\"wp-block-list\">\n<li>znaj\u0105 najnowsze normy i przepisy prawne,&nbsp;<\/li>\n\n\n\n<li>maj\u0105 wieloletnie do\u015bwiadczenie przeprowadzaniu kontroli i przegl\u0105d\u00f3w zawiesi,&nbsp;<\/li>\n\n\n\n<li>uko\u0144czyli r\u00f3\u017cne kursy z zakresu naprawy i konserwacji, zatwierdzone przez Urz\u0105d Dozoru Technicznego.&nbsp;<\/li>\n<\/ul>\n\n\n\n<p>Warto zadba\u0107 o dobr\u0105 kondycj\u0119 zawiesi dlatego, \u017ce nawet ma\u0142e uszkodzenie, mo\u017ce spowodowa\u0107 gro\u017any wypadek, a tak\u017ce doprowadzi\u0107 do zagro\u017cenia zdrowia lub \u017cycia pracownik\u00f3w i os\u00f3b wok\u00f3\u0142.&nbsp;&nbsp;<\/p>\n\n\n\n<p>Szczeg\u00f3lnie niebezpieczne s\u0105 odkszta\u0142cenia i uszkodzenia mechaniczne takie jak rozci\u0105gni\u0119cia, p\u0119kni\u0119cia, rozdarcia czy rozwarstwienia. Nale\u017cy zwraca\u0107 r\u00f3wnie\u017c uwag\u0119 na korozj\u0119 oraz niewyra\u017ane lub zatarte oznakowanie zawiesia i informacje na temat jego ud\u017awigu.&nbsp;<\/p>\n\n\n\n<h2 class=\"wp-block-heading\">W ramach kontroli okresowych zapewniamy<\/h2>\n\n\n<div class=\"wp-block-image\">\n<figure class=\"alignright size-large is-resized\"><a href=\"https:\/\/kursy-udt.pl\/wp-content\/uploads\/2023\/03\/screen_2x-96.jpg\"><img loading=\"lazy\" decoding=\"async\" src=\"https:\/\/kursy-udt.pl\/wp-content\/uploads\/2023\/03\/screen_2x-96-1024x803.jpg\" alt=\"zawiesia \u017curawia na placu budowy\" class=\"wp-image-5225\" width=\"512\" height=\"402\" srcset=\"https:\/\/kursy-udt.pl\/wp-content\/uploads\/2023\/03\/screen_2x-96-1024x803.jpg 1024w, https:\/\/kursy-udt.pl\/wp-content\/uploads\/2023\/03\/screen_2x-96-300x235.jpg 300w, https:\/\/kursy-udt.pl\/wp-content\/uploads\/2023\/03\/screen_2x-96-768x602.jpg 768w, https:\/\/kursy-udt.pl\/wp-content\/uploads\/2023\/03\/screen_2x-96-1536x1204.jpg 1536w, https:\/\/kursy-udt.pl\/wp-content\/uploads\/2023\/03\/screen_2x-96-15x12.jpg 15w, https:\/\/kursy-udt.pl\/wp-content\/uploads\/2023\/03\/screen_2x-96-624x489.jpg 624w, https:\/\/kursy-udt.pl\/wp-content\/uploads\/2023\/03\/screen_2x-96.jpg 1600w\" sizes=\"auto, (max-width: 512px) 100vw, 512px\" \/><\/a><\/figure>\n<\/div>\n\n\n<ul class=\"wp-block-list\">\n<li>pr\u00f3by wytrzyma\u0142o\u015bciowe,&nbsp;<\/li>\n\n\n\n<li>ocen\u0119 stanu technicznego zawiesi m.in. \u0142a\u0144cuchowych, pasowych i linowych,&nbsp;<\/li>\n\n\n\n<li>zanotowanie na tabliczce numeru certyfikatu oraz ud\u017awigu zawiesi,&nbsp;<\/li>\n\n\n\n<li>zapisanie wyniku kontroli,&nbsp;<\/li>\n\n\n\n<li>w razie potrzeby, wystawienie certyfikatu.&nbsp;<\/li>\n<\/ul>\n\n\n\n<h2 class=\"wp-block-heading\">Inne nasze us\u0142ugi<\/h2>\n\n\n\n<ul class=\"wp-block-list\">\n<li>przegl\u0105dy r\u00f3\u017cnych maszyn UDT,&nbsp;<\/li>\n\n\n\n<li>konserwacj\u0119,&nbsp;<\/li>\n\n\n\n<li>modernizacj\u0119,&nbsp;<\/li>\n\n\n\n<li>audyty,&nbsp;<\/li>\n\n\n\n<li>serwis stacjonarny i mobilny w\u00f3zk\u00f3w wid\u0142owych, podno\u015bnik\u00f3w koszowych i no\u017cycowych, suwnic, \u017curawi HDS, \u0142adowarek teleskopowych,&nbsp;<\/li>\n\n\n\n<li>mo\u017cliwo\u015b\u0107 wypo\u017cyczenia maszyn zast\u0119pczych (dotyczy wy\u0142\u0105cznie podno\u015bnik\u00f3w no\u017cycowych i w\u00f3zk\u00f3w wid\u0142owych),&nbsp;<\/li>\n\n\n\n<li>mo\u017cliwo\u015b\u0107 sprawdzenia maszyny przed jej zakupem,&nbsp;<\/li>\n\n\n\n<li>sprzeda\u017c nowych i u\u017cywanych maszyn.&nbsp;<\/li>\n<\/ul>\n\n\n\n<p>Oferujemy r\u00f3wnie\u017c kursy na operatora i konserwatora maszyn UDT.&nbsp;<\/p>\n\n\n\n<p>W razie pyta\u0144, zapraszamy do kontaktu.&nbsp;<\/p>\n\n\n\n<h2 class=\"wp-block-heading\">Pytania i odpowiedzi<\/h2>\n\n\n\t\t<details\t\thelp class=\"sc_fs_faq sc_card    \"\n\t\topen\t\t>\n\t\t\t\t\t<summary>\n\t\t\t\t<h3>Kto przeprowadza kontrole i przegl\u0105dy zawiesi?<\/h3>\t\t\t\t\t<\/summary>\n\t\t\t\t<div>\n\t\t\t\t\t\t<div class=\"sc_fs_faq__content\">\n\t\t\t\t\n\n<p>Kontrole zawiesi s\u0105 przeprowadzane przez naszych wykwalifikowanych fachowc\u00f3w i specjalist\u00f3w w swojej dziedzinie. Dzi\u0119ki temu, oferujemy profesjonaln\u0105 obs\u0142ug\u0119.<\/p>\n\n\t\t\t<\/div>\n\t\t<\/div>\n\t\t<\/details>\n\t\t\t\t<details\t\thelp class=\"sc_fs_faq sc_card    \"\n\t\t\t\t>\n\t\t\t\t\t<summary>\n\t\t\t\t<h3>Czy kontrole zawiesi s\u0105 obowi\u0105zkowe?<\/h3>\t\t\t\t\t<\/summary>\n\t\t\t\t<div>\n\t\t\t\t\t\t<div class=\"sc_fs_faq__content\">\n\t\t\t\t\n\n<p>Tak, kontrole zawiesi nale\u017cy przeprowadza\u0107 co kilka miesi\u0119cy oraz przed ka\u017cdym u\u017cyciem elementu.<\/p>\n\n\t\t\t<\/div>\n\t\t<\/div>\n\t\t<\/details>\n\t\t\t\t<details\t\thelp class=\"sc_fs_faq sc_card    \"\n\t\t\t\t>\n\t\t\t\t\t<summary>\n\t\t\t\t<h3>Gdzie u\u017cywane s\u0105 zawiesia?<\/h3>\t\t\t\t\t<\/summary>\n\t\t\t\t<div>\n\t\t\t\t\t\t<div class=\"sc_fs_faq__content\">\n\t\t\t\t\n\n<p>Zawiesia s\u0105 niezb\u0119dne m.in. w hutnictwie, budownictwie i transporcie.&nbsp;<\/p>\n\n\t\t\t<\/div>\n\t\t<\/div>\n\t\t<\/details>\n\t\t\n<script type=\"application\/ld+json\">\n\t{\n\t\t\"@context\": \"https:\/\/schema.org\",\n\t\t\"@type\": \"FAQPage\",\n\t\t\"mainEntity\": [\n\t\t\t\t\t{\n\t\t\t\t\"@type\": \"Question\",\n\t\t\t\t\"name\": \"Kto przeprowadza kontrole i przegl\u0105dy zawiesi?\",\n\t\t\t\t\"acceptedAnswer\": {\n\t\t\t\t\t\"@type\": \"Answer\",\n\t\t\t\t\t\"text\": \"<p>Kontrole zawiesi s\u0105 przeprowadzane przez naszych wykwalifikowanych fachowc\u00f3w i specjalist\u00f3w w swojej dziedzinie. Dzi\u0119ki temu, oferujemy profesjonaln\u0105 obs\u0142ug\u0119.<\/p>\"\n\t\t\t\t\t\t\t\t\t}\n\t\t\t}\n\t\t\t,\t\t\t\t{\n\t\t\t\t\"@type\": \"Question\",\n\t\t\t\t\"name\": \"Czy kontrole zawiesi s\u0105 obowi\u0105zkowe?\",\n\t\t\t\t\"acceptedAnswer\": {\n\t\t\t\t\t\"@type\": \"Answer\",\n\t\t\t\t\t\"text\": \"<p>Tak, kontrole zawiesi nale\u017cy przeprowadza\u0107 co kilka miesi\u0119cy oraz przed ka\u017cdym u\u017cyciem elementu.<\/p>\"\n\t\t\t\t\t\t\t\t\t}\n\t\t\t}\n\t\t\t,\t\t\t\t{\n\t\t\t\t\"@type\": \"Question\",\n\t\t\t\t\"name\": \"Gdzie u\u017cywane s\u0105 zawiesia?\",\n\t\t\t\t\"acceptedAnswer\": {\n\t\t\t\t\t\"@type\": \"Answer\",\n\t\t\t\t\t\"text\": \"<p>Zawiesia s\u0105 niezb\u0119dne m.in. w hutnictwie, budownictwie i transporcie.&nbsp;<\/p>\"\n\t\t\t\t\t\t\t\t\t}\n\t\t\t}\n\t\t\t\t\t\t]\n\t}\n<\/script>\n","protected":false},"excerpt":{"rendered":"<p>Przegl\u0105dy zawiesi \u2013 kompleksowa kontrola&nbsp; Istniej\u0105 bran\u017ce, w kt\u00f3rych zawiesia i r\u00f3\u017cne maszyny UDT s\u0105 niezb\u0119dne. Stosuje si\u0119 je w przemy\u015ble ci\u0119\u017ckim, stoczniowym, zbrojeniowym, a tak\u017ce w budownictwie i transporcie. Codziennie przenosz\u0105 \u0142adunki wa\u017c\u0105ce wiele ton, co cz\u0119sto prowadzi do zniszcze\u0144 r\u00f3\u017cnych element\u00f3w zawiesi. Nasza firma specjalizuje si\u0119 w kontrolach i przegl\u0105dach tych element\u00f3w oraz dba o dopuszczanie do u\u017cytku tylko tych sprawnych. Posiadamy wykwalifikowanych fachowc\u00f3w, kt\u00f3rzy sprawdz\u0105 Tw\u00f3j sprz\u0119t pod k\u0105tem wszelkich ubytk\u00f3w zawiesi.&nbsp; Kiedy przeprowadzi\u0107 kontrol\u0119 zawiesi?&nbsp; Zawiesia powinny by\u0107 szczeg\u00f3lnie obserwowane przez pracownik\u00f3w, aby mo\u017cna by\u0142o szybko zareagowa\u0107 na rozmaite uszkodzenia. Jednak niezb\u0119dne s\u0105 r\u00f3wnie\u017c te bardziej profesjonalne przegl\u0105dy. Istniej\u0105 3 rodzaje kontroli:&nbsp; Jak wygl\u0105da kontrola okresowa zawiesi?&nbsp; Podczas prowadzonego przez nas przegl\u0105du, du\u017c\u0105 wag\u0119 przek\u0142adamy do szczeg\u00f3\u0142\u00f3w i potencjalnie niegro\u017anych ubytk\u00f3w. Z naszego do\u015bwiadczenia wynika jednak, \u017ce to w\u0142a\u015bnie drobne odkszta\u0142cenia i przyci\u0119cia s\u0105 najbardziej niebezpieczne. Dlatego na samym pocz\u0105tku nasi fachowcy sprawdzaj\u0105 elementy zawiesi pod k\u0105tem napi\u0119\u0107, wyd\u0142u\u017ce\u0144 i p\u0119kni\u0119\u0107 oraz wyst\u0119powania korozji. Nast\u0119pnie sprawdzamy zu\u017cycie poszczeg\u00f3lnych cz\u0119\u015bci, aby w por\u0119 zareagowa\u0107 i wymieni\u0107 konkretny element. Zwracamy r\u00f3wnie\u017c uwag\u0119 na mikrop\u0119kni\u0119cia, a w przypadku, kiedy element nie nadaje si\u0119 do u\u017cytku, wymieniamy go na nowy. Na koniec wyrabiana jest tabliczka z ud\u017awigiem i numerem certyfikatu zawiesi.&nbsp; Kto prowadzi kontrole?&nbsp; Jako firma ciesz\u0105ca si\u0119 zaufaniem tysi\u0119cy klient\u00f3w, zapewniamy wykwalifikowanych specjalist\u00f3w, kt\u00f3rzy zajmuj\u0105 si\u0119 kontrol\u0105 oraz przegl\u0105dem zawiesi. Nasi fachowcy:&nbsp; Warto zadba\u0107 o dobr\u0105 kondycj\u0119 zawiesi dlatego, \u017ce nawet ma\u0142e uszkodzenie, mo\u017ce spowodowa\u0107 gro\u017any wypadek, a tak\u017ce doprowadzi\u0107 do zagro\u017cenia zdrowia lub \u017cycia pracownik\u00f3w i os\u00f3b wok\u00f3\u0142.&nbsp;&nbsp; Szczeg\u00f3lnie niebezpieczne s\u0105 odkszta\u0142cenia i [&hellip;]<\/p>\n","protected":false},"author":6,"featured_media":5224,"parent":0,"menu_order":0,"comment_status":"closed","ping_status":"closed","template":"","meta":{"sfsi_plus_gutenberg_text_before_share":"","sfsi_plus_gutenberg_show_text_before_share":"","sfsi_plus_gutenberg_icon_type":"","sfsi_plus_gutenberg_icon_alignemt":"","sfsi_plus_gutenburg_max_per_row":"","footnotes":""},"class_list":["post-5222","page","type-page","status-publish","has-post-thumbnail","hentry","has_thumb"],"aioseo_notices":[],"_links":{"self":[{"href":"https:\/\/kursy-udt.pl\/ua\/wp-json\/wp\/v2\/pages\/5222","targetHints":{"allow":["GET"]}}],"collection":[{"href":"https:\/\/kursy-udt.pl\/ua\/wp-json\/wp\/v2\/pages"}],"about":[{"href":"https:\/\/kursy-udt.pl\/ua\/wp-json\/wp\/v2\/types\/page"}],"author":[{"embeddable":true,"href":"https:\/\/kursy-udt.pl\/ua\/wp-json\/wp\/v2\/users\/6"}],"replies":[{"embeddable":true,"href":"https:\/\/kursy-udt.pl\/ua\/wp-json\/wp\/v2\/comments?post=5222"}],"version-history":[{"count":3,"href":"https:\/\/kursy-udt.pl\/ua\/wp-json\/wp\/v2\/pages\/5222\/revisions"}],"predecessor-version":[{"id":5254,"href":"https:\/\/kursy-udt.pl\/ua\/wp-json\/wp\/v2\/pages\/5222\/revisions\/5254"}],"wp:featuredmedia":[{"embeddable":true,"href":"https:\/\/kursy-udt.pl\/ua\/wp-json\/wp\/v2\/media\/5224"}],"wp:attachment":[{"href":"https:\/\/kursy-udt.pl\/ua\/wp-json\/wp\/v2\/media?parent=5222"}],"curies":[{"name":"wp","href":"https:\/\/api.w.org\/{rel}","templated":true}]}}