{"id":5208,"date":"2023-03-21T12:04:00","date_gmt":"2023-03-21T11:04:00","guid":{"rendered":"https:\/\/kursy-udt.pl\/?page_id=5208"},"modified":"2023-03-21T13:33:33","modified_gmt":"2023-03-21T12:33:33","slug":"%d0%be%d0%b1%d1%81%d0%bb%d1%83%d0%b3%d0%be%d0%b2%d1%83%d0%b2%d0%b0%d0%bd%d0%bd%d1%8f-%d0%ba%d1%80%d0%b0%d0%bd%d0%be%d0%b2%d0%be%d0%b3%d0%be-%d0%be%d0%b1%d0%bb%d0%b0%d0%b4%d0%bd%d0%b0%d0%bd%d0%bd%d1%8f","status":"publish","type":"page","link":"https:\/\/kursy-udt.pl\/ua\/uslugi\/serwis\/serwis-urzadzen-dzwigowych\/","title":{"rendered":"\u041e\u0411\u0421\u041b\u0423\u0413\u041e\u0412\u0423\u0412\u0410\u041d\u041d\u042f \u0412\u0410\u041d\u0422\u0410\u0416\u041e\u041f\u0406\u0414\u0419\u041e\u041c\u041d\u041e\u0413\u041e \u041e\u0411\u041b\u0410\u0414\u041d\u0410\u041d\u041d\u042f"},"content":{"rendered":"\n<h2 class=\"wp-block-heading\">Kompleksowy serwis urz\u0105dze\u0144 d\u017awigowych&nbsp;<\/h2>\n\n\n<div class=\"wp-block-image\">\n<figure class=\"alignleft size-large is-resized\"><a href=\"https:\/\/kursy-udt.pl\/wp-content\/uploads\/2023\/03\/s2-63.jpg\"><img loading=\"lazy\" decoding=\"async\" src=\"https:\/\/kursy-udt.pl\/wp-content\/uploads\/2023\/03\/s2-63-1024x683.jpg\" alt=\"d\u017awig samochodowy na budowie\" class=\"wp-image-5210\" width=\"512\" height=\"342\" srcset=\"https:\/\/kursy-udt.pl\/wp-content\/uploads\/2023\/03\/s2-63-1024x683.jpg 1024w, https:\/\/kursy-udt.pl\/wp-content\/uploads\/2023\/03\/s2-63-300x200.jpg 300w, https:\/\/kursy-udt.pl\/wp-content\/uploads\/2023\/03\/s2-63-768x512.jpg 768w, https:\/\/kursy-udt.pl\/wp-content\/uploads\/2023\/03\/s2-63-1536x1024.jpg 1536w, https:\/\/kursy-udt.pl\/wp-content\/uploads\/2023\/03\/s2-63-18x12.jpg 18w, https:\/\/kursy-udt.pl\/wp-content\/uploads\/2023\/03\/s2-63-624x416.jpg 624w, https:\/\/kursy-udt.pl\/wp-content\/uploads\/2023\/03\/s2-63.jpg 1600w\" sizes=\"auto, (max-width: 512px) 100vw, 512px\" \/><\/a><\/figure>\n<\/div>\n\n\n<p>Firma ERGON oferuje kompleksowy zakres us\u0142ug konserwacyjnych i serwisowych urz\u0105dze\u0144 podlegaj\u0105cych Urz\u0119dowi Dozoru Technicznego. Dzi\u0119ki naszym specjalistom, przegl\u0105d Twoich maszyn odb\u0119dzie si\u0119 szybko, sprawnie i profesjonalnie. Maszyny sprawdzamy pod k\u0105tem wszelkich usterek, oferujemy skuteczne ich usuni\u0119cie oraz wykonujemy rutynowe przegl\u0105dy kontrolne wymagane przez UDT. Skorzystanie z naszych us\u0142ug to gwarancja szybkiego przeprowadzenia wszelkich czynno\u015bci serwisowych. &nbsp;<\/p>\n\n\n\n<h2 class=\"wp-block-heading\">Urz\u0105dzenia podlegaj\u0105ce UDT&nbsp;<\/h2>\n\n\n\n<p>Urz\u0105dzeniami UDT nazywa si\u0119 sprz\u0119ty podlegaj\u0105ce kontroli Urz\u0119du Dozoru Technicznego. Zalicza si\u0119 do nich g\u0142\u00f3wnie urz\u0105dzenia wykorzystywane przy specjalistycznych pracach zwi\u0105zanych z takimi bran\u017cami jak infrastruktura, handel czy transport. Innymi s\u0142owy jest to wszelkiego rodzaju tak zwany sprz\u0119t ci\u0119\u017cki. S\u0105 to urz\u0105dzenia, kt\u00f3re przede wszystkim wymagaj\u0105 przeszkolenia do ich obs\u0142ugi. Szkolenie takie musi by\u0107 zako\u0144czone egzaminem przed komisj\u0105 UDT. <\/p>\n\n\n\n<p>Kategorie urz\u0105dze\u0144, kt\u00f3rymi zajmuje si\u0119 Urz\u0105d Dozoru Technicznego, to:&nbsp;<\/p>\n\n\n\n<ul class=\"wp-block-list\">\n<li>urz\u0105dzenia transportu bliskiego,&nbsp;<\/li>\n\n\n\n<li>urz\u0105dzenia do odzyskiwania par paliwa,&nbsp;<\/li>\n\n\n\n<li>urz\u0105dzenia bezci\u015bnieniowe,&nbsp;<\/li>\n\n\n\n<li>urz\u0105dzenia ci\u015bnieniowe.&nbsp;<\/li>\n<\/ul>\n\n\n\n<p>Jednym z najwa\u017cniejszych wymog\u00f3w UDT jest <strong>rutynowa kontrola stanu technicznego <\/strong>podlegaj\u0105cych mu maszyn.&nbsp;<\/p>\n\n\n<div class=\"wp-block-image\">\n<figure class=\"alignright size-large is-resized\"><a href=\"https:\/\/kursy-udt.pl\/wp-content\/uploads\/2023\/03\/screen_2x-92.jpg\"><img loading=\"lazy\" decoding=\"async\" src=\"https:\/\/kursy-udt.pl\/wp-content\/uploads\/2023\/03\/screen_2x-92-1024x682.jpg\" alt=\"naprawa suwnicy w warsztacie\" class=\"wp-image-5211\" width=\"512\" height=\"341\" srcset=\"https:\/\/kursy-udt.pl\/wp-content\/uploads\/2023\/03\/screen_2x-92-1024x682.jpg 1024w, https:\/\/kursy-udt.pl\/wp-content\/uploads\/2023\/03\/screen_2x-92-300x200.jpg 300w, https:\/\/kursy-udt.pl\/wp-content\/uploads\/2023\/03\/screen_2x-92-768x512.jpg 768w, https:\/\/kursy-udt.pl\/wp-content\/uploads\/2023\/03\/screen_2x-92-1536x1023.jpg 1536w, https:\/\/kursy-udt.pl\/wp-content\/uploads\/2023\/03\/screen_2x-92-18x12.jpg 18w, https:\/\/kursy-udt.pl\/wp-content\/uploads\/2023\/03\/screen_2x-92-624x416.jpg 624w, https:\/\/kursy-udt.pl\/wp-content\/uploads\/2023\/03\/screen_2x-92.jpg 1600w\" sizes=\"auto, (max-width: 512px) 100vw, 512px\" \/><\/a><\/figure>\n<\/div>\n\n\n<h2 class=\"wp-block-heading\">Przegl\u0105d i konserwacja&nbsp;<\/h2>\n\n\n\n<p>W naszej firmie zajmujemy si\u0119 czynno\u015bciami konserwacyjnymi urz\u0105dze\u0144 g\u0142\u00f3wnie z kategorii transportu bliskiego. Zaliczaj\u0105 si\u0119 do nich:&nbsp;<\/p>\n\n\n\n<ul class=\"wp-block-list\">\n<li>podesty ruchome (no\u017cycowe i koszowe),&nbsp;<\/li>\n\n\n\n<li>suwnice,&nbsp;<\/li>\n\n\n\n<li>\u017curawie HDS,&nbsp;<\/li>\n\n\n\n<li>\u0142adowarki teleskopowe,<strong>&nbsp;<\/strong>&nbsp;<\/li>\n\n\n\n<li>w\u00f3zki wid\u0142owe,&nbsp;<\/li>\n\n\n\n<li>d\u017awigi i d\u017awigniki,<\/li>\n\n\n\n<li>windy przemys\u0142owe.&nbsp;<\/li>\n<\/ul>\n\n\n\n<p>Urz\u0105dzenia te znajduj\u0105 si\u0119 w grupie szczeg\u00f3lnego ryzyka wyst\u0105pienia usterek. Regularne sprawdzanie stanu technicznego zapewnia wi\u0119c podtrzymanie ich sprawno\u015bci i wyd\u0142u\u017ca czas dalszej eksploatacji. Jest to te\u017c wa\u017cne ze wzgl\u0119du na zachowanie jak najwy\u017cszego poziomu bezpiecze\u0144stwa podczas pracy. Czynno\u015bci konserwacyjne zapobiegaj\u0105 wi\u0119c awariom i pozwalaj\u0105 na odpowiednio wczesne ich wykrycie i usuni\u0119cie, co w rezultacie zapewnia podtrzymanie ci\u0105g\u0142o\u015bci pracy.&nbsp;<\/p>\n\n\n\n<h2 class=\"wp-block-heading\">Zasady konserwacji urz\u0105dze\u0144 UDT&nbsp;<\/h2>\n\n\n\n<p>Aktualne przepisy wyra\u017anie stwierdzaj\u0105, \u017ce urz\u0105dzenia zaliczane do wy\u017cej wymienionych kategorii musz\u0105 by\u0107 regularnie kontrolowane i poddawane kompleksowemu serwisowi oraz konserwacji. W\u0142a\u015bciciele tego typu sprz\u0119tu maj\u0105 zatem obowi\u0105zek we w\u0142a\u015bciwym terminie podda\u0107 go sprawdzeniu.<strong> <\/strong>Niespe\u0142nienie tego kryterium skutkowa\u0107 mo\u017ce kar\u0105 finansow\u0105 na\u0142o\u017con\u0105 przez UDT. W celu potwierdzenia, \u017ce odpowiednia kontrola mia\u0142a miejsce, urz\u0105d wydaje specjalne dokumenty, po kt\u00f3rych otrzymaniu dalsza eksploatacja sprz\u0119tu mo\u017ce dalej si\u0119 odbywa\u0107. ERGON zapewnia przej\u015bcie przez ca\u0142y ten proces sprawnie i szybko. &nbsp; &nbsp;<\/p>\n\n\n<div class=\"wp-block-image\">\n<figure class=\"alignright size-large is-resized\"><a href=\"https:\/\/kursy-udt.pl\/wp-content\/uploads\/2023\/03\/screen_2x-91.jpg\"><img loading=\"lazy\" decoding=\"async\" src=\"https:\/\/kursy-udt.pl\/wp-content\/uploads\/2023\/03\/screen_2x-91-1024x683.jpg\" alt=\"d\u017awig od suwnicy\" class=\"wp-image-5212\" width=\"512\" height=\"342\" srcset=\"https:\/\/kursy-udt.pl\/wp-content\/uploads\/2023\/03\/screen_2x-91-1024x683.jpg 1024w, https:\/\/kursy-udt.pl\/wp-content\/uploads\/2023\/03\/screen_2x-91-300x200.jpg 300w, https:\/\/kursy-udt.pl\/wp-content\/uploads\/2023\/03\/screen_2x-91-768x512.jpg 768w, https:\/\/kursy-udt.pl\/wp-content\/uploads\/2023\/03\/screen_2x-91-1536x1024.jpg 1536w, https:\/\/kursy-udt.pl\/wp-content\/uploads\/2023\/03\/screen_2x-91-18x12.jpg 18w, https:\/\/kursy-udt.pl\/wp-content\/uploads\/2023\/03\/screen_2x-91-624x416.jpg 624w, https:\/\/kursy-udt.pl\/wp-content\/uploads\/2023\/03\/screen_2x-91.jpg 1600w\" sizes=\"auto, (max-width: 512px) 100vw, 512px\" \/><\/a><\/figure>\n<\/div>\n\n\n<h2 class=\"wp-block-heading\">Czynno\u015bci konserwacyjne&nbsp;<\/h2>\n\n\n\n<p>Nasz zestaw us\u0142ug konserwacyjnych zawiera mi\u0119dzy innymi:&nbsp;<\/p>\n\n\n\n<ul class=\"wp-block-list\">\n<li>wykrywanie i usuwanie wszelkich usterek,&nbsp;<\/li>\n\n\n\n<li>sprawdzenie dzia\u0142ania wszelkich podzespo\u0142\u00f3w odpowiedzialnych za dalsz\u0105 bezpieczn\u0105 obs\u0142ug\u0119 sprz\u0119tu,&nbsp;<\/li>\n\n\n\n<li>diagnostyk\u0119 uk\u0142adu sterowania i uk\u0142ad\u00f3w hydraulicznych,&nbsp;<\/li>\n\n\n\n<li>tworzenie i udost\u0119pnianie szczeg\u00f3\u0142owej dokumentacji z przegl\u0105du urz\u0105dzenia.&nbsp;<\/li>\n<\/ul>\n\n\n\n<h2 class=\"wp-block-heading\">Serwis w ca\u0142ej Polsce<\/h2>\n\n\n\n<p>Nasza firma od lat oferuje us\u0142ugi serwisowe urz\u0105dze\u0144 UDT. Posiadamy mobilnych serwisant\u00f3w, kt\u00f3rzy s\u0105 w stanie przeprowadzi\u0107 wszelkie prace serwisowe na terenie ca\u0142ego kraju.<\/p>\n\n\n\n<h2 class=\"wp-block-heading\">Pytania i odpowiedzi<\/h2>\n\n\n\t\t<details\t\thelp class=\"sc_fs_faq sc_card    \"\n\t\topen\t\t>\n\t\t\t\t\t<summary>\n\t\t\t\t<h3>Czy przegl\u0105dy okresowe maszyn d\u017awigowych s\u0105 obowi\u0105zkowe?<\/h3>\t\t\t\t\t<\/summary>\n\t\t\t\t<div>\n\t\t\t\t\t\t<div class=\"sc_fs_faq__content\">\n\t\t\t\t\n\n<p>Tak, Urz\u0105d Dozoru Technicznego wymaga okresowych przegl\u0105d\u00f3w wszystkich zarejestrowanych urz\u0105dze\u0144. W przeciwnym wypadku nak\u0142ada kar\u0119 administracyjn\u0105.<\/p>\n\n\t\t\t<\/div>\n\t\t<\/div>\n\t\t<\/details>\n\t\t\t\t<details\t\thelp class=\"sc_fs_faq sc_card    \"\n\t\t\t\t>\n\t\t\t\t\t<summary>\n\t\t\t\t<h3>Jakie urz\u0105dzenia serwisujecie?<\/h3>\t\t\t\t\t<\/summary>\n\t\t\t\t<div>\n\t\t\t\t\t\t<div class=\"sc_fs_faq__content\">\n\t\t\t\t\n\n<p>Nasz serwis obejmuje m.in. w\u00f3zki wid\u0142owe, d\u017awigi HDS, \u0142adowarki teleskopowe, suwnice, podesty ruchome oraz windy przemys\u0142owe.&nbsp;<\/p>\n\n\t\t\t<\/div>\n\t\t<\/div>\n\t\t<\/details>\n\t\t\n<script type=\"application\/ld+json\">\n\t{\n\t\t\"@context\": \"https:\/\/schema.org\",\n\t\t\"@type\": \"FAQPage\",\n\t\t\"mainEntity\": [\n\t\t\t\t\t{\n\t\t\t\t\"@type\": \"Question\",\n\t\t\t\t\"name\": \"Czy przegl\u0105dy okresowe maszyn d\u017awigowych s\u0105 obowi\u0105zkowe?\",\n\t\t\t\t\"acceptedAnswer\": {\n\t\t\t\t\t\"@type\": \"Answer\",\n\t\t\t\t\t\"text\": \"<p>Tak, Urz\u0105d Dozoru Technicznego wymaga okresowych przegl\u0105d\u00f3w wszystkich zarejestrowanych urz\u0105dze\u0144. W przeciwnym wypadku nak\u0142ada kar\u0119 administracyjn\u0105.<\/p>\"\n\t\t\t\t\t\t\t\t\t}\n\t\t\t}\n\t\t\t,\t\t\t\t{\n\t\t\t\t\"@type\": \"Question\",\n\t\t\t\t\"name\": \"Jakie urz\u0105dzenia serwisujecie?\",\n\t\t\t\t\"acceptedAnswer\": {\n\t\t\t\t\t\"@type\": \"Answer\",\n\t\t\t\t\t\"text\": \"<p>Nasz serwis obejmuje m.in. w\u00f3zki wid\u0142owe, d\u017awigi HDS, \u0142adowarki teleskopowe, suwnice, podesty ruchome oraz windy przemys\u0142owe.&nbsp;<\/p>\"\n\t\t\t\t\t\t\t\t\t}\n\t\t\t}\n\t\t\t\t\t\t]\n\t}\n<\/script>\n","protected":false},"excerpt":{"rendered":"<p>Kompleksowy serwis urz\u0105dze\u0144 d\u017awigowych&nbsp; Firma ERGON oferuje kompleksowy zakres us\u0142ug konserwacyjnych i serwisowych urz\u0105dze\u0144 podlegaj\u0105cych Urz\u0119dowi Dozoru Technicznego. Dzi\u0119ki naszym specjalistom, przegl\u0105d Twoich maszyn odb\u0119dzie si\u0119 szybko, sprawnie i profesjonalnie. Maszyny sprawdzamy pod k\u0105tem wszelkich usterek, oferujemy skuteczne ich usuni\u0119cie oraz wykonujemy rutynowe przegl\u0105dy kontrolne wymagane przez UDT. Skorzystanie z naszych us\u0142ug to gwarancja szybkiego przeprowadzenia wszelkich czynno\u015bci serwisowych. &nbsp; Urz\u0105dzenia podlegaj\u0105ce UDT&nbsp; Urz\u0105dzeniami UDT nazywa si\u0119 sprz\u0119ty podlegaj\u0105ce kontroli Urz\u0119du Dozoru Technicznego. Zalicza si\u0119 do nich g\u0142\u00f3wnie urz\u0105dzenia wykorzystywane przy specjalistycznych pracach zwi\u0105zanych z takimi bran\u017cami jak infrastruktura, handel czy transport. Innymi s\u0142owy jest to wszelkiego rodzaju tak zwany sprz\u0119t ci\u0119\u017cki. S\u0105 to urz\u0105dzenia, kt\u00f3re przede wszystkim wymagaj\u0105 przeszkolenia do ich obs\u0142ugi. Szkolenie takie musi by\u0107 zako\u0144czone egzaminem przed komisj\u0105 UDT. Kategorie urz\u0105dze\u0144, kt\u00f3rymi zajmuje si\u0119 Urz\u0105d Dozoru Technicznego, to:&nbsp; Jednym z najwa\u017cniejszych wymog\u00f3w UDT jest rutynowa kontrola stanu technicznego podlegaj\u0105cych mu maszyn.&nbsp; Przegl\u0105d i konserwacja&nbsp; W naszej firmie zajmujemy si\u0119 czynno\u015bciami konserwacyjnymi urz\u0105dze\u0144 g\u0142\u00f3wnie z kategorii transportu bliskiego. Zaliczaj\u0105 si\u0119 do nich:&nbsp; Urz\u0105dzenia te znajduj\u0105 si\u0119 w grupie szczeg\u00f3lnego ryzyka wyst\u0105pienia usterek. Regularne sprawdzanie stanu technicznego zapewnia wi\u0119c podtrzymanie ich sprawno\u015bci i wyd\u0142u\u017ca czas dalszej eksploatacji. Jest to te\u017c wa\u017cne ze wzgl\u0119du na zachowanie jak najwy\u017cszego poziomu bezpiecze\u0144stwa podczas pracy. Czynno\u015bci konserwacyjne zapobiegaj\u0105 wi\u0119c awariom i pozwalaj\u0105 na odpowiednio wczesne ich wykrycie i usuni\u0119cie, co w rezultacie zapewnia podtrzymanie ci\u0105g\u0142o\u015bci pracy.&nbsp; Zasady konserwacji urz\u0105dze\u0144 UDT&nbsp; Aktualne przepisy wyra\u017anie stwierdzaj\u0105, \u017ce urz\u0105dzenia zaliczane do wy\u017cej wymienionych kategorii musz\u0105 by\u0107 regularnie kontrolowane i poddawane kompleksowemu serwisowi oraz konserwacji. W\u0142a\u015bciciele tego typu sprz\u0119tu maj\u0105 zatem obowi\u0105zek [&hellip;]<\/p>\n","protected":false},"author":6,"featured_media":5210,"parent":5573,"menu_order":0,"comment_status":"closed","ping_status":"closed","template":"","meta":{"sfsi_plus_gutenberg_text_before_share":"","sfsi_plus_gutenberg_show_text_before_share":"","sfsi_plus_gutenberg_icon_type":"","sfsi_plus_gutenberg_icon_alignemt":"","sfsi_plus_gutenburg_max_per_row":"","footnotes":""},"class_list":["post-5208","page","type-page","status-publish","has-post-thumbnail","hentry","has_thumb"],"aioseo_notices":[],"_links":{"self":[{"href":"https:\/\/kursy-udt.pl\/ua\/wp-json\/wp\/v2\/pages\/5208","targetHints":{"allow":["GET"]}}],"collection":[{"href":"https:\/\/kursy-udt.pl\/ua\/wp-json\/wp\/v2\/pages"}],"about":[{"href":"https:\/\/kursy-udt.pl\/ua\/wp-json\/wp\/v2\/types\/page"}],"author":[{"embeddable":true,"href":"https:\/\/kursy-udt.pl\/ua\/wp-json\/wp\/v2\/users\/6"}],"replies":[{"embeddable":true,"href":"https:\/\/kursy-udt.pl\/ua\/wp-json\/wp\/v2\/comments?post=5208"}],"version-history":[{"count":7,"href":"https:\/\/kursy-udt.pl\/ua\/wp-json\/wp\/v2\/pages\/5208\/revisions"}],"predecessor-version":[{"id":5601,"href":"https:\/\/kursy-udt.pl\/ua\/wp-json\/wp\/v2\/pages\/5208\/revisions\/5601"}],"up":[{"embeddable":true,"href":"https:\/\/kursy-udt.pl\/ua\/wp-json\/wp\/v2\/pages\/5573"}],"wp:featuredmedia":[{"embeddable":true,"href":"https:\/\/kursy-udt.pl\/ua\/wp-json\/wp\/v2\/media\/5210"}],"wp:attachment":[{"href":"https:\/\/kursy-udt.pl\/ua\/wp-json\/wp\/v2\/media?parent=5208"}],"curies":[{"name":"wp","href":"https:\/\/api.w.org\/{rel}","templated":true}]}}