{"id":5141,"date":"2023-03-21T11:52:18","date_gmt":"2023-03-21T10:52:18","guid":{"rendered":"https:\/\/kursy-udt.pl\/?page_id=5141"},"modified":"2023-03-21T13:28:12","modified_gmt":"2023-03-21T12:28:12","slug":"%d1%80%d0%b5%d0%bc%d0%be%d0%bd%d1%82-%d0%bb%d1%96%d1%84%d1%82%d0%b5%d1%80%d0%b8-%d0%bb%d1%96%d1%84%d1%82%d0%b5%d1%80%d0%b8-%d0%bb%d1%96%d1%84%d1%82%d0%b5%d1%80%d0%b8","status":"publish","type":"page","link":"https:\/\/kursy-udt.pl\/ua\/uslugi\/serwis\/naprawa-podnosnikow-nozycowych\/","title":{"rendered":"\u0420\u0435\u043c\u043e\u043d\u0442 \u0456 \u043e\u0431\u0441\u043b\u0443\u0433\u043e\u0432\u0443\u0432\u0430\u043d\u043d\u044f \u043d\u043e\u0436\u0438\u0447\u043d\u0438\u0445 \u043f\u0456\u0434\u0439\u043e\u043c\u043d\u0438\u043a\u0456\u0432"},"content":{"rendered":"\n<h2 class=\"wp-block-heading\">Serwis podno\u015bnika no\u017cycowego&nbsp;<\/h2>\n\n\n\n<p>Firma ERGON od lat zatrudnia specjalist\u00f3w, kt\u00f3rzy zajm\u0105 si\u0119 kompleksow\u0105 napraw\u0105 i konserwacj\u0105 Twojej maszyny.&nbsp;Ze wzgl\u0119du na charakter prac podczas eksploatacji podno\u015bnik\u00f3w ruchomych, ulegaj\u0105 one usterkom. Nasz wykwalifikowany zesp\u00f3\u0142 ch\u0119tnie rozwi\u0105\u017ce ka\u017cdy problem. Serwisanci ka\u017cdego roku przechodz\u0105 szereg szkole\u0144 podwy\u017cszaj\u0105cych ich kwalifikacje, by m\u00f3c zagwarantowa\u0107 Ci najwy\u017csz\u0105 jako\u015b\u0107 us\u0142ug naprawczych i konserwatorskich.&nbsp;<\/p>\n\n\n<div class=\"wp-block-image\">\n<figure class=\"alignleft size-large is-resized\"><a href=\"https:\/\/kursy-udt.pl\/wp-content\/uploads\/2023\/03\/s2-54.jpg\"><img loading=\"lazy\" decoding=\"async\" src=\"https:\/\/kursy-udt.pl\/wp-content\/uploads\/2023\/03\/s2-54-1024x683.jpg\" alt=\"podno\u015bnik no\u017cycowy na budowie\" class=\"wp-image-5143\" width=\"512\" height=\"342\" srcset=\"https:\/\/kursy-udt.pl\/wp-content\/uploads\/2023\/03\/s2-54-1024x683.jpg 1024w, https:\/\/kursy-udt.pl\/wp-content\/uploads\/2023\/03\/s2-54-300x200.jpg 300w, https:\/\/kursy-udt.pl\/wp-content\/uploads\/2023\/03\/s2-54-768x512.jpg 768w, https:\/\/kursy-udt.pl\/wp-content\/uploads\/2023\/03\/s2-54-1536x1024.jpg 1536w, https:\/\/kursy-udt.pl\/wp-content\/uploads\/2023\/03\/s2-54-18x12.jpg 18w, https:\/\/kursy-udt.pl\/wp-content\/uploads\/2023\/03\/s2-54-624x416.jpg 624w, https:\/\/kursy-udt.pl\/wp-content\/uploads\/2023\/03\/s2-54.jpg 1600w\" sizes=\"auto, (max-width: 512px) 100vw, 512px\" \/><\/a><\/figure>\n<\/div>\n\n\n<h2 class=\"wp-block-heading\">Zakres prac&nbsp;<\/h2>\n\n\n\n<p>Otrzymuj\u0105c zlecenie naprawy i konserwacji Twojego podno\u015bnika no\u017cycowego, nasz zesp\u00f3\u0142 fachowc\u00f3w przygotowuje si\u0119 do wykonania sta\u0142ego zakresu prac. Zaliczamy do nich: kompletn\u0105 diagnostyk\u0119, modyfikacj\u0119 i wymian\u0119 cz\u0119\u015bci, je\u015bli b\u0119dzie to wymagane. Serwisanci staraj\u0105 si\u0119 wykonywa\u0107 prac\u0119 w jak najszybszym czasie, poniewa\u017c wa\u017cna jest dla nas terminowo\u015b\u0107.&nbsp;<\/p>\n\n\n\n<h2 class=\"wp-block-heading\">Rodzaje podno\u015bnik\u00f3w obs\u0142ugiwanych w serwisie &nbsp;<\/h2>\n\n\n\n<p>Maszyny podno\u015bnikowe dziel\u0105 si\u0119 poprzez u\u017cycie r\u00f3\u017cnego nap\u0119du w maszynach. Firma ERGON zajmuje si\u0119 obs\u0142ug\u0105 wszystkich trzech rodzaj\u00f3w urz\u0105dze\u0144. Posiadamy serwisant\u00f3w, kt\u00f3rzy specjalizuj\u0105 si\u0119 w danym typie podno\u015bnik\u00f3w \u2013 dzi\u0119ki temu mo\u017cemy pozwoli\u0107 sobie na dog\u0142\u0119bn\u0105 diagnoz\u0119 problemu.&nbsp;<\/p>\n\n\n\n<p><strong>Nasz serwis obs\u0142uguje podno\u015bniki:&nbsp;<\/strong><\/p>\n\n\n\n<ul class=\"wp-block-list\">\n<li>elektryczne,&nbsp;&nbsp;<\/li>\n\n\n\n<li>spalinowe,&nbsp;<\/li>\n\n\n\n<li>hybrydowe.&nbsp;<\/li>\n<\/ul>\n\n\n\n<p>Korzystaj\u0105c z fachowej wiedzy naszych pracownik\u00f3w oraz specjalistycznych narz\u0119dzi diagnostycznych, jeste\u015bmy w stanie naprawi\u0107: elementy elektryczne i hydrauliczne, elektroniczne.&nbsp;&nbsp;<\/p>\n\n\n<div class=\"wp-block-image\">\n<figure class=\"alignright size-large is-resized\"><a href=\"https:\/\/kursy-udt.pl\/wp-content\/uploads\/2023\/03\/screen_2x-81.jpg\"><img loading=\"lazy\" decoding=\"async\" src=\"https:\/\/kursy-udt.pl\/wp-content\/uploads\/2023\/03\/screen_2x-81-1024x630.jpg\" alt=\"serwisant z firmy podczas naprawy urz\u0105dzenia\" class=\"wp-image-5144\" width=\"512\" height=\"315\" srcset=\"https:\/\/kursy-udt.pl\/wp-content\/uploads\/2023\/03\/screen_2x-81-1024x630.jpg 1024w, https:\/\/kursy-udt.pl\/wp-content\/uploads\/2023\/03\/screen_2x-81-300x185.jpg 300w, https:\/\/kursy-udt.pl\/wp-content\/uploads\/2023\/03\/screen_2x-81-768x473.jpg 768w, https:\/\/kursy-udt.pl\/wp-content\/uploads\/2023\/03\/screen_2x-81-1536x946.jpg 1536w, https:\/\/kursy-udt.pl\/wp-content\/uploads\/2023\/03\/screen_2x-81-18x12.jpg 18w, https:\/\/kursy-udt.pl\/wp-content\/uploads\/2023\/03\/screen_2x-81-624x384.jpg 624w, https:\/\/kursy-udt.pl\/wp-content\/uploads\/2023\/03\/screen_2x-81.jpg 1600w\" sizes=\"auto, (max-width: 512px) 100vw, 512px\" \/><\/a><\/figure>\n<\/div>\n\n\n<p><strong>Znajduj\u0105 si\u0119 w tym elementy podlegaj\u0105ce cz\u0119stym awariom:&nbsp;<\/strong><\/p>\n\n\n\n<ul class=\"wp-block-list\">\n<li>joysticki,&nbsp;<\/li>\n\n\n\n<li>panele sterownicze,&nbsp;<\/li>\n\n\n\n<li>prostowniki,&nbsp;<\/li>\n\n\n\n<li>pompy hydrauliczne,&nbsp;<\/li>\n\n\n\n<li>modu\u0142y,&nbsp;<\/li>\n\n\n\n<li>regulatory pr\u0119dko\u015bci,&nbsp;<\/li>\n\n\n\n<li>silniki elektryczne i spalinowe.&nbsp;<\/li>\n<\/ul>\n\n\n\n<h2 class=\"wp-block-heading\">Magazyn cz\u0119\u015bci&nbsp;<\/h2>\n\n\n\n<p>Serwis ERGON wykorzystuje cz\u0119\u015bci wy\u0142\u0105cznie od znanych i zaufanych firm. Zapewnia to gwarancj\u0119 udanej naprawy. Dysponujemy wewn\u0119trzn\u0105 gie\u0142d\u0105 cz\u0119\u015bci u\u017cywanych, lecz gdy zajdzie taka potrzeba sprowadzamy wszelkie cz\u0119\u015bci na zam\u00f3wienie.&nbsp;<\/p>\n\n\n\n<h2 class=\"wp-block-heading\">Rejestracja UDT&nbsp;<\/h2>\n\n\n\n<p>Postanowili\u015bmy wyj\u015b\u0107 naprzeciw oczekiwaniom klient\u00f3w i przeprowadza\u0107 ich przez proces rejestracji UDT. Pod jego nadzorem prowadzimy dokumentacje techniczne maszyn zgodne z wymaganiami dozoru technicznego. S\u0142u\u017cymy asyst\u0105 podczas ca\u0142ego procesu rejestracji.&nbsp;Ka\u017cde urz\u0105dzenie przed wyj\u015bciem z serwisu przechodzi badanie okresowe i przegl\u0105d na \u017cyczenie.&nbsp;<\/p>\n\n\n\n<h2 class=\"wp-block-heading\">Serwis mobilny&nbsp;<\/h2>\n\n\n<div class=\"wp-block-image\">\n<figure class=\"alignleft size-large is-resized\"><a href=\"https:\/\/kursy-udt.pl\/wp-content\/uploads\/2023\/03\/s2-55.jpg\"><img loading=\"lazy\" decoding=\"async\" src=\"https:\/\/kursy-udt.pl\/wp-content\/uploads\/2023\/03\/s2-55-1024x768.jpg\" alt=\"podno\u015bnik no\u017cycowy w warsztacie\" class=\"wp-image-5145\" width=\"512\" height=\"384\" srcset=\"https:\/\/kursy-udt.pl\/wp-content\/uploads\/2023\/03\/s2-55-1024x768.jpg 1024w, https:\/\/kursy-udt.pl\/wp-content\/uploads\/2023\/03\/s2-55-300x225.jpg 300w, https:\/\/kursy-udt.pl\/wp-content\/uploads\/2023\/03\/s2-55-768x576.jpg 768w, https:\/\/kursy-udt.pl\/wp-content\/uploads\/2023\/03\/s2-55-1536x1152.jpg 1536w, https:\/\/kursy-udt.pl\/wp-content\/uploads\/2023\/03\/s2-55-16x12.jpg 16w, https:\/\/kursy-udt.pl\/wp-content\/uploads\/2023\/03\/s2-55-640x480.jpg 640w, https:\/\/kursy-udt.pl\/wp-content\/uploads\/2023\/03\/s2-55-624x468.jpg 624w, https:\/\/kursy-udt.pl\/wp-content\/uploads\/2023\/03\/s2-55.jpg 1600w\" sizes=\"auto, (max-width: 512px) 100vw, 512px\" \/><\/a><\/figure>\n<\/div>\n\n\n<p>Niespodziewane awarie i usterki mog\u0105 mie\u0107 miejsce ka\u017cdego dnia, o ka\u017cdej porze. Dlatego w warsztatach postanowili\u015bmy zaoferowa\u0107 klientom us\u0142ugi stacjonarne i mobilne.&nbsp;W razie potrzeby zapewniamy szybk\u0105 interwencj\u0119 serwisu z dojazdem na miejsce.&nbsp; Usterki mog\u0105 zosta\u0107 wst\u0119pnie zdiagnozowane w miejscu zdarzenia lub przetransportowane do naszego zaplecza serwisowego. Wi\u0119kszo\u015b\u0107 problem\u00f3w udaje si\u0119 rozwik\u0142a\u0107 bez potrzeby przewo\u017cenia urz\u0105dzenia.&nbsp;<\/p>\n\n\n\n<h2 class=\"wp-block-heading\">Filie serwisu &nbsp;<\/h2>\n\n\n\n<p>Nasza g\u0142\u00f3wna filia mie\u015bci si\u0119 w Warszawie, ale \u015bwiadczymy us\u0142ugi na terenie ca\u0142ej Polski.<strong> <\/strong>Oferujemy us\u0142ug\u0119 prowadzenia serwisu w miejscu wyznaczonym przez klienta.&nbsp;<\/p>\n\n\n\n<h2 class=\"wp-block-heading\">O nas&nbsp;<\/h2>\n\n\n\n<p>Firma ERGON podczas d\u0142ugoletniej obecno\u015bci na rynku zdo\u0142a\u0142a zaskarbi\u0107 sobie zaufanie tysi\u0119cy zadowolonych klient\u00f3w. Mo\u017cesz sta\u0107 si\u0119 jednym z nich. Naszym g\u0142\u00f3wnym celem jest zadowolenie ka\u017cdego klienta, z jako\u015bci us\u0142ugi i dalszej bezpiecznej eksploatacji urz\u0105dzenia.&nbsp;<\/p>\n\n\n\n<h2 class=\"wp-block-heading\">Pytania i odpowiedzi<\/h2>\n\n\n\t\t<details\t\thelp class=\"sc_fs_faq sc_card    \"\n\t\topen\t\t>\n\t\t\t\t\t<summary>\n\t\t\t\t<h3>Jaki jest zakres us\u0142ug serwisu?<\/h3>\t\t\t\t\t<\/summary>\n\t\t\t\t<div>\n\t\t\t\t\t\t<div class=\"sc_fs_faq__content\">\n\t\t\t\t\n\n<p>Nasz serwis oferuje us\u0142ugi z zakresu: diagnostyki, modyfikacji, wymiany cz\u0119\u015bci i przygotowania dokumentacji.<\/p>\n\n\t\t\t<\/div>\n\t\t<\/div>\n\t\t<\/details>\n\t\t\t\t<details\t\thelp class=\"sc_fs_faq sc_card    \"\n\t\t\t\t>\n\t\t\t\t\t<summary>\n\t\t\t\t<h3>Czy przygotowujecie klient\u00f3w do rejestracji UDT?<\/h3>\t\t\t\t\t<\/summary>\n\t\t\t\t<div>\n\t\t\t\t\t\t<div class=\"sc_fs_faq__content\">\n\t\t\t\t\n\n<p>Tak, s\u0142u\u017cymy pe\u0142n\u0105 asyst\u0105 podczas bada\u0144 inspektoratu Urz\u0119du Dozoru Technicznego.<\/p>\n\n\t\t\t<\/div>\n\t\t<\/div>\n\t\t<\/details>\n\t\t\t\t<details\t\thelp class=\"sc_fs_faq sc_card    \"\n\t\t\t\t>\n\t\t\t\t\t<summary>\n\t\t\t\t<h3>Czy wasz magazyn oferuje cz\u0119\u015bci do podno\u015bnik\u00f3w Haulotte?<\/h3>\t\t\t\t\t<\/summary>\n\t\t\t\t<div>\n\t\t\t\t\t\t<div class=\"sc_fs_faq__content\">\n\t\t\t\t\n\n<p>Tak, w zale\u017cno\u015bci od bud\u017cetu dysponujemy cz\u0119\u015bciami u\u017cywanymi jak i nowymi. Na \u017cyczenie klienta sprowadzamy brakuj\u0105ce cz\u0119\u015bci.<\/p>\n\n\t\t\t<\/div>\n\t\t<\/div>\n\t\t<\/details>\n\t\t\n<script type=\"application\/ld+json\">\n\t{\n\t\t\"@context\": \"https:\/\/schema.org\",\n\t\t\"@type\": \"FAQPage\",\n\t\t\"mainEntity\": [\n\t\t\t\t\t{\n\t\t\t\t\"@type\": \"Question\",\n\t\t\t\t\"name\": \"Jaki jest zakres us\u0142ug serwisu?\",\n\t\t\t\t\"acceptedAnswer\": {\n\t\t\t\t\t\"@type\": \"Answer\",\n\t\t\t\t\t\"text\": \"<p>Nasz serwis oferuje us\u0142ugi z zakresu: diagnostyki, modyfikacji, wymiany cz\u0119\u015bci i przygotowania dokumentacji.<\/p>\"\n\t\t\t\t\t\t\t\t\t}\n\t\t\t}\n\t\t\t,\t\t\t\t{\n\t\t\t\t\"@type\": \"Question\",\n\t\t\t\t\"name\": \"Czy przygotowujecie klient\u00f3w do rejestracji UDT?\",\n\t\t\t\t\"acceptedAnswer\": {\n\t\t\t\t\t\"@type\": \"Answer\",\n\t\t\t\t\t\"text\": \"<p>Tak, s\u0142u\u017cymy pe\u0142n\u0105 asyst\u0105 podczas bada\u0144 inspektoratu Urz\u0119du Dozoru Technicznego.<\/p>\"\n\t\t\t\t\t\t\t\t\t}\n\t\t\t}\n\t\t\t,\t\t\t\t{\n\t\t\t\t\"@type\": \"Question\",\n\t\t\t\t\"name\": \"Czy wasz magazyn oferuje cz\u0119\u015bci do podno\u015bnik\u00f3w Haulotte?\",\n\t\t\t\t\"acceptedAnswer\": {\n\t\t\t\t\t\"@type\": \"Answer\",\n\t\t\t\t\t\"text\": \"<p>Tak, w zale\u017cno\u015bci od bud\u017cetu dysponujemy cz\u0119\u015bciami u\u017cywanymi jak i nowymi. Na \u017cyczenie klienta sprowadzamy brakuj\u0105ce cz\u0119\u015bci.<\/p>\"\n\t\t\t\t\t\t\t\t\t}\n\t\t\t}\n\t\t\t\t\t\t]\n\t}\n<\/script>\n","protected":false},"excerpt":{"rendered":"<p>Serwis podno\u015bnika no\u017cycowego&nbsp; Firma ERGON od lat zatrudnia specjalist\u00f3w, kt\u00f3rzy zajm\u0105 si\u0119 kompleksow\u0105 napraw\u0105 i konserwacj\u0105 Twojej maszyny.&nbsp;Ze wzgl\u0119du na charakter prac podczas eksploatacji podno\u015bnik\u00f3w ruchomych, ulegaj\u0105 one usterkom. Nasz wykwalifikowany zesp\u00f3\u0142 ch\u0119tnie rozwi\u0105\u017ce ka\u017cdy problem. Serwisanci ka\u017cdego roku przechodz\u0105 szereg szkole\u0144 podwy\u017cszaj\u0105cych ich kwalifikacje, by m\u00f3c zagwarantowa\u0107 Ci najwy\u017csz\u0105 jako\u015b\u0107 us\u0142ug naprawczych i konserwatorskich.&nbsp; Zakres prac&nbsp; Otrzymuj\u0105c zlecenie naprawy i konserwacji Twojego podno\u015bnika no\u017cycowego, nasz zesp\u00f3\u0142 fachowc\u00f3w przygotowuje si\u0119 do wykonania sta\u0142ego zakresu prac. Zaliczamy do nich: kompletn\u0105 diagnostyk\u0119, modyfikacj\u0119 i wymian\u0119 cz\u0119\u015bci, je\u015bli b\u0119dzie to wymagane. Serwisanci staraj\u0105 si\u0119 wykonywa\u0107 prac\u0119 w jak najszybszym czasie, poniewa\u017c wa\u017cna jest dla nas terminowo\u015b\u0107.&nbsp; Rodzaje podno\u015bnik\u00f3w obs\u0142ugiwanych w serwisie &nbsp; Maszyny podno\u015bnikowe dziel\u0105 si\u0119 poprzez u\u017cycie r\u00f3\u017cnego nap\u0119du w maszynach. Firma ERGON zajmuje si\u0119 obs\u0142ug\u0105 wszystkich trzech rodzaj\u00f3w urz\u0105dze\u0144. Posiadamy serwisant\u00f3w, kt\u00f3rzy specjalizuj\u0105 si\u0119 w danym typie podno\u015bnik\u00f3w \u2013 dzi\u0119ki temu mo\u017cemy pozwoli\u0107 sobie na dog\u0142\u0119bn\u0105 diagnoz\u0119 problemu.&nbsp; Nasz serwis obs\u0142uguje podno\u015bniki:&nbsp; Korzystaj\u0105c z fachowej wiedzy naszych pracownik\u00f3w oraz specjalistycznych narz\u0119dzi diagnostycznych, jeste\u015bmy w stanie naprawi\u0107: elementy elektryczne i hydrauliczne, elektroniczne.&nbsp;&nbsp; Znajduj\u0105 si\u0119 w tym elementy podlegaj\u0105ce cz\u0119stym awariom:&nbsp; Magazyn cz\u0119\u015bci&nbsp; Serwis ERGON wykorzystuje cz\u0119\u015bci wy\u0142\u0105cznie od znanych i zaufanych firm. Zapewnia to gwarancj\u0119 udanej naprawy. Dysponujemy wewn\u0119trzn\u0105 gie\u0142d\u0105 cz\u0119\u015bci u\u017cywanych, lecz gdy zajdzie taka potrzeba sprowadzamy wszelkie cz\u0119\u015bci na zam\u00f3wienie.&nbsp; Rejestracja UDT&nbsp; Postanowili\u015bmy wyj\u015b\u0107 naprzeciw oczekiwaniom klient\u00f3w i przeprowadza\u0107 ich przez proces rejestracji UDT. Pod jego nadzorem prowadzimy dokumentacje techniczne maszyn zgodne z wymaganiami dozoru technicznego. S\u0142u\u017cymy asyst\u0105 podczas ca\u0142ego procesu rejestracji.&nbsp;Ka\u017cde urz\u0105dzenie przed wyj\u015bciem z serwisu przechodzi badanie okresowe i przegl\u0105d na \u017cyczenie.&nbsp; Serwis [&hellip;]<\/p>\n","protected":false},"author":6,"featured_media":5145,"parent":5573,"menu_order":0,"comment_status":"closed","ping_status":"closed","template":"","meta":{"sfsi_plus_gutenberg_text_before_share":"","sfsi_plus_gutenberg_show_text_before_share":"","sfsi_plus_gutenberg_icon_type":"","sfsi_plus_gutenberg_icon_alignemt":"","sfsi_plus_gutenburg_max_per_row":"","footnotes":""},"class_list":["post-5141","page","type-page","status-publish","has-post-thumbnail","hentry","has_thumb"],"aioseo_notices":[],"_links":{"self":[{"href":"https:\/\/kursy-udt.pl\/ua\/wp-json\/wp\/v2\/pages\/5141","targetHints":{"allow":["GET"]}}],"collection":[{"href":"https:\/\/kursy-udt.pl\/ua\/wp-json\/wp\/v2\/pages"}],"about":[{"href":"https:\/\/kursy-udt.pl\/ua\/wp-json\/wp\/v2\/types\/page"}],"author":[{"embeddable":true,"href":"https:\/\/kursy-udt.pl\/ua\/wp-json\/wp\/v2\/users\/6"}],"replies":[{"embeddable":true,"href":"https:\/\/kursy-udt.pl\/ua\/wp-json\/wp\/v2\/comments?post=5141"}],"version-history":[{"count":7,"href":"https:\/\/kursy-udt.pl\/ua\/wp-json\/wp\/v2\/pages\/5141\/revisions"}],"predecessor-version":[{"id":5596,"href":"https:\/\/kursy-udt.pl\/ua\/wp-json\/wp\/v2\/pages\/5141\/revisions\/5596"}],"up":[{"embeddable":true,"href":"https:\/\/kursy-udt.pl\/ua\/wp-json\/wp\/v2\/pages\/5573"}],"wp:featuredmedia":[{"embeddable":true,"href":"https:\/\/kursy-udt.pl\/ua\/wp-json\/wp\/v2\/media\/5145"}],"wp:attachment":[{"href":"https:\/\/kursy-udt.pl\/ua\/wp-json\/wp\/v2\/media?parent=5141"}],"curies":[{"name":"wp","href":"https:\/\/api.w.org\/{rel}","templated":true}]}}