{"id":5117,"date":"2023-03-20T15:35:34","date_gmt":"2023-03-20T14:35:34","guid":{"rendered":"https:\/\/kursy-udt.pl\/?page_id=5117"},"modified":"2023-03-20T23:19:43","modified_gmt":"2023-03-20T22:19:43","slug":"%d0%be%d0%b1%d1%81%d0%bb%d1%83%d0%b3%d0%be%d0%b2%d1%83%d0%b2%d0%b0%d0%bd%d0%bd%d1%8f-%d1%80%d0%b5%d0%bc%d0%be%d0%bd%d1%82-%d0%ba%d1%80%d0%b0%d0%bd%d1%96%d0%b2","status":"publish","type":"page","link":"https:\/\/kursy-udt.pl\/ua\/uslugi\/serwis\/serwis-naprawa-suwnic\/","title":{"rendered":"\u0421\u0435\u0440\u0432\u0456\u0441\u043d\u0435 \u043e\u0431\u0441\u043b\u0443\u0433\u043e\u0432\u0443\u0432\u0430\u043d\u043d\u044f, \u0440\u0435\u043c\u043e\u043d\u0442 \u0456 \u043c\u043e\u0434\u0435\u0440\u043d\u0456\u0437\u0430\u0446\u0456\u044f \u043c\u0430\u0448\u0438\u043d UDT - \u043a\u0440\u0430\u043d\u0456\u0432"},"content":{"rendered":"\n<h2 class=\"wp-block-heading\">Serwis suwnicy \u2013 pe\u0142na diagnostyka&nbsp;<\/h2>\n\n\n\n<p>Zajmujemy si\u0119 kompleksowym serwisem suwnic, obejmuj\u0105cym m.in. ich przegl\u0105d, remont oraz modernizacje zgodnie z wymogami UDT. Nasi specjali\u015bci zwi\u0119ksz\u0105 tak\u017ce poziom funkcjonalno\u015bci i przed\u0142u\u017c\u0105 \u017cywotno\u015b\u0107 urz\u0105dzenia.&nbsp;&nbsp;<\/p>\n\n\n<div class=\"wp-block-image\">\n<figure class=\"alignright size-large is-resized\"><a href=\"https:\/\/kursy-udt.pl\/wp-content\/uploads\/2023\/03\/screen_2x-73.jpg\"><img loading=\"lazy\" decoding=\"async\" src=\"https:\/\/kursy-udt.pl\/wp-content\/uploads\/2023\/03\/screen_2x-73-1024x678.jpg\" alt=\"suwnica podczas diagnostyki\" class=\"wp-image-5120\" width=\"512\" height=\"339\" srcset=\"https:\/\/kursy-udt.pl\/wp-content\/uploads\/2023\/03\/screen_2x-73-1024x678.jpg 1024w, https:\/\/kursy-udt.pl\/wp-content\/uploads\/2023\/03\/screen_2x-73-300x199.jpg 300w, https:\/\/kursy-udt.pl\/wp-content\/uploads\/2023\/03\/screen_2x-73-768x509.jpg 768w, https:\/\/kursy-udt.pl\/wp-content\/uploads\/2023\/03\/screen_2x-73-1536x1018.jpg 1536w, https:\/\/kursy-udt.pl\/wp-content\/uploads\/2023\/03\/screen_2x-73-18x12.jpg 18w, https:\/\/kursy-udt.pl\/wp-content\/uploads\/2023\/03\/screen_2x-73-624x413.jpg 624w, https:\/\/kursy-udt.pl\/wp-content\/uploads\/2023\/03\/screen_2x-73.jpg 1600w\" sizes=\"auto, (max-width: 512px) 100vw, 512px\" \/><\/a><\/figure>\n<\/div>\n\n\n<p>Wykonujemy monta\u017c i instalacj\u0119 suwnic r\u00f3\u017cnego rodzaju m.in.:&nbsp;<\/p>\n\n\n\n<ul class=\"wp-block-list\">\n<li>natorowych,&nbsp;<\/li>\n\n\n\n<li>podwieszanych,&nbsp;<\/li>\n\n\n\n<li>konsolowych,&nbsp;<\/li>\n\n\n\n<li>bramowych,&nbsp;&nbsp;<\/li>\n<\/ul>\n\n\n\n<h2 class=\"wp-block-heading\">Co oferujemy?<\/h2>\n\n\n\n<p>Wiedza i wieloletnie do\u015bwiadczenie naszych ekspert\u00f3w pozwalaj\u0105 nam zaoferowa\u0107 Pa\u0144stwu pe\u0142ne wsparcie i szeroki zakres oferowanych przez nas us\u0142ug. Zajmujemy si\u0119 r\u00f3wnie\u017c analiz\u0105 bie\u017c\u0105cej pracy i sposobu wykorzystania suwnic w Pa\u0144stwa dzia\u0142alno\u015bci, proponuj\u0105c zmiany zwi\u0119kszaj\u0105ce wydajno\u015b\u0107 sprz\u0119tu. Przeprowadzamy audyt i niezb\u0119dne naprawy.&nbsp;<\/p>\n\n\n\n<h2 class=\"wp-block-heading\">Zakres us\u0142ug serwisowych&nbsp;<\/h2>\n\n\n\n<ul class=\"wp-block-list\">\n<li>weryfikacja bie\u017c\u0105cego stanu technicznego urz\u0105dzenia,&nbsp;<\/li>\n\n\n\n<li>monta\u017c suwnic,&nbsp;<\/li>\n\n\n\n<li>regularne przegl\u0105dy,&nbsp;<\/li>\n\n\n\n<li>stworzenie i prowadzenie niezb\u0119dnej dokumentacji technicznej urz\u0105dzenia,&nbsp;<\/li>\n\n\n\n<li>drobne naprawy,&nbsp;&nbsp;<\/li>\n\n\n\n<li>konserwacja,&nbsp;<\/li>\n\n\n\n<li>modernizacja systemu sterowania,&nbsp;<\/li>\n\n\n\n<li>wykonanie remontu,&nbsp;&nbsp;<\/li>\n\n\n\n<li>dostosowanie suwnicy do wymaga\u0144 UDT oraz BHP,&nbsp;<\/li>\n\n\n\n<li>zwi\u0119kszenie ud\u017awigu,&nbsp;<\/li>\n\n\n\n<li>zmiana systemu zasilania suwnicy,&nbsp;<\/li>\n\n\n\n<li>dodanie system\u00f3w antykolizyjnych,&nbsp;<\/li>\n\n\n\n<li>wyd\u0142u\u017cenie lub skr\u00f3cenie suwnicy,&nbsp;<\/li>\n\n\n\n<li>zmiana mechanizmu regulacji pr\u0119dko\u015bci,&nbsp;<\/li>\n\n\n\n<li>dodanie czujnik\u00f3w przeci\u0105\u017cenia,&nbsp;<\/li>\n\n\n\n<li>uaktualnienie szafy sterowniczej.&nbsp;<\/li>\n<\/ul>\n\n\n\n<h2 class=\"wp-block-heading\">Producenci suwnic<\/h2>\n\n\n<div class=\"wp-block-image\">\n<figure class=\"alignright size-large is-resized\"><a href=\"https:\/\/kursy-udt.pl\/wp-content\/uploads\/2023\/03\/screen_2x-74.jpg\"><img loading=\"lazy\" decoding=\"async\" src=\"https:\/\/kursy-udt.pl\/wp-content\/uploads\/2023\/03\/screen_2x-74-1024x683.jpg\" alt=\"modernizacja systemu sterowania suwnicy\u00a0\" class=\"wp-image-5121\" width=\"512\" height=\"342\" srcset=\"https:\/\/kursy-udt.pl\/wp-content\/uploads\/2023\/03\/screen_2x-74-1024x683.jpg 1024w, https:\/\/kursy-udt.pl\/wp-content\/uploads\/2023\/03\/screen_2x-74-300x200.jpg 300w, https:\/\/kursy-udt.pl\/wp-content\/uploads\/2023\/03\/screen_2x-74-768x512.jpg 768w, https:\/\/kursy-udt.pl\/wp-content\/uploads\/2023\/03\/screen_2x-74-1536x1024.jpg 1536w, https:\/\/kursy-udt.pl\/wp-content\/uploads\/2023\/03\/screen_2x-74-18x12.jpg 18w, https:\/\/kursy-udt.pl\/wp-content\/uploads\/2023\/03\/screen_2x-74-624x416.jpg 624w, https:\/\/kursy-udt.pl\/wp-content\/uploads\/2023\/03\/screen_2x-74.jpg 1600w\" sizes=\"auto, (max-width: 512px) 100vw, 512px\" \/><\/a><\/figure>\n<\/div>\n\n\n<ul class=\"wp-block-list\">\n<li>ABUS,&nbsp;<\/li>\n\n\n\n<li>KRAN-SUW,&nbsp;<\/li>\n\n\n\n<li>HAK,&nbsp;<\/li>\n\n\n\n<li>GH,&nbsp;<\/li>\n\n\n\n<li>HEBEWERK,&nbsp;<\/li>\n\n\n\n<li>BONFIGLIOLI,&nbsp;<\/li>\n\n\n\n<li>PROKOSTAL,&nbsp;<\/li>\n\n\n\n<li>GIS AG,&nbsp;<\/li>\n\n\n\n<li>PAULICK KRAN UND STAHLBAU GMBH,&nbsp;<\/li>\n\n\n\n<li>ELEKTROBAU,&nbsp;<\/li>\n\n\n\n<li>AUSTRIAN CRANE SYSTEM.&nbsp;<\/li>\n<\/ul>\n\n\n\n<h2 class=\"wp-block-heading\">Zasady bezpiecznej eksploatacji suwnic<\/h2>\n\n\n\n<ul class=\"wp-block-list\">\n<li>utrzymanie w\u0142a\u015bciwego stanu technicznego urz\u0105dzenia,&nbsp;&nbsp;<\/li>\n\n\n\n<li>odpowiedni dob\u00f3r prac zgodnie z przeznaczeniem danego typu suwnicy,&nbsp;<\/li>\n\n\n\n<li>zakaz przekraczania dopuszczalnego ud\u017awigu przy pracach prze\u0142adunkowych,&nbsp;<\/li>\n\n\n\n<li>eksploatacja suwnic zgodnie z zasadami zawartymi w instrukcji eksploatacji,&nbsp;&nbsp;<\/li>\n\n\n\n<li>dost\u0119p do stanowiskowych instrukcji obs\u0142ugi zgodnych z aktualnie obowi\u0105zuj\u0105cymi przepisami UDT.&nbsp;<\/li>\n<\/ul>\n\n\n\n<h2 class=\"wp-block-heading\">Dodatkowe us\u0142ugi&nbsp;&nbsp;<\/h2>\n\n\n\n<p>Zajmujemy si\u0119 nie tylko serwisem stacjonarnym i mobilnym, ale r\u00f3wnie\u017c doradzamy przy zakupie urz\u0105dze\u0144. Prowadzimy sprzeda\u017c maszyn nowych i u\u017cywanych, oferuj\u0105c r\u00f3wnie\u017c mo\u017cliwo\u015b\u0107 sprawdzenia ich stanu technicznego przed zakupem.&nbsp;&nbsp;<\/p>\n\n\n\n<p>Wykonujemy audyt maszyn UDT oraz ich modernizacj\u0119. W przypadku w\u00f3zk\u00f3w wid\u0142owych &nbsp;<br>i podno\u015bnik\u00f3w no\u017cycowych udost\u0119pniamy Pa\u0144stwu urz\u0105dzenia zast\u0119pcze na czas naprawy.&nbsp;<\/p>\n\n\n\n<h2 class=\"wp-block-heading\">Serwis maszyn UTB&nbsp;<\/h2>\n\n\n\n<p><strong>Pozosta\u0142e maszyny UDT, kt\u00f3re mo\u017cesz u nas serwisowa\u0107<\/strong>&nbsp;<\/p>\n\n\n\n<ul class=\"wp-block-list\">\n<li>\u017curawie HDS,&nbsp;<\/li>\n\n\n\n<li>w\u00f3zki wid\u0142owe,&nbsp;<\/li>\n\n\n\n<li>podesty ruchome (podno\u015bniki koszowe, podno\u015bniki no\u017cycowe),&nbsp;<\/li>\n\n\n\n<li>\u0142adowarki teleskopowe.&nbsp;<\/li>\n<\/ul>\n\n\n<div class=\"wp-block-image\">\n<figure class=\"alignleft size-large is-resized\"><a href=\"https:\/\/kursy-udt.pl\/wp-content\/uploads\/2023\/03\/screen_2x-76.jpg\"><img loading=\"lazy\" decoding=\"async\" src=\"https:\/\/kursy-udt.pl\/wp-content\/uploads\/2023\/03\/screen_2x-76-1024x683.jpg\" alt=\"suwnica podczas serwisowania stacjonarnego \" class=\"wp-image-5122\" width=\"512\" height=\"342\" srcset=\"https:\/\/kursy-udt.pl\/wp-content\/uploads\/2023\/03\/screen_2x-76-1024x683.jpg 1024w, https:\/\/kursy-udt.pl\/wp-content\/uploads\/2023\/03\/screen_2x-76-300x200.jpg 300w, https:\/\/kursy-udt.pl\/wp-content\/uploads\/2023\/03\/screen_2x-76-768x512.jpg 768w, https:\/\/kursy-udt.pl\/wp-content\/uploads\/2023\/03\/screen_2x-76-1536x1024.jpg 1536w, https:\/\/kursy-udt.pl\/wp-content\/uploads\/2023\/03\/screen_2x-76-18x12.jpg 18w, https:\/\/kursy-udt.pl\/wp-content\/uploads\/2023\/03\/screen_2x-76-624x416.jpg 624w, https:\/\/kursy-udt.pl\/wp-content\/uploads\/2023\/03\/screen_2x-76.jpg 1600w\" sizes=\"auto, (max-width: 512px) 100vw, 512px\" \/><\/a><\/figure>\n<\/div>\n\n\n<h2 class=\"wp-block-heading\">Oferujemy fachowe doradztwo&nbsp;<\/h2>\n\n\n\n<p>Dzi\u0119ki naszemu serwisowi suwnic mo\u017cesz mie\u0107 pewno\u015b\u0107, \u017ce Twoje urz\u0105dzenia b\u0119d\u0105 dzia\u0142a\u0107 bezawaryjnie i bezpiecznie przez d\u0142ugi czas. Skontaktuj si\u0119 z nami ju\u017c dzi\u015b i dowiedz si\u0119 wi\u0119cej o naszych us\u0142ugach serwisowych!&nbsp;<\/p>\n\n\n\n<h2 class=\"wp-block-heading\">Inne us\u0142ugi&nbsp;<\/h2>\n\n\n\n<p>Nasza firma realizuje r\u00f3wnie\u017c szkolenia z zakresu obs\u0142ugi maszyn UDT. W przypadku pyta\u0144 i w\u0105tpliwo\u015bci dotycz\u0105cych stanu Pa\u0144stwa maszyn lub szczeg\u00f3\u0142\u00f3w \u015bwiadczonych przez nas us\u0142ug \u2013 zach\u0119camy do kontaktu, nasi eksperci pozostaj\u0105 do Pa\u0144stwa dyspozycji.<\/p>\n\n\n\n<h2 class=\"wp-block-heading\">Pytania i odpowiedzi<\/h2>\n\n\n\t\t<details\t\thelp class=\"sc_fs_faq sc_card    \"\n\t\topen\t\t>\n\t\t\t\t\t<summary>\n\t\t\t\t<h3>Co obejmuje serwis maszyn UDT?<\/h3>\t\t\t\t\t<\/summary>\n\t\t\t\t<div>\n\t\t\t\t\t\t<div class=\"sc_fs_faq__content\">\n\t\t\t\t\n\n<p>Doradzamy przy wyborze, przygotowujemy i prowadzimy niezb\u0119dn\u0105 dokumentacj\u0119 oraz okresowe przegl\u0105dy techniczne. Nasz serwis obejmuje monta\u017c, instalacje, naprawy i modernizacje suwnic.<\/p>\n\n\t\t\t<\/div>\n\t\t<\/div>\n\t\t<\/details>\n\t\t\t\t<details\t\thelp class=\"sc_fs_faq sc_card    \"\n\t\t\t\t>\n\t\t\t\t\t<summary>\n\t\t\t\t<h3>Czy posiadamy dost\u0119p do cz\u0119\u015bci zamiennych? <\/h3>\t\t\t\t\t<\/summary>\n\t\t\t\t<div>\n\t\t\t\t\t\t<div class=\"sc_fs_faq__content\">\n\t\t\t\t\n\n<p>Tak, nasz serwis posiada dost\u0119p do cz\u0119\u015bci zamiennych suwnic wielu marek od r\u00f3\u017cnych producent\u00f3w.&nbsp;<\/p>\n\n\t\t\t<\/div>\n\t\t<\/div>\n\t\t<\/details>\n\t\t\t\t<details\t\thelp class=\"sc_fs_faq sc_card    \"\n\t\t\t\t>\n\t\t\t\t\t<summary>\n\t\t\t\t<h3>Czy mo\u017cemy zmieni\u0107 system zasilania suwnic?<\/h3>\t\t\t\t\t<\/summary>\n\t\t\t\t<div>\n\t\t\t\t\t\t<div class=\"sc_fs_faq__content\">\n\t\t\t\t\n\n<p>Tak, zaproponujemy korzystn\u0105 dla Pa\u0144stwa zmian\u0119 systemu zasilania lub doradzimy modernizacj\u0119.<\/p>\n\n\t\t\t<\/div>\n\t\t<\/div>\n\t\t<\/details>\n\t\t\t\t<details\t\thelp class=\"sc_fs_faq sc_card    \"\n\t\t\t\t>\n\t\t\t\t\t<summary>\n\t\t\t\t<h3>Jakie maszyny serwisujecie?<\/h3>\t\t\t\t\t<\/summary>\n\t\t\t\t<div>\n\t\t\t\t\t\t<div class=\"sc_fs_faq__content\">\n\t\t\t\t\n\n<p>Oferujemy pe\u0142en serwis suwnic, \u017curawi, pojazd\u00f3w podno\u015bnikowych i innych podest\u00f3w ruchomych. Prowadzimy r\u00f3wnie\u017c szkolenia z konserwacji i obs\u0142ugi maszyn UDT.<\/p>\n\n\t\t\t<\/div>\n\t\t<\/div>\n\t\t<\/details>\n\t\t\n<script type=\"application\/ld+json\">\n\t{\n\t\t\"@context\": \"https:\/\/schema.org\",\n\t\t\"@type\": \"FAQPage\",\n\t\t\"mainEntity\": [\n\t\t\t\t\t{\n\t\t\t\t\"@type\": \"Question\",\n\t\t\t\t\"name\": \"Co obejmuje serwis maszyn UDT?\",\n\t\t\t\t\"acceptedAnswer\": {\n\t\t\t\t\t\"@type\": \"Answer\",\n\t\t\t\t\t\"text\": \"<p>Doradzamy przy wyborze, przygotowujemy i prowadzimy niezb\u0119dn\u0105 dokumentacj\u0119 oraz okresowe przegl\u0105dy techniczne. Nasz serwis obejmuje monta\u017c, instalacje, naprawy i modernizacje suwnic.<\/p>\"\n\t\t\t\t\t\t\t\t\t}\n\t\t\t}\n\t\t\t,\t\t\t\t{\n\t\t\t\t\"@type\": \"Question\",\n\t\t\t\t\"name\": \"Czy posiadamy dost\u0119p do cz\u0119\u015bci zamiennych? \",\n\t\t\t\t\"acceptedAnswer\": {\n\t\t\t\t\t\"@type\": \"Answer\",\n\t\t\t\t\t\"text\": \"<p>Tak, nasz serwis posiada dost\u0119p do cz\u0119\u015bci zamiennych suwnic wielu marek od r\u00f3\u017cnych producent\u00f3w.&nbsp;<\/p>\"\n\t\t\t\t\t\t\t\t\t}\n\t\t\t}\n\t\t\t,\t\t\t\t{\n\t\t\t\t\"@type\": \"Question\",\n\t\t\t\t\"name\": \"Czy mo\u017cemy zmieni\u0107 system zasilania suwnic?\",\n\t\t\t\t\"acceptedAnswer\": {\n\t\t\t\t\t\"@type\": \"Answer\",\n\t\t\t\t\t\"text\": \"<p>Tak, zaproponujemy korzystn\u0105 dla Pa\u0144stwa zmian\u0119 systemu zasilania lub doradzimy modernizacj\u0119.<\/p>\"\n\t\t\t\t\t\t\t\t\t}\n\t\t\t}\n\t\t\t,\t\t\t\t{\n\t\t\t\t\"@type\": \"Question\",\n\t\t\t\t\"name\": \"Jakie maszyny serwisujecie?\",\n\t\t\t\t\"acceptedAnswer\": {\n\t\t\t\t\t\"@type\": \"Answer\",\n\t\t\t\t\t\"text\": \"<p>Oferujemy pe\u0142en serwis suwnic, \u017curawi, pojazd\u00f3w podno\u015bnikowych i innych podest\u00f3w ruchomych. Prowadzimy r\u00f3wnie\u017c szkolenia z konserwacji i obs\u0142ugi maszyn UDT.<\/p>\"\n\t\t\t\t\t\t\t\t\t}\n\t\t\t}\n\t\t\t\t\t\t]\n\t}\n<\/script>\n","protected":false},"excerpt":{"rendered":"<p>\u041e\u0431\u0441\u043b\u0443\u0433\u043e\u0432\u0443\u0432\u0430\u043d\u043d\u044f \u043c\u043e\u0441\u0442\u043e\u0432\u0438\u0445 \u043a\u0440\u0430\u043d\u0456\u0432 - \u043f\u043e\u0432\u043d\u0430 \u0434\u0456\u0430\u0433\u043d\u043e\u0441\u0442\u0438\u043a\u0430 \u041c\u0438 \u043d\u0430\u0434\u0430\u0454\u043c\u043e \u043a\u043e\u043c\u043f\u043b\u0435\u043a\u0441\u043d\u0435 \u043e\u0431\u0441\u043b\u0443\u0433\u043e\u0432\u0443\u0432\u0430\u043d\u043d\u044f \u043c\u043e\u0441\u0442\u043e\u0432\u0438\u0445 \u043a\u0440\u0430\u043d\u0456\u0432, \u0432\u043a\u043b\u044e\u0447\u0430\u044e\u0447\u0438 \u043a\u0430\u043f\u0456\u0442\u0430\u043b\u044c\u043d\u0438\u0439 \u0440\u0435\u043c\u043e\u043d\u0442, \u0440\u0435\u043a\u043e\u043d\u0441\u0442\u0440\u0443\u043a\u0446\u0456\u044e \u0442\u0430 \u043c\u043e\u0434\u0435\u0440\u043d\u0456\u0437\u0430\u0446\u0456\u044e \u0432\u0456\u0434\u043f\u043e\u0432\u0456\u0434\u043d\u043e \u0434\u043e \u0432\u0438\u043c\u043e\u0433 UDT. \u041d\u0430\u0448\u0456 \u0444\u0430\u0445\u0456\u0432\u0446\u0456 \u0442\u0430\u043a\u043e\u0436 \u043f\u0456\u0434\u0432\u0438\u0449\u0430\u0442\u044c \u0440\u0456\u0432\u0435\u043d\u044c \u0444\u0443\u043d\u043a\u0446\u0456\u043e\u043d\u0430\u043b\u044c\u043d\u043e\u0441\u0442\u0456 \u0442\u0430 \u043f\u0440\u043e\u0434\u043e\u0432\u0436\u0430\u0442\u044c \u0442\u0435\u0440\u043c\u0456\u043d \u0435\u043a\u0441\u043f\u043b\u0443\u0430\u0442\u0430\u0446\u0456\u0457 \u043e\u0431\u043b\u0430\u0434\u043d\u0430\u043d\u043d\u044f.   \u041c\u0438 \u0437\u0434\u0456\u0439\u0441\u043d\u044e\u0454\u043c\u043e \u0437\u0431\u0456\u0440\u043a\u0443 \u0456 \u043c\u043e\u043d\u0442\u0430\u0436 \u043a\u0440\u0430\u043d\u0456\u0432 \u0440\u0456\u0437\u043d\u0438\u0445 \u0442\u0438\u043f\u0456\u0432, \u0432 \u0442\u043e\u043c\u0443 \u0447\u0438\u0441\u043b\u0456:  \u0429\u043e \u043c\u0438 \u043f\u0440\u043e\u043f\u043e\u043d\u0443\u0454\u043c\u043e? \u0417\u043d\u0430\u043d\u043d\u044f \u0456 \u0431\u0430\u0433\u0430\u0442\u043e\u0440\u0456\u0447\u043d\u0438\u0439 \u0434\u043e\u0441\u0432\u0456\u0434 \u043d\u0430\u0448\u0438\u0445 \u0444\u0430\u0445\u0456\u0432\u0446\u0456\u0432 \u0434\u043e\u0437\u0432\u043e\u043b\u044f\u044e\u0442\u044c \u043d\u0430\u043c \u0437\u0430\u043f\u0440\u043e\u043f\u043e\u043d\u0443\u0432\u0430\u0442\u0438 \u0432\u0430\u043c \u043f\u043e\u0432\u043d\u0443 \u043f\u0456\u0434\u0442\u0440\u0438\u043c\u043a\u0443 \u0456 \u0448\u0438\u0440\u043e\u043a\u0438\u0439 \u0441\u043f\u0435\u043a\u0442\u0440 \u043f\u043e\u0441\u043b\u0443\u0433. \u041c\u0438 \u0442\u0430\u043a\u043e\u0436 \u0430\u043d\u0430\u043b\u0456\u0437\u0443\u0454\u043c\u043e \u043f\u043e\u0442\u043e\u0447\u043d\u0443 \u0435\u043a\u0441\u043f\u043b\u0443\u0430\u0442\u0430\u0446\u0456\u044e \u0442\u0430 \u0432\u0438\u043a\u043e\u0440\u0438\u0441\u0442\u0430\u043d\u043d\u044f \u043a\u0440\u0430\u043d\u0456\u0432 \u0443 \u0432\u0430\u0448\u043e\u043c\u0443 \u0431\u0456\u0437\u043d\u0435\u0441\u0456, \u043f\u0440\u043e\u043f\u043e\u043d\u0443\u044e\u0447\u0438 \u0437\u043c\u0456\u043d\u0438 \u0434\u043b\u044f \u043f\u0456\u0434\u0432\u0438\u0449\u0435\u043d\u043d\u044f \u0435\u0444\u0435\u043a\u0442\u0438\u0432\u043d\u043e\u0441\u0442\u0456 \u0440\u043e\u0431\u043e\u0442\u0438 \u043e\u0431\u043b\u0430\u0434\u043d\u0430\u043d\u043d\u044f. \u041f\u0440\u043e\u0432\u043e\u0434\u0438\u043c\u043e \u0440\u0435\u0432\u0456\u0437\u0456\u0457 \u0442\u0430 \u043d\u0435\u043e\u0431\u0445\u0456\u0434\u043d\u0456 \u0440\u0435\u043c\u043e\u043d\u0442\u0438.  \u041e\u0431\u0441\u044f\u0433 \u043f\u043e\u0441\u043b\u0443\u0433 \u0412\u0438\u0440\u043e\u0431\u043d\u0438\u043a\u0438 \u043a\u0440\u0430\u043d\u0456\u0432 \u041f\u0440\u0438\u043d\u0446\u0438\u043f\u0438 \u0431\u0435\u0437\u043f\u0435\u0447\u043d\u043e\u0457 \u0435\u043a\u0441\u043f\u043b\u0443\u0430\u0442\u0430\u0446\u0456\u0457 \u043a\u0440\u0430\u043d\u0456\u0432 \u0414\u043e\u0434\u0430\u0442\u043a\u043e\u0432\u0456 \u043f\u043e\u0441\u043b\u0443\u0433\u0438 \u041c\u0438 \u043d\u0435 \u0442\u0456\u043b\u044c\u043a\u0438 \u043d\u0430\u0434\u0430\u0454\u043c\u043e \u0441\u0442\u0430\u0446\u0456\u043e\u043d\u0430\u0440\u043d\u0435 \u0442\u0430 \u043c\u043e\u0431\u0456\u043b\u044c\u043d\u0435 \u043e\u0431\u0441\u043b\u0443\u0433\u043e\u0432\u0443\u0432\u0430\u043d\u043d\u044f, \u0430 \u0439 \u043a\u043e\u043d\u0441\u0443\u043b\u044c\u0442\u0443\u0454\u043c\u043e \u0437 \u043f\u0438\u0442\u0430\u043d\u044c \u043f\u0440\u0438\u0434\u0431\u0430\u043d\u043d\u044f \u0442\u0435\u0445\u043d\u0456\u043a\u0438. \u041c\u0438 \u043f\u0440\u043e\u0434\u0430\u0454\u043c\u043e \u043d\u043e\u0432\u0456 \u0442\u0430 \u0432\u0436\u0438\u0432\u0430\u043d\u0456 \u043c\u0430\u0448\u0438\u043d\u0438, \u043f\u0440\u043e\u043f\u043e\u043d\u0443\u044e\u0447\u0438 \u0442\u0430\u043a\u043e\u0436 \u043c\u043e\u0436\u043b\u0438\u0432\u0456\u0441\u0442\u044c \u043f\u0435\u0440\u0435\u0432\u0456\u0440\u0438\u0442\u0438 \u0457\u0445 \u0442\u0435\u0445\u043d\u0456\u0447\u043d\u0438\u0439 \u0441\u0442\u0430\u043d \u043f\u0435\u0440\u0435\u0434 \u043f\u043e\u043a\u0443\u043f\u043a\u043e\u044e.   \u041c\u0438 \u043f\u0440\u043e\u0432\u043e\u0434\u0438\u043c\u043e \u0430\u0443\u0434\u0438\u0442 \u0442\u0430 \u043c\u043e\u0434\u0435\u0440\u043d\u0456\u0437\u0430\u0446\u0456\u044e \u043c\u0430\u0448\u0438\u043d UDT. \u0423 \u0432\u0438\u043f\u0430\u0434\u043a\u0443 \u043d\u0430\u0432\u0430\u043d\u0442\u0430\u0436\u0443\u0432\u0430\u0447\u0456\u0432 \u0456 \u043d\u043e\u0436\u0438\u0447\u043d\u0438\u0445 \u043f\u0456\u0434\u0439\u043e\u043c\u043d\u0438\u043a\u0456\u0432 \u043c\u0438 \u043d\u0430\u0434\u0430\u0454\u043c\u043e \u0432\u0430\u043c \u043f\u0456\u0434\u043c\u0456\u043d\u043d\u0435 \u043e\u0431\u043b\u0430\u0434\u043d\u0430\u043d\u043d\u044f \u043d\u0430 \u0447\u0430\u0441 \u0440\u0435\u043c\u043e\u043d\u0442\u0443.  \u041e\u0431\u0441\u043b\u0443\u0433\u043e\u0432\u0443\u0432\u0430\u043d\u043d\u044f \u043c\u0430\u0448\u0438\u043d UTB \u0406\u043d\u0448\u0456 \u043c\u0430\u0448\u0438\u043d\u0438 UDT, \u044f\u043a\u0456 \u0432\u0438 \u043c\u043e\u0436\u0435\u0442\u0435 \u043e\u0431\u0441\u043b\u0443\u0436\u0438\u0442\u0438 \u0443 \u043d\u0430\u0441 \u041c\u0438 \u043f\u0440\u043e\u043f\u043e\u043d\u0443\u0454\u043c\u043e \u0435\u043a\u0441\u043f\u0435\u0440\u0442\u043d\u0456 \u043a\u043e\u043d\u0441\u0443\u043b\u044c\u0442\u0430\u0446\u0456\u0457 \u0417 \u043d\u0430\u0448\u0438\u043c \u0441\u0435\u0440\u0432\u0456\u0441\u043e\u043c \u043a\u0440\u0430\u043d\u0456\u0432 \u0432\u0438 \u043c\u043e\u0436\u0435\u0442\u0435 \u0431\u0443\u0442\u0438 \u0432\u043f\u0435\u0432\u043d\u0435\u043d\u0456, \u0449\u043e \u0432\u0430\u0448\u0435 \u043e\u0431\u043b\u0430\u0434\u043d\u0430\u043d\u043d\u044f \u0431\u0443\u0434\u0435 \u043f\u0440\u0430\u0446\u044e\u0432\u0430\u0442\u0438 \u0431\u0435\u0437\u043f\u0435\u0440\u0435\u0431\u0456\u0439\u043d\u043e \u0456 \u0431\u0435\u0437\u043f\u0435\u0447\u043d\u043e \u043f\u0440\u043e\u0442\u044f\u0433\u043e\u043c \u0442\u0440\u0438\u0432\u0430\u043b\u043e\u0433\u043e \u0447\u0430\u0441\u0443. \u0417\u0432'\u044f\u0436\u0456\u0442\u044c\u0441\u044f \u0437 \u043d\u0430\u043c\u0438 \u0441\u044c\u043e\u0433\u043e\u0434\u043d\u0456 \u0456 \u0434\u0456\u0437\u043d\u0430\u0439\u0442\u0435\u0441\u044f \u0431\u0456\u043b\u044c\u0448\u0435 \u043f\u0440\u043e \u043d\u0430\u0448\u0456 \u043f\u043e\u0441\u043b\u0443\u0433\u0438 \u0437 \u0442\u0435\u0445\u043d\u0456\u0447\u043d\u043e\u0433\u043e \u043e\u0431\u0441\u043b\u0443\u0433\u043e\u0432\u0443\u0432\u0430\u043d\u043d\u044f!  \u0406\u043d\u0448\u0456 \u043f\u043e\u0441\u043b\u0443\u0433\u0438 \u041d\u0430\u0448\u0430 \u043a\u043e\u043c\u043f\u0430\u043d\u0456\u044f \u0442\u0430\u043a\u043e\u0436 \u043f\u0440\u043e\u0432\u043e\u0434\u0438\u0442\u044c \u043d\u0430\u0432\u0447\u0430\u043d\u043d\u044f \u043f\u0435\u0440\u0441\u043e\u043d\u0430\u043b\u0443 UDT. \u042f\u043a\u0449\u043e \u0443 \u0432\u0430\u0441 \u0432\u0438\u043d\u0438\u043a\u043b\u0438 \u043f\u0438\u0442\u0430\u043d\u043d\u044f \u0430\u0431\u043e \u0437\u0430\u043d\u0435\u043f\u043e\u043a\u043e\u0454\u043d\u043d\u044f \u0449\u043e\u0434\u043e \u0441\u0442\u0430\u043d\u0443 \u0432\u0430\u0448\u0438\u0445 \u043c\u0430\u0448\u0438\u043d \u0430\u0431\u043e \u0434\u0435\u0442\u0430\u043b\u0435\u0439 \u043d\u0430\u0448\u0438\u0445 \u043f\u043e\u0441\u043b\u0443\u0433 - \u0437\u0432\u0435\u0440\u0442\u0430\u0439\u0442\u0435\u0441\u044f \u0434\u043e \u043d\u0430\u0441, \u043d\u0430\u0448\u0456 \u0444\u0430\u0445\u0456\u0432\u0446\u0456 \u0437\u0430\u0432\u0436\u0434\u0438 \u0434\u043e \u0432\u0430\u0448\u0438\u0445 \u043f\u043e\u0441\u043b\u0443\u0433. \u041f\u0438\u0442\u0430\u043d\u043d\u044f \u0442\u0430 \u0432\u0456\u0434\u043f\u043e\u0432\u0456\u0434\u0456<\/p>","protected":false},"author":6,"featured_media":5122,"parent":5573,"menu_order":0,"comment_status":"closed","ping_status":"closed","template":"","meta":{"sfsi_plus_gutenberg_text_before_share":"","sfsi_plus_gutenberg_show_text_before_share":"","sfsi_plus_gutenberg_icon_type":"","sfsi_plus_gutenberg_icon_alignemt":"","sfsi_plus_gutenburg_max_per_row":"","footnotes":""},"class_list":["post-5117","page","type-page","status-publish","has-post-thumbnail","hentry","has_thumb"],"aioseo_notices":[],"_links":{"self":[{"href":"https:\/\/kursy-udt.pl\/ua\/wp-json\/wp\/v2\/pages\/5117","targetHints":{"allow":["GET"]}}],"collection":[{"href":"https:\/\/kursy-udt.pl\/ua\/wp-json\/wp\/v2\/pages"}],"about":[{"href":"https:\/\/kursy-udt.pl\/ua\/wp-json\/wp\/v2\/types\/page"}],"author":[{"embeddable":true,"href":"https:\/\/kursy-udt.pl\/ua\/wp-json\/wp\/v2\/users\/6"}],"replies":[{"embeddable":true,"href":"https:\/\/kursy-udt.pl\/ua\/wp-json\/wp\/v2\/comments?post=5117"}],"version-history":[{"count":5,"href":"https:\/\/kursy-udt.pl\/ua\/wp-json\/wp\/v2\/pages\/5117\/revisions"}],"predecessor-version":[{"id":5550,"href":"https:\/\/kursy-udt.pl\/ua\/wp-json\/wp\/v2\/pages\/5117\/revisions\/5550"}],"up":[{"embeddable":true,"href":"https:\/\/kursy-udt.pl\/ua\/wp-json\/wp\/v2\/pages\/5573"}],"wp:featuredmedia":[{"embeddable":true,"href":"https:\/\/kursy-udt.pl\/ua\/wp-json\/wp\/v2\/media\/5122"}],"wp:attachment":[{"href":"https:\/\/kursy-udt.pl\/ua\/wp-json\/wp\/v2\/media?parent=5117"}],"curies":[{"name":"wp","href":"https:\/\/api.w.org\/{rel}","templated":true}]}}