{"id":5066,"date":"2023-03-20T15:32:04","date_gmt":"2023-03-20T14:32:04","guid":{"rendered":"https:\/\/kursy-udt.pl\/?page_id=5066"},"modified":"2023-03-20T22:38:00","modified_gmt":"2023-03-20T21:38:00","slug":"%d0%bc%d0%b0%d1%88%d0%b8%d0%bd%d1%96%d1%81%d1%82-%d0%b7-%d0%be%d0%b1%d1%81%d0%bb%d1%83%d0%b3%d0%be%d0%b2%d1%83%d0%b2%d0%b0%d0%bd%d0%bd%d1%8f-%d1%81%d1%82%d0%b0%d1%86%d1%96%d0%be%d0%bd%d0%b0%d1%80","status":"publish","type":"page","link":"https:\/\/kursy-udt.pl\/ua\/szkolenia\/udt-wdt-tdt\/konserwator-zurawi-stacjonarnych\/","title":{"rendered":"\u041a\u0443\u0440\u0441 UDT \u0437 \u043e\u0431\u0441\u043b\u0443\u0433\u043e\u0432\u0443\u0432\u0430\u043d\u043d\u044f \u0441\u0442\u0430\u0446\u0456\u043e\u043d\u0430\u0440\u043d\u0438\u0445 \u043a\u0440\u0430\u043d\u0456\u0432"},"content":{"rendered":"\n<h2 class=\"wp-block-heading\">Szkolenie zawodowe na konserwatora \u017curawi stacjonarnych&nbsp;<\/h2>\n\n\n\n<p>Nasz o\u015brodek szkoleniowym ERGON prowadzi kompleksowe szkolenia dla operator\u00f3w i konserwator\u00f3w na \u017curawie stacjonarne. Program kursu zosta\u0142 starannie przygotowany, aby przekaza\u0107 wiedz\u0119 z zakresu teoretycznego, jak r\u00f3wnie\u017c praktycznego. &nbsp;<\/p>\n\n\n<div class=\"wp-block-image\">\n<figure class=\"alignright size-large is-resized\"><a href=\"https:\/\/kursy-udt.pl\/wp-content\/uploads\/2023\/03\/ABUS_Pillar_Jib_Crane.jpg\"><img loading=\"lazy\" decoding=\"async\" src=\"https:\/\/kursy-udt.pl\/wp-content\/uploads\/2023\/03\/ABUS_Pillar_Jib_Crane-683x1024.jpg\" alt=\"\u017curaw warsztatowy w hali\" class=\"wp-image-5069\" width=\"342\" height=\"512\" srcset=\"https:\/\/kursy-udt.pl\/wp-content\/uploads\/2023\/03\/ABUS_Pillar_Jib_Crane-683x1024.jpg 683w, https:\/\/kursy-udt.pl\/wp-content\/uploads\/2023\/03\/ABUS_Pillar_Jib_Crane-200x300.jpg 200w, https:\/\/kursy-udt.pl\/wp-content\/uploads\/2023\/03\/ABUS_Pillar_Jib_Crane-768x1152.jpg 768w, https:\/\/kursy-udt.pl\/wp-content\/uploads\/2023\/03\/ABUS_Pillar_Jib_Crane-1024x1536.jpg 1024w, https:\/\/kursy-udt.pl\/wp-content\/uploads\/2023\/03\/ABUS_Pillar_Jib_Crane-8x12.jpg 8w, https:\/\/kursy-udt.pl\/wp-content\/uploads\/2023\/03\/ABUS_Pillar_Jib_Crane-624x936.jpg 624w, https:\/\/kursy-udt.pl\/wp-content\/uploads\/2023\/03\/ABUS_Pillar_Jib_Crane.jpg 1280w\" sizes=\"auto, (max-width: 342px) 100vw, 342px\" \/><\/a><\/figure>\n<\/div>\n\n\n<p>Szkolenia prowadzone s\u0105 przez kompetentne osoby, kt\u00f3re posiadaj\u0105 odpowiednie uprawnienia do kszta\u0142cenia przysz\u0142ych operator\u00f3w oraz konserwator\u00f3w. Opr\u00f3cz samych uprawnie\u0144 posiadaj\u0105 wiedz\u0119 bran\u017cow\u0105, kt\u00f3r\u0105 nabyli przez lata pracy, poniewa\u017c wiemy, \u017ce osoby maj\u0105ce do\u015bwiadczenie w tego typu pracy naucz\u0105 Ci\u0119 najlepiej. Nasi wyk\u0142adowcy i instruktorzy maj\u0105 kilkuletnie do\u015bwiadczenie w zakresie szkole\u0144, w celu pozyskania za\u015bwiadcze\u0144 kwalifikacyjnych na \u017curawie stacjonarne i nie tylko.&nbsp;&nbsp;<\/p>\n\n\n\n<h2 class=\"wp-block-heading\">Program szkolenia&nbsp;<\/h2>\n\n\n\n<ul class=\"wp-block-list\">\n<li>planowanie i organizowanie prac konserwacyjnych,&nbsp;<\/li>\n\n\n\n<li>czyszczenie, smarowanie i regulacja cz\u0119\u015bci \u017curawi stacjonarnych,&nbsp;<\/li>\n\n\n\n<li>kontrola i wymiana oleju i innych p\u0142yn\u00f3w roboczych,&nbsp;<\/li>\n\n\n\n<li>konserwacja \u0142o\u017cysk i innych element\u00f3w maszyny,&nbsp;<\/li>\n\n\n\n<li>znaki i objawy awarii \u017curawi stacjonarnych,&nbsp;<\/li>\n\n\n\n<li>procedury diagnozowania i naprawy awarii,&nbsp;<\/li>\n\n\n\n<li>wymiana uszkodzonych cz\u0119\u015bci,&nbsp;<\/li>\n\n\n\n<li>budowa \u017curawi,&nbsp;<\/li>\n\n\n\n<li>obowi\u0105zki i prawa konserwatora.&nbsp;<\/li>\n<\/ul>\n\n\n\n<h2 class=\"wp-block-heading\">Kto wydaje uprawnienia do pracy z \u017curawiem stacjonarnym?&nbsp;<\/h2>\n\n\n\n<p>Wa\u017cn\u0105 kwesti\u0105 jest to, \u017ce \u017curawie podlegaj\u0105 dozorowi technicznemu, wi\u0119c je\u015bli chcemy wykonywa\u0107 prace operatora lub konserwatora, zobowi\u0105zani jeste\u015bmy do uzyskania uprawnie\u0144 UDT, aby wykonywa\u0107 prace. Uprawnienia wydawane s\u0105 przez Urz\u0105d Dozoru Technicznego w kategorii \u017curawi stacjonarnych, je\u015bli otrzymali\u015bmy ju\u017c kwalifikacje do pracy z \u017curawiami nale\u017cy pami\u0119ta\u0107, \u017ce czas trwania ich wa\u017cno\u015bci wynosi 10 lat od momentu wydania. Operatorzy nie potrzebuj\u0105 uprawnie\u0144, je\u015bli wykonuj\u0105 swoj\u0105 prace na \u017curawiach takich jak:&nbsp;<\/p>\n\n\n\n<ul class=\"wp-block-list\">\n<li>z nap\u0119dem r\u0119cznym wszystkich mechanizm\u00f3w,&nbsp;<\/li>\n\n\n\n<li>o ud\u017awigu maksymalnym do 250 kg, nie licz\u0105c urz\u0105dze\u0144 s\u0142u\u017c\u0105cych do przemieszczania os\u00f3b,&nbsp;<\/li>\n\n\n\n<li>z nap\u0119dem elektrycznym jednofazowym o sile ud\u017awigu do 1 tony.&nbsp;<\/li>\n<\/ul>\n\n\n<div class=\"wp-block-image\">\n<figure class=\"alignleft size-large is-resized\"><a href=\"https:\/\/kursy-udt.pl\/wp-content\/uploads\/2023\/03\/s2-34.jpg\"><img loading=\"lazy\" decoding=\"async\" src=\"https:\/\/kursy-udt.pl\/wp-content\/uploads\/2023\/03\/s2-34-1024x683.jpg\" alt=\"konserwator w kasku operuje \u017curawiem\" class=\"wp-image-5070\" width=\"512\" height=\"342\" srcset=\"https:\/\/kursy-udt.pl\/wp-content\/uploads\/2023\/03\/s2-34-1024x683.jpg 1024w, https:\/\/kursy-udt.pl\/wp-content\/uploads\/2023\/03\/s2-34-300x200.jpg 300w, https:\/\/kursy-udt.pl\/wp-content\/uploads\/2023\/03\/s2-34-768x512.jpg 768w, https:\/\/kursy-udt.pl\/wp-content\/uploads\/2023\/03\/s2-34-1536x1024.jpg 1536w, https:\/\/kursy-udt.pl\/wp-content\/uploads\/2023\/03\/s2-34-18x12.jpg 18w, https:\/\/kursy-udt.pl\/wp-content\/uploads\/2023\/03\/s2-34-624x416.jpg 624w, https:\/\/kursy-udt.pl\/wp-content\/uploads\/2023\/03\/s2-34.jpg 1600w\" sizes=\"auto, (max-width: 512px) 100vw, 512px\" \/><\/a><\/figure>\n<\/div>\n\n\n<h2 class=\"wp-block-heading\">W jaki spos\u00f3b zdoby\u0107 uprawnienia na \u017curawie stacjonarne?&nbsp;<\/h2>\n\n\n\n<p>Kwalifikacje do wykonywania prac na tych \u017curawiach wydawane s\u0105 przez Wojskowy Doz\u00f3r Techniczny, Urz\u0105d Dozoru Technicznego albo przez Transportowy Doz\u00f3r Techniczny. Dokument wydawany przez jednostk\u0119 jest zale\u017cny od miejsca w jakim znajduje si\u0119 dane urz\u0105dzenie, na kt\u00f3rym b\u0119dzie odbywa\u0107 si\u0119 egzamin praktyczny.<\/p>\n\n\n\n<h2 class=\"wp-block-heading\">Jednostki egzaminuj\u0105ce<\/h2>\n\n\n\n<p><strong>WDT <\/strong>\u2013 uprawnienia wydaj\u0105, je\u015bli \u017curaw znajduje si\u0119 na terenach jednostek wojskowych lub w zak\u0142adzie zbrojeniowym, kt\u00f3ry podlega pod MON;&nbsp;<\/p>\n\n\n\n<p><strong>UDT <\/strong>\u2013 wydaj\u0105 za\u015bwiadczenie, je\u015bli urz\u0105dzenie znajduje si\u0119 na obszarze, kt\u00f3re nie dotyczy dzia\u0142a\u0144 TDT lub WDT;&nbsp;<\/p>\n\n\n\n<p><strong>TDT <\/strong>\u2013 wydaj\u0105 dokument, je\u015bli urz\u0105dzenie wykonuje prace w transporcie wodnym lub w transporcie kolejowym.&nbsp;<\/p>\n\n\n\n<h2 class=\"wp-block-heading\">Jak wygl\u0105da egzamin?<\/h2>\n\n\n\n<p>Egzamin odbywa si\u0119 w punkcie UDT, TDT lub WDT i jest skonstruowany z dw\u00f3ch etap\u00f3w. Pierwszym etapem jest egzamin teoretyczny w formie pisemnej, maj\u0105cy sprawdzi\u0107 nasz\u0105 wiedz\u0119 z zakresu \u017curawia stacjonarnego. Pierwszy etap polega na zaliczeniu pisemnego testu, w kt\u00f3rym nale\u017cy si\u0119 wykaza\u0107 wiedz\u0105 jak\u0105 pozyskano podczas szkole\u0144. Drugi etap opiera si\u0119 na praktyce, tutaj b\u0119dziemy musieli wykaza\u0107 si\u0119 naszymi nabytymi umiej\u0119tno\u015bciami. Je\u015bli uda nam si\u0119 zaliczy\u0107 oba etapy egzaminu, otrzymamy dokument z uzyskanymi uprawnieniami.&nbsp;&nbsp;<\/p>\n\n\n\n<h2 class=\"wp-block-heading\">Jakie s\u0105 wymagania, aby rozpocz\u0105\u0107 kurs?&nbsp;<\/h2>\n\n\n\n<p>Wymagania jakie trzeba spe\u0142ni\u0107, aby przyst\u0105pi\u0107 do szkolenia to:&nbsp;<\/p>\n\n\n\n<ul class=\"wp-block-list\">\n<li>uko\u0144czone 18 lat \u017cycia,&nbsp;<\/li>\n\n\n\n<li>posiadanie wykszta\u0142cenia na poziomie przynajmniej podstawowym,&nbsp;<\/li>\n\n\n\n<li>brak przeciwwskaza\u0144 lekarskich do wykonywania tej pracy.&nbsp;<\/li>\n<\/ul>\n\n\n\n<p>Je\u015bli spe\u0142niasz te trzy wymagania mo\u017cesz odby\u0107 kurs w celu uzyskania kwalifikacji zawodowych na operatora lub konserwatora \u017curawia stacjonarnego.&nbsp;<\/p>\n\n\n\n<h2 class=\"wp-block-heading\">Budowa \u017curawia stacjonarnego&nbsp;<\/h2>\n\n\n<div class=\"wp-block-image\">\n<figure class=\"alignright size-large is-resized\"><a href=\"https:\/\/kursy-udt.pl\/wp-content\/uploads\/2023\/03\/s2-35.jpg\"><img loading=\"lazy\" decoding=\"async\" src=\"https:\/\/kursy-udt.pl\/wp-content\/uploads\/2023\/03\/s2-35-1024x768.jpg\" alt=\"\u017curaw stacjonarny przenosi \u0142adunek\" class=\"wp-image-5071\" width=\"512\" height=\"384\" srcset=\"https:\/\/kursy-udt.pl\/wp-content\/uploads\/2023\/03\/s2-35-1024x768.jpg 1024w, https:\/\/kursy-udt.pl\/wp-content\/uploads\/2023\/03\/s2-35-300x225.jpg 300w, https:\/\/kursy-udt.pl\/wp-content\/uploads\/2023\/03\/s2-35-768x576.jpg 768w, https:\/\/kursy-udt.pl\/wp-content\/uploads\/2023\/03\/s2-35-1536x1152.jpg 1536w, https:\/\/kursy-udt.pl\/wp-content\/uploads\/2023\/03\/s2-35-16x12.jpg 16w, https:\/\/kursy-udt.pl\/wp-content\/uploads\/2023\/03\/s2-35-640x480.jpg 640w, https:\/\/kursy-udt.pl\/wp-content\/uploads\/2023\/03\/s2-35-624x468.jpg 624w, https:\/\/kursy-udt.pl\/wp-content\/uploads\/2023\/03\/s2-35.jpg 1600w\" sizes=\"auto, (max-width: 512px) 100vw, 512px\" \/><\/a><\/figure>\n<\/div>\n\n\n<p>Urz\u0105dzenia te potocznie zwane warsztatowymi to d\u017awignice, czyli urz\u0105dzenia jakich u\u017cywa si\u0119 do przemieszczania \u0142adunk\u00f3w o du\u017cej masie na niewielkim obszarze. Ich konstrukcja sk\u0142ada si\u0119 z wysi\u0119gnika, kt\u00f3ry montowany jest do \u015bciany lub s\u0142upa. Wysi\u0119gnik pracuje w zakresie ruchu 360\u00b0 lub mniejszym. Wzd\u0142u\u017c wysi\u0119gnika lub ramienia znajduje si\u0119 wci\u0105gnik, jest to mechanizm, kt\u00f3ry odpowiada za unoszenie \u0142adunku w osi pionowej. \u0141adunki mog\u0105 by\u0107 przenoszone w 3 zakresach ruchu, czyli:&nbsp;<\/p>\n\n\n\n<ul class=\"wp-block-list\">\n<li>w osi pionowej,&nbsp;<\/li>\n\n\n\n<li>wzd\u0142u\u017c ramienia,&nbsp;<\/li>\n\n\n\n<li>w zakresie ruchu okr\u0119\u017cnego.&nbsp;<\/li>\n<\/ul>\n\n\n\n<h2 class=\"wp-block-heading\">Inne nasze szkolenia&nbsp;<\/h2>\n\n\n\n<p>Prowadzimy szkolenia tak\u017ce na:&nbsp;<\/p>\n\n\n\n<ul class=\"wp-block-list\">\n<li>d\u017awigi HDS,&nbsp;<\/li>\n\n\n\n<li>w\u00f3zki wid\u0142owe,&nbsp;<\/li>\n\n\n\n<li>podesty ruchome,&nbsp;<\/li>\n\n\n\n<li>\u0142adowarki teleskopowe,&nbsp;<\/li>\n\n\n\n<li>suwnice.&nbsp;<\/li>\n<\/ul>\n\n\n\n<p>Je\u015bli zainteresowa\u0142o Ci\u0119 jakiekolwiek z wymienionych szkole\u0144, zapraszamy do kontaktu a wyja\u015bnimy na czym opiera si\u0119 nauka, jak wygl\u0105da program nauczania i czego mo\u017cesz oczekiwa\u0107 po szkoleniu.<\/p>\n\n\n\n<h2 class=\"wp-block-heading\">Pytania i odpowiedzi<\/h2>\n\n\n\t\t<details\t\thelp class=\"sc_fs_faq sc_card    \"\n\t\topen\t\t>\n\t\t\t\t\t<summary>\n\t\t\t\t<h3>Kto wydaje uprawnienia na \u017curawia stacjonarnego?<\/h3>\t\t\t\t\t<\/summary>\n\t\t\t\t<div>\n\t\t\t\t\t\t<div class=\"sc_fs_faq__content\">\n\t\t\t\t\n\n<p>Uprawnienia na \u017curawia stacjonarnego mog\u0105 zosta\u0107 wydane przez UDT, TDT lub WDT, wszystko to zale\u017cy od obszaru na jakim znajduje si\u0119 urz\u0105dzenie, na kt\u00f3rym b\u0119dzie odbywa\u0107 si\u0119 egzamin.&nbsp;<\/p>\n\n\t\t\t<\/div>\n\t\t<\/div>\n\t\t<\/details>\n\t\t\t\t<details\t\thelp class=\"sc_fs_faq sc_card    \"\n\t\t\t\t>\n\t\t\t\t\t<summary>\n\t\t\t\t<h3>Na jakie urz\u0105dzenia jeszcze prowadzicie kurs?<\/h3>\t\t\t\t\t<\/summary>\n\t\t\t\t<div>\n\t\t\t\t\t\t<div class=\"sc_fs_faq__content\">\n\t\t\t\t\n\n<p>Szkolimy operator\u00f3w i konserwator\u00f3w na urz\u0105dzenia takie jak: suwnice, podesty ruchome (w tym podno\u015bniki koszowe i no\u017cycowe), w\u00f3zki wid\u0142owe, \u0142adowarki teleskopowe oraz na d\u017awigi HDS.&nbsp;<\/p>\n\n\t\t\t<\/div>\n\t\t<\/div>\n\t\t<\/details>\n\t\t\n<script type=\"application\/ld+json\">\n\t{\n\t\t\"@context\": \"https:\/\/schema.org\",\n\t\t\"@type\": \"FAQPage\",\n\t\t\"mainEntity\": [\n\t\t\t\t\t{\n\t\t\t\t\"@type\": \"Question\",\n\t\t\t\t\"name\": \"Kto wydaje uprawnienia na \u017curawia stacjonarnego?\",\n\t\t\t\t\"acceptedAnswer\": {\n\t\t\t\t\t\"@type\": \"Answer\",\n\t\t\t\t\t\"text\": \"<p>Uprawnienia na \u017curawia stacjonarnego mog\u0105 zosta\u0107 wydane przez UDT, TDT lub WDT, wszystko to zale\u017cy od obszaru na jakim znajduje si\u0119 urz\u0105dzenie, na kt\u00f3rym b\u0119dzie odbywa\u0107 si\u0119 egzamin.&nbsp;<\/p>\"\n\t\t\t\t\t\t\t\t\t}\n\t\t\t}\n\t\t\t,\t\t\t\t{\n\t\t\t\t\"@type\": \"Question\",\n\t\t\t\t\"name\": \"Na jakie urz\u0105dzenia jeszcze prowadzicie kurs?\",\n\t\t\t\t\"acceptedAnswer\": {\n\t\t\t\t\t\"@type\": \"Answer\",\n\t\t\t\t\t\"text\": \"<p>Szkolimy operator\u00f3w i konserwator\u00f3w na urz\u0105dzenia takie jak: suwnice, podesty ruchome (w tym podno\u015bniki koszowe i no\u017cycowe), w\u00f3zki wid\u0142owe, \u0142adowarki teleskopowe oraz na d\u017awigi HDS.&nbsp;<\/p>\"\n\t\t\t\t\t\t\t\t\t}\n\t\t\t}\n\t\t\t\t\t\t]\n\t}\n<\/script>\n","protected":false},"excerpt":{"rendered":"<p>Szkolenie zawodowe na konserwatora \u017curawi stacjonarnych&nbsp; Nasz o\u015brodek szkoleniowym ERGON prowadzi kompleksowe szkolenia dla operator\u00f3w i konserwator\u00f3w na \u017curawie stacjonarne. Program kursu zosta\u0142 starannie przygotowany, aby przekaza\u0107 wiedz\u0119 z zakresu teoretycznego, jak r\u00f3wnie\u017c praktycznego. &nbsp; Szkolenia prowadzone s\u0105 przez kompetentne osoby, kt\u00f3re posiadaj\u0105 odpowiednie uprawnienia do kszta\u0142cenia przysz\u0142ych operator\u00f3w oraz konserwator\u00f3w. Opr\u00f3cz samych uprawnie\u0144 posiadaj\u0105 wiedz\u0119 bran\u017cow\u0105, kt\u00f3r\u0105 nabyli przez lata pracy, poniewa\u017c wiemy, \u017ce osoby maj\u0105ce do\u015bwiadczenie w tego typu pracy naucz\u0105 Ci\u0119 najlepiej. Nasi wyk\u0142adowcy i instruktorzy maj\u0105 kilkuletnie do\u015bwiadczenie w zakresie szkole\u0144, w celu pozyskania za\u015bwiadcze\u0144 kwalifikacyjnych na \u017curawie stacjonarne i nie tylko.&nbsp;&nbsp; Program szkolenia&nbsp; Kto wydaje uprawnienia do pracy z \u017curawiem stacjonarnym?&nbsp; Wa\u017cn\u0105 kwesti\u0105 jest to, \u017ce \u017curawie podlegaj\u0105 dozorowi technicznemu, wi\u0119c je\u015bli chcemy wykonywa\u0107 prace operatora lub konserwatora, zobowi\u0105zani jeste\u015bmy do uzyskania uprawnie\u0144 UDT, aby wykonywa\u0107 prace. Uprawnienia wydawane s\u0105 przez Urz\u0105d Dozoru Technicznego w kategorii \u017curawi stacjonarnych, je\u015bli otrzymali\u015bmy ju\u017c kwalifikacje do pracy z \u017curawiami nale\u017cy pami\u0119ta\u0107, \u017ce czas trwania ich wa\u017cno\u015bci wynosi 10 lat od momentu wydania. Operatorzy nie potrzebuj\u0105 uprawnie\u0144, je\u015bli wykonuj\u0105 swoj\u0105 prace na \u017curawiach takich jak:&nbsp; W jaki spos\u00f3b zdoby\u0107 uprawnienia na \u017curawie stacjonarne?&nbsp; Kwalifikacje do wykonywania prac na tych \u017curawiach wydawane s\u0105 przez Wojskowy Doz\u00f3r Techniczny, Urz\u0105d Dozoru Technicznego albo przez Transportowy Doz\u00f3r Techniczny. Dokument wydawany przez jednostk\u0119 jest zale\u017cny od miejsca w jakim znajduje si\u0119 dane urz\u0105dzenie, na kt\u00f3rym b\u0119dzie odbywa\u0107 si\u0119 egzamin praktyczny. Jednostki egzaminuj\u0105ce WDT \u2013 uprawnienia wydaj\u0105, je\u015bli \u017curaw znajduje si\u0119 na terenach jednostek wojskowych lub w zak\u0142adzie zbrojeniowym, kt\u00f3ry podlega pod MON;&nbsp; UDT \u2013 wydaj\u0105 za\u015bwiadczenie, je\u015bli urz\u0105dzenie znajduje [&hellip;]<\/p>\n","protected":false},"author":6,"featured_media":5070,"parent":2721,"menu_order":0,"comment_status":"closed","ping_status":"closed","template":"","meta":{"sfsi_plus_gutenberg_text_before_share":"","sfsi_plus_gutenberg_show_text_before_share":"","sfsi_plus_gutenberg_icon_type":"","sfsi_plus_gutenberg_icon_alignemt":"","sfsi_plus_gutenburg_max_per_row":"","footnotes":""},"class_list":["post-5066","page","type-page","status-publish","has-post-thumbnail","hentry","has_thumb"],"aioseo_notices":[],"_links":{"self":[{"href":"https:\/\/kursy-udt.pl\/ua\/wp-json\/wp\/v2\/pages\/5066","targetHints":{"allow":["GET"]}}],"collection":[{"href":"https:\/\/kursy-udt.pl\/ua\/wp-json\/wp\/v2\/pages"}],"about":[{"href":"https:\/\/kursy-udt.pl\/ua\/wp-json\/wp\/v2\/types\/page"}],"author":[{"embeddable":true,"href":"https:\/\/kursy-udt.pl\/ua\/wp-json\/wp\/v2\/users\/6"}],"replies":[{"embeddable":true,"href":"https:\/\/kursy-udt.pl\/ua\/wp-json\/wp\/v2\/comments?post=5066"}],"version-history":[{"count":5,"href":"https:\/\/kursy-udt.pl\/ua\/wp-json\/wp\/v2\/pages\/5066\/revisions"}],"predecessor-version":[{"id":5547,"href":"https:\/\/kursy-udt.pl\/ua\/wp-json\/wp\/v2\/pages\/5066\/revisions\/5547"}],"up":[{"embeddable":true,"href":"https:\/\/kursy-udt.pl\/ua\/wp-json\/wp\/v2\/pages\/2721"}],"wp:featuredmedia":[{"embeddable":true,"href":"https:\/\/kursy-udt.pl\/ua\/wp-json\/wp\/v2\/media\/5070"}],"wp:attachment":[{"href":"https:\/\/kursy-udt.pl\/ua\/wp-json\/wp\/v2\/media?parent=5066"}],"curies":[{"name":"wp","href":"https:\/\/api.w.org\/{rel}","templated":true}]}}