{"id":5055,"date":"2023-03-20T15:14:03","date_gmt":"2023-03-20T14:14:03","guid":{"rendered":"https:\/\/kursy-udt.pl\/?page_id=5055"},"modified":"2023-03-20T22:18:48","modified_gmt":"2023-03-20T21:18:48","slug":"%d0%be%d0%b1%d1%80%d0%be%d0%b1%d0%ba%d0%b0-%d0%ba%d1%80%d0%b0%d0%bd-%d0%bf%d0%b5%d1%80%d0%b5%d0%bc%d1%96%d1%89%d0%b5%d0%bd%d0%bd%d1%8f-%d0%b2%d0%b0%d0%b3%d0%be%d0%bd%d1%96%d0%b2","status":"publish","type":"page","link":"https:\/\/kursy-udt.pl\/ua\/szkolenia\/udt-wdt-tdt\/obsluga-przeciagarki-do-przemieszczania-wagonow\/","title":{"rendered":"\u041a\u0443\u0440\u0441 \u0437 \u0435\u043a\u0441\u043f\u043b\u0443\u0430\u0442\u0430\u0446\u0456\u0457 \u0442\u0430 \u043e\u0431\u0441\u043b\u0443\u0433\u043e\u0432\u0443\u0432\u0430\u043d\u043d\u044f \u0442\u044f\u0433\u043e\u0432\u0438\u0445 \u043c\u0430\u0448\u0438\u043d \u0434\u043b\u044f \u043f\u0435\u0440\u0435\u0441\u0443\u0432\u0430\u043d\u043d\u044f \u0432\u0430\u0433\u043e\u043d\u0456\u0432 \u043f\u043e \u043a\u043e\u043b\u0456\u044f\u0445"},"content":{"rendered":"\n<h2 class=\"wp-block-heading\">Szkolenie zawodowe na przeci\u0105garki do przemieszczenia wagon\u00f3w po torach&nbsp;<\/h2>\n\n\n\n<p>Serdecznie zapraszamy do zapoznania si\u0119 z nasza ofert\u0105 kursu obs\u0142ugi i konserwacji przeci\u0105garek do przemieszczania wagon\u00f3w po torach. Nasza firma dzia\u0142a na rynku szkoleniowym ju\u017c wiele lat i mo\u017cemy pochwali\u0107 si\u0119 du\u017c\u0105 zdawalno\u015bci\u0105 egzamin\u00f3w w naszym o\u015brodku.&nbsp;<\/p>\n\n\n\n<h2 class=\"wp-block-heading\">Przebieg kursu&nbsp;&nbsp;<\/h2>\n\n\n<div class=\"wp-block-image\">\n<figure class=\"alignright size-full is-resized\"><a href=\"https:\/\/kursy-udt.pl\/wp-content\/uploads\/2023\/03\/operatorzy.edu_.pl-ltv_pv02.jpg\"><img loading=\"lazy\" decoding=\"async\" src=\"https:\/\/kursy-udt.pl\/wp-content\/uploads\/2023\/03\/operatorzy.edu_.pl-ltv_pv02.jpg\" alt=\"przeci\u0105garki do przemieszczania wagon\u00f3w po torach\" class=\"wp-image-5058\" width=\"500\" height=\"375\" srcset=\"https:\/\/kursy-udt.pl\/wp-content\/uploads\/2023\/03\/operatorzy.edu_.pl-ltv_pv02.jpg 1000w, https:\/\/kursy-udt.pl\/wp-content\/uploads\/2023\/03\/operatorzy.edu_.pl-ltv_pv02-300x225.jpg 300w, https:\/\/kursy-udt.pl\/wp-content\/uploads\/2023\/03\/operatorzy.edu_.pl-ltv_pv02-768x576.jpg 768w, https:\/\/kursy-udt.pl\/wp-content\/uploads\/2023\/03\/operatorzy.edu_.pl-ltv_pv02-16x12.jpg 16w, https:\/\/kursy-udt.pl\/wp-content\/uploads\/2023\/03\/operatorzy.edu_.pl-ltv_pv02-640x480.jpg 640w, https:\/\/kursy-udt.pl\/wp-content\/uploads\/2023\/03\/operatorzy.edu_.pl-ltv_pv02-624x468.jpg 624w\" sizes=\"auto, (max-width: 500px) 100vw, 500px\" \/><\/a><\/figure>\n<\/div>\n\n\n<p>Nasz kurs<strong> <\/strong>obs\u0142ugi i konserwacji przeci\u0105garek do przemieszczania wagon\u00f3w po torach podzielony jest na dwie cz\u0119\u015bci: teoretyczn\u0105 (wyk\u0142ady) oraz praktyczn\u0105 (warsztaty). Po zako\u0144czonym szkoleniu nale\u017cy przyst\u0105pi\u0107 do egzaminu. Uprawnienia wydawane s\u0105 przez Transportowy Doz\u00f3r Techniczny. &nbsp;<\/p>\n\n\n\n<p><strong>Podczas zaj\u0119\u0107 na kursie, poruszane b\u0119d\u0105 nast\u0119puj\u0105ce zagadnienia:<\/strong>&nbsp;<\/p>\n\n\n\n<ul class=\"wp-block-list\">\n<li>budowa przeci\u0105garek do przemieszczania wagon\u00f3w po torach,&nbsp;&nbsp;<\/li>\n\n\n\n<li>przepisy dozoru technicznego,&nbsp;&nbsp;<\/li>\n\n\n\n<li>typy przeci\u0105garek,&nbsp;&nbsp;<\/li>\n\n\n\n<li>eksploatacja przeci\u0105garek,&nbsp;&nbsp;<\/li>\n\n\n\n<li>zabezpieczenia elektryczne,&nbsp;&nbsp;<\/li>\n\n\n\n<li>zabezpieczenia mechaniczne,&nbsp;&nbsp;<\/li>\n\n\n\n<li>przepisy BHP.&nbsp;<\/li>\n<\/ul>\n\n\n\n<p>Po zako\u0144czonych zaj\u0119ciach teoretycznych, uczestnik szkolenia wykonuje zadania, pod okiem naszych instruktor\u00f3w.&nbsp;<\/p>\n\n\n\n<h2 class=\"wp-block-heading\">Za\u015bwiadczenie kwalifikacyjne&nbsp;<\/h2>\n\n\n\n<p>Zaj\u0119cia prowadzone s\u0105 przez wykwalifikowan\u0105 i do\u015bwiadczon\u0105 kadr\u0119 dydaktyczn\u0105. Po zdaniu egzaminu ka\u017cdemu uczestnikowi wydawane zostaje uprawnienie na przeci\u0105garki wagon\u00f3w po torach kolejowych w formie za\u015bwiadczenia kwalifikacyjnego TDT. Za\u015bwiadczanie to jest wa\u017cne na terenie ca\u0142ej Polski i honorowane przez pracodawc\u00f3w Unii Europejskiej. Okres wa\u017cno\u015bci uprawnie\u0144 do obs\u0142ugi przeci\u0105garek wynosi 10 lat, za to uprawnienia na konserwacj\u0119 5 lat. Wszyscy nasi kursanci otrzymuj\u0105 materia\u0142y szkoleniowe zawieraj\u0105ce zbi\u00f3r kontrolnych pyta\u0144 egzaminacyjnych TDT, kt\u00f3re mog\u0105 pojawi\u0107 si\u0119 na egzaminie.&nbsp;<\/p>\n\n\n\n<h2 class=\"wp-block-heading\">Wyd\u0142u\u017cenie terminu za\u015bwiadczenia&nbsp;<\/h2>\n\n\n\n<p>Pami\u0119taj, \u017ce aby przed\u0142u\u017cy\u0107 wa\u017cno\u015b\u0107 za\u015bwiadczenia kwalifikacyjnego nale\u017cy nie p\u00f3\u017aniej ni\u017c 3 miesi\u0105ce przed up\u0142ywem terminu wa\u017cno\u015bci z\u0142o\u017cy\u0107 wniosek o przed\u0142u\u017cenie wa\u017cno\u015bci uprawnienia. We wniosku tym nale\u017cy wykaza\u0107, \u017ce w ostatnich 5 latach, przez przynajmniej 3 lata wykonywa\u0142o si\u0119 czynno\u015bci operatora czy konserwatora przeci\u0105garek do przemieszczania wagon\u00f3w po torach. Wniosek ten nale\u017cy z\u0142o\u017cy\u0107 w formie papierowej b\u0105d\u017a te\u017c elektronicznej w jednostce TDT, kt\u00f3ra wyda\u0142a za\u015bwiadczenie kwalifikacyjne.&nbsp;<\/p>\n\n\n<div class=\"wp-block-image\">\n<figure class=\"alignleft size-large is-resized\"><a href=\"https:\/\/kursy-udt.pl\/wp-content\/uploads\/2023\/03\/Lanove-posunovacie-zariadenie-LTV-PV-8.jpg\"><img loading=\"lazy\" decoding=\"async\" src=\"https:\/\/kursy-udt.pl\/wp-content\/uploads\/2023\/03\/Lanove-posunovacie-zariadenie-LTV-PV-8-1024x683.jpg\" alt=\"Przeci\u0105garka na torach\" class=\"wp-image-5059\" width=\"512\" height=\"342\" srcset=\"https:\/\/kursy-udt.pl\/wp-content\/uploads\/2023\/03\/Lanove-posunovacie-zariadenie-LTV-PV-8-1024x683.jpg 1024w, https:\/\/kursy-udt.pl\/wp-content\/uploads\/2023\/03\/Lanove-posunovacie-zariadenie-LTV-PV-8-300x200.jpg 300w, https:\/\/kursy-udt.pl\/wp-content\/uploads\/2023\/03\/Lanove-posunovacie-zariadenie-LTV-PV-8-768x512.jpg 768w, https:\/\/kursy-udt.pl\/wp-content\/uploads\/2023\/03\/Lanove-posunovacie-zariadenie-LTV-PV-8-18x12.jpg 18w, https:\/\/kursy-udt.pl\/wp-content\/uploads\/2023\/03\/Lanove-posunovacie-zariadenie-LTV-PV-8-624x416.jpg 624w, https:\/\/kursy-udt.pl\/wp-content\/uploads\/2023\/03\/Lanove-posunovacie-zariadenie-LTV-PV-8.jpg 1125w\" sizes=\"auto, (max-width: 512px) 100vw, 512px\" \/><\/a><\/figure>\n<\/div>\n\n\n<h2 class=\"wp-block-heading\">Dlaczego my?&nbsp;<\/h2>\n\n\n\n<p>Prowadzimy te\u017c kursy dla grup zorganizowanych na terenie ca\u0142ej Polski. Szkolenia w tej formie prowadzimy bezpo\u015brednio u pracodawcy. Termin i miejsce kursu dostosowujemy do Pa\u0144stwa potrzeb. Nasza firma zajmuje si\u0119 tak\u017ce wszystkimi formalno\u015bciami w zakresie wyznaczenia terminu egzaminu przed TDT. Zaj\u0119cie teoretyczne, jak i praktyczne odbywaj\u0105 si\u0119 w dogodnych dla Pa\u0144stwa terminach. &nbsp;<\/p>\n\n\n\n<p><strong>Powody, dla kt\u00f3rych warto wybra\u0107 nasz\u0105 plac\u00f3wk\u0119:<\/strong>&nbsp;<\/p>\n\n\n\n<ul class=\"wp-block-list\">\n<li>konkurencyjne ceny,&nbsp;<\/li>\n\n\n\n<li>profesjonalne przeprowadzone kursy,&nbsp;&nbsp;<\/li>\n\n\n\n<li>wykwalifikowana i do\u015bwiadczona kadra,&nbsp;<\/li>\n\n\n\n<li>indywidualne podej\u015bcie do ka\u017cdego kursanta.&nbsp;&nbsp;<\/li>\n<\/ul>\n\n\n\n<h2 class=\"wp-block-heading\">Warunki uczestnictwa w kursie&nbsp;<\/h2>\n\n\n\n<p>Aby wzi\u0105\u0107 udzia\u0142 w szkoleniu, ka\u017cdy uczestnik musi mie\u0107 uko\u0144czone 18 lat i posiada\u0107 minimum wykszta\u0142cenie podstawowe. Dodatkowo powinien on posiada\u0107 za\u015bwiadczenie lekarskie o dobrym stanie zdrowia.&nbsp;&nbsp;<\/p>\n\n\n\n<h2 class=\"wp-block-heading\">Czym s\u0105 przeci\u0105garki torowe?&nbsp;&nbsp;<\/h2>\n\n\n\n<p>Przeci\u0105garki torowe wagon\u00f3w umo\u017cliwiaj\u0105 przemieszczanie wagon\u00f3w kolejowych bez pomocy lokomotywy. Cz\u0119sto przeci\u0105garki torowe wsp\u00f3\u0142pracuj\u0105 z systemami prze\u0142adunkowymi, wagami kolejowymi czy wywrotnicami wagonowymi. W zale\u017cno\u015bci od potrzeb, przeci\u0105garki mog\u0105 s\u0142u\u017cy\u0107 mi\u0119dzy innymi do podawania i odbierania wagon\u00f3w znajduj\u0105cych si\u0119 na wywrotnicy wagonowej. Instalowane s\u0105 one na osi toru lub pomi\u0119dzy torami w taki spos\u00f3b, aby umo\u017cliwia\u0107 obs\u0142ug\u0119 dw\u00f3ch tor\u00f3w. &nbsp;<\/p>\n\n\n\n<p>Przeci\u0105garki wagonowe mog\u0105 by\u0107 wykorzystywane wzd\u0142u\u017c ca\u0142ego torowiska znajduj\u0105cego si\u0119 przy magazynie, dzi\u0119ki czemu wagony te nie zak\u0142\u00f3caj\u0105 ruchu innych pojazd\u00f3w.<\/p>\n\n\n\n<h2 class=\"wp-block-heading\">Miejsce szkolenia&nbsp;&nbsp;<\/h2>\n\n\n<div class=\"wp-block-image\">\n<figure class=\"alignright size-large is-resized\"><a href=\"https:\/\/kursy-udt.pl\/wp-content\/uploads\/2023\/03\/s2-31.jpg\"><img loading=\"lazy\" decoding=\"async\" src=\"https:\/\/kursy-udt.pl\/wp-content\/uploads\/2023\/03\/s2-31-1024x576.jpg\" alt=\"operator w kasku podczas pracy\" class=\"wp-image-5060\" width=\"512\" height=\"288\" srcset=\"https:\/\/kursy-udt.pl\/wp-content\/uploads\/2023\/03\/s2-31-1024x576.jpg 1024w, https:\/\/kursy-udt.pl\/wp-content\/uploads\/2023\/03\/s2-31-300x169.jpg 300w, https:\/\/kursy-udt.pl\/wp-content\/uploads\/2023\/03\/s2-31-768x432.jpg 768w, https:\/\/kursy-udt.pl\/wp-content\/uploads\/2023\/03\/s2-31-1536x864.jpg 1536w, https:\/\/kursy-udt.pl\/wp-content\/uploads\/2023\/03\/s2-31-18x10.jpg 18w, https:\/\/kursy-udt.pl\/wp-content\/uploads\/2023\/03\/s2-31-624x351.jpg 624w, https:\/\/kursy-udt.pl\/wp-content\/uploads\/2023\/03\/s2-31.jpg 1600w\" sizes=\"auto, (max-width: 512px) 100vw, 512px\" \/><\/a><\/figure>\n<\/div>\n\n\n<p>Szkolenia dla grup zorganizowanych odbywaj\u0105 si\u0119 na terenie ca\u0142ego kraju w naszych o\u015brodkach lub w miejscu wyznaczonym przez firm\u0119 zlecaj\u0105c\u0105 kurs. &nbsp;<\/p>\n\n\n\n<p>Osoby indywidualne, zainteresowane szkoleniem, zapraszamy na szkolenia w siedzibie naszej plac\u00f3wki.&nbsp;<\/p>\n\n\n\n<p><strong>Przeprowadzali\u015bmy szkolenie w takich miastach jak:&nbsp;<\/strong><\/p>\n\n\n\n<ul class=\"wp-block-list\">\n<li>Krak\u00f3w,&nbsp;<\/li>\n\n\n\n<li>Warszawa,&nbsp;<\/li>\n\n\n\n<li>Wroc\u0142aw,&nbsp;<\/li>\n\n\n\n<li>Lublin,&nbsp;<\/li>\n\n\n\n<li>\u0141\u00f3d\u017a,&nbsp;<\/li>\n\n\n\n<li>Pozna\u0144,&nbsp;&nbsp;<\/li>\n\n\n\n<li>Bydgoszcz,&nbsp;<\/li>\n\n\n\n<li>Katowice,&nbsp;<\/li>\n\n\n\n<li>Szczecin,&nbsp;<\/li>\n\n\n\n<li>Gda\u0144sk.&nbsp;<\/li>\n<\/ul>\n\n\n\n<h2 class=\"wp-block-heading\">Koszt odbycia szkolenia<\/h2>\n\n\n\n<p>Ceny szkole\u0144 ustalamy indywidualnie, uzale\u017cniona jest od kilku czynnik\u00f3w, takich jak:&nbsp;<\/p>\n\n\n\n<ul class=\"wp-block-list\">\n<li>wybrana kategoria uprawnie\u0144,&nbsp;<\/li>\n\n\n\n<li>spos\u00f3b organizacji szkolenia (nasz sprz\u0119t w naszej siedzibie lub w miejscu wskazanym przez zleceniodawc\u0119),&nbsp;<\/li>\n\n\n\n<li>ilo\u015b\u0107 os\u00f3b bior\u0105cych udzia\u0142 w kursie.&nbsp;&nbsp;<\/li>\n<\/ul>\n\n\n\n<h2 class=\"wp-block-heading\">Pytania i odpowiedzi<\/h2>\n\n\n\t\t<details\t\thelp class=\"sc_fs_faq sc_card    \"\n\t\topen\t\t>\n\t\t\t\t\t<summary>\n\t\t\t\t<h3>Czy uprawnienie na przeci\u0105garki do przeci\u0105gania wagon\u00f3w jest bezterminowe?<\/h3>\t\t\t\t\t<\/summary>\n\t\t\t\t<div>\n\t\t\t\t\t\t<div class=\"sc_fs_faq__content\">\n\t\t\t\t\n\n<p>Za\u015bwiadczenie kwalifikowane wa\u017cne jest przez 10 lat. Oczywi\u015bcie mo\u017cna je przed\u0142u\u017cy\u0107. &nbsp;<\/p>\n\n\t\t\t<\/div>\n\t\t<\/div>\n\t\t<\/details>\n\t\t\t\t<details\t\thelp class=\"sc_fs_faq sc_card    \"\n\t\t\t\t>\n\t\t\t\t\t<summary>\n\t\t\t\t<h3>Gdzie odbywaj\u0105 si\u0119 szkolenia? <\/h3>\t\t\t\t\t<\/summary>\n\t\t\t\t<div>\n\t\t\t\t\t\t<div class=\"sc_fs_faq__content\">\n\t\t\t\t\n\n<p>Szkolenia odbywaj\u0105 si\u0119 na terenie ca\u0142ego kraju, mog\u0105 zosta\u0107 przeprowadzone w jednym z naszych o\u015brodk\u00f3w szkoleniowych lub w siedzibie klienta.&nbsp;<\/p>\n\n\t\t\t<\/div>\n\t\t<\/div>\n\t\t<\/details>\n\t\t\n<script type=\"application\/ld+json\">\n\t{\n\t\t\"@context\": \"https:\/\/schema.org\",\n\t\t\"@type\": \"FAQPage\",\n\t\t\"mainEntity\": [\n\t\t\t\t\t{\n\t\t\t\t\"@type\": \"Question\",\n\t\t\t\t\"name\": \"Czy uprawnienie na przeci\u0105garki do przeci\u0105gania wagon\u00f3w jest bezterminowe?\",\n\t\t\t\t\"acceptedAnswer\": {\n\t\t\t\t\t\"@type\": \"Answer\",\n\t\t\t\t\t\"text\": \"<p>Za\u015bwiadczenie kwalifikowane wa\u017cne jest przez 10 lat. Oczywi\u015bcie mo\u017cna je przed\u0142u\u017cy\u0107. &nbsp;<\/p>\"\n\t\t\t\t\t\t\t\t\t}\n\t\t\t}\n\t\t\t,\t\t\t\t{\n\t\t\t\t\"@type\": \"Question\",\n\t\t\t\t\"name\": \"Gdzie odbywaj\u0105 si\u0119 szkolenia? \",\n\t\t\t\t\"acceptedAnswer\": {\n\t\t\t\t\t\"@type\": \"Answer\",\n\t\t\t\t\t\"text\": \"<p>Szkolenia odbywaj\u0105 si\u0119 na terenie ca\u0142ego kraju, mog\u0105 zosta\u0107 przeprowadzone w jednym z naszych o\u015brodk\u00f3w szkoleniowych lub w siedzibie klienta.&nbsp;<\/p>\"\n\t\t\t\t\t\t\t\t\t}\n\t\t\t}\n\t\t\t\t\t\t]\n\t}\n<\/script>\n","protected":false},"excerpt":{"rendered":"<p>Szkolenie zawodowe na przeci\u0105garki do przemieszczenia wagon\u00f3w po torach&nbsp; Serdecznie zapraszamy do zapoznania si\u0119 z nasza ofert\u0105 kursu obs\u0142ugi i konserwacji przeci\u0105garek do przemieszczania wagon\u00f3w po torach. Nasza firma dzia\u0142a na rynku szkoleniowym ju\u017c wiele lat i mo\u017cemy pochwali\u0107 si\u0119 du\u017c\u0105 zdawalno\u015bci\u0105 egzamin\u00f3w w naszym o\u015brodku.&nbsp; Przebieg kursu&nbsp;&nbsp; Nasz kurs obs\u0142ugi i konserwacji przeci\u0105garek do przemieszczania wagon\u00f3w po torach podzielony jest na dwie cz\u0119\u015bci: teoretyczn\u0105 (wyk\u0142ady) oraz praktyczn\u0105 (warsztaty). Po zako\u0144czonym szkoleniu nale\u017cy przyst\u0105pi\u0107 do egzaminu. Uprawnienia wydawane s\u0105 przez Transportowy Doz\u00f3r Techniczny. &nbsp; Podczas zaj\u0119\u0107 na kursie, poruszane b\u0119d\u0105 nast\u0119puj\u0105ce zagadnienia:&nbsp; Po zako\u0144czonych zaj\u0119ciach teoretycznych, uczestnik szkolenia wykonuje zadania, pod okiem naszych instruktor\u00f3w.&nbsp; Za\u015bwiadczenie kwalifikacyjne&nbsp; Zaj\u0119cia prowadzone s\u0105 przez wykwalifikowan\u0105 i do\u015bwiadczon\u0105 kadr\u0119 dydaktyczn\u0105. Po zdaniu egzaminu ka\u017cdemu uczestnikowi wydawane zostaje uprawnienie na przeci\u0105garki wagon\u00f3w po torach kolejowych w formie za\u015bwiadczenia kwalifikacyjnego TDT. Za\u015bwiadczanie to jest wa\u017cne na terenie ca\u0142ej Polski i honorowane przez pracodawc\u00f3w Unii Europejskiej. Okres wa\u017cno\u015bci uprawnie\u0144 do obs\u0142ugi przeci\u0105garek wynosi 10 lat, za to uprawnienia na konserwacj\u0119 5 lat. Wszyscy nasi kursanci otrzymuj\u0105 materia\u0142y szkoleniowe zawieraj\u0105ce zbi\u00f3r kontrolnych pyta\u0144 egzaminacyjnych TDT, kt\u00f3re mog\u0105 pojawi\u0107 si\u0119 na egzaminie.&nbsp; Wyd\u0142u\u017cenie terminu za\u015bwiadczenia&nbsp; Pami\u0119taj, \u017ce aby przed\u0142u\u017cy\u0107 wa\u017cno\u015b\u0107 za\u015bwiadczenia kwalifikacyjnego nale\u017cy nie p\u00f3\u017aniej ni\u017c 3 miesi\u0105ce przed up\u0142ywem terminu wa\u017cno\u015bci z\u0142o\u017cy\u0107 wniosek o przed\u0142u\u017cenie wa\u017cno\u015bci uprawnienia. We wniosku tym nale\u017cy wykaza\u0107, \u017ce w ostatnich 5 latach, przez przynajmniej 3 lata wykonywa\u0142o si\u0119 czynno\u015bci operatora czy konserwatora przeci\u0105garek do przemieszczania wagon\u00f3w po torach. Wniosek ten nale\u017cy z\u0142o\u017cy\u0107 w formie papierowej b\u0105d\u017a te\u017c elektronicznej w jednostce TDT, kt\u00f3ra wyda\u0142a za\u015bwiadczenie kwalifikacyjne.&nbsp; Dlaczego my?&nbsp; Prowadzimy te\u017c [&hellip;]<\/p>\n","protected":false},"author":6,"featured_media":5058,"parent":2721,"menu_order":0,"comment_status":"closed","ping_status":"closed","template":"","meta":{"sfsi_plus_gutenberg_text_before_share":"","sfsi_plus_gutenberg_show_text_before_share":"","sfsi_plus_gutenberg_icon_type":"","sfsi_plus_gutenberg_icon_alignemt":"","sfsi_plus_gutenburg_max_per_row":"","footnotes":""},"class_list":["post-5055","page","type-page","status-publish","has-post-thumbnail","hentry","has_thumb"],"aioseo_notices":[],"_links":{"self":[{"href":"https:\/\/kursy-udt.pl\/ua\/wp-json\/wp\/v2\/pages\/5055","targetHints":{"allow":["GET"]}}],"collection":[{"href":"https:\/\/kursy-udt.pl\/ua\/wp-json\/wp\/v2\/pages"}],"about":[{"href":"https:\/\/kursy-udt.pl\/ua\/wp-json\/wp\/v2\/types\/page"}],"author":[{"embeddable":true,"href":"https:\/\/kursy-udt.pl\/ua\/wp-json\/wp\/v2\/users\/6"}],"replies":[{"embeddable":true,"href":"https:\/\/kursy-udt.pl\/ua\/wp-json\/wp\/v2\/comments?post=5055"}],"version-history":[{"count":4,"href":"https:\/\/kursy-udt.pl\/ua\/wp-json\/wp\/v2\/pages\/5055\/revisions"}],"predecessor-version":[{"id":5544,"href":"https:\/\/kursy-udt.pl\/ua\/wp-json\/wp\/v2\/pages\/5055\/revisions\/5544"}],"up":[{"embeddable":true,"href":"https:\/\/kursy-udt.pl\/ua\/wp-json\/wp\/v2\/pages\/2721"}],"wp:featuredmedia":[{"embeddable":true,"href":"https:\/\/kursy-udt.pl\/ua\/wp-json\/wp\/v2\/media\/5058"}],"wp:attachment":[{"href":"https:\/\/kursy-udt.pl\/ua\/wp-json\/wp\/v2\/media?parent=5055"}],"curies":[{"name":"wp","href":"https:\/\/api.w.org\/{rel}","templated":true}]}}