{"id":5017,"date":"2023-03-20T14:59:56","date_gmt":"2023-03-20T13:59:56","guid":{"rendered":"https:\/\/kursy-udt.pl\/?page_id=5017"},"modified":"2023-03-20T22:06:50","modified_gmt":"2023-03-20T21:06:50","slug":"%d0%bc%d0%b0%d1%88%d0%b8%d0%bd%d1%96%d1%81%d1%82-%d0%bf%d0%b0%d0%bb%d1%83%d0%b1%d0%bd%d0%be%d0%b3%d0%be-%d0%ba%d1%80%d0%b0%d0%bd%d0%b0","status":"publish","type":"page","link":"https:\/\/kursy-udt.pl\/ua\/szkolenia\/udt-wdt-tdt\/operator-zurawi-pokladowych\/","title":{"rendered":"\u041a\u0443\u0440\u0441 UDT \u0434\u043b\u044f \u043f\u0430\u043b\u0443\u0431\u043d\u0438\u0445 \u043a\u0440\u0430\u043d\u0456\u0432"},"content":{"rendered":"\n<h2 class=\"wp-block-heading\">Operator \u017curawi pok\u0142adowych \u2013 szkolenie zawodowe&nbsp;<\/h2>\n\n\n\n<p>Oferujemy kursy na uprawnienia dla operatora \u017curawi pok\u0142adowych. Jeste\u015bmy firm\u0105 dzia\u0142aj\u0105c\u0105 na rynku od wielu lat. Przez ten czas nasza wykwalifikowana kadra, przeszkoli\u0142a wielu specjalist\u00f3w w dziedzinie konserwacji i eksploatacji \u017curawi pok\u0142adowych, a tak\u017ce innych maszyn transportu bliskiego.&nbsp;<\/p>\n\n\n<div class=\"wp-block-image\">\n<figure class=\"alignleft size-large is-resized\"><a href=\"https:\/\/kursy-udt.pl\/wp-content\/uploads\/2023\/03\/screen_2x-51.jpg\"><img loading=\"lazy\" decoding=\"async\" src=\"https:\/\/kursy-udt.pl\/wp-content\/uploads\/2023\/03\/screen_2x-51-1024x683.jpg\" alt=\"\u017curaw pok\u0142adowy na statku towarowym\" class=\"wp-image-5028\" width=\"512\" height=\"342\" srcset=\"https:\/\/kursy-udt.pl\/wp-content\/uploads\/2023\/03\/screen_2x-51-1024x683.jpg 1024w, https:\/\/kursy-udt.pl\/wp-content\/uploads\/2023\/03\/screen_2x-51-300x200.jpg 300w, https:\/\/kursy-udt.pl\/wp-content\/uploads\/2023\/03\/screen_2x-51-768x512.jpg 768w, https:\/\/kursy-udt.pl\/wp-content\/uploads\/2023\/03\/screen_2x-51-1536x1024.jpg 1536w, https:\/\/kursy-udt.pl\/wp-content\/uploads\/2023\/03\/screen_2x-51-18x12.jpg 18w, https:\/\/kursy-udt.pl\/wp-content\/uploads\/2023\/03\/screen_2x-51-624x416.jpg 624w, https:\/\/kursy-udt.pl\/wp-content\/uploads\/2023\/03\/screen_2x-51.jpg 1600w\" sizes=\"auto, (max-width: 512px) 100vw, 512px\" \/><\/a><\/figure>\n<\/div>\n\n\n<h2 class=\"wp-block-heading\">O kursie&nbsp;&nbsp;<\/h2>\n\n\n\n<p>Kurs sk\u0142ada si\u0119 z dw\u00f3ch cz\u0119\u015bci: teoretycznej i praktycznej. Wyk\u0142ady, tak jak i zaj\u0119cia praktyczne prowadzone s\u0105 przez nasz\u0105 wykwalifikowan\u0105 i do\u015bwiadczon\u0105 kadr\u0119 szkoleniow\u0105. Zaj\u0119cia teoretyczne prowadzone s\u0105 w naszym centrum szkoleniowym lub w siedzibie klienta. Istnieje te\u017c mo\u017cliwo\u015b\u0107 uczestnictwa w wyk\u0142adach online za po\u015brednictwem platformy e-lerning. Zaj\u0119cie praktyczna odbywaj\u0105 si\u0119 pod okiem do\u015bwiadczonych operator\u00f3w oraz konserwator\u00f3w \u017curawi pok\u0142adowych. Podczas zaj\u0119\u0107 b\u0119d\u0105 si\u0119 oni starali przekaza\u0107 Pa\u0144stwu jak najwi\u0119cej wiadomo\u015bci w taki spos\u00f3b, aby jak najlepiej przygotowa\u0107 Pa\u0144stwa nie tylko do egzaminu, ale tak\u017ce do pracy jako konserwator lub operator \u017curawi pok\u0142adowych. Ta cz\u0119\u015b\u0107 zaj\u0119\u0107 odbywa si\u0119 na placu manewrowym na urz\u0105dzeniach.&nbsp;<\/p>\n\n\n\n<h2 class=\"wp-block-heading\">Program kursu<\/h2>\n\n\n\n<ul class=\"wp-block-list\">\n<li>parametry techniczne \u017curawi,&nbsp;&nbsp;<\/li>\n\n\n\n<li>budow\u0119 \u017curawi,&nbsp;<\/li>\n\n\n\n<li>og\u00f3lne informacje o statkach i d\u017awigach (rodzaje, charakterystyka techniczna i zastosowanie urz\u0105dze\u0144 d\u017awigowych),&nbsp;<\/li>\n\n\n\n<li>zasady BHP,&nbsp;<\/li>\n\n\n\n<li>nauk\u0119 o eksploatacji \u017curawi,&nbsp;<\/li>\n\n\n\n<li>osprz\u0119t pomocniczy,&nbsp;<\/li>\n\n\n\n<li>zagadnienia zwi\u0105zane z udzielaniem pomocy przedmedycznej i przeciwpo\u017carowej.&nbsp;<\/li>\n<\/ul>\n\n\n\n<h2 class=\"wp-block-heading\">Uprawnienia&nbsp;<\/h2>\n\n\n\n<p>Po pozytywnym zdaniu egzaminu ko\u0144cowego ka\u017cdy uczestnik kursu otrzyma za\u015bwiadczenie uprawniaj\u0105ce do wykonywania zawodu operatora \u017curawi pok\u0142adowych, wydawane przez Urz\u0105d Dozoru Technicznego.&nbsp;<\/p>\n\n\n\n<h2 class=\"wp-block-heading\">Dlaczego my?&nbsp;<\/h2>\n\n\n<div class=\"wp-block-image\">\n<figure class=\"alignright size-large is-resized\"><a href=\"https:\/\/kursy-udt.pl\/wp-content\/uploads\/2023\/03\/screen_2x-50.jpg\"><img loading=\"lazy\" decoding=\"async\" src=\"https:\/\/kursy-udt.pl\/wp-content\/uploads\/2023\/03\/screen_2x-50-1024x683.jpg\" alt=\"\u017curaw pok\u0142adowy podczas \u0142adunku\" class=\"wp-image-5022\" width=\"512\" height=\"342\" srcset=\"https:\/\/kursy-udt.pl\/wp-content\/uploads\/2023\/03\/screen_2x-50-1024x683.jpg 1024w, https:\/\/kursy-udt.pl\/wp-content\/uploads\/2023\/03\/screen_2x-50-300x200.jpg 300w, https:\/\/kursy-udt.pl\/wp-content\/uploads\/2023\/03\/screen_2x-50-768x512.jpg 768w, https:\/\/kursy-udt.pl\/wp-content\/uploads\/2023\/03\/screen_2x-50-1536x1024.jpg 1536w, https:\/\/kursy-udt.pl\/wp-content\/uploads\/2023\/03\/screen_2x-50-18x12.jpg 18w, https:\/\/kursy-udt.pl\/wp-content\/uploads\/2023\/03\/screen_2x-50-624x416.jpg 624w, https:\/\/kursy-udt.pl\/wp-content\/uploads\/2023\/03\/screen_2x-50.jpg 1600w\" sizes=\"auto, (max-width: 512px) 100vw, 512px\" \/><\/a><\/figure>\n<\/div>\n\n\n<ul class=\"wp-block-list\">\n<li>wieloletnie do\u015bwiadczenie,&nbsp;<\/li>\n\n\n\n<li>wykwalifikowana kadra szkoleniowa,&nbsp;&nbsp;<\/li>\n\n\n\n<li>konkurencyjne ceny,&nbsp;&nbsp;<\/li>\n\n\n\n<li>rabaty dla firm i mo\u017cliwo\u015b\u0107 sta\u0142ej wsp\u00f3\u0142pracy.&nbsp;&nbsp;<\/li>\n<\/ul>\n\n\n\n<h2 class=\"wp-block-heading\">Wymagania&nbsp;<\/h2>\n\n\n\n<p>Aby przyst\u0105pi\u0107 do udzia\u0142u w kursie nale\u017cy spe\u0142nia\u0107 podstawowe wymagania:&nbsp;&nbsp;<\/p>\n\n\n\n<ul class=\"wp-block-list\">\n<li>mie\u0107 uko\u0144czone 18 lat,&nbsp;&nbsp;<\/li>\n\n\n\n<li>posiada\u0107 wykszta\u0142cenie min. podstawowe,&nbsp;&nbsp;<\/li>\n\n\n\n<li>posiada\u0107 za\u015bwiadczenie lekarskie o dobrym stanie zdrowia.&nbsp;&nbsp;<\/li>\n<\/ul>\n\n\n\n<h2 class=\"wp-block-heading\">Cennik&nbsp;&nbsp;<\/h2>\n\n\n\n<p>Cennik ustalany jest indywidualne, gdy\u017c cena kursu uzale\u017cniona jest od ilo\u015bci os\u00f3b bior\u0105cych udzia\u0142 w zaj\u0119ciach.&nbsp;&nbsp;<\/p>\n\n\n\n<h2 class=\"wp-block-heading\">Obowi\u0105zki operatora&nbsp;<\/h2>\n\n\n\n<ol class=\"wp-block-list\" start=\"1\">\n<li><strong>Sprawdzenie stanu technicznego d\u017awigu<\/strong>: przed rozpocz\u0119ciem pracy operator musi dok\u0142adnie sprawdzi\u0107 stan techniczny d\u017awigu, tak aby mie\u0107 pewno\u015b\u0107, \u017ce dzia\u0142a on bezpiecznie i bez awarii.&nbsp;<\/li>\n<\/ol>\n\n\n\n<ol class=\"wp-block-list\" start=\"2\">\n<li><strong>Przygotowanie miejsca pracy<\/strong>: operator musi zapewni\u0107 odpowiednie warunki do pracy d\u017awigiem, w tym w\u0142a\u015bciwie przygotowa\u0107 teren, wyznaczy\u0107 strefy bezpiecze\u0144stwa oraz zabezpieczy\u0107 obszar przed niepowo\u0142anymi osobami.&nbsp;<\/li>\n<\/ol>\n\n\n\n<ol class=\"wp-block-list\" start=\"3\">\n<li><strong>Utrzymanie sta\u0142ego kontaktu wzrokowego<\/strong>: operator musi utrzymywa\u0107 sta\u0142y kontakt wzrokowy z \u0142adunkiem i otoczeniem, aby unikn\u0105\u0107 kolizji i innych niebezpiecznych sytuacji.&nbsp;<\/li>\n<\/ol>\n\n\n\n<ol class=\"wp-block-list\" start=\"4\">\n<li><strong>Kontrolowanie ruchu d\u017awigu<\/strong>: operator musi kontrolowa\u0107 ruch d\u017awigu, zapewniaj\u0105c bezpieczne i precyzyjne manewrowanie zgodnie z zasadami ergonomii.&nbsp;<\/li>\n<\/ol>\n\n\n\n<ol class=\"wp-block-list\" start=\"5\">\n<li><strong>Praca zgodnie z procedurami bezpiecze\u0144stwa<\/strong>: operator musi dzia\u0142a\u0107 zgodnie z procedurami bezpiecze\u0144stwa i instrukcjami producenta d\u017awigu, tak aby minimalizowa\u0107 ryzyko wypadk\u00f3w.&nbsp;<\/li>\n<\/ol>\n\n\n<div class=\"wp-block-image\">\n<figure class=\"alignleft size-large is-resized\"><a href=\"https:\/\/kursy-udt.pl\/wp-content\/uploads\/2023\/03\/screen_2x-49-1.jpg\"><img loading=\"lazy\" decoding=\"async\" src=\"https:\/\/kursy-udt.pl\/wp-content\/uploads\/2023\/03\/screen_2x-49-1-1024x683.jpg\" alt=\"\u017curaw pok\u0142adowy podnosz\u0105cy \u0142adunek\" class=\"wp-image-5023\" width=\"512\" height=\"342\" srcset=\"https:\/\/kursy-udt.pl\/wp-content\/uploads\/2023\/03\/screen_2x-49-1-1024x683.jpg 1024w, https:\/\/kursy-udt.pl\/wp-content\/uploads\/2023\/03\/screen_2x-49-1-300x200.jpg 300w, https:\/\/kursy-udt.pl\/wp-content\/uploads\/2023\/03\/screen_2x-49-1-768x512.jpg 768w, https:\/\/kursy-udt.pl\/wp-content\/uploads\/2023\/03\/screen_2x-49-1-1536x1024.jpg 1536w, https:\/\/kursy-udt.pl\/wp-content\/uploads\/2023\/03\/screen_2x-49-1-18x12.jpg 18w, https:\/\/kursy-udt.pl\/wp-content\/uploads\/2023\/03\/screen_2x-49-1-624x416.jpg 624w, https:\/\/kursy-udt.pl\/wp-content\/uploads\/2023\/03\/screen_2x-49-1.jpg 1600w\" sizes=\"auto, (max-width: 512px) 100vw, 512px\" \/><\/a><\/figure>\n<\/div>\n\n\n<ol class=\"wp-block-list\" start=\"6\">\n<li><strong>Raportowanie usterek<\/strong>: w przypadku stwierdzenia usterek lub nieprawid\u0142owo\u015bci, operator musi niezw\u0142ocznie zg\u0142osi\u0107 je odpowiedniej osobie, aby unikn\u0105\u0107 ryzyka wypadku.&nbsp;<\/li>\n<\/ol>\n\n\n\n<h2 class=\"wp-block-heading\">Do czego s\u0142u\u017c\u0105 \u017curawie pok\u0142adowe?&nbsp;<\/h2>\n\n\n\n<p>\u017burawie pok\u0142adowe to urz\u0105dzenia u\u017cywane w transporcie morskim, offshore, a tak\u017ce portowym. S\u0142u\u017c\u0105 do za\u0142adunku i roz\u0142adunku statk\u00f3w, a tak\u017ce do przemieszczania materia\u0142\u00f3w. Aby pracowa\u0107 na stanowisku konserwatora \u017curawi pok\u0142adowych, niezb\u0119dne jest uzyskanie odpowiednich uprawnie\u0144. Aby je zdoby\u0107, wystarczy zapisa\u0107 si\u0119 na nasz kurs.&nbsp;<\/p>\n\n\n\n<p><strong>Zapraszamy do udzia\u0142u w naszych kursach.&nbsp;<\/strong>&nbsp;<\/p>\n\n\n\n<p><strong>Wszelkie informacje prosimy kierowa\u0107 na nasz adres mailowy. Oczywi\u015bcie jeste\u015bmy te\u017c do Pa\u0144stwa dyspozycji pod numerem kontaktowym.<\/strong><\/p>\n\n\n\n<h2 class=\"wp-block-heading\">Pytania i odpowiedzi<\/h2>\n\n\n\t\t<details\t\thelp class=\"sc_fs_faq sc_card    \"\n\t\topen\t\t>\n\t\t\t\t\t<summary>\n\t\t\t\t<h3>Do czego s\u0142u\u017c\u0105 \u017curawie pok\u0142adowe?<\/h3>\t\t\t\t\t<\/summary>\n\t\t\t\t<div>\n\t\t\t\t\t\t<div class=\"sc_fs_faq__content\">\n\t\t\t\t\n\n<p>\u017burawie pok\u0142adowe s\u0142u\u017c\u0105 do za\u0142adunku oraz do roz\u0142adunku statk\u00f3w.&nbsp;<\/p>\n\n\t\t\t<\/div>\n\t\t<\/div>\n\t\t<\/details>\n\t\t\t\t<details\t\thelp class=\"sc_fs_faq sc_card    \"\n\t\t\t\t>\n\t\t\t\t\t<summary>\n\t\t\t\t<h3>Czy aby wzi\u0105\u0107 udzia\u0142 w szkoleniu musze mie\u0107 uko\u0144czone 18 lat?<\/h3>\t\t\t\t\t<\/summary>\n\t\t\t\t<div>\n\t\t\t\t\t\t<div class=\"sc_fs_faq__content\">\n\t\t\t\t\n\n<p>Tak, ka\u017cda osoba chc\u0105ca wzi\u0105\u0107 udzia\u0142 w kursie musi mie\u0107 minimum 18 lat.&nbsp;<\/p>\n\n\t\t\t<\/div>\n\t\t<\/div>\n\t\t<\/details>\n\t\t\n<script type=\"application\/ld+json\">\n\t{\n\t\t\"@context\": \"https:\/\/schema.org\",\n\t\t\"@type\": \"FAQPage\",\n\t\t\"mainEntity\": [\n\t\t\t\t\t{\n\t\t\t\t\"@type\": \"Question\",\n\t\t\t\t\"name\": \"Do czego s\u0142u\u017c\u0105 \u017curawie pok\u0142adowe?\",\n\t\t\t\t\"acceptedAnswer\": {\n\t\t\t\t\t\"@type\": \"Answer\",\n\t\t\t\t\t\"text\": \"<p>\u017burawie pok\u0142adowe s\u0142u\u017c\u0105 do za\u0142adunku oraz do roz\u0142adunku statk\u00f3w.&nbsp;<\/p>\"\n\t\t\t\t\t\t\t\t\t}\n\t\t\t}\n\t\t\t,\t\t\t\t{\n\t\t\t\t\"@type\": \"Question\",\n\t\t\t\t\"name\": \"Czy aby wzi\u0105\u0107 udzia\u0142 w szkoleniu musze mie\u0107 uko\u0144czone 18 lat?\",\n\t\t\t\t\"acceptedAnswer\": {\n\t\t\t\t\t\"@type\": \"Answer\",\n\t\t\t\t\t\"text\": \"<p>Tak, ka\u017cda osoba chc\u0105ca wzi\u0105\u0107 udzia\u0142 w kursie musi mie\u0107 minimum 18 lat.&nbsp;<\/p>\"\n\t\t\t\t\t\t\t\t\t}\n\t\t\t}\n\t\t\t\t\t\t]\n\t}\n<\/script>\n","protected":false},"excerpt":{"rendered":"<p>Operator \u017curawi pok\u0142adowych \u2013 szkolenie zawodowe&nbsp; Oferujemy kursy na uprawnienia dla operatora \u017curawi pok\u0142adowych. Jeste\u015bmy firm\u0105 dzia\u0142aj\u0105c\u0105 na rynku od wielu lat. Przez ten czas nasza wykwalifikowana kadra, przeszkoli\u0142a wielu specjalist\u00f3w w dziedzinie konserwacji i eksploatacji \u017curawi pok\u0142adowych, a tak\u017ce innych maszyn transportu bliskiego.&nbsp; O kursie&nbsp;&nbsp; Kurs sk\u0142ada si\u0119 z dw\u00f3ch cz\u0119\u015bci: teoretycznej i praktycznej. Wyk\u0142ady, tak jak i zaj\u0119cia praktyczne prowadzone s\u0105 przez nasz\u0105 wykwalifikowan\u0105 i do\u015bwiadczon\u0105 kadr\u0119 szkoleniow\u0105. Zaj\u0119cia teoretyczne prowadzone s\u0105 w naszym centrum szkoleniowym lub w siedzibie klienta. Istnieje te\u017c mo\u017cliwo\u015b\u0107 uczestnictwa w wyk\u0142adach online za po\u015brednictwem platformy e-lerning. Zaj\u0119cie praktyczna odbywaj\u0105 si\u0119 pod okiem do\u015bwiadczonych operator\u00f3w oraz konserwator\u00f3w \u017curawi pok\u0142adowych. Podczas zaj\u0119\u0107 b\u0119d\u0105 si\u0119 oni starali przekaza\u0107 Pa\u0144stwu jak najwi\u0119cej wiadomo\u015bci w taki spos\u00f3b, aby jak najlepiej przygotowa\u0107 Pa\u0144stwa nie tylko do egzaminu, ale tak\u017ce do pracy jako konserwator lub operator \u017curawi pok\u0142adowych. Ta cz\u0119\u015b\u0107 zaj\u0119\u0107 odbywa si\u0119 na placu manewrowym na urz\u0105dzeniach.&nbsp; Program kursu Uprawnienia&nbsp; Po pozytywnym zdaniu egzaminu ko\u0144cowego ka\u017cdy uczestnik kursu otrzyma za\u015bwiadczenie uprawniaj\u0105ce do wykonywania zawodu operatora \u017curawi pok\u0142adowych, wydawane przez Urz\u0105d Dozoru Technicznego.&nbsp; Dlaczego my?&nbsp; Wymagania&nbsp; Aby przyst\u0105pi\u0107 do udzia\u0142u w kursie nale\u017cy spe\u0142nia\u0107 podstawowe wymagania:&nbsp;&nbsp; Cennik&nbsp;&nbsp; Cennik ustalany jest indywidualne, gdy\u017c cena kursu uzale\u017cniona jest od ilo\u015bci os\u00f3b bior\u0105cych udzia\u0142 w zaj\u0119ciach.&nbsp;&nbsp; Obowi\u0105zki operatora&nbsp; Do czego s\u0142u\u017c\u0105 \u017curawie pok\u0142adowe?&nbsp; \u017burawie pok\u0142adowe to urz\u0105dzenia u\u017cywane w transporcie morskim, offshore, a tak\u017ce portowym. S\u0142u\u017c\u0105 do za\u0142adunku i roz\u0142adunku statk\u00f3w, a tak\u017ce do przemieszczania materia\u0142\u00f3w. Aby pracowa\u0107 na stanowisku konserwatora \u017curawi pok\u0142adowych, niezb\u0119dne jest uzyskanie odpowiednich uprawnie\u0144. Aby je zdoby\u0107, wystarczy zapisa\u0107 si\u0119 na nasz kurs.&nbsp; Zapraszamy [&hellip;]<\/p>\n","protected":false},"author":6,"featured_media":5020,"parent":2721,"menu_order":0,"comment_status":"closed","ping_status":"closed","template":"","meta":{"sfsi_plus_gutenberg_text_before_share":"","sfsi_plus_gutenberg_show_text_before_share":"","sfsi_plus_gutenberg_icon_type":"","sfsi_plus_gutenberg_icon_alignemt":"","sfsi_plus_gutenburg_max_per_row":"","footnotes":""},"class_list":["post-5017","page","type-page","status-publish","has-post-thumbnail","hentry","has_thumb"],"aioseo_notices":[],"_links":{"self":[{"href":"https:\/\/kursy-udt.pl\/ua\/wp-json\/wp\/v2\/pages\/5017","targetHints":{"allow":["GET"]}}],"collection":[{"href":"https:\/\/kursy-udt.pl\/ua\/wp-json\/wp\/v2\/pages"}],"about":[{"href":"https:\/\/kursy-udt.pl\/ua\/wp-json\/wp\/v2\/types\/page"}],"author":[{"embeddable":true,"href":"https:\/\/kursy-udt.pl\/ua\/wp-json\/wp\/v2\/users\/6"}],"replies":[{"embeddable":true,"href":"https:\/\/kursy-udt.pl\/ua\/wp-json\/wp\/v2\/comments?post=5017"}],"version-history":[{"count":7,"href":"https:\/\/kursy-udt.pl\/ua\/wp-json\/wp\/v2\/pages\/5017\/revisions"}],"predecessor-version":[{"id":5244,"href":"https:\/\/kursy-udt.pl\/ua\/wp-json\/wp\/v2\/pages\/5017\/revisions\/5244"}],"up":[{"embeddable":true,"href":"https:\/\/kursy-udt.pl\/ua\/wp-json\/wp\/v2\/pages\/2721"}],"wp:featuredmedia":[{"embeddable":true,"href":"https:\/\/kursy-udt.pl\/ua\/wp-json\/wp\/v2\/media\/5020"}],"wp:attachment":[{"href":"https:\/\/kursy-udt.pl\/ua\/wp-json\/wp\/v2\/media?parent=5017"}],"curies":[{"name":"wp","href":"https:\/\/api.w.org\/{rel}","templated":true}]}}