{"id":5010,"date":"2023-03-20T14:57:25","date_gmt":"2023-03-20T13:57:25","guid":{"rendered":"https:\/\/kursy-udt.pl\/?page_id=5010"},"modified":"2023-03-20T22:09:49","modified_gmt":"2023-03-20T21:09:49","slug":"%d0%bc%d0%b0%d1%88%d0%b8%d0%bd%d1%96%d1%81%d1%82-%d0%bc%d0%be%d0%b1%d1%96%d0%bb%d1%8c%d0%bd%d0%be%d0%b3%d0%be-%d0%ba%d1%80%d0%b0%d0%bd%d0%b0","status":"publish","type":"page","link":"https:\/\/kursy-udt.pl\/ua\/szkolenia\/udt-wdt-tdt\/konserwator-zurawi-samojezdnych\/","title":{"rendered":"\u041a\u0443\u0440\u0441 \u043d\u0430 \u043e\u0442\u0440\u0438\u043c\u0430\u043d\u043d\u044f \u043b\u0456\u0446\u0435\u043d\u0437\u0456\u0457 \u043d\u0430 \u043e\u0431\u0441\u043b\u0443\u0433\u043e\u0432\u0443\u0432\u0430\u043d\u043d\u044f \u0430\u0432\u0442\u043e\u043a\u0440\u0430\u043d\u0456\u0432"},"content":{"rendered":"\n<h2 class=\"wp-block-heading\">Konserwator \u017curawi samojednych&nbsp;\u2013 szkolenie&nbsp;<\/h2>\n\n\n\n<p>Zapraszamy do wzi\u0119cia udzia\u0142u w szkoleniu na uprawnienia konserwatora \u017curawi samojezdnych. Kurs przygotuje Pa\u0144stwa do zdobycia <a href=\"https:\/\/kursy-udt.pl\/ua\/uprawnienia-udt\/kategorie-uprawnien-2\/\">uprawnie\u0144 UDT<\/a>. Nasz o\u015brodek szkoleniowy specjalizuje si\u0119 w szkoleniach z obs\u0142ugi i konserwacji wszystkich typ\u00f3w \u017curawi. Program szkoleniowy dostosowany jest do wymaga\u0144 UDT. &nbsp;<\/p>\n\n\n<div class=\"wp-block-image\">\n<figure class=\"alignright size-large is-resized\"><a href=\"https:\/\/kursy-udt.pl\/wp-content\/uploads\/2023\/03\/s2-20.jpg\"><img loading=\"lazy\" decoding=\"async\" src=\"https:\/\/kursy-udt.pl\/wp-content\/uploads\/2023\/03\/s2-20-1024x683.jpg\" alt=\"\u017curaw samochodowy na placu budowy\" class=\"wp-image-5013\" width=\"512\" height=\"342\" srcset=\"https:\/\/kursy-udt.pl\/wp-content\/uploads\/2023\/03\/s2-20-1024x683.jpg 1024w, https:\/\/kursy-udt.pl\/wp-content\/uploads\/2023\/03\/s2-20-300x200.jpg 300w, https:\/\/kursy-udt.pl\/wp-content\/uploads\/2023\/03\/s2-20-768x512.jpg 768w, https:\/\/kursy-udt.pl\/wp-content\/uploads\/2023\/03\/s2-20-1536x1024.jpg 1536w, https:\/\/kursy-udt.pl\/wp-content\/uploads\/2023\/03\/s2-20-18x12.jpg 18w, https:\/\/kursy-udt.pl\/wp-content\/uploads\/2023\/03\/s2-20-624x416.jpg 624w, https:\/\/kursy-udt.pl\/wp-content\/uploads\/2023\/03\/s2-20.jpg 1600w\" sizes=\"auto, (max-width: 512px) 100vw, 512px\" \/><\/a><\/figure>\n<\/div>\n\n\n<h2 class=\"wp-block-heading\">O kursie&nbsp;&nbsp;<\/h2>\n\n\n\n<p>Kurs na operatora i konserwatora \u017curawi samojezdnych podzielony jest na dwie cz\u0119\u015bci:&nbsp;<\/p>\n\n\n\n<ul class=\"wp-block-list\">\n<li><strong>teoretyczn\u0105<\/strong>&nbsp;\u2013 zaj\u0119cia odbywaj\u0105 si\u0119 w sali wyk\u0142adowej w naszej plac\u00f3wce, istnieje te\u017c mo\u017cliwo\u015b\u0107 uczestniczenia w wyk\u0142adach online,&nbsp;&nbsp;<\/li>\n\n\n\n<li><strong>praktyczn\u0105<\/strong>&nbsp;\u2013 zaj\u0119cia odbywaj\u0105 si\u0119 na urz\u0105dzeniach na placu manewrowym, pod okiem wykwalifikowanego szkoleniowca.&nbsp;&nbsp;<\/li>\n<\/ul>\n\n\n\n<p>Istnieje r\u00f3wnie\u017c mo\u017cliwo\u015b\u0107 realizacji kursu w siedzibie oraz na urz\u0105dzeniach klienta.&nbsp;&nbsp;<\/p>\n\n\n\n<p>Na zako\u0144czenie kursu czeka Pa\u0144stwa egzamin przed komisj\u0105 UDT, po uzyskaniu pozytywnego wyniku zostaje wydane za\u015bwiadczenie kwalifikacyjne do obs\u0142ugi\/konserwacji \u017curawi samojezdnych.&nbsp;<\/p>\n\n\n\n<h2 class=\"wp-block-heading\">Uprawnienia&nbsp;<\/h2>\n\n\n\n<p><a href=\"https:\/\/kursy-udt.pl\/ua\/uprawnienia-udt\/\">Uprawnienia UDT<\/a> do konserwacji i obs\u0142ugi \u017curawi samojezdnych maj\u0105 wa\u017cno\u015b\u0107 5 lat. Po up\u0142ywie tego czasu nale\u017cy je odnowi\u0107. Uprawnienia UDT wa\u017cne s\u0105 na terenie ca\u0142ego kraju a tak\u017ce s\u0105 honorowane przez pracodawc\u00f3w UE.&nbsp;<\/p>\n\n\n\n<h2 class=\"wp-block-heading\">Programy szkole\u0144&nbsp;<\/h2>\n\n\n\n<p><strong>Zakres kursu na <\/strong><strong>konserwatora<\/strong><strong> \u017curawi samojezdnych<\/strong> <strong>obejmuje:<\/strong>&nbsp;<\/p>\n\n\n\n<ul class=\"wp-block-list\">\n<li>budow\u0119 \u017curawi,&nbsp;&nbsp;<\/li>\n\n\n\n<li>rodzaje \u017curawi,&nbsp;&nbsp;<\/li>\n\n\n\n<li>zasady BHP,&nbsp;<\/li>\n\n\n\n<li>doz\u00f3r techniczny,&nbsp;<\/li>\n\n\n\n<li>zasady prawid\u0142owej konserwacji i eksploatacji \u017curawi samojezdnych,&nbsp;&nbsp;<\/li>\n\n\n\n<li>sposoby naprawy najcz\u0119stszych usterek,&nbsp;&nbsp;<\/li>\n\n\n\n<li>obowi\u0105zki operatora i konserwatora,&nbsp;&nbsp;<\/li>\n\n\n\n<li>uprawnienia operatora i konserwatora,&nbsp;&nbsp;<\/li>\n\n\n\n<li>zasady pisania planu konserwacji,&nbsp;<\/li>\n\n\n\n<li>praktyczne zaj\u0119cia konserwatora przy \u017curawiach. &nbsp;<\/li>\n<\/ul>\n\n\n\n<h2 class=\"wp-block-heading\">Wymagania przyst\u0105pienia do kursu<\/h2>\n\n\n\n<p>Aby wzi\u0105\u0107 udzia\u0142 w kursie nale\u017cy:&nbsp;<\/p>\n\n\n\n<ul class=\"wp-block-list\">\n<li>posiada\u0107 wykszta\u0142cenie minimum podstawowe,&nbsp;&nbsp;<\/li>\n\n\n\n<li>mie\u0107 uko\u0144czone 18 lat,&nbsp;&nbsp;<\/li>\n\n\n\n<li>posiada\u0107 prawo jazdy kat. B (operator posiadaj\u0105cy prawo jazdy kat. C mo\u017ce porusza\u0107 si\u0119 po drogach publicznych),&nbsp;<\/li>\n\n\n\n<li>dostarczy\u0107 opini\u0119 lekarza o dobrym stanie zdrowia.&nbsp;&nbsp;<\/li>\n<\/ul>\n\n\n<div class=\"wp-block-image\">\n<figure class=\"alignleft size-large is-resized\"><a href=\"https:\/\/kursy-udt.pl\/wp-content\/uploads\/2023\/03\/screen_2x-44.jpg\"><img loading=\"lazy\" decoding=\"async\" src=\"https:\/\/kursy-udt.pl\/wp-content\/uploads\/2023\/03\/screen_2x-44-1024x682.jpg\" alt=\"\u017curawie samojezdne podczas pracy\" class=\"wp-image-5014\" width=\"512\" height=\"341\" srcset=\"https:\/\/kursy-udt.pl\/wp-content\/uploads\/2023\/03\/screen_2x-44-1024x682.jpg 1024w, https:\/\/kursy-udt.pl\/wp-content\/uploads\/2023\/03\/screen_2x-44-300x200.jpg 300w, https:\/\/kursy-udt.pl\/wp-content\/uploads\/2023\/03\/screen_2x-44-768x511.jpg 768w, https:\/\/kursy-udt.pl\/wp-content\/uploads\/2023\/03\/screen_2x-44-1536x1022.jpg 1536w, https:\/\/kursy-udt.pl\/wp-content\/uploads\/2023\/03\/screen_2x-44-18x12.jpg 18w, https:\/\/kursy-udt.pl\/wp-content\/uploads\/2023\/03\/screen_2x-44-624x415.jpg 624w, https:\/\/kursy-udt.pl\/wp-content\/uploads\/2023\/03\/screen_2x-44.jpg 1600w\" sizes=\"auto, (max-width: 512px) 100vw, 512px\" \/><\/a><\/figure>\n<\/div>\n\n\n<h2 class=\"wp-block-heading\">\u017burawie samojezdne \u2013 zastosowanie i specyfika&nbsp;<\/h2>\n\n\n\n<p>\u017burawie samojezdne to d\u017awignice, kt\u00f3re s\u0105 zamieszczone na odpowiednio wzmocnionym podwoziu samochodu ci\u0119\u017carowego lub na specjalnie skonstruowanym podwoziu samojezdnym. Nap\u0119dzone s\u0105 one przez jeden lub dwa silniki. \u017burawie samojezdne z\u0142o\u017cone s\u0105 z wci\u0105garek i wysi\u0119gnika wychylnego, kt\u00f3ry pozwala maszynie podnosi\u0107, opuszcza\u0107 i przemieszcza\u0107 elementy. D\u017awigi samojezdne posiadaj\u0105 dwa tryby pracy: d\u017awigowy i transportowy. \u017burawie samojezdne wykorzystywane s\u0105 najcz\u0119\u015bciej przy pracach prze\u0142adunkowych i transportowych oraz monta\u017cu obiekt\u00f3w przemys\u0142owych.&nbsp;<\/p>\n\n\n\n<h2 class=\"wp-block-heading\">Typy \u017curawi&nbsp;<\/h2>\n\n\n\n<ul class=\"wp-block-list\">\n<li>\u017curawie przewo\u017ane i przeno\u015bne,&nbsp;<\/li>\n\n\n\n<li>\u017curawie szynowe,&nbsp;<\/li>\n\n\n\n<li>\u017curawie stacjonarne,&nbsp;<\/li>\n\n\n\n<li>\u017curawie pok\u0142adowe,&nbsp;<\/li>\n\n\n\n<li>\u017curawie p\u0142ywaj\u0105ce,&nbsp;<\/li>\n\n\n\n<li>\u017curawie kolejowe i na pojazdach kolejowych,&nbsp;<\/li>\n\n\n\n<li><a href=\"https:\/\/kursy-udt.pl\/ua\/szkolenia\/udt-wdt-tdt\/zurawie-wiezowe\/\">\u017curawie wie\u017cowe<\/a> i szybkomontuj\u0105ce.&nbsp;<\/li>\n<\/ul>\n\n\n\n<p>Oferujemy szkolenia na wy\u017cej wymienione typy \u017curawi.&nbsp;<\/p>\n\n\n\n<h2 class=\"wp-block-heading\">Co oferujemy?<\/h2>\n\n\n\n<ul class=\"wp-block-list\">\n<li>pomocnicze materia\u0142y szkoleniowe,&nbsp;&nbsp;<\/li>\n\n\n\n<li>pe\u0142ne szkolenie (cz\u0119\u015b\u0107 teoretyczna i praktyczna),&nbsp;<\/li>\n\n\n\n<li>egzamin UDT (wszystkie formalno\u015bci zwi\u0105zane z egzaminem za\u0142atwiane s\u0105 przez nas).&nbsp;<\/li>\n<\/ul>\n\n\n\n<h2 class=\"wp-block-heading\">Obowi\u0105zki konserwatora<\/h2>\n\n\n<div class=\"wp-block-image\">\n<figure class=\"alignright size-large is-resized\"><a href=\"https:\/\/kursy-udt.pl\/wp-content\/uploads\/2023\/03\/s2-22.jpg\"><img loading=\"lazy\" decoding=\"async\" src=\"https:\/\/kursy-udt.pl\/wp-content\/uploads\/2023\/03\/s2-22-1024x683.jpg\" alt=\"pracownicy na placu budowy\" class=\"wp-image-5015\" width=\"512\" height=\"342\" srcset=\"https:\/\/kursy-udt.pl\/wp-content\/uploads\/2023\/03\/s2-22-1024x683.jpg 1024w, https:\/\/kursy-udt.pl\/wp-content\/uploads\/2023\/03\/s2-22-300x200.jpg 300w, https:\/\/kursy-udt.pl\/wp-content\/uploads\/2023\/03\/s2-22-768x512.jpg 768w, https:\/\/kursy-udt.pl\/wp-content\/uploads\/2023\/03\/s2-22-1536x1024.jpg 1536w, https:\/\/kursy-udt.pl\/wp-content\/uploads\/2023\/03\/s2-22-18x12.jpg 18w, https:\/\/kursy-udt.pl\/wp-content\/uploads\/2023\/03\/s2-22-624x416.jpg 624w, https:\/\/kursy-udt.pl\/wp-content\/uploads\/2023\/03\/s2-22.jpg 1600w\" sizes=\"auto, (max-width: 512px) 100vw, 512px\" \/><\/a><\/figure>\n<\/div>\n\n\n<ol class=\"wp-block-list\">\n<li>Przeprowadzanie regularnych przegl\u0105d\u00f3w technicznych i konserwacji \u017curawi, w tym sprawdzanie i naprawa mechanizm\u00f3w, uk\u0142ad\u00f3w hydraulicznych, elektrycznych, pneumatycznych i innych element\u00f3w.<\/li>\n\n\n\n<li>Wymiana zu\u017cytych cz\u0119\u015bci i eksploatacyjnych, w tym \u0142o\u017cysk, pask\u00f3w, przewod\u00f3w, w\u0119\u017cy i filtr\u00f3w.<\/li>\n\n\n\n<li>Wykonywanie prac zwi\u0105zanych z malowaniem i ochron\u0105 antykorozyjn\u0105 \u017curawi.<\/li>\n\n\n\n<li>Monitorowanie stanu zu\u017cycia \u017curawi i rejestrowanie awarii oraz usterek.<\/li>\n\n\n\n<li>Utrzymywanie sta\u0142ego kontaktu z kierownikami budowy oraz innymi pracownikami, aby zapewni\u0107 efektywn\u0105 i terminow\u0105 realizacj\u0119 prac konserwatorskich.<\/li>\n\n\n\n<li>Planowanie i koordynacja prac zwi\u0105zanych z konserwacj\u0105 \u017curawi, w tym ustalanie termin\u00f3w przegl\u0105d\u00f3w i konserwacji oraz nadzorowanie prac wykonywanych przez innych pracownik\u00f3w.<\/li>\n<\/ol>\n\n\n\n<h2 class=\"wp-block-heading\">Gdzie szkolimy?&nbsp;<\/h2>\n\n\n\n<p>Nasza g\u0142\u00f3wna siedziba znajduje si\u0119 w Warszawie, ale posiadamy o\u015brodki szkoleniowe w wi\u0119kszych miastach na terenie ca\u0142ej Polski. Oferujemy tak\u017ce dojazd do klienta pod wskazany adres i tam przeprowadzenia szkolenia.&nbsp;<\/p>\n\n\n\n<p>Przeprowadzali\u015bmy szkolenia w takich miastach jak:&nbsp;<\/p>\n\n\n\n<ul class=\"wp-block-list\">\n<li>Pozna\u0144,&nbsp;<\/li>\n\n\n\n<li>Bydgoszcz,&nbsp;<\/li>\n\n\n\n<li>Toru\u0144,&nbsp;<\/li>\n\n\n\n<li>\u0141\u00f3d\u017a,&nbsp;<\/li>\n\n\n\n<li>Lublin,&nbsp;<\/li>\n\n\n\n<li>Krak\u00f3w,&nbsp;<\/li>\n\n\n\n<li>Wroc\u0142aw,&nbsp;<\/li>\n\n\n\n<li>Bia\u0142ystok,&nbsp;<\/li>\n\n\n\n<li>Gda\u0144sk,&nbsp;<\/li>\n\n\n\n<li>Szczecin.&nbsp;<\/li>\n<\/ul>\n\n\n\n<h2 class=\"wp-block-heading\">Cena szkolenia&nbsp;<\/h2>\n\n\n\n<p>Ceny w naszym o\u015brodku ustalamy indywidualnie. Zale\u017cy ona od m.in. miejsca szkolenia czy grupy uczestnik\u00f3w. Aby dowiedzie\u0107 si\u0119 wi\u0119cej zapraszamy do kontaktu z naszymi konsultantami.&nbsp;<\/p>\n\n\n\n<p><strong>W naszej ofercie znajdziecie Pa\u0144stwo jeszcze inne szkolenia, mi\u0119dzy innymi na:<\/strong>&nbsp;<\/p>\n\n\n\n<ul class=\"wp-block-list\">\n<li>koleje linowe,&nbsp;&nbsp;<\/li>\n\n\n\n<li>suwnice,&nbsp;<\/li>\n\n\n\n<li>podno\u015bniki,&nbsp;&nbsp;<\/li>\n\n\n\n<li>wyci\u0105gi statk\u00f3w i <a href=\"https:\/\/kursy-udt.pl\/ua\/szkolenia\/udt-wdt-tdt\/wyciagi-towarowe-kurs\/\">wyci\u0105gi towarowe<\/a>,&nbsp;&nbsp;<\/li>\n\n\n\n<li>wci\u0105garki i wci\u0105gniki.&nbsp;&nbsp;<\/li>\n<\/ul>\n\n\n\n<p><strong>Serdecznie zapraszamy do kontaktu.<\/strong>&nbsp;<\/p>\n\n\n\n<h2 class=\"wp-block-heading\">Pytania i odpowiedzi<\/h2>\n\n\n\t\t<details\t\thelp class=\"sc_fs_faq sc_card    \"\n\t\topen\t\t>\n\t\t\t\t\t<summary>\n\t\t\t\t<h3>Czy operatorzy \u017curawi samojezdnych musza mie\u0107 prawo jazdy?<\/h3>\t\t\t\t\t<\/summary>\n\t\t\t\t<div>\n\t\t\t\t\t\t<div class=\"sc_fs_faq__content\">\n\t\t\t\t\n\n<p>Tak, operatorzy \u017curawi samojezdnych powinni posiada\u0107 prawo jazdy kategorii B.&nbsp;<\/p>\n\n\t\t\t<\/div>\n\t\t<\/div>\n\t\t<\/details>\n\t\t\t\t<details\t\thelp class=\"sc_fs_faq sc_card    \"\n\t\t\t\t>\n\t\t\t\t\t<summary>\n\t\t\t\t<h3>Jak wygl\u0105da egzamin UDT na \u017curawia samojezdnego?<\/h3>\t\t\t\t\t<\/summary>\n\t\t\t\t<div>\n\t\t\t\t\t\t<div class=\"sc_fs_faq__content\">\n\t\t\t\t\n\n<p>Egzamin sk\u0142ada si\u0119 z dw\u00f3ch cz\u0119\u015bci teoretycznej i praktycznej. Podczas cz\u0119\u015bci teoretycznej zdaj\u0105cy b\u0119dzie musia\u0142 wykaza\u0107 si\u0119 swoj\u0105 wiedz\u0105 zdobyt\u0105 podczas kursu, a w cz\u0119\u015bci praktycznej b\u0119dzie musia\u0142 pokaza\u0107 swoje umiej\u0119tno\u015bci w prowadzeniu \u017curawia.<\/p>\n\n\t\t\t<\/div>\n\t\t<\/div>\n\t\t<\/details>\n\t\t\n<script type=\"application\/ld+json\">\n\t{\n\t\t\"@context\": \"https:\/\/schema.org\",\n\t\t\"@type\": \"FAQPage\",\n\t\t\"mainEntity\": [\n\t\t\t\t\t{\n\t\t\t\t\"@type\": \"Question\",\n\t\t\t\t\"name\": \"Czy operatorzy \u017curawi samojezdnych musza mie\u0107 prawo jazdy?\",\n\t\t\t\t\"acceptedAnswer\": {\n\t\t\t\t\t\"@type\": \"Answer\",\n\t\t\t\t\t\"text\": \"<p>Tak, operatorzy \u017curawi samojezdnych powinni posiada\u0107 prawo jazdy kategorii B.&nbsp;<\/p>\"\n\t\t\t\t\t\t\t\t\t}\n\t\t\t}\n\t\t\t,\t\t\t\t{\n\t\t\t\t\"@type\": \"Question\",\n\t\t\t\t\"name\": \"Jak wygl\u0105da egzamin UDT na \u017curawia samojezdnego?\",\n\t\t\t\t\"acceptedAnswer\": {\n\t\t\t\t\t\"@type\": \"Answer\",\n\t\t\t\t\t\"text\": \"<p>Egzamin sk\u0142ada si\u0119 z dw\u00f3ch cz\u0119\u015bci teoretycznej i praktycznej. Podczas cz\u0119\u015bci teoretycznej zdaj\u0105cy b\u0119dzie musia\u0142 wykaza\u0107 si\u0119 swoj\u0105 wiedz\u0105 zdobyt\u0105 podczas kursu, a w cz\u0119\u015bci praktycznej b\u0119dzie musia\u0142 pokaza\u0107 swoje umiej\u0119tno\u015bci w prowadzeniu \u017curawia.<\/p>\"\n\t\t\t\t\t\t\t\t\t}\n\t\t\t}\n\t\t\t\t\t\t]\n\t}\n<\/script>\n","protected":false},"excerpt":{"rendered":"<p>Konserwator \u017curawi samojednych&nbsp;\u2013 szkolenie&nbsp; Zapraszamy do wzi\u0119cia udzia\u0142u w szkoleniu na uprawnienia konserwatora \u017curawi samojezdnych. Kurs przygotuje Pa\u0144stwa do zdobycia uprawnie\u0144 UDT. Nasz o\u015brodek szkoleniowy specjalizuje si\u0119 w szkoleniach z obs\u0142ugi i konserwacji wszystkich typ\u00f3w \u017curawi. Program szkoleniowy dostosowany jest do wymaga\u0144 UDT. &nbsp; O kursie&nbsp;&nbsp; Kurs na operatora i konserwatora \u017curawi samojezdnych podzielony jest na dwie cz\u0119\u015bci:&nbsp; Istnieje r\u00f3wnie\u017c mo\u017cliwo\u015b\u0107 realizacji kursu w siedzibie oraz na urz\u0105dzeniach klienta.&nbsp;&nbsp; Na zako\u0144czenie kursu czeka Pa\u0144stwa egzamin przed komisj\u0105 UDT, po uzyskaniu pozytywnego wyniku zostaje wydane za\u015bwiadczenie kwalifikacyjne do obs\u0142ugi\/konserwacji \u017curawi samojezdnych.&nbsp; Uprawnienia&nbsp; Uprawnienia UDT do konserwacji i obs\u0142ugi \u017curawi samojezdnych maj\u0105 wa\u017cno\u015b\u0107 5 lat. Po up\u0142ywie tego czasu nale\u017cy je odnowi\u0107. Uprawnienia UDT wa\u017cne s\u0105 na terenie ca\u0142ego kraju a tak\u017ce s\u0105 honorowane przez pracodawc\u00f3w UE.&nbsp; Programy szkole\u0144&nbsp; Zakres kursu na konserwatora \u017curawi samojezdnych obejmuje:&nbsp; Wymagania przyst\u0105pienia do kursu Aby wzi\u0105\u0107 udzia\u0142 w kursie nale\u017cy:&nbsp; \u017burawie samojezdne \u2013 zastosowanie i specyfika&nbsp; \u017burawie samojezdne to d\u017awignice, kt\u00f3re s\u0105 zamieszczone na odpowiednio wzmocnionym podwoziu samochodu ci\u0119\u017carowego lub na specjalnie skonstruowanym podwoziu samojezdnym. Nap\u0119dzone s\u0105 one przez jeden lub dwa silniki. \u017burawie samojezdne z\u0142o\u017cone s\u0105 z wci\u0105garek i wysi\u0119gnika wychylnego, kt\u00f3ry pozwala maszynie podnosi\u0107, opuszcza\u0107 i przemieszcza\u0107 elementy. D\u017awigi samojezdne posiadaj\u0105 dwa tryby pracy: d\u017awigowy i transportowy. \u017burawie samojezdne wykorzystywane s\u0105 najcz\u0119\u015bciej przy pracach prze\u0142adunkowych i transportowych oraz monta\u017cu obiekt\u00f3w przemys\u0142owych.&nbsp; Typy \u017curawi&nbsp; Oferujemy szkolenia na wy\u017cej wymienione typy \u017curawi.&nbsp; Co oferujemy? Obowi\u0105zki konserwatora Gdzie szkolimy?&nbsp; Nasza g\u0142\u00f3wna siedziba znajduje si\u0119 w Warszawie, ale posiadamy o\u015brodki szkoleniowe w wi\u0119kszych miastach na terenie ca\u0142ej Polski. Oferujemy tak\u017ce dojazd do klienta [&hellip;]<\/p>\n","protected":false},"author":6,"featured_media":5013,"parent":2721,"menu_order":0,"comment_status":"closed","ping_status":"closed","template":"","meta":{"sfsi_plus_gutenberg_text_before_share":"","sfsi_plus_gutenberg_show_text_before_share":"","sfsi_plus_gutenberg_icon_type":"","sfsi_plus_gutenberg_icon_alignemt":"","sfsi_plus_gutenburg_max_per_row":"","footnotes":""},"class_list":["post-5010","page","type-page","status-publish","has-post-thumbnail","hentry","has_thumb"],"aioseo_notices":[],"_links":{"self":[{"href":"https:\/\/kursy-udt.pl\/ua\/wp-json\/wp\/v2\/pages\/5010","targetHints":{"allow":["GET"]}}],"collection":[{"href":"https:\/\/kursy-udt.pl\/ua\/wp-json\/wp\/v2\/pages"}],"about":[{"href":"https:\/\/kursy-udt.pl\/ua\/wp-json\/wp\/v2\/types\/page"}],"author":[{"embeddable":true,"href":"https:\/\/kursy-udt.pl\/ua\/wp-json\/wp\/v2\/users\/6"}],"replies":[{"embeddable":true,"href":"https:\/\/kursy-udt.pl\/ua\/wp-json\/wp\/v2\/comments?post=5010"}],"version-history":[{"count":7,"href":"https:\/\/kursy-udt.pl\/ua\/wp-json\/wp\/v2\/pages\/5010\/revisions"}],"predecessor-version":[{"id":5568,"href":"https:\/\/kursy-udt.pl\/ua\/wp-json\/wp\/v2\/pages\/5010\/revisions\/5568"}],"up":[{"embeddable":true,"href":"https:\/\/kursy-udt.pl\/ua\/wp-json\/wp\/v2\/pages\/2721"}],"wp:featuredmedia":[{"embeddable":true,"href":"https:\/\/kursy-udt.pl\/ua\/wp-json\/wp\/v2\/media\/5013"}],"wp:attachment":[{"href":"https:\/\/kursy-udt.pl\/ua\/wp-json\/wp\/v2\/media?parent=5010"}],"curies":[{"name":"wp","href":"https:\/\/api.w.org\/{rel}","templated":true}]}}