{"id":4984,"date":"2023-03-20T14:44:00","date_gmt":"2023-03-20T13:44:00","guid":{"rendered":"https:\/\/kursy-udt.pl\/?page_id=4984"},"modified":"2023-03-20T22:04:00","modified_gmt":"2023-03-20T21:04:00","slug":"%d1%81%d0%bb%d1%8e%d1%81%d0%b0%d1%80-%d0%b7-%d0%be%d0%b1%d1%81%d0%bb%d1%83%d0%b3%d0%be%d0%b2%d1%83%d0%b2%d0%b0%d0%bd%d0%bd%d1%8f-%d1%81%d1%83%d0%b4%d0%bd%d0%be%d0%b1%d1%83%d0%b4%d1%96%d0%b2%d0%bd","status":"publish","type":"page","link":"https:\/\/kursy-udt.pl\/ua\/szkolenia\/udt-wdt-tdt\/konserwator-zurawi-stoczniowych-i-portowych\/","title":{"rendered":"\u041a\u0443\u0440\u0441 UDT \u0437 \u043e\u0431\u0441\u043b\u0443\u0433\u043e\u0432\u0443\u0432\u0430\u043d\u043d\u044f \u0441\u0443\u0434\u043d\u043e\u0431\u0443\u0434\u0456\u0432\u043d\u0438\u0445 \u0456 \u043f\u043e\u0440\u0442\u043e\u0432\u0438\u0445 \u043a\u0440\u0430\u043d\u0456\u0432"},"content":{"rendered":"\n<h2 class=\"wp-block-heading\">KONSERWACJA \u017bURAWI STOCZNIOWYCH I PORTOWYCH&nbsp;<\/h2>\n\n\n\n<p>W naszych o\u015brodkach zatrudniamy wykwalifikowan\u0105 kadr\u0119 specjalist\u00f3w&nbsp;\u2013 gotow\u0105, by przygotowa\u0107 Ci\u0119 do pa\u0144stwowego egzaminu UDT. Przyszli konserwatorzy mog\u0105 zdecydowa\u0107 si\u0119 na wyb\u00f3r kursu z zakresu \u017curawi stoczniowych i portowych, lub wybra\u0107 inne maszyny z naszej bogatej oferty. O wysokiej skuteczno\u015bci naszych szkole \u015bwiadcz\u0105 setki rocznie zdanych egzamin\u00f3w.&nbsp;<\/p>\n\n\n\n<h2 class=\"wp-block-heading\">PROGRAM SZKOLENIA KONSERWATOR\u00d3W&nbsp;<\/h2>\n\n\n<div class=\"wp-block-image\">\n<figure class=\"alignright size-large is-resized\"><a href=\"https:\/\/kursy-udt.pl\/wp-content\/uploads\/2023\/02\/screen_2x-38.jpg\"><img loading=\"lazy\" decoding=\"async\" src=\"https:\/\/kursy-udt.pl\/wp-content\/uploads\/2023\/02\/screen_2x-38-1024x683.jpg\" alt=\"pracownik podczas pracy na \u017curawiu portowym\" class=\"wp-image-4989\" width=\"512\" height=\"342\" srcset=\"https:\/\/kursy-udt.pl\/wp-content\/uploads\/2023\/02\/screen_2x-38-1024x683.jpg 1024w, https:\/\/kursy-udt.pl\/wp-content\/uploads\/2023\/02\/screen_2x-38-300x200.jpg 300w, https:\/\/kursy-udt.pl\/wp-content\/uploads\/2023\/02\/screen_2x-38-768x512.jpg 768w, https:\/\/kursy-udt.pl\/wp-content\/uploads\/2023\/02\/screen_2x-38-1536x1024.jpg 1536w, https:\/\/kursy-udt.pl\/wp-content\/uploads\/2023\/02\/screen_2x-38-18x12.jpg 18w, https:\/\/kursy-udt.pl\/wp-content\/uploads\/2023\/02\/screen_2x-38-624x416.jpg 624w, https:\/\/kursy-udt.pl\/wp-content\/uploads\/2023\/02\/screen_2x-38.jpg 1600w\" sizes=\"auto, (max-width: 512px) 100vw, 512px\" \/><\/a><\/figure>\n<\/div>\n\n\n<p>W&nbsp;o\u015brodku ERGON realizujemy szkolenia konserwator\u00f3w i operator\u00f3w zgodnie z ustalonymi normami Urz\u0119du Dozoru Technicznego. Zaw\u00f3d konserwatora to bardzo odpowiedzialne zaj\u0119cie, dlatego naszym priorytetem jest zachowanie bezpiecze\u0144stwa i wysokiej efektywno\u015bci pracy.&nbsp; Podzielili\u015bmy zaj\u0119cia na cz\u0119\u015b\u0107 teoretyczn\u0105 i cz\u0119\u015b\u0107 praktyczn\u0105. Zapoznamy Ci\u0119 z:&nbsp;<\/p>\n\n\n\n<ul class=\"wp-block-list\">\n<li>przygotowaniem do dozoru technicznego UDT,&nbsp;<\/li>\n\n\n\n<li>aktualnymi zasadami BHP podczas konserwacji,&nbsp;&nbsp;<\/li>\n\n\n\n<li>budow\u0105 wybranego urz\u0105dzenia,&nbsp;&nbsp;<\/li>\n\n\n\n<li>przeprowadzaniem wymaganych przegl\u0105d\u00f3w i koniecznych napraw,&nbsp;<\/li>\n\n\n\n<li>planem konserwacji maszyny,&nbsp;<\/li>\n\n\n\n<li>poprowadzeniem dokumentacji technicznej \u2013 ksi\u0105\u017cki konserwacji,&nbsp;<\/li>\n\n\n\n<li>zaznajomieniem z obowi\u0105zuj\u0105cymi przepisami prawnymi.&nbsp;<\/li>\n<\/ul>\n\n\n\n<h2 class=\"wp-block-heading\">EGZAMIN KONSERWATORA UDT&nbsp;<\/h2>\n\n\n\n<p>Kursanci ko\u0144cz\u0105cy kurs konserwatora otrzymuj\u0105 za\u015bwiadczenie o jego zaliczeniu. Przyszli konserwatorzy zostaj\u0105 dopuszczeni do pa\u0144stwowego procesu egzaminowania UDT. Sk\u0142ada si\u0119 on z dw\u00f3ch egzamin\u00f3w: teoretycznego i praktycznego. Nadzorowany jest przez komisj\u0119 UDT. Podczas nich egzaminowany wykazuje swoj\u0105 wiedz\u0119 o budowie maszyny, stosowaniu si\u0119 do zasad BHP, znajomo\u015bci obowi\u0105zuj\u0105cych praw, przeprowadzania dokumentacji i ksi\u0105\u017cki konserwacji. Pozytywny wynik z obu cz\u0119\u015bci gwarantuje otrzymanie legitymacji konserwatora \u017curawi. Wa\u017cno\u015b\u0107 uprawnie\u0144 przypada na 5 lat, po czym nale\u017cy je odnowi\u0107, na 3 miesi\u0105ce przed wyga\u015bni\u0119ciem daty wa\u017cno\u015bci w dokumentach.&nbsp;<\/p>\n\n\n<div class=\"wp-block-image\">\n<figure class=\"alignleft size-large is-resized\"><a href=\"https:\/\/kursy-udt.pl\/wp-content\/uploads\/2023\/02\/screen_2x-36.jpg\"><img loading=\"lazy\" decoding=\"async\" src=\"https:\/\/kursy-udt.pl\/wp-content\/uploads\/2023\/02\/screen_2x-36-1024x682.jpg\" alt=\"\u017curaw portowy podczas pracy\" class=\"wp-image-4987\" width=\"512\" height=\"341\" srcset=\"https:\/\/kursy-udt.pl\/wp-content\/uploads\/2023\/02\/screen_2x-36-1024x682.jpg 1024w, https:\/\/kursy-udt.pl\/wp-content\/uploads\/2023\/02\/screen_2x-36-300x200.jpg 300w, https:\/\/kursy-udt.pl\/wp-content\/uploads\/2023\/02\/screen_2x-36-768x511.jpg 768w, https:\/\/kursy-udt.pl\/wp-content\/uploads\/2023\/02\/screen_2x-36-1536x1022.jpg 1536w, https:\/\/kursy-udt.pl\/wp-content\/uploads\/2023\/02\/screen_2x-36-18x12.jpg 18w, https:\/\/kursy-udt.pl\/wp-content\/uploads\/2023\/02\/screen_2x-36-624x415.jpg 624w, https:\/\/kursy-udt.pl\/wp-content\/uploads\/2023\/02\/screen_2x-36.jpg 1600w\" sizes=\"auto, (max-width: 512px) 100vw, 512px\" \/><\/a><\/figure>\n<\/div>\n\n\n<h2 class=\"wp-block-heading\">PRACA KONSERWATORA \u017bURAWI &nbsp;&nbsp;<\/h2>\n\n\n\n<p>Konserwatorzy zajmuj\u0105 si\u0119 g\u0142\u00f3wnie przegl\u0105dami maszyn bliskiego transportu oraz wykrywaniem w nich potencjalnych uszkodze\u0144, usterek i awarii. Znacznie wp\u0142ywa to na bezpiecze\u0144stwo eksploatowania maszyny. Eliminuje to zagro\u017cenia do zdrowia i \u017cycia pracownika, szczeg\u00f3lnie ze wzgl\u0119du na charakter prac na \u017curawiu stoczniowym i portowym. Atutem w pracy konserwatora b\u0119d\u0105 umiej\u0119tno\u015bci manualne w pos\u0142ugiwaniu si\u0119 narz\u0119dziami technicznymi. Dodatkowo do obowi\u0105zk\u00f3w os\u00f3b konserwuj\u0105cych nale\u017cy sporz\u0105dzanie wymaganych dokumentacji technicznych i prowadzenie ksi\u0105\u017cki konserwacji.&nbsp;<\/p>\n\n\n\n<h2 class=\"wp-block-heading\">WYNAGRODZENIA KONSERWATOR\u00d3W \u017bURAWI <\/h2>\n\n\n\n<p>Praca konserwatora \u017curawi stoczniowych i portowych jest to odpowiedzialne stanowisko, kt\u00f3re decyduje o bezpiecze\u0144stwie ich operator\u00f3w. Nie jest zaliczana do naj\u0142atwiejszych, jednak posiada atrakcyjne wynagrodzenie. Dodatkowo gwarantuje stabilne zatrudnienie wraz z popytem na to stanowisko, w\u015br\u00f3d rozwijaj\u0105cych si\u0119 bran\u017c: technicznej, mechanicznej i budowlanej.&nbsp;<\/p>\n\n\n\n<h2 class=\"wp-block-heading\">GDZIE SZKOLIMY?&nbsp;<\/h2>\n\n\n<div class=\"wp-block-image\">\n<figure class=\"alignright size-large is-resized\"><a href=\"https:\/\/kursy-udt.pl\/wp-content\/uploads\/2023\/02\/screen_2x-37.jpg\"><img loading=\"lazy\" decoding=\"async\" src=\"https:\/\/kursy-udt.pl\/wp-content\/uploads\/2023\/02\/screen_2x-37-1024x768.jpg\" alt=\"\u017curawie w porcie\" class=\"wp-image-4988\" width=\"512\" height=\"384\" srcset=\"https:\/\/kursy-udt.pl\/wp-content\/uploads\/2023\/02\/screen_2x-37-1024x768.jpg 1024w, https:\/\/kursy-udt.pl\/wp-content\/uploads\/2023\/02\/screen_2x-37-300x225.jpg 300w, https:\/\/kursy-udt.pl\/wp-content\/uploads\/2023\/02\/screen_2x-37-768x576.jpg 768w, https:\/\/kursy-udt.pl\/wp-content\/uploads\/2023\/02\/screen_2x-37-1536x1152.jpg 1536w, https:\/\/kursy-udt.pl\/wp-content\/uploads\/2023\/02\/screen_2x-37-16x12.jpg 16w, https:\/\/kursy-udt.pl\/wp-content\/uploads\/2023\/02\/screen_2x-37-640x480.jpg 640w, https:\/\/kursy-udt.pl\/wp-content\/uploads\/2023\/02\/screen_2x-37-624x468.jpg 624w, https:\/\/kursy-udt.pl\/wp-content\/uploads\/2023\/02\/screen_2x-37.jpg 1600w\" sizes=\"auto, (max-width: 512px) 100vw, 512px\" \/><\/a><\/figure>\n<\/div>\n\n\n<p>Zgodnie z wymaganiami klient\u00f3w oferujemy szkolenia w naszych o\u015brodkach szkoleniowych znajduj\u0105cych si\u0119 w wi\u0119kszych miastach na terenie Polski, ale uruchomili\u015bmy r\u00f3wnie\u017c opcj\u0119 dojazdu do klienta. Jeste\u015bmy odpowiednio wyposa\u017ceni by realizowa\u0107 kursy na terenie ca\u0142ego kraju.&nbsp;<\/p>\n\n\n\n<h2 class=\"wp-block-heading\">WARUNKI DLA KURSANT\u00d3W&nbsp;<\/h2>\n\n\n\n<p>Ka\u017cdy kursant musi spe\u0142ni\u0107 kilka warunk\u00f3w by przyst\u0105pi\u0107 do szkolenia:&nbsp;<\/p>\n\n\n\n<ul class=\"wp-block-list\">\n<li>by\u0107 osob\u0105 pe\u0142noletni\u0105,&nbsp;<\/li>\n\n\n\n<li>posiada\u0107 podstawowe wykszta\u0142cenie,&nbsp;<\/li>\n\n\n\n<li>mie\u0107 aktualne badania lekarskie i wysoko\u015bciowe.&nbsp;<\/li>\n<\/ul>\n\n\n\n<h2 class=\"wp-block-heading\">INNE KURSY&nbsp;<\/h2>\n\n\n\n<p>W celach dydaktycznych poszerzyli\u015bmy nasz\u0105 ofert\u0119 kurs\u00f3w o:&nbsp;<\/p>\n\n\n\n<ul class=\"dwiekolumny wp-block-list\">\n<li>obs\u0142ug\u0119 urz\u0105dze\u0144 ci\u015bnieniowych,&nbsp;<\/li>\n\n\n\n<li>konserwacje Urz\u0105dze\u0144 Transportu Bliskiego,&nbsp;<\/li>\n\n\n\n<li>konserwatora urz\u0105dze\u0144 dla os\u00f3b niepe\u0142nosprawnych,&nbsp;<\/li>\n\n\n\n<li>operatora maszyn budowlanych,&nbsp;<\/li>\n\n\n\n<li>operatora w\u00f3zk\u00f3w wid\u0142owych,&nbsp;<\/li>\n\n\n\n<li>operatora podest\u00f3w ruchomych,&nbsp;<\/li>\n\n\n\n<li>monta\u017cysta po\u0142\u0105cze\u0144 ko\u0142nierzowych,&nbsp;<\/li>\n\n\n\n<li>operatora podno\u015bnik\u00f3w no\u017cycowych wolnobie\u017cnych,&nbsp;<\/li>\n\n\n\n<li>operatora podno\u015bnik\u00f3w koszowych,&nbsp;<\/li>\n\n\n\n<li>operatora \u0142adowarek teleskopowych,&nbsp;<\/li>\n\n\n\n<li>operatora wyci\u0105g\u00f3w towarowych,&nbsp;<\/li>\n\n\n\n<li>operatora suwnicy,&nbsp;<\/li>\n\n\n\n<li>operatora \u017curawi HDS.&nbsp;<\/li>\n<\/ul>\n\n\n\n<h2 class=\"wp-block-heading\">Pytania i odpowiedzi<\/h2>\n\n\n\t\t<details\t\thelp class=\"sc_fs_faq sc_card    \"\n\t\topen\t\t>\n\t\t\t\t\t<summary>\n\t\t\t\t<h3>Gdzie przeprowadzacie szkolenia?<\/h3>\t\t\t\t\t<\/summary>\n\t\t\t\t<div>\n\t\t\t\t\t\t<div class=\"sc_fs_faq__content\">\n\t\t\t\t\n\n<p>Szkolenia konserwator\u00f3w, operator\u00f3w i serwisant\u00f3w przeprowadzamy w naszych o\u015brodkach szkoleniowych w wi\u0119kszych miastach w Polsce, ale oferujemy r\u00f3wnie\u017c opcj\u0119 dojazdu do klienta.<\/p>\n\n\t\t\t<\/div>\n\t\t<\/div>\n\t\t<\/details>\n\t\t\t\t<details\t\thelp class=\"sc_fs_faq sc_card    \"\n\t\t\t\t>\n\t\t\t\t\t<summary>\n\t\t\t\t<h3>Jakie warunki musi spe\u0142ni\u0107 kursant by przyst\u0105pi\u0107 do egzaminu UDT? <\/h3>\t\t\t\t\t<\/summary>\n\t\t\t\t<div>\n\t\t\t\t\t\t<div class=\"sc_fs_faq__content\">\n\t\t\t\t\n\n<p>Nale\u017cy: mie\u0107 uko\u0144czone 18 lat, mie\u0107 wa\u017cne badania lekarskie i mie\u0107 uprawnienia na prace wysoko\u015bciowe.<\/p>\n\n\t\t\t<\/div>\n\t\t<\/div>\n\t\t<\/details>\n\t\t\n<script type=\"application\/ld+json\">\n\t{\n\t\t\"@context\": \"https:\/\/schema.org\",\n\t\t\"@type\": \"FAQPage\",\n\t\t\"mainEntity\": [\n\t\t\t\t\t{\n\t\t\t\t\"@type\": \"Question\",\n\t\t\t\t\"name\": \"Gdzie przeprowadzacie szkolenia?\",\n\t\t\t\t\"acceptedAnswer\": {\n\t\t\t\t\t\"@type\": \"Answer\",\n\t\t\t\t\t\"text\": \"<p>Szkolenia konserwator\u00f3w, operator\u00f3w i serwisant\u00f3w przeprowadzamy w naszych o\u015brodkach szkoleniowych w wi\u0119kszych miastach w Polsce, ale oferujemy r\u00f3wnie\u017c opcj\u0119 dojazdu do klienta.<\/p>\"\n\t\t\t\t\t\t\t\t\t}\n\t\t\t}\n\t\t\t,\t\t\t\t{\n\t\t\t\t\"@type\": \"Question\",\n\t\t\t\t\"name\": \"Jakie warunki musi spe\u0142ni\u0107 kursant by przyst\u0105pi\u0107 do egzaminu UDT? \",\n\t\t\t\t\"acceptedAnswer\": {\n\t\t\t\t\t\"@type\": \"Answer\",\n\t\t\t\t\t\"text\": \"<p>Nale\u017cy: mie\u0107 uko\u0144czone 18 lat, mie\u0107 wa\u017cne badania lekarskie i mie\u0107 uprawnienia na prace wysoko\u015bciowe.<\/p>\"\n\t\t\t\t\t\t\t\t\t}\n\t\t\t}\n\t\t\t\t\t\t]\n\t}\n<\/script>\n","protected":false},"excerpt":{"rendered":"<p>KONSERWACJA \u017bURAWI STOCZNIOWYCH I PORTOWYCH&nbsp; W naszych o\u015brodkach zatrudniamy wykwalifikowan\u0105 kadr\u0119 specjalist\u00f3w&nbsp;\u2013 gotow\u0105, by przygotowa\u0107 Ci\u0119 do pa\u0144stwowego egzaminu UDT. Przyszli konserwatorzy mog\u0105 zdecydowa\u0107 si\u0119 na wyb\u00f3r kursu z zakresu \u017curawi stoczniowych i portowych, lub wybra\u0107 inne maszyny z naszej bogatej oferty. O wysokiej skuteczno\u015bci naszych szkole \u015bwiadcz\u0105 setki rocznie zdanych egzamin\u00f3w.&nbsp; PROGRAM SZKOLENIA KONSERWATOR\u00d3W&nbsp; W&nbsp;o\u015brodku ERGON realizujemy szkolenia konserwator\u00f3w i operator\u00f3w zgodnie z ustalonymi normami Urz\u0119du Dozoru Technicznego. Zaw\u00f3d konserwatora to bardzo odpowiedzialne zaj\u0119cie, dlatego naszym priorytetem jest zachowanie bezpiecze\u0144stwa i wysokiej efektywno\u015bci pracy.&nbsp; Podzielili\u015bmy zaj\u0119cia na cz\u0119\u015b\u0107 teoretyczn\u0105 i cz\u0119\u015b\u0107 praktyczn\u0105. Zapoznamy Ci\u0119 z:&nbsp; EGZAMIN KONSERWATORA UDT&nbsp; Kursanci ko\u0144cz\u0105cy kurs konserwatora otrzymuj\u0105 za\u015bwiadczenie o jego zaliczeniu. Przyszli konserwatorzy zostaj\u0105 dopuszczeni do pa\u0144stwowego procesu egzaminowania UDT. Sk\u0142ada si\u0119 on z dw\u00f3ch egzamin\u00f3w: teoretycznego i praktycznego. Nadzorowany jest przez komisj\u0119 UDT. Podczas nich egzaminowany wykazuje swoj\u0105 wiedz\u0119 o budowie maszyny, stosowaniu si\u0119 do zasad BHP, znajomo\u015bci obowi\u0105zuj\u0105cych praw, przeprowadzania dokumentacji i ksi\u0105\u017cki konserwacji. Pozytywny wynik z obu cz\u0119\u015bci gwarantuje otrzymanie legitymacji konserwatora \u017curawi. Wa\u017cno\u015b\u0107 uprawnie\u0144 przypada na 5 lat, po czym nale\u017cy je odnowi\u0107, na 3 miesi\u0105ce przed wyga\u015bni\u0119ciem daty wa\u017cno\u015bci w dokumentach.&nbsp; PRACA KONSERWATORA \u017bURAWI &nbsp;&nbsp; Konserwatorzy zajmuj\u0105 si\u0119 g\u0142\u00f3wnie przegl\u0105dami maszyn bliskiego transportu oraz wykrywaniem w nich potencjalnych uszkodze\u0144, usterek i awarii. Znacznie wp\u0142ywa to na bezpiecze\u0144stwo eksploatowania maszyny. Eliminuje to zagro\u017cenia do zdrowia i \u017cycia pracownika, szczeg\u00f3lnie ze wzgl\u0119du na charakter prac na \u017curawiu stoczniowym i portowym. Atutem w pracy konserwatora b\u0119d\u0105 umiej\u0119tno\u015bci manualne w pos\u0142ugiwaniu si\u0119 narz\u0119dziami technicznymi. Dodatkowo do obowi\u0105zk\u00f3w os\u00f3b konserwuj\u0105cych nale\u017cy sporz\u0105dzanie wymaganych dokumentacji technicznych i prowadzenie ksi\u0105\u017cki [&hellip;]<\/p>\n","protected":false},"author":6,"featured_media":5483,"parent":2721,"menu_order":0,"comment_status":"closed","ping_status":"closed","template":"","meta":{"sfsi_plus_gutenberg_text_before_share":"","sfsi_plus_gutenberg_show_text_before_share":"","sfsi_plus_gutenberg_icon_type":"","sfsi_plus_gutenberg_icon_alignemt":"","sfsi_plus_gutenburg_max_per_row":"","footnotes":""},"class_list":["post-4984","page","type-page","status-publish","has-post-thumbnail","hentry","has_thumb"],"aioseo_notices":[],"_links":{"self":[{"href":"https:\/\/kursy-udt.pl\/ua\/wp-json\/wp\/v2\/pages\/4984","targetHints":{"allow":["GET"]}}],"collection":[{"href":"https:\/\/kursy-udt.pl\/ua\/wp-json\/wp\/v2\/pages"}],"about":[{"href":"https:\/\/kursy-udt.pl\/ua\/wp-json\/wp\/v2\/types\/page"}],"author":[{"embeddable":true,"href":"https:\/\/kursy-udt.pl\/ua\/wp-json\/wp\/v2\/users\/6"}],"replies":[{"embeddable":true,"href":"https:\/\/kursy-udt.pl\/ua\/wp-json\/wp\/v2\/comments?post=4984"}],"version-history":[{"count":11,"href":"https:\/\/kursy-udt.pl\/ua\/wp-json\/wp\/v2\/pages\/4984\/revisions"}],"predecessor-version":[{"id":5505,"href":"https:\/\/kursy-udt.pl\/ua\/wp-json\/wp\/v2\/pages\/4984\/revisions\/5505"}],"up":[{"embeddable":true,"href":"https:\/\/kursy-udt.pl\/ua\/wp-json\/wp\/v2\/pages\/2721"}],"wp:featuredmedia":[{"embeddable":true,"href":"https:\/\/kursy-udt.pl\/ua\/wp-json\/wp\/v2\/media\/5483"}],"wp:attachment":[{"href":"https:\/\/kursy-udt.pl\/ua\/wp-json\/wp\/v2\/media?parent=4984"}],"curies":[{"name":"wp","href":"https:\/\/api.w.org\/{rel}","templated":true}]}}