{"id":4947,"date":"2023-03-17T12:11:03","date_gmt":"2023-03-17T11:11:03","guid":{"rendered":"https:\/\/kursy-udt.pl\/?page_id=4947"},"modified":"2023-03-20T10:27:06","modified_gmt":"2023-03-20T09:27:06","slug":"%d0%bd%d0%b0%d0%b2%d1%87%d0%b0%d0%bd%d0%bd%d1%8f-%d0%be%d0%bf%d0%b5%d1%80%d0%b0%d1%82%d0%be%d1%80%d1%96%d0%b2-%d0%bc%d0%be%d0%b1%d1%96%d0%bb%d1%8c%d0%bd%d0%b8%d1%85-%d0%ba%d1%80%d0%b0%d0%bd%d1%96","status":"publish","type":"page","link":"https:\/\/kursy-udt.pl\/ua\/szkolenia\/udt-wdt-tdt\/szkolenia-na-operatora-dzwigu-samojezdnego\/","title":{"rendered":"\u041d\u0430\u0432\u0447\u0430\u043d\u043d\u044f \u043e\u043f\u0435\u0440\u0430\u0442\u043e\u0440\u0456\u0432 \u043c\u043e\u0431\u0456\u043b\u044c\u043d\u0438\u0445 \u043a\u0440\u0430\u043d\u0456\u0432"},"content":{"rendered":"\n<h2 class=\"wp-block-heading\">Zosta\u0144 operatorem \u017curawi samojezdnych&nbsp;<\/h2>\n\n\n<div class=\"wp-block-image\">\n<figure class=\"alignleft size-large is-resized\"><a href=\"https:\/\/kursy-udt.pl\/wp-content\/uploads\/2023\/02\/s2-10.jpg\"><img loading=\"lazy\" decoding=\"async\" src=\"https:\/\/kursy-udt.pl\/wp-content\/uploads\/2023\/02\/s2-10-1024x682.jpg\" alt=\"Operator \u017curawia samojezdnego \u2013 kurs UDT\" class=\"wp-image-4949\" width=\"512\" height=\"341\" srcset=\"https:\/\/kursy-udt.pl\/wp-content\/uploads\/2023\/02\/s2-10-1024x682.jpg 1024w, https:\/\/kursy-udt.pl\/wp-content\/uploads\/2023\/02\/s2-10-300x200.jpg 300w, https:\/\/kursy-udt.pl\/wp-content\/uploads\/2023\/02\/s2-10-768x512.jpg 768w, https:\/\/kursy-udt.pl\/wp-content\/uploads\/2023\/02\/s2-10-1536x1023.jpg 1536w, https:\/\/kursy-udt.pl\/wp-content\/uploads\/2023\/02\/s2-10-18x12.jpg 18w, https:\/\/kursy-udt.pl\/wp-content\/uploads\/2023\/02\/s2-10-624x416.jpg 624w, https:\/\/kursy-udt.pl\/wp-content\/uploads\/2023\/02\/s2-10.jpg 1600w\" sizes=\"auto, (max-width: 512px) 100vw, 512px\" \/><\/a><\/figure>\n<\/div>\n\n\n<p>Ka\u017cdy pracownik obs\u0142uguj\u0105cy lub konserwuj\u0105cy \u017curawie samojezdne musi posiada\u0107 odpowiednie uprawnienia. Zapraszamy na szkolenia przygotowuj\u0105ce do egzaminu UDT na operatora \u017curawi samojezdnych. Egzamin sk\u0142ada si\u0119 z testu i cz\u0119\u015bci praktycznej z zakresu obs\u0142ugi lub renowacji urz\u0105dze\u0144.&nbsp;<\/p>\n\n\n\n<p>Proponujemy Pa\u0144stwu szkolenia otwarte organizowane w naszych o\u015brodkach szkoleniowych m.in. w Warszawie a tak\u017ce w innych wybranych przez Pa\u0144stwa miastach. Oferujemy dojazd do klienta na terenie ca\u0142ej Polski.&nbsp;<\/p>\n\n\n\n<p>Oferujemy tak\u017ce szkolenia zamkni\u0119te. Wystarczy um\u00f3wi\u0107 z nami termin i miejsce, w kt\u00f3rym mamy poprowadzi\u0107 szkolenie.&nbsp;<\/p>\n\n\n\n<h2 class=\"wp-block-heading\">Program szkoleniowy<\/h2>\n\n\n\n<ul class=\"wp-block-list\">\n<li><a href=\"https:\/\/kursy-udt.pl\/ua\/szkolenia\/bhp-bezpieczenstwo-pracy\/prawna-ochrona-pracy\/\">BHP<\/a> i regulacje prawne w sprawie obs\u0142ugi i konserwacji \u017curawi samojezdnych;&nbsp;<\/li>\n\n\n\n<li>informacje o dozorze technicznym;&nbsp;<\/li>\n\n\n\n<li>budowa d\u017awig\u00f3w samochodowych, om\u00f3wienie schemat\u00f3w dzia\u0142ania poszczeg\u00f3lnych element\u00f3w;&nbsp;<\/li>\n\n\n\n<li>mo\u017cliwe zagro\u017cenia w pracy operatora;&nbsp;<\/li>\n\n\n\n<li>obowi\u0105zki operatora;&nbsp;<\/li>\n\n\n\n<li>zasady prawid\u0142owej eksploatacji urz\u0105dze\u0144;&nbsp;<\/li>\n\n\n\n<li>zabezpieczenia \u017curawi samojezdnych;&nbsp;<\/li>\n\n\n\n<li>zaj\u0119cia praktyczne.&nbsp;<\/li>\n<\/ul>\n\n\n\n<p><strong>Konserwatorzy<\/strong> ucz\u0105 si\u0119 dodatkowych umiej\u0119tno\u015bci m.in. z zakresu dozoru technicznego czy wymiany cz\u0119\u015bci i olej\u00f3w.&nbsp;<br>&nbsp;<\/p>\n\n\n\n<h2 class=\"wp-block-heading\">Warunki uczestnictwa&nbsp;<\/h2>\n\n\n\n<ul class=\"wp-block-list\">\n<li>pe\u0142noletno\u015b\u0107;&nbsp;<\/li>\n\n\n\n<li>minimum podstawowe wykszta\u0142cenie;&nbsp;<\/li>\n\n\n\n<li>brak przeciwwskaza\u0144 zdrowotnych do wykonywania zawodu.&nbsp;<\/li>\n<\/ul>\n\n\n<div class=\"wp-block-image\">\n<figure class=\"alignright size-large is-resized\"><a href=\"https:\/\/kursy-udt.pl\/wp-content\/uploads\/2023\/02\/screen_2x-27.jpg\"><img loading=\"lazy\" decoding=\"async\" src=\"https:\/\/kursy-udt.pl\/wp-content\/uploads\/2023\/02\/screen_2x-27-1024x678.jpg\" alt=\"\u017buraw samojezdny podczas prze\u0142adunku\" class=\"wp-image-4950\" width=\"512\" height=\"339\" srcset=\"https:\/\/kursy-udt.pl\/wp-content\/uploads\/2023\/02\/screen_2x-27-1024x678.jpg 1024w, https:\/\/kursy-udt.pl\/wp-content\/uploads\/2023\/02\/screen_2x-27-300x199.jpg 300w, https:\/\/kursy-udt.pl\/wp-content\/uploads\/2023\/02\/screen_2x-27-768x509.jpg 768w, https:\/\/kursy-udt.pl\/wp-content\/uploads\/2023\/02\/screen_2x-27-1536x1018.jpg 1536w, https:\/\/kursy-udt.pl\/wp-content\/uploads\/2023\/02\/screen_2x-27-18x12.jpg 18w, https:\/\/kursy-udt.pl\/wp-content\/uploads\/2023\/02\/screen_2x-27-624x413.jpg 624w, https:\/\/kursy-udt.pl\/wp-content\/uploads\/2023\/02\/screen_2x-27.jpg 1600w\" sizes=\"auto, (max-width: 512px) 100vw, 512px\" \/><\/a><\/figure>\n<\/div>\n\n\n<h2 class=\"wp-block-heading\">Przepisy prawne&nbsp;<\/h2>\n\n\n\n<p>Podstawa prawna m\u00f3wi\u0105ca o obs\u0142udze \u017curawi samojezdnych i podleganiu dozorowi technicznemu:&nbsp;<\/p>\n\n\n\n<ul class=\"wp-block-list\">\n<li>Dz. U. 2000 Nr 122 poz. 1321 Ustawa z dn. 21 grudnia 2000 r. o dozorze technicznym;&nbsp;<\/li>\n\n\n\n<li>Dziennik Ustaw Rzeczypospolitej Polskiej, Warszawa, dn. 27 grudnia 2012 r., Poz. 1468, Rozporz\u0105dzenie Rady Ministr\u00f3w z dn. 7 grudnia 2012 r. w sprawie rodzaj\u00f3w urz\u0105dze\u0144 technicznych podlegaj\u0105cych dozorowi technicznemu;&nbsp;<\/li>\n\n\n\n<li>Rozporz\u0105dzenie Ministra Przedsi\u0119biorczo\u015bci i Technologii z dnia 21 maja 2019 r. w sprawie sposobu i trybu sprawdzania kwalifikacji wymaganych przy obs\u0142udze i konserwacji urz\u0105dze\u0144 technicznych oraz sposobu i trybu przed\u0142u\u017cania okresu wa\u017cno\u015bci za\u015bwiadcze\u0144 kwalifikacyjnych, wydane na podstawie art. 23 ust. 5 ustawy o dozorze technicznym;&nbsp;<\/li>\n\n\n\n<li>Rozporz\u0105dzenie Ministra Przedsi\u0119biorczo\u015bci i Technologii z dnia 30 pa\u017adziernika 2018 r. w sprawie warunk\u00f3w technicznych dozoru technicznego w zakresie eksploatacji, napraw i modernizacji urz\u0105dze\u0144 transportu bliskiego.&nbsp;<\/li>\n<\/ul>\n\n\n\n<h2 class=\"wp-block-heading\">Cel szkolenia<\/h2>\n\n\n\n<ul class=\"wp-block-list\">\n<li>profesjonalne przygotowanie do egzaminu UDT;&nbsp;<\/li>\n\n\n\n<li>podniesienie kwalifikacji zawodowych;&nbsp;<\/li>\n\n\n\n<li>przekazanie aktualnej wiedzy i umiej\u0119tno\u015bci praktycznych z zakresu eksploatacji \u017curawi samojezdnych.&nbsp;<\/li>\n<\/ul>\n\n\n\n<p>Zdany egzamin UDT uprawnia do wykonywania zawodu operatora lub konserwatora \u017curawi samojezdnych.&nbsp;&nbsp;<\/p>\n\n\n\n<p>Kursanci otrzymuj\u0105 od nas dwuj\u0119zyczne (w j\u0119zyku polskim i angielskim) za\u015bwiadczenie o uko\u0144czeniu szkolenia z uwzgl\u0119dnieniem szczeg\u00f3\u0142owego programu szkolenia.&nbsp;<\/p>\n\n\n<div class=\"wp-block-image\">\n<figure class=\"alignleft size-large is-resized\"><a href=\"https:\/\/kursy-udt.pl\/wp-content\/uploads\/2023\/02\/screen_2x-29.jpg\"><img loading=\"lazy\" decoding=\"async\" src=\"https:\/\/kursy-udt.pl\/wp-content\/uploads\/2023\/02\/screen_2x-29-1024x683.jpg\" alt=\"D\u017awig samojezdny podczas monta\u017cu konstrukcji stalowych\" class=\"wp-image-4951\" width=\"512\" height=\"342\" srcset=\"https:\/\/kursy-udt.pl\/wp-content\/uploads\/2023\/02\/screen_2x-29-1024x683.jpg 1024w, https:\/\/kursy-udt.pl\/wp-content\/uploads\/2023\/02\/screen_2x-29-300x200.jpg 300w, https:\/\/kursy-udt.pl\/wp-content\/uploads\/2023\/02\/screen_2x-29-768x512.jpg 768w, https:\/\/kursy-udt.pl\/wp-content\/uploads\/2023\/02\/screen_2x-29-1536x1024.jpg 1536w, https:\/\/kursy-udt.pl\/wp-content\/uploads\/2023\/02\/screen_2x-29-18x12.jpg 18w, https:\/\/kursy-udt.pl\/wp-content\/uploads\/2023\/02\/screen_2x-29-624x416.jpg 624w, https:\/\/kursy-udt.pl\/wp-content\/uploads\/2023\/02\/screen_2x-29.jpg 1600w\" sizes=\"auto, (max-width: 512px) 100vw, 512px\" \/><\/a><\/figure>\n<\/div>\n\n\n<h2 class=\"wp-block-heading\">O nas<\/h2>\n\n\n\n<p>Jeste\u015bmy o\u015brodkiem szkoleniowym z ponad pi\u0119tnastoletnim do\u015bwiadczeniem. Szkolimy operator\u00f3w i konserwator\u00f3w na maszynach, podlegaj\u0105cych pod UDT, s\u0105 to m.in. \u017curawie, \u0142adowarki teleskopowe, podesty ruchome czy w\u00f3zki wid\u0142owe. &nbsp;<\/p>\n\n\n\n<p>Nasza kadra szkoleniowa to do\u015bwiadczeni fachowcy z wieloletnim sta\u017cem. S\u0142u\u017c\u0105 rad\u0105 i ch\u0119tnie podejm\u0105 z Pa\u0144stwem dyskusj\u0119 na temat maszyn i wymog\u00f3w UDT.&nbsp;<\/p>\n\n\n\n<p>Programy szkoleniowe regularnie aktualizujemy, zgodnie z wymogami Urz\u0119du Dozoru Technicznego. Wiele lat wsp\u00f3\u0142pracy z o\u015brodkami UDT pozwala na sprawne szkolenie coraz wi\u0119kszej ilo\u015bci zadowolonych kursant\u00f3w.&nbsp;&nbsp;<\/p>\n\n\n\n<h2 class=\"wp-block-heading\">Opis d\u017awignicy<\/h2>\n\n\n\n<p>\u017buraw samojezdny zwany jest potocznie d\u017awigiem. To d\u017awignica oparta na podwoziu samochodowym lub specjalnym pod\u0142o\u017cu samojezdnym.&nbsp;&nbsp;<\/p>\n\n\n\n<p>Stosowany jest najcz\u0119\u015bciej do prac podczas prze\u0142adunk\u00f3w materia\u0142\u00f3w i prac monta\u017cowych.&nbsp;&nbsp;<\/p>\n\n\n\n<p>Zbudowany jest z wysi\u0119gnika wychylnego i wci\u0105garek. Pozwalaj\u0105 one podnie\u015b\u0107, przemie\u015bci\u0107 i opu\u015bci\u0107 \u0142adunek.&nbsp;<\/p>\n\n\n\n<h2 class=\"wp-block-heading\">Pytania i odpowiedzi<\/h2>\n\n\n\t\t<details\t\thelp class=\"sc_fs_faq sc_card    \"\n\t\topen\t\t>\n\t\t\t\t\t<summary>\n\t\t\t\t<h3>Jak d\u0142ugo wa\u017cne s\u0105 uprawnienia na operatora \u017curawi samojezdnych?<\/h3>\t\t\t\t\t<\/summary>\n\t\t\t\t<div>\n\t\t\t\t\t\t<div class=\"sc_fs_faq__content\">\n\t\t\t\t\n\n<p><a href=\"https:\/\/kursy-udt.pl\/ua\/uprawnienia-udt\/kategorie-uprawnien-2\/\">Uprawnienia UDT<\/a> operatora d\u017awigu samojezdnego wa\u017cne s\u0105 przez 5 lat. Po ich up\u0142ywie nale\u017cy kwalifikacje przed\u0142u\u017cy\u0107.<\/p>\n\n\t\t\t<\/div>\n\t\t<\/div>\n\t\t<\/details>\n\t\t\t\t<details\t\thelp class=\"sc_fs_faq sc_card    \"\n\t\t\t\t>\n\t\t\t\t\t<summary>\n\t\t\t\t<h3>Na jakie urz\u0105dzenia uprawniaj\u0105 kwalifikacje na \u017curawie samojezdne?<\/h3>\t\t\t\t\t<\/summary>\n\t\t\t\t<div>\n\t\t\t\t\t\t<div class=\"sc_fs_faq__content\">\n\t\t\t\t\n\n<p>Uprawnienia upowa\u017cniaj\u0105 operatora do obs\u0142ugi \u017curawi samojezdnych, ale tak\u017ce przewo\u017anych, przeno\u015bnych i stacjonarnych.<\/p>\n\n\t\t\t<\/div>\n\t\t<\/div>\n\t\t<\/details>\n\t\t\t\t<details\t\thelp class=\"sc_fs_faq sc_card    \"\n\t\t\t\t>\n\t\t\t\t\t<summary>\n\t\t\t\t<h3>Jakie obowi\u0105zki ma operator d\u017awigu?<\/h3>\t\t\t\t\t<\/summary>\n\t\t\t\t<div>\n\t\t\t\t\t\t<div class=\"sc_fs_faq__content\">\n\t\t\t\t\n\n<p>Praca operatora \u017curawia samojezdnego to szereg obowi\u0105zk\u00f3w. S\u0142u\u017c\u0105 one zachowaniu bezpiecze\u0144stwa swojego oraz wsp\u00f3\u0142pracownik\u00f3w, przed\u0142u\u017ceniu dzia\u0142ania urz\u0105dze\u0144 oraz zapobieganiu awariom.<\/p>\n\n\t\t\t<\/div>\n\t\t<\/div>\n\t\t<\/details>\n\t\t\t\t<details\t\thelp class=\"sc_fs_faq sc_card    \"\n\t\t\t\t>\n\t\t\t\t\t<summary>\n\t\t\t\t<h3>Co to s\u0105 \u017curawie samojezdne?<\/h3>\t\t\t\t\t<\/summary>\n\t\t\t\t<div>\n\t\t\t\t\t\t<div class=\"sc_fs_faq__content\">\n\t\t\t\t\n\n<p>\u017burawie samojezdne to d\u017awigi umieszczone na podwoziu samochodu ci\u0119\u017carowego lub innym, specjalnym podwoziu samochodowym. Najcz\u0119\u015bciej s\u0142u\u017c\u0105 do prze\u0142adunku i prac monta\u017cowych. Mog\u0105 posiada\u0107 nap\u0119d elektryczny, hydrauliczny lub mechaniczny.<\/p>\n\n\t\t\t<\/div>\n\t\t<\/div>\n\t\t<\/details>\n\t\t\n<script type=\"application\/ld+json\">\n\t{\n\t\t\"@context\": \"https:\/\/schema.org\",\n\t\t\"@type\": \"FAQPage\",\n\t\t\"mainEntity\": [\n\t\t\t\t\t{\n\t\t\t\t\"@type\": \"Question\",\n\t\t\t\t\"name\": \"Jak d\u0142ugo wa\u017cne s\u0105 uprawnienia na operatora \u017curawi samojezdnych?\",\n\t\t\t\t\"acceptedAnswer\": {\n\t\t\t\t\t\"@type\": \"Answer\",\n\t\t\t\t\t\"text\": \"<p>Uprawnienia UDT operatora d\u017awigu samojezdnego wa\u017cne s\u0105 przez 5 lat. Po ich up\u0142ywie nale\u017cy kwalifikacje przed\u0142u\u017cy\u0107.<\/p>\"\n\t\t\t\t\t\t\t\t\t}\n\t\t\t}\n\t\t\t,\t\t\t\t{\n\t\t\t\t\"@type\": \"Question\",\n\t\t\t\t\"name\": \"Na jakie urz\u0105dzenia uprawniaj\u0105 kwalifikacje na \u017curawie samojezdne?\",\n\t\t\t\t\"acceptedAnswer\": {\n\t\t\t\t\t\"@type\": \"Answer\",\n\t\t\t\t\t\"text\": \"<p>Uprawnienia upowa\u017cniaj\u0105 operatora do obs\u0142ugi \u017curawi samojezdnych, ale tak\u017ce przewo\u017anych, przeno\u015bnych i stacjonarnych.<\/p>\"\n\t\t\t\t\t\t\t\t\t}\n\t\t\t}\n\t\t\t,\t\t\t\t{\n\t\t\t\t\"@type\": \"Question\",\n\t\t\t\t\"name\": \"Jakie obowi\u0105zki ma operator d\u017awigu?\",\n\t\t\t\t\"acceptedAnswer\": {\n\t\t\t\t\t\"@type\": \"Answer\",\n\t\t\t\t\t\"text\": \"<p>Praca operatora \u017curawia samojezdnego to szereg obowi\u0105zk\u00f3w. S\u0142u\u017c\u0105 one zachowaniu bezpiecze\u0144stwa swojego oraz wsp\u00f3\u0142pracownik\u00f3w, przed\u0142u\u017ceniu dzia\u0142ania urz\u0105dze\u0144 oraz zapobieganiu awariom.<\/p>\"\n\t\t\t\t\t\t\t\t\t}\n\t\t\t}\n\t\t\t,\t\t\t\t{\n\t\t\t\t\"@type\": \"Question\",\n\t\t\t\t\"name\": \"Co to s\u0105 \u017curawie samojezdne?\",\n\t\t\t\t\"acceptedAnswer\": {\n\t\t\t\t\t\"@type\": \"Answer\",\n\t\t\t\t\t\"text\": \"<p>\u017burawie samojezdne to d\u017awigi umieszczone na podwoziu samochodu ci\u0119\u017carowego lub innym, specjalnym podwoziu samochodowym. Najcz\u0119\u015bciej s\u0142u\u017c\u0105 do prze\u0142adunku i prac monta\u017cowych. Mog\u0105 posiada\u0107 nap\u0119d elektryczny, hydrauliczny lub mechaniczny.<\/p>\"\n\t\t\t\t\t\t\t\t\t}\n\t\t\t}\n\t\t\t\t\t\t]\n\t}\n<\/script>\n","protected":false},"excerpt":{"rendered":"<p>Zosta\u0144 operatorem \u017curawi samojezdnych&nbsp; Ka\u017cdy pracownik obs\u0142uguj\u0105cy lub konserwuj\u0105cy \u017curawie samojezdne musi posiada\u0107 odpowiednie uprawnienia. Zapraszamy na szkolenia przygotowuj\u0105ce do egzaminu UDT na operatora \u017curawi samojezdnych. Egzamin sk\u0142ada si\u0119 z testu i cz\u0119\u015bci praktycznej z zakresu obs\u0142ugi lub renowacji urz\u0105dze\u0144.&nbsp; Proponujemy Pa\u0144stwu szkolenia otwarte organizowane w naszych o\u015brodkach szkoleniowych m.in. w Warszawie a tak\u017ce w innych wybranych przez Pa\u0144stwa miastach. Oferujemy dojazd do klienta na terenie ca\u0142ej Polski.&nbsp; Oferujemy tak\u017ce szkolenia zamkni\u0119te. Wystarczy um\u00f3wi\u0107 z nami termin i miejsce, w kt\u00f3rym mamy poprowadzi\u0107 szkolenie.&nbsp; Program szkoleniowy Konserwatorzy ucz\u0105 si\u0119 dodatkowych umiej\u0119tno\u015bci m.in. z zakresu dozoru technicznego czy wymiany cz\u0119\u015bci i olej\u00f3w.&nbsp;&nbsp; Warunki uczestnictwa&nbsp; Przepisy prawne&nbsp; Podstawa prawna m\u00f3wi\u0105ca o obs\u0142udze \u017curawi samojezdnych i podleganiu dozorowi technicznemu:&nbsp; Cel szkolenia Zdany egzamin UDT uprawnia do wykonywania zawodu operatora lub konserwatora \u017curawi samojezdnych.&nbsp;&nbsp; Kursanci otrzymuj\u0105 od nas dwuj\u0119zyczne (w j\u0119zyku polskim i angielskim) za\u015bwiadczenie o uko\u0144czeniu szkolenia z uwzgl\u0119dnieniem szczeg\u00f3\u0142owego programu szkolenia.&nbsp; O nas Jeste\u015bmy o\u015brodkiem szkoleniowym z ponad pi\u0119tnastoletnim do\u015bwiadczeniem. Szkolimy operator\u00f3w i konserwator\u00f3w na maszynach, podlegaj\u0105cych pod UDT, s\u0105 to m.in. \u017curawie, \u0142adowarki teleskopowe, podesty ruchome czy w\u00f3zki wid\u0142owe. &nbsp; Nasza kadra szkoleniowa to do\u015bwiadczeni fachowcy z wieloletnim sta\u017cem. S\u0142u\u017c\u0105 rad\u0105 i ch\u0119tnie podejm\u0105 z Pa\u0144stwem dyskusj\u0119 na temat maszyn i wymog\u00f3w UDT.&nbsp; Programy szkoleniowe regularnie aktualizujemy, zgodnie z wymogami Urz\u0119du Dozoru Technicznego. Wiele lat wsp\u00f3\u0142pracy z o\u015brodkami UDT pozwala na sprawne szkolenie coraz wi\u0119kszej ilo\u015bci zadowolonych kursant\u00f3w.&nbsp;&nbsp; Opis d\u017awignicy \u017buraw samojezdny zwany jest potocznie d\u017awigiem. To d\u017awignica oparta na podwoziu samochodowym lub specjalnym pod\u0142o\u017cu samojezdnym.&nbsp;&nbsp; Stosowany jest najcz\u0119\u015bciej do prac podczas prze\u0142adunk\u00f3w materia\u0142\u00f3w i prac [&hellip;]<\/p>\n","protected":false},"author":6,"featured_media":4949,"parent":2721,"menu_order":0,"comment_status":"closed","ping_status":"closed","template":"","meta":{"sfsi_plus_gutenberg_text_before_share":"","sfsi_plus_gutenberg_show_text_before_share":"","sfsi_plus_gutenberg_icon_type":"","sfsi_plus_gutenberg_icon_alignemt":"","sfsi_plus_gutenburg_max_per_row":"","footnotes":""},"class_list":["post-4947","page","type-page","status-publish","has-post-thumbnail","hentry","has_thumb"],"aioseo_notices":[],"_links":{"self":[{"href":"https:\/\/kursy-udt.pl\/ua\/wp-json\/wp\/v2\/pages\/4947","targetHints":{"allow":["GET"]}}],"collection":[{"href":"https:\/\/kursy-udt.pl\/ua\/wp-json\/wp\/v2\/pages"}],"about":[{"href":"https:\/\/kursy-udt.pl\/ua\/wp-json\/wp\/v2\/types\/page"}],"author":[{"embeddable":true,"href":"https:\/\/kursy-udt.pl\/ua\/wp-json\/wp\/v2\/users\/6"}],"replies":[{"embeddable":true,"href":"https:\/\/kursy-udt.pl\/ua\/wp-json\/wp\/v2\/comments?post=4947"}],"version-history":[{"count":8,"href":"https:\/\/kursy-udt.pl\/ua\/wp-json\/wp\/v2\/pages\/4947\/revisions"}],"predecessor-version":[{"id":5512,"href":"https:\/\/kursy-udt.pl\/ua\/wp-json\/wp\/v2\/pages\/4947\/revisions\/5512"}],"up":[{"embeddable":true,"href":"https:\/\/kursy-udt.pl\/ua\/wp-json\/wp\/v2\/pages\/2721"}],"wp:featuredmedia":[{"embeddable":true,"href":"https:\/\/kursy-udt.pl\/ua\/wp-json\/wp\/v2\/media\/4949"}],"wp:attachment":[{"href":"https:\/\/kursy-udt.pl\/ua\/wp-json\/wp\/v2\/media?parent=4947"}],"curies":[{"name":"wp","href":"https:\/\/api.w.org\/{rel}","templated":true}]}}