{"id":4937,"date":"2023-03-17T12:08:18","date_gmt":"2023-03-17T11:08:18","guid":{"rendered":"https:\/\/kursy-udt.pl\/?page_id=4937"},"modified":"2023-03-20T10:24:56","modified_gmt":"2023-03-20T09:24:56","slug":"%d0%ba%d1%80%d0%b0%d0%bd%d0%b8-%d0%be%d0%b1%d1%81%d0%bb%d1%83%d0%b3%d0%be%d0%b2%d1%83%d0%b2%d0%b0%d0%bd%d0%bd%d1%8f-%d0%b7%d0%b0%d0%bb%d1%96%d0%b7%d0%bd%d0%b8%d1%86%d1%96","status":"publish","type":"page","link":"https:\/\/kursy-udt.pl\/ua\/szkolenia\/udt-wdt-tdt\/zurawie-kolejowe-konserwator\/","title":{"rendered":"\u0417\u0430\u043b\u0456\u0437\u043d\u0438\u0447\u043d\u0456 \u043a\u0440\u0430\u043d\u0438 - \u043d\u0430\u0432\u0447\u0430\u043d\u043d\u044f \u0437 \u0442\u0435\u0445\u043d\u0456\u0447\u043d\u043e\u0433\u043e \u043e\u0431\u0441\u043b\u0443\u0433\u043e\u0432\u0443\u0432\u0430\u043d\u043d\u044f"},"content":{"rendered":"\n<h2 class=\"wp-block-heading\">Konserwator \u017curawi kolejowych i na pojazdach kolejowych&nbsp;<\/h2>\n\n\n\n<p>Nasze szkolenia to gwarancja profesjonalnego przygotowania do zawodu konserwatora \u017curawi kolejowych. Jest to zaw\u00f3d szczeg\u00f3lnie wa\u017cny w bran\u017cy kolejowej. Specjalista tych urz\u0105dze\u0144 pracuje przy naprawie poci\u0105g\u00f3w i innych maszyn tego typu.&nbsp;<\/p>\n\n\n\n<h2 class=\"wp-block-heading\">Nasz program szkolenia&nbsp;<\/h2>\n\n\n\n<p>Nasz program szkoleniowy charakteryzuje si\u0119 nastawieniem na wysoki poziom nauczania, kt\u00f3ry zwi\u0105zany jest z tym, \u017ce kursanci zdobywaj\u0105 wa\u017cn\u0105 i jednocze\u015bnie niezb\u0119dn\u0105 wiedz\u0119 dotycz\u0105c\u0105 pracy z d\u017awigiem kolejowym. <\/p>\n\n\n\n<p>Na naszym szkoleniu dowiesz si\u0119:&nbsp;<\/p>\n\n\n<div class=\"wp-block-image\">\n<figure class=\"alignright size-full is-resized\"><a href=\"https:\/\/kursy-udt.pl\/wp-content\/uploads\/2023\/02\/csm_ROMIS_6970_Work_62f78c778c.jpg\"><img loading=\"lazy\" decoding=\"async\" src=\"https:\/\/kursy-udt.pl\/wp-content\/uploads\/2023\/02\/csm_ROMIS_6970_Work_62f78c778c.jpg\" alt=\"Pracownicy stoj\u0105cy obok \u017curawia kolejowego.\" class=\"wp-image-4939\" width=\"512\" height=\"384\" srcset=\"https:\/\/kursy-udt.pl\/wp-content\/uploads\/2023\/02\/csm_ROMIS_6970_Work_62f78c778c.jpg 1024w, https:\/\/kursy-udt.pl\/wp-content\/uploads\/2023\/02\/csm_ROMIS_6970_Work_62f78c778c-300x225.jpg 300w, https:\/\/kursy-udt.pl\/wp-content\/uploads\/2023\/02\/csm_ROMIS_6970_Work_62f78c778c-768x576.jpg 768w, https:\/\/kursy-udt.pl\/wp-content\/uploads\/2023\/02\/csm_ROMIS_6970_Work_62f78c778c-16x12.jpg 16w, https:\/\/kursy-udt.pl\/wp-content\/uploads\/2023\/02\/csm_ROMIS_6970_Work_62f78c778c-640x480.jpg 640w, https:\/\/kursy-udt.pl\/wp-content\/uploads\/2023\/02\/csm_ROMIS_6970_Work_62f78c778c-624x468.jpg 624w\" sizes=\"auto, (max-width: 512px) 100vw, 512px\" \/><\/a><\/figure>\n<\/div>\n\n\n<ul class=\"wp-block-list\">\n<li>informacji dotycz\u0105cych dozoru technicznego,&nbsp;&nbsp;<\/li>\n\n\n\n<li>przepis\u00f3w bezpiecze\u0144stwa i higieny pracy,&nbsp;&nbsp;<\/li>\n\n\n\n<li>prawid\u0142owej konserwacji urz\u0105dzenia,&nbsp;&nbsp;<\/li>\n\n\n\n<li>obowi\u0105zk\u00f3w i uprawnie\u0144 konserwatora i operatora,&nbsp;&nbsp;<\/li>\n\n\n\n<li>korzystania z d\u017awigu,&nbsp;&nbsp;<\/li>\n\n\n\n<li>post\u0119powania z zepsutym d\u017awigiem,&nbsp;&nbsp;<\/li>\n\n\n\n<li>budowy maszyn.&nbsp;&nbsp;<\/li>\n<\/ul>\n\n\n\n<p>Naszym zadaniem jest przygotowanie praktykanta do przysz\u0142ych obowi\u0105zk\u00f3w i egzaminu TDT. &nbsp;<\/p>\n\n\n\n<h2 class=\"wp-block-heading\">Jak uzyska\u0107 uprawnienia do obs\u0142ugi lub konserwacji?&nbsp;&nbsp;<\/h2>\n\n\n\n<p>Je\u015bli chcemy zdoby\u0107 <a href=\"https:\/\/kursy-udt.pl\/ua\/uprawnienia-udt\/kategorie-uprawnien-2\/\">uprawnienia<\/a> na d\u017awig, nale\u017cy najpierw uko\u0144czy\u0107 kurs. W trakcie szkolenia kandydat powinien zdoby\u0107 niezb\u0119dne informacje, aby m\u00f3g\u0142 w pierwszej kolejno\u015bci pracowa\u0107 z d\u017awigiem. Po uko\u0144czeniu kursu nale\u017cy uda\u0107 si\u0119 na egzamin. Sk\u0142ada si\u0119 on z 2 cz\u0119\u015bci. Pierwsza koncentruje si\u0119 na wiedzy teoretycznej tj. musimy zda\u0107 pisemny test. Celem cz\u0119\u015bci drugiej jest przedstawienie nabytych umiej\u0119tno\u015bci z praktyki. &nbsp;<\/p>\n\n\n\n<h2 class=\"wp-block-heading\">Kwalifikacje zawodowe<\/h2>\n\n\n\n<p>Po zdaniu obu cz\u0119\u015bci, otrzymuje si\u0119 dokument potwierdzaj\u0105cy kwalifikacje. Bardzo wa\u017cne jest pami\u0119tanie, \u017ce uprawnienia te s\u0105 wa\u017cne przez 5 lat od daty ich otrzymania, cho\u0107 okres ich wa\u017cno\u015bci mo\u017ce zosta\u0107 przed\u0142u\u017cony. Aby licencja by\u0142a wa\u017cna d\u0142u\u017cej, musimy z\u0142o\u017cy\u0107 wniosek co najmniej 3 miesi\u0105ce przed jej przeterminowaniem. Je\u015bli te wymagania zostan\u0105 spe\u0142nione, mo\u017cemy liczy\u0107 na pozytywne rozpatrzenie wniosku.&nbsp;&nbsp;<\/p>\n\n\n\n<h2 class=\"wp-block-heading\">Jakie s\u0105 wymagania do rozpocz\u0119cia kurs?&nbsp;&nbsp;<\/h2>\n\n\n\n<p>Aby zapisa\u0107 si\u0119 na szkolenie nale\u017cy spe\u0142ni\u0107 nast\u0119puj\u0105ce wymagania:&nbsp;&nbsp;<\/p>\n\n\n\n<ul class=\"wp-block-list\">\n<li>mie\u0107 uko\u0144czone 18 lat,&nbsp;&nbsp;<\/li>\n\n\n\n<li>nie mie\u0107 przeciwwskaza\u0144 lekarskich,&nbsp;&nbsp;<\/li>\n\n\n\n<li>posiada\u0107 wykszta\u0142cenie co najmniej podstawowe.&nbsp;<\/li>\n<\/ul>\n\n\n<div class=\"wp-block-image\">\n<figure class=\"alignleft size-large is-resized\"><a href=\"https:\/\/kursy-udt.pl\/wp-content\/uploads\/2023\/02\/372-Kran-und-Hebeleistungen-Meterspur-9.jpg\"><img loading=\"lazy\" decoding=\"async\" src=\"https:\/\/kursy-udt.pl\/wp-content\/uploads\/2023\/02\/372-Kran-und-Hebeleistungen-Meterspur-9-1024x496.jpg\" alt=\"\u017buraw kolejowy na torach.\" class=\"wp-image-4940\" width=\"512\" height=\"248\" srcset=\"https:\/\/kursy-udt.pl\/wp-content\/uploads\/2023\/02\/372-Kran-und-Hebeleistungen-Meterspur-9-1024x496.jpg 1024w, https:\/\/kursy-udt.pl\/wp-content\/uploads\/2023\/02\/372-Kran-und-Hebeleistungen-Meterspur-9-300x145.jpg 300w, https:\/\/kursy-udt.pl\/wp-content\/uploads\/2023\/02\/372-Kran-und-Hebeleistungen-Meterspur-9-768x372.jpg 768w, https:\/\/kursy-udt.pl\/wp-content\/uploads\/2023\/02\/372-Kran-und-Hebeleistungen-Meterspur-9-1536x744.jpg 1536w, https:\/\/kursy-udt.pl\/wp-content\/uploads\/2023\/02\/372-Kran-und-Hebeleistungen-Meterspur-9-18x9.jpg 18w, https:\/\/kursy-udt.pl\/wp-content\/uploads\/2023\/02\/372-Kran-und-Hebeleistungen-Meterspur-9-624x302.jpg 624w, https:\/\/kursy-udt.pl\/wp-content\/uploads\/2023\/02\/372-Kran-und-Hebeleistungen-Meterspur-9.jpg 1920w\" sizes=\"auto, (max-width: 512px) 100vw, 512px\" \/><\/a><\/figure>\n<\/div>\n\n\n<h2 class=\"wp-block-heading\">\u017burawie kolejowe \u2013 specyfika&nbsp;<\/h2>\n\n\n\n<p>D\u017awigi kolejowe wykorzystywane s\u0105 do cel\u00f3w budowlanych przy monta\u017cu przemys\u0142owych konstrukcji stalowych, a tak\u017ce ci\u0119\u017ckich konstrukcji stalowych (np. hutniczych) oraz konstrukcji \u017celbetowych, najcz\u0119\u015bciej w przypadkach, gdy konstrukcje te zlokalizowane s\u0105 w s\u0105siedztwie sta\u0142ych instalacji, jak szyny, zw\u0142aszcza je\u015bli szyny te s\u0105 zamontowane w hali.&nbsp;&nbsp;<\/p>\n\n\n\n<p>Do monta\u017cu na halach przemys\u0142owych dostarczane s\u0105 suwnice kolejowe z d\u0142ugim wysi\u0119gnikiem. Standardowym wyposa\u017ceniem suwnic kolejowych jest hak na materia\u0142 jednostkowy i monta\u017cowy oraz specjalny chwytak stosowany w przypadku sypkiego materia\u0142u. Do budowy najlepiej nadaj\u0105 si\u0119 \u017curawie kolejowe o ud\u017awigu w przedziale ok. 15-25 t. Dlatego opr\u00f3cz wyposa\u017cenia niezb\u0119dnego do samodzielnego poruszania si\u0119 po placu budowy, \u017curawie kolejowe musz\u0105 by\u0107 wyposa\u017cone we wszystkie urz\u0105dzenia sprz\u0119gaj\u0105ce, zderzaki i hamulce.&nbsp;<\/p>\n\n\n\n<h2 class=\"wp-block-heading\">Podzia\u0142 d\u017awig\u00f3w kolejowych&nbsp;<\/h2>\n\n\n<div class=\"wp-block-image\">\n<figure class=\"alignright size-large is-resized\"><a href=\"https:\/\/kursy-udt.pl\/wp-content\/uploads\/2023\/02\/canva-bez-tytulu-MAFTbP22WO0.jpg\"><img loading=\"lazy\" decoding=\"async\" src=\"https:\/\/kursy-udt.pl\/wp-content\/uploads\/2023\/02\/canva-bez-tytulu-MAFTbP22WO0-1024x683.jpg\" alt=\"konserwator \u017curawia kolejowego w kasku\" class=\"wp-image-4941\" width=\"512\" height=\"342\" srcset=\"https:\/\/kursy-udt.pl\/wp-content\/uploads\/2023\/02\/canva-bez-tytulu-MAFTbP22WO0-1024x683.jpg 1024w, https:\/\/kursy-udt.pl\/wp-content\/uploads\/2023\/02\/canva-bez-tytulu-MAFTbP22WO0-300x200.jpg 300w, https:\/\/kursy-udt.pl\/wp-content\/uploads\/2023\/02\/canva-bez-tytulu-MAFTbP22WO0-768x512.jpg 768w, https:\/\/kursy-udt.pl\/wp-content\/uploads\/2023\/02\/canva-bez-tytulu-MAFTbP22WO0-1536x1024.jpg 1536w, https:\/\/kursy-udt.pl\/wp-content\/uploads\/2023\/02\/canva-bez-tytulu-MAFTbP22WO0-18x12.jpg 18w, https:\/\/kursy-udt.pl\/wp-content\/uploads\/2023\/02\/canva-bez-tytulu-MAFTbP22WO0-624x416.jpg 624w, https:\/\/kursy-udt.pl\/wp-content\/uploads\/2023\/02\/canva-bez-tytulu-MAFTbP22WO0.jpg 1600w\" sizes=\"auto, (max-width: 512px) 100vw, 512px\" \/><\/a><\/figure>\n<\/div>\n\n\n<p><strong>W zale\u017cno\u015bci od przeznaczenia wyr\u00f3\u017cniamy \u017curawie:&nbsp;<\/strong><\/p>\n\n\n\n<ul class=\"wp-block-list\">\n<li>z uchwytem szynowym,&nbsp;&nbsp;<\/li>\n\n\n\n<li>z mo\u017cliwo\u015bci\u0105 mulczowania,&nbsp;&nbsp;<\/li>\n\n\n\n<li>z wci\u0105gark\u0105 linow\u0105,&nbsp;&nbsp;<\/li>\n\n\n\n<li>z koszem roboczym,&nbsp;&nbsp;<\/li>\n\n\n\n<li>z chwytakiem dwuszcz\u0119kowym,&nbsp;&nbsp;<\/li>\n\n\n\n<li>z hakiem \u0142adunkowym,&nbsp;&nbsp;<\/li>\n\n\n\n<li>z uchwytem szynowym,&nbsp;&nbsp;<\/li>\n\n\n\n<li>z no\u017cycami.&nbsp;<\/li>\n<\/ul>\n\n\n\n<p><strong>W zale\u017cno\u015bci od nap\u0119du:&nbsp;<\/strong><\/p>\n\n\n\n<ul class=\"wp-block-list\">\n<li>r\u0119czny,&nbsp;<\/li>\n\n\n\n<li>spalinowo \u2013 elektryczny,&nbsp;<\/li>\n\n\n\n<li>spalinowy.&nbsp;<\/li>\n<\/ul>\n\n\n\n<h2 class=\"wp-block-heading\">Pozosta\u0142e z naszych kurs\u00f3w&nbsp;&nbsp;<\/h2>\n\n\n\n<p>Organizujemy r\u00f3wnie\u017c inne kursy dla kierowc\u00f3w i opiekun\u00f3w. Nasze kursy obejmuj\u0105 sprz\u0119t taki jak:&nbsp;&nbsp;<\/p>\n\n\n\n<ul class=\"wp-block-list\">\n<li>w\u00f3zki wid\u0142owe,&nbsp;&nbsp;<\/li>\n\n\n\n<li>suwnice,&nbsp;&nbsp;<\/li>\n\n\n\n<li>wszystkie typy d\u017awig\u00f3w,&nbsp;&nbsp;<\/li>\n\n\n\n<li>wci\u0105garki i wci\u0105gniki.&nbsp;&nbsp;<\/li>\n<\/ul>\n\n\n\n<p>W przypadku zainteresowania nasz\u0105 ofert\u0105 <a href=\"https:\/\/kursy-udt.pl\/ua\/kontakt\/\">prosimy o kontakt<\/a>. Ch\u0119tnie porozmawiamy o programie szkolenia i innych sprawach z nim zwi\u0105zanych.<\/p>\n\n\n\n<h2 class=\"wp-block-heading\">Pytania i odpowiedzi<\/h2>\n\n\n\t\t<details\t\thelp class=\"sc_fs_faq sc_card    \"\n\t\topen\t\t>\n\t\t\t\t\t<summary>\n\t\t\t\t<h3>Co musz\u0119 zrobi\u0107, aby zapisa\u0107 si\u0119 na kurs konserwatora \u017curawia?<\/h3>\t\t\t\t\t<\/summary>\n\t\t\t\t<div>\n\t\t\t\t\t\t<div class=\"sc_fs_faq__content\">\n\t\t\t\t\n\n<p>Przed przyst\u0105pieniem do kursu, zastan\u00f3w si\u0119 czy spe\u0142niasz nasze podstawowe wymagania. S\u0105 nimi: pe\u0142noletnio\u015b\u0107, wykszta\u0142cenie podstawowe oraz brak przeciwwskaza\u0144 medycznych.<\/p>\n\n\t\t\t<\/div>\n\t\t<\/div>\n\t\t<\/details>\n\t\t\t\t<details\t\thelp class=\"sc_fs_faq sc_card    \"\n\t\t\t\t>\n\t\t\t\t\t<summary>\n\t\t\t\t<h3>Jak wygl\u0105da kurs?<\/h3>\t\t\t\t\t<\/summary>\n\t\t\t\t<div>\n\t\t\t\t\t\t<div class=\"sc_fs_faq__content\">\n\t\t\t\t\n\n<p>Kurs sk\u0142ada si\u0119 z zaj\u0119\u0107 teoretycznych i praktycznych. Program szkolenia obejmuje wszystko, co jest potrzebne do zaliczenia egzaminu i p\u00f3\u017aniejszej pracy w zawodzie.&nbsp;<\/p>\n\n\t\t\t<\/div>\n\t\t<\/div>\n\t\t<\/details>\n\t\t\t\t<details\t\thelp class=\"sc_fs_faq sc_card    \"\n\t\t\t\t>\n\t\t\t\t\t<summary>\n\t\t\t\t<h3>Jak wygl\u0105da egzamin?<\/h3>\t\t\t\t\t<\/summary>\n\t\t\t\t<div>\n\t\t\t\t\t\t<div class=\"sc_fs_faq__content\">\n\t\t\t\t\n\n<p>Egzamin odbywa si\u0119 przed komisj\u0105 TDT. Podobnie jak kurs, sk\u0142ada si\u0119 z cz\u0119\u015bci praktycznej i teoretycznej. Jego zaliczenie to gwarancja uzyskania uprawnie\u0144.<\/p>\n\n\t\t\t<\/div>\n\t\t<\/div>\n\t\t<\/details>\n\t\t\n<script type=\"application\/ld+json\">\n\t{\n\t\t\"@context\": \"https:\/\/schema.org\",\n\t\t\"@type\": \"FAQPage\",\n\t\t\"mainEntity\": [\n\t\t\t\t\t{\n\t\t\t\t\"@type\": \"Question\",\n\t\t\t\t\"name\": \"Co musz\u0119 zrobi\u0107, aby zapisa\u0107 si\u0119 na kurs konserwatora \u017curawia?\",\n\t\t\t\t\"acceptedAnswer\": {\n\t\t\t\t\t\"@type\": \"Answer\",\n\t\t\t\t\t\"text\": \"<p>Przed przyst\u0105pieniem do kursu, zastan\u00f3w si\u0119 czy spe\u0142niasz nasze podstawowe wymagania. S\u0105 nimi: pe\u0142noletnio\u015b\u0107, wykszta\u0142cenie podstawowe oraz brak przeciwwskaza\u0144 medycznych.<\/p>\"\n\t\t\t\t\t\t\t\t\t}\n\t\t\t}\n\t\t\t,\t\t\t\t{\n\t\t\t\t\"@type\": \"Question\",\n\t\t\t\t\"name\": \"Jak wygl\u0105da kurs?\",\n\t\t\t\t\"acceptedAnswer\": {\n\t\t\t\t\t\"@type\": \"Answer\",\n\t\t\t\t\t\"text\": \"<p>Kurs sk\u0142ada si\u0119 z zaj\u0119\u0107 teoretycznych i praktycznych. Program szkolenia obejmuje wszystko, co jest potrzebne do zaliczenia egzaminu i p\u00f3\u017aniejszej pracy w zawodzie.&nbsp;<\/p>\"\n\t\t\t\t\t\t\t\t\t}\n\t\t\t}\n\t\t\t,\t\t\t\t{\n\t\t\t\t\"@type\": \"Question\",\n\t\t\t\t\"name\": \"Jak wygl\u0105da egzamin?\",\n\t\t\t\t\"acceptedAnswer\": {\n\t\t\t\t\t\"@type\": \"Answer\",\n\t\t\t\t\t\"text\": \"<p>Egzamin odbywa si\u0119 przed komisj\u0105 TDT. Podobnie jak kurs, sk\u0142ada si\u0119 z cz\u0119\u015bci praktycznej i teoretycznej. Jego zaliczenie to gwarancja uzyskania uprawnie\u0144.<\/p>\"\n\t\t\t\t\t\t\t\t\t}\n\t\t\t}\n\t\t\t\t\t\t]\n\t}\n<\/script>\n","protected":false},"excerpt":{"rendered":"<p>Konserwator \u017curawi kolejowych i na pojazdach kolejowych&nbsp; Nasze szkolenia to gwarancja profesjonalnego przygotowania do zawodu konserwatora \u017curawi kolejowych. Jest to zaw\u00f3d szczeg\u00f3lnie wa\u017cny w bran\u017cy kolejowej. Specjalista tych urz\u0105dze\u0144 pracuje przy naprawie poci\u0105g\u00f3w i innych maszyn tego typu.&nbsp; Nasz program szkolenia&nbsp; Nasz program szkoleniowy charakteryzuje si\u0119 nastawieniem na wysoki poziom nauczania, kt\u00f3ry zwi\u0105zany jest z tym, \u017ce kursanci zdobywaj\u0105 wa\u017cn\u0105 i jednocze\u015bnie niezb\u0119dn\u0105 wiedz\u0119 dotycz\u0105c\u0105 pracy z d\u017awigiem kolejowym. Na naszym szkoleniu dowiesz si\u0119:&nbsp; Naszym zadaniem jest przygotowanie praktykanta do przysz\u0142ych obowi\u0105zk\u00f3w i egzaminu TDT. &nbsp; Jak uzyska\u0107 uprawnienia do obs\u0142ugi lub konserwacji?&nbsp;&nbsp; Je\u015bli chcemy zdoby\u0107 uprawnienia na d\u017awig, nale\u017cy najpierw uko\u0144czy\u0107 kurs. W trakcie szkolenia kandydat powinien zdoby\u0107 niezb\u0119dne informacje, aby m\u00f3g\u0142 w pierwszej kolejno\u015bci pracowa\u0107 z d\u017awigiem. Po uko\u0144czeniu kursu nale\u017cy uda\u0107 si\u0119 na egzamin. Sk\u0142ada si\u0119 on z 2 cz\u0119\u015bci. Pierwsza koncentruje si\u0119 na wiedzy teoretycznej tj. musimy zda\u0107 pisemny test. Celem cz\u0119\u015bci drugiej jest przedstawienie nabytych umiej\u0119tno\u015bci z praktyki. &nbsp; Kwalifikacje zawodowe Po zdaniu obu cz\u0119\u015bci, otrzymuje si\u0119 dokument potwierdzaj\u0105cy kwalifikacje. Bardzo wa\u017cne jest pami\u0119tanie, \u017ce uprawnienia te s\u0105 wa\u017cne przez 5 lat od daty ich otrzymania, cho\u0107 okres ich wa\u017cno\u015bci mo\u017ce zosta\u0107 przed\u0142u\u017cony. Aby licencja by\u0142a wa\u017cna d\u0142u\u017cej, musimy z\u0142o\u017cy\u0107 wniosek co najmniej 3 miesi\u0105ce przed jej przeterminowaniem. Je\u015bli te wymagania zostan\u0105 spe\u0142nione, mo\u017cemy liczy\u0107 na pozytywne rozpatrzenie wniosku.&nbsp;&nbsp; Jakie s\u0105 wymagania do rozpocz\u0119cia kurs?&nbsp;&nbsp; Aby zapisa\u0107 si\u0119 na szkolenie nale\u017cy spe\u0142ni\u0107 nast\u0119puj\u0105ce wymagania:&nbsp;&nbsp; \u017burawie kolejowe \u2013 specyfika&nbsp; D\u017awigi kolejowe wykorzystywane s\u0105 do cel\u00f3w budowlanych przy monta\u017cu przemys\u0142owych konstrukcji stalowych, a tak\u017ce ci\u0119\u017ckich konstrukcji stalowych (np. hutniczych) oraz konstrukcji \u017celbetowych, [&hellip;]<\/p>\n","protected":false},"author":6,"featured_media":4939,"parent":2721,"menu_order":0,"comment_status":"closed","ping_status":"closed","template":"","meta":{"sfsi_plus_gutenberg_text_before_share":"","sfsi_plus_gutenberg_show_text_before_share":"","sfsi_plus_gutenberg_icon_type":"","sfsi_plus_gutenberg_icon_alignemt":"","sfsi_plus_gutenburg_max_per_row":"","footnotes":""},"class_list":["post-4937","page","type-page","status-publish","has-post-thumbnail","hentry","has_thumb"],"aioseo_notices":[],"_links":{"self":[{"href":"https:\/\/kursy-udt.pl\/ua\/wp-json\/wp\/v2\/pages\/4937","targetHints":{"allow":["GET"]}}],"collection":[{"href":"https:\/\/kursy-udt.pl\/ua\/wp-json\/wp\/v2\/pages"}],"about":[{"href":"https:\/\/kursy-udt.pl\/ua\/wp-json\/wp\/v2\/types\/page"}],"author":[{"embeddable":true,"href":"https:\/\/kursy-udt.pl\/ua\/wp-json\/wp\/v2\/users\/6"}],"replies":[{"embeddable":true,"href":"https:\/\/kursy-udt.pl\/ua\/wp-json\/wp\/v2\/comments?post=4937"}],"version-history":[{"count":7,"href":"https:\/\/kursy-udt.pl\/ua\/wp-json\/wp\/v2\/pages\/4937\/revisions"}],"predecessor-version":[{"id":5509,"href":"https:\/\/kursy-udt.pl\/ua\/wp-json\/wp\/v2\/pages\/4937\/revisions\/5509"}],"up":[{"embeddable":true,"href":"https:\/\/kursy-udt.pl\/ua\/wp-json\/wp\/v2\/pages\/2721"}],"wp:featuredmedia":[{"embeddable":true,"href":"https:\/\/kursy-udt.pl\/ua\/wp-json\/wp\/v2\/media\/4939"}],"wp:attachment":[{"href":"https:\/\/kursy-udt.pl\/ua\/wp-json\/wp\/v2\/media?parent=4937"}],"curies":[{"name":"wp","href":"https:\/\/api.w.org\/{rel}","templated":true}]}}