{"id":4926,"date":"2023-03-03T18:42:24","date_gmt":"2023-03-03T17:42:24","guid":{"rendered":"https:\/\/kursy-udt.pl\/?page_id=4926"},"modified":"2023-03-08T12:12:31","modified_gmt":"2023-03-08T11:12:31","slug":"%d1%81%d0%b5%d1%80%d0%b2%d1%96%d1%81%d0%bd%d0%b0-%d0%bf%d1%96%d0%b4%d1%82%d1%80%d0%b8%d0%bc%d0%ba%d0%b0-%d0%bf%d0%bb%d0%b0%d0%b2%d1%83%d1%87%d0%be%d0%b3%d0%be-%d0%bf%d0%bb%d1%8f%d0%b6%d1%83","status":"publish","type":"page","link":"https:\/\/kursy-udt.pl\/ua\/szkolenia\/udt-wdt-tdt\/obsluga-zurawi-plywajacych\/","title":{"rendered":"\u0414\u043e\u0437\u0432\u0456\u043b TDT \u043d\u0430 \u0435\u043a\u0441\u043f\u043b\u0443\u0430\u0442\u0430\u0446\u0456\u044e \u043f\u043b\u0430\u0432\u0443\u0447\u0438\u0445 \u043a\u0440\u0430\u043d\u0456\u0432"},"content":{"rendered":"\n<h2 class=\"wp-block-heading\">Szkolenie z obs\u0142ugi \u017curawia p\u0142ywaj\u0105cego&nbsp;<\/h2>\n\n\n<div class=\"wp-block-image\">\n<figure class=\"alignright size-large is-resized\"><a href=\"https:\/\/kursy-udt.pl\/wp-content\/uploads\/2023\/02\/screen_2x-23.jpg\"><img loading=\"lazy\" decoding=\"async\" src=\"https:\/\/kursy-udt.pl\/wp-content\/uploads\/2023\/02\/screen_2x-23-1024x683.jpg\" alt=\"\u017curaw na platformie wiertniczej\" class=\"wp-image-4928\" width=\"512\" height=\"342\" srcset=\"https:\/\/kursy-udt.pl\/wp-content\/uploads\/2023\/02\/screen_2x-23-1024x683.jpg 1024w, https:\/\/kursy-udt.pl\/wp-content\/uploads\/2023\/02\/screen_2x-23-300x200.jpg 300w, https:\/\/kursy-udt.pl\/wp-content\/uploads\/2023\/02\/screen_2x-23-768x512.jpg 768w, https:\/\/kursy-udt.pl\/wp-content\/uploads\/2023\/02\/screen_2x-23-1536x1024.jpg 1536w, https:\/\/kursy-udt.pl\/wp-content\/uploads\/2023\/02\/screen_2x-23-18x12.jpg 18w, https:\/\/kursy-udt.pl\/wp-content\/uploads\/2023\/02\/screen_2x-23-624x416.jpg 624w, https:\/\/kursy-udt.pl\/wp-content\/uploads\/2023\/02\/screen_2x-23.jpg 1600w\" sizes=\"auto, (max-width: 512px) 100vw, 512px\" \/><\/a><\/figure>\n<\/div>\n\n\n<p>Nasza firma oferuje kursy na uzyskanie uprawnie\u0144 na d\u017awigi p\u0142ywaj\u0105ce i inne maszyny transportu bliskiego. W naszej ofercie zawieraj\u0105 si\u0119 kursy prowadzone przez do\u015bwiadczony i odpowiednio przeszkolony personel, pracuj\u0105cy w zawodzie operatora i konserwatora d\u017awig\u00f3w pok\u0142adowych. Szkolimy na nowoczesnych maszynach od r\u00f3\u017cnych producent\u00f3w i przestrzegamy przepis\u00f3w <a href=\"https:\/\/kursy-udt.pl\/ua\/szkolenia\/bhp-bezpieczenstwo-pracy\/prawna-ochrona-pracy\/\">BHP<\/a> oraz wymog\u00f3w organ\u00f3w kontrolnych. Nasz o\u015brodek oferuje kompleksowe i rzetelne przygotowanie do egzaminu TDT. Kursy organizowane w naszym o\u015brodku pomog\u0105 zdoby\u0107 niezb\u0119dne kwalifikacje i umiej\u0119tno\u015bci obs\u0142ugi d\u017awig\u00f3w p\u0142ywaj\u0105cych. Pomo\u017cemy dope\u0142ni\u0107 formalno\u015bci na ka\u017cdym etapie szkolenia i odpowiemy na wszelkie pytania. &nbsp;<\/p>\n\n\n\n<h2 class=\"wp-block-heading\">Jak wygl\u0105da szkolenie?&nbsp;<\/h2>\n\n\n\n<p>Szkolenie dla operator\u00f3w d\u017awig\u00f3w p\u0142ywaj\u0105cych sk\u0142ada si\u0119&nbsp;\u2013 podobnie jak sam kurs \u2013 z dw\u00f3ch cz\u0119\u015bci: teoretycznej i praktycznej. Nasz program kursu obejmuje najwa\u017cniejsze rzeczy potrzebne do uzyskania kwalifikacji TDT. <\/p>\n\n\n\n<p><strong>Nasz kursant poznaje: <\/strong>&nbsp;<\/p>\n\n\n\n<ul class=\"wp-block-list\">\n<li>rodzaje urz\u0105dze\u0144 manipulacyjnych,&nbsp;&nbsp;<\/li>\n\n\n\n<li>poj\u0119cie \u017curawi stacjonarnych,<\/li>\n\n\n\n<li>bezpieczna eksploatacja,&nbsp;&nbsp;<\/li>\n\n\n\n<li>budow\u0119 \u017curawi okr\u0119towych,&nbsp;&nbsp;<\/li>\n\n\n\n<li>zagro\u017cenia i zasady bezpiecze\u0144stwa i higieny pracy,&nbsp;&nbsp;<\/li>\n\n\n\n<li>zasady w\u0142a\u015bciwego u\u017cytkowania d\u017awig\u00f3w p\u0142ywaj\u0105cych.&nbsp;&nbsp;<\/li>\n<\/ul>\n\n\n<div class=\"wp-block-image\">\n<figure class=\"alignleft size-large is-resized\"><a href=\"https:\/\/kursy-udt.pl\/wp-content\/uploads\/2023\/02\/screen_2x-26.jpg\"><img loading=\"lazy\" decoding=\"async\" src=\"https:\/\/kursy-udt.pl\/wp-content\/uploads\/2023\/02\/screen_2x-26-1024x681.jpg\" alt=\"\u017curaw statkowy podczas pracy\" class=\"wp-image-4929\" width=\"512\" height=\"341\" srcset=\"https:\/\/kursy-udt.pl\/wp-content\/uploads\/2023\/02\/screen_2x-26-1024x681.jpg 1024w, https:\/\/kursy-udt.pl\/wp-content\/uploads\/2023\/02\/screen_2x-26-300x200.jpg 300w, https:\/\/kursy-udt.pl\/wp-content\/uploads\/2023\/02\/screen_2x-26-768x511.jpg 768w, https:\/\/kursy-udt.pl\/wp-content\/uploads\/2023\/02\/screen_2x-26-1536x1021.jpg 1536w, https:\/\/kursy-udt.pl\/wp-content\/uploads\/2023\/02\/screen_2x-26-18x12.jpg 18w, https:\/\/kursy-udt.pl\/wp-content\/uploads\/2023\/02\/screen_2x-26-624x415.jpg 624w, https:\/\/kursy-udt.pl\/wp-content\/uploads\/2023\/02\/screen_2x-26.jpg 1600w\" sizes=\"auto, (max-width: 512px) 100vw, 512px\" \/><\/a><\/figure>\n<\/div>\n\n\n<p>Po szkoleniu kursant przyst\u0119puje do egzaminu przed komisj\u0105 Transportowego Dozoru Technicznego. Dopiero po uzyskaniu pozytywnego wyniku egzaminu pa\u0144stwowego wydane zostaje zezwolenie na wykonywanie zawodu. &nbsp;<\/p>\n\n\n\n<p>Praca wykonywana bez odpowiednich kwalifikacji zawodowych jest niezgodna z prawem.<\/p>\n\n\n\n<h2 class=\"wp-block-heading\">Warunki przyst\u0105pienia do kursu<\/h2>\n\n\n\n<ul class=\"wp-block-list\">\n<li>wykszta\u0142cenie co najmniej podstawowe,&nbsp;&nbsp;<\/li>\n\n\n\n<li>uko\u0144czone co najmniej 18 lat,&nbsp;&nbsp;<\/li>\n\n\n\n<li>odpowiednie orzeczenie lekarskie o mo\u017cliwo\u015bci wykonywania zawodu.&nbsp;<\/li>\n<\/ul>\n\n\n\n<h2 class=\"wp-block-heading\">D\u017awigi p\u0142ywaj\u0105ce&nbsp;\u2013 definicja&nbsp;<\/h2>\n\n\n\n<p>\u017burawie p\u0142ywaj\u0105ce&nbsp;\u2013 zwane tak\u017ce d\u017awigami pok\u0142adowymi i okr\u0119towymi&nbsp;\u2013 to maszyny u\u017cywane w transporcie morskim i portowym. S\u0142u\u017c\u0105 do podnoszenia i transportu ci\u0119\u017ckich \u0142adunk\u00f3w. D\u017awigi p\u0142ywaj\u0105ce mog\u0105 by\u0107 samobie\u017cne lub stacjonarne. Korzystanie z d\u017awig\u00f3w pok\u0142adowych wymaga posiadania niezb\u0119dnych zezwole\u0144 wydanych przez TDT. Zezwolenia takie mo\u017cna uzyska\u0107 po zdaniu egzaminu. Nasze kursy u\u0142atwiaj\u0105 przygotowanie do zdobycia w\u0142a\u015bciwych uprawnie\u0144 zawodowych. &nbsp;&nbsp;<\/p>\n\n\n\n<h2 class=\"wp-block-heading\">D\u017awigi p\u0142ywaj\u0105ce zalety&nbsp;&nbsp;<\/h2>\n\n\n\n<p>D\u017awigi okr\u0119towe maj\u0105 trzy najwa\u017cniejsze zastosowania:&nbsp;&nbsp;<\/p>\n\n\n\n<ul class=\"wp-block-list\">\n<li>transport portowy,&nbsp;<\/li>\n\n\n\n<li>transport morski,&nbsp;&nbsp;<\/li>\n\n\n\n<li>transport za\u0142adunkowy.&nbsp;&nbsp;<\/li>\n<\/ul>\n\n\n\n<h2 class=\"wp-block-heading\">Rodzaje \u017curawi pok\u0142adowych&nbsp;<\/h2>\n\n\n<div class=\"wp-block-image\">\n<figure class=\"alignright size-large is-resized\"><a href=\"https:\/\/kursy-udt.pl\/wp-content\/uploads\/2023\/02\/screen_2x-24-1.jpg\"><img loading=\"lazy\" decoding=\"async\" src=\"https:\/\/kursy-udt.pl\/wp-content\/uploads\/2023\/02\/screen_2x-24-1-1024x683.jpg\" alt=\"\u017buraw p\u0142ywaj\u0105cy w porcie.\" class=\"wp-image-4930\" width=\"512\" height=\"342\" srcset=\"https:\/\/kursy-udt.pl\/wp-content\/uploads\/2023\/02\/screen_2x-24-1-1024x683.jpg 1024w, https:\/\/kursy-udt.pl\/wp-content\/uploads\/2023\/02\/screen_2x-24-1-300x200.jpg 300w, https:\/\/kursy-udt.pl\/wp-content\/uploads\/2023\/02\/screen_2x-24-1-768x512.jpg 768w, https:\/\/kursy-udt.pl\/wp-content\/uploads\/2023\/02\/screen_2x-24-1-1536x1024.jpg 1536w, https:\/\/kursy-udt.pl\/wp-content\/uploads\/2023\/02\/screen_2x-24-1-18x12.jpg 18w, https:\/\/kursy-udt.pl\/wp-content\/uploads\/2023\/02\/screen_2x-24-1-624x416.jpg 624w, https:\/\/kursy-udt.pl\/wp-content\/uploads\/2023\/02\/screen_2x-24-1.jpg 1600w\" sizes=\"auto, (max-width: 512px) 100vw, 512px\" \/><\/a><\/figure>\n<\/div>\n\n\n<p>S\u0105 dwa najwa\u017cniejsze rodzaje d\u017awig\u00f3w pok\u0142adowych:&nbsp;<\/p>\n\n\n\n<ul class=\"wp-block-list\">\n<li><strong>d\u017awig z obrotow\u0105 d\u017awigni\u0105<\/strong> \u2013 urz\u0105dzenie jest zamontowane na wale i mo\u017ce obraca\u0107 si\u0119 o 360 stopni. Ten typ \u017curawia jest znacznie dro\u017cszy w budowie i trudniejszy w obs\u0142udze, ale jest bardziej wszechstronny i wydajny podczas pracy z du\u017cymi masami,&nbsp;<\/li>\n\n\n\n<li><strong>\u017curaw pok\u0142adowy stacjonarny<\/strong> \u2013 urz\u0105dzenie mo\u017ce porusza\u0107 si\u0119 tylko w prz\u00f3d i w ty\u0142 oraz podnosi\u0107 i opuszcza\u0107 hak. Ruch boczny wyst\u0119puje tylko wtedy, gdy statek si\u0119 obraca. Tego typu \u017curawie s\u0105 ta\u0144sze i \u0142atwiejsze w budowie, a dzi\u0119ki swojej stabilno\u015bci wytrzymuj\u0105 wi\u0119ksze obci\u0105\u017cenia.&nbsp;&nbsp;<\/li>\n<\/ul>\n\n\n\n<h2 class=\"wp-block-heading\">Pytania i odpowiedzi<\/h2>\n\n\n\t\t<details\t\thelp class=\"sc_fs_faq sc_card    \"\n\t\topen\t\t>\n\t\t\t\t\t<summary>\n\t\t\t\t<h3>Jak przebiega szkolenia z obs\u0142ugi \u017curawi p\u0142ywaj\u0105cych?<\/h3>\t\t\t\t\t<\/summary>\n\t\t\t\t<div>\n\t\t\t\t\t\t<div class=\"sc_fs_faq__content\">\n\t\t\t\t\n\n<p>Nasze szkolenie sk\u0142ada si\u0119 z cz\u0119\u015bci teoretycznej i praktycznej. Podczas praktyk uczestnicy wykonuj\u0105 zadania z maszynami pod okiem naszej do\u015bwiadczonej i profesjonalnej kadry.<\/p>\n\n\t\t\t<\/div>\n\t\t<\/div>\n\t\t<\/details>\n\t\t\t\t<details\t\thelp class=\"sc_fs_faq sc_card    \"\n\t\t\t\t>\n\t\t\t\t\t<summary>\n\t\t\t\t<h3>Jakie s\u0105 wymagania dotycz\u0105ce przyst\u0105pienia do kursu?<\/h3>\t\t\t\t\t<\/summary>\n\t\t\t\t<div>\n\t\t\t\t\t\t<div class=\"sc_fs_faq__content\">\n\t\t\t\t\n\n<p>Musisz mie\u0107 co najmniej 18 lat i posiada\u0107 przynajmniej podstawowe wykszta\u0142cenie. Nale\u017cy r\u00f3wnie\u017c uzyska\u0107 od lekarza w\u0142a\u015bciwe za\u015bwiadczenie zdrowotne.<\/p>\n\n\t\t\t<\/div>\n\t\t<\/div>\n\t\t<\/details>\n\t\t\t\t<details\t\thelp class=\"sc_fs_faq sc_card    \"\n\t\t\t\t>\n\t\t\t\t\t<summary>\n\t\t\t\t<h3>Gdzie mo\u017cna pracowa\u0107 po otrzymaniu uprawnie\u0144 operatora \u017curawia p\u0142ywaj\u0105cego?<\/h3>\t\t\t\t\t<\/summary>\n\t\t\t\t<div>\n\t\t\t\t\t\t<div class=\"sc_fs_faq__content\">\n\t\t\t\t\n\n<p>Po zdobyciu uprawnie\u0144 na operatora \u017curawi p\u0142ywaj\u0105cych, prac\u0119 z \u0142atwo\u015bci\u0105 mo\u017cna znale\u017a\u0107 w portach, stoczniach i na morzu.<\/p>\n\n\t\t\t<\/div>\n\t\t<\/div>\n\t\t<\/details>\n\t\t\n<script type=\"application\/ld+json\">\n\t{\n\t\t\"@context\": \"https:\/\/schema.org\",\n\t\t\"@type\": \"FAQPage\",\n\t\t\"mainEntity\": [\n\t\t\t\t\t{\n\t\t\t\t\"@type\": \"Question\",\n\t\t\t\t\"name\": \"Jak przebiega szkolenia z obs\u0142ugi \u017curawi p\u0142ywaj\u0105cych?\",\n\t\t\t\t\"acceptedAnswer\": {\n\t\t\t\t\t\"@type\": \"Answer\",\n\t\t\t\t\t\"text\": \"<p>Nasze szkolenie sk\u0142ada si\u0119 z cz\u0119\u015bci teoretycznej i praktycznej. Podczas praktyk uczestnicy wykonuj\u0105 zadania z maszynami pod okiem naszej do\u015bwiadczonej i profesjonalnej kadry.<\/p>\"\n\t\t\t\t\t\t\t\t\t}\n\t\t\t}\n\t\t\t,\t\t\t\t{\n\t\t\t\t\"@type\": \"Question\",\n\t\t\t\t\"name\": \"Jakie s\u0105 wymagania dotycz\u0105ce przyst\u0105pienia do kursu?\",\n\t\t\t\t\"acceptedAnswer\": {\n\t\t\t\t\t\"@type\": \"Answer\",\n\t\t\t\t\t\"text\": \"<p>Musisz mie\u0107 co najmniej 18 lat i posiada\u0107 przynajmniej podstawowe wykszta\u0142cenie. Nale\u017cy r\u00f3wnie\u017c uzyska\u0107 od lekarza w\u0142a\u015bciwe za\u015bwiadczenie zdrowotne.<\/p>\"\n\t\t\t\t\t\t\t\t\t}\n\t\t\t}\n\t\t\t,\t\t\t\t{\n\t\t\t\t\"@type\": \"Question\",\n\t\t\t\t\"name\": \"Gdzie mo\u017cna pracowa\u0107 po otrzymaniu uprawnie\u0144 operatora \u017curawia p\u0142ywaj\u0105cego?\",\n\t\t\t\t\"acceptedAnswer\": {\n\t\t\t\t\t\"@type\": \"Answer\",\n\t\t\t\t\t\"text\": \"<p>Po zdobyciu uprawnie\u0144 na operatora \u017curawi p\u0142ywaj\u0105cych, prac\u0119 z \u0142atwo\u015bci\u0105 mo\u017cna znale\u017a\u0107 w portach, stoczniach i na morzu.<\/p>\"\n\t\t\t\t\t\t\t\t\t}\n\t\t\t}\n\t\t\t\t\t\t]\n\t}\n<\/script>\n","protected":false},"excerpt":{"rendered":"<p>\u041d\u0430\u0432\u0447\u0430\u043d\u043d\u044f \u043d\u0430 \u043f\u043b\u0430\u0432\u0443\u0447\u043e\u043c\u0443 \u043a\u0440\u0430\u043d\u0456 \u041d\u0430\u0448\u0430 \u043a\u043e\u043c\u043f\u0430\u043d\u0456\u044f \u043f\u0440\u043e\u043f\u043e\u043d\u0443\u0454 \u043a\u0443\u0440\u0441\u0438 \u0434\u043b\u044f \u043e\u0442\u0440\u0438\u043c\u0430\u043d\u043d\u044f \u043a\u0432\u0430\u043b\u0456\u0444\u0456\u043a\u0430\u0446\u0456\u0457 \u0434\u043b\u044f \u043f\u043b\u0430\u0432\u0443\u0447\u0438\u0445 \u043a\u0440\u0430\u043d\u0456\u0432 \u0442\u0430 \u0456\u043d\u0448\u043e\u0457 \u0432\u0430\u043d\u0442\u0430\u0436\u043d\u043e-\u0440\u043e\u0437\u0432\u0430\u043d\u0442\u0430\u0436\u0443\u0432\u0430\u043b\u044c\u043d\u043e\u0457 \u0442\u0435\u0445\u043d\u0456\u043a\u0438. \u041d\u0430\u0448\u0430 \u043f\u0440\u043e\u043f\u043e\u0437\u0438\u0446\u0456\u044f \u0432\u043a\u043b\u044e\u0447\u0430\u0454 \u043a\u0443\u0440\u0441\u0438, \u044f\u043a\u0456 \u043f\u0440\u043e\u0432\u043e\u0434\u044f\u0442\u044c\u0441\u044f \u0434\u043e\u0441\u0432\u0456\u0434\u0447\u0435\u043d\u0438\u043c\u0438 \u0442\u0430 \u043d\u0430\u043b\u0435\u0436\u043d\u0438\u043c \u0447\u0438\u043d\u043e\u043c \u043f\u0456\u0434\u0433\u043e\u0442\u043e\u0432\u043b\u0435\u043d\u0438\u043c\u0438 \u0444\u0430\u0445\u0456\u0432\u0446\u044f\u043c\u0438, \u0449\u043e \u043f\u0440\u0430\u0446\u044e\u044e\u0442\u044c \u043e\u043f\u0435\u0440\u0430\u0442\u043e\u0440\u0430\u043c\u0438 \u0442\u0430 \u043e\u0431\u0441\u043b\u0443\u0433\u043e\u0432\u0443\u044e\u0447\u0438\u043c \u043f\u0435\u0440\u0441\u043e\u043d\u0430\u043b\u043e\u043c \u043f\u0430\u043b\u0443\u0431\u043d\u0438\u0445 \u043a\u0440\u0430\u043d\u0456\u0432. \u041c\u0438 \u043f\u0440\u043e\u0432\u043e\u0434\u0438\u043c\u043e \u043d\u0430\u0432\u0447\u0430\u043d\u043d\u044f \u043d\u0430 \u0441\u0443\u0447\u0430\u0441\u043d\u0438\u0445 \u043c\u0430\u0448\u0438\u043d\u0430\u0445 \u0440\u0456\u0437\u043d\u0438\u0445 \u0432\u0438\u0440\u043e\u0431\u043d\u0438\u043a\u0456\u0432, \u0434\u043e\u0442\u0440\u0438\u043c\u0443\u044e\u0447\u0438\u0441\u044c \u043f\u0440\u0430\u0432\u0438\u043b \u043e\u0445\u043e\u0440\u043e\u043d\u0438 \u043f\u0440\u0430\u0446\u0456 \u0442\u0430 \u0442\u0435\u0445\u043d\u0456\u043a\u0438 \u0431\u0435\u0437\u043f\u0435\u043a\u0438, \u0430 \u0442\u0430\u043a\u043e\u0436 \u0432\u0438\u043c\u043e\u0433 \u0456\u043d\u0441\u043f\u0435\u043a\u0446\u0456\u0439\u043d\u0438\u0445 \u043e\u0440\u0433\u0430\u043d\u0456\u0432. \u041d\u0430\u0448 \u0446\u0435\u043d\u0442\u0440 \u043f\u0440\u043e\u043f\u043e\u043d\u0443\u0454 \u043a\u043e\u043c\u043f\u043b\u0435\u043a\u0441\u043d\u0443 \u0442\u0430 \u043d\u0430\u0434\u0456\u0439\u043d\u0443 \u043f\u0456\u0434\u0433\u043e\u0442\u043e\u0432\u043a\u0443 \u0434\u043e \u0456\u0441\u043f\u0438\u0442\u0443 \u043d\u0430 \u043e\u0442\u0440\u0438\u043c\u0430\u043d\u043d\u044f \u043f\u043e\u0441\u0432\u0456\u0434\u0447\u0435\u043d\u043d\u044f TDT. \u041a\u0443\u0440\u0441\u0438, \u043e\u0440\u0433\u0430\u043d\u0456\u0437\u043e\u0432\u0430\u043d\u0456 \u0432 \u043d\u0430\u0448\u043e\u043c\u0443 \u0446\u0435\u043d\u0442\u0440\u0456, \u0434\u043e\u043f\u043e\u043c\u043e\u0436\u0443\u0442\u044c \u0432\u0430\u043c \u043e\u0442\u0440\u0438\u043c\u0430\u0442\u0438 \u043d\u0435\u043e\u0431\u0445\u0456\u0434\u043d\u0443 \u043a\u0432\u0430\u043b\u0456\u0444\u0456\u043a\u0430\u0446\u0456\u044e \u0442\u0430 \u043d\u0430\u0432\u0438\u0447\u043a\u0438 \u0434\u043b\u044f \u043a\u0435\u0440\u0443\u0432\u0430\u043d\u043d\u044f \u043f\u043b\u0430\u0432\u0443\u0447\u0438\u043c\u0438 \u043a\u0440\u0430\u043d\u0430\u043c\u0438. \u041c\u0438 \u0434\u043e\u043f\u043e\u043c\u043e\u0436\u0435\u043c\u043e \u0432\u0430\u043c \u0432\u0438\u043a\u043e\u043d\u0430\u0442\u0438 \u0432\u0441\u0456 \u0444\u043e\u0440\u043c\u0430\u043b\u044c\u043d\u043e\u0441\u0442\u0456 \u043d\u0430 \u043a\u043e\u0436\u043d\u043e\u043c\u0443 \u0435\u0442\u0430\u043f\u0456 \u043d\u0430\u0432\u0447\u0430\u043d\u043d\u044f \u0456 \u0432\u0456\u0434\u043f\u043e\u0432\u0456\u043c\u043e \u043d\u0430 \u0432\u0441\u0456 \u043f\u0438\u0442\u0430\u043d\u043d\u044f, \u044f\u043a\u0456 \u0443 \u0432\u0430\u0441 \u043c\u043e\u0436\u0443\u0442\u044c \u0432\u0438\u043d\u0438\u043a\u043d\u0443\u0442\u0438.   \u042f\u043a \u043f\u0440\u043e\u0445\u043e\u0434\u0438\u0442\u044c \u043d\u0430\u0432\u0447\u0430\u043d\u043d\u044f?  \u041f\u0456\u0434\u0433\u043e\u0442\u043e\u0432\u043a\u0430 \u043e\u043f\u0435\u0440\u0430\u0442\u043e\u0440\u0456\u0432 \u043f\u043b\u0430\u0432\u0443\u0447\u0438\u0445 \u043a\u0440\u0430\u043d\u0456\u0432 \u0441\u043a\u043b\u0430\u0434\u0430\u0454\u0442\u044c\u0441\u044f, \u044f\u043a \u0456 \u0441\u0430\u043c \u043a\u0443\u0440\u0441, \u0437 \u0434\u0432\u043e\u0445 \u0447\u0430\u0441\u0442\u0438\u043d: \u0442\u0435\u043e\u0440\u0435\u0442\u0438\u0447\u043d\u043e\u0457 \u0442\u0430 \u043f\u0440\u0430\u043a\u0442\u0438\u0447\u043d\u043e\u0457. \u041f\u0440\u043e\u0433\u0440\u0430\u043c\u0430 \u043a\u0443\u0440\u0441\u0443 \u043e\u0445\u043e\u043f\u043b\u044e\u0454 \u043d\u0430\u0439\u0432\u0430\u0436\u043b\u0438\u0432\u0456\u0448\u0456 \u043f\u0438\u0442\u0430\u043d\u043d\u044f, \u043d\u0435\u043e\u0431\u0445\u0456\u0434\u043d\u0456 \u0434\u043b\u044f \u043e\u0442\u0440\u0438\u043c\u0430\u043d\u043d\u044f \u043a\u0432\u0430\u043b\u0456\u0444\u0456\u043a\u0430\u0446\u0456\u0457 TDT. \u041d\u0430\u0448 \u0441\u043b\u0443\u0445\u0430\u0447 \u0432\u0447\u0438\u0442\u044c\u0441\u044f:   \u041f\u0456\u0441\u043b\u044f \u0437\u0430\u043a\u0456\u043d\u0447\u0435\u043d\u043d\u044f \u043a\u0443\u0440\u0441\u0443 \u043d\u0430\u0432\u0447\u0430\u043d\u043d\u044f \u0441\u043b\u0443\u0445\u0430\u0447 \u0441\u043a\u043b\u0430\u0434\u0430\u0454 \u0456\u0441\u043f\u0438\u0442 \u043f\u0435\u0440\u0435\u0434 \u043a\u043e\u043c\u0456\u0441\u0456\u0454\u044e \u0422\u0440\u0430\u043d\u0441\u043f\u043e\u0440\u0442\u043d\u043e\u0433\u043e \u0442\u0435\u0445\u043d\u0456\u0447\u043d\u043e\u0433\u043e \u043d\u0430\u0433\u043b\u044f\u0434\u0443. \u0422\u0456\u043b\u044c\u043a\u0438 \u043f\u0456\u0441\u043b\u044f \u0441\u043a\u043b\u0430\u0434\u0430\u043d\u043d\u044f \u0434\u0435\u0440\u0436\u0430\u0432\u043d\u043e\u0433\u043e \u0456\u0441\u043f\u0438\u0442\u0443 \u0432\u0438\u0434\u0430\u0454\u0442\u044c\u0441\u044f \u043b\u0456\u0446\u0435\u043d\u0437\u0456\u044f \u043d\u0430 \u0440\u043e\u0431\u043e\u0442\u0443.   \u0420\u043e\u0431\u043e\u0442\u0430 \u0431\u0435\u0437 \u0432\u0456\u0434\u043f\u043e\u0432\u0456\u0434\u043d\u043e\u0457 \u043f\u0440\u043e\u0444\u0435\u0441\u0456\u0439\u043d\u043e\u0457 \u043a\u0432\u0430\u043b\u0456\u0444\u0456\u043a\u0430\u0446\u0456\u0457 \u0454 \u043d\u0435\u0437\u0430\u043a\u043e\u043d\u043d\u043e\u044e. \u0423\u043c\u043e\u0432\u0438 \u043f\u0440\u043e\u0445\u043e\u0434\u0436\u0435\u043d\u043d\u044f \u043a\u0443\u0440\u0441\u0443 \u041f\u043b\u0430\u0432\u0443\u0447\u0456 \u043a\u0440\u0430\u043d\u0438 - \u0432\u0438\u0437\u043d\u0430\u0447\u0435\u043d\u043d\u044f \u041f\u043b\u0430\u0432\u0443\u0447\u0456 \u043a\u0440\u0430\u043d\u0438 - \u0442\u0430\u043a\u043e\u0436 \u0432\u0456\u0434\u043e\u043c\u0456 \u044f\u043a \u043f\u0430\u043b\u0443\u0431\u043d\u0456 \u0442\u0430 \u043a\u043e\u0440\u0430\u0431\u0435\u043b\u044c\u043d\u0456 \u043a\u0440\u0430\u043d\u0438 - \u0446\u0435 \u043c\u0430\u0448\u0438\u043d\u0438, \u0449\u043e \u0432\u0438\u043a\u043e\u0440\u0438\u0441\u0442\u043e\u0432\u0443\u044e\u0442\u044c\u0441\u044f \u0432 \u043c\u043e\u0440\u0441\u044c\u043a\u043e\u043c\u0443 \u0442\u0430 \u043f\u043e\u0440\u0442\u043e\u0432\u043e\u043c\u0443 \u0442\u0440\u0430\u043d\u0441\u043f\u043e\u0440\u0442\u0456. \u0412\u043e\u043d\u0438 \u0432\u0438\u043a\u043e\u0440\u0438\u0441\u0442\u043e\u0432\u0443\u044e\u0442\u044c\u0441\u044f \u0434\u043b\u044f \u043f\u0456\u0434\u0439\u043e\u043c\u0443 \u0456 \u0442\u0440\u0430\u043d\u0441\u043f\u043e\u0440\u0442\u0443\u0432\u0430\u043d\u043d\u044f \u0432\u0430\u0436\u043a\u0438\u0445 \u0432\u0430\u043d\u0442\u0430\u0436\u0456\u0432. \u041f\u043b\u0430\u0432\u0443\u0447\u0456 \u043a\u0440\u0430\u043d\u0438 \u043c\u043e\u0436\u0443\u0442\u044c \u0431\u0443\u0442\u0438 \u0441\u0430\u043c\u043e\u0445\u0456\u0434\u043d\u0438\u043c\u0438 \u0430\u0431\u043e \u0441\u0442\u0430\u0446\u0456\u043e\u043d\u0430\u0440\u043d\u0438\u043c\u0438. \u0412\u0438\u043a\u043e\u0440\u0438\u0441\u0442\u0430\u043d\u043d\u044f \u043f\u0430\u043b\u0443\u0431\u043d\u0438\u0445 \u043a\u0440\u0430\u043d\u0456\u0432 \u0432\u0438\u043c\u0430\u0433\u0430\u0454 \u043d\u0430\u044f\u0432\u043d\u043e\u0441\u0442\u0456 \u043d\u0435\u043e\u0431\u0445\u0456\u0434\u043d\u0438\u0445 \u0434\u043e\u0437\u0432\u043e\u043b\u0456\u0432, \u0449\u043e \u0432\u0438\u0434\u0430\u044e\u0442\u044c\u0441\u044f TDT. \u0422\u0430\u043a\u0456 \u0434\u043e\u0437\u0432\u043e\u043b\u0438 \u043c\u043e\u0436\u043d\u0430 \u043e\u0442\u0440\u0438\u043c\u0430\u0442\u0438 \u043f\u0456\u0441\u043b\u044f \u0441\u043a\u043b\u0430\u0434\u0430\u043d\u043d\u044f \u0456\u0441\u043f\u0438\u0442\u0443. \u041d\u0430\u0448\u0456 \u043a\u0443\u0440\u0441\u0438 \u0434\u043e\u0437\u0432\u043e\u043b\u044f\u044e\u0442\u044c \u043b\u0435\u0433\u043a\u043e \u043f\u0456\u0434\u0433\u043e\u0442\u0443\u0432\u0430\u0442\u0438\u0441\u044f \u0434\u043e \u043e\u0442\u0440\u0438\u043c\u0430\u043d\u043d\u044f \u0432\u0456\u0434\u043f\u043e\u0432\u0456\u0434\u043d\u0438\u0445 \u043f\u0440\u043e\u0444\u0435\u0441\u0456\u0439\u043d\u0438\u0445 \u0434\u043e\u0437\u0432\u043e\u043b\u0456\u0432.    \u041f\u0435\u0440\u0435\u0432\u0430\u0433\u0438 \u043f\u043b\u0430\u0432\u0443\u0447\u0438\u0445 \u043a\u0440\u0430\u043d\u0456\u0432 \u041a\u043e\u0440\u0430\u0431\u0435\u043b\u044c\u043d\u0456 \u043a\u0440\u0430\u043d\u0438 \u043c\u0430\u044e\u0442\u044c \u0442\u0440\u0438 \u043e\u0441\u043d\u043e\u0432\u043d\u0456 \u0441\u0444\u0435\u0440\u0438 \u0437\u0430\u0441\u0442\u043e\u0441\u0443\u0432\u0430\u043d\u043d\u044f:   \u0422\u0438\u043f\u0438 \u043f\u0430\u043b\u0443\u0431\u043d\u0438\u0445 \u043a\u0440\u0430\u043d\u0456\u0432 \u0406\u0441\u043d\u0443\u0454 \u0434\u0432\u0430 \u043e\u0441\u043d\u043e\u0432\u043d\u0438\u0445 \u0442\u0438\u043f\u0438 \u043f\u0430\u043b\u0443\u0431\u043d\u0438\u0445 \u043a\u0440\u0430\u043d\u0456\u0432:  \u041f\u0438\u0442\u0430\u043d\u043d\u044f \u0442\u0430 \u0432\u0456\u0434\u043f\u043e\u0432\u0456\u0434\u0456<\/p>","protected":false},"author":6,"featured_media":4927,"parent":2721,"menu_order":0,"comment_status":"closed","ping_status":"closed","template":"","meta":{"sfsi_plus_gutenberg_text_before_share":"","sfsi_plus_gutenberg_show_text_before_share":"","sfsi_plus_gutenberg_icon_type":"","sfsi_plus_gutenberg_icon_alignemt":"","sfsi_plus_gutenburg_max_per_row":"","footnotes":""},"class_list":["post-4926","page","type-page","status-publish","has-post-thumbnail","hentry","has_thumb"],"aioseo_notices":[],"_links":{"self":[{"href":"https:\/\/kursy-udt.pl\/ua\/wp-json\/wp\/v2\/pages\/4926","targetHints":{"allow":["GET"]}}],"collection":[{"href":"https:\/\/kursy-udt.pl\/ua\/wp-json\/wp\/v2\/pages"}],"about":[{"href":"https:\/\/kursy-udt.pl\/ua\/wp-json\/wp\/v2\/types\/page"}],"author":[{"embeddable":true,"href":"https:\/\/kursy-udt.pl\/ua\/wp-json\/wp\/v2\/users\/6"}],"replies":[{"embeddable":true,"href":"https:\/\/kursy-udt.pl\/ua\/wp-json\/wp\/v2\/comments?post=4926"}],"version-history":[{"count":12,"href":"https:\/\/kursy-udt.pl\/ua\/wp-json\/wp\/v2\/pages\/4926\/revisions"}],"predecessor-version":[{"id":5236,"href":"https:\/\/kursy-udt.pl\/ua\/wp-json\/wp\/v2\/pages\/4926\/revisions\/5236"}],"up":[{"embeddable":true,"href":"https:\/\/kursy-udt.pl\/ua\/wp-json\/wp\/v2\/pages\/2721"}],"wp:featuredmedia":[{"embeddable":true,"href":"https:\/\/kursy-udt.pl\/ua\/wp-json\/wp\/v2\/media\/4927"}],"wp:attachment":[{"href":"https:\/\/kursy-udt.pl\/ua\/wp-json\/wp\/v2\/media?parent=4926"}],"curies":[{"name":"wp","href":"https:\/\/api.w.org\/{rel}","templated":true}]}}