{"id":4842,"date":"2023-03-03T09:39:02","date_gmt":"2023-03-03T08:39:02","guid":{"rendered":"https:\/\/kursy-udt.pl\/?page_id=4842"},"modified":"2023-03-08T00:59:53","modified_gmt":"2023-03-07T23:59:53","slug":"%d0%be%d0%bf%d0%b5%d1%80%d0%b0%d1%82%d0%be%d1%80-%d0%bc%d0%be%d0%b1%d1%96%d0%bb%d1%8c%d0%bd%d0%be%d0%b3%d0%be-%d0%ba%d1%80%d0%b0%d0%bd%d0%b0","status":"publish","type":"page","link":"https:\/\/kursy-udt.pl\/ua\/szkolenia\/udt-wdt-tdt\/operator-zurawi-samojezdnych\/","title":{"rendered":"\u041d\u0430\u0432\u0447\u0430\u043d\u043d\u044f UDT - \u043c\u0430\u0448\u0438\u043d\u0456\u0441\u0442 \u0430\u0432\u0442\u043e\u043a\u0440\u0430\u043d\u0443"},"content":{"rendered":"\n<h2 class=\"wp-block-heading\">Obs\u0142uga \u017curawi samojezdnych &nbsp;\u2013 zdob\u0105d\u017a kwalifikacje zawodowe<\/h2>\n\n\n\n<p><a href=\"https:\/\/kursy-udt.pl\/ua\/o-firmie\/\">O\u015brodek Doskonalenia Kadr ERGON<\/a> organizuje kurs z obs\u0142ugi i konserwacji \u017curawi samojezdnych. Nasza wykwalifikowana kadra szkoleniowa przygotuje Ci\u0119 do egzaminu przed komisj\u0105 Urz\u0119du Dozoru Technicznego, po zdaniu, kt\u00f3rego b\u0119dziesz m\u00f3g\u0142 podj\u0105\u0107 prac\u0119 jako operator tego urz\u0105dzenia.&nbsp;<\/p>\n\n\n<div class=\"wp-block-image\">\n<figure class=\"alignright size-large is-resized\"><a href=\"https:\/\/kursy-udt.pl\/wp-content\/uploads\/2023\/02\/s2-3.jpg\"><img loading=\"lazy\" decoding=\"async\" src=\"https:\/\/kursy-udt.pl\/wp-content\/uploads\/2023\/02\/s2-3-1024x768.jpg\" alt=\"\u017buraw samojezdny na budowie\" class=\"wp-image-4844\" width=\"512\" height=\"384\" srcset=\"https:\/\/kursy-udt.pl\/wp-content\/uploads\/2023\/02\/s2-3-1024x768.jpg 1024w, https:\/\/kursy-udt.pl\/wp-content\/uploads\/2023\/02\/s2-3-300x225.jpg 300w, https:\/\/kursy-udt.pl\/wp-content\/uploads\/2023\/02\/s2-3-768x576.jpg 768w, https:\/\/kursy-udt.pl\/wp-content\/uploads\/2023\/02\/s2-3-1536x1152.jpg 1536w, https:\/\/kursy-udt.pl\/wp-content\/uploads\/2023\/02\/s2-3-16x12.jpg 16w, https:\/\/kursy-udt.pl\/wp-content\/uploads\/2023\/02\/s2-3-640x480.jpg 640w, https:\/\/kursy-udt.pl\/wp-content\/uploads\/2023\/02\/s2-3-624x468.jpg 624w, https:\/\/kursy-udt.pl\/wp-content\/uploads\/2023\/02\/s2-3.jpg 1600w\" sizes=\"auto, (max-width: 512px) 100vw, 512px\" \/><\/a><\/figure>\n<\/div>\n\n\n<h2 class=\"wp-block-heading\">Cel szkolenia&nbsp;<\/h2>\n\n\n\n<ul class=\"wp-block-list\">\n<li>rzetelne przygotowanie uczestnik\u00f3w kursu do egzaminu pa\u0144stwowego UDT,&nbsp;<\/li>\n\n\n\n<li>przekazanie wiedzy teoretycznej i praktycznych umiej\u0119tno\u015bci sterowania \u017curawiem samojezdnym,&nbsp;<\/li>\n\n\n\n<li>zwi\u0119kszenie swoich umiej\u0119tno\u015bci i kwalifikacji zawodowych.&nbsp;<\/li>\n<\/ul>\n\n\n\n<p><strong>Szkolenie umo\u017cliwia zdobycie kompetencji w zakresie:&nbsp;<\/strong><\/p>\n\n\n\n<ul class=\"wp-block-list\">\n<li>kierowania \u017curawiem samojezdnym,&nbsp;<\/li>\n\n\n\n<li>przeprowadzania kontroli jako\u015bci wykonywanych prac,&nbsp;<\/li>\n\n\n\n<li>dobrej komunikacji ze wsp\u00f3\u0142pracownikami i kierownictwem przy organizacji rob\u00f3t,&nbsp;<\/li>\n\n\n\n<li>umiej\u0119tno\u015bci pracy w r\u00f3\u017cnych warunkach atmosferycznych.&nbsp;<\/li>\n<\/ul>\n\n\n\n<h2 class=\"wp-block-heading\">\u017buraw samojezdny &nbsp;\u2013 opis<\/h2>\n\n\n\n<p>\u017buraw samojezdny to urz\u0105dzenie podlegaj\u0105ce dozorowi technicznemu, w kt\u00f3rych d\u017awignica zamontowana jest na podwoziu samochodu ci\u0119\u017carowego. Sk\u0142ada si\u0119 z wci\u0105garek i wychylnego wysi\u0119gnika. Nazywany jest potocznie d\u017awigiem, a do jego obs\u0142ugi potrzebne s\u0105 odpowiednie <a href=\"https:\/\/kursy-udt.pl\/ua\/uprawnienia-udt\/kategorie-uprawnien-2\/\">uprawnienia<\/a>. Znajduje swoje zastosowanie przy pracach prze\u0142adunkowych i monta\u017cowych.&nbsp;<\/p>\n\n\n\n<p>Ze wzgl\u0119du na rodzaj podwozia, na kt\u00f3rym zamontowany jest \u017curaw wyr\u00f3\u017cnia si\u0119 \u017curawie:&nbsp;<\/p>\n\n\n\n<ul class=\"wp-block-list\">\n<li>terenowo &nbsp;\u2013 ko\u0142owe,&nbsp;<\/li>\n\n\n\n<li>samochodowe,&nbsp;<\/li>\n\n\n\n<li>g\u0105sienicowe,&nbsp;<\/li>\n\n\n\n<li>jezdniowo &nbsp;\u2013 terenowe.&nbsp;<\/li>\n<\/ul>\n\n\n\n<p>Ze wzgl\u0119du na rodzaj nap\u0119du wyodr\u0119bnia si\u0119 \u017curawie samojezdne z nap\u0119dem:&nbsp;<\/p>\n\n\n\n<ul class=\"wp-block-list\">\n<li>spalinowo \u2013 elektrycznym,&nbsp;<\/li>\n\n\n\n<li>spalinowo \u2013 mechanicznym,&nbsp;<\/li>\n\n\n\n<li>spalinowo \u2013 hydraulicznym.&nbsp;&nbsp;<\/li>\n<\/ul>\n\n\n<div class=\"wp-block-image\">\n<figure class=\"alignleft size-large is-resized\"><a href=\"https:\/\/kursy-udt.pl\/wp-content\/uploads\/2023\/02\/s2-4.jpg\"><img loading=\"lazy\" decoding=\"async\" src=\"https:\/\/kursy-udt.pl\/wp-content\/uploads\/2023\/02\/s2-4-1024x683.jpg\" alt=\"M\u0119\u017cczyzna w kasku ochronnym na budowie\" class=\"wp-image-4845\" width=\"512\" height=\"342\" srcset=\"https:\/\/kursy-udt.pl\/wp-content\/uploads\/2023\/02\/s2-4-1024x683.jpg 1024w, https:\/\/kursy-udt.pl\/wp-content\/uploads\/2023\/02\/s2-4-300x200.jpg 300w, https:\/\/kursy-udt.pl\/wp-content\/uploads\/2023\/02\/s2-4-768x512.jpg 768w, https:\/\/kursy-udt.pl\/wp-content\/uploads\/2023\/02\/s2-4-1536x1024.jpg 1536w, https:\/\/kursy-udt.pl\/wp-content\/uploads\/2023\/02\/s2-4-18x12.jpg 18w, https:\/\/kursy-udt.pl\/wp-content\/uploads\/2023\/02\/s2-4-624x416.jpg 624w, https:\/\/kursy-udt.pl\/wp-content\/uploads\/2023\/02\/s2-4.jpg 1600w\" sizes=\"auto, (max-width: 512px) 100vw, 512px\" \/><\/a><\/figure>\n<\/div>\n\n\n<h2 class=\"wp-block-heading\">Zakres tematyczny kursu<\/h2>\n\n\n\n<ul class=\"wp-block-list\">\n<li>wiadomo\u015bci o dozorze technicznym,&nbsp;<\/li>\n\n\n\n<li>rodzaje \u017curawi samojezdnych,&nbsp;<\/li>\n\n\n\n<li>stateczno\u015b\u0107 urz\u0105dzenia,&nbsp;<\/li>\n\n\n\n<li>wyposa\u017cenie elektryczne i hydrauliczne d\u017awigu,&nbsp;<\/li>\n\n\n\n<li>eksploatacja \u017curawi samojezdnych,&nbsp;<\/li>\n\n\n\n<li>parametry i budowa,&nbsp;<\/li>\n\n\n\n<li>awarie i wypadki,&nbsp;<\/li>\n\n\n\n<li>przepisy BHP i przeciwpo\u017carowe,&nbsp;<\/li>\n\n\n\n<li>regulacje dotycz\u0105ce urz\u0105dze\u0144 podlegaj\u0105cych UDT,&nbsp;<\/li>\n\n\n\n<li>obowi\u0105zki operatora, kt\u00f3re musi wykona\u0107 przed prac\u0105, w trakcie pracy i po zako\u0144czeniu pracy na urz\u0105dzeniu,&nbsp;<\/li>\n\n\n\n<li>dzia\u0142anie urz\u0105dze\u0144 zabezpieczaj\u0105cych i hamulc\u00f3w,&nbsp;<\/li>\n\n\n\n<li>sterowanie mechanizmami urz\u0105dze\u0144 og\u00f3lnego przeznaczenia,&nbsp;<\/li>\n\n\n\n<li>zasady bezpiecznej pracy jako <a href=\"https:\/\/kursy-udt.pl\/ua\/szkolenia\/udt-wdt-tdt\/zurawie-wiezowe\/\">operator \u017curawi<\/a> samojezdnych,&nbsp;<\/li>\n\n\n\n<li>zagro\u017cenia zwi\u0105zane z obs\u0142ug\u0105 urz\u0105dzenia,&nbsp;<\/li>\n\n\n\n<li>urz\u0105dzenia do podwieszania \u0142adunku,&nbsp;<\/li>\n\n\n\n<li>praca w specyficznych warunkach,&nbsp;<\/li>\n\n\n\n<li>wsp\u00f3\u0142praca z hakowym.&nbsp;<\/li>\n<\/ul>\n\n\n\n<h2 class=\"wp-block-heading\">Warunki uczestnictwa<\/h2>\n\n\n\n<ul class=\"wp-block-list\">\n<li>uko\u0144czone 18 lat,&nbsp;<\/li>\n\n\n\n<li>wykszta\u0142cenie podstawowe lub gimnazjalne,&nbsp;<\/li>\n\n\n\n<li>brak przeciwskaza\u0144 zdrowotnych do pracy jako operator d\u017awigu,&nbsp;<\/li>\n\n\n\n<li>obowi\u0105zkowe jest posiadanie prawa jazdy kategorii B.&nbsp;<\/li>\n<\/ul>\n\n\n\n<p>Nieobowi\u0105zkowe jest posiadanie prawa jazdy kategorii C (umo\u017cliwia ono jednak poruszanie si\u0119 po drogach publicznych).&nbsp;<\/p>\n\n\n\n<h2 class=\"wp-block-heading\">Elementy sk\u0142adowe kursu<\/h2>\n\n\n<div class=\"wp-block-image\">\n<figure class=\"alignleft size-large is-resized\"><a href=\"https:\/\/kursy-udt.pl\/wp-content\/uploads\/2023\/02\/s2-2-1.jpg\"><img loading=\"lazy\" decoding=\"async\" src=\"https:\/\/kursy-udt.pl\/wp-content\/uploads\/2023\/02\/s2-2-1-1024x683.jpg\" alt=\"\u017buraw samojezdny podnosi \u0142adunek\" class=\"wp-image-4846\" width=\"512\" height=\"342\" srcset=\"https:\/\/kursy-udt.pl\/wp-content\/uploads\/2023\/02\/s2-2-1-1024x683.jpg 1024w, https:\/\/kursy-udt.pl\/wp-content\/uploads\/2023\/02\/s2-2-1-300x200.jpg 300w, https:\/\/kursy-udt.pl\/wp-content\/uploads\/2023\/02\/s2-2-1-768x512.jpg 768w, https:\/\/kursy-udt.pl\/wp-content\/uploads\/2023\/02\/s2-2-1-1536x1024.jpg 1536w, https:\/\/kursy-udt.pl\/wp-content\/uploads\/2023\/02\/s2-2-1-18x12.jpg 18w, https:\/\/kursy-udt.pl\/wp-content\/uploads\/2023\/02\/s2-2-1-624x416.jpg 624w, https:\/\/kursy-udt.pl\/wp-content\/uploads\/2023\/02\/s2-2-1.jpg 1600w\" sizes=\"auto, (max-width: 512px) 100vw, 512px\" \/><\/a><\/figure>\n<\/div>\n\n\n<p>Program szkolenia pozwala opanowa\u0107 wiedz\u0119 i umiej\u0119tno\u015b\u0107 sterowania d\u017awigiem. Szkolenie sk\u0142ada si\u0119 z zaj\u0119\u0107 teoretycznych i zaj\u0119\u0107 praktycznych realizowanych na \u017curawiu samojezdnym. Po uko\u0144czeniu kursu organizowany jest egzamin UDT. Po jego pozytywnym zaliczeniu kursant otrzymuje uprawnienia (wa\u017cne przez 5 lat) do obs\u0142ugi \u017curawi samojezdnych.&nbsp;&nbsp;<\/p>\n\n\n\n<p><\/p>\n\n\n\n<h2 class=\"wp-block-heading\">Lokalizacja szkolenia<\/h2>\n\n\n\n<p>Kurs odbywa si\u0119 w naszych o\u015brodkach szkoleniowych znajduj\u0105cych si\u0119 w Warszawie i wielu innych miastach na terenie Polski. Organizujemy r\u00f3wnie\u017c szkolenia w siedzibie klienta.&nbsp;<\/p>\n\n\n\n<h2 class=\"wp-block-heading\">Nasza oferta<\/h2>\n\n\n\n<p>Zapraszamy te\u017c do zapoznania si\u0119 z kursami przygotowuj\u0105cymi do pracy jako operator lub konserwator takich urz\u0105dze\u0144 jak:&nbsp;<\/p>\n\n\n\n<ul class=\"wp-block-list\">\n<li>suwnice,&nbsp;<\/li>\n\n\n\n<li><a href=\"https:\/\/kursy-udt.pl\/ua\/szkolenia\/udt-wdt-tdt\/zurawie-hds\/\">\u017curawie HDS<\/a>,&nbsp;<\/li>\n\n\n\n<li>\u017curawie wie\u017cowe,&nbsp;<\/li>\n\n\n\n<li>w\u00f3zki wid\u0142owe,&nbsp;<\/li>\n\n\n\n<li>podesty ruchome (mi\u0119dzy innymi podno\u015bniki koszowe i no\u017cycowe),&nbsp;<\/li>\n\n\n\n<li>uk\u0142adnice magazynowe,&nbsp;<\/li>\n\n\n\n<li>wci\u0105garki i wci\u0105gniki.&nbsp;<\/li>\n<\/ul>\n\n\n\n<h2 class=\"wp-block-heading\">Warto nam zaufa\u0107<\/h2>\n\n\n\n<ul class=\"wp-block-list\">\n<li>jeste\u015bmy firm\u0105 szkoleniow\u0105 z wieloletnim do\u015bwiadczeniem,&nbsp;<\/li>\n\n\n\n<li>mamy pe\u0142nych zaanga\u017cowania instruktor\u00f3w,&nbsp;<\/li>\n\n\n\n<li>zapewniamy pe\u0142n\u0105 organizacj\u0119 pa\u0144stwowego egzaminu,&nbsp;<\/li>\n\n\n\n<li>oferujemy konkurencyjne ceny kurs\u00f3w.&nbsp;<\/li>\n<\/ul>\n\n\n\n<h2 class=\"wp-block-heading\">Pytania i odpowiedzi<\/h2>\n\n\n\t\t<details\t\thelp class=\"sc_fs_faq sc_card    \"\n\t\topen\t\t>\n\t\t\t\t\t<summary>\n\t\t\t\t<h3>Czy musz\u0119 posiada\u0107 prawo jazdy kat. C, by zapisa\u0107 si\u0119 na kurs?<\/h3>\t\t\t\t\t<\/summary>\n\t\t\t\t<div>\n\t\t\t\t\t\t<div class=\"sc_fs_faq__content\">\n\t\t\t\t\n\n<p>Nie. Obowi\u0105zkowe jest tylko posiadanie prawa jazdy kat. B.&nbsp;<\/p>\n\n\t\t\t<\/div>\n\t\t<\/div>\n\t\t<\/details>\n\t\t\t\t<details\t\thelp class=\"sc_fs_faq sc_card    \"\n\t\t\t\t>\n\t\t\t\t\t<summary>\n\t\t\t\t<h3>Jak d\u0142ugo s\u0105 wa\u017cne uprawnienia na d\u017awigi samojezdne?<\/h3>\t\t\t\t\t<\/summary>\n\t\t\t\t<div>\n\t\t\t\t\t\t<div class=\"sc_fs_faq__content\">\n\t\t\t\t\n\n<p>Za\u015bwiadczenie kwalifikacyjne uprawniaj\u0105ce do pracy jako operator d\u017awigu wa\u017cne jest przez 5 lat.<\/p>\n\n\t\t\t<\/div>\n\t\t<\/div>\n\t\t<\/details>\n\t\t\t\t<details\t\thelp class=\"sc_fs_faq sc_card    \"\n\t\t\t\t>\n\t\t\t\t\t<summary>\n\t\t\t\t<h3>Jak wygl\u0105da kurs operatora \u017curawi?<\/h3>\t\t\t\t\t<\/summary>\n\t\t\t\t<div>\n\t\t\t\t\t\t<div class=\"sc_fs_faq__content\">\n\t\t\t\t\n\n<p>Kurs zbudowany jest z dw\u00f3ch etap\u00f3w: zaj\u0119\u0107 teoretycznych oraz zaj\u0119\u0107 praktycznych. Po uko\u0144czeniu szkolenia kursant podchodzi do egzaminu przed komisj\u0105 UDT.<\/p>\n\n\t\t\t<\/div>\n\t\t<\/div>\n\t\t<\/details>\n\t\t\t\t<details\t\thelp class=\"sc_fs_faq sc_card    \"\n\t\t\t\t>\n\t\t\t\t\t<summary>\n\t\t\t\t<h3>Czy w swojej ofercie posiadacie kurs na w\u00f3zki wid\u0142owe?<\/h3>\t\t\t\t\t<\/summary>\n\t\t\t\t<div>\n\t\t\t\t\t\t<div class=\"sc_fs_faq__content\">\n\t\t\t\t\n\n<p>Oczywi\u015bcie. W naszej ofercie mamy szkolenia z obs\u0142ugi i konserwacji m.in. takich urz\u0105dze\u0144: w\u00f3zki wid\u0142owe, suwnice, \u017curawie HDS, \u017curawie wie\u017cowe, podno\u015bniki no\u017cycowe i koszowe, wci\u0105garki i wci\u0105gniki, uk\u0142adnice magazynowe.<\/p>\n\n\t\t\t<\/div>\n\t\t<\/div>\n\t\t<\/details>\n\t\t\n<script type=\"application\/ld+json\">\n\t{\n\t\t\"@context\": \"https:\/\/schema.org\",\n\t\t\"@type\": \"FAQPage\",\n\t\t\"mainEntity\": [\n\t\t\t\t\t{\n\t\t\t\t\"@type\": \"Question\",\n\t\t\t\t\"name\": \"Czy musz\u0119 posiada\u0107 prawo jazdy kat. C, by zapisa\u0107 si\u0119 na kurs?\",\n\t\t\t\t\"acceptedAnswer\": {\n\t\t\t\t\t\"@type\": \"Answer\",\n\t\t\t\t\t\"text\": \"<p>Nie. Obowi\u0105zkowe jest tylko posiadanie prawa jazdy kat. B.&nbsp;<\/p>\"\n\t\t\t\t\t\t\t\t\t}\n\t\t\t}\n\t\t\t,\t\t\t\t{\n\t\t\t\t\"@type\": \"Question\",\n\t\t\t\t\"name\": \"Jak d\u0142ugo s\u0105 wa\u017cne uprawnienia na d\u017awigi samojezdne?\",\n\t\t\t\t\"acceptedAnswer\": {\n\t\t\t\t\t\"@type\": \"Answer\",\n\t\t\t\t\t\"text\": \"<p>Za\u015bwiadczenie kwalifikacyjne uprawniaj\u0105ce do pracy jako operator d\u017awigu wa\u017cne jest przez 5 lat.<\/p>\"\n\t\t\t\t\t\t\t\t\t}\n\t\t\t}\n\t\t\t,\t\t\t\t{\n\t\t\t\t\"@type\": \"Question\",\n\t\t\t\t\"name\": \"Jak wygl\u0105da kurs operatora \u017curawi?\",\n\t\t\t\t\"acceptedAnswer\": {\n\t\t\t\t\t\"@type\": \"Answer\",\n\t\t\t\t\t\"text\": \"<p>Kurs zbudowany jest z dw\u00f3ch etap\u00f3w: zaj\u0119\u0107 teoretycznych oraz zaj\u0119\u0107 praktycznych. Po uko\u0144czeniu szkolenia kursant podchodzi do egzaminu przed komisj\u0105 UDT.<\/p>\"\n\t\t\t\t\t\t\t\t\t}\n\t\t\t}\n\t\t\t,\t\t\t\t{\n\t\t\t\t\"@type\": \"Question\",\n\t\t\t\t\"name\": \"Czy w swojej ofercie posiadacie kurs na w\u00f3zki wid\u0142owe?\",\n\t\t\t\t\"acceptedAnswer\": {\n\t\t\t\t\t\"@type\": \"Answer\",\n\t\t\t\t\t\"text\": \"<p>Oczywi\u015bcie. W naszej ofercie mamy szkolenia z obs\u0142ugi i konserwacji m.in. takich urz\u0105dze\u0144: w\u00f3zki wid\u0142owe, suwnice, \u017curawie HDS, \u017curawie wie\u017cowe, podno\u015bniki no\u017cycowe i koszowe, wci\u0105garki i wci\u0105gniki, uk\u0142adnice magazynowe.<\/p>\"\n\t\t\t\t\t\t\t\t\t}\n\t\t\t}\n\t\t\t\t\t\t]\n\t}\n<\/script>\n","protected":false},"excerpt":{"rendered":"<p>\u041a\u0435\u0440\u0443\u0439 \u0430\u0432\u0442\u043e\u043a\u0440\u0430\u043d\u0430\u043c\u0438 - \u043e\u0442\u0440\u0438\u043c\u0430\u0439 \u043f\u0440\u043e\u0444\u0435\u0441\u0456\u0439\u043d\u0443 \u043a\u0432\u0430\u043b\u0456\u0444\u0456\u043a\u0430\u0446\u0456\u044e \u0426\u0435\u043d\u0442\u0440 \u0440\u043e\u0437\u0432\u0438\u0442\u043a\u0443 \u043f\u0435\u0440\u0441\u043e\u043d\u0430\u043b\u0443 ERGON \u043e\u0440\u0433\u0430\u043d\u0456\u0437\u043e\u0432\u0443\u0454 \u043a\u0443\u0440\u0441 \u0437 \u0435\u043a\u0441\u043f\u043b\u0443\u0430\u0442\u0430\u0446\u0456\u0457 \u0442\u0430 \u043e\u0431\u0441\u043b\u0443\u0433\u043e\u0432\u0443\u0432\u0430\u043d\u043d\u044f \u0430\u0432\u0442\u043e\u043a\u0440\u0430\u043d\u0456\u0432. \u041d\u0430\u0448\u0456 \u043a\u0432\u0430\u043b\u0456\u0444\u0456\u043a\u043e\u0432\u0430\u043d\u0456 \u0432\u0438\u043a\u043b\u0430\u0434\u0430\u0447\u0456 \u043f\u0456\u0434\u0433\u043e\u0442\u0443\u044e\u0442\u044c \u0432\u0430\u0441 \u0434\u043e \u0456\u0441\u043f\u0438\u0442\u0443 \u043f\u0435\u0440\u0435\u0434 \u043a\u043e\u043c\u0456\u0441\u0456\u0454\u044e \u0423\u043f\u0440\u0430\u0432\u043b\u0456\u043d\u043d\u044f \u0442\u0435\u0445\u043d\u0456\u0447\u043d\u043e\u0433\u043e \u043d\u0430\u0433\u043b\u044f\u0434\u0443, \u043f\u0456\u0441\u043b\u044f \u0441\u043a\u043b\u0430\u0434\u0430\u043d\u043d\u044f \u044f\u043a\u043e\u0433\u043e \u0432\u0438 \u0437\u043c\u043e\u0436\u0435\u0442\u0435 \u043f\u0440\u0430\u0446\u044e\u0432\u0430\u0442\u0438 \u043e\u043f\u0435\u0440\u0430\u0442\u043e\u0440\u043e\u043c \u0446\u0456\u0454\u0457 \u0442\u0435\u0445\u043d\u0456\u043a\u0438.  \u041c\u0435\u0442\u0430 \u043d\u0430\u0432\u0447\u0430\u043d\u043d\u044f \u041d\u0430\u0432\u0447\u0430\u043d\u043d\u044f \u0434\u0430\u0454 \u0437\u043c\u043e\u0433\u0443 \u043d\u0430\u0431\u0443\u0442\u0438 \u043a\u043e\u043c\u043f\u0435\u0442\u0435\u043d\u0442\u043d\u043e\u0441\u0442\u0456 \u0432..:  \u0410\u0432\u0442\u043e\u043a\u0440\u0430\u043d - \u043e\u043f\u0438\u0441 \u0410\u0432\u0442\u043e\u043a\u0440\u0430\u043d - \u0446\u0435 \u043f\u0440\u0438\u0441\u0442\u0440\u0456\u0439, \u0449\u043e \u043f\u0456\u0434\u043b\u044f\u0433\u0430\u0454 \u0442\u0435\u0445\u043d\u0456\u0447\u043d\u043e\u043c\u0443 \u043d\u0430\u0433\u043b\u044f\u0434\u0443, \u0432 \u044f\u043a\u043e\u043c\u0443 \u043a\u0440\u0430\u043d \u0432\u0441\u0442\u0430\u043d\u043e\u0432\u043b\u0435\u043d\u0438\u0439 \u043d\u0430 \u0448\u0430\u0441\u0456 \u0432\u0430\u043d\u0442\u0430\u0436\u043d\u043e\u0433\u043e \u0430\u0432\u0442\u043e\u043c\u043e\u0431\u0456\u043b\u044f. \u0412\u0456\u043d \u0441\u043a\u043b\u0430\u0434\u0430\u0454\u0442\u044c\u0441\u044f \u0437 \u043b\u0435\u0431\u0456\u0434\u043a\u0438 \u0442\u0430 \u043f\u043e\u0432\u043e\u0440\u043e\u0442\u043d\u043e\u0457 \u0441\u0442\u0440\u0456\u043b\u0438. \u0417\u0430\u0437\u0432\u0438\u0447\u0430\u0439 \u0439\u043e\u0433\u043e \u043d\u0430\u0437\u0438\u0432\u0430\u044e\u0442\u044c \u0430\u0432\u0442\u043e\u043a\u0440\u0430\u043d\u043e\u043c, \u0456 \u0434\u043b\u044f \u0439\u043e\u0433\u043e \u0435\u043a\u0441\u043f\u043b\u0443\u0430\u0442\u0430\u0446\u0456\u0457 \u043f\u043e\u0442\u0440\u0456\u0431\u043d\u0430 \u043b\u0456\u0446\u0435\u043d\u0437\u0456\u044f. \u0417\u0430\u0441\u0442\u043e\u0441\u043e\u0432\u0443\u0454\u0442\u044c\u0441\u044f \u0432 \u043d\u0430\u0432\u0430\u043d\u0442\u0430\u0436\u0443\u0432\u0430\u043b\u044c\u043d\u043e-\u0440\u043e\u0437\u0432\u0430\u043d\u0442\u0430\u0436\u0443\u0432\u0430\u043b\u044c\u043d\u0438\u0445 \u0456 \u043c\u043e\u043d\u0442\u0430\u0436\u043d\u0438\u0445 \u0440\u043e\u0431\u043e\u0442\u0430\u0445.  \u0420\u043e\u0437\u0440\u0456\u0437\u043d\u044f\u044e\u0442\u044c \u043a\u0440\u0430\u043d\u0438 \u0437\u0430 \u0442\u0438\u043f\u043e\u043c \u0448\u0430\u0441\u0456, \u043d\u0430 \u044f\u043a\u043e\u043c\u0443 \u0432\u0441\u0442\u0430\u043d\u043e\u0432\u043b\u0435\u043d\u0438\u0439 \u043a\u0440\u0430\u043d:  \u0417\u0430 \u0442\u0438\u043f\u043e\u043c \u043f\u0440\u0438\u0432\u043e\u0434\u0443 \u0440\u043e\u0437\u0440\u0456\u0437\u043d\u044f\u044e\u0442\u044c \u043c\u043e\u0442\u043e\u0440\u0438\u0437\u043e\u0432\u0430\u043d\u0456 \u043c\u043e\u0431\u0456\u043b\u044c\u043d\u0456 \u043a\u0440\u0430\u043d\u0438:  \u041e\u0431\u0441\u044f\u0433 \u043a\u0443\u0440\u0441\u0443 \u0423\u043c\u043e\u0432\u0438 \u0443\u0447\u0430\u0441\u0442\u0456 \u041d\u0435 \u043e\u0431\u043e\u0432'\u044f\u0437\u043a\u043e\u0432\u043e \u043c\u0430\u0442\u0438 \u0432\u043e\u0434\u0456\u0439\u0441\u044c\u043a\u0435 \u043f\u043e\u0441\u0432\u0456\u0434\u0447\u0435\u043d\u043d\u044f \u043a\u0430\u0442\u0435\u0433\u043e\u0440\u0456\u0457 \u0421 (\u043e\u0434\u043d\u0430\u043a \u0432\u043e\u043d\u043e \u0434\u043e\u0437\u0432\u043e\u043b\u044f\u0454 \u0457\u0437\u0434\u0438\u0442\u0438 \u0434\u043e\u0440\u043e\u0433\u0430\u043c\u0438 \u0437\u0430\u0433\u0430\u043b\u044c\u043d\u043e\u0433\u043e \u043a\u043e\u0440\u0438\u0441\u0442\u0443\u0432\u0430\u043d\u043d\u044f).  \u041a\u043e\u043c\u043f\u043e\u043d\u0435\u043d\u0442\u0438 \u043a\u0443\u0440\u0441\u0443 \u041f\u0440\u043e\u0433\u0440\u0430\u043c\u0430 \u043d\u0430\u0432\u0447\u0430\u043d\u043d\u044f \u0434\u0430\u0454 \u0437\u043c\u043e\u0433\u0443 \u043e\u0432\u043e\u043b\u043e\u0434\u0456\u0442\u0438 \u0437\u043d\u0430\u043d\u043d\u044f\u043c\u0438 \u0442\u0430 \u043d\u0430\u0432\u0438\u0447\u043a\u0430\u043c\u0438 \u043a\u0435\u0440\u0443\u0432\u0430\u043d\u043d\u044f \u0430\u0432\u0442\u043e\u043a\u0440\u0430\u043d\u043e\u043c. \u041d\u0430\u0432\u0447\u0430\u043d\u043d\u044f \u0441\u043a\u043b\u0430\u0434\u0430\u0454\u0442\u044c\u0441\u044f \u0437 \u0442\u0435\u043e\u0440\u0435\u0442\u0438\u0447\u043d\u0438\u0445 \u0437\u0430\u043d\u044f\u0442\u044c \u0442\u0430 \u043f\u0440\u0430\u043a\u0442\u0438\u0447\u043d\u0438\u0445 \u0437\u0430\u043d\u044f\u0442\u044c \u043d\u0430 \u0430\u0432\u0442\u043e\u043a\u0440\u0430\u043d\u0456. \u041f\u0456\u0441\u043b\u044f \u0437\u0430\u043a\u0456\u043d\u0447\u0435\u043d\u043d\u044f \u043a\u0443\u0440\u0441\u0443 \u043e\u0440\u0433\u0430\u043d\u0456\u0437\u043e\u0432\u0443\u0454\u0442\u044c\u0441\u044f \u0456\u0441\u043f\u0438\u0442 UDT. \u0423 \u0440\u0430\u0437\u0456 \u0443\u0441\u043f\u0456\u0448\u043d\u043e\u0433\u043e \u0441\u043a\u043b\u0430\u0434\u0430\u043d\u043d\u044f \u0456\u0441\u043f\u0438\u0442\u0443 \u0441\u043b\u0443\u0445\u0430\u0447\u0435\u0432\u0456 \u0432\u0438\u0434\u0430\u0454\u0442\u044c\u0441\u044f \u043f\u043e\u0441\u0432\u0456\u0434\u0447\u0435\u043d\u043d\u044f (\u0434\u0456\u0439\u0441\u043d\u0435 \u043f\u0440\u043e\u0442\u044f\u0433\u043e\u043c 5 \u0440\u043e\u043a\u0456\u0432) \u043d\u0430 \u043f\u0440\u0430\u0432\u043e \u043a\u0435\u0440\u0443\u0432\u0430\u043d\u043d\u044f \u0430\u0432\u0442\u043e\u043a\u0440\u0430\u043d\u043e\u043c.   \u041c\u0456\u0441\u0446\u0435 \u043f\u0440\u043e\u0432\u0435\u0434\u0435\u043d\u043d\u044f \u043d\u0430\u0432\u0447\u0430\u043d\u043d\u044f \u041a\u0443\u0440\u0441 \u043f\u0440\u043e\u0445\u043e\u0434\u0438\u0442\u044c \u0432 \u043d\u0430\u0448\u0438\u0445 \u043d\u0430\u0432\u0447\u0430\u043b\u044c\u043d\u0438\u0445 \u0446\u0435\u043d\u0442\u0440\u0430\u0445, \u0440\u043e\u0437\u0442\u0430\u0448\u043e\u0432\u0430\u043d\u0438\u0445 \u0443 \u0412\u0430\u0440\u0448\u0430\u0432\u0456 \u0442\u0430 \u0431\u0430\u0433\u0430\u0442\u044c\u043e\u0445 \u0456\u043d\u0448\u0438\u0445 \u043c\u0456\u0441\u0442\u0430\u0445 \u041f\u043e\u043b\u044c\u0449\u0456. \u041c\u0438 \u0442\u0430\u043a\u043e\u0436 \u043e\u0440\u0433\u0430\u043d\u0456\u0437\u043e\u0432\u0443\u0454\u043c\u043e \u043d\u0430\u0432\u0447\u0430\u043d\u043d\u044f \u043d\u0430 \u0442\u0435\u0440\u0438\u0442\u043e\u0440\u0456\u0457 \u0437\u0430\u043c\u043e\u0432\u043d\u0438\u043a\u0430.  \u041d\u0430\u0448\u0430 \u043f\u0440\u043e\u043f\u043e\u0437\u0438\u0446\u0456\u044f \u0417\u0430\u043f\u0440\u043e\u0448\u0443\u0454\u043c\u043e \u0442\u0430\u043a\u043e\u0436 \u043e\u0437\u043d\u0430\u0439\u043e\u043c\u0438\u0442\u0438\u0441\u044f \u0437 \u043a\u0443\u0440\u0441\u0430\u043c\u0438, \u0449\u043e \u0433\u043e\u0442\u0443\u044e\u0442\u044c \u0434\u043e \u0440\u043e\u0431\u043e\u0442\u0438 \u043e\u043f\u0435\u0440\u0430\u0442\u043e\u0440\u043e\u043c \u0430\u0431\u043e \u043e\u0431\u0441\u043b\u0443\u0433\u043e\u0432\u0443\u044e\u0447\u0438\u043c \u043f\u0435\u0440\u0441\u043e\u043d\u0430\u043b\u043e\u043c \u0442\u0430\u043a\u043e\u0433\u043e \u043e\u0431\u043b\u0430\u0434\u043d\u0430\u043d\u043d\u044f: \u0412\u0430\u0440\u0442\u043e \u0434\u043e\u0432\u0456\u0440\u0438\u0442\u0438\u0441\u044f \u043d\u0430\u043c \u041f\u0438\u0442\u0430\u043d\u043d\u044f \u0442\u0430 \u0432\u0456\u0434\u043f\u043e\u0432\u0456\u0434\u0456<\/p>","protected":false},"author":6,"featured_media":4843,"parent":2721,"menu_order":0,"comment_status":"closed","ping_status":"closed","template":"","meta":{"sfsi_plus_gutenberg_text_before_share":"","sfsi_plus_gutenberg_show_text_before_share":"","sfsi_plus_gutenberg_icon_type":"","sfsi_plus_gutenberg_icon_alignemt":"","sfsi_plus_gutenburg_max_per_row":"","footnotes":""},"class_list":["post-4842","page","type-page","status-publish","has-post-thumbnail","hentry","has_thumb"],"aioseo_notices":[],"_links":{"self":[{"href":"https:\/\/kursy-udt.pl\/ua\/wp-json\/wp\/v2\/pages\/4842","targetHints":{"allow":["GET"]}}],"collection":[{"href":"https:\/\/kursy-udt.pl\/ua\/wp-json\/wp\/v2\/pages"}],"about":[{"href":"https:\/\/kursy-udt.pl\/ua\/wp-json\/wp\/v2\/types\/page"}],"author":[{"embeddable":true,"href":"https:\/\/kursy-udt.pl\/ua\/wp-json\/wp\/v2\/users\/6"}],"replies":[{"embeddable":true,"href":"https:\/\/kursy-udt.pl\/ua\/wp-json\/wp\/v2\/comments?post=4842"}],"version-history":[{"count":10,"href":"https:\/\/kursy-udt.pl\/ua\/wp-json\/wp\/v2\/pages\/4842\/revisions"}],"predecessor-version":[{"id":5388,"href":"https:\/\/kursy-udt.pl\/ua\/wp-json\/wp\/v2\/pages\/4842\/revisions\/5388"}],"up":[{"embeddable":true,"href":"https:\/\/kursy-udt.pl\/ua\/wp-json\/wp\/v2\/pages\/2721"}],"wp:featuredmedia":[{"embeddable":true,"href":"https:\/\/kursy-udt.pl\/ua\/wp-json\/wp\/v2\/media\/4843"}],"wp:attachment":[{"href":"https:\/\/kursy-udt.pl\/ua\/wp-json\/wp\/v2\/media?parent=4842"}],"curies":[{"name":"wp","href":"https:\/\/api.w.org\/{rel}","templated":true}]}}