{"id":4814,"date":"2023-02-20T11:56:09","date_gmt":"2023-02-20T10:56:09","guid":{"rendered":"https:\/\/kursy-udt.pl\/?page_id=4814"},"modified":"2023-03-07T00:12:55","modified_gmt":"2023-03-06T23:12:55","slug":"%d0%b1%d0%b0%d1%88%d1%82%d0%be%d0%b2%d1%96-%d0%ba%d1%80%d0%b0%d0%bd%d0%b8","status":"publish","type":"page","link":"https:\/\/kursy-udt.pl\/ua\/szkolenia\/udt-wdt-tdt\/zurawie-wiezowe\/","title":{"rendered":"\u0411\u0430\u0448\u0442\u043e\u0432\u0456 \u0442\u0430 \u0448\u0432\u0438\u0434\u043a\u043e\u043c\u043e\u043d\u0442\u043e\u0432\u0430\u043d\u0456 \u043a\u0440\u0430\u043d\u0438 - \u043e\u0442\u0440\u0438\u043c\u0430\u0439\u0442\u0435 \u043b\u0456\u0446\u0435\u043d\u0437\u0456\u044e UDT."},"content":{"rendered":"<p>Firma \u201cERGON\u201d specjalizuje si\u0119 w przeprowadzaniu kurs\u00f3w na operator\u00f3w, konserwator\u00f3w i serwisant\u00f3w. W naszej ofercie posiadamy szkolenia na operatora \u017curawi wie\u017cowych i szybko-montuj\u0105cych. Nasza siedziba mie\u015bci si\u0119 w Warszawie, ale szkolimy przysz\u0142ych specjalist\u00f3w na terenie ca\u0142ej Polski.<\/p>\r\n<p><a href=\"https:\/\/kursy-udt.pl\/wp-content\/uploads\/2023\/02\/mkoij.jpeg\"><img loading=\"lazy\" decoding=\"async\" class=\"aligncenter wp-image-4819\" src=\"https:\/\/kursy-udt.pl\/wp-content\/uploads\/2023\/02\/mkoij-300x197.jpeg\" alt=\"grupa kursant\u00f3w na placu manewrowym.\" width=\"750\" height=\"491\" srcset=\"https:\/\/kursy-udt.pl\/wp-content\/uploads\/2023\/02\/mkoij-300x197.jpeg 300w, https:\/\/kursy-udt.pl\/wp-content\/uploads\/2023\/02\/mkoij-1024x671.jpeg 1024w, https:\/\/kursy-udt.pl\/wp-content\/uploads\/2023\/02\/mkoij-768x503.jpeg 768w, https:\/\/kursy-udt.pl\/wp-content\/uploads\/2023\/02\/mkoij-1536x1006.jpeg 1536w, https:\/\/kursy-udt.pl\/wp-content\/uploads\/2023\/02\/mkoij-18x12.jpeg 18w, https:\/\/kursy-udt.pl\/wp-content\/uploads\/2023\/02\/mkoij-624x409.jpeg 624w, https:\/\/kursy-udt.pl\/wp-content\/uploads\/2023\/02\/mkoij.jpeg 1600w\" sizes=\"auto, (max-width: 750px) 100vw, 750px\" \/><\/a><\/p>\r\n<h2><strong>Cel szkolenia<\/strong><\/h2>\r\n<p>Celem naszego o\u015brodka jest przekazanie niezb\u0119dnej wiedzy i praktyki do wykonywania zawodu operatora \u017curawi. Z \u0142atwo\u015bci\u0105 nasi specjali\u015bci przygotuj\u0105 Ci\u0119 do zdania pozytywnie egzaminu pa\u0144stwowego przed komisj\u0105 powo\u0142an\u0105 przez Urz\u0105d Dozoru Technicznego. Zdany egzamin da Ci nowe kwalifikacje do wykonywania zawodu.<\/p>\r\n<h2><strong>Jak wgl\u0105da szkolenie w naszym o\u015brodku?<\/strong><\/h2>\r\n<p>Zaj\u0119cia w naszym o\u015brodku s\u0105 przeprowadzane w formie teoretycznej, a p\u00f3\u017aniej w formie praktycznej. Zdobyta wiedza na wyk\u0142adach przygotuje kursanta do wykonywania zada\u0144 z urz\u0105dzeniem, pod okiem naszych specjalist\u00f3w. Program szkolenia jest bie\u017c\u0105co aktualizowany i pracujemy na nowoczesnych urz\u0105dzeniach, aby praca jak i nauka sz\u0142a sprawnie.<\/p>\r\n<h3>Cz\u0119\u015b\u0107 teoretyczna obejmuje wiedz\u0119 z zakresu:<\/h3>\r\n<ul>\r\n<li>dozoru technicznego<\/li>\r\n<li>urz\u0105dze\u0144 transportu bliskiego<\/li>\r\n<li>budowy urz\u0105dze\u0144<\/li>\r\n<li>przepisy prawne i BHP.<\/li>\r\n<\/ul>\r\n<h3>Zaj\u0119cia praktyczne polegaj\u0105 na wykonywaniu takich zada\u0144 jak:<\/h3>\r\n<ul>\r\n<li>eksploatacja urz\u0105dzenia<\/li>\r\n<li>obs\u0142uga \u017curawi<\/li>\r\n<li>jazda po placu manewrowym.<\/li>\r\n<\/ul>\r\n<h2><strong>Egzamin <\/strong><\/h2>\r\n<p><a href=\"https:\/\/kursy-udt.pl\/wp-content\/uploads\/2023\/02\/njkl.jpeg\"><img loading=\"lazy\" decoding=\"async\" class=\"wp-image-4820 alignright\" src=\"https:\/\/kursy-udt.pl\/wp-content\/uploads\/2023\/02\/njkl-300x200.jpeg\" alt=\"operator \u017curawi w Norwegii.\" width=\"400\" height=\"267\" srcset=\"https:\/\/kursy-udt.pl\/wp-content\/uploads\/2023\/02\/njkl-300x200.jpeg 300w, https:\/\/kursy-udt.pl\/wp-content\/uploads\/2023\/02\/njkl-1024x683.jpeg 1024w, https:\/\/kursy-udt.pl\/wp-content\/uploads\/2023\/02\/njkl-768x512.jpeg 768w, https:\/\/kursy-udt.pl\/wp-content\/uploads\/2023\/02\/njkl-1536x1024.jpeg 1536w, https:\/\/kursy-udt.pl\/wp-content\/uploads\/2023\/02\/njkl-18x12.jpeg 18w, https:\/\/kursy-udt.pl\/wp-content\/uploads\/2023\/02\/njkl-624x416.jpeg 624w, https:\/\/kursy-udt.pl\/wp-content\/uploads\/2023\/02\/njkl.jpeg 1600w\" sizes=\"auto, (max-width: 400px) 100vw, 400px\" \/><\/a>Po uko\u0144czonym szkoleniu, kursant podchodzi do egzaminu wewn\u0119trznego przeprowadzanego w naszym o\u015brodku szkoleniowym. Dalszym etapem jest podej\u015bcie do egzaminu przed komisj\u0105 powo\u0142an\u0105 przez UDT. Egzamin wygl\u0105da podobnie jak w o\u015brodku, najpierw podchodzimy do testu pisemnego, a nast\u0119pnie pokazujemy nasze umiej\u0119tno\u015bci na placu manewrowym.<\/p>\r\n<p>Pozytywny wynik egzaminu daje nam za\u015bwiadczenie kwalifikacyjne do obs\u0142ugi \u017curawi wie\u017cowych i szybko-montuj\u0105cych. Wa\u017cno\u015b\u0107 za\u015bwiadczenia wynosi 5 lat. Je\u017celi wa\u017cno\u015b\u0107 dokumentu si\u0119 ko\u0144czy, wystarczy z\u0142o\u017cy\u0107 wniosek o przed\u0142u\u017cenie okresu wa\u017cno\u015bci za\u015bwiadczenia w Urz\u0119dzie Dozoru Technicznego.<\/p>\r\n<div style=\"width: 640px;\" class=\"wp-video\"><video id=\"video-4814-1\" width=\"640\" height=\"360\" poster=\"https:\/\/kursy-udt.pl\/wp-content\/uploads\/2023\/02\/jpg_20230127_031213_0000.jpg\" preload=\"metadata\" controls=\"controls\"><source type=\"video\/mp4\" src=\"https:\/\/kursy-udt.pl\/wp-content\/uploads\/2023\/02\/ACCEPTED-zuraw-4K-kursy-udt.mp4?_=1\" \/><a href=\"https:\/\/kursy-udt.pl\/wp-content\/uploads\/2023\/02\/ACCEPTED-zuraw-4K-kursy-udt.mp4\">https:\/\/kursy-udt.pl\/wp-content\/uploads\/2023\/02\/ACCEPTED-zuraw-4K-kursy-udt.mp4<\/a><\/video><\/div>\r\n<h2><strong>Uprawnienia pozwol\u0105 Ci na obs\u0142ug\u0119<\/strong><\/h2>\r\n<ul>\r\n<li><strong>\u017curaw wie\u017cowy<\/strong> (\u017curaw budowlany) podnosz\u0105cego \u0142adunek na haku opuszczanym na linie z wysi\u0119gnika.<\/li>\r\n<li><strong>\u017curaw szybko-montuj\u0105cy<\/strong> (\u017curaw dolno-obrotowy), w kt\u00f3rym konstrukcja umo\u017cliwia w kr\u00f3tkim czasie przygotowanie do pracy bez konieczno\u015bci u\u017cycia dodatkowych narz\u0119dzi oraz do obs\u0142ugi \u0142adunku na haku opuszczanym na linie z wysi\u0119gnika \u017curawia.<\/li>\r\n<\/ul>\r\n<h2><strong>Rodzaje \u017curawi wie\u017cowych <\/strong><\/h2>\r\n<p>Podzia\u0142 ze wzgl\u0119du na typ monta\u017cu wyr\u00f3\u017cniamy:<\/p>\r\n<ul>\r\n<li>\u017curawie szybko-montuj\u0105ce (bez potrzeby u\u017cycia \u017curawia pomocniczego)<\/li>\r\n<li>montowane w zespo\u0142ach (przy pomocy \u017curawia pomocniczego).<\/li>\r\n<\/ul>\r\n<p>Podzia\u0142 ze wzgl\u0119du na umiejscowienie mechanizmu obrotu \u017curawie dzielimy na:<\/p>\r\n<ul>\r\n<li>g\u00f3rno-obrotowe, w kt\u00f3rych mechanizm obrotu umieszczony jest na g\u00f3rze wie\u017cy i obraca samym wysi\u0119gnikiem, wie\u017ca stoi w miejscu<\/li>\r\n<li>dolno-obrotowe, w kt\u00f3rych mechanizm obrotu zamontowany jest na dole wie\u017cy i obraca wie\u017c\u0105 wraz z wysi\u0119gnikiem.<\/li>\r\n<\/ul>\r\n<p>Podzia\u0142 w zale\u017cno\u015bci od rodzaju podstawy wyr\u00f3\u017cniamy:<\/p>\r\n<ul>\r\n<li>\u017curawie stacjonarne (kotwione do fundament\u00f3w)<\/li>\r\n<li>\u017curawie przejezdne (szynowe, ko\u0142owe, g\u0105sienicowe).<\/li>\r\n<\/ul>\r\n<p>Podzia\u0142 ze wzgl\u0119du na typ zamontowanego wysi\u0119gnika wyr\u00f3\u017cniamy:<\/p>\r\n<ul>\r\n<li>\u017curawie wspornikowe<\/li>\r\n<li>\u017curawie wysi\u0119gnikowe.<\/li>\r\n<\/ul>\r\n<h2><strong>Zalety \u017curawi wie\u017cowych<\/strong><\/h2>\r\n<p>\u017buraw wie\u017cowy to maszyna umo\u017cliwiaj\u0105ca wiele prac budowlanych i transportowych, do jej g\u0142\u00f3wnych zalet nale\u017cy:<\/p>\r\n<ul>\r\n<li>usprawnienie wykonywania zada\u0144 na placach budowy<\/li>\r\n<li>mo\u017cliwo\u015b\u0107 pracy na trudnym rozkopanym terenie<\/li>\r\n<li>du\u017cy zasi\u0119g wysi\u0119gnika, co zapewnia du\u017cy manewr operacyjny<\/li>\r\n<li>du\u017ca wysoko\u015b\u0107 podnoszenia<\/li>\r\n<li>du\u017ca precyzja wykonywanych prac<\/li>\r\n<li>prosta obs\u0142uga w przypadku wykwalifikowanych operator\u00f3w<\/li>\r\n<li>zwi\u0119kszenie wydajno\u015bci pracy w trybie przerywanym, zw\u0142aszcza na du\u017cych placach budowy<\/li>\r\n<li>mo\u017cliwo\u015b\u0107 pracy przy niesprzyjaj\u0105cych warunkach atmosferycznych<\/li>\r\n<li>u\u0142atwienie komunikacji na placu budowy<\/li>\r\n<li>praca z du\u017cymi obci\u0105\u017ceniami.<\/li>\r\n<\/ul>\r\n<p>Obecnie na pracach budowlanych, nie obejdzie si\u0119 bez u\u017cycia \u017curawi, ta wielofunkcyjna maszyna, kt\u00f3ra z \u0142atwo\u015bci\u0105 przy\u015bpiesza wszelkie prace budowlane. Liczne zalety urz\u0105dzenia sprawiaj\u0105, \u017ce s\u0105 to maszyny, kt\u00f3re s\u0105 jednymi z najbardziej po\u017c\u0105danych na nowoczesnych placach budowy.<\/p>\r\n<h2><strong>Ile zarabia operator \u017curawi?<\/strong><\/h2>\r\n<p>Wynagrodzenie na stanowisku operatora \u017curawi zale\u017cy mi\u0119dzy innymi od takich czynnik\u00f3w jak zak\u0142ad pracy i do\u015bwiadczenie na danym stanowisku. Na rok 2022 \u015brednie wynagrodzenie w Polsce wynosi 5 000 z\u0142 brutto miesi\u0119cznie. Specjali\u015bci z do\u015bwiadczeniem mog\u0105 liczy\u0107 nawet na zarobki powy\u017cej 6 500 z\u0142 brutto miesi\u0119cznie.<\/p>\r\n<p>Za granic\u0105, zarobki s\u0105 znacznie wi\u0119ksze. Szacuje si\u0119, \u017ce specjali\u015bci ze \u015brednim do\u015bwiadczeniem w Norwegii na rok 2022 mog\u0105 liczy\u0107 na 10 000 z\u0142 brutto miesi\u0119cznie.<\/p>\r\n<p><a href=\"https:\/\/kursy-udt.pl\/wp-content\/uploads\/2023\/02\/kjl.jpeg\"><img loading=\"lazy\" decoding=\"async\" class=\"aligncenter wp-image-4818\" src=\"https:\/\/kursy-udt.pl\/wp-content\/uploads\/2023\/02\/kjl-300x200.jpeg\" alt=\"grupa kursant\u00f3w na placu manewrowym.\" width=\"750\" height=\"501\" srcset=\"https:\/\/kursy-udt.pl\/wp-content\/uploads\/2023\/02\/kjl-300x200.jpeg 300w, https:\/\/kursy-udt.pl\/wp-content\/uploads\/2023\/02\/kjl-1024x684.jpeg 1024w, https:\/\/kursy-udt.pl\/wp-content\/uploads\/2023\/02\/kjl-768x513.jpeg 768w, https:\/\/kursy-udt.pl\/wp-content\/uploads\/2023\/02\/kjl-1536x1025.jpeg 1536w, https:\/\/kursy-udt.pl\/wp-content\/uploads\/2023\/02\/kjl-18x12.jpeg 18w, https:\/\/kursy-udt.pl\/wp-content\/uploads\/2023\/02\/kjl-624x417.jpeg 624w, https:\/\/kursy-udt.pl\/wp-content\/uploads\/2023\/02\/kjl.jpeg 1600w\" sizes=\"auto, (max-width: 750px) 100vw, 750px\" \/><\/a><\/p>\r\n<h2><strong>Warunki przyst\u0105pienia do szkolenia<\/strong><\/h2>\r\n<ul>\r\n<li>uko\u0144czony 18 rok \u017cycia<\/li>\r\n<li>brak przeciwskaza\u0144 lekarskich do wykonywania zawodu operatora \u017curawi<\/li>\r\n<li>wykszta\u0142cenie przynajmniej podstawowe.<\/li>\r\n<\/ul>\r\n<h3>Inne kursy zawodowe:<\/h3>\r\n<ul>\r\n<li>Kurs na operatora koparko-\u0142adowarki<\/li>\r\n<li><a href=\"https:\/\/kursy-udt.pl\/ua\/szkolenia\/udt-wdt-tdt\/wozki-widlowe-merlo\/\">Kurs na operatora w\u00f3zka wid\u0142owego<\/a><\/li>\r\n<li><a href=\"https:\/\/kursy-udt.pl\/ua\/szkolenia\/wysokosciowe-na-uprawnienia-alpinistyczne\/\">Szkolenie wysoko\u015bciowe<\/a><\/li>\r\n<li>Szkolenia <a href=\"https:\/\/kursy-udt.pl\/ua\/szkolenia\/sep-uprawnienia-do-1kv\/g1\/\">G1<\/a>, G2, <a href=\"https:\/\/kursy-udt.pl\/ua\/szkolenia\/sep-uprawnienia-do-1kv\/g3\/\">G3<\/a>.<\/li>\r\n<\/ul>\r\n<h2>Pytania i odpowiedzi<\/h2>\r\n\t\t<details\t\thelp class=\"sc_fs_faq sc_card    \"\n\t\t\t\t>\n\t\t\t\t\t<summary>\n\t\t\t\t<h3>Po zdaniu egzaminu na operatora \u017curawi wie\u017cowych, na jak d\u0142ugo s\u0105 przyznawane za\u015bwiadczenia zawodowe?<\/h3>\t\t\t\t\t<\/summary>\n\t\t\t\t<div>\n\t\t\t\t\t\t<div class=\"sc_fs_faq__content\">\n\t\t\t\t\r\n\r\n\r\n<p>Za\u015bwiadczenie kwalifikacyjne na operatora \u017curawi wie\u017cowych jest przyznawane na 5 lat.<\/p>\r\n\t\t\t<\/div>\n\t\t<\/div>\n\t\t<\/details>\n\t\t\t\t<details\t\thelp class=\"sc_fs_faq sc_card    \"\n\t\t\t\t>\n\t\t\t\t\t<summary>\n\t\t\t\t<h3>Jak przed\u0142u\u017cy\u0107 za\u015bwiadczenie kwalifikacyjne po up\u0142ywie terminu wa\u017cno\u015bci?<\/h3>\t\t\t\t\t<\/summary>\n\t\t\t\t<div>\n\t\t\t\t\t\t<div class=\"sc_fs_faq__content\">\n\t\t\t\t\r\n\r\n\r\n<p>Je\u017celi wa\u017cno\u015b\u0107 dokumentu si\u0119 ko\u0144czy wystarczy z\u0142o\u017cy\u0107 wniosek o przed\u0142u\u017cenie okresu wa\u017cno\u015bci za\u015bwiadczenia w Urz\u0119dzie Dozoru Technicznego.<\/p>\r\n\t\t\t<\/div>\n\t\t<\/div>\n\t\t<\/details>\n\t\t\t\t<details\t\thelp class=\"sc_fs_faq sc_card    \"\n\t\t\t\t>\n\t\t\t\t\t<summary>\n\t\t\t\t<h3>Na jakie wynagrodzenie mo\u017ce liczy\u0107 operator \u017curawi wie\u017cowych w Polsce?<\/h3>\t\t\t\t\t<\/summary>\n\t\t\t\t<div>\n\t\t\t\t\t\t<div class=\"sc_fs_faq__content\">\n\t\t\t\t\r\n\r\n\r\n<p>Mediana wynagrodzenia na rok 2022 operatora \u017curawi wie\u017cowych wynosi 5 000 z\u0142 brutto miesi\u0119cznie.<\/p>\r\n\t\t\t<\/div>\n\t\t<\/div>\n\t\t<\/details>\n\t\t\t\t<details\t\thelp class=\"sc_fs_faq sc_card    \"\n\t\t\t\t>\n\t\t\t\t\t<summary>\n\t\t\t\t<h3>Jakie trzeba mie\u0107 wykszta\u0142cenie, aby przyst\u0105pi\u0107 do szkolenia?<\/h3>\t\t\t\t\t<\/summary>\n\t\t\t\t<div>\n\t\t\t\t\t\t<div class=\"sc_fs_faq__content\">\n\t\t\t\t\r\n\r\n\r\n<p>Aby wzi\u0105\u0107 udzia\u0142 w szkoleniu nale\u017cy posiada\u0107 wykszta\u0142cenie przynajmniej podstawowe.<\/p>\r\n\t\t\t<\/div>\n\t\t<\/div>\n\t\t<\/details>\n\t\t\n<script type=\"application\/ld+json\">\n\t{\n\t\t\"@context\": \"https:\/\/schema.org\",\n\t\t\"@type\": \"FAQPage\",\n\t\t\"mainEntity\": [\n\t\t\t\t\t{\n\t\t\t\t\"@type\": \"Question\",\n\t\t\t\t\"name\": \"Po zdaniu egzaminu na operatora \u017curawi wie\u017cowych, na jak d\u0142ugo s\u0105 przyznawane za\u015bwiadczenia zawodowe?\",\n\t\t\t\t\"acceptedAnswer\": {\n\t\t\t\t\t\"@type\": \"Answer\",\n\t\t\t\t\t\"text\": \"<p>Za\u015bwiadczenie kwalifikacyjne na operatora \u017curawi wie\u017cowych jest przyznawane na 5 lat.<\/p>\"\n\t\t\t\t\t\t\t\t\t}\n\t\t\t}\n\t\t\t,\t\t\t\t{\n\t\t\t\t\"@type\": \"Question\",\n\t\t\t\t\"name\": \"Jak przed\u0142u\u017cy\u0107 za\u015bwiadczenie kwalifikacyjne po up\u0142ywie terminu wa\u017cno\u015bci?\",\n\t\t\t\t\"acceptedAnswer\": {\n\t\t\t\t\t\"@type\": \"Answer\",\n\t\t\t\t\t\"text\": \"<p>Je\u017celi wa\u017cno\u015b\u0107 dokumentu si\u0119 ko\u0144czy wystarczy z\u0142o\u017cy\u0107 wniosek o przed\u0142u\u017cenie okresu wa\u017cno\u015bci za\u015bwiadczenia w Urz\u0119dzie Dozoru Technicznego.<\/p>\"\n\t\t\t\t\t\t\t\t\t}\n\t\t\t}\n\t\t\t,\t\t\t\t{\n\t\t\t\t\"@type\": \"Question\",\n\t\t\t\t\"name\": \"Na jakie wynagrodzenie mo\u017ce liczy\u0107 operator \u017curawi wie\u017cowych w Polsce?\",\n\t\t\t\t\"acceptedAnswer\": {\n\t\t\t\t\t\"@type\": \"Answer\",\n\t\t\t\t\t\"text\": \"<p>Mediana wynagrodzenia na rok 2022 operatora \u017curawi wie\u017cowych wynosi 5 000 z\u0142 brutto miesi\u0119cznie.<\/p>\"\n\t\t\t\t\t\t\t\t\t}\n\t\t\t}\n\t\t\t,\t\t\t\t{\n\t\t\t\t\"@type\": \"Question\",\n\t\t\t\t\"name\": \"Jakie trzeba mie\u0107 wykszta\u0142cenie, aby przyst\u0105pi\u0107 do szkolenia?\",\n\t\t\t\t\"acceptedAnswer\": {\n\t\t\t\t\t\"@type\": \"Answer\",\n\t\t\t\t\t\"text\": \"<p>Aby wzi\u0105\u0107 udzia\u0142 w szkoleniu nale\u017cy posiada\u0107 wykszta\u0142cenie przynajmniej podstawowe.<\/p>\"\n\t\t\t\t\t\t\t\t\t}\n\t\t\t}\n\t\t\t\t\t\t]\n\t}\n<\/script>\n","protected":false},"excerpt":{"rendered":"<p>Firma \u201cERGON\u201d specjalizuje si\u0119 w przeprowadzaniu kurs\u00f3w na operator\u00f3w, konserwator\u00f3w i serwisant\u00f3w. W naszej ofercie posiadamy szkolenia na operatora \u017curawi wie\u017cowych i szybko-montuj\u0105cych. Nasza siedziba mie\u015bci si\u0119 w Warszawie, ale szkolimy przysz\u0142ych specjalist\u00f3w na terenie ca\u0142ej Polski. Cel szkolenia Celem naszego o\u015brodka jest przekazanie niezb\u0119dnej wiedzy i praktyki do wykonywania zawodu operatora \u017curawi. Z \u0142atwo\u015bci\u0105 nasi specjali\u015bci przygotuj\u0105 Ci\u0119 do zdania pozytywnie egzaminu pa\u0144stwowego przed komisj\u0105 powo\u0142an\u0105 przez Urz\u0105d Dozoru Technicznego. Zdany egzamin da Ci nowe kwalifikacje do wykonywania zawodu. Jak wgl\u0105da szkolenie w naszym o\u015brodku? Zaj\u0119cia w naszym o\u015brodku s\u0105 przeprowadzane w formie teoretycznej, a p\u00f3\u017aniej w formie praktycznej. Zdobyta wiedza na wyk\u0142adach przygotuje kursanta do wykonywania zada\u0144 z urz\u0105dzeniem, pod okiem naszych specjalist\u00f3w. Program szkolenia jest bie\u017c\u0105co aktualizowany i pracujemy na nowoczesnych urz\u0105dzeniach, aby praca jak i nauka sz\u0142a sprawnie. Cz\u0119\u015b\u0107 teoretyczna obejmuje wiedz\u0119 z zakresu: dozoru technicznego urz\u0105dze\u0144 transportu bliskiego budowy urz\u0105dze\u0144 przepisy prawne i BHP. Zaj\u0119cia praktyczne polegaj\u0105 na wykonywaniu takich zada\u0144 jak: eksploatacja urz\u0105dzenia obs\u0142uga \u017curawi jazda po placu manewrowym. Egzamin Po uko\u0144czonym szkoleniu, kursant podchodzi do egzaminu wewn\u0119trznego przeprowadzanego w naszym o\u015brodku szkoleniowym. Dalszym etapem jest podej\u015bcie do egzaminu przed komisj\u0105 powo\u0142an\u0105 przez UDT. Egzamin wygl\u0105da podobnie jak w o\u015brodku, najpierw podchodzimy do testu pisemnego, a nast\u0119pnie pokazujemy nasze umiej\u0119tno\u015bci na placu manewrowym. Pozytywny wynik egzaminu daje nam za\u015bwiadczenie kwalifikacyjne do obs\u0142ugi \u017curawi wie\u017cowych i szybko-montuj\u0105cych. Wa\u017cno\u015b\u0107 za\u015bwiadczenia wynosi 5 lat. Je\u017celi wa\u017cno\u015b\u0107 dokumentu si\u0119 ko\u0144czy, wystarczy z\u0142o\u017cy\u0107 wniosek o przed\u0142u\u017cenie okresu wa\u017cno\u015bci za\u015bwiadczenia w Urz\u0119dzie Dozoru Technicznego. Uprawnienia pozwol\u0105 Ci na obs\u0142ug\u0119 \u017curaw wie\u017cowy (\u017curaw budowlany) podnosz\u0105cego \u0142adunek [&hellip;]<\/p>\n","protected":false},"author":2,"featured_media":4819,"parent":2721,"menu_order":0,"comment_status":"closed","ping_status":"closed","template":"","meta":{"sfsi_plus_gutenberg_text_before_share":"","sfsi_plus_gutenberg_show_text_before_share":"","sfsi_plus_gutenberg_icon_type":"","sfsi_plus_gutenberg_icon_alignemt":"","sfsi_plus_gutenburg_max_per_row":"","footnotes":""},"class_list":["post-4814","page","type-page","status-publish","has-post-thumbnail","hentry","has_thumb"],"aioseo_notices":[],"_links":{"self":[{"href":"https:\/\/kursy-udt.pl\/ua\/wp-json\/wp\/v2\/pages\/4814","targetHints":{"allow":["GET"]}}],"collection":[{"href":"https:\/\/kursy-udt.pl\/ua\/wp-json\/wp\/v2\/pages"}],"about":[{"href":"https:\/\/kursy-udt.pl\/ua\/wp-json\/wp\/v2\/types\/page"}],"author":[{"embeddable":true,"href":"https:\/\/kursy-udt.pl\/ua\/wp-json\/wp\/v2\/users\/2"}],"replies":[{"embeddable":true,"href":"https:\/\/kursy-udt.pl\/ua\/wp-json\/wp\/v2\/comments?post=4814"}],"version-history":[{"count":7,"href":"https:\/\/kursy-udt.pl\/ua\/wp-json\/wp\/v2\/pages\/4814\/revisions"}],"predecessor-version":[{"id":5326,"href":"https:\/\/kursy-udt.pl\/ua\/wp-json\/wp\/v2\/pages\/4814\/revisions\/5326"}],"up":[{"embeddable":true,"href":"https:\/\/kursy-udt.pl\/ua\/wp-json\/wp\/v2\/pages\/2721"}],"wp:featuredmedia":[{"embeddable":true,"href":"https:\/\/kursy-udt.pl\/ua\/wp-json\/wp\/v2\/media\/4819"}],"wp:attachment":[{"href":"https:\/\/kursy-udt.pl\/ua\/wp-json\/wp\/v2\/media?parent=4814"}],"curies":[{"name":"wp","href":"https:\/\/api.w.org\/{rel}","templated":true}]}}