{"id":4403,"date":"2022-09-29T08:44:29","date_gmt":"2022-09-29T08:44:29","guid":{"rendered":"https:\/\/kursy-udt.pl\/?page_id=4403"},"modified":"2023-01-04T09:28:35","modified_gmt":"2023-01-04T09:28:35","slug":"%d0%b2%d0%b0%d0%bd%d1%82%d0%b0%d0%b6%d0%bd%d0%be-%d0%bf%d0%b0%d1%81%d0%b0%d0%b6%d0%b8%d1%80%d1%81%d1%8c%d0%ba%d1%96-%d0%ba%d1%80%d0%b0%d0%bd%d0%b8","status":"publish","type":"page","link":"https:\/\/kursy-udt.pl\/ua\/publikacje\/udt-wdt-tdt\/dzwigi-towarowo-osobowe\/","title":{"rendered":"\u0429\u043e \u0442\u0430\u043a\u0435 \u0432\u0430\u043d\u0442\u0430\u0436\u043e\u043f\u0430\u0441\u0430\u0436\u0438\u0440\u0441\u044c\u043a\u0438\u0439 \u043a\u0440\u0430\u043d?"},"content":{"rendered":"<p><a href=\"https:\/\/kursy-udt.pl\/ua\/szkolenia\/udt-wdt-tdt\/dzwigi-towarowo-osobowe\/\">\u0412\u0430\u043d\u0442\u0430\u0436\u043e\u043f\u0430\u0441\u0430\u0436\u0438\u0440\u0441\u044c\u043a\u0438\u0439 \u043a\u0440\u0430\u043d<\/a> \u0441\u0442\u043e\u0441\u0443\u0454\u0442\u044c\u0441\u044f \u043f\u0456\u0434\u0439\u043e\u043c\u0443 \u0442\u0430 \u0437\u0443\u043f\u0438\u043d\u043a\u0438 \u043d\u0430 \u043f\u0435\u0432\u043d\u0438\u0445 \u0440\u0456\u0432\u043d\u044f\u0445. \u0412\u0456\u043d \u043f\u0440\u0430\u0446\u044e\u0454, \u044f\u043a \u0456 \u0432\u0441\u0456 \u0437\u0432\u0438\u0447\u043d\u0456 \u043d\u0430\u043c \u043b\u0456\u0444\u0442\u0438. \u0411\u0435\u0437 \u043d\u044c\u043e\u0433\u043e \u043f\u0435\u0440\u0435\u043c\u0456\u0449\u0435\u043d\u043d\u044f \u0442\u0430 \u043f\u0456\u0434\u0439\u043e\u043c \u043f\u0440\u0430\u0446\u0456\u0432\u043d\u0438\u043a\u0456\u0432, \u0430 \u0442\u0430\u043a\u043e\u0436 \u043c\u0430\u0442\u0435\u0440\u0456\u0430\u043b\u0456\u0432 \u0431\u0443\u043b\u043e \u0431 \u043d\u0435\u0439\u043c\u043e\u0432\u0456\u0440\u043d\u043e \u0441\u043a\u043b\u0430\u0434\u043d\u0438\u043c. \u0414\u043b\u044f \u0442\u043e\u0433\u043e, \u0449\u043e\u0431 \u043c\u0430\u0442\u0438 \u043c\u043e\u0436\u043b\u0438\u0432\u0456\u0441\u0442\u044c \u0435\u043a\u0441\u043f\u043b\u0443\u0430\u0442\u0443\u0432\u0430\u0442\u0438 \u0446\u0435\u0439 \u043f\u0440\u0438\u0441\u0442\u0440\u0456\u0439, \u043d\u0435\u043e\u0431\u0445\u0456\u0434\u043d\u043e \u0441\u043a\u043b\u0430\u0441\u0442\u0438 \u0456\u0441\u043f\u0438\u0442 UDT \u0442\u0430 \u043e\u0442\u0440\u0438\u043c\u0430\u0442\u0438 \u043b\u0456\u0446\u0435\u043d\u0437\u0456\u044e.<\/p>\n<p>\u041f\u0440\u0438\u0445\u043e\u0434\u044c\u0442\u0435 \u0432 \u043a\u043e\u043c\u043f\u0430\u043d\u0456\u044e \"\u0415\u0420\u0413\u041e\u041d\", \u0437 \u043d\u0430\u043c\u0438 \u0432\u0438 \u043b\u0435\u0433\u043a\u043e \u043f\u0440\u043e\u0439\u0434\u0435\u0442\u0435 \u043a\u0443\u0440\u0441 \u0456 \u0441\u0442\u0430\u043d\u0435\u0442\u0435 \u043c\u0430\u0448\u0438\u043d\u0456\u0441\u0442\u043e\u043c \u043a\u0440\u0430\u043d\u0430!<\/p>\n<p><a href=\"https:\/\/kursy-udt.pl\/wp-content\/uploads\/2022\/09\/2.webp\"><img loading=\"lazy\" decoding=\"async\" class=\"alignright wp-image-4405\" src=\"https:\/\/kursy-udt.pl\/wp-content\/uploads\/2022\/09\/2-200x300.webp\" alt=\"\u0424\u043e\u0442\u043e\u0433\u0440\u0430\u0444\u0456\u044f \u0431\u0443\u0434\u0456\u0432\u0435\u043b\u044c\u043d\u043e\u0433\u043e \u043b\u0456\u0444\u0442\u0430\" width=\"300\" height=\"450\" srcset=\"https:\/\/kursy-udt.pl\/wp-content\/uploads\/2022\/09\/2-200x300.webp 200w, https:\/\/kursy-udt.pl\/wp-content\/uploads\/2022\/09\/2-683x1024.webp 683w, https:\/\/kursy-udt.pl\/wp-content\/uploads\/2022\/09\/2-768x1152.webp 768w, https:\/\/kursy-udt.pl\/wp-content\/uploads\/2022\/09\/2-1024x1536.webp 1024w, https:\/\/kursy-udt.pl\/wp-content\/uploads\/2022\/09\/2-8x12.webp 8w, https:\/\/kursy-udt.pl\/wp-content\/uploads\/2022\/09\/2-624x936.webp 624w, https:\/\/kursy-udt.pl\/wp-content\/uploads\/2022\/09\/2.webp 1067w\" sizes=\"auto, (max-width: 300px) 100vw, 300px\" \/><\/a><\/p>\n<h2><strong>\u0426\u0456\u043a\u0430\u0432\u043e, \u044f\u043a \u043f\u0440\u043e\u0445\u043e\u0434\u0438\u0442\u044c \u043d\u0430\u0448 \u043a\u0443\u0440\u0441?<\/strong><\/h2>\n<p>\u041f\u0435\u0440\u0448 \u0437\u0430 \u0432\u0441\u0435, \u043c\u0438 \u0434\u0431\u0430\u0454\u043c\u043e \u043f\u0440\u043e \u044f\u043a\u0456\u0441\u0442\u044c \u0432\u0438\u043a\u043b\u0430\u0434\u0430\u043d\u043d\u044f \u0442\u0430 \u0437\u0430\u0434\u043e\u0432\u043e\u043b\u0435\u043d\u0456\u0441\u0442\u044c \u0441\u0442\u0443\u0434\u0435\u043d\u0442\u0456\u0432. \u041c\u0438 \u0432\u0432\u0430\u0436\u0430\u0454\u043c\u043e, \u0449\u043e \u0456 \u0442\u0435\u043e\u0440\u0456\u044f, \u0456 \u043f\u0440\u0430\u043a\u0442\u0438\u043a\u0430 \u043e\u0434\u043d\u0430\u043a\u043e\u0432\u043e \u0432\u0430\u0436\u043b\u0438\u0432\u0456, \u0442\u043e\u043c\u0443 \u043f\u0440\u0438\u0434\u0456\u043b\u044f\u0454\u043c\u043e \u043e\u0434\u043d\u0430\u043a\u043e\u0432\u0443 \u0443\u0432\u0430\u0433\u0443 \u043e\u0431\u043e\u043c \u043d\u0430\u043f\u0440\u044f\u043c\u043a\u0430\u043c. \u041c\u0438 \u0432\u0438\u043a\u043e\u0440\u0438\u0441\u0442\u043e\u0432\u0443\u0454\u043c\u043e \u0434\u0438\u0434\u0430\u043a\u0442\u0438\u0447\u043d\u0456 \u043c\u0435\u0442\u043e\u0434\u0438, \u044f\u043a\u0456 \u0430\u043a\u0442\u0438\u0432\u0456\u0437\u0443\u044e\u0442\u044c \u0443\u0447\u043d\u0456\u0432 \u0442\u0430 \u0441\u043f\u043e\u043d\u0443\u043a\u0430\u044e\u0442\u044c \u0457\u0445 \u0434\u043e \u0430\u043a\u0442\u0438\u0432\u043d\u043e\u0457 \u0443\u0447\u0430\u0441\u0442\u0456 \u0432 \u0437\u0430\u043d\u044f\u0442\u0442\u044f\u0445. \u041d\u0430\u0448\u0456 \u0444\u0430\u0445\u0456\u0432\u0446\u0456 \u043f\u0456\u0434\u0433\u043e\u0442\u0443\u044e\u0442\u044c \u0441\u0442\u0443\u0434\u0435\u043d\u0442\u0456\u0432 \u0434\u043e \u0456\u0441\u043f\u0438\u0442\u0456\u0432 \u0442\u0430 \u043e\u0437\u0431\u0440\u043e\u044f\u0442\u044c \u0457\u0445 \u043d\u0430\u0432\u0438\u0447\u043a\u0430\u043c\u0438, \u044f\u043a\u0456 \u0437\u043d\u0430\u0434\u043e\u0431\u043b\u044f\u0442\u044c\u0441\u044f \u043d\u0430 \u0440\u043e\u0431\u043e\u0447\u043e\u043c\u0443 \u043c\u0456\u0441\u0446\u0456.<\/p>\n<h2><strong>\u0410 \u0447\u043e\u0433\u043e \u0432\u0438 \u043d\u0430\u0432\u0447\u0438\u0442\u0435\u0441\u044f \u043d\u0430 \u043a\u0443\u0440\u0441\u0430\u0445?<\/strong><\/h2>\n<p>\u041f\u0456\u0441\u043b\u044f \u0437\u0430\u043a\u0456\u043d\u0447\u0435\u043d\u043d\u044f \u043d\u0430\u0448\u043e\u0433\u043e \u043a\u0443\u0440\u0441\u0443 \u0432\u0438 \u0431\u0443\u0434\u0435\u0442\u0435 \u0432\u043e\u043b\u043e\u0434\u0456\u0442\u0438 \u043f\u0440\u043e\u0444\u0435\u0441\u0456\u0439\u043d\u0438\u043c\u0438 \u0437\u043d\u0430\u043d\u043d\u044f\u043c\u0438, \u043d\u0435\u043e\u0431\u0445\u0456\u0434\u043d\u0438\u043c\u0438 \u0434\u043b\u044f \u0440\u043e\u0431\u043e\u0442\u0438 \u043e\u043f\u0435\u0440\u0430\u0442\u043e\u0440\u043e\u043c. \u0412\u0438 \u043e\u0437\u043d\u0430\u0439\u043e\u043c\u0438\u0442\u0435\u0441\u044f \u0437 \u043d\u0430\u0441\u0442\u0443\u043f\u043d\u0438\u043c\u0438 \u0442\u0435\u043c\u0430\u043c\u0438:<\/p>\n<ul>\n<li>\u041e\u0441\u043d\u043e\u0432\u043d\u0456 \u043f\u0430\u0440\u0430\u043c\u0435\u0442\u0440\u0438 \u043a\u0440\u0430\u043d\u0456\u0432,<\/li>\n<li>\u041e\u0441\u043d\u043e\u0432\u043d\u0456 \u0432\u0443\u0437\u043b\u0438 \u0432\u0430\u043d\u0442\u0430\u0436\u043d\u043e-\u043f\u0430\u0441\u0430\u0436\u0438\u0440\u0441\u044c\u043a\u043e\u0433\u043e \u043a\u0440\u0430\u043d\u0443,<\/li>\n<li>\u041e\u0431\u043e\u0432'\u044f\u0437\u043a\u0438 \u0442\u0430 \u0432\u0456\u0434\u043f\u043e\u0432\u0456\u0434\u0430\u043b\u044c\u043d\u0456\u0441\u0442\u044c \u043b\u0456\u0444\u0442\u0435\u0440\u0430,<\/li>\n<li>\u041f\u0440\u0430\u0432\u0438\u043b\u0430 \u0431\u0435\u0437\u043f\u0435\u043a\u0438 \u043f\u0456\u0434 \u0447\u0430\u0441 \u0435\u043a\u0441\u043f\u043b\u0443\u0430\u0442\u0430\u0446\u0456\u0457 \u0432\u0430\u043d\u0442\u0430\u0436\u043e\u043f\u0456\u0434\u0456\u0439\u043c\u0430\u043b\u044c\u043d\u0438\u0445 \u0442\u0430 \u0432\u0430\u043d\u0442\u0430\u0436\u043e\u043f\u0430\u0441\u0430\u0436\u0438\u0440\u0441\u044c\u043a\u0438\u0445 \u043a\u0440\u0430\u043d\u0456\u0432.<\/li>\n<\/ul>\n<h2><strong>\u0425\u043e\u0447\u0435\u0442\u0435 \u0434\u0456\u0437\u043d\u0430\u0442\u0438\u0441\u044f, \u044f\u043a\u0456 \u0434\u043e\u043a\u0443\u043c\u0435\u043d\u0442\u0438 \u0412\u0438 \u043e\u0442\u0440\u0438\u043c\u0430\u0454\u0442\u0435 \u043f\u0456\u0441\u043b\u044f \u043f\u0440\u043e\u0445\u043e\u0434\u0436\u0435\u043d\u043d\u044f \u043a\u0443\u0440\u0441\u0443 \u0442\u0430 \u0441\u043a\u043b\u0430\u0434\u0430\u043d\u043d\u044f \u0456\u0441\u043f\u0438\u0442\u0443?<\/strong><\/h2>\n<p>\u041f\u043e \u0437\u0430\u043a\u0456\u043d\u0447\u0435\u043d\u043d\u044e \u043a\u0443\u0440\u0441\u0443 \u0412\u0438 \u043e\u0442\u0440\u0438\u043c\u0430\u0454\u0442\u0435 \u0441\u0432\u0456\u0434\u043e\u0446\u0442\u0432\u043e \u043f\u0440\u043e \u043f\u0440\u0438\u0441\u0432\u043e\u0454\u043d\u043d\u044f \u043a\u0432\u0430\u043b\u0456\u0444\u0456\u043a\u0430\u0446\u0456\u0457 \u0442\u0430 \u0441\u0435\u0440\u0442\u0438\u0444\u0456\u043a\u0430\u0442 \u043f\u0440\u043e \u043f\u0440\u043e\u0445\u043e\u0434\u0436\u0435\u043d\u043d\u044f \u043d\u0430\u0432\u0447\u0430\u043d\u043d\u044f (\u0437\u0430\u043a\u0456\u043d\u0447\u0435\u043d\u043d\u044f \u043a\u0443\u0440\u0441\u0443).<\/p>\n<h2><strong>\u0421\u043a\u0456\u043b\u044c\u043a\u0438 \u0442\u0440\u0438\u0432\u0430\u0454 \u043d\u0430\u0448 \u043a\u0443\u0440\u0441?<\/strong><\/h2>\n<p>\u0414\u043b\u044f \u043d\u0430\u0441 \u0432\u0430\u0436\u043b\u0438\u0432\u0430 \u0441\u043f\u0456\u0432\u043f\u0440\u0430\u0446\u044f, \u0442\u043e\u043c\u0443 \u043c\u0438 \u0437\u0430\u0432\u0436\u0434\u0438 \u0437\u0430\u0441\u0442\u043e\u0441\u043e\u0432\u0443\u0454\u043c\u043e \u0456\u043d\u0434\u0438\u0432\u0456\u0434\u0443\u0430\u043b\u044c\u043d\u0438\u0439 \u043f\u0456\u0434\u0445\u0456\u0434 \u0456 \u043f\u0456\u0434\u043b\u0430\u0448\u0442\u043e\u0432\u0443\u0454\u043c\u043e\u0441\u044f \u043f\u0456\u0434 \u043a\u043b\u0456\u0454\u043d\u0442\u0430. \u0422\u0440\u0438\u0432\u0430\u043b\u0456\u0441\u0442\u044c \u043a\u0443\u0440\u0441\u0443 \u0437\u0430\u043b\u0435\u0436\u0438\u0442\u044c \u0432\u0456\u0434 \u0432\u0430\u0448\u0438\u0445 \u043d\u0430\u0432\u0438\u0447\u043e\u043a.<\/p>\n<h2><strong>\u0414\u0435 \u043c\u0438 \u043f\u0440\u043e\u0432\u043e\u0434\u0438\u043c\u043e \u043d\u0430\u0448\u0456 \u043a\u0443\u0440\u0441\u0438?<\/strong><\/h2>\n<p>\u041c\u0438 \u0454 \u043c\u0430\u0439\u0436\u0435 \u0443 \u0432\u0441\u0456\u0445 \u043a\u0443\u0442\u043e\u0447\u043a\u0430\u0445 \u041f\u043e\u043b\u044c\u0449\u0456! \u0421\u0430\u043c\u0435 \u0442\u043e\u043c\u0443 \u043d\u0430\u0448\u0456 \u043a\u0443\u0440\u0441\u0438 \u0442\u0430\u043a\u0456 \u0434\u043e\u0441\u0442\u0443\u043f\u043d\u0456. \u041c\u0438 \u043f\u0435\u0440\u0435\u0431\u0443\u0432\u0430\u0454\u043c\u043e \u0432 \u0442\u0430\u043a\u0438\u0445 \u043c\u0456\u0441\u0442\u0430\u0445, \u044f\u043a:<\/p>\n<ul>\n<li>\u0412\u0430\u0440\u0448\u0430\u0432\u0430,<\/li>\n<li>\u041a\u0440\u0430\u043a\u0456\u0432,<\/li>\n<li>\u041a\u0430\u0442\u043e\u0432\u0456\u0446\u0435,<\/li>\n<li>\u041b\u043e\u0434\u0437\u044c,<\/li>\n<li>\u0412\u0440\u043e\u0446\u043b\u0430\u0432,<\/li>\n<li>\u041f\u043e\u0437\u043d\u0430\u043d\u044c,<\/li>\n<li>\u0413\u0434\u0430\u043d\u0441\u044c\u043a,<\/li>\n<li>\u0413\u0434\u0438\u043d\u044f,<\/li>\n<li>\u0429\u0435\u0446\u0438\u043d,<\/li>\n<li>\u0411\u0438\u0434\u0433\u043e\u0449,<\/li>\n<li>\u041b\u044e\u0431\u043b\u0456\u043d,<\/li>\n<li>\u0411\u0454\u043b\u044c\u0441\u044c\u043a\u043e-\u0411\u044f\u043b\u0430.<\/li>\n<\/ul>\n<p>\u0406 \u0446\u0435 \u0449\u0435 \u043d\u0435 \u0432\u0441\u0435! \u0423 \u0440\u0430\u0437\u0456 \u043d\u0435\u043e\u0431\u0445\u0456\u0434\u043d\u043e\u0441\u0442\u0456 \u043f\u0440\u043e\u0432\u0435\u0434\u0435\u043d\u043d\u044f \u0442\u0440\u0435\u043d\u0456\u043d\u0433\u0443 \u0434\u043b\u044f \u043e\u0440\u0433\u0430\u043d\u0456\u0437\u043e\u0432\u0430\u043d\u043e\u0457 \u0433\u0440\u0443\u043f\u0438, \u043c\u0438 \u0442\u0430\u043a\u043e\u0436 \u0432\u0438\u0457\u0434\u0435\u043c\u043e \u0434\u043e \u0432\u0430\u0441 \u0437\u0430 \u043f\u043e\u043f\u0435\u0440\u0435\u0434\u043d\u044c\u043e\u044e \u0434\u043e\u043c\u043e\u0432\u043b\u0435\u043d\u0456\u0441\u0442\u044e \u0456 \u043f\u0440\u043e\u0432\u0435\u0434\u0435\u043c\u043e \u0437\u0430\u043a\u0440\u0438\u0442\u0438\u0439 \u043a\u0443\u0440\u0441. \u041a\u0440\u0456\u043c \u0442\u043e\u0433\u043e, \u043c\u0438 \u043c\u0430\u0454\u043c\u043e \u043c\u043e\u0436\u043b\u0438\u0432\u0456\u0441\u0442\u044c \u043f\u0440\u043e\u0432\u043e\u0434\u0438\u0442\u0438 \u0442\u0435\u043e\u0440\u0435\u0442\u0438\u0447\u043d\u0443 \u0447\u0430\u0441\u0442\u0438\u043d\u0443 \u043a\u0443\u0440\u0441\u0443 \u0432 \u0440\u0435\u0436\u0438\u043c\u0456 \u043e\u043d\u043b\u0430\u0439\u043d!<\/p>\n<h2><strong>\u0427\u043e\u043c\u0443 \u0432\u0430\u0440\u0442\u043e \u0437\u0430\u043f\u0438\u0441\u0430\u0442\u0438\u0441\u044f \u043d\u0430 \u043a\u0443\u0440\u0441\u0438 \u0432\u0430\u043d\u0442\u0430\u0436\u043d\u0438\u0445 \u0456 \u043f\u0430\u0441\u0430\u0436\u0438\u0440\u0441\u044c\u043a\u0438\u0445 \u043b\u0456\u0444\u0442\u0456\u0432 (\u0432\u0430\u043d\u0442\u0430\u0436\u043e\u043f\u0430\u0441\u0430\u0436\u0438\u0440\u0441\u044c\u043a\u0438\u0445) \u0432 \u043a\u043e\u043c\u043f\u0430\u043d\u0456\u0457 ERGON?<\/strong><\/h2>\n<p><a href=\"https:\/\/kursy-udt.pl\/wp-content\/uploads\/2022\/09\/3-5.jpeg\"><img loading=\"lazy\" decoding=\"async\" class=\"aligncenter wp-image-4406\" src=\"https:\/\/kursy-udt.pl\/wp-content\/uploads\/2022\/09\/3-5-300x200.jpeg\" alt=\"\u0417\u043e\u0431\u0440\u0430\u0436\u0435\u043d\u043d\u044f \u0437 \u043f\u0456\u0434\u043f\u0438\u0441\u043e\u043c \u043a\u0443\u0440\u0441\u0443\" width=\"750\" height=\"500\" srcset=\"https:\/\/kursy-udt.pl\/wp-content\/uploads\/2022\/09\/3-5-300x200.jpeg 300w, https:\/\/kursy-udt.pl\/wp-content\/uploads\/2022\/09\/3-5-1024x683.jpeg 1024w, https:\/\/kursy-udt.pl\/wp-content\/uploads\/2022\/09\/3-5-768x512.jpeg 768w, https:\/\/kursy-udt.pl\/wp-content\/uploads\/2022\/09\/3-5-1536x1024.jpeg 1536w, https:\/\/kursy-udt.pl\/wp-content\/uploads\/2022\/09\/3-5-18x12.jpeg 18w, https:\/\/kursy-udt.pl\/wp-content\/uploads\/2022\/09\/3-5-624x416.jpeg 624w, https:\/\/kursy-udt.pl\/wp-content\/uploads\/2022\/09\/3-5.jpeg 1600w\" sizes=\"auto, (max-width: 750px) 100vw, 750px\" \/><\/a><\/p>\n<p>\u0422\u0456\u043b\u044c\u043a\u0438 \u0434\u043e\u0441\u0432\u0456\u0434\u0447\u0435\u043d\u0456 \u0442\u0430 \u043a\u0432\u0430\u043b\u0456\u0444\u0456\u043a\u043e\u0432\u0430\u043d\u0456 \u0456\u043d\u0441\u0442\u0440\u0443\u043a\u0442\u043e\u0440\u0438, \u044f\u043a\u0456 \u043c\u0430\u044e\u0442\u044c \u0432\u0456\u0434\u043f\u043e\u0432\u0456\u0434\u043d\u0443 \u043a\u0432\u0430\u043b\u0456\u0444\u0456\u043a\u0430\u0446\u0456\u044e \u0442\u0430 <a href=\"https:\/\/kursy-udt.pl\/ua\/uprawnienia-udt\/kategorie-uprawnien-2\/\">\u041a\u0432\u0430\u043b\u0456\u0444\u0456\u043a\u0430\u0446\u0456\u044f UDT<\/a>. \u041c\u0438 \u0437\u0430\u0432\u0436\u0434\u0438 \u0432 \u043a\u0443\u0440\u0441\u0456 \u0433\u0430\u043b\u0443\u0437\u0435\u0432\u0438\u0445 \u0437\u043d\u0430\u043d\u044c, \u043e\u0441\u043e\u0431\u043b\u0438\u0432\u043e \u043a\u043e\u043b\u0438 \u043c\u043e\u0432\u0430 \u0439\u0434\u0435 \u043f\u0440\u043e \u043d\u043e\u0440\u043c\u0430\u0442\u0438\u0432\u043d\u043e-\u043f\u0440\u0430\u0432\u043e\u0432\u0456 \u0430\u043a\u0442\u0438, \u043f\u043e\u0432'\u044f\u0437\u0430\u043d\u0456 \u0437 \u043f\u043e\u0434\u0430\u0442\u043a\u043e\u043c \u043d\u0430 \u0434\u043e\u0434\u0430\u043d\u0443 \u0432\u0430\u0440\u0442\u0456\u0441\u0442\u044c \u0442\u0430 <a href=\"https:\/\/kursy-udt.pl\/ua\/szkolenia\/bhp-bezpieczenstwo-pracy\/prawna-ochrona-pracy\/\">\u0417\u0434\u043e\u0440\u043e\u0432&#039;\u044f \u0456 \u0431\u0435\u0437\u043f\u0435\u043a\u0430<\/a> \u0441\u043a\u043b\u0430\u0434\u0441\u044c\u043a\u0435 \u043e\u0431\u043b\u0430\u0434\u043d\u0430\u043d\u043d\u044f, \u0442\u0430\u043a\u0435 \u044f\u043a \u043d\u0430\u0432\u0430\u043d\u0442\u0430\u0436\u0443\u0432\u0430\u0447\u0456, \u043f\u043b\u0430\u0442\u0444\u043e\u0440\u043c\u0438, \u043a\u0440\u0430\u043d\u0438, \u0442\u0430\u043b\u0456, \u043f\u0456\u0434\u0439\u043e\u043c\u043d\u0438\u043a\u0438 \u0430\u0431\u043e \u0432\u0430\u043d\u0442\u0430\u0436\u043d\u0456 \u0442\u0430 \u043f\u0430\u0441\u0430\u0436\u0438\u0440\u0441\u044c\u043a\u0456 \u043b\u0456\u0444\u0442\u0438. \u0412\u0438\u043a\u043b\u0430\u0434\u0430\u0447\u0456 \u0434\u0456\u043b\u044f\u0442\u044c\u0441\u044f \u0441\u0432\u043e\u0457\u043c \u0434\u043e\u0441\u0432\u0456\u0434\u043e\u043c \u0456 \u0491\u0440\u0443\u043d\u0442\u043e\u0432\u043d\u043e \u0433\u043e\u0442\u0443\u044e\u0442\u044c \u0432\u0430\u0441 \u0434\u043e \u0456\u0441\u043f\u0438\u0442\u0443 UDT \u0442\u0430 \u043f\u0440\u043e\u0444\u0435\u0441\u0456\u0439\u043d\u043e\u0457 \u0434\u0456\u044f\u043b\u044c\u043d\u043e\u0441\u0442\u0456. \u041f\u0456\u0441\u043b\u044f \u043d\u0430\u0448\u043e\u0433\u043e \u043a\u0443\u0440\u0441\u0443 \u0437\u043d\u0430\u0439\u0442\u0438 \u0440\u043e\u0431\u043e\u0442\u0443 \u043d\u0435 \u0431\u0443\u0434\u0435 \u043f\u0440\u043e\u0431\u043b\u0435\u043c\u043e\u044e, \u044f\u043a\u0449\u043e \u0432\u0440\u0430\u0445\u0443\u0432\u0430\u0442\u0438 \u043f\u043e\u043f\u0438\u0442 \u043d\u0430 \u043c\u0430\u0448\u0438\u043d\u0456\u0441\u0442\u0456\u0432 \u0432\u0430\u043d\u0442\u0430\u0436\u043d\u0438\u0445 \u0456 \u043f\u0430\u0441\u0430\u0436\u0438\u0440\u0441\u044c\u043a\u0438\u0445 \u043a\u0440\u0430\u043d\u0456\u0432. \u0412\u0430\u0440\u0442\u043e \u0456\u043d\u0432\u0435\u0441\u0442\u0443\u0432\u0430\u0442\u0438 \u0432 \u0441\u0435\u0431\u0435 \u0456 \u0432 \u0434\u043e\u0434\u0430\u0442\u043a\u043e\u0432\u0443 \u043a\u0432\u0430\u043b\u0456\u0444\u0456\u043a\u0430\u0446\u0456\u044e. \u041c\u0438 \u0445\u043e\u0447\u0435\u043c\u043e \u0440\u043e\u0437\u0432\u0438\u0432\u0430\u0442\u0438\u0441\u044f \u0440\u0430\u0437\u043e\u043c \u0437 \u0432\u0430\u043c\u0438!<\/p>\n<h2><strong>\u0427\u0438 \u0454 \u043e\u0431\u043e\u0432'\u044f\u0437\u043a\u043e\u0432\u0438\u043c \u0456\u0441\u043f\u0438\u0442 \u0437 \u0412\u0414\u0422 \u0434\u043b\u044f \u0432\u0430\u043d\u0442\u0430\u0436\u043e\u043f\u0456\u0434\u0456\u0439\u043c\u0430\u043b\u044c\u043d\u0438\u0445 \u0442\u0430 \u043f\u0430\u0441\u0430\u0436\u0438\u0440\u0441\u044c\u043a\u0438\u0445 \u043a\u0440\u0430\u043d\u0456\u0432?<\/strong><\/h2>\n<p>\u0412\u0456\u0434\u043f\u043e\u0432\u0456\u043c \u043c\u0430\u043a\u0441\u0438\u043c\u0430\u043b\u044c\u043d\u043e \u043f\u0440\u043e\u0441\u0442\u043e - \u0422\u0410\u041a!  \u0414\u043e \u043a\u0435\u0440\u0443\u0432\u0430\u043d\u043d\u044f \u0432\u0430\u043d\u0442\u0430\u0436\u043e\u043f\u0456\u0434\u0456\u0439\u043c\u0430\u043b\u044c\u043d\u0438\u043c\u0438 \u043a\u0440\u0430\u043d\u0430\u043c\u0438 \u0434\u043e\u043f\u0443\u0441\u043a\u0430\u044e\u0442\u044c\u0441\u044f \u043e\u0441\u043e\u0431\u0438, \u044f\u043a\u0456 \u043c\u0430\u044e\u0442\u044c \u0447\u0438\u043d\u043d\u0443 \u043a\u0432\u0430\u043b\u0456\u0444\u0456\u043a\u0430\u0446\u0456\u044e, \u043e\u0442\u0440\u0438\u043c\u0430\u043d\u0443 \u0448\u043b\u044f\u0445\u043e\u043c \u0443\u0441\u043f\u0456\u0448\u043d\u043e\u0433\u043e \u0441\u043a\u043b\u0430\u0434\u0430\u043d\u043d\u044f \u0434\u0435\u0440\u0436\u0430\u0432\u043d\u043e\u0433\u043e \u0456\u0441\u043f\u0438\u0442\u0443.<\/p>\n<p>\u041f\u0430\u043c'\u044f\u0442\u0430\u0439\u0442\u0435, \u0449\u043e \u0434\u043b\u044f \u0442\u043e\u0433\u043e, \u0449\u043e\u0431 \u0435\u043a\u0441\u043f\u043b\u0443\u0430\u0442\u0443\u0432\u0430\u0442\u0438 \u043a\u0430\u0434\u0440\u043e\u0432\u0438\u0439 \u043b\u0456\u0444\u0442, \u0456\u043d\u0430\u043a\u0448\u0435 \u0432\u0456\u0434\u043e\u043c\u0438\u0439 \u044f\u043a \u0432\u0430\u043d\u0442\u0430\u0436\u043d\u0438\u0439 \u043b\u0456\u0444\u0442, \u0412\u0430\u043c \u043d\u0435\u043e\u0431\u0445\u0456\u0434\u043d\u0430 \u0434\u0456\u044e\u0447\u0430 \u0434\u0435\u0440\u0436\u0430\u0432\u043d\u0430 \u043b\u0456\u0446\u0435\u043d\u0437\u0456\u044f, \u0432\u0438\u0434\u0430\u043d\u0430 \u0423\u0414\u0422. \u0411\u0435\u0437 \u043b\u0456\u0446\u0435\u043d\u0437\u0456\u0457, \u043d\u0430\u0432\u0456\u0442\u044c \u044f\u043a\u0449\u043e \u0432\u0438 \u043c\u0430\u0454\u0442\u0435 \u043d\u0430\u0432\u0438\u0447\u043a\u0438, \u0432\u0438 \u043d\u0435 \u043c\u0430\u0454\u0442\u0435 \u043f\u0440\u0430\u0432\u0430 \u0457\u0445 \u0435\u043a\u0441\u043f\u043b\u0443\u0430\u0442\u0443\u0432\u0430\u0442\u0438! \u041a\u043e\u0436\u0435\u043d \u0432\u0430\u043d\u0442\u0430\u0436\u043d\u0438\u0439 \u0442\u0430 \u043f\u0430\u0441\u0430\u0436\u0438\u0440\u0441\u044c\u043a\u0438\u0439 \u043b\u0456\u0444\u0442 \u043f\u043e\u0432\u0438\u043d\u0435\u043d \u043c\u0430\u0442\u0438 \u0430\u043a\u0442\u0443\u0430\u043b\u044c\u043d\u0438\u0439 \u0442\u0435\u0445\u043e\u0433\u043b\u044f\u0434 \u0423\u0422\u041e\u0421, \u043d\u043e\u043c\u0435\u0440, \u0432\u0438\u0434\u0430\u043d\u0438\u0439 \u0423\u0422\u041e\u0421, \u0442\u0430 \u0432\u0456\u0434\u043f\u043e\u0432\u0456\u0434\u043d\u0443 \u043d\u0430\u043a\u043b\u0435\u0439\u043a\u0443.<\/p>\n<table border=\"1\">\n<tbody>\n<tr>\n<td width=\"300\"><u>\u041d\u0430\u0437\u0432\u0430 \u043a\u0443\u0440\u0441\u0443:<\/u><\/td>\n<td width=\"300\">\u041a\u0443\u0440\u0441 \u0432\u0430\u043d\u0442\u0430\u0436\u043d\u0438\u0445 \u0442\u0430 \u043f\u0430\u0441\u0430\u0436\u0438\u0440\u0441\u044c\u043a\u0438\u0445 \u043b\u0456\u0444\u0442\u0456\u0432 \u0432 ERGON!<\/td>\n<\/tr>\n<tr>\n<td width=\"300\">\u0414\u0435 \u043c\u0438 \u043f\u0440\u043e\u043a\u043b\u0430\u0434\u0430\u0454\u043c\u043e \u043a\u0443\u0440\u0441:<\/td>\n<td width=\"300\">\u041f\u043e \u0432\u0441\u0456\u0439 \u041f\u043e\u043b\u044c\u0449\u0456!<\/td>\n<\/tr>\n<tr>\n<td width=\"300\">\u0426\u0456\u043d\u043e\u0443\u0442\u0432\u043e\u0440\u0435\u043d\u043d\u044f:<\/td>\n<td width=\"300\">\u0411\u0456\u043b\u044c\u0448 \u0434\u0435\u0442\u0430\u043b\u044c\u043d\u0443 \u0456\u043d\u0444\u043e\u0440\u043c\u0430\u0446\u0456\u044e \u043c\u043e\u0436\u043d\u0430 \u0437\u043d\u0430\u0439\u0442\u0438 \u043d\u0430 \u0441\u0430\u0439\u0442\u0456 \u0426\u0435\u043d\u0442\u0440\u0443 \"\u0415\u0420\u0413\u041e\u041d\".<\/td>\n<\/tr>\n<\/tbody>\n<\/table>\n<p><a href=\"https:\/\/kursy-udt.pl\/wp-content\/uploads\/2022\/12\/69-Dzwigi-osobowe-towarowe-kursy-udt.pl_.png\"><img loading=\"lazy\" decoding=\"async\" class=\"aligncenter wp-image-4567\" src=\"https:\/\/kursy-udt.pl\/wp-content\/uploads\/2022\/12\/69-Dzwigi-osobowe-towarowe-kursy-udt.pl_-300x188.png\" alt=\"\" width=\"750\" height=\"469\" srcset=\"https:\/\/kursy-udt.pl\/wp-content\/uploads\/2022\/12\/69-Dzwigi-osobowe-towarowe-kursy-udt.pl_-300x188.png 300w, https:\/\/kursy-udt.pl\/wp-content\/uploads\/2022\/12\/69-Dzwigi-osobowe-towarowe-kursy-udt.pl_-1024x640.png 1024w, https:\/\/kursy-udt.pl\/wp-content\/uploads\/2022\/12\/69-Dzwigi-osobowe-towarowe-kursy-udt.pl_-768x480.png 768w, https:\/\/kursy-udt.pl\/wp-content\/uploads\/2022\/12\/69-Dzwigi-osobowe-towarowe-kursy-udt.pl_-18x12.png 18w, https:\/\/kursy-udt.pl\/wp-content\/uploads\/2022\/12\/69-Dzwigi-osobowe-towarowe-kursy-udt.pl_-624x390.png 624w, https:\/\/kursy-udt.pl\/wp-content\/uploads\/2022\/12\/69-Dzwigi-osobowe-towarowe-kursy-udt.pl_.png 1200w\" sizes=\"auto, (max-width: 750px) 100vw, 750px\" \/><\/a><\/p>","protected":false},"excerpt":{"rendered":"<p>D\u017awig towarowo-osobowy zajmuje si\u0119 podnoszeniem i zatrzymywaniem na okre\u015blonych poziomach. Dzia\u0142a jak wszystkie dobrze znane nam windy. Bez niego przenoszenie i podnoszenie pracownik\u00f3w jak i materia\u0142\u00f3w by\u0142oby niesamowicie utrudnione. Aby m\u00f3c obs\u0142ugiwa\u0107 to urz\u0105dzenie konieczne jest zdanie egzaminu UDT i otrzymanie uprawnie\u0144. Zapraszamy do ERGON, z nami z \u0142atwo\u015bci\u0105 zrobisz kurs i zostaniesz operatorem d\u017awigu! Zastanawiasz si\u0119 jak wygl\u0105da nasz kurs? Przede wszystkim, zale\u017cy nam na jako\u015bci nauczania oraz na zadowoleniu kursant\u00f3w. Uwa\u017camy, \u017ce zar\u00f3wno teoria, jak i praktyka s\u0105 r\u00f3wnie wa\u017cne, dlatego tak samo koncentrujemy si\u0119 na obu strefach. Korzystamy z metod dydaktycznych, kt\u00f3re aktywizuj\u0105 s\u0142uchaczy i zach\u0119caj\u0105 do czynnego udzia\u0142u w zaj\u0119ciach. Nasi specjali\u015bci przygotuj\u0105 kursant\u00f3w do egzaminu oraz wyposa\u017c\u0105 ich w umiej\u0119tno\u015bci niezb\u0119dne w miejscu pracy. A czego dowiesz si\u0119 na kursach? Po naszym kursie posi\u0105dziesz profesjonaln\u0105 wiedz\u0119, niezb\u0119dn\u0105 do pracy jako operator. Zapoznasz si\u0119 z nast\u0119puj\u0105cymi zagadnieniami: Podstawowe parametry d\u017awig\u00f3w, G\u0142\u00f3wne zespo\u0142y d\u017awigu towarowo-osobowego, Obowi\u0105zki i zadania obs\u0142uguj\u0105cego windy, Zasady bezpiecze\u0144stwa pracy przy obs\u0142udze d\u017awig\u00f3w towarowo-osobowych. Chcesz wiedzie\u0107 jakie dokumenty otrzymasz po kursie i zdanym egzaminie? Po uko\u0144czonym kurie otrzymasz \u015bwiadectwo kwalifikacji i za\u015bwiadczenie o przeszkoleniu (uko\u0144czeniu kursu). Ile trwa nasz kurs? Wa\u017cna jest dla nas wsp\u00f3\u0142praca, dlatego zawsze podchodzimy indywidualnie i dopasowujemy si\u0119 do klienta. D\u0142ugo\u015b\u0107 kursu jest zale\u017cna od Twoich umiej\u0119tno\u015bci. Gdzie prowadzimy kursy? Jeste\u015bmy na terenie niemal\u017ce ca\u0142ej Polski! Dlatego nasze kursy s\u0105 a\u017c tak dost\u0119pne. Jeste\u015bmy w takich miastach jak: Warszawa, Krak\u00f3w, Katowice, \u0141\u00f3d\u017a, Wroc\u0142aw, Pozna\u0144, Gda\u0144sk, Gdynia, Szczecin, Bydgoszcz, Lublin, Bielsko-Bia\u0142a. To nie wszystko! W przypadku potrzeby szkoleniowej, obejmuj\u0105cej grup\u0119 zorganizowan\u0105, dojedziemy tak\u017ce do Ciebie po [&hellip;]<\/p>\n","protected":false},"author":2,"featured_media":4406,"parent":2724,"menu_order":0,"comment_status":"closed","ping_status":"closed","template":"","meta":{"sfsi_plus_gutenberg_text_before_share":"","sfsi_plus_gutenberg_show_text_before_share":"","sfsi_plus_gutenberg_icon_type":"","sfsi_plus_gutenberg_icon_alignemt":"","sfsi_plus_gutenburg_max_per_row":"","footnotes":""},"class_list":["post-4403","page","type-page","status-publish","has-post-thumbnail","hentry","has_thumb"],"aioseo_notices":[],"_links":{"self":[{"href":"https:\/\/kursy-udt.pl\/ua\/wp-json\/wp\/v2\/pages\/4403","targetHints":{"allow":["GET"]}}],"collection":[{"href":"https:\/\/kursy-udt.pl\/ua\/wp-json\/wp\/v2\/pages"}],"about":[{"href":"https:\/\/kursy-udt.pl\/ua\/wp-json\/wp\/v2\/types\/page"}],"author":[{"embeddable":true,"href":"https:\/\/kursy-udt.pl\/ua\/wp-json\/wp\/v2\/users\/2"}],"replies":[{"embeddable":true,"href":"https:\/\/kursy-udt.pl\/ua\/wp-json\/wp\/v2\/comments?post=4403"}],"version-history":[{"count":4,"href":"https:\/\/kursy-udt.pl\/ua\/wp-json\/wp\/v2\/pages\/4403\/revisions"}],"predecessor-version":[{"id":5511,"href":"https:\/\/kursy-udt.pl\/ua\/wp-json\/wp\/v2\/pages\/4403\/revisions\/5511"}],"up":[{"embeddable":true,"href":"https:\/\/kursy-udt.pl\/ua\/wp-json\/wp\/v2\/pages\/2724"}],"wp:featuredmedia":[{"embeddable":true,"href":"https:\/\/kursy-udt.pl\/ua\/wp-json\/wp\/v2\/media\/4406"}],"wp:attachment":[{"href":"https:\/\/kursy-udt.pl\/ua\/wp-json\/wp\/v2\/media?parent=4403"}],"curies":[{"name":"wp","href":"https:\/\/api.w.org\/{rel}","templated":true}]}}