{"id":44,"date":"2014-02-10T17:16:46","date_gmt":"2014-02-10T17:16:46","guid":{"rendered":"http:\/\/kursy-udt.kwiaty0.pl\/?page_id=44"},"modified":"2020-06-02T21:27:21","modified_gmt":"2020-06-02T21:27:21","slug":"%d0%ba%d1%80%d0%b0%d0%bd%d0%b8-2","status":"publish","type":"page","link":"https:\/\/kursy-udt.pl\/ua\/suwnice\/","title":{"rendered":"\u041a\u0443\u0440\u0441 \u043c\u043e\u0441\u0442\u043e\u0432\u043e\u0433\u043e \u043a\u0440\u0430\u043d\u0430 - \u043e\u0442\u0440\u0438\u043c\u0430\u0442\u0438 \u0441\u0435\u0440\u0442\u0438\u0444\u0456\u043a\u0430\u0442"},"content":{"rendered":"<div style=\"float: left; padding-right: 10px;\"><img loading=\"lazy\" decoding=\"async\" alt=\"\u043a\u0443\u0440\u0441 \u0434\u043b\u044f \u043a\u043e\u0437\u043b\u043e\u0432\u0438\u0445 \u043a\u0440\u0430\u043d\u0456\u0432 \u0412\u0430\u0440\u0448\u0430\u0432\u0430\" src=\"\/wp-content\/uploads\/2014\/04\/suwnice.jpeg\" width=\"200\" height=\"150\" \/><\/div>\n<div class=\"wyjustuj\">\u0414\u043b\u044f \u0435\u043a\u0441\u043f\u043b\u0443\u0430\u0442\u0430\u0446\u0456\u0457 \u043c\u043e\u0441\u0442\u043e\u0432\u0438\u0445 \u043a\u0440\u0430\u043d\u0456\u0432, \u044f\u043a\u0456 \u0448\u0438\u0440\u043e\u043a\u043e \u0432\u0438\u043a\u043e\u0440\u0438\u0441\u0442\u043e\u0432\u0443\u044e\u0442\u044c\u0441\u044f \u043d\u0430 \u0442\u0440\u0430\u043d\u0441\u043f\u043e\u0440\u0442\u0456 \u0442\u0430 \u0432 \u0440\u0456\u0437\u043d\u0438\u0445 \u0433\u0430\u043b\u0443\u0437\u044f\u0445 \u043f\u0440\u043e\u043c\u0438\u0441\u043b\u043e\u0432\u043e\u0441\u0442\u0456, \u043d\u0435\u043e\u0431\u0445\u0456\u0434\u043d\u043e \u043d\u0430\u0441\u0442\u0443\u043f\u043d\u0435 <a href=\"https:\/\/kursy-udt.pl\/ua\/szkolenia\/kurs-na-suwnice\/\">\u043a\u0443\u0440\u0441 \u0434\u043b\u044f \u043f\u043e\u0440\u0442\u0430\u043b\u0456\u0432<\/a>. \u041f\u043e \u0437\u0430\u043a\u0456\u043d\u0447\u0435\u043d\u043d\u044e \u043a\u0443\u0440\u0441\u0443 \u0442\u0430 \u0443\u0441\u043f\u0456\u0448\u043d\u043e\u043c\u0443 \u0441\u043a\u043b\u0430\u0434\u0430\u043d\u043d\u044e \u0456\u0441\u043f\u0438\u0442\u0443 \u0443\u0447\u0430\u0441\u043d\u0438\u043a \u043a\u0443\u0440\u0441\u0443 \u043e\u0442\u0440\u0438\u043c\u0430\u0454 <a href=\"https:\/\/kursy-udt.pl\/ua\/uprawnienia-udt\/kategorie-uprawnien-2\/\">\u043f\u0440\u0430\u0432\u0430<\/a> \u0434\u043b\u044f \u043a\u0440\u0430\u043d\u0456\u0432 \u0432\u0456\u0434\u043f\u043e\u0432\u0456\u0434\u043d\u043e \u0434\u043e \u043f\u0440\u0438\u043f\u0438\u0441\u0456\u0432 \u043e\u0440\u0433\u0430\u043d\u0443 \u0442\u0435\u0445\u043d\u0456\u0447\u043d\u043e\u0433\u043e \u043d\u0430\u0433\u043b\u044f\u0434\u0443, \u044f\u043a\u043e\u043c\u0443 \u043f\u0456\u0434\u043b\u044f\u0433\u0430\u0454 \u043e\u0431\u043b\u0430\u0434\u043d\u0430\u043d\u043d\u044f.<\/p>\n<h2 class=\"naglowekh2\">\u0414\u043e\u0432\u0456\u0434\u043a\u043e\u0432\u0430 \u0456\u043d\u0444\u043e\u0440\u043c\u0430\u0446\u0456\u044f<\/h2>\n<p>\u041c\u043e\u0441\u0442\u043e\u0432\u0456 \u043a\u0440\u0430\u043d\u0438 - \u0446\u0435 \u043f\u0440\u0438\u0441\u0442\u0440\u043e\u0457, \u0449\u043e \u0432\u0456\u0434\u043d\u043e\u0441\u044f\u0442\u044c\u0441\u044f \u0434\u043e \u043a\u0430\u0442\u0435\u0433\u043e\u0440\u0456\u0457 \u043a\u0440\u0430\u043d\u0456\u0432, \u044f\u043a\u0456 \u043f\u0440\u0430\u0446\u044e\u044e\u0442\u044c \u0437 \u043f\u0435\u0440\u0435\u0440\u0438\u0432\u0447\u0430\u0441\u0442\u0438\u043c \u0440\u0443\u0445\u043e\u043c. \u0412\u043e\u043d\u0438 \u043e\u0441\u043d\u0430\u0449\u0435\u043d\u0456 \u043c\u0435\u0445\u0430\u043d\u0456\u0437\u043c\u0430\u043c\u0438 \u043e\u043f\u0443\u0441\u043a\u0430\u043d\u043d\u044f \u0430\u0431\u043e \u043f\u0456\u0434\u0439\u043e\u043c\u0443 - \u0442\u0430\u043b\u044f\u043c\u0438 \u0430\u0431\u043e \u043b\u0435\u0431\u0456\u0434\u043a\u0430\u043c\u0438. \u041c\u043e\u0441\u0442\u043e\u0432\u0456 \u043a\u0440\u0430\u043d\u0438 \u0432 \u043f\u0435\u0440\u0448\u0443 \u0447\u0435\u0440\u0433\u0443 \u043f\u0440\u0438\u0437\u043d\u0430\u0447\u0435\u043d\u0456 \u0434\u043b\u044f \u043f\u0435\u0440\u0435\u043c\u0456\u0449\u0435\u043d\u043d\u044f \u0432\u0430\u043d\u0442\u0430\u0436\u0456\u0432 \u043f\u043e \u0433\u043e\u0440\u0438\u0437\u043e\u043d\u0442\u0430\u043b\u0456 \u0456 \u0432\u0435\u0440\u0442\u0438\u043a\u0430\u043b\u0456. \u0417\u043e\u043d\u0430 \u0440\u043e\u0431\u043e\u0442\u0438 \u043f\u0440\u0438\u0441\u0442\u0440\u043e\u044e \u043e\u0431\u043c\u0435\u0436\u0435\u043d\u0430 \u0432\u0438\u0441\u043e\u0442\u043e\u044e \u043e\u043f\u0443\u0441\u043a\u0430\u043d\u043d\u044f \u0456 \u043f\u0456\u0434\u0439\u043e\u043c\u0443 \u0432\u0430\u043d\u0442\u0430\u0436\u0443, \u0434\u043e\u0432\u0436\u0438\u043d\u043e\u044e \u0448\u043b\u044f\u0445\u0443 \u043f\u0435\u0440\u0435\u0441\u0443\u0432\u0430\u043d\u043d\u044f \u043f\u0440\u0438\u0441\u0442\u0440\u043e\u044e \u0456 \u0448\u0438\u0440\u0438\u043d\u043e\u044e \u0439\u043e\u0433\u043e \u043c\u043e\u0441\u0442\u0430. \u0423\u0441\u0442\u0430\u0442\u043a\u0443\u0432\u0430\u043d\u043d\u044f \u043c\u043e\u0436\u0435 \u043f\u0440\u0430\u0446\u044e\u0432\u0430\u0442\u0438 \u0437\u0430 \u0434\u043e\u043f\u043e\u043c\u043e\u0433\u043e\u044e \u0434\u0440\u043e\u0442\u043e\u0432\u043e\u0433\u043e \u0430\u0431\u043e \u0431\u0435\u0437\u0434\u0440\u043e\u0442\u043e\u0432\u043e\u0433\u043e \u0443\u043f\u0440\u0430\u0432\u043b\u0456\u043d\u043d\u044f. \u0411\u0456\u043b\u044c\u0448\u0456 \u043c\u043e\u0434\u0435\u043b\u0456 \u0443\u043f\u0440\u0430\u0432\u043b\u044f\u044e\u0442\u044c\u0441\u044f \u043e\u043f\u0435\u0440\u0430\u0442\u043e\u0440\u043e\u043c, \u044f\u043a\u0438\u0439 \u0441\u0438\u0434\u0438\u0442\u044c \u0443 \u043a\u0430\u0431\u0456\u043d\u0456.<\/p>\n<h2 class=\"naglowekh2\">\u041a\u043e\u043d\u0441\u0442\u0440\u0443\u043a\u0446\u0456\u0457 \u043e\u0431\u043b\u0430\u0434\u043d\u0430\u043d\u043d\u044f<\/h2>\n<ul>\n<li>\u043c\u043e\u0441\u0442\u043e\u0432\u0456 \u043a\u0440\u0430\u043d\u0438 - \u043f\u0435\u0440\u0435\u0432\u0430\u0436\u043d\u043e \u0432\u0441\u0442\u0430\u043d\u043e\u0432\u043b\u044e\u044e\u0442\u044c\u0441\u044f \u0443 \u0432\u0438\u0440\u043e\u0431\u043d\u0438\u0447\u0438\u0445 \u0446\u0435\u0445\u0430\u0445. \u0412\u043e\u043d\u0438 \u043e\u0441\u043d\u0430\u0449\u0435\u043d\u0456 \u0442\u0430\u043b\u0435\u043c, \u044f\u043a\u0438\u0439 \u0440\u0443\u0445\u0430\u0454\u0442\u044c\u0441\u044f \u043f\u043e \u043c\u043e\u0441\u0442\u0443. \u041c\u043e\u0441\u0442\u043e\u0432\u0456 \u043c\u043e\u0434\u0435\u043b\u0456 \u0432\u0441\u0442\u0430\u043d\u043e\u0432\u043b\u044e\u044e\u0442\u044c\u0441\u044f \u0443 \u0432\u0435\u0440\u0445\u043d\u0456\u0439 \u0447\u0430\u0441\u0442\u0438\u043d\u0456 \u0437\u0430\u043b\u0443 \u0456 \u0441\u043a\u043b\u0430\u0434\u0430\u044e\u0442\u044c\u0441\u044f \u0437 \u0444\u0435\u0440\u043c\u043e\u0432\u043e\u0457 \u043f\u043b\u0430\u0442\u0444\u043e\u0440\u043c\u0438, \u044f\u043a\u0430 \u043f\u0435\u0440\u0435\u0441\u0443\u0432\u0430\u0454\u0442\u044c\u0441\u044f \u043f\u043e \u0440\u0435\u0439\u043a\u0430\u0445<\/li>\n<li>\u041f\u0456\u0434\u0432\u0456\u0441\u043d\u0456 \u043a\u0440\u0430\u043d\u0438 - \u0441\u0445\u043e\u0436\u0456 \u0437\u0430 \u043a\u043e\u043d\u0441\u0442\u0440\u0443\u043a\u0446\u0456\u0454\u044e \u043d\u0430 \u0433\u0443\u0441\u0435\u043d\u0438\u0447\u043d\u0456 \u043a\u0440\u0430\u043d\u0438, \u044f\u043a\u0456 \u043f\u0435\u0440\u0435\u0441\u0443\u0432\u0430\u044e\u0442\u044c\u0441\u044f \u043f\u043e \u0440\u0435\u0439\u043a\u0430\u0445, \u043f\u0456\u0434\u0432\u0456\u0448\u0435\u043d\u0438\u0445 \u0434\u043e \u043a\u043e\u043d\u0441\u0442\u0440\u0443\u043a\u0446\u0456\u0457 \u0434\u0430\u0445\u0443 \u0437\u0430\u043b\u0443. \u0412\u043e\u043d\u0438 \u043f\u0456\u0434\u0445\u043e\u0434\u044f\u0442\u044c \u0434\u043b\u044f \u0432\u0438\u043a\u043e\u0440\u0438\u0441\u0442\u0430\u043d\u043d\u044f \u0432 \u043f\u0440\u0438\u043c\u0456\u0449\u0435\u043d\u043d\u044f\u0445, \u0434\u0435 \u043d\u0435\u043e\u0431\u0445\u0456\u0434\u043d\u043e \u043c\u0430\u043a\u0441\u0438\u043c\u0430\u043b\u044c\u043d\u043e \u0435\u0444\u0435\u043a\u0442\u0438\u0432\u043d\u043e \u0432\u0438\u043a\u043e\u0440\u0438\u0441\u0442\u043e\u0432\u0443\u0432\u0430\u0442\u0438 \u043d\u0430\u044f\u0432\u043d\u0438\u0439 \u043f\u0440\u043e\u0441\u0442\u0456\u0440.<\/li>\n<li>\u041a\u043e\u0437\u043b\u043e\u0432\u0456 \u043a\u0440\u0430\u043d\u0438 - \u0446\u0435 \u043c\u043e\u0434\u0435\u043b\u044c, \u044f\u043a\u0430 \u0447\u0430\u0441\u0442\u043e \u0432\u0438\u043a\u043e\u0440\u0438\u0441\u0442\u043e\u0432\u0443\u0454\u0442\u044c\u0441\u044f \u043d\u0430 \u0432\u0456\u0434\u043a\u0440\u0438\u0442\u043e\u043c\u0443 \u043f\u043e\u0432\u0456\u0442\u0440\u0456, \u043d\u0430\u043f\u0440\u0438\u043a\u043b\u0430\u0434, \u043d\u0430 \u0441\u043a\u043b\u0430\u0434\u0441\u044c\u043a\u0438\u0445 \u043c\u0430\u0439\u0434\u0430\u043d\u0447\u0438\u043a\u0430\u0445 \u0430\u0431\u043e \u0441\u0442\u0430\u043f\u0435\u043b\u044f\u0445 \u0441\u0443\u0434\u043d\u043e\u0431\u0443\u0434\u0456\u0432\u043d\u0438\u0445 \u0437\u0430\u0432\u043e\u0434\u0456\u0432. \u0426\u0456 \u043f\u0440\u0438\u0441\u0442\u0440\u043e\u0457 \u0441\u043a\u043b\u0430\u0434\u0430\u044e\u0442\u044c\u0441\u044f \u0437 \u043f\u043b\u0430\u0442\u0444\u043e\u0440\u043c, \u043f\u0456\u0434\u0432\u0456\u0448\u0435\u043d\u0438\u0445 \u0434\u043e \u0431\u0456\u0447\u043d\u0438\u0445 \u043c\u043e\u0441\u0442\u0456\u0432, \u044f\u043a\u0456 \u0437'\u0454\u0434\u043d\u0443\u044e\u0442\u044c \u0432\u043e\u0440\u043e\u0442\u0430 \u043c\u0456\u0436 \u0441\u043e\u0431\u043e\u044e. \u041f\u043e\u0440\u0442\u0430\u043b\u0438 \u043c\u0430\u044e\u0442\u044c \u0440\u0435\u0439\u043a\u043e\u0432\u0456 \u0430\u0431\u043e \u043a\u043e\u043b\u0456\u0441\u043d\u0456 \u0448\u0430\u0441\u0456<\/li>\n<\/ul>\n<h2 class=\"naglowekh2\">\u0437\u0430\u0441\u0442\u043e\u0441\u0443\u0432\u0430\u043d\u043d\u044f<\/h2>\n<p>\u042f\u043a \u0443\u0436\u0435 \u0437\u0433\u0430\u0434\u0443\u0432\u0430\u043b\u043e\u0441\u044f, \u043f\u0440\u0438\u0441\u0442\u0440\u043e\u0457 \u0432 \u043f\u0435\u0440\u0448\u0443 \u0447\u0435\u0440\u0433\u0443 \u0432\u0438\u043a\u043e\u0440\u0438\u0441\u0442\u043e\u0432\u0443\u044e\u0442\u044c\u0441\u044f \u0434\u043b\u044f \u0442\u0440\u0430\u043d\u0441\u043f\u043e\u0440\u0442\u0443\u0432\u0430\u043d\u043d\u044f, \u043d\u0430\u043f\u0440\u0438\u043a\u043b\u0430\u0434, \u0443 \u0432\u0438\u0440\u043e\u0431\u043d\u0438\u0447\u0438\u0445 \u0446\u0435\u0445\u0430\u0445, \u043d\u0430 \u0432\u0435\u0440\u0444\u044f\u0445, \u043f\u0435\u0440\u0435\u0432\u0430\u043d\u0442\u0430\u0436\u0443\u0432\u0430\u043b\u044c\u043d\u0438\u0445 \u043f\u0443\u043d\u043a\u0442\u0430\u0445 \u0430\u0431\u043e \u0441\u043a\u043b\u0430\u0434\u0430\u0445. \u0417\u0430\u0432\u0434\u044f\u043a\u0438 \u0441\u0432\u043e\u0457\u0439 \u043a\u043e\u043d\u0441\u0442\u0440\u0443\u043a\u0446\u0456\u0457 \u0432\u043e\u043d\u0438 \u0434\u043e\u0437\u0432\u043e\u043b\u044f\u044e\u0442\u044c \u0448\u0432\u0438\u0434\u043a\u043e \u0456 \u0431\u0435\u0437\u043f\u0435\u0447\u043d\u043e \u043f\u0435\u0440\u0435\u043c\u0456\u0449\u0430\u0442\u0438 \u0440\u0456\u0437\u043d\u0456 \u0442\u0438\u043f\u0438 \u0432\u0430\u043d\u0442\u0430\u0436\u0456\u0432, \u0437\u0430\u043b\u0435\u0436\u043d\u043e \u0432\u0456\u0434 \u0432\u0438\u043a\u043e\u0440\u0438\u0441\u0442\u043e\u0432\u0443\u0432\u0430\u043d\u0438\u0445 \u0437\u0430\u0445\u0432\u0430\u0442\u043d\u0438\u0445 \u0435\u043b\u0435\u043c\u0435\u043d\u0442\u0456\u0432.<\/p>\n<h2 class=\"naglowekh2\">\u041f\u0440\u0430\u0432\u0430<\/h2>\n<p>\u0414\u043b\u044f \u0435\u043a\u0441\u043f\u043b\u0443\u0430\u0442\u0430\u0446\u0456\u0457 \u043c\u043e\u0441\u0442\u043e\u0432\u0438\u0445 \u043a\u0440\u0430\u043d\u0456\u0432, \u044f\u043a\u0456 \u0443\u043f\u0440\u0430\u0432\u043b\u044f\u044e\u0442\u044c\u0441\u044f \u0437 \u0440\u043e\u0431\u043e\u0447\u043e\u0433\u043e \u0440\u0456\u0432\u043d\u044f, \u0432 \u0442\u043e\u043c\u0443 \u0447\u0438\u0441\u043b\u0456 \u0431\u0435\u0437\u0434\u0440\u043e\u0442\u043e\u0432\u0438\u043c \u0441\u043f\u043e\u0441\u043e\u0431\u043e\u043c, \u0430 \u0442\u0430\u043a\u043e\u0436 \u043e\u0431\u043b\u0430\u0434\u043d\u0430\u043d\u043d\u044f, \u0449\u043e \u0443\u043f\u0440\u0430\u0432\u043b\u044f\u0454\u0442\u044c\u0441\u044f \u0437 \u043a\u0430\u0431\u0456\u043d\u0438, \u043d\u0435\u043e\u0431\u0445\u0456\u0434\u043d\u0430 \u043b\u0456\u0446\u0435\u043d\u0437\u0456\u044f \u043d\u0430 \u043c\u043e\u0441\u0442\u043e\u0432\u0438\u0439 \u043a\u0440\u0430\u043d. \u041b\u0456\u0446\u0435\u043d\u0437\u0456\u044f \u0432\u0438\u0434\u0430\u0454\u0442\u044c\u0441\u044f \u043f\u0456\u0441\u043b\u044f \u043f\u0440\u043e\u0445\u043e\u0434\u0436\u0435\u043d\u043d\u044f \u043a\u0443\u0440\u0441\u0443 \u043d\u0430\u0432\u0447\u0430\u043d\u043d\u044f \u0442\u0430 \u0441\u043a\u043b\u0430\u0434\u0430\u043d\u043d\u044f \u0434\u0435\u0440\u0436\u0430\u0432\u043d\u043e\u0433\u043e \u0456\u0441\u043f\u0438\u0442\u0443 \u043f\u0435\u0440\u0435\u0434 \u043a\u043e\u043c\u0456\u0441\u0456\u0454\u044e \u0423\u043f\u0440\u0430\u0432\u043b\u0456\u043d\u043d\u044f \u0442\u0435\u0445\u043d\u0456\u0447\u043d\u043e\u0457 \u0456\u043d\u0441\u043f\u0435\u043a\u0446\u0456\u0457. \u041b\u0456\u0446\u0435\u043d\u0437\u0456\u044f \u0432\u0438\u0434\u0430\u0454\u0442\u044c\u0441\u044f \u043d\u0430 \u043d\u0435\u043e\u0431\u043c\u0435\u0436\u0435\u043d\u0438\u0439 \u043f\u0435\u0440\u0456\u043e\u0434 \u0447\u0430\u0441\u0443 \u0456 \u0434\u0430\u0454 \u043f\u0440\u0430\u0432\u043e \u0435\u043a\u0441\u043f\u043b\u0443\u0430\u0442\u0443\u0432\u0430\u0442\u0438 \u043e\u0431\u043b\u0430\u0434\u043d\u0430\u043d\u043d\u044f \u0442\u043e\u0433\u043e \u0442\u0438\u043f\u0443, \u044f\u043a\u0438\u0439 \u0432\u043a\u0430\u0437\u0430\u043d\u0438\u0439 \u0432 \u043b\u0456\u0446\u0435\u043d\u0437\u0456\u0457.<\/p>\n<h2 class=\"naglowekh2\">\u041a\u0430\u0442\u0435\u0433\u043e\u0440\u0456\u0457 \u0434\u043e\u0437\u0432\u043e\u043b\u0456\u0432<\/h2>\n<ul>\n<li>II S - \u043f\u0440\u0430\u0432\u043e \u043d\u0430 \u0435\u043a\u0441\u043f\u043b\u0443\u0430\u0442\u0430\u0446\u0456\u044e \u043e\u0431\u043b\u0430\u0434\u043d\u0430\u043d\u043d\u044f, \u043a\u0435\u0440\u043e\u0432\u0430\u043d\u043e\u0433\u043e \u0437 \u0440\u043e\u0431\u043e\u0447\u043e\u0433\u043e \u0440\u0456\u0432\u043d\u044f, \u0430 \u0442\u0430\u043a\u043e\u0436 \u043f\u0456\u0434\u0439\u043e\u043c\u043d\u0438\u043a\u0456\u0432 \u0456 \u043b\u0435\u0431\u0456\u0434\u043e\u043a \u043a\u0430\u0442\u0435\u0433\u043e\u0440\u0456\u0457 II W \u0456 \u0446\u0435\u0445\u043e\u0432\u0438\u0445 \u0441\u0442\u0430\u0446\u0456\u043e\u043d\u0430\u0440\u043d\u0438\u0445 \u043a\u0440\u0430\u043d\u0456\u0432<\/li>\n<li>I S - \u0434\u043e\u0437\u0432\u0456\u043b \u043d\u0430 \u0435\u043a\u0441\u043f\u043b\u0443\u0430\u0442\u0430\u0446\u0456\u044e \u043c\u0430\u0448\u0438\u043d \u0437 \u043a\u0430\u0431\u0456\u043d\u043e\u044e, \u0430 \u0442\u0430\u043a\u043e\u0436 \u043f\u0456\u0434\u0439\u043e\u043c\u043d\u0438\u043a\u0456\u0432 \u0456 \u043b\u0435\u0431\u0456\u0434\u043e\u043a \u0432\u0456\u0434\u043f\u043e\u0432\u0456\u0434\u043d\u043e \u0434\u043e \u043c\u0430\u0448\u0438\u043d \u043a\u0430\u0442\u0435\u0433\u043e\u0440\u0456\u0457 I W \u0456 \u043a\u0430\u0442\u0435\u0433\u043e\u0440\u0456\u0457 II S<\/li>\n<\/ul>\n<p>\u041c\u043e\u0441\u0442\u043e\u0432\u0456 \u043a\u0440\u0430\u043d\u0438 - \u0446\u0435 \u043e\u0431\u043b\u0430\u0434\u043d\u0430\u043d\u043d\u044f, \u044f\u043a\u0435 \u0448\u0438\u0440\u043e\u043a\u043e \u0432\u0438\u043a\u043e\u0440\u0438\u0441\u0442\u043e\u0432\u0443\u0454\u0442\u044c\u0441\u044f \u043d\u0430 \u0440\u0456\u0437\u043d\u0438\u0445 \u0440\u043e\u0431\u043e\u0447\u0438\u0445 \u043c\u0456\u0441\u0446\u044f\u0445. \u0414\u043b\u044f \u0457\u0445 \u043f\u0440\u0430\u0432\u0438\u043b\u044c\u043d\u043e\u0457 \u0435\u043a\u0441\u043f\u043b\u0443\u0430\u0442\u0430\u0446\u0456\u0457 \u043d\u0435\u043e\u0431\u0445\u0456\u0434\u043d\u043e \u043c\u0430\u0442\u0438 \u043f\u0440\u0430\u0432\u043e <a href=\"\/ua\/%d0%bd%d0%b0%d0%b2%d1%87%d0%b0%d0%bd%d0%bd%d1%8f\/%d0%ba%d1%83%d1%80%d1%81-%d0%b4%d0%bb%d1%8f-%d0%bf%d0%be%d1%80%d1%82%d0%b0%d0%bb%d1%96%d0%b2\/\">\u043a\u0443\u0440\u0441 \u0442\u0430 \u043f\u0440\u0430\u0432\u0430<\/a>. \u041f\u0456\u0434 \u0447\u0430\u0441 \u043a\u0443\u0440\u0441\u0443 \u0443\u0447\u0430\u0441\u043d\u0438\u043a\u0430\u043c \u043d\u0430\u0434\u0430\u0454\u0442\u044c\u0441\u044f \u043d\u0430\u0439\u0432\u0430\u0436\u043b\u0438\u0432\u0456\u0448\u0430 \u0456\u043d\u0444\u043e\u0440\u043c\u0430\u0446\u0456\u044f, \u043f\u043e\u0432'\u044f\u0437\u0430\u043d\u0430 \u0437 \u0435\u043a\u0441\u043f\u043b\u0443\u0430\u0442\u0430\u0446\u0456\u0454\u044e \u043e\u0431\u043b\u0430\u0434\u043d\u0430\u043d\u043d\u044f, \u0432\u043a\u043b\u044e\u0447\u0430\u044e\u0447\u0438 \u043f\u043e\u0432\u0456\u0434\u043e\u043c\u043b\u0435\u043d\u043d\u044f, \u0449\u043e \u0441\u0442\u043e\u0441\u0443\u044e\u0442\u044c\u0441\u044f \u043f\u0440\u0430\u0432\u0438\u043b \u043e\u0445\u043e\u0440\u043e\u043d\u0438 \u043f\u0440\u0430\u0446\u0456 \u0442\u0430 \u0442\u0435\u0445\u043d\u0456\u043a\u0438 \u0431\u0435\u0437\u043f\u0435\u043a\u0438 \u0434\u043e, \u043f\u0456\u0434 \u0447\u0430\u0441 \u0456 \u043f\u0456\u0441\u043b\u044f \u0440\u043e\u0431\u043e\u0442\u0438, \u0449\u043e\u0431 \u043f\u0440\u0430\u0432\u0438\u043b\u044c\u043d\u043e \u043f\u0435\u0440\u0435\u0432\u043e\u0437\u0438\u0442\u0438 \u0432\u0441\u0456 \u0432\u0430\u043d\u0442\u0430\u0436\u0456.<\/p>\n<p>\u041d\u0435\u0437\u0430\u043b\u0435\u0436\u043d\u043e \u0432\u0456\u0434 \u0442\u0438\u043f\u0443 \u043a\u0440\u0430\u043d\u0430, \u043e\u043f\u0435\u0440\u0430\u0442\u043e\u0440 \u043f\u043e\u0432\u0438\u043d\u0435\u043d \u043c\u0430\u0442\u0438 \u0432\u0456\u0434\u043f\u043e\u0432\u0456\u0434\u043d\u0443 \u043a\u0432\u0430\u043b\u0456\u0444\u0456\u043a\u0430\u0446\u0456\u044e. \u0411\u0435\u0437 \u043d\u0438\u0445 \u0432\u0456\u043d \u043d\u0430\u0440\u0430\u0436\u0430\u0454 \u043d\u0430 \u043d\u0435\u0431\u0435\u0437\u043f\u0435\u043a\u0443 \u044f\u043a \u0441\u0435\u0431\u0435, \u0442\u0430\u043a \u0456 \u0456\u043d\u0448\u0438\u0445 \u043f\u0440\u0430\u0446\u0456\u0432\u043d\u0438\u043a\u0456\u0432. \u0420\u043e\u0431\u043e\u0442\u043e\u0434\u0430\u0432\u0435\u0446\u044c \u043d\u0435\u0441\u0435 \u0432\u0456\u0434\u043f\u043e\u0432\u0456\u0434\u0430\u043b\u044c\u043d\u0456\u0441\u0442\u044c \u0437\u0430 \u0442\u0435, \u0449\u043e\u0431 \u0439\u043e\u0433\u043e \u043f\u0456\u0434\u043b\u0435\u0433\u043b\u0456 \u0431\u0443\u043b\u0438 \u043d\u0430\u043b\u0435\u0436\u043d\u0438\u043c \u0447\u0438\u043d\u043e\u043c \u043d\u0430\u0432\u0447\u0435\u043d\u0456, \u0430 \u0443\u043c\u043e\u0432\u0438 \u043f\u0440\u0430\u0446\u0456 \u0432\u0456\u0434\u043f\u043e\u0432\u0456\u0434\u0430\u043b\u0438 \u0447\u0438\u043d\u043d\u043e\u043c\u0443 \u0437\u0430\u043a\u043e\u043d\u043e\u0434\u0430\u0432\u0441\u0442\u0432\u0443 <a href=\"https:\/\/kursy-udt.pl\/ua\/szkolenia\/bhp-bezpieczenstwo-pracy\/prawna-ochrona-pracy\/\">\u0417\u0434\u043e\u0440\u043e\u0432&#039;\u044f \u0456 \u0431\u0435\u0437\u043f\u0435\u043a\u0430<\/a>.<\/p>\n<\/div>\n<div class=\"button_styl\" style=\"float:right; padding-left:15px; padding-bottom:8px; margin-bottom:5px;\"><a href=\"https:\/\/platformaedukacji.pl\/login\/signup.php\" rel=\"nofollow noopener noreferrer\" target=\"_blank\" class=\"myButton myButton_maly\"><font color=\"white\">\u0417\u0430\u043f\u0438\u0448\u0456\u0442\u044c\u0441\u044f \u043d\u0430 \u043d\u0430\u0432\u0447\u0430\u043d\u043d\u044f<\/font><\/a><\/div>","protected":false},"excerpt":{"rendered":"<p>Aby obs\u0142ugiwa\u0107 suwnice, czyli d\u017awignice wykorzystywane powszechnie w transporcie i r\u00f3\u017cnych ga\u0142\u0119ziach przemys\u0142u, wymagany jest kurs na suwnice. Po zako\u0144czeniu kursu i pozytywnym zdaniu egzaminu uczestnik kursu otrzymuje uprawnienia na suwnice zgodnie z przepisami Urz\u0119du Dozoru Technicznego, kt\u00f3remu urz\u0105dzenia te podlegaj\u0105. Informacje podstawowe Suwnice to urz\u0105dzenia zakwalifikowane do d\u017awignic, kt\u00f3re pracuj\u0105 w ruchu przerywanym. S\u0105 one wyposa\u017cone w mechanizmy opuszczania lub podnoszenia \u2013 wci\u0105gniki albo wci\u0105garki. Suwnice s\u0105 przeznaczone przede wszystkim do przemieszczania towar\u00f3w w poziomie oraz w pionie. Obszar dzia\u0142ania urz\u0105dzenia ograniczony jest przez wysoko\u015b\u0107 opuszczania i podnoszenia towar\u00f3w, d\u0142ugo\u015b\u0107 toru jazdy urz\u0105dzenia oraz szeroko\u015b\u0107 jej mostu. Urz\u0105dzenia mog\u0105 sterowane przewodowo lub bezprzewodowo. Wi\u0119ksze modele obs\u0142ugiwane s\u0105 przez operatora siedz\u0105cego w kabinie. Konstrukcje urz\u0105dze\u0144 suwnice pomostowe (natorowe) \u2013 s\u0105 montowane g\u0142\u00f3wnie w halach przemys\u0142owych. S\u0105 wyposa\u017cone w ci\u0119gnik poruszaj\u0105cy si\u0119 po pomo\u015bcie. Modele pomostowe s\u0105 instalowane w g\u00f3rnej cz\u0119\u015bci hali i sk\u0142adaj\u0105 si\u0119 z kratownicowego pomostu, kt\u00f3ry przemieszcza si\u0119 po szynach suwnice podwieszone \u2013 s\u0105 podobne w swojej konstrukcji do modeli natorowych, kt\u00f3re poruszaj\u0105 si\u0119 po torach jezdnych podwieszonych do konstrukcji dachu hali. Sprawdzaj\u0105 si\u0119 we wn\u0119trzach, w kt\u00f3rych nale\u017cy maksymalnie wykorzysta\u0107 dost\u0119pn\u0105 przestrze\u0144 suwnice bramowe \u2013 to model cz\u0119sto wykorzystywany na zewn\u0105trz, na przyk\u0142ad na sk\u0142adowiskach lub pochylniach stoczniowych. Urz\u0105dzenia te s\u0105 zbudowane z pomost\u00f3w zawieszonych na bocznych mostach wi\u0105\u017c\u0105cych bramy. Bramy posiadaj\u0105 szynowe lub ko\u0142owe podwozia Zastosowanie Jak zosta\u0142o wspomniane, urz\u0105dzenia wykorzystywane s\u0105 przede wszystkim w transporcie, na przyk\u0142ad w halach produkcyjnych, stoczniach, punktach prze\u0142adunkowych czy sk\u0142adowiskach. Dzi\u0119ki swojej konstrukcji umo\u017cliwiaj\u0105 szybkie i bezpieczne przenoszenie r\u00f3\u017cnego typu \u0142adunk\u00f3w zale\u017cnie od zastosowanych element\u00f3w [&hellip;]<\/p>\n","protected":false},"author":1,"featured_media":0,"parent":0,"menu_order":0,"comment_status":"closed","ping_status":"closed","template":"","meta":{"sfsi_plus_gutenberg_text_before_share":"","sfsi_plus_gutenberg_show_text_before_share":"","sfsi_plus_gutenberg_icon_type":"","sfsi_plus_gutenberg_icon_alignemt":"","sfsi_plus_gutenburg_max_per_row":"","footnotes":""},"class_list":["post-44","page","type-page","status-publish","hentry","has_thumb"],"aioseo_notices":[],"_links":{"self":[{"href":"https:\/\/kursy-udt.pl\/ua\/wp-json\/wp\/v2\/pages\/44","targetHints":{"allow":["GET"]}}],"collection":[{"href":"https:\/\/kursy-udt.pl\/ua\/wp-json\/wp\/v2\/pages"}],"about":[{"href":"https:\/\/kursy-udt.pl\/ua\/wp-json\/wp\/v2\/types\/page"}],"author":[{"embeddable":true,"href":"https:\/\/kursy-udt.pl\/ua\/wp-json\/wp\/v2\/users\/1"}],"replies":[{"embeddable":true,"href":"https:\/\/kursy-udt.pl\/ua\/wp-json\/wp\/v2\/comments?post=44"}],"version-history":[{"count":23,"href":"https:\/\/kursy-udt.pl\/ua\/wp-json\/wp\/v2\/pages\/44\/revisions"}],"predecessor-version":[{"id":3002,"href":"https:\/\/kursy-udt.pl\/ua\/wp-json\/wp\/v2\/pages\/44\/revisions\/3002"}],"wp:attachment":[{"href":"https:\/\/kursy-udt.pl\/ua\/wp-json\/wp\/v2\/media?parent=44"}],"curies":[{"name":"wp","href":"https:\/\/api.w.org\/{rel}","templated":true}]}}