{"id":389,"date":"2014-03-01T12:34:53","date_gmt":"2014-03-01T12:34:53","guid":{"rendered":"http:\/\/kursy-udt.kwiaty0.pl\/?page_id=389"},"modified":"2026-03-10T16:42:48","modified_gmt":"2026-03-10T15:42:48","slug":"%d0%bf%d1%80%d0%b0%d0%b9%d1%81-%d0%bb%d0%b8%d1%81%d1%82","status":"publish","type":"page","link":"https:\/\/kursy-udt.pl\/ua\/cennik\/","title":{"rendered":"\u041f\u0440\u0430\u0439\u0441 \u043b\u0438\u0441\u0442"},"content":{"rendered":"<div class=\"wyjustuj\">\n<table border=\"1\" cellspacing=\"0\" cellpadding=\"7\">\n<tbody>\n<tr>\n<td bgcolor=\"#c6d9f1\">\n<p align=\"CENTER\"><b>\u041d\u0430\u0437\u0432\u0430 \u043a\u0443\u0440\u0441\u0443 - \u0442\u0440\u0435\u043d\u0456\u043d\u0433<\/b><br \/>\n\u041f\u0440\u043e\u043f\u043e\u0437\u0438\u0446\u0456\u044f \u0432\u043a\u043b\u044e\u0447\u0430\u0454 \u0432\u0430\u0440\u0442\u0456\u0441\u0442\u044c \u043a\u0432\u0430\u043b\u0456\u0444\u0456\u043a\u0430\u0446\u0456\u0439\u043d\u043e\u0433\u043e \u0456\u0441\u043f\u0438\u0442\u0443<br \/>\n\u043f\u0435\u0440\u0435\u0434 \u043a\u043e\u043c\u0456\u0441\u0456\u0454\u044e \u0423\u0414\u0422<\/p>\n<\/td>\n<td colspan=\"1\" valign=\"TOP\" bgcolor=\"#c6d9f1\">\n<p align=\"CENTER\"><b>\u0426\u0456\u043d\u0430 \u0437\u0430\u043b\u0435\u0436\u0438\u0442\u044c \u0432\u0456\u0434 \u043a\u0456\u043b\u044c\u043a\u043e\u0441\u0442\u0456 \u0437\u0430\u0440\u0435\u0454\u0441\u0442\u0440\u043e\u0432\u0430\u043d\u0438\u0445<br \/>\n<\/b>\u041d\u0430\u0432\u0435\u0434\u0435\u043d\u0456 \u0446\u0456\u043d\u0438 \u0454 \u0431\u0440\u0443\u0442\u0442\u043e ZW \u041f\u0414\u0412<\/p>\n<\/td>\n<\/tr>\n<tr>\n<td bgcolor=\"#fde9d9\"><span style=\"text-decoration: underline;\">\u041a\u0443\u0440\u0441 \u0434\u043b\u044f \u043d\u0430\u0432\u0430\u043d\u0442\u0430\u0436\u0443\u0432\u0430\u0447\u0456\u0432<\/span> \u0456\u0437 \u0437\u0430\u043c\u0456\u043d\u043e\u044e \u0433\u0430\u0437\u043e\u0432\u0438\u0445 \u0431\u0430\u043b\u043e\u043d\u0456\u0432 LPG - \u043a\u0430\u0442\u0435\u0433\u043e\u0440\u0456\u044f IIWJO<\/td>\n<td style=\"vertical-align: middle;\" rowspan=\"16\" bgcolor=\"#fde9d9\">\n<p align=\"CENTER\">1) <a href=\"https:\/\/platformaedukacji.pl\/panel\/login\/registered.php\">\u043f\u0456\u0434\u043f\u0438\u0441\u043a\u0430 \/ \u043e\u043f\u043b\u0430\u0442\u0430 \u043e\u043d\u043b\u0430\u0439\u043d <\/a><\/p>\n<p align=\"CENTER\">2) <a href=\"https:\/\/kursy-udt.pl\/ua\/%d0%b7%d0%b0%d0%bf%d0%b8%d1%82-%d0%be%d1%84%d0%b5%d1%80%d1%82%d0%b0\/\" data-wplink-edit=\"true\">\u043f\u0440\u043e\u043f\u043e\u0437\u0438\u0446\u0456\u044f \u0435\u043b\u0435\u043a\u0442\u0440\u043e\u043d\u043d\u043e\u044e \u043f\u043e\u0448\u0442\u043e\u044e <\/a><\/p>\n<p align=\"CENTER\">3) <a href=\"tel:+48222902909\">\u0446\u0456\u043d\u0443 \u0443\u0442\u043e\u0447\u043d\u044e\u0439\u0442\u0435 \u0437\u0430 \u0442\u0435\u043b\u0435\u0444\u043e\u043d\u043e\u043c \u0433\u0430\u0440\u044f\u0447\u043e\u0457 \u043b\u0456\u043d\u0456\u0457<\/a><\/p>\n<p align=\"CENTER\">4) <span class=\"kontakttel\">\u041f\u0440\u043e\u0441\u0438\u0442\u0438 \u0437\u0432&#039;\u044f\u0437\u0430\u0442\u0438\u0441\u044f \u0437 \u0432\u0430\u043c\u0438 \u043f\u043e \u0442\u0435\u043b\u0435\u0444\u043e\u043d\u0443<\/span><\/p>\n<\/td>\n<\/tr>\n<tr>\n<td><span style=\"text-decoration: underline;\">\u0421\u043f\u0435\u0446\u0456\u0430\u043b\u0456\u0437\u043e\u0432\u0430\u043d\u0438\u0439 \u043a\u0443\u0440\u0441 \u043d\u0430\u0432\u0430\u043d\u0442\u0430\u0436\u0443\u0432\u0430\u0447\u0430 <\/span>- \u043d\u0430\u0432\u0430\u043d\u0442\u0430\u0436\u0443\u0432\u0430\u0447\u0456 \u0437 \u043a\u0430\u0431\u0456\u043d\u043e\u044e \u043f\u0456\u0434\u0439\u043e\u043c\u0443 \u043e\u043f\u0435\u0440\u0430\u0442\u043e\u0440\u0430 - \u043a\u0430\u0442\u0435\u0433\u043e\u0440\u0456\u044f IWJO<\/td>\n<\/tr>\n<tr>\n<td bgcolor=\"#fde9d9\"><span style=\"text-decoration: underline;\">\u041a\u0443\u0440\u0441 \u0442\u0435\u043b\u0435\u0441\u043a\u043e\u043f\u0456\u0447\u043d\u0438\u0445 \u043d\u0430\u0432\u0430\u043d\u0442\u0430\u0436\u0443\u0432\u0430\u0447\u0456\u0432<\/span> - \u043a\u0432\u0430\u043b\u0456\u0444\u0456\u043a\u0430\u0446\u0456\u044f \u043e\u043f\u0435\u0440\u0430\u0442\u043e\u0440\u0430 \u0442\u0435\u043b\u0435\u0441\u043a\u043e\u043f\u0456\u0447\u043d\u0438\u0445 \u043d\u0430\u0432\u0430\u043d\u0442\u0430\u0436\u0443\u0432\u0430\u0447\u0456\u0432 (\u0441\u043f\u0435\u0446\u0456\u0430\u043b\u0456\u0437\u043e\u0432\u0430\u043d\u0438\u0445 \u043d\u0430\u0432\u0430\u043d\u0442\u0430\u0436\u0443\u0432\u0430\u0447\u0456\u0432 \u0437\u0456 \u0437\u043c\u0456\u043d\u043d\u0438\u043c \u0432\u0438\u043b\u044c\u043e\u0442\u043e\u043c) - \u043a\u0430\u0442\u0435\u0433\u043e\u0440\u0456\u044f IWJO<\/td>\n<\/tr>\n<tr>\n<td><span style=\"text-decoration: underline;\">\u041a\u0443\u0440\u0441 \u043e\u0431\u0441\u043b\u0443\u0433\u043e\u0432\u0443\u0432\u0430\u043d\u043d\u044f \u043c\u043e\u0431\u0456\u043b\u044c\u043d\u0438\u0445 \u043f\u043b\u0430\u0442\u0444\u043e\u0440\u043c<\/span> - \u0442\u0438\u0445\u043e\u0445\u0456\u0434\u043d\u0456 \u043f\u0435\u0440\u0435\u0441\u0443\u0432\u043d\u0456: \u043d\u043e\u0436\u0438\u0447\u043d\u0456, \u0448\u0430\u0440\u043d\u0456\u0440\u043d\u0456, \u0442\u0435\u043b\u0435\u0441\u043a\u043e\u043f\u0456\u0447\u043d\u0456, \u0442\u0440\u0430\u043d\u0441\u043f\u043e\u0440\u0442\u0430\u0431\u0435\u043b\u044c\u043d\u0456 - \u043a\u0430\u0442\u0435\u0433\u043e\u0440\u0456\u044f \u0406\u041f<\/td>\n<\/tr>\n<tr>\n<td bgcolor=\"#fde9d9\"><span style=\"text-decoration: underline;\">\u041f\u0440\u0430\u043a\u0442\u0438\u043a\u0443\u043c \u0437 \u043f\u0456\u0434\u0439\u043e\u043c\u043d\u0438\u0445 \u043f\u043b\u0430\u0442\u0444\u043e\u0440\u043c<\/span> - \u0435\u043a\u0441\u043f\u043b\u0443\u0430\u0442\u0430\u0446\u0456\u044f \u043c\u043e\u0431\u0456\u043b\u044c\u043d\u0438\u0445 \u043f\u043b\u0430\u0442\u0444\u043e\u0440\u043c, \u0432\u0441\u0442\u0430\u043d\u043e\u0432\u043b\u0435\u043d\u0438\u0445 \u043d\u0430 \u0442\u0440\u0430\u043d\u0441\u043f\u043e\u0440\u0442\u043d\u0438\u0445 \u0437\u0430\u0441\u043e\u0431\u0430\u0445 - \u043a\u0430\u0442\u0435\u0433\u043e\u0440\u0456\u044f \u0406\u0420<\/td>\n<\/tr>\n<tr>\n<td><span style=\"text-decoration: underline;\">\u041a\u0443\u0440\u0441 \u043e\u0431\u0441\u043b\u0443\u0433\u043e\u0432\u0443\u0432\u0430\u043d\u043d\u044f \u043f\u0456\u0434\u0432\u0456\u0441\u043d\u0438\u0445, \u0449\u043e\u0433\u043b\u043e\u0432\u0438\u0445 \u0456 \u0441\u0442\u0430\u0446\u0456\u043e\u043d\u0430\u0440\u043d\u0438\u0445 \u043f\u043b\u0430\u0442\u0444\u043e\u0440\u043c<\/span> - \u043d\u0435 \u0454 \u0442\u0435\u0445\u043d\u043e\u043b\u043e\u0433\u0456\u0447\u043d\u043e\u044e \u043b\u0456\u043d\u0456\u0454\u044e - \u043a\u0430\u0442\u0435\u0433\u043e\u0440\u0456\u044f \u0406\u0406\u041f<\/td>\n<\/tr>\n<tr>\n<td bgcolor=\"#fde9d9\"><span style=\"text-decoration: underline;\">\u041a\u0443\u0440\u0441 \u043a\u0440\u0430\u043d\u0456\u0432\u043d\u0438\u043a\u0430 HDS<\/span> - \u0441\u0435\u0440\u0432\u0456\u0441\u043d\u0435 \u043e\u0431\u0441\u043b\u0443\u0433\u043e\u0432\u0443\u0432\u0430\u043d\u043d\u044f \u043c\u043e\u0431\u0456\u043b\u044c\u043d\u0438\u0445 \u0442\u0430 \u043c\u043e\u0431\u0456\u043b\u044c\u043d\u0438\u0445 \u043a\u0440\u0430\u043d\u0456\u0432 \u043d\u0430 \u0430\u0432\u0442\u043e\u043c\u043e\u0431\u0456\u043b\u044c\u043d\u043e\u043c\u0443 \u0448\u0430\u0441\u0456 HDS - \u043a\u0430\u0442.II\u017b<\/td>\n<\/tr>\n<tr>\n<td><span style=\"text-decoration: underline;\">\u041a\u0443\u0440\u0441 \u0440\u043e\u0431\u043e\u0442\u0438 \u043a\u0440\u0430\u043d\u0456\u0432, \u043f\u0456\u0434\u0439\u043e\u043c\u043d\u0438\u043a\u0456\u0432 \u0456 \u043b\u0435\u0431\u0456\u0434\u043e\u043a<\/span> - \u043a\u0435\u0440\u0443\u0454\u0442\u044c\u0441\u044f \u0437 \u0440\u043e\u0431\u043e\u0447\u043e\u0433\u043e \u0440\u0456\u0432\u043d\u044f - \u043a\u0430\u0442\u0435\u0433\u043e\u0440\u0456\u044f \u0406\u0406\u0421<\/td>\n<\/tr>\n<tr>\n<td bgcolor=\"#fde9d9\"><span style=\"text-decoration: underline;\">\u041a\u0443\u0440\u0441 \u0435\u043a\u0441\u043f\u043b\u0443\u0430\u0442\u0430\u0446\u0456\u0457 \u043f\u0456\u0434\u0439\u043e\u043c\u043d\u0438\u043a\u0456\u0432 \u0456 \u043b\u0435\u0431\u0456\u0434\u043e\u043a<\/span> - \u043e\u043f\u0435\u0440\u0430\u0442\u043e\u0440 \u043f\u0456\u0434\u0439\u043e\u043c\u043d\u0438\u043a\u0456\u0432 \u0456 \u043b\u0435\u0431\u0456\u0434\u043e\u043a, \u043a\u0435\u0440\u043e\u0432\u0430\u043d\u0438\u0445 \u0437 \u0440\u043e\u0431\u043e\u0447\u043e\u0433\u043e \u0440\u0456\u0432\u043d\u044f, \u0432 \u0442\u043e\u043c\u0443 \u0447\u0438\u0441\u043b\u0456 \u0431\u0435\u0437\u0434\u0440\u043e\u0442\u043e\u0432\u043e\u0433\u043e \u043a\u0430\u0442.IIW<\/td>\n<\/tr>\n<tr>\n<td><span style=\"text-decoration: underline;\">\u041a\u0443\u0440\u0441 \u043e\u0431\u0441\u043b\u0443\u0433\u043e\u0432\u0443\u0432\u0430\u043d\u043d\u044f \u0441\u0442\u0430\u0446\u0456\u043e\u043d\u0430\u0440\u043d\u0438\u0445 \u043a\u0440\u0430\u043d\u0456\u0432<\/span> - \u043b\u0456\u0446\u0435\u043d\u0437\u0456\u044f \u043e\u043f\u0435\u0440\u0430\u0442\u043e\u0440\u0430 \u0441\u0442\u0430\u0446\u0456\u043e\u043d\u0430\u0440\u043d\u0438\u0445 - \u0446\u0435\u0445\u043e\u0432\u0438\u0445 \u0448\u043b\u044e\u043f\u0431\u0430\u043b\u043e\u043a, \u043a\u0430\u0442\u0435\u0433\u043e\u0440\u0456\u044f II\u017b<\/td>\n<\/tr>\n<tr>\n<td bgcolor=\"#fde9d9\"><span style=\"text-decoration: underline;\">\u041a\u0443\u0440\u0441 \u043a\u043e\u0440\u0438\u0441\u0442\u0443\u0432\u0430\u043d\u043d\u044f \u0432\u0430\u043d\u0442\u0430\u0436\u043d\u043e-\u043f\u0430\u0441\u0430\u0436\u0438\u0440\u0441\u044c\u043a\u0438\u043c\u0438 \u043b\u0456\u0444\u0442\u0430\u043c\u0438<\/span> - \u0435\u043a\u0441\u043f\u043b\u0443\u0430\u0442\u0430\u0446\u0456\u044f \u0432\u0430\u043d\u0442\u0430\u0436\u043d\u0438\u0445 \u043b\u0456\u0444\u0442\u0456\u0432 \u0456\u0437 \u0432\u043d\u0443\u0442\u0440\u0456\u0448\u043d\u0456\u043c \u043a\u043e\u043d\u0442\u0440\u043e\u043b\u0435\u043c \u0442\u0430 \u043b\u0456\u043a\u0430\u0440\u043d\u044f\u043d\u0438\u043c\u0438 \u0447\u0438 \u0431\u0443\u0434\u0456\u0432\u0435\u043b\u044c\u043d\u0438\u043c\u0438 \u043a\u0440\u0430\u043d\u0430\u043c\u0438, \u0432\u0438\u0434\u0430\u043d\u0438\u043c\u0438 \u0423\u043f\u0440\u0430\u0432\u043b\u0456\u043d\u043d\u044f\u043c \u0442\u0435\u0445\u043d\u0456\u0447\u043d\u043e\u0457 \u0456\u043d\u0441\u043f\u0435\u043a\u0446\u0456\u0457 (UDT) - ID \u0442\u0430 \u043a\u0432\u0430\u043b\u0456\u0444\u0456\u043a\u0430\u0446\u0456\u044f IID.<\/td>\n<\/tr>\n<tr>\n<td><span style=\"text-decoration: underline;\">\u041a\u0443\u0440\u0441 \u043e\u043f\u0435\u0440\u0430\u0442\u043e\u0440\u0430 \u0430\u0432\u0442\u043e\u043a\u0440\u0430\u043d\u0430<\/span> - \u0435\u043a\u0441\u043f\u043b\u0443\u0430\u0442\u0430\u0446\u0456\u044f \u0430\u0432\u0442\u043e\u043a\u0440\u0430\u043d\u0456\u0432, \u0437\u043c\u043e\u043d\u0442\u043e\u0432\u0430\u043d\u0438\u0445 \u043d\u0430 \u0430\u0432\u0442\u043e\u043c\u043e\u0431\u0456\u043b\u044f\u0445<\/td>\n<\/tr>\n<tr>\n<td bgcolor=\"#fde9d9\"><span style=\"text-decoration: underline;\">\u041a\u0443\u0440\u0441\u0438 \u043c\u0430\u0448\u0438\u043d\u0456\u0441\u0442\u0456\u0432 \u0448\u0432\u0438\u0434\u043a\u043e\u043c\u043e\u043d\u0442\u0430\u0436\u043d\u0438\u0445 \u043a\u0440\u0430\u043d\u0456\u0432 <\/span> - I\u017b \u043a\u0432\u0430\u043b\u0456\u0444\u0456\u043a\u0430\u0446\u0456\u044f \u043e\u043f\u0435\u0440\u0430\u0442\u043e\u0440\u0430 \u043a\u0440\u0430\u043d\u0456\u0432 \u0437 \u0431\u0435\u0437\u0434\u0440\u043e\u0442\u043e\u0432\u0438\u043c \u043a\u0435\u0440\u0443\u0432\u0430\u043d\u043d\u044f\u043c \u0437 \u0440\u043e\u0431\u043e\u0447\u043e\u0433\u043e \u0440\u0456\u0432\u043d\u044f<\/td>\n<\/tr>\n<tr>\n<td><span style=\"text-decoration: underline;\">\u041a\u0443\u0440\u0441 \u043c\u0430\u0448\u0438\u043d\u0456\u0441\u0442\u0430 \u0431\u0430\u0448\u0442\u043e\u0432\u043e\u0433\u043e \u043a\u0440\u0430\u043d\u0443<\/span> - I\u017b \u043a\u0432\u0430\u043b\u0456\u0444\u0456\u043a\u0430\u0446\u0456\u044f \u043e\u043f\u0435\u0440\u0430\u0442\u043e\u0440\u0430 \u0431\u0443\u0434\u0456\u0432\u0435\u043b\u044c\u043d\u0438\u0445 \u0431\u0430\u0448\u0442\u043e\u0432\u0438\u0445 \u043a\u0440\u0430\u043d\u0456\u0432 \u0431\u0443\u0434\u044c-\u044f\u043a\u043e\u0433\u043e \u0442\u0438\u043f\u0443 (\u0432\u0430\u0440\u0442\u0456\u0441\u0442\u044c \u0441\u0442\u0440\u0430\u0445\u0443\u0432\u0430\u043d\u043d\u044f \u043f\u0440\u0430\u043a\u0442\u0438\u0447\u043d\u0438\u0445 \u0437\u0430\u043d\u044f\u0442\u044c \u0432\u043a\u043b\u044e\u0447\u0435\u043d\u0430 \u0443 \u0432\u0430\u0440\u0442\u0456\u0441\u0442\u044c)<\/td>\n<\/tr>\n<tr>\n<td bgcolor=\"#fde9d9\"><span style=\"text-decoration: underline;\">\u041a\u0443\u0440\u0441 \u043a\u043e\u043d\u0441\u0435\u0440\u0432\u0430\u0442\u043e\u0440\u0430<\/span> - \u0414\u043e\u0437\u0432\u043e\u043b\u0438 UDT \u043d\u0430 \u0442\u0435\u0445\u043d\u0456\u0447\u043d\u0435 \u043e\u0431\u0441\u043b\u0443\u0433\u043e\u0432\u0443\u0432\u0430\u043d\u043d\u044f, \u0440\u0435\u043c\u043e\u043d\u0442 \u0442\u0430 \u0441\u0435\u0440\u0432\u0456\u0441\u043d\u0435 \u043e\u0431\u0441\u043b\u0443\u0433\u043e\u0432\u0443\u0432\u0430\u043d\u043d\u044f \u043f\u0456\u0434\u0439\u043e\u043c\u043d\u043e-\u0442\u0440\u0430\u043d\u0441\u043f\u043e\u0440\u0442\u043d\u043e\u0433\u043e \u043e\u0431\u043b\u0430\u0434\u043d\u0430\u043d\u043d\u044f, \u0449\u043e \u043f\u0456\u0434\u043b\u044f\u0433\u0430\u0454 \u0442\u0435\u0445\u043d\u0456\u0447\u043d\u043e\u043c\u0443 \u043e\u0433\u043b\u044f\u0434\u0443, \u043d\u0430\u043f\u0440\u0438\u043a\u043b\u0430\u0434: \u0432\u0438\u043b\u043e\u0447\u043d\u0456 \u043d\u0430\u0432\u0430\u043d\u0442\u0430\u0436\u0443\u0432\u0430\u0447\u0456, \u043a\u0440\u0430\u043d\u0438, \u043c\u043e\u0441\u0442\u043e\u0432\u0456 \u043a\u0440\u0430\u043d\u0438, \u043c\u043e\u0431\u0456\u043b\u044c\u043d\u0456 \u043f\u043b\u0430\u0442\u0444\u043e\u0440\u043c\u0438 \u0442\u0430 \u0456\u043d\u0448\u0456.<\/td>\n<\/tr>\n<tr>\n<td><span style=\"text-decoration: underline;\">Hakowy \u0456 Signaller<\/span> - \u0411\u0435\u0437\u043f\u0435\u0447\u043d\u0430 \u0435\u043a\u0441\u043f\u043b\u0443\u0430\u0442\u0430\u0446\u0456\u044f - \u043f\u043e\u0432\u043e\u0434\u0436\u0435\u043d\u043d\u044f \u0437 \u0433\u0430\u043a\u043e\u0432\u0438\u043c\u0438 \u0441\u0442\u0440\u043e\u043f\u0430\u043c\u0438 \u0437\u0430\u0433\u0430\u043b\u044c\u043d\u043e\u0433\u043e \u0442\u0430 \u0441\u043f\u0435\u0446\u0456\u0430\u043b\u044c\u043d\u043e\u0433\u043e \u043f\u0440\u0438\u0437\u043d\u0430\u0447\u0435\u043d\u043d\u044f - ISO 23853: 2018 \u041a\u0440\u0430\u043d\u0438 - \u041d\u0430\u0432\u0447\u0430\u043d\u043d\u044f \u0441\u0442\u0440\u043e\u043f\u0430\u043b\u044c\u043d\u0438\u043a\u0456\u0432 \u0456 \u0441\u0438\u0433\u043d\u0430\u043b\u0456\u0441\u0442\u0456\u0432.<\/td>\n<\/tr>\n<tr>\n<td bgcolor=\"#fde9d9\"><span style=\"text-decoration: underline;\">\u0412\u0438\u0441\u043e\u0442\u043d\u0430 \u043f\u0456\u0434\u0433\u043e\u0442\u043e\u0432\u043a\u0430<\/span> - \u0411\u0435\u0437\u043f\u0435\u0447\u043d\u0430 \u0435\u043a\u0441\u043f\u043b\u0443\u0430\u0442\u0430\u0446\u0456\u044f - \u043f\u0456\u0434\u0442\u0440\u0438\u043c\u043a\u0430 \u0440\u0435\u043c\u0435\u043d\u0456\u0432, \u043f\u0440\u043e\u043c\u0438\u0441\u043b\u043e\u0432\u0456 \u0440\u0435\u043c\u0435\u043d\u0456 \u0437\u0430\u0445\u0438\u0441\u0442\u0443 \u0432\u0456\u0434 \u043f\u0430\u0434\u0456\u043d\u044c \u043f\u0440\u0438 \u0440\u043e\u0431\u043e\u0442\u0456 \u043d\u0430 \u0432\u0438\u0441\u043e\u0442\u0456 - BS8454 BS8454<\/td>\n<\/tr>\n<tr>\n<td colspan=\"5\" bgcolor=\"#c6d9f1\">\n<p align=\"CENTER\"><span style=\"font-size: small;\"><span style=\"font-weight: normal;\">\u0412\u0438\u0449\u0435\u0437\u0430\u0437\u043d\u0430\u0447\u0435\u043d\u0430 \u0446\u0456\u043d\u043e\u0432\u0430 \u043f\u0440\u043e\u043f\u043e\u0437\u0438\u0446\u0456\u044f \u043d\u0435 \u0454 \u043f\u0440\u043e\u043f\u043e\u0437\u0438\u0446\u0456\u0454\u044e \u0432 \u0440\u043e\u0437\u0443\u043c\u0456\u043d\u043d\u0456 \u0426\u0438\u0432\u0456\u043b\u044c\u043d\u043e\u0433\u043e \u043a\u043e\u0434\u0435\u043a\u0441\u0443 \u0447\u0435\u0440\u0435\u0437<br \/>\n\u0449\u043e \u043a\u043e\u0436\u043d\u0443 \u0432\u0430\u0440\u0442\u0456\u0441\u0442\u044c \u043d\u0430\u0432\u0447\u0430\u043d\u043d\u044f \u043c\u043e\u0436\u043d\u0430 \u0443\u0437\u0433\u043e\u0434\u0438\u0442\u0438 \u0456\u043d\u0434\u0438\u0432\u0456\u0434\u0443\u0430\u043b\u044c\u043d\u043e. <\/span><\/span><\/p>\n<\/td>\n<\/tr>\n<\/tbody>\n<\/table>\n<\/div>","protected":false},"excerpt":{"rendered":"<p>Nazwa kursu &#8211; szkolenia Oferta zawiera koszt egzaminu kwalifikacyjnego przed komisj\u0105 UDT Cena jest uzale\u017cniona od ilo\u015bci zg\u0142oszonych os\u00f3b Podane ceny to koszt Brutto ZW VAT Kurs na w\u00f3zki wid\u0142owe podno\u015bnikowe z wymian\u0105 butli gazowych LPG &#8211; kat. IIWJO 1) zapisz si\u0119 \/ zap\u0142a\u0107 on-lin 2) oferta na maila 3) zapytaj o cen\u0119 tel na infolinii 4) Popro\u015b o kontakt telefoniczny Kurs na w\u00f3zki wid\u0142owe specjalizowane &#8211; w\u00f3zki wid\u0142owe z kabin\u0105 unosz\u0105c\u0105 operatora &#8211; kat. IWJO Kurs na \u0142adowarki teleskopowe &#8211; uprawnienia na operatora \u0142adowarek teleskopowych (w\u00f3zk\u00f3w wid\u0142owych specjalizowanych ze zmiennym wysi\u0119giem) &#8211; kat. IWJO Kurs obs\u0142ugi podest\u00f3w ruchomych &#8211; przejezdnych wolnobie\u017cnych: no\u017cycowych, przegubowych, teleskopowych, przewo\u017anych \u2013 kat IP Kurs obs\u0142ugi podno\u015bnik\u00f3w koszowych &#8211; obs\u0142uga podest\u00f3w ruchomych montowanych na pojazdach \u2013 kat IP Kurs obs\u0142ugi podest\u00f3w wisz\u0105cych, masztowych, stacjonarnych \u2013 nie stanowi\u0105cych ci\u0105gu technologicznego \u2013 kat IIP Kurs operatora \u017curawi HDS &#8211; obs\u0142uga \u017curawi przeno\u015bnych i przewo\u017anych zamontowanych na podwoziu samochodowym typu HDS \u2013 kat. II\u017b Kurs obs\u0142ugi suwnic i wci\u0105gnik\u00f3w oraz wci\u0105garek &#8211; sterowanych z poziomu roboczego- kat. IIS Kurs obs\u0142ugi wci\u0105gnik\u00f3w i wci\u0105garek &#8211; uprawnienia na operatora wci\u0105gnik\u00f3w i wci\u0105garek sterowanych z poziomu roboczego w tym bezprzewodowe kat. IIW Kurs obs\u0142ugi \u017curawi stacjonarnych &#8211; uprawnienia na operatora \u017curawik\u00f3w stacjonarnych &#8211; warsztatowych kat. II\u017b Kurs obs\u0142ugi d\u017awig\u00f3w towarowo &#8211; osobowych &#8211; obs\u0142uga d\u017awig\u00f3w towarowych ze sterowaniem wewn\u0119trznym i szpitalne lub budowlane z egz. przed UDT &#8211; uprawnienia ID i IID. Kurs operatora d\u017awig\u00f3w samojezdnych &#8211; obs\u0142uga \u017curawi samojezdnych zamontowanych na samochodach Kurs operatora \u017curawi szybkomontuj\u0105cych &#8211; uprawnienia I\u017b na operatora \u017curawi sterowanych z poziomu [&hellip;]<\/p>\n","protected":false},"author":1,"featured_media":0,"parent":0,"menu_order":2,"comment_status":"closed","ping_status":"closed","template":"","meta":{"sfsi_plus_gutenberg_text_before_share":"","sfsi_plus_gutenberg_show_text_before_share":"","sfsi_plus_gutenberg_icon_type":"","sfsi_plus_gutenberg_icon_alignemt":"","sfsi_plus_gutenburg_max_per_row":"","footnotes":""},"class_list":["post-389","page","type-page","status-publish","hentry","has_no_thumb"],"aioseo_notices":[],"_links":{"self":[{"href":"https:\/\/kursy-udt.pl\/ua\/wp-json\/wp\/v2\/pages\/389","targetHints":{"allow":["GET"]}}],"collection":[{"href":"https:\/\/kursy-udt.pl\/ua\/wp-json\/wp\/v2\/pages"}],"about":[{"href":"https:\/\/kursy-udt.pl\/ua\/wp-json\/wp\/v2\/types\/page"}],"author":[{"embeddable":true,"href":"https:\/\/kursy-udt.pl\/ua\/wp-json\/wp\/v2\/users\/1"}],"replies":[{"embeddable":true,"href":"https:\/\/kursy-udt.pl\/ua\/wp-json\/wp\/v2\/comments?post=389"}],"version-history":[{"count":25,"href":"https:\/\/kursy-udt.pl\/ua\/wp-json\/wp\/v2\/pages\/389\/revisions"}],"predecessor-version":[{"id":6245,"href":"https:\/\/kursy-udt.pl\/ua\/wp-json\/wp\/v2\/pages\/389\/revisions\/6245"}],"wp:attachment":[{"href":"https:\/\/kursy-udt.pl\/ua\/wp-json\/wp\/v2\/media?parent=389"}],"curies":[{"name":"wp","href":"https:\/\/api.w.org\/{rel}","templated":true}]}}