{"id":38,"date":"2014-02-10T17:12:48","date_gmt":"2014-02-10T17:12:48","guid":{"rendered":"http:\/\/kursy-udt.kwiaty0.pl\/?page_id=38"},"modified":"2023-02-14T12:31:18","modified_gmt":"2023-02-14T11:31:18","slug":"%d0%bf%d1%96%d0%b4%d0%b9%d0%be%d0%bc%d0%bd%d0%b8%d0%ba%d0%b8","status":"publish","type":"page","link":"https:\/\/kursy-udt.pl\/ua\/podnosniki\/","title":{"rendered":"\u041f\u0456\u0434\u0439\u043e\u043c\u043d\u0438\u043a\u0438, \u043f\u0456\u0434\u0439\u043e\u043c\u043d\u0438\u043a\u0438-\u043d\u043e\u0436\u0438\u0446\u0456 \u0442\u0430 \u0456\u043d"},"content":{"rendered":"<p><img loading=\"lazy\" decoding=\"async\" class=\"paddingleft10 alignleft wp-image-3586 size-medium\" src=\"https:\/\/kursy-udt.pl\/wp-content\/uploads\/2021\/11\/podnosnik_koszowy-300x200.jpg\" alt=\"\" width=\"300\" height=\"200\" srcset=\"https:\/\/kursy-udt.pl\/wp-content\/uploads\/2021\/11\/podnosnik_koszowy-300x200.jpg 300w, https:\/\/kursy-udt.pl\/wp-content\/uploads\/2021\/11\/podnosnik_koszowy-1024x683.jpg 1024w, https:\/\/kursy-udt.pl\/wp-content\/uploads\/2021\/11\/podnosnik_koszowy-768x512.jpg 768w, https:\/\/kursy-udt.pl\/wp-content\/uploads\/2021\/11\/podnosnik_koszowy-624x416.jpg 624w, https:\/\/kursy-udt.pl\/wp-content\/uploads\/2021\/11\/podnosnik_koszowy.jpg 1461w\" sizes=\"auto, (max-width: 300px) 100vw, 300px\" \/><\/p>\n<div class=\"wyjustuj\">\n<p><a href=\"https:\/\/kursy-udt.pl\/ua\/o-firmie\/\">\u0426\u0435\u043d\u0442\u0440 \u043f\u0456\u0434\u0433\u043e\u0442\u043e\u0432\u043a\u0438 \u043f\u0435\u0440\u0441\u043e\u043d\u0430\u043b\u0443 \u0415\u0420\u0413\u041e\u041d<\/a> \u0449\u0438\u0440\u043e \u0437\u0430\u043f\u0440\u043e\u0448\u0443\u0454 <a href=\"https:\/\/kursy-udt.pl\/ua\/szkolenia\/udt-wdt-tdt\/zwyzki-podnosniki-koszowe\/\">\u043d\u0430\u0432\u0447\u0430\u043b\u044c\u043d\u0456 \u043a\u0443\u0440\u0441\u0438 \u0434\u043b\u044f \u043f\u0456\u0434\u0439\u043e\u043c\u043d\u0438\u043a\u0456\u0432<\/a> \u0456 \u043d\u043e\u0436\u0438\u0447\u043d\u0456 \u043f\u0456\u0434\u0439\u043e\u043c\u043d\u0438\u043a\u0438 \u0442\u0430 \u0456\u043d\u0448\u0456. \u041c\u0435\u0442\u0430 \u043d\u0430\u0432\u0447\u0430\u043d\u043d\u044f \u2013 \u043e\u0442\u0440\u0438\u043c\u0430\u043d\u043d\u044f \u043d\u0435\u043e\u0431\u0445\u0456\u0434\u043d\u043e\u0433\u043e <a href=\"https:\/\/kursy-udt.pl\/ua\/uprawnienia-udt\/kategorie-uprawnien-2\/\">\u041a\u0432\u0430\u043b\u0456\u0444\u0456\u043a\u0430\u0446\u0456\u044f UDT<\/a>\u0431\u0435\u0437 \u044f\u043a\u0438\u0445 \u043e\u0431\u043b\u0430\u0434\u043d\u0430\u043d\u043d\u044f \u043d\u0435 \u043c\u043e\u0436\u0435 \u0435\u043a\u0441\u043f\u043b\u0443\u0430\u0442\u0443\u0432\u0430\u0442\u0438\u0441\u044f. \u0411\u0443\u0434\u0456\u0432\u0435\u043b\u044c\u043d\u0456, \u043c\u043e\u043d\u0442\u0430\u0436\u043d\u0456 \u0430\u0431\u043e \u043e\u0437\u0434\u043e\u0431\u043b\u044e\u0432\u0430\u043b\u044c\u043d\u0456 \u0440\u043e\u0431\u043e\u0442\u0438 \u0432\u0438\u043c\u0430\u0433\u0430\u044e\u0442\u044c \u0432\u0438\u043a\u043e\u0440\u0438\u0441\u0442\u0430\u043d\u043d\u044f \u0442\u0430\u043a\u043e\u0433\u043e \u043e\u0431\u043b\u0430\u0434\u043d\u0430\u043d\u043d\u044f, \u044f\u043a \u043d\u043e\u0436\u0438\u0447\u043d\u0456 \u0442\u0430 \u043a\u043e\u0448\u0438\u043a\u043e\u0432\u0456 \u043f\u0456\u0434\u0439\u043e\u043c\u043d\u0438\u043a\u0438 - \u0442\u043e\u043c\u0443 \u043d\u0430\u0432\u0447\u0430\u043d\u043d\u044f \u043c\u0430\u0454 \u0432\u0430\u0436\u043b\u0438\u0432\u0435 \u0437\u043d\u0430\u0447\u0435\u043d\u043d\u044f \u0434\u043b\u044f \u0442\u043e\u0433\u043e, \u0449\u043e\u0431 \u0432\u0438\u043a\u043e\u043d\u0443\u0432\u0430\u0442\u0438 \u0432\u0441\u0456 \u0440\u043e\u0431\u043e\u0442\u0438 \u0431\u0435\u0437\u043f\u0435\u0447\u043d\u043e \u0456 \u0432\u0456\u0434\u043f\u043e\u0432\u0456\u0434\u043d\u043e \u0434\u043e \u043f\u0440\u0430\u0432\u0438\u043b. \u0417 \u043d\u0430\u043c\u0438 \u0432\u0430\u043c \u0431\u0443\u0434\u0435 \u0449\u0435 \u043f\u0440\u043e\u0441\u0442\u0456\u0448\u0435 \u043e\u0442\u0440\u0438\u043c\u0430\u0442\u0438 \u043b\u0456\u0446\u0435\u043d\u0437\u0456\u044e! \u0423 \u043d\u0430\u0448\u043e\u043c\u0443 \u0446\u0435\u043d\u0442\u0440\u0456 \u043c\u0438 \u0432\u0436\u0435 \u0431\u0430\u0433\u0430\u0442\u043e \u0440\u043e\u043a\u0456\u0432 \u043f\u0440\u043e\u0432\u043e\u0434\u0438\u043c\u043e \u043a\u0443\u0440\u0441\u0438 \u0434\u043b\u044f \u043f\u043e\u0432\u0456\u0442\u0440\u044f\u043d\u0438\u0445 \u0440\u043e\u0431\u043e\u0447\u0438\u0445 \u043f\u043b\u0430\u0442\u0444\u043e\u0440\u043c \u0456 \u043d\u043e\u0436\u0438\u0447\u043d\u0438\u0445 \u043f\u0456\u0434\u0439\u043e\u043c\u043d\u0438\u043a\u0456\u0432. \u041c\u0438 \u0432\u0436\u0435 \u043f\u0456\u0434\u0433\u043e\u0442\u0443\u0432\u0430\u043b\u0438 \u0442\u0438\u0441\u044f\u0447\u0456 \u043f\u0440\u0430\u0446\u0456\u0432\u043d\u0438\u043a\u0456\u0432, \u044f\u043a\u0456 \u0437\u0430\u0432\u0434\u044f\u043a\u0438 \u043d\u0430\u043c \u0431\u0435\u0437 \u043f\u0440\u043e\u0431\u043b\u0435\u043c \u0441\u043a\u043b\u0430\u043b\u0438 \u0456\u0441\u043f\u0438\u0442\u0438 UDT \u0442\u0430 \u043e\u0442\u0440\u0438\u043c\u0430\u043b\u0438 \u043d\u0435\u043e\u0431\u0445\u0456\u0434\u043d\u0456 \u0434\u043e\u0437\u0432\u043e\u043b\u0438. \u0423 \u043d\u0430\u0441 \u043f\u0440\u0430\u0446\u044e\u044e\u0442\u044c \u0442\u0456\u043b\u044c\u043a\u0438 \u043a\u0432\u0430\u043b\u0456\u0444\u0456\u043a\u043e\u0432\u0430\u043d\u0456 \u0432\u0438\u043a\u043b\u0430\u0434\u0430\u0447\u0456 \u0442\u0430 \u0456\u043d\u0441\u0442\u0440\u0443\u043a\u0442\u043e\u0440\u0438, \u044f\u043a\u0456 \u0434\u043e\u0441\u043a\u043e\u043d\u0430\u043b\u043e \u0437\u043d\u0430\u044e\u0442\u044c \u043f\u0440\u0430\u0432\u0438\u043b\u0430 \u0456 \u043f\u0440\u0438\u043d\u0446\u0438\u043f \u0440\u043e\u0431\u043e\u0442\u0438 \u043f\u0456\u0434\u0439\u043e\u043c\u043d\u0438\u043a\u0456\u0432 - \u0442\u043e\u043c\u0443 \u043d\u0430\u0448\u0456 \u043a\u0443\u0440\u0441\u0438 \u0437\u0430\u0432\u0436\u0434\u0438 \u043d\u0430\u043f\u043e\u0432\u043d\u0435\u043d\u0456 \u0446\u0456\u043d\u043d\u043e\u044e \u0456\u043d\u0444\u043e\u0440\u043c\u0430\u0446\u0456\u0454\u044e, \u044f\u043a\u0443 \u043c\u043e\u0436\u043d\u0430 \u0437\u0430\u0441\u0442\u043e\u0441\u0443\u0432\u0430\u0442\u0438 \u0432 \u043f\u043e\u0434\u0430\u043b\u044c\u0448\u0456\u0439 \u0449\u043e\u0434\u0435\u043d\u043d\u0456\u0439 \u0440\u043e\u0431\u043e\u0442\u0456. \u041a\u043e\u0436\u0435\u043d \u043a\u0443\u0440\u0441 \u0441\u043a\u043b\u0430\u0434\u0430\u0454\u0442\u044c\u0441\u044f \u0437 \u0442\u0435\u043e\u0440\u0435\u0442\u0438\u0447\u043d\u043e\u0457 \u0442\u0430 \u043f\u0440\u0430\u043a\u0442\u0438\u0447\u043d\u043e\u0457 \u0447\u0430\u0441\u0442\u0438\u043d. \u0422\u0435\u043e\u0440\u0435\u0442\u0438\u0447\u043d\u0430 \u0447\u0430\u0441\u0442\u0438\u043d\u0430 \u043e\u0445\u043e\u043f\u043b\u044e\u0454 \u043f\u0440\u0430\u0432\u0438\u043b\u0430 \u0442\u0435\u0445\u043d\u0456\u0447\u043d\u043e\u0433\u043e \u043e\u0433\u043b\u044f\u0434\u0443, \u0456\u043d\u0444\u043e\u0440\u043c\u0430\u0446\u0456\u044e \u043f\u0440\u043e \u043a\u0440\u0430\u043d\u0438, \u0432 \u0442\u043e\u043c\u0443 \u0447\u0438\u0441\u043b\u0456 \u043f\u0456\u0434\u0439\u043e\u043c\u043d\u0438\u043a\u0438, \u0457\u0445 \u043a\u043e\u043d\u0441\u0442\u0440\u0443\u043a\u0446\u0456\u044e \u0442\u0430 \u0435\u043a\u0441\u043f\u043b\u0443\u0430\u0442\u0430\u0446\u0456\u044e, \u0430 \u0442\u0430\u043a\u043e\u0436 \u043c\u0438 \u043d\u0430\u0434\u0430\u0454\u043c\u043e \u0456\u043d\u0444\u043e\u0440\u043c\u0430\u0446\u0456\u044e \u043f\u0440\u043e <a href=\"https:\/\/kursy-udt.pl\/ua\/szkolenia\/bhp-bezpieczenstwo-pracy\/prawna-ochrona-pracy\/\">\u0417\u0434\u043e\u0440\u043e\u0432&#039;\u044f \u0456 \u0431\u0435\u0437\u043f\u0435\u043a\u0430<\/a>. \u0412 \u0440\u0435\u0437\u0443\u043b\u044c\u0442\u0430\u0442\u0456 \u043c\u0438 \u0432\u0441\u0435\u0431\u0456\u0447\u043d\u043e \u0433\u043e\u0442\u0443\u0454\u043c\u043e \u0432\u0430\u0441 \u0434\u043e \u0441\u043a\u043b\u0430\u0434\u0430\u043d\u043d\u044f \u0456\u0441\u043f\u0438\u0442\u0443 UDT \u0432\u0456\u0434\u043f\u043e\u0432\u0456\u0434\u043d\u043e \u0434\u043e \u0447\u0438\u043d\u043d\u0438\u0445 \u043f\u0440\u0430\u0432\u0438\u043b.<\/p>\n<div class=\"filmw\">\n<div class=\"responsive-youtube\" style=\"text-align: center;\"><iframe loading=\"lazy\" title=\"\u0412\u0456\u0434\u0435\u043e\u043f\u043b\u0435\u0454\u0440 YouTube\" src=\"https:\/\/www.youtube.com\/embed\/sadG__ZRQI8\" width=\"560\" height=\"315\" frameborder=\"0\" allowfullscreen=\"allowfullscreen\"><\/iframe><\/div>\n<\/div>\n<h2><strong>\u0412\u0438\u043a\u043e\u0440\u0438\u0441\u0442\u0430\u043d\u043d\u044f \u043f\u0456\u0434\u0439\u043e\u043c\u043d\u0438\u043a\u0456\u0432<\/strong><\/h2>\n<p>\u041f\u0456\u0434\u0439\u043e\u043c\u043d\u0438\u043a\u0438 - \u0446\u0435 \u0433\u0440\u0443\u043f\u0430 \u043f\u0440\u0438\u0441\u0442\u0440\u043e\u0457\u0432, \u044f\u043a\u0456 \u043f\u0440\u0438\u0437\u043d\u0430\u0447\u0435\u043d\u0456 \u0434\u043b\u044f \u0432\u0438\u043a\u043e\u043d\u0430\u043d\u043d\u044f \u0440\u043e\u0431\u0456\u0442 \u043d\u0430 \u0432\u0438\u0441\u043e\u0442\u0456. \u0412\u0456\u0434\u043f\u043e\u0432\u0456\u0434\u043d\u043e \u0434\u043e \u043a\u043b\u0430\u0441\u0438\u0444\u0456\u043a\u0430\u0446\u0456\u0457 \u0434\u043e \u0433\u0440\u0443\u043f\u0438 \u043f\u0440\u0438\u0441\u0442\u0440\u043e\u0457\u0432 \u0432\u0456\u0434\u043d\u043e\u0441\u044f\u0442\u044c\u0441\u044f \u0434\u043e <span class=\"linkwartykule\"><a href=\"\/ua\/%d0%bd%d0%b0%d0%b2%d1%87%d0%b0%d0%bd%d0%bd%d1%8f\/%d0%bc%d0%be%d0%b1%d1%96%d0%bb%d1%8c%d0%bd%d1%96-%d0%bf%d0%bb%d0%b0%d1%82%d1%84%d0%be%d1%80%d0%bc%d0%b8\/\">\u043c\u043e\u0431\u0456\u043b\u044c\u043d\u0456 \u043f\u043b\u0430\u0442\u0444\u043e\u0440\u043c\u0438<\/a><\/span> \u043c\u0438 \u0442\u0430\u043a\u043e\u0436 \u0432\u043a\u043b\u044e\u0447\u0430\u0454\u043c\u043e \u043b\u0456\u0444\u0442\u0438, \u0442\u043e\u043c\u0443 \u043a\u0432\u0430\u043b\u0456\u0444\u0456\u043a\u0430\u0446\u0456\u044f \u043d\u0435\u043e\u0431\u0445\u0456\u0434\u043d\u0430 \u0434\u043b\u044f \u0457\u0445 \u0435\u043a\u0441\u043f\u043b\u0443\u0430\u0442\u0430\u0446\u0456\u0457 \u0432\u0456\u0434\u043f\u043e\u0432\u0456\u0434\u043d\u043e \u0434\u043e \u0437\u0430\u043a\u043e\u043d\u0443. \u041d\u0430\u0439\u043f\u043e\u043f\u0443\u043b\u044f\u0440\u043d\u0456\u0448\u0438\u043c\u0438 \u0437 \u043d\u0438\u0445 \u0454 \u0430\u0432\u0442\u043e\u0432\u0438\u0448\u043a\u0438. \u0417\u0430\u0432\u0434\u044f\u043a\u0438 \u0457\u043c \u043c\u043e\u0436\u043d\u0430 \u043b\u0435\u0433\u043a\u043e \u043f\u0456\u0434\u043d\u044f\u0442\u0438 \u043b\u044e\u0434\u0435\u0439, \u043c\u0430\u0442\u0435\u0440\u0456\u0430\u043b\u0438 \u0442\u0430 \u043e\u0431\u043b\u0430\u0434\u043d\u0430\u043d\u043d\u044f \u043d\u0430 \u043f\u0435\u0432\u043d\u0443 \u0432\u0438\u0441\u043e\u0442\u0443 \u0434\u043b\u044f \u0432\u0438\u043a\u043e\u043d\u0430\u043d\u043d\u044f \u0431\u0443\u0434\u0456\u0432\u0435\u043b\u044c\u043d\u0438\u0445, \u043e\u0437\u0434\u043e\u0431\u043b\u044e\u0432\u0430\u043b\u044c\u043d\u0438\u0445, \u043c\u043e\u043d\u0442\u0430\u0436\u043d\u0438\u0445, \u043e\u0437\u0434\u043e\u0431\u043b\u044e\u0432\u0430\u043b\u044c\u043d\u0438\u0445, \u043a\u043b\u0456\u043d\u0456\u043d\u0433\u043e\u0432\u0438\u0445 \u0442\u0430 \u0456\u043d\u0448\u0438\u0445 \u0432\u0438\u0434\u0456\u0432 \u0440\u043e\u0431\u0456\u0442.<\/p>\n<p>\u041f\u0440\u0438\u0441\u0442\u0440\u043e\u0457 \u043c\u043e\u0436\u0443\u0442\u044c \u0431\u0443\u0442\u0438 \u0440\u043e\u0437\u043c\u0456\u0449\u0435\u043d\u0456 \u043d\u0430 \u043a\u043e\u043b\u0435\u0441\u0430\u0445 \u0430\u0431\u043e \u0430\u0432\u0442\u043e\u043c\u043e\u0431\u0456\u043b\u044f\u0445 - \u0442\u043e\u0434\u0456 \u0457\u0445 \u043d\u0430\u0437\u0438\u0432\u0430\u044e\u0442\u044c \u0441\u0430\u043c\u043e\u0445\u0456\u0434\u043d\u0438\u043c\u0438 \u0430\u0431\u043e \u0442\u0438\u0445\u043e\u0445\u0456\u0434\u043d\u0438\u043c\u0438 \u043c\u043e\u0431\u0456\u043b\u044c\u043d\u0438\u043c\u0438 \u043f\u043b\u0430\u0442\u0444\u043e\u0440\u043c\u0430\u043c\u0438. \u0417\u0430 \u0441\u0432\u043e\u0454\u044e \u043a\u043e\u043d\u0441\u0442\u0440\u0443\u043a\u0446\u0456\u0454\u044e \u043f\u0440\u0438\u0441\u0442\u0440\u043e\u0457 \u043f\u043e\u0434\u0456\u043b\u044f\u044e\u0442\u044c\u0441\u044f \u043d\u0430 \u0448\u0430\u0440\u043d\u0456\u0440\u043d\u043e-\u0440\u0443\u043a\u043e\u044f\u0442\u043d\u0456, \u043d\u043e\u0436\u0438\u0447\u043d\u0456 \u0442\u0430 \u0442\u0435\u043b\u0435\u0441\u043a\u043e\u043f\u0456\u0447\u043d\u0456. \u0414\u043b\u044f \u0457\u0445 \u0435\u043a\u0441\u043f\u043b\u0443\u0430\u0442\u0430\u0446\u0456\u0457 \u043d\u0435\u043e\u0431\u0445\u0456\u0434\u043d\u043e \u043e\u0442\u0440\u0438\u043c\u0430\u0442\u0438 \u0423\u0414\u0422 \u0406 \u041f.<br \/>\n<div style=\"width: 640px;\" class=\"wp-video\"><video id=\"video-38-1\" width=\"640\" height=\"360\" poster=\"https:\/\/kursy-udt.pl\/wp-content\/uploads\/2023\/02\/20230127_031102_0000.jpg\" preload=\"metadata\" controls=\"controls\"><source type=\"video\/mp4\" src=\"https:\/\/kursy-udt.pl\/wp-content\/uploads\/2023\/02\/ACCEPTED-operator-podestow-4K-kursy-udt.mp4?_=1\" \/><a href=\"https:\/\/kursy-udt.pl\/wp-content\/uploads\/2023\/02\/ACCEPTED-operator-podestow-4K-kursy-udt.mp4\">https:\/\/kursy-udt.pl\/wp-content\/uploads\/2023\/02\/ACCEPTED-operator-podestow-4K-kursy-udt.mp4<\/a><\/video><\/div>\n<h2><strong>\u041c\u0435\u0442\u0430 \u0442\u0440\u0435\u043d\u0456\u043d\u0433\u0443<\/strong><\/h2>\n<p>\u0422\u0440\u0435\u043d\u0456\u043d\u0433\u0438 \u0440\u043e\u0437\u0440\u0430\u0445\u043e\u0432\u0430\u043d\u0456 \u043d\u0430 \u043e\u0441\u0456\u0431, \u044f\u043a\u0456 \u0434\u043e\u0441\u044f\u0433\u043b\u0438 18 \u0440\u043e\u043a\u0456\u0432, \u043c\u0430\u044e\u0442\u044c \u043d\u0435 \u043d\u0438\u0436\u0447\u0435 \u0431\u0430\u0437\u043e\u0432\u043e\u0457 \u043e\u0441\u0432\u0456\u0442\u0438 \u0442\u0430 \u043c\u0430\u044e\u0442\u044c \u043c\u0435\u0434\u0438\u0447\u043d\u0443 \u0434\u043e\u0432\u0456\u0434\u043a\u0443 \u043f\u0440\u043e \u0432\u0456\u0434\u0441\u0443\u0442\u043d\u0456\u0441\u0442\u044c \u043f\u0440\u043e\u0442\u0438\u043f\u043e\u043a\u0430\u0437\u0430\u043d\u044c \u0434\u043e \u0440\u043e\u0431\u043e\u0442\u0438 \u0430\u043f\u0430\u0440\u0430\u0442\u043d\u0438\u043a\u043e\u043c.<\/p>\n<p>\u041d\u0430\u0448\u0456 \u0442\u0440\u0435\u043d\u0456\u043d\u0433\u0438 \u043d\u0430 \u043b\u0456\u0444\u0442\u0430\u0445 \u0434\u0430\u044e\u0442\u044c \u043d\u0435\u043e\u0431\u0445\u0456\u0434\u043d\u0456 \u0442\u0435\u043e\u0440\u0435\u0442\u0438\u0447\u043d\u0456 \u0442\u0430 \u043f\u0440\u0430\u043a\u0442\u0438\u0447\u043d\u0456 \u0437\u043d\u0430\u043d\u043d\u044f \u0449\u043e\u0434\u043e \u0435\u043a\u0441\u043f\u043b\u0443\u0430\u0442\u0430\u0446\u0456\u0457 \u043f\u0440\u0438\u0441\u0442\u0440\u043e\u0457\u0432 \u0432\u0456\u0434\u043f\u043e\u0432\u0456\u0434\u043d\u043e \u0434\u043e \u043f\u0440\u0430\u0432\u0438\u043b \u043e\u0445\u043e\u0440\u043e\u043d\u0438 \u043f\u0440\u0430\u0446\u0456 \u0442\u0430 \u043f\u0440\u0430\u0432\u0438\u043b \u0442\u0435\u0445\u043d\u0456\u0447\u043d\u043e\u0433\u043e \u043e\u0433\u043b\u044f\u0434\u0443. \u041f\u0456\u0441\u043b\u044f \u0437\u0430\u0432\u0435\u0440\u0448\u0435\u043d\u043d\u044f \u043d\u0430\u0432\u0447\u0430\u043d\u043d\u044f \u0443\u0447\u0430\u0441\u043d\u0438\u043a \u043c\u043e\u0436\u0435 \u0441\u043a\u043b\u0430\u0441\u0442\u0438 \u0456\u0441\u043f\u0438\u0442 UDT, \u043c\u0435\u0442\u043e\u044e \u044f\u043a\u043e\u0433\u043e \u0454 \u043e\u0442\u0440\u0438\u043c\u0430\u043d\u043d\u044f \u0432\u0456\u0434\u043f\u043e\u0432\u0456\u0434\u043d\u043e\u0457 \u043a\u0432\u0430\u043b\u0456\u0444\u0456\u043a\u0430\u0446\u0456\u0457.<\/p>\n<p>\u041c\u0438 \u043f\u0440\u043e\u043f\u043e\u043d\u0443\u0454\u043c\u043e \u043a\u0443\u0440\u0441\u0438 \u043d\u0430 \u043f\u0456\u0434\u0439\u043e\u043c\u043d\u0438\u043a\u0430\u0445 \u0437\u0430 \u0432\u0438\u0433\u0456\u0434\u043d\u0438\u043c\u0438 \u0446\u0456\u043d\u0430\u043c\u0438 \u0442\u0430 \u0437 \u043c\u043e\u0436\u043b\u0438\u0432\u0456\u0441\u0442\u044e \u043e\u0442\u0440\u0438\u043c\u0430\u043d\u043d\u044f \u0437\u043d\u0438\u0436\u043e\u043a \u0434\u043b\u044f \u0432\u0435\u043b\u0438\u043a\u0438\u0445 \u0433\u0440\u0443\u043f. \u0422\u0430\u043a\u043e\u0436 \u043c\u0438 \u043c\u043e\u0436\u0435\u043c\u043e \u043e\u0440\u0433\u0430\u043d\u0456\u0437\u0443\u0432\u0430\u0442\u0438 \u043a\u0443\u0440\u0441 \u0443 \u0431\u0443\u0434\u044c-\u044f\u043a\u043e\u043c\u0443 \u043c\u0456\u0441\u0446\u0456 \u0442\u0430 \u0432 \u0431\u0443\u0434\u044c-\u044f\u043a\u0438\u0439 \u0447\u0430\u0441 \u0432\u0456\u0434\u043f\u043e\u0432\u0456\u0434\u043d\u043e \u0434\u043e \u043f\u043e\u0431\u0430\u0436\u0430\u043d\u044c \u043a\u043b\u0456\u0454\u043d\u0442\u0456\u0432. \u0417\u0430\u0432\u0434\u044f\u043a\u0438 \u0442\u043e\u043c\u0443, \u0449\u043e \u043d\u0430\u0448\u0456 \u0437\u0430\u043d\u044f\u0442\u0442\u044f \u0437\u0430\u0432\u0436\u0434\u0438 \u0440\u0435\u0442\u0435\u043b\u044c\u043d\u043e \u0441\u043f\u043b\u0430\u043d\u043e\u0432\u0430\u043d\u0456 \u0442\u0430 \u0431\u0430\u0433\u0430\u0442\u0456 \u0442\u0435\u043e\u0440\u0456\u0454\u044e \u0442\u0430 \u043f\u0440\u0430\u043a\u0442\u0438\u043a\u043e\u044e, \u043e\u0442\u0440\u0438\u043c\u0430\u0442\u0438 \u043a\u0432\u0430\u043b\u0456\u0444\u0456\u043a\u0430\u0446\u0456\u044e \u043f\u0456\u0441\u043b\u044f \u0457\u0445 \u0437\u0430\u0432\u0435\u0440\u0448\u0435\u043d\u043d\u044f \u0441\u0442\u0430\u0454 \u0449\u0435 \u043b\u0435\u0433\u0448\u0435.<\/p>\n<p>\u0429\u0438\u0440\u043e \u0437\u0430\u043f\u0440\u043e\u0448\u0443\u0454\u043c\u043e \u0412\u0430\u0441 \u0441\u043a\u043e\u0440\u0438\u0441\u0442\u0430\u0442\u0438\u0441\u044f \u043f\u043e\u0441\u043b\u0443\u0433\u0430\u043c\u0438 \u041d\u0430\u0432\u0447\u0430\u043b\u044c\u043d\u043e\u0433\u043e \u0446\u0435\u043d\u0442\u0440\u0443 ERGON Card!<\/p>\n<p><a href=\"https:\/\/kursy-udt.pl\/wp-content\/uploads\/2022\/12\/18-podnosniki-koszowe-kursy-udt.pl_.png\"><img loading=\"lazy\" decoding=\"async\" class=\"aligncenter wp-image-4551\" src=\"https:\/\/kursy-udt.pl\/wp-content\/uploads\/2022\/12\/18-podnosniki-koszowe-kursy-udt.pl_-300x188.png\" alt=\"\" width=\"750\" height=\"469\" srcset=\"https:\/\/kursy-udt.pl\/wp-content\/uploads\/2022\/12\/18-podnosniki-koszowe-kursy-udt.pl_-300x188.png 300w, https:\/\/kursy-udt.pl\/wp-content\/uploads\/2022\/12\/18-podnosniki-koszowe-kursy-udt.pl_-1024x640.png 1024w, https:\/\/kursy-udt.pl\/wp-content\/uploads\/2022\/12\/18-podnosniki-koszowe-kursy-udt.pl_-768x480.png 768w, https:\/\/kursy-udt.pl\/wp-content\/uploads\/2022\/12\/18-podnosniki-koszowe-kursy-udt.pl_-18x12.png 18w, https:\/\/kursy-udt.pl\/wp-content\/uploads\/2022\/12\/18-podnosniki-koszowe-kursy-udt.pl_-624x390.png 624w, https:\/\/kursy-udt.pl\/wp-content\/uploads\/2022\/12\/18-podnosniki-koszowe-kursy-udt.pl_.png 1200w\" sizes=\"auto, (max-width: 750px) 100vw, 750px\" \/><\/a><\/p>\n<\/div>\n<div class=\"button_styl\" style=\"float: right; padding-left: 15px; padding-bottom: 8px; margin-bottom: 5px;\"><a class=\"myButton myButton_maly\" href=\"https:\/\/platformaedukacji.pl\/login\/signup.php\" target=\"_blank\" rel=\"nofollow noopener\"><span style=\"color: white;\">\u0417\u0430\u043f\u0438\u0448\u0456\u0442\u044c\u0441\u044f \u043d\u0430 \u043d\u0430\u0432\u0447\u0430\u043d\u043d\u044f<\/span><\/a><\/div>","protected":false},"excerpt":{"rendered":"<p>O\u015brodek Doskonalenia Kadr ERGON serdecznie zaprasza na szkolenia na podno\u015bniki koszowe i podno\u015bniki no\u017cycowe oraz inne. Celem szkolenia jest uzyskanie niezb\u0119dnych uprawnie\u0144 UDT, bez kt\u00f3rych nie mo\u017cna obs\u0142ugiwa\u0107 urz\u0105dze\u0144. Prace budowlane, monta\u017cowe czy dekoratorskie wymagaj\u0105 stosowania urz\u0105dze\u0144 takich jak podno\u015bniki no\u017cycowe i koszowe \u2013 szkolenia s\u0105 w zwi\u0105zku z tym niezb\u0119dne, \u017ceby realizowa\u0107 wszystkie czynno\u015bci bezpiecznie i zgodnie z przepisami. Z nami uprawnienia b\u0119d\u0105 jeszcze \u0142atwiejsze do zdobycia! W naszym o\u015brodku prowadzimy kursy na podno\u015bniki koszowe i no\u017cycowe od lat. Przeszkolili\u015bmy ju\u017c tysi\u0105ce pracownik\u00f3w, kt\u00f3rzy dzi\u0119ki nam zdali egzaminy UDT bezproblemowo i uzyskali potrzebne uprawnienia. Zatrudniamy tylko wykwalifikowanych wyk\u0142adowc\u00f3w i instruktor\u00f3w, kt\u00f3rzy w szczeg\u00f3\u0142ach znaj\u0105 przepisy i wiedz\u0105, jak dzia\u0142aj\u0105 podno\u015bniki \u2013 kursy realizowane w\u0142a\u015bnie przez nas z tego powodu s\u0105 zawsze pe\u0142ne warto\u015bciowych informacji, kt\u00f3re znajduj\u0105 zastosowanie w p\u00f3\u017aniejszych codziennych pracach. Ka\u017cdy kurs podzielony jest na cz\u0119\u015b\u0107 teoretyczn\u0105 i praktyczn\u0105. Cz\u0119\u015b\u0107 teoretyczna porusza tematyk\u0119 przepis\u00f3w o dozorze technicznym, informacje o d\u017awignicach, w tym o podno\u015bnikach, ich budowie oraz obs\u0142udze, tak\u017ce przekazujemy informacje na temat BHP. W efekcie kompleksowo przygotowujemy do podej\u015bcia do egzaminu UDT zgodnie obowi\u0105zuj\u0105cymi przepisami. Zastosowanie podno\u015bnik\u00f3w Podno\u015bniki to grupa urz\u0105dze\u0144, kt\u00f3re przeznaczone s\u0105 do realizowania prac na wysoko\u015bciach. Zgodnie z klasyfikacj\u0105 do grupy urz\u0105dze\u0144 okre\u015blanych mianem podesty ruchome zaliczamy tak\u017ce podno\u015bniki, uprawnienia s\u0105 zatem niezb\u0119dne do ich obs\u0142ugi zgodnie z przepisami prawa. Najpopularniejsze z nich to podno\u015bniki koszowe. Dzi\u0119ki nim mo\u017cna \u0142atwo wznosi\u0107 na okre\u015blon\u0105 wysoko\u015b\u0107 osoby, materia\u0142y oraz wyposa\u017cenie, by prowadzi\u0107 prace budowlane, wyko\u0144czeniowe, monta\u017cowe, dekoratorskie, prace czy\u015bcicielskie oraz innego typu. Urz\u0105dzenia mog\u0105 by\u0107 umieszczone na ko\u0142ach lub samochodach \u2013 [&hellip;]<\/p>\n","protected":false},"author":1,"featured_media":3586,"parent":0,"menu_order":0,"comment_status":"closed","ping_status":"closed","template":"","meta":{"sfsi_plus_gutenberg_text_before_share":"","sfsi_plus_gutenberg_show_text_before_share":"","sfsi_plus_gutenberg_icon_type":"","sfsi_plus_gutenberg_icon_alignemt":"","sfsi_plus_gutenburg_max_per_row":"","footnotes":""},"class_list":["post-38","page","type-page","status-publish","has-post-thumbnail","hentry","has_thumb"],"aioseo_notices":[],"_links":{"self":[{"href":"https:\/\/kursy-udt.pl\/ua\/wp-json\/wp\/v2\/pages\/38","targetHints":{"allow":["GET"]}}],"collection":[{"href":"https:\/\/kursy-udt.pl\/ua\/wp-json\/wp\/v2\/pages"}],"about":[{"href":"https:\/\/kursy-udt.pl\/ua\/wp-json\/wp\/v2\/types\/page"}],"author":[{"embeddable":true,"href":"https:\/\/kursy-udt.pl\/ua\/wp-json\/wp\/v2\/users\/1"}],"replies":[{"embeddable":true,"href":"https:\/\/kursy-udt.pl\/ua\/wp-json\/wp\/v2\/comments?post=38"}],"version-history":[{"count":24,"href":"https:\/\/kursy-udt.pl\/ua\/wp-json\/wp\/v2\/pages\/38\/revisions"}],"predecessor-version":[{"id":4761,"href":"https:\/\/kursy-udt.pl\/ua\/wp-json\/wp\/v2\/pages\/38\/revisions\/4761"}],"wp:featuredmedia":[{"embeddable":true,"href":"https:\/\/kursy-udt.pl\/ua\/wp-json\/wp\/v2\/media\/3586"}],"wp:attachment":[{"href":"https:\/\/kursy-udt.pl\/ua\/wp-json\/wp\/v2\/media?parent=38"}],"curies":[{"name":"wp","href":"https:\/\/api.w.org\/{rel}","templated":true}]}}