{"id":3656,"date":"2022-03-22T12:27:15","date_gmt":"2022-03-22T12:27:15","guid":{"rendered":"https:\/\/kursy-udt.pl\/?page_id=3656"},"modified":"2023-03-20T10:21:06","modified_gmt":"2023-03-20T09:21:06","slug":"%d0%bc%d0%b5%d1%82%d0%be%d0%b4-%d0%b7%d0%b2%d0%b0%d1%80%d1%8e%d0%b2%d0%b0%d0%bd%d0%bd%d1%8f-%d0%bc%d0%bc%d0%b0","status":"publish","type":"page","link":"https:\/\/kursy-udt.pl\/ua\/publikacje\/spawalnictwo-materialow\/mma-metoda-spawania\/","title":{"rendered":"\u0429\u043e \u0442\u0430\u043a\u0435 \u041c\u041c\u0410, \u043d\u0430\u0439\u043f\u043e\u0448\u0438\u0440\u0435\u043d\u0456\u0448\u0438\u0439 \u0441\u043f\u043e\u0441\u0456\u0431 \u0437\u0432\u0430\u0440\u044e\u0432\u0430\u043d\u043d\u044f"},"content":{"rendered":"<div class=\"wp-block-image\">\n<figure class=\"alignright size-large is-resized\"><img loading=\"lazy\" decoding=\"async\" src=\"https:\/\/kursy-udt.pl\/wp-content\/uploads\/2022\/03\/welding-history-fairlawn-min.jpg\" alt=\"\u0437\u0432\u0430\u0440\u044e\u0432\u0430\u043b\u044c\u043d\u0438\u043a \u0437\u0430 \u0440\u043e\u0431\u043e\u0442\u043e\u044e\" width=\"417\" height=\"289\"\/><\/figure>\n<\/div>\n\n\n<p>\u041c\u041c\u0410 (\u0440\u0443\u0447\u043d\u0435 \u0434\u0443\u0433\u043e\u0432\u0435 \u0437\u0432\u0430\u0440\u044e\u0432\u0430\u043d\u043d\u044f \u043c\u0435\u0442\u0430\u043b\u0456\u0432) - \u0434\u0443\u0436\u0435 \u043f\u043e\u043f\u0443\u043b\u044f\u0440\u043d\u0438\u0439 \u043c\u0435\u0442\u043e\u0434 \u0432\u0438\u043a\u043e\u043d\u0430\u043d\u043d\u044f \u0437\u0432\u0430\u0440\u043d\u0438\u0445 \u0437'\u0454\u0434\u043d\u0430\u043d\u044c. \u0426\u0435 \u0442\u0430\u043a\u043e\u0436 \u043e\u0434\u0438\u043d \u0437 \u043d\u0430\u0439\u043c\u0435\u043d\u0448 \u0441\u043a\u043b\u0430\u0434\u043d\u0438\u0445 \u0456 \u043d\u0430\u0439\u0431\u0456\u043b\u044c\u0448 \u0435\u043a\u043e\u043d\u043e\u043c\u0456\u0447\u043d\u043e \u0435\u0444\u0435\u043a\u0442\u0438\u0432\u043d\u0438\u0445 \u043c\u0435\u0442\u043e\u0434\u0456\u0432 \u0443 \u0441\u0432\u043e\u0454\u043c\u0443 \u0440\u043e\u0434\u0456. \u0417\u0432\u0430\u0440\u044e\u0432\u0430\u043b\u044c\u043d\u0456 \u0440\u043e\u0431\u043e\u0442\u0438 \u0432 \u043f\u043e\u043b\u044c\u043e\u0432\u0438\u0445 \u0443\u043c\u043e\u0432\u0430\u0445 \u0447\u0430\u0441\u0442\u043e \u043f\u0440\u043e\u0432\u043e\u0434\u044f\u0442\u044c\u0441\u044f \u0437\u0430 \u0434\u043e\u043f\u043e\u043c\u043e\u0433\u043e\u044e \u041c\u041c\u0410 \u0437\u0430\u0432\u0434\u044f\u043a\u0438 \u043c\u043e\u0436\u043b\u0438\u0432\u043e\u0441\u0442\u0456 \u0432\u0438\u043a\u043e\u0440\u0438\u0441\u0442\u0430\u043d\u043d\u044f \u043c\u043e\u0431\u0456\u043b\u044c\u043d\u043e\u0433\u043e \u043e\u0431\u043b\u0430\u0434\u043d\u0430\u043d\u043d\u044f. \u0423\u043d\u0456\u0432\u0435\u0440\u0441\u0430\u043b\u044c\u043d\u0456\u0441\u0442\u044c \u041c\u041c\u0410 \u0442\u0430\u043a\u043e\u0436 \u0437\u0443\u043c\u043e\u0432\u043b\u0435\u043d\u0430 \u0442\u0438\u043c, \u0449\u043e \u0439\u043e\u0433\u043e \u0432\u0438\u043a\u043e\u0440\u0438\u0441\u0442\u043e\u0432\u0443\u044e\u0442\u044c \u0434\u043b\u044f \u0437'\u0454\u0434\u043d\u0430\u043d\u043d\u044f, \u043d\u0430\u043f\u0440\u0438\u043a\u043b\u0430\u0434, \u0441\u0442\u0430\u043b\u0456, \u0447\u0430\u0432\u0443\u043d\u0443 \u0456, \u0440\u0456\u0434\u0448\u0435, \u043a\u043e\u043b\u044c\u043e\u0440\u043e\u0432\u0438\u0445 \u043c\u0435\u0442\u0430\u043b\u0456\u0432 \u0442\u0430 \u0457\u0445\u043d\u0456\u0445 \u0441\u043f\u043b\u0430\u0432\u0456\u0432, \u043d\u0430\u043f\u0440\u0438\u043a\u043b\u0430\u0434, \u043c\u0456\u0434\u0456, \u043d\u0456\u043a\u0435\u043b\u044e, \u0430\u043b\u044e\u043c\u0456\u043d\u0456\u044e. \u0429\u043e \u0449\u0435 \u043f\u043e\u0442\u0440\u0456\u0431\u043d\u043e \u0437\u043d\u0430\u0442\u0438 \u043f\u0440\u043e \u0437\u0432\u0430\u0440\u044e\u0432\u0430\u043d\u043d\u044f \u0446\u0438\u043c \u043c\u0435\u0442\u043e\u0434\u043e\u043c?&nbsp;&nbsp;&nbsp;&nbsp;<\/p>\n\n\n\n<h2 class=\"wp-block-heading\">\u041e\u0441\u043d\u043e\u0432\u0438 \u041c\u041c\u0410&nbsp;<\/h2>\n\n\n\n<p>\u0422\u0435\u0445\u043d\u0456\u043a\u0430 \u0437\u0432\u0430\u0440\u044e\u0432\u0430\u043d\u043d\u044f MMA \u0442\u0430\u043a\u043e\u0436 \u0432\u0456\u0434\u043e\u043c\u0430 \u043f\u0456\u0434 \u0456\u043d\u0448\u0438\u043c\u0438 \u043d\u0430\u0437\u0432\u0430\u043c\u0438: \u043c\u0435\u0442\u043e\u0434 111 \u0456 \u0437\u0432\u0430\u0440\u044e\u0432\u0430\u043d\u043d\u044f \u043f\u043e\u043a\u0440\u0438\u0442\u0438\u043c \u0435\u043b\u0435\u043a\u0442\u0440\u043e\u0434\u043e\u043c. \u041e\u0441\u0442\u0430\u043d\u043d\u044f \u043d\u0430\u0437\u0432\u0430 \u0432\u043a\u0430\u0437\u0443\u0454 \u043d\u0430 \u0432\u0438\u043a\u043e\u0440\u0438\u0441\u0442\u0430\u043d\u043d\u044f \u0432 \u043f\u0440\u043e\u0446\u0435\u0441\u0456 \u0437\u0432\u0430\u0440\u044e\u0432\u0430\u043d\u043d\u044f \u0441\u043f\u0435\u0446\u0438\u0444\u0456\u0447\u043d\u043e\u0433\u043e \u0430\u043a\u0441\u0435\u0441\u0443\u0430\u0440\u0430. \u0426\u0435 \u0435\u043b\u0435\u043a\u0442\u0440\u043e\u0434, \u0449\u043e \u0441\u043a\u043b\u0430\u0434\u0430\u0454\u0442\u044c\u0441\u044f \u0437 \u043e\u0441\u0435\u0440\u0434\u044f (\u043c\u0435\u0442\u0430\u043b\u0435\u0432\u043e\u0433\u043e \u0435\u043b\u0435\u043c\u0435\u043d\u0442\u0430) \u0456 \u0441\u043f\u0435\u0446\u0456\u0430\u043b\u044c\u043d\u043e\u0433\u043e \u043f\u043e\u043a\u0440\u0438\u0442\u0442\u044f (\u043f\u043e\u043a\u0440\u0438\u0432\u043d\u043e\u0457 \u043c\u0430\u0441\u0438 \u0440\u0456\u0437\u043d\u043e\u0433\u043e \u0445\u0456\u043c\u0456\u0447\u043d\u043e\u0433\u043e \u0441\u043a\u043b\u0430\u0434\u0443), \u0449\u043e \u0437\u0430\u0445\u0438\u0449\u0430\u0454 \u0439\u043e\u0433\u043e. \u0415\u043b\u0435\u043a\u0442\u0440\u043e\u0434 \u0433\u0435\u043d\u0435\u0440\u0443\u0454 \u0435\u043b\u0435\u043a\u0442\u0440\u0438\u0447\u043d\u0443 \u0434\u0443\u0433\u0443 \u043c\u0456\u0436 \u0441\u043e\u0431\u043e\u044e \u0456 \u043c\u0430\u0442\u0435\u0440\u0456\u0430\u043b\u0430\u043c\u0438, \u0449\u043e \u0437'\u0454\u0434\u043d\u0443\u044e\u0442\u044c\u0441\u044f. \u0423 \u0446\u0435\u0439 \u0447\u0430\u0441 \u043f\u0456\u0434 \u0432\u043f\u043b\u0438\u0432\u043e\u043c \u0442\u0435\u043f\u043b\u043e\u0432\u043e\u0457 \u0435\u043d\u0435\u0440\u0433\u0456\u0457 \u043f\u0440\u0438 \u0434\u0443\u0436\u0435 \u0432\u0438\u0441\u043e\u043a\u0456\u0439 \u0442\u0435\u043c\u043f\u0435\u0440\u0430\u0442\u0443\u0440\u0456 \u0432\u0456\u0434\u0441\u0442\u0430\u0432\u0430\u043d\u043d\u044f \u043f\u043b\u0430\u0432\u0438\u0442\u044c\u0441\u044f, \u0432\u0438\u0434\u0456\u043b\u044f\u044e\u0447\u0438 \u043f\u0430\u0440\u0438 \u0433\u0430\u0437\u0443 \u0456 \u0448\u043b\u0430\u043a. \u0407\u0445 \u0444\u0443\u043d\u043a\u0446\u0456\u044f \u043f\u043e\u043b\u044f\u0433\u0430\u0454, \u0433\u043e\u043b\u043e\u0432\u043d\u0438\u043c \u0447\u0438\u043d\u043e\u043c, \u0443 \u0437\u0430\u0445\u0438\u0441\u0442\u0456 \u0437\u0432\u0430\u0440\u043d\u043e\u0433\u043e \u0437'\u0454\u0434\u043d\u0430\u043d\u043d\u044f \u0432\u0456\u0434 \u0432\u043f\u043b\u0438\u0432\u0443 \u0430\u0442\u043c\u043e\u0441\u0444\u0435\u0440\u0438 \u0456 \u0432\u0456\u0434 \u043c\u0430\u0442\u0435\u0440\u0456\u0430\u043b\u0456\u0432, \u0449\u043e \u0437\u0430\u043d\u0430\u0434\u0442\u043e \u0448\u0432\u0438\u0434\u043a\u043e \u0442\u0432\u0435\u0440\u0434\u043d\u0443\u0442\u044c.&nbsp;&nbsp;&nbsp;<\/p>\n\n\n\n<h2 class=\"wp-block-heading\">MMA \u043f\u0440\u043e\u0442\u0438 TIG, MIG, MAG&nbsp;<\/h2>\n\n\n\n<p>\u041a\u043b\u044e\u0447\u043e\u0432\u0430 \u0432\u0456\u0434\u043c\u0456\u043d\u043d\u0456\u0441\u0442\u044c \u041c\u041c\u0410 \u0432\u0456\u0434 \u043c\u0435\u0442\u043e\u0434\u0456\u0432 TIG, MIG, MAG \u043f\u043e\u043b\u044f\u0433\u0430\u0454 \u0432 \u0434\u043e\u0432\u0436\u0438\u043d\u0456 \u0435\u043b\u0435\u043a\u0442\u0440\u043e\u0434\u0430. \u041f\u0440\u0438 \u041c\u041c\u0410 \u0439\u043e\u0433\u043e \u0434\u043e\u0432\u0436\u0438\u043d\u0430 \u043f\u0456\u0434\u043b\u044f\u0433\u0430\u0454 \u0443\u043a\u043e\u0440\u043e\u0447\u0435\u043d\u043d\u044e, \u0442\u0430\u043a \u0449\u043e \u0435\u043b\u0435\u043a\u0442\u0440\u043e\u0434\u043e\u0442\u0440\u0438\u043c\u0430\u0447 \u0437\u0430\u043b\u0438\u0448\u0430\u0454\u0442\u044c\u0441\u044f \u043d\u0430 \u0437\u043c\u0456\u043d\u043d\u0456\u0439 \u0432\u0456\u0434\u0441\u0442\u0430\u043d\u0456 \u0432\u0456\u0434 \u0437\u0430\u0433\u043e\u0442\u043e\u0432\u043a\u0438. \u0422\u043e\u043c\u0443 \u043f\u043e\u0442\u0440\u0456\u0431\u043d\u043e \u043f\u0440\u0430\u0433\u043d\u0443\u0442\u0438 \u043f\u0456\u0434\u0442\u0440\u0438\u043c\u0443\u0432\u0430\u0442\u0438 \u043f\u043e\u0441\u0442\u0456\u0439\u043d\u0443 \u0432\u0456\u0434\u0441\u0442\u0430\u043d\u044c \u043c\u0456\u0436 \u0437\u0432\u0430\u0440\u044e\u0432\u0430\u043b\u044c\u043d\u043e\u044e \u0432\u0430\u043d\u043d\u043e\u044e (\u0440\u043e\u0437\u043f\u043b\u0430\u0432\u043b\u0435\u043d\u0438\u043c \u0448\u0430\u0440\u043e\u043c \u043c\u0430\u0442\u0435\u0440\u0456\u0430\u043b\u0443) \u0456 \u0441\u0430\u043c\u0438\u043c \u0435\u043b\u0435\u043a\u0442\u0440\u043e\u0434\u043e\u043c. \u0422\u0430\u043a\u0435 \u0432\u043c\u0456\u043d\u043d\u044f \u0432\u0438\u043c\u0430\u0433\u0430\u0454 \u044f\u043a \u0437\u043d\u0430\u043d\u044c, \u0442\u0430\u043a \u0456 \u043f\u0440\u0430\u043a\u0442\u0438\u0447\u043d\u0438\u0445 \u0442\u0440\u0435\u043d\u0443\u0432\u0430\u043d\u044c. \u042f\u043a\u0449\u043e \u0432\u0438 \u0431\u0430\u0436\u0430\u0454\u0442\u0435 \u043e\u0442\u0440\u0438\u043c\u0430\u0442\u0438 \u043f\u043e\u0433\u043b\u0438\u0431\u043b\u0435\u043d\u0456 \u0437\u043d\u0430\u043d\u043d\u044f \u0437 \u0442\u0435\u0445\u043d\u0456\u043a\u0438 \u0437\u0432\u0430\u0440\u044e\u0432\u0430\u043d\u043d\u044f, \u043f\u0440\u0438\u0445\u043e\u0434\u044c\u0442\u0435 \u043d\u0430 \u043d\u0430\u0432\u0447\u0430\u043d\u043d\u044f UDT \u0432 \u043a\u043e\u043c\u043f\u0430\u043d\u0456\u044e ERGON.&nbsp;&nbsp;&nbsp;<\/p>\n\n\n<div class=\"wp-block-image\">\n<figure class=\"alignright size-large is-resized\"><img loading=\"lazy\" decoding=\"async\" src=\"https:\/\/kursy-udt.pl\/wp-content\/uploads\/2022\/03\/817783.jpg\" alt=\"\u0432\u0456\u0434\u0441\u0442\u0430\u044e\u0447\u0438\u0439 \u0435\u043b\u0435\u043a\u0442\u0440\u043e\u0434\" width=\"442\" height=\"249\"\/><\/figure>\n<\/div>\n\n\n<h2 class=\"wp-block-heading\">\u0411\u0435\u0437\u043f\u0435\u043a\u0430 \u0442\u0430 \u0437\u0430\u0445\u0438\u0441\u0442&nbsp;<\/h2>\n\n\n\n<p>\u0411\u0435\u0437\u043f\u0435\u043a\u0430 \u0432\u0438\u043a\u043e\u043d\u0430\u043d\u043d\u044f \u0437\u0432\u0430\u0440\u044e\u0432\u0430\u043b\u044c\u043d\u0438\u0445 \u0440\u043e\u0431\u0456\u0442 \u0491\u0440\u0443\u043d\u0442\u0443\u0454\u0442\u044c\u0441\u044f \u043d\u0430 \u0437\u0430\u043f\u043e\u0431\u0456\u0433\u0430\u043d\u043d\u0456 \u043e\u043f\u0456\u043a\u0456\u0432 \u043e\u0447\u0435\u0439, \u0448\u043a\u0456\u0440\u0438 \u0442\u0430 \u0432\u043e\u043b\u043e\u0441\u0441\u044f, \u043e\u0442\u0440\u0443\u0454\u043d\u043d\u044f \u0434\u0438\u043c\u043e\u043c, \u0430 \u0442\u0430\u043a\u043e\u0436 \u043d\u0430 \u0437\u0430\u043f\u043e\u0431\u0456\u0433\u0430\u043d\u043d\u0456 \u0432\u0438\u043d\u0438\u043a\u043d\u0435\u043d\u043d\u044e \u043f\u043e\u0436\u0435\u0436\u0456. \u0421\u043b\u0456\u0434 \u043f\u0430\u043c'\u044f\u0442\u0430\u0442\u0438, \u0449\u043e \u0435\u043b\u0435\u043a\u0442\u0440\u043e\u0434\u043d\u0430 \u0434\u0443\u0433\u0430 \u043d\u0435 \u0435\u043a\u0440\u0430\u043d\u043e\u0432\u0430\u043d\u0430, \u0442\u043e\u043c\u0443 \u043d\u0435\u043e\u0431\u0445\u0456\u0434\u043d\u043e \u0432\u0436\u0438\u0432\u0430\u0442\u0438 \u0442\u0430\u043a\u0438\u0445 \u0437\u0430\u0445\u043e\u0434\u0456\u0432 \u0431\u0435\u0437\u043f\u0435\u043a\u0438, \u044f\u043a \u0432\u0438\u043a\u043e\u0440\u0438\u0441\u0442\u0430\u043d\u043d\u044f \u0441\u043f\u0435\u0446\u0456\u0430\u043b\u044c\u043d\u0438\u0445 \u043a\u043e\u0437\u0438\u0440\u043a\u0456\u0432, \u0437\u0430\u0445\u0438\u0441\u043d\u0438\u0445 \u0449\u0438\u0442\u043a\u0456\u0432 \u0456 \u0441\u043f\u0435\u0446\u0456\u0430\u043b\u044c\u043d\u0438\u0445 \u0440\u0443\u043a\u0430\u0432\u0438\u0447\u043e\u043a. \u0414\u043b\u044f \u0437\u0430\u0445\u0438\u0441\u0442\u0443 \u043d\u0430\u0432\u043a\u043e\u043b\u0438\u0448\u043d\u044c\u043e\u0433\u043e \u0441\u0435\u0440\u0435\u0434\u043e\u0432\u0438\u0449\u0430 \u043c\u043e\u0436\u043d\u0430 \u0432\u0438\u043a\u043e\u0440\u0438\u0441\u0442\u043e\u0432\u0443\u0432\u0430\u0442\u0438 \u0437\u0430\u0445\u0438\u0441\u043d\u0456 \u0435\u043a\u0440\u0430\u043d\u0438 \u0442\u0430 \u0437\u0430\u0441\u0442\u043e\u0441\u043e\u0432\u0443\u0432\u0430\u0442\u0438 \u0440\u0456\u0448\u0435\u043d\u043d\u044f \u0434\u043b\u044f \u043a\u043e\u043d\u0442\u0440\u043e\u043b\u044e \u0432\u0435\u043d\u0442\u0438\u043b\u044f\u0446\u0456\u0457 \u043f\u043e\u0432\u0456\u0442\u0440\u044f.&nbsp;&nbsp;&nbsp;<\/p>\n\n\n\n<h2 class=\"wp-block-heading\">\u042f\u043a \u043c\u043e\u0436\u043d\u0430 \u043e\u0442\u0440\u0438\u043c\u0430\u0442\u0438 \u043d\u0430\u0432\u0438\u0447\u043a\u0438 \u0442\u0430 \u043a\u0432\u0430\u043b\u0456\u0444\u0456\u043a\u0430\u0446\u0456\u044e \u0437\u0432\u0430\u0440\u044e\u0432\u0430\u043b\u044c\u043d\u0438\u043a\u0430?&nbsp;<\/h2>\n\n\n\n<p>ERGON - \u0446\u0435 \u043f\u0440\u043e\u0444\u0435\u0441\u0456\u0439\u043d\u0438\u0439 \u043d\u0430\u0432\u0447\u0430\u043b\u044c\u043d\u0438\u0439 \u0446\u0435\u043d\u0442\u0440, \u044f\u043a\u0438\u0439 \u0431\u0435\u0437\u043f\u0435\u0440\u0435\u0440\u0432\u043d\u043e \u043f\u0440\u0430\u0446\u044e\u0454 \u043d\u0430 \u0440\u0438\u043d\u043a\u0443 \u0432\u0436\u0435 \u043a\u0456\u043b\u044c\u043a\u0430 \u0440\u043e\u043a\u0456\u0432. \u0417\u0430 \u0446\u0435\u0439 \u0447\u0430\u0441 \u043c\u0438 \u0432\u0438\u043f\u0440\u0430\u0432\u0434\u0430\u043b\u0438 \u043e\u0447\u0456\u043a\u0443\u0432\u0430\u043d\u043d\u044f \u0431\u0430\u0433\u0430\u0442\u044c\u043e\u0445 \u0441\u043b\u0443\u0445\u0430\u0447\u0456\u0432, \u044f\u043a\u0456 \u043f\u0456\u0441\u043b\u044f \u0437\u0430\u0432\u0435\u0440\u0448\u0435\u043d\u043d\u044f \u043d\u0430\u0432\u0447\u0430\u043d\u043d\u044f \u0442\u0430 \u0441\u0435\u0440\u0442\u0438\u0444\u0456\u043a\u0430\u0446\u0456\u0457 \u043e\u0442\u0440\u0438\u043c\u0430\u043b\u0438 \u0491\u0440\u0443\u043d\u0442\u043e\u0432\u043d\u0456 \u0437\u043d\u0430\u043d\u043d\u044f \u0442\u0430 \u043d\u0430\u0432\u0438\u0447\u043a\u0438, \u0430 \u0442\u0430\u043a\u043e\u0436 \u043d\u0430\u0431\u0443\u043b\u0438 <a href=\"https:\/\/kursy-udt.pl\/ua\/uprawnienia-udt\/kategorie-uprawnien-2\/\">\u043f\u0440\u0430\u0432\u0430<\/a> \u043d\u0435\u043e\u0431\u0445\u0456\u0434\u043d\u0438\u0445 \u0434\u043b\u044f \u0457\u0445\u043d\u044c\u043e\u0457 \u0440\u043e\u0431\u043e\u0442\u0438. \u041c\u0438 \u043f\u0440\u043e\u043f\u043e\u043d\u0443\u0454\u043c\u043e \u043a\u0443\u0440\u0441\u0438 \u0442\u0430 \u0442\u0440\u0435\u043d\u0456\u043d\u0433\u0438 UDT, \u043d\u0430 \u044f\u043a\u0438\u0445 \u043c\u0438 \u043d\u0430\u0432\u0447\u0438\u043c\u043e \u0432\u0430\u0441 \u0430\u0431\u043e \u0432\u0430\u0448\u0438\u0445 \u0441\u043f\u0456\u0432\u0440\u043e\u0431\u0456\u0442\u043d\u0438\u043a\u0456\u0432 \u0446\u0456\u0439 \u043f\u0440\u043e\u0444\u0435\u0441\u0456\u0457. \u0411\u0443\u0434\u0435\u043c\u043e \u0440\u0430\u0434\u0456 \u0432\u0456\u0442\u0430\u0442\u0438 \u0432\u0430\u0441 \u043d\u0430 \u043d\u0430\u0432\u0447\u0430\u043b\u044c\u043d\u043e\u043c\u0443 \u043a\u0443\u0440\u0441\u0456. \u042f\u043a\u0449\u043e \u0443 \u0432\u0430\u0441 \u0432\u0438\u043d\u0438\u043a\u043d\u0443\u0442\u044c \u0437\u0430\u043f\u0438\u0442\u0430\u043d\u043d\u044f \u0430\u0431\u043e \u043f\u0440\u043e\u0431\u043b\u0435\u043c\u0438, \u043d\u0430\u0448\u0456 \u043a\u043e\u043d\u0441\u0443\u043b\u044c\u0442\u0430\u043d\u0442\u0438 \u0437\u0430\u0432\u0436\u0434\u0438 \u0434\u043e \u0432\u0430\u0448\u0438\u0445 \u043f\u043e\u0441\u043b\u0443\u0433.&nbsp;&nbsp;&nbsp;<\/p>\n\n\n\n<figure class=\"wp-block-image size-large is-resized\"><img loading=\"lazy\" decoding=\"async\" src=\"https:\/\/kursy-udt.pl\/wp-content\/uploads\/2022\/03\/stick_welding.jpg\" alt=\"\u0437\u0432\u0430\u0440\u044e\u0432\u0430\u043b\u044c\u043d\u0430 \u0441\u0442\u0430\u043d\u0446\u0456\u044f\" width=\"837\" height=\"628\"\/><\/figure>","protected":false},"excerpt":{"rendered":"<p>Spawanie MMA (ang. manual metal arc welding) jest bardzo popularn\u0105 metod\u0105 wykonywania po\u0142\u0105cze\u0144 spawanych. Jest tak\u017ce jedn\u0105 z najmniej skomplikowanych, a jednocze\u015bnie najbardziej ekonomicznych metod tego rodzaju. Czynno\u015bci spawania w terenie cz\u0119sto wykonuje si\u0119 technik\u0105 MMA, dzi\u0119ki mo\u017cliwo\u015bci wykorzystania mobilnego sprz\u0119tu. Uniwersalno\u015b\u0107 MMA wynika tak\u017ce z jej zastosowania do \u0142\u0105czenia np. stali, \u017celiwa, a rzadziej tak\u017ce metali nie\u017celaznych i ich stop\u00f3w np. miedzi, niklu, aluminium. Co jeszcze nale\u017cy wiedzie\u0107 o spawaniu t\u0105 metod\u0105?&nbsp;&nbsp;&nbsp;&nbsp; Podstawy MMA&nbsp; Technika spawania MMA znana jest tak\u017ce pod innymi nazwami: metoda 111 oraz spawanie elektrod\u0105 otulon\u0105. Ostatnia z tych nazw jest nawi\u0105zaniem do zastosowania konkretnego akcesorium w procesie zespalania materia\u0142\u00f3w. Jest nim elektroda zbudowana z rdzenia (element metaliczny) i os\u0142aniaj\u0105cej go specjalnej otuliny (masa okrywaj\u0105ca o r\u00f3\u017cnym sk\u0142adzie chemicznym). Elektroda wytwarza \u0142uk elektryczny pomi\u0119dzy ni\u0105 a materia\u0142ami, kt\u00f3re maj\u0105 zosta\u0107 po\u0142\u0105czone. W tym czasie, pod wp\u0142ywem energii cieplnej o bardzo wysokiej temperaturze, otulina topi si\u0119, uwalniaj\u0105c opary gazu oraz \u017cu\u017cel. Ich zadaniem jest g\u0142\u00f3wnie ochrona po\u0142\u0105czenia spawanego przed wp\u0142ywem atmosfery i zbyt szybkim zakrzepni\u0119ciem materia\u0142\u00f3w.&nbsp;&nbsp;&nbsp; MMA a TIG, MIG, MAG&nbsp; Kluczow\u0105 r\u00f3\u017cnic\u0105 pomi\u0119dzy MMA a metodami TIG, MIG, MAG jest d\u0142ugo\u015b\u0107 elektrody. W wypadku MMA, jej d\u0142ugo\u015b\u0107 podlega skracaniu, tak wi\u0119c uchwyt elektrody pozostaje w zmiennej odleg\u0142o\u015bci od przedmiotu spawania. W zwi\u0105zku z tym, nale\u017cy d\u0105\u017cy\u0107 do utrzymania sta\u0142ej odleg\u0142o\u015bci mi\u0119dzy jeziorkiem spawalniczym (stopiona warstwa materia\u0142u) a sam\u0105 elektrod\u0105. Taka umiej\u0119tno\u015b\u0107 wymaga zar\u00f3wno znajomo\u015bci rzeczy, jak i praktycznego treningu. Je\u015bli chcia\u0142by\u015b uzyska\u0107 zaawansowan\u0105 wiedz\u0119 o technikach spawalniczych, zapraszamy na nasze szkolenie UDT w ERGON.&nbsp;&nbsp;&nbsp; Bezpiecze\u0144stwo i ochrona&nbsp; Bezpiecze\u0144stwo wykonania prac spawalniczych [&hellip;]<\/p>\n","protected":false},"author":6,"featured_media":3647,"parent":2737,"menu_order":0,"comment_status":"closed","ping_status":"closed","template":"","meta":{"sfsi_plus_gutenberg_text_before_share":"","sfsi_plus_gutenberg_show_text_before_share":"","sfsi_plus_gutenberg_icon_type":"","sfsi_plus_gutenberg_icon_alignemt":"","sfsi_plus_gutenburg_max_per_row":"","footnotes":""},"class_list":["post-3656","page","type-page","status-publish","has-post-thumbnail","hentry","has_thumb"],"aioseo_notices":[],"_links":{"self":[{"href":"https:\/\/kursy-udt.pl\/ua\/wp-json\/wp\/v2\/pages\/3656","targetHints":{"allow":["GET"]}}],"collection":[{"href":"https:\/\/kursy-udt.pl\/ua\/wp-json\/wp\/v2\/pages"}],"about":[{"href":"https:\/\/kursy-udt.pl\/ua\/wp-json\/wp\/v2\/types\/page"}],"author":[{"embeddable":true,"href":"https:\/\/kursy-udt.pl\/ua\/wp-json\/wp\/v2\/users\/6"}],"replies":[{"embeddable":true,"href":"https:\/\/kursy-udt.pl\/ua\/wp-json\/wp\/v2\/comments?post=3656"}],"version-history":[{"count":7,"href":"https:\/\/kursy-udt.pl\/ua\/wp-json\/wp\/v2\/pages\/3656\/revisions"}],"predecessor-version":[{"id":5508,"href":"https:\/\/kursy-udt.pl\/ua\/wp-json\/wp\/v2\/pages\/3656\/revisions\/5508"}],"up":[{"embeddable":true,"href":"https:\/\/kursy-udt.pl\/ua\/wp-json\/wp\/v2\/pages\/2737"}],"wp:featuredmedia":[{"embeddable":true,"href":"https:\/\/kursy-udt.pl\/ua\/wp-json\/wp\/v2\/media\/3647"}],"wp:attachment":[{"href":"https:\/\/kursy-udt.pl\/ua\/wp-json\/wp\/v2\/media?parent=3656"}],"curies":[{"name":"wp","href":"https:\/\/api.w.org\/{rel}","templated":true}]}}