{"id":3536,"date":"2021-09-03T13:20:43","date_gmt":"2021-09-03T13:20:43","guid":{"rendered":"https:\/\/kursy-udt.pl\/?page_id=3536"},"modified":"2025-03-12T09:36:17","modified_gmt":"2025-03-12T08:36:17","slug":"%d0%b2%d0%b0%d0%bd%d1%82%d0%b0%d0%b6%d0%bd%d0%be-%d0%bf%d0%b5%d1%80%d0%b5%d1%81%d1%83%d0%b2%d0%bd%d0%b8%d0%b9-%d0%b7%d0%b0%d0%bb%d1%96%d0%b7%d0%bd%d0%b8%d1%87%d0%bd%d0%b8%d0%b9","status":"publish","type":"page","link":"https:\/\/kursy-udt.pl\/ua\/szkolenia\/udt-wdt-tdt\/obsluga-ruchomych-kolejowe\/","title":{"rendered":"\u041a\u0443\u0440\u0441 \u0432\u0438\u043a\u043e\u0440\u0438\u0441\u0442\u0430\u043d\u043d\u044f \u043c\u043e\u0431\u0456\u043b\u044c\u043d\u0438\u0445 \u043f\u043b\u0430\u0442\u0444\u043e\u0440\u043c \u043d\u0430 \u0437\u0430\u043b\u0456\u0437\u043d\u0438\u0447\u043d\u043e\u043c\u0443 \u0442\u0440\u0430\u043d\u0441\u043f\u043e\u0440\u0442\u0456"},"content":{"rendered":"<p><a href=\"https:\/\/kursy-udt.pl\/wp-content\/uploads\/2021\/09\/kursy-udt.pl-0025-OPUBLIKOWANE-v15-Copy.jpg\"><img loading=\"lazy\" decoding=\"async\" class=\"paddingleft10 alignleft wp-image-3541 size-medium\" src=\"https:\/\/kursy-udt.pl\/wp-content\/uploads\/2021\/09\/kursy-udt.pl-0025-OPUBLIKOWANE-v15-Copy-300x225.jpg\" alt=\"\u041e\u043f\u0435\u0440\u0430\u0442\u043e\u0440 \u043c\u043e\u0431\u0456\u043b\u044c\u043d\u0438\u0445 \u043f\u043b\u0430\u0442\u0444\u043e\u0440\u043c \u043d\u0430 \u0437\u0430\u043b\u0456\u0437\u043d\u0438\u0447\u043d\u043e\u043c\u0443 \u0442\u0440\u0430\u043d\u0441\u043f\u043e\u0440\u0442\u0456 \u043f\u0440\u0430\u0446\u044e\u0454 \u0437 \u0440\u0435\u043c\u043e\u043d\u0442\u0443 \u0442\u0430 \u043e\u0431\u0441\u043b\u0443\u0433\u043e\u0432\u0443\u0432\u0430\u043d\u043d\u044f \u0437\u0430\u043b\u0456\u0437\u043d\u0438\u0447\u043d\u043e\u0457 \u0456\u043d\u0444\u0440\u0430\u0441\u0442\u0440\u0443\u043a\u0442\u0443\u0440\u0438 \" width=\"300\" height=\"225\" srcset=\"https:\/\/kursy-udt.pl\/wp-content\/uploads\/2021\/09\/kursy-udt.pl-0025-OPUBLIKOWANE-v15-Copy-300x225.jpg 300w, https:\/\/kursy-udt.pl\/wp-content\/uploads\/2021\/09\/kursy-udt.pl-0025-OPUBLIKOWANE-v15-Copy-1024x768.jpg 1024w, https:\/\/kursy-udt.pl\/wp-content\/uploads\/2021\/09\/kursy-udt.pl-0025-OPUBLIKOWANE-v15-Copy-768x576.jpg 768w, https:\/\/kursy-udt.pl\/wp-content\/uploads\/2021\/09\/kursy-udt.pl-0025-OPUBLIKOWANE-v15-Copy-640x480.jpg 640w, https:\/\/kursy-udt.pl\/wp-content\/uploads\/2021\/09\/kursy-udt.pl-0025-OPUBLIKOWANE-v15-Copy-624x468.jpg 624w, https:\/\/kursy-udt.pl\/wp-content\/uploads\/2021\/09\/kursy-udt.pl-0025-OPUBLIKOWANE-v15-Copy.jpg 1200w\" sizes=\"auto, (max-width: 300px) 100vw, 300px\" \/><\/a><a href=\"https:\/\/kursy-udt.pl\/ua\/szkolenia\/udt-wdt-tdt\/ruchome-na-kolejowych-konserwacja\/\">\u041f\u0435\u0440\u0435\u0441\u0443\u0432\u043d\u0456 \u043f\u043b\u0430\u0442\u0444\u043e\u0440\u043c\u0438 \u043d\u0430 \u0437\u0430\u043b\u0456\u0437\u043d\u0438\u0447\u043d\u043e\u043c\u0443 \u0442\u0440\u0430\u043d\u0441\u043f\u043e\u0440\u0442\u0456<\/a> \u043a\u043b\u0430\u0441\u0438\u0444\u0456\u043a\u0443\u044e\u0442\u044c\u0441\u044f \u044f\u043a \u0442\u0440\u0430\u043d\u0441\u043f\u043e\u0440\u0442\u043d\u043e-\u0440\u043e\u0437\u0432\u0430\u043d\u0442\u0430\u0436\u0443\u0432\u0430\u043b\u044c\u043d\u0435 \u043e\u0431\u043b\u0430\u0434\u043d\u0430\u043d\u043d\u044f \u043f\u0456\u0434 \u0442\u0435\u0445\u043d\u0456\u0447\u043d\u0438\u043c \u043d\u0430\u0433\u043b\u044f\u0434\u043e\u043c. \u0414\u043b\u044f \u0457\u0445 \u0435\u043a\u0441\u043f\u043b\u0443\u0430\u0442\u0430\u0446\u0456\u0457 \u043d\u0435\u043e\u0431\u0445\u0456\u0434\u043d\u0456 \u0434\u043e\u0437\u0432\u043e\u043b\u0438 \u0442\u0440\u0430\u043d\u0441\u043f\u043e\u0440\u0442\u043d\u043e-\u0442\u0435\u0445\u043d\u0456\u0447\u043d\u043e\u0457 \u0441\u043b\u0443\u0436\u0431\u0438. \u041a\u0443\u0440\u0441, \u044f\u043a\u0438\u0439 \u043c\u0438 \u043f\u0440\u043e\u043f\u043e\u043d\u0443\u0454\u043c\u043e, \u0434\u043e\u0437\u0432\u043e\u043b\u044f\u0454 \u0432\u0430\u043c \u043e\u0442\u0440\u0438\u043c\u0430\u0442\u0438 \u0446\u0456 \u043a\u0432\u0430\u043b\u0456\u0444\u0456\u043a\u0430\u0446\u0456\u0457. \u041a\u0443\u0440\u0441 \u0432\u043a\u043b\u044e\u0447\u0430\u0454 \u0432 \u0441\u0435\u0431\u0435 \u0456\u0441\u043f\u0438\u0442, \u044f\u043a\u0438\u0439 \u043f\u0440\u043e\u0432\u043e\u0434\u0438\u0442\u044c TDT, \u0430 \u043e\u0431\u0441\u044f\u0433 \u043f\u0438\u0442\u0430\u043d\u044c, \u0449\u043e \u0440\u043e\u0437\u0433\u043b\u044f\u0434\u0430\u044e\u0442\u044c\u0441\u044f \u043f\u0456\u0434 \u0447\u0430\u0441 \u043a\u0443\u0440\u0441\u0443, \u0432\u0456\u0434\u043f\u043e\u0432\u0456\u0434\u0430\u0454 \u0442\u043e\u043c\u0443, \u0449\u043e \u0432\u0438\u043c\u0430\u0433\u0430\u0454\u0442\u044c\u0441\u044f \u043f\u0456\u0434 \u0447\u0430\u0441 \u0456\u0441\u043f\u0438\u0442\u0443.<\/p>\n<p>\u0417\u0430\u043f\u0440\u043e\u0448\u0443\u0454\u043c\u043e \u043d\u0430 \u0437\u0430\u043d\u044f\u0442\u0442\u044f \u044f\u043a \u0441\u043f\u0435\u0446\u0456\u0430\u043b\u0456\u0441\u0442\u0456\u0432, \u044f\u043a\u0456 \u0432\u0436\u0435 \u043f\u0440\u0430\u0446\u044e\u044e\u0442\u044c \u0437\u0430 \u043f\u0440\u043e\u0444\u0435\u0441\u0456\u0454\u044e \u043e\u043f\u0435\u0440\u0430\u0442\u043e\u0440\u0430 \u043d\u0430\u0432\u0430\u043d\u0442\u0430\u0436\u0443\u0432\u0430\u043b\u044c\u043d\u043e-\u0440\u043e\u0437\u0432\u0430\u043d\u0442\u0430\u0436\u0443\u0432\u0430\u043b\u044c\u043d\u043e\u0433\u043e \u043e\u0431\u043b\u0430\u0434\u043d\u0430\u043d\u043d\u044f, \u0432\u043e\u043b\u043e\u0434\u0456\u044e\u0442\u044c <a href=\"https:\/\/kursy-udt.pl\/ua\/uprawnienia-udt\/kategorie-uprawnien-2\/\">\u043f\u0440\u0430\u0432\u0430<\/a> \u043d\u0430 \u0456\u043d\u0448\u0438\u0445 \u0442\u0438\u043f\u0430\u0445 \u043c\u0430\u0439\u0434\u0430\u043d\u0447\u0438\u043a\u0456\u0432, \u0430 \u0442\u0430\u043a\u043e\u0436 \u043b\u044e\u0434\u044f\u043c \u0431\u0435\u0437 \u0434\u043e\u0441\u0432\u0456\u0434\u0443 \u0440\u043e\u0431\u043e\u0442\u0438.<\/p>\n<h2>\u041a\u0443\u0440\u0441 \u0434\u043b\u044f \u0437\u0430\u043b\u0456\u0437\u043d\u0438\u0447\u043d\u0438\u0445 \u043f\u0435\u0440\u0435\u0441\u0443\u0432\u043d\u0438\u0445 \u043f\u043b\u0430\u0442\u0444\u043e\u0440\u043c - \u043e\u0431\u0441\u043b\u0443\u0433\u043e\u0432\u0443\u0432\u0430\u043d\u043d\u044f<\/h2>\n<div style=\"width: 640px;\" class=\"wp-video\"><video id=\"video-3536-1\" width=\"640\" height=\"360\" poster=\"https:\/\/kursy-udt.pl\/wp-content\/uploads\/2023\/02\/20230127_031102_0000.jpg\" preload=\"metadata\" controls=\"controls\"><source type=\"video\/mp4\" src=\"https:\/\/kursy-udt.pl\/wp-content\/uploads\/2023\/02\/ACCEPTED-operator-podestow-4K-kursy-udt.mp4?_=1\" \/><a href=\"https:\/\/kursy-udt.pl\/wp-content\/uploads\/2023\/02\/ACCEPTED-operator-podestow-4K-kursy-udt.mp4\">https:\/\/kursy-udt.pl\/wp-content\/uploads\/2023\/02\/ACCEPTED-operator-podestow-4K-kursy-udt.mp4<\/a><\/video><\/div>\n<p><strong>\u041f\u0440\u043e\u0433\u0440\u0430\u043c\u0430 \u043a\u0443\u0440\u0441\u0443 \u043e\u0445\u043e\u043f\u043b\u044e\u0454 \u0442\u0430\u043a\u0456 \u0442\u0435\u043c\u0438:<\/strong><\/p>\n<ul>\n<li>\u0411\u0443\u0434\u043e\u0432\u0430 \u043f\u0435\u0440\u0435\u0441\u0443\u0432\u043d\u0438\u0445 \u043f\u043b\u0430\u0442\u0444\u043e\u0440\u043c \u043d\u0430 \u0437\u0430\u043b\u0456\u0437\u043d\u0438\u0447\u043d\u043e\u043c\u0443 \u0442\u0440\u0430\u043d\u0441\u043f\u043e\u0440\u0442\u0456, \u0457\u0445 \u0432\u0438\u0434\u0438 \u0442\u0430 \u043f\u0440\u0438\u0437\u043d\u0430\u0447\u0435\u043d\u043d\u044f<\/li>\n<li>\u041f\u0440\u0438\u043d\u0446\u0438\u043f\u0438 <a href=\"https:\/\/kursy-udt.pl\/ua\/szkolenia\/bhp-bezpieczenstwo-pracy\/prawna-ochrona-pracy\/\">\u0417\u0434\u043e\u0440\u043e\u0432&#039;\u044f \u0456 \u0431\u0435\u0437\u043f\u0435\u043a\u0430<\/a> \u0449\u043e \u0437\u0430\u0441\u0442\u043e\u0441\u043e\u0432\u0443\u044e\u0442\u044c\u0441\u044f \u0434\u043e \u0435\u043a\u0441\u043f\u043b\u0443\u0430\u0442\u0430\u0446\u0456\u0457 \u0434\u0430\u043d\u043e\u0433\u043e \u0442\u0438\u043f\u0443 \u043e\u0431\u043b\u0430\u0434\u043d\u0430\u043d\u043d\u044f<\/li>\n<li>\u0421\u0442\u0456\u0439\u043a\u0456\u0441\u0442\u044c \u043f\u043b\u0430\u0442\u0444\u043e\u0440\u043c<\/li>\n<li>\u0410\u043a\u0442\u0438\u0432\u043d\u0456\u0441\u0442\u044c \u0434\u043e \u0440\u043e\u0431\u043e\u0442\u0438 \u0442\u0430 \u043f\u0456\u0441\u043b\u044f \u043d\u0435\u0457<\/li>\n<li>\u0415\u043b\u0435\u043a\u0442\u0440\u0438\u0447\u043d\u0438\u0439, \u043c\u0435\u0445\u0430\u043d\u0456\u0447\u043d\u0438\u0439 \u0456 \u0433\u0456\u0434\u0440\u0430\u0432\u043b\u0456\u0447\u043d\u0438\u0439 \u0437\u0430\u0445\u0438\u0441\u0442<\/li>\n<li>\u041e\u0431\u043e\u0432&#039;\u044f\u0437\u043a\u0438 \u043e\u043f\u0435\u0440\u0430\u0442\u043e\u0440\u0430 \u0437\u0430\u043b\u0456\u0437\u043d\u0438\u0447\u043d\u0438\u0445 \u043f\u043b\u0430\u0442\u0444\u043e\u0440\u043c \u0449\u043e\u0434\u043e \u0431\u0435\u0437\u043f\u0435\u043a\u0438<\/li>\n<li>\u041e\u0437\u043d\u0430\u0439\u043e\u043c\u043b\u0435\u043d\u043d\u044f \u0437 \u0456\u043d\u0441\u0442\u0440\u0443\u043a\u0446\u0456\u0454\u044e \u0437 \u0435\u043a\u0441\u043f\u043b\u0443\u0430\u0442\u0430\u0446\u0456\u0457 \u0442\u0430 \u0442\u0435\u0445\u043d\u0456\u0447\u043d\u043e\u044e \u0434\u043e\u043a\u0443\u043c\u0435\u043d\u0442\u0430\u0446\u0456\u0454\u044e<\/li>\n<li>\u041f\u043e\u043b\u043e\u0436\u0435\u043d\u043d\u044f \u0430\u043a\u0442\u0430 \u043f\u0440\u043e \u0442\u0435\u0445\u043d\u0456\u0447\u043d\u0438\u0439 \u043e\u0433\u043b\u044f\u0434<\/li>\n<\/ul>\n<p>\u0422\u0435\u043e\u0440\u0435\u0442\u0438\u0447\u043d\u0430 \u0447\u0430\u0441\u0442\u0438\u043d\u0430 \u0434\u043e\u043f\u043e\u0432\u043d\u044e\u0454\u0442\u044c\u0441\u044f \u043f\u0440\u0430\u043a\u0442\u0438\u0447\u043d\u0438\u043c\u0438 \u0437\u0430\u043d\u044f\u0442\u0442\u044f\u043c\u0438, \u043f\u0456\u0434 \u0447\u0430\u0441 \u044f\u043a\u0438\u0445 \u0443\u0447\u0430\u0441\u043d\u0438\u043a\u0438 \u0432\u0447\u0430\u0442\u044c\u0441\u044f \u0432\u0438\u043a\u043e\u0440\u0438\u0441\u0442\u043e\u0432\u0443\u0432\u0430\u0442\u0438 \u043f\u043b\u0430\u0442\u0444\u043e\u0440\u043c\u0438 \u0432 \u043d\u0435\u043e\u0431\u0445\u0456\u0434\u043d\u043e\u043c\u0443 \u0434\u043b\u044f \u0456\u0441\u043f\u0438\u0442\u0443 \u043e\u0431\u0441\u044f\u0437\u0456.<\/p>\n<p>\u0422\u0440\u0438\u0432\u0430\u043b\u0456\u0441\u0442\u044c \u0437\u0430\u043d\u044f\u0442\u044c \u0441\u0442\u0430\u043d\u043e\u0432\u0438\u0442\u044c \u0432\u0456\u0434 10 \u0434\u043e 35 \u0433\u043e\u0434\u0438\u043d, \u0432\u043e\u043d\u0430 \u043c\u043e\u0436\u0435 \u0431\u0443\u0442\u0438 \u0441\u043a\u043e\u0440\u043e\u0447\u0435\u043d\u0430 \u0434\u043b\u044f \u043b\u044e\u0434\u0435\u0439, \u044f\u043a\u0456 \u0432\u0436\u0435 \u043f\u0440\u0430\u0446\u044e\u0432\u0430\u043b\u0438 \u0437 \u0434\u0430\u043d\u0438\u043c \u0442\u0438\u043f\u043e\u043c \u043f\u043b\u0430\u0442\u0444\u043e\u0440\u043c \u0456 \u043f\u043e\u0442\u0440\u0435\u0431\u0443\u044e\u0442\u044c \u043c\u0435\u043d\u0448\u0435 \u0447\u0430\u0441\u0443 \u0434\u043b\u044f \u0447\u0438\u0442\u0430\u043d\u043d\u044f \u043c\u0430\u0442\u0435\u0440\u0456\u0430\u043b\u0443.<\/p>\n<p>\u041a\u0443\u0440\u0441 \u0434\u043b\u044f \u0437\u0430\u043b\u0456\u0437\u043d\u0438\u0447\u043d\u0438\u0445 \u043b\u0456\u0444\u0442\u0456\u0432 \u0442\u0430 \u0456\u0441\u043f\u0438\u0442 UDT \u043c\u043e\u0436\u0443\u0442\u044c \u0432\u0456\u0434\u0432\u0456\u0434\u0443\u0432\u0430\u0442\u0438 \u043e\u0441\u043e\u0431\u0438, \u044f\u043a\u0456:<\/p>\n<ul>\n<li>\u041c\u0430\u044e\u0442\u044c \u043d\u0435 \u043c\u0435\u043d\u0448\u0435 \u043f\u043e\u0447\u0430\u0442\u043a\u043e\u0432\u043e\u0457 \u043e\u0441\u0432\u0456\u0442\u0438<\/li>\n<li>\u0407\u043c 18 \u0440\u043e\u043a\u0456\u0432 \u0456 \u0431\u0456\u043b\u044c\u0448\u0435<\/li>\n<li>\u0414\u043e\u0432\u0456\u0434\u043a\u0430 \u043f\u0440\u043e \u0432\u0456\u0434\u0441\u0443\u0442\u043d\u0456\u0441\u0442\u044c \u043f\u0440\u043e\u0442\u0438\u043f\u043e\u043a\u0430\u0437\u0430\u043d\u044c \u0437\u0430 \u0441\u0442\u0430\u043d\u043e\u043c \u0437\u0434\u043e\u0440\u043e\u0432&#039;\u044f<\/li>\n<\/ul>\n<p>\u0425\u0442\u043e \u0431\u0430\u0436\u0430\u0454 \u0437\u0430\u043f\u0438\u0441\u0430\u0442\u0438\u0441\u044f \u043d\u0430 \u0442\u0440\u0435\u043d\u0456\u043d\u0433, \u043f\u0440\u043e\u0441\u0438\u043c\u043e \u0432\u0456\u0434\u0432\u0456\u0434\u0430\u0442\u0438 \u043d\u0430\u0448 \u0441\u0430\u0439\u0442 <a href=\"https:\/\/platformaedukacji.pl\/sklep\/\">www.platformaedukacji.pl<\/a>. \u0422\u0430\u043c \u0432\u0438 \u0437\u043d\u0430\u0439\u0434\u0435\u0442\u0435 \u0456\u043d\u0444\u043e\u0440\u043c\u0430\u0446\u0456\u044e \u043f\u0440\u043e \u0434\u0430\u0442\u0438, \u043c\u0456\u0441\u0446\u044f, \u0446\u0456\u043d\u0438 \u0442\u0430 \u0431\u0430\u0433\u0430\u0442\u043e \u0456\u043d\u0448\u043e\u0433\u043e. \u0411\u0440\u043e\u043d\u044e\u0432\u0430\u043d\u043d\u044f \u0437\u0434\u0456\u0439\u0441\u043d\u044e\u0454\u0442\u044c\u0441\u044f \u0448\u043b\u044f\u0445\u043e\u043c \u0434\u043e\u0434\u0430\u0432\u0430\u043d\u043d\u044f \u043e\u0431\u0440\u0430\u043d\u043e\u0457 \u0434\u0430\u0442\u0438 \u0432 \u043a\u043e\u0448\u0438\u043a \u0456 \u0437\u0434\u0456\u0439\u0441\u043d\u0435\u043d\u043d\u044f \u043e\u043f\u043b\u0430\u0442\u0438.<\/p>\n<p>\u0417\u0430\u043d\u044f\u0442\u0442\u044f \u043f\u0440\u043e\u0445\u043e\u0434\u044f\u0442\u044c \u0443 \u043a\u0456\u043b\u044c\u043a\u043e\u0445 \u043c\u0456\u0441\u0446\u044f\u0445 \u043f\u043e \u0432\u0441\u0456\u0439 \u041f\u043e\u043b\u044c\u0449\u0456. \u0423 \u043d\u0430\u0441 \u0442\u0430\u043a\u043e\u0436 \u0454 \u043c\u043e\u0436\u043b\u0438\u0432\u0456\u0441\u0442\u044c \u043e\u0440\u0433\u0430\u043d\u0456\u0437\u0430\u0446\u0456\u0457 \u0437\u0430\u043a\u0440\u0438\u0442\u043e\u0433\u043e \u043d\u0430\u0432\u0447\u0430\u043b\u044c\u043d\u043e\u0433\u043e \u043a\u0443\u0440\u0441\u0443 \u0434\u043b\u044f \u0432\u0430\u0448\u043e\u0457 \u043a\u043e\u043c\u043f\u0430\u043d\u0456\u0457. \u0412 \u0446\u044c\u043e\u043c\u0443 \u0432\u0438\u043f\u0430\u0434\u043a\u0443 <a href=\"https:\/\/kursy-udt.pl\/ua\/kontakt\/\">\u0431\u0443\u0434\u044c \u043b\u0430\u0441\u043a\u0430, \u0437\u0432&#039;\u044f\u0436\u0456\u0442\u044c\u0441\u044f \u0437 \u043d\u0430\u043c\u0438<\/a> \u043f\u043e \u0442\u0435\u043b\u0435\u0444\u043e\u043d\u0443 \u0430\u0431\u043e \u0435\u043b\u0435\u043a\u0442\u0440\u043e\u043d\u043d\u043e\u044e \u043f\u043e\u0448\u0442\u043e\u044e.<\/p>\n<div class=\"filmw\">\n<div class=\"responsive-youtube\" style=\"text-align: center;\"><iframe loading=\"lazy\" title=\"\u0412\u0456\u0434\u0435\u043e\u043f\u043b\u0435\u0454\u0440 YouTube\" src=\"https:\/\/www.youtube.com\/embed\/sadG__ZRQI8\" width=\"560\" height=\"315\" frameborder=\"0\" allowfullscreen=\"allowfullscreen\"><\/iframe><\/div>\n<\/div>\n<h2>\u0414\u043e\u0437\u0432\u043e\u043b\u0438 \u043d\u0430 \u0435\u043a\u0441\u043f\u043b\u0443\u0430\u0442\u0430\u0446\u0456\u044e \u0437\u0430\u043b\u0456\u0437\u043d\u0438\u0447\u043d\u0438\u0445 \u0440\u0443\u0445\u043e\u043c\u0438\u0445 \u043f\u043b\u0430\u0442\u0444\u043e\u0440\u043c<\/h2>\n<p>\u041a\u0443\u0440\u0441 \u0432\u043a\u043b\u044e\u0447\u0430\u0454 \u0456\u0441\u043f\u0438\u0442, \u044f\u043a\u0438\u0439 \u043f\u0440\u043e\u0432\u043e\u0434\u044f\u0442\u044c \u0443\u043f\u043e\u0432\u043d\u043e\u0432\u0430\u0436\u0435\u043d\u0456 \u043e\u0441\u043e\u0431\u0438 \u0432\u0456\u0434 \u0456\u043c\u0435\u043d\u0456 TDT. \u041d\u0430\u0448 \u0426\u0435\u043d\u0442\u0440 \u0432\u0438\u0441\u0442\u0443\u043f\u0430\u0454 \u043f\u043e\u0441\u0435\u0440\u0435\u0434\u043d\u0438\u043a\u043e\u043c \u0432 \u043e\u0440\u0433\u0430\u043d\u0456\u0437\u0430\u0446\u0456\u0457 \u0456\u0441\u043f\u0438\u0442\u0443, \u043f\u0440\u0435\u0434\u0441\u0442\u0430\u0432\u043b\u044f\u044e\u0447\u0438 \u0441\u0442\u0443\u0434\u0435\u043d\u0442\u0456\u0432 \u043f\u0435\u0440\u0435\u0434 \u041e\u0444\u0456\u0441\u043e\u043c. \u041c\u0438 \u0437\u0430\u0439\u043c\u0430\u0454\u043c\u043e\u0441\u044c \u0440\u0435\u0454\u0441\u0442\u0440\u0430\u0446\u0456\u0454\u044e \u0443\u0447\u0430\u0441\u043d\u0438\u043a\u0456\u0432 \u0442\u0430 \u0456\u043d\u0448\u0438\u043c\u0438 \u043e\u0440\u0433\u0430\u043d\u0456\u0437\u0430\u0446\u0456\u0439\u043d\u0438\u043c\u0438 \u043f\u0438\u0442\u0430\u043d\u043d\u044f\u043c\u0438. \u0422\u0435\u043c\u0438, \u044f\u043a\u0456 \u043e\u0431\u0433\u043e\u0432\u043e\u0440\u044e\u044e\u0442\u044c\u0441\u044f \u043f\u0456\u0434 \u0447\u0430\u0441 \u043d\u0430\u0432\u0447\u0430\u043d\u043d\u044f, \u0432\u0456\u0434\u043f\u043e\u0432\u0456\u0434\u0430\u044e\u0442\u044c \u0447\u0438\u043d\u043d\u0438\u043c \u0432\u0438\u043c\u043e\u0433\u0430\u043c \u0456\u0441\u043f\u0438\u0442\u0443 TDT, \u0437\u0430\u0432\u0434\u044f\u043a\u0438 \u0447\u043e\u043c\u0443 \u0441\u0442\u0443\u0434\u0435\u043d\u0442\u0438 \u043d\u0430\u043b\u0435\u0436\u043d\u0438\u043c \u0447\u0438\u043d\u043e\u043c \u043f\u0456\u0434\u0433\u043e\u0442\u043e\u0432\u043b\u0435\u043d\u0456 \u0434\u043e \u043f\u0435\u0440\u0435\u0432\u0456\u0440\u043a\u0438 \u0441\u0432\u043e\u0454\u0457 \u043a\u0432\u0430\u043b\u0456\u0444\u0456\u043a\u0430\u0446\u0456\u0457.<\/p>\n<p><img loading=\"lazy\" decoding=\"async\" class=\"alignnone wp-image-6166 size-large\" src=\"https:\/\/kursy-udt.pl\/wp-content\/uploads\/2025\/03\/IMG_0025-1024x768.jpg\" alt=\"\" width=\"1024\" height=\"768\" srcset=\"https:\/\/kursy-udt.pl\/wp-content\/uploads\/2025\/03\/IMG_0025-1024x768.jpg 1024w, https:\/\/kursy-udt.pl\/wp-content\/uploads\/2025\/03\/IMG_0025-300x225.jpg 300w, https:\/\/kursy-udt.pl\/wp-content\/uploads\/2025\/03\/IMG_0025-768x576.jpg 768w, https:\/\/kursy-udt.pl\/wp-content\/uploads\/2025\/03\/IMG_0025-1536x1152.jpg 1536w, https:\/\/kursy-udt.pl\/wp-content\/uploads\/2025\/03\/IMG_0025-2048x1536.jpg 2048w, https:\/\/kursy-udt.pl\/wp-content\/uploads\/2025\/03\/IMG_0025-16x12.jpg 16w, https:\/\/kursy-udt.pl\/wp-content\/uploads\/2025\/03\/IMG_0025-640x480.jpg 640w, https:\/\/kursy-udt.pl\/wp-content\/uploads\/2025\/03\/IMG_0025-624x468.jpg 624w\" sizes=\"auto, (max-width: 1024px) 100vw, 1024px\" \/><\/p>\n<p>\u041f\u0456\u0441\u043b\u044f \u0437\u0434\u0430\u0447\u0456 \u0437\u0430\u043b\u0456\u043a\u043e\u0432\u043e\u0457 \u0442\u0430 \u043f\u0440\u0430\u043a\u0442\u0438\u0447\u043d\u043e\u0457 \u0447\u0430\u0441\u0442\u0438\u043d \u043a\u0430\u043d\u0434\u0438\u0434\u0430\u0442\u0443 \u0432 \u043e\u043f\u0435\u0440\u0430\u0442\u043e\u0440\u0438 \u043f\u0440\u0438\u0441\u0432\u043e\u044e\u0454\u0442\u044c\u0441\u044f \u043a\u0432\u0430\u043b\u0456\u0444\u0456\u043a\u0430\u0446\u0456\u044f \u0422\u0414\u0422. \u0412\u043e\u043d\u0438 \u0434\u0456\u0439\u0441\u043d\u0456 \u043f\u0440\u043e\u0442\u044f\u0433\u043e\u043c 10 \u0440\u043e\u043a\u0456\u0432 \u0456 \u0434\u0456\u044e\u0442\u044c \u0434\u043b\u044f \u0432\u0441\u0456\u0445 \u0442\u0438\u043f\u0456\u0432 \u043f\u043b\u0430\u0442\u0444\u043e\u0440\u043c, \u0432\u0441\u0442\u0430\u043d\u043e\u0432\u043b\u0435\u043d\u0438\u0445 \u043d\u0430 \u0437\u0430\u043b\u0456\u0437\u043d\u0438\u0447\u043d\u043e\u043c\u0443 \u0442\u0440\u0430\u043d\u0441\u043f\u043e\u0440\u0442\u0456.<\/p>\n<p>\u0417 \u043a\u0432\u0430\u043b\u0456\u0444\u0456\u043a\u0430\u0446\u0456\u0454\u044e TDT \u0432\u0438 \u043c\u043e\u0436\u0435\u0442\u0435 \u0432\u043b\u0430\u0448\u0442\u0443\u0432\u0430\u0442\u0438\u0441\u044f \u043d\u0430 \u0440\u043e\u0431\u043e\u0442\u0443 \u0432 \u0437\u0430\u043b\u0456\u0437\u043d\u0438\u0447\u043d\u0438\u0445 \u043a\u043e\u043c\u043f\u0430\u043d\u0456\u044f\u0445, \u044f\u043a\u0456 \u0437\u0430\u0439\u043c\u0430\u044e\u0442\u044c\u0441\u044f \u0440\u0435\u043c\u043e\u043d\u0442\u043e\u043c, \u043e\u0431\u0441\u043b\u0443\u0433\u043e\u0432\u0443\u0432\u0430\u043d\u043d\u044f\u043c \u0456 \u0431\u0443\u0434\u0456\u0432\u043d\u0438\u0446\u0442\u0432\u043e\u043c \u0456\u043d\u0444\u0440\u0430\u0441\u0442\u0440\u0443\u043a\u0442\u0443\u0440\u0438. \u041a\u043e\u043c\u043f\u0430\u043d\u0456\u0457, \u044f\u043a\u0456 \u0432\u0438\u043a\u043e\u043d\u0443\u044e\u0442\u044c \u0442\u0430\u043a\u0456 \u0440\u043e\u0431\u043e\u0442\u0438 \u0432 \u044f\u043a\u043e\u0441\u0442\u0456 \u0441\u0443\u0431\u043f\u0456\u0434\u0440\u044f\u0434\u043d\u0438\u043a\u0456\u0432, \u0442\u0430\u043a\u043e\u0436 \u0448\u0443\u043a\u0430\u044e\u0442\u044c \u0441\u043f\u0435\u0446\u0456\u0430\u043b\u0456\u0441\u0442\u0456\u0432 \u0443 \u0446\u0456\u0439 \u0433\u0430\u043b\u0443\u0437\u0456.<\/p>\n<p><a href=\"https:\/\/kursy-udt.pl\/wp-content\/uploads\/2022\/12\/PODESTY-RUCHOME-kursy-udt.pl_.png\"><img loading=\"lazy\" decoding=\"async\" class=\"aligncenter wp-image-4531\" src=\"https:\/\/kursy-udt.pl\/wp-content\/uploads\/2022\/12\/PODESTY-RUCHOME-kursy-udt.pl_-300x188.png\" alt=\"\" width=\"750\" height=\"469\" srcset=\"https:\/\/kursy-udt.pl\/wp-content\/uploads\/2022\/12\/PODESTY-RUCHOME-kursy-udt.pl_-300x188.png 300w, https:\/\/kursy-udt.pl\/wp-content\/uploads\/2022\/12\/PODESTY-RUCHOME-kursy-udt.pl_-1024x640.png 1024w, https:\/\/kursy-udt.pl\/wp-content\/uploads\/2022\/12\/PODESTY-RUCHOME-kursy-udt.pl_-768x480.png 768w, https:\/\/kursy-udt.pl\/wp-content\/uploads\/2022\/12\/PODESTY-RUCHOME-kursy-udt.pl_-18x12.png 18w, https:\/\/kursy-udt.pl\/wp-content\/uploads\/2022\/12\/PODESTY-RUCHOME-kursy-udt.pl_-624x390.png 624w, https:\/\/kursy-udt.pl\/wp-content\/uploads\/2022\/12\/PODESTY-RUCHOME-kursy-udt.pl_.png 1200w\" sizes=\"auto, (max-width: 750px) 100vw, 750px\" \/><\/a><\/p>\n<p>&nbsp;<\/p>","protected":false},"excerpt":{"rendered":"<p>Podesty ruchome na pojazdach kolejowych s\u0105 zaliczane do urz\u0105dze\u0144 transportu bliskiego, obj\u0119tych dozorem technicznym. Do ich obs\u0142ugi konieczne jest posiadanie uprawnie\u0144 wydawanych przez Transportowy Urz\u0105d Techniczny. Oferowany przez nas kurs umo\u017cliwia zdobycie tych uprawnie\u0144. W ramach kursu odbywa si\u0119 przeprowadzany przez TDT egzamin, a zakres zagadnie\u0144 poruszanych podczas zaj\u0119\u0107 odpowiada tym wymaganym podczas egzaminu. Na zaj\u0119cia zapraszamy zar\u00f3wno specjalist\u00f3w pracuj\u0105cych ju\u017c w zawodzie operatora urz\u0105dze\u0144 transportu bliskiego, posiadaj\u0105cych uprawnienia na inne rodzaje podest\u00f3w, jak i osoby bez do\u015bwiadczenia zawodowego. Kurs na podesty ruchome kolejowe &#8211; obs\u0142uga Program kursu obejmuje nast\u0119puj\u0105ce zagadnienia: Budowa podest\u00f3w ruchomych na pojazdach kolejowych, ich rodzaje i przeznaczenie Zasady BHP obowi\u0105zuj\u0105ce przy obs\u0142udze tego typu urz\u0105dze\u0144 Stateczno\u015b\u0107 podest\u00f3w Czynno\u015b\u0107 przed w czasie i po zako\u0144czeniu pracy Zabezpieczenia elektryczne, mechaniczne i hydrauliczne Obowi\u0105zki operatora podest\u00f3w kolejowych w zakresie bezpiecze\u0144stwa Zapoznawanie si\u0119 z instrukcj\u0105 obs\u0142ugi i dokumentacj\u0105 techniczn\u0105 Przepisy ustawy o dozorze technicznym Uzupe\u0142nieniem cz\u0119\u015bci teoretycznej s\u0105 zaj\u0119cia praktyczne, w ramach kt\u00f3rych uczestnicy ucz\u0105 si\u0119 obs\u0142ugi podest\u00f3w w zakresie wymaganym na egzaminie. Czas trwania zaj\u0119\u0107 wynosi od 10 do 35 godzin, mo\u017ce zosta\u0107 skr\u00f3cony w przypadku os\u00f3b, kt\u00f3re pracowa\u0142y ju\u017c z tego typu podestami i potrzebuj\u0105 mniej czasu na zapoznanie si\u0119 z materia\u0142em. W kursie na podesty ruchome kolejowe i egzaminie UDT mog\u0105 wzi\u0105\u0107 udzia\u0142 osoby, kt\u00f3re: Posiadaj\u0105 co najmniej wykszta\u0142cenie podstawowe Maj\u0105 uko\u0144czone 18 lat O\u015bwiadczenie o braku przeciwwskaza\u0144 zdrowotnych Osoby, kt\u00f3re chcia\u0142yby zapisa\u0107 si\u0119 na szkolenie, zapraszamy na nasz\u0105 stron\u0119 www.platformaedukacji.pl. Znajd\u0105 tam Pa\u0144stwo szczeg\u00f3\u0142y na temat termin\u00f3w, lokalizacji, cen i inne. Rezerwacji dokonuje si\u0119 poprzez dodanie wybranego terminu do koszyka i [&hellip;]<\/p>\n","protected":false},"author":1,"featured_media":3541,"parent":2721,"menu_order":0,"comment_status":"closed","ping_status":"closed","template":"","meta":{"sfsi_plus_gutenberg_text_before_share":"","sfsi_plus_gutenberg_show_text_before_share":"","sfsi_plus_gutenberg_icon_type":"","sfsi_plus_gutenberg_icon_alignemt":"","sfsi_plus_gutenburg_max_per_row":"","footnotes":""},"class_list":["post-3536","page","type-page","status-publish","has-post-thumbnail","hentry","has_thumb"],"aioseo_notices":[],"_links":{"self":[{"href":"https:\/\/kursy-udt.pl\/ua\/wp-json\/wp\/v2\/pages\/3536","targetHints":{"allow":["GET"]}}],"collection":[{"href":"https:\/\/kursy-udt.pl\/ua\/wp-json\/wp\/v2\/pages"}],"about":[{"href":"https:\/\/kursy-udt.pl\/ua\/wp-json\/wp\/v2\/types\/page"}],"author":[{"embeddable":true,"href":"https:\/\/kursy-udt.pl\/ua\/wp-json\/wp\/v2\/users\/1"}],"replies":[{"embeddable":true,"href":"https:\/\/kursy-udt.pl\/ua\/wp-json\/wp\/v2\/comments?post=3536"}],"version-history":[{"count":7,"href":"https:\/\/kursy-udt.pl\/ua\/wp-json\/wp\/v2\/pages\/3536\/revisions"}],"predecessor-version":[{"id":6168,"href":"https:\/\/kursy-udt.pl\/ua\/wp-json\/wp\/v2\/pages\/3536\/revisions\/6168"}],"up":[{"embeddable":true,"href":"https:\/\/kursy-udt.pl\/ua\/wp-json\/wp\/v2\/pages\/2721"}],"wp:featuredmedia":[{"embeddable":true,"href":"https:\/\/kursy-udt.pl\/ua\/wp-json\/wp\/v2\/media\/3541"}],"wp:attachment":[{"href":"https:\/\/kursy-udt.pl\/ua\/wp-json\/wp\/v2\/media?parent=3536"}],"curies":[{"name":"wp","href":"https:\/\/api.w.org\/{rel}","templated":true}]}}