{"id":3532,"date":"2021-09-03T13:00:23","date_gmt":"2021-09-03T13:00:23","guid":{"rendered":"https:\/\/kursy-udt.pl\/?page_id=3532"},"modified":"2025-03-12T09:33:40","modified_gmt":"2025-03-12T08:33:40","slug":"%d1%80%d1%83%d1%85-%d0%bf%d0%be-%d1%80%d0%b5%d0%b9%d1%86%d1%96-%d0%be%d0%b1%d1%81%d0%bb%d1%83%d0%b3%d0%be%d0%b2%d1%83%d0%b2%d0%b0%d0%bd%d0%bd%d1%8f","status":"publish","type":"page","link":"https:\/\/kursy-udt.pl\/ua\/szkolenia\/udt-wdt-tdt\/ruchome-na-kolejowych-konserwacja\/","title":{"rendered":"\u041a\u0443\u0440\u0441 \u043f\u0435\u0440\u0435\u0441\u0443\u0432\u043d\u0438\u0445 \u043f\u043b\u0430\u0442\u0444\u043e\u0440\u043c \u043d\u0430 \u0437\u0430\u043b\u0456\u0437\u043d\u0438\u0447\u043d\u043e\u043c\u0443 \u0442\u0440\u0430\u043d\u0441\u043f\u043e\u0440\u0442\u0456 - \u0442\u0435\u0445\u043d\u0456\u0447\u043d\u0435 \u043e\u0431\u0441\u043b\u0443\u0433\u043e\u0432\u0443\u0432\u0430\u043d\u043d\u044f"},"content":{"rendered":"<p><a href=\"https:\/\/kursy-udt.pl\/wp-content\/uploads\/2021\/09\/kursy-udt.pl-0025-6-OPUBLIKOWANY-v17-Copy.jpg\"><img loading=\"lazy\" decoding=\"async\" class=\"paddingleft10 alignleft wp-image-3544 size-medium\" src=\"https:\/\/kursy-udt.pl\/wp-content\/uploads\/2021\/09\/kursy-udt.pl-0025-6-OPUBLIKOWANY-v17-Copy-300x225.jpg\" alt=\"\u041f\u0440\u0438 \u043e\u043d\u043e\u0432\u043b\u0435\u043d\u043d\u0456 \u0437\u0430\u043b\u0456\u0437\u043d\u0438\u0447\u043d\u043e\u0457 \u0456\u043d\u0444\u0440\u0430\u0441\u0442\u0440\u0443\u043a\u0442\u0443\u0440\u0438 \u0432\u0438\u043a\u043e\u0440\u0438\u0441\u0442\u043e\u0432\u0443\u044e\u0442\u044c\u0441\u044f \u043c\u043e\u0431\u0456\u043b\u044c\u043d\u0456 \u043f\u043b\u0430\u0442\u0444\u043e\u0440\u043c\u0438 \u043d\u0430 \u0437\u0430\u043b\u0456\u0437\u043d\u0438\u0447\u043d\u043e\u043c\u0443 \u0442\u0440\u0430\u043d\u0441\u043f\u043e\u0440\u0442\u0456 \" width=\"300\" height=\"225\" srcset=\"https:\/\/kursy-udt.pl\/wp-content\/uploads\/2021\/09\/kursy-udt.pl-0025-6-OPUBLIKOWANY-v17-Copy-300x225.jpg 300w, https:\/\/kursy-udt.pl\/wp-content\/uploads\/2021\/09\/kursy-udt.pl-0025-6-OPUBLIKOWANY-v17-Copy-1024x768.jpg 1024w, https:\/\/kursy-udt.pl\/wp-content\/uploads\/2021\/09\/kursy-udt.pl-0025-6-OPUBLIKOWANY-v17-Copy-768x576.jpg 768w, https:\/\/kursy-udt.pl\/wp-content\/uploads\/2021\/09\/kursy-udt.pl-0025-6-OPUBLIKOWANY-v17-Copy-1536x1152.jpg 1536w, https:\/\/kursy-udt.pl\/wp-content\/uploads\/2021\/09\/kursy-udt.pl-0025-6-OPUBLIKOWANY-v17-Copy-640x480.jpg 640w, https:\/\/kursy-udt.pl\/wp-content\/uploads\/2021\/09\/kursy-udt.pl-0025-6-OPUBLIKOWANY-v17-Copy-624x468.jpg 624w, https:\/\/kursy-udt.pl\/wp-content\/uploads\/2021\/09\/kursy-udt.pl-0025-6-OPUBLIKOWANY-v17-Copy.jpg 2016w\" sizes=\"auto, (max-width: 300px) 100vw, 300px\" \/><\/a>\u0426\u0435 \u043d\u0430\u0432\u0447\u0430\u043d\u043d\u044f, \u044f\u043a\u0435 \u0432\u0438 \u043c\u043e\u0436\u0435\u0442\u0435 \u043e\u0442\u0440\u0438\u043c\u0430\u0442\u0438 \u043f\u0456\u0441\u043b\u044f <a href=\"https:\/\/kursy-udt.pl\/ua\/uprawnienia-udt\/kategorie-uprawnien-2\/\">\u043f\u0440\u0430\u0432\u0430<\/a> \u0434\u043b\u044f \u0442\u0435\u0445\u043d\u0456\u0447\u043d\u043e\u0433\u043e \u043e\u0431\u0441\u043b\u0443\u0433\u043e\u0432\u0443\u0432\u0430\u043d\u043d\u044f, \u0440\u0435\u043c\u043e\u043d\u0442\u0443 \u0442\u0430 \u043e\u0433\u043b\u044f\u0434\u0443 \u043f\u043b\u0430\u0442\u0444\u043e\u0440\u043c, \u0437\u043c\u043e\u043d\u0442\u043e\u0432\u0430\u043d\u0438\u0445 \u043d\u0430 \u0437\u0430\u043b\u0456\u0437\u043d\u0438\u0447\u043d\u043e\u043c\u0443 \u0442\u0440\u0430\u043d\u0441\u043f\u043e\u0440\u0442\u0456. \u041a\u0443\u0440\u0441, \u044f\u043a\u0438\u0439 \u043f\u043e\u0454\u0434\u043d\u0443\u0454 \u0442\u0435\u043e\u0440\u0435\u0442\u0438\u0447\u043d\u0456 \u0437\u043d\u0430\u043d\u043d\u044f \u0437 \u043f\u0440\u0430\u043a\u0442\u0438\u0447\u043d\u0438\u043c\u0438 \u043d\u0430\u0432\u0438\u0447\u043a\u0430\u043c\u0438, \u0437\u0430\u0432\u0435\u0440\u0448\u0443\u0454\u0442\u044c\u0441\u044f \u0456\u0441\u043f\u0438\u0442\u043e\u043c, \u044f\u043a\u0438\u0439 \u043f\u0440\u043e\u0432\u043e\u0434\u0438\u0442\u044c TDT. \u041e\u0441\u043e\u0431\u0438, \u044f\u043a\u0456 \u043f\u0440\u043e\u0439\u0448\u043b\u0438 \u043d\u0430\u0432\u0447\u0430\u043d\u043d\u044f \u0442\u0430 \u0441\u043a\u043b\u0430\u043b\u0438 \u0456\u0441\u043f\u0438\u0442 \u0437 \u043f\u043e\u0437\u0438\u0442\u0438\u0432\u043d\u0438\u043c \u0440\u0435\u0437\u0443\u043b\u044c\u0442\u0430\u0442\u043e\u043c, \u043e\u0442\u0440\u0438\u043c\u0443\u044e\u0442\u044c \u0441\u0435\u0440\u0442\u0438\u0444\u0456\u043a\u0430\u0442 \u0442\u0435\u0440\u043c\u0456\u043d\u043e\u043c \u0434\u0456\u0457 5 \u0440\u043e\u043a\u0456\u0432, \u043d\u0435\u043e\u0431\u0445\u0456\u0434\u043d\u0438\u0439 \u0434\u043b\u044f \u0437\u0430\u043b\u0456\u0437\u043d\u0438\u0447\u043d\u0438\u0445 \u043a\u043e\u043c\u043f\u0430\u043d\u0456\u0439 \u0442\u0430 \u043a\u043e\u043c\u043f\u0430\u043d\u0456\u0439, \u0449\u043e \u043d\u0430\u0434\u0430\u044e\u0442\u044c \u043f\u043e\u0441\u043b\u0443\u0433\u0438 \u0437 \u0440\u0435\u043c\u043e\u043d\u0442\u0443 \u0437\u0430\u043b\u0456\u0437\u043d\u0438\u0447\u043d\u043e\u0457 \u043c\u0435\u0440\u0435\u0436\u0456.<\/p>\n<h2>\u041f\u0435\u0440\u0435\u0441\u0443\u0432\u043d\u0456 \u043f\u043b\u0430\u0442\u0444\u043e\u0440\u043c\u0438, \u0432\u0441\u0442\u0430\u043d\u043e\u0432\u043b\u0435\u043d\u0456 \u043d\u0430 \u0437\u0430\u043b\u0456\u0437\u043d\u0438\u0447\u043d\u043e\u043c\u0443 \u0442\u0440\u0430\u043d\u0441\u043f\u043e\u0440\u0442\u0456<\/h2>\n<p>\u0420\u0435\u043c\u043e\u043d\u0442\u043d\u0456, \u043e\u0431\u0441\u043b\u0443\u0433\u043e\u0432\u0443\u044e\u0447\u0456 \u0442\u0430 \u0431\u0443\u0434\u0456\u0432\u0435\u043b\u044c\u043d\u0456 \u0440\u043e\u0431\u043e\u0442\u0438, \u043f\u043e\u0432\u2019\u044f\u0437\u0430\u043d\u0456 \u0437 \u0456\u043d\u0444\u0440\u0430\u0441\u0442\u0440\u0443\u043a\u0442\u0443\u0440\u043e\u044e \u0437\u0430\u043b\u0456\u0437\u043d\u0438\u0446\u0456 \u0430\u0431\u043e \u0442\u0440\u0430\u043c\u0432\u0430\u044f, \u0432\u0438\u043c\u0430\u0433\u0430\u044e\u0442\u044c \u0432\u0438\u043a\u043e\u0440\u0438\u0441\u0442\u0430\u043d\u043d\u044f \u0441\u043f\u0435\u0446\u0456\u0430\u043b\u0456\u0437\u043e\u0432\u0430\u043d\u043e\u0457 \u0442\u0435\u0445\u043d\u0456\u043a\u0438. \u041e\u0434\u043d\u0438\u043c \u0437 \u0432\u0438\u0434\u0456\u0432 \u0454 \u043f\u043b\u0430\u0442\u0444\u043e\u0440\u043c\u0438 - \u043f\u0456\u0434\u0439\u043e\u043c\u043d\u0438\u043a\u0438, \u0440\u043e\u0437\u0442\u0430\u0448\u043e\u0432\u0430\u043d\u0456 \u043d\u0430 \u0437\u0430\u043b\u0456\u0437\u043d\u0438\u0447\u043d\u0438\u0445 \u0442\u0440\u0430\u043d\u0441\u043f\u043e\u0440\u0442\u043d\u0438\u0445 \u0437\u0430\u0441\u043e\u0431\u0430\u0445, \u0449\u043e \u0440\u0443\u0445\u0430\u044e\u0442\u044c\u0441\u044f \u043f\u043e \u0440\u0435\u0439\u043a\u0430\u0445. \u0412\u043e\u043d\u0438 \u0432 \u043e\u0441\u043d\u043e\u0432\u043d\u043e\u043c\u0443 \u0432\u0438\u043a\u043e\u0440\u0438\u0441\u0442\u043e\u0432\u0443\u044e\u0442\u044c\u0441\u044f \u0434\u043b\u044f \u0440\u0435\u043c\u043e\u043d\u0442\u0443, \u0442\u0435\u0445\u043d\u0456\u0447\u043d\u043e\u0433\u043e \u043e\u0431\u0441\u043b\u0443\u0433\u043e\u0432\u0443\u0432\u0430\u043d\u043d\u044f \u0442\u0430 \u043f\u0435\u0440\u0435\u0432\u0456\u0440\u043a\u0438 \u0435\u043b\u0435\u043a\u0442\u0440\u043e\u0442\u044f\u0433\u0438.<\/p>\n<p>\u041f\u043b\u0430\u0442\u0444\u043e\u0440\u043c\u0438 \u0437\u0430\u043b\u0456\u0437\u043d\u0438\u0447\u043d\u043e\u0433\u043e \u0442\u0440\u0430\u043d\u0441\u043f\u043e\u0440\u0442\u0443 \u043e\u0431\u043b\u0430\u0434\u043d\u0430\u043d\u0456 \u0440\u043e\u0431\u043e\u0447\u0438\u043c\u0438 \u043f\u043b\u0430\u0442\u0444\u043e\u0440\u043c\u0430\u043c\u0438, \u043d\u0430 \u044f\u043a\u0438\u0445 \u043f\u0440\u0430\u0446\u0456\u0432\u043d\u0438\u043a\u0438 \u043c\u043e\u0436\u0443\u0442\u044c \u0432\u0438\u043a\u043e\u043d\u0443\u0432\u0430\u0442\u0438 \u0441\u0432\u043e\u0457 \u0437\u0430\u0432\u0434\u0430\u043d\u043d\u044f. \u0417\u0430\u0432\u0434\u044f\u043a\u0438 \u0440\u043e\u0437\u043c\u0456\u0449\u0435\u043d\u043d\u044e \u0434\u043e\u043c\u043a\u0440\u0430\u0442\u0430 \u043d\u0430 \u0437\u0430\u043b\u0456\u0437\u043d\u0438\u0447\u043d\u043e\u043c\u0443 \u0442\u0440\u0430\u043d\u0441\u043f\u043e\u0440\u0442\u0456 \u043f\u0440\u0438\u0441\u0442\u0440\u0456\u0439 \u043c\u043e\u0436\u0435 \u043b\u0435\u0433\u043a\u043e \u0434\u043e\u043b\u0430\u0442\u0438 \u0432\u0435\u043b\u0438\u043a\u0456 \u0432\u0456\u0434\u0441\u0442\u0430\u043d\u0456, \u0448\u0432\u0438\u0434\u043a\u043e \u0434\u043e\u0431\u0438\u0440\u0430\u044e\u0447\u0438\u0441\u044c \u0434\u043e \u043c\u0456\u0441\u0446\u044f \u0440\u043e\u0431\u043e\u0442\u0438.<\/p>\n<h2>\u041a\u0432\u0430\u043b\u0456\u0444\u0456\u043a\u0430\u0446\u0456\u0439\u043d\u0456 \u0432\u0438\u043c\u043e\u0433\u0438 \u0434\u043e \u0442\u0435\u0445\u043d\u0456\u0447\u043d\u043e\u0433\u043e \u043e\u0431\u0441\u043b\u0443\u0433\u043e\u0432\u0443\u0432\u0430\u043d\u043d\u044f \u043f\u0435\u0440\u0435\u0441\u0443\u0432\u043d\u0438\u0445 \u043f\u043b\u0430\u0442\u0444\u043e\u0440\u043c, \u0437\u043c\u043e\u043d\u0442\u043e\u0432\u0430\u043d\u0438\u0445 \u043d\u0430 \u0437\u0430\u043b\u0456\u0437\u043d\u0438\u0447\u043d\u043e\u043c\u0443 \u0442\u0440\u0430\u043d\u0441\u043f\u043e\u0440\u0442\u0456<\/h2>\n<p>\u0422\u0440\u0430\u043d\u0441\u043f\u043e\u0440\u0442\u043d\u043e-\u0442\u0435\u0445\u043d\u0456\u0447\u043d\u0438\u0439 \u043d\u0430\u0433\u043b\u044f\u0434 \u0432\u0456\u0434\u043f\u043e\u0432\u0456\u0434\u0430\u0454 \u0437\u0430 \u0432\u0438\u0434\u0430\u0447\u0443 \u0434\u043e\u0437\u0432\u043e\u043b\u0456\u0432 \u043d\u0430 \u0442\u0435\u0445\u043d\u0456\u0447\u043d\u0435 \u043e\u0431\u0441\u043b\u0443\u0433\u043e\u0432\u0443\u0432\u0430\u043d\u043d\u044f \u043f\u043b\u0430\u0442\u0444\u043e\u0440\u043c \u0437\u0430\u043b\u0456\u0437\u043d\u0438\u0447\u043d\u043e\u0433\u043e \u0442\u0440\u0430\u043d\u0441\u043f\u043e\u0440\u0442\u0443. \u041a\u0432\u0430\u043b\u0456\u0444\u0456\u043a\u043e\u0432\u0430\u043d\u0456 \u043a\u043e\u043d\u0441\u0435\u0440\u0432\u0430\u0442\u043e\u0440\u0438 \u0432\u0438\u043a\u043e\u0440\u0438\u0441\u0442\u043e\u0432\u0443\u044e\u0442\u044c \u043a\u0432\u0430\u043b\u0456\u0444\u0456\u043a\u0430\u0446\u0456\u0439\u043d\u0438\u0439 \u0441\u0435\u0440\u0442\u0438\u0444\u0456\u043a\u0430\u0442 \u0443 \u0444\u043e\u0440\u043c\u0456 \u0444\u043e\u0442\u043e\u043a\u0430\u0440\u0442\u043a\u0438. \u041d\u0430\u0434\u0431\u0430\u0432\u043a\u0438 \u0432\u0438\u0434\u0430\u044e\u0442\u044c\u0441\u044f \u043d\u0430 5 \u0440\u043e\u043a\u0456\u0432.<\/p>\n<p>\u0429\u043e\u0431 \u043e\u0442\u0440\u0438\u043c\u0430\u0442\u0438 \u043a\u0432\u0430\u043b\u0456\u0444\u0456\u043a\u0430\u0446\u0456\u0439\u043d\u0438\u0439 \u0441\u0435\u0440\u0442\u0438\u0444\u0456\u043a\u0430\u0442, \u043d\u0435\u043e\u0431\u0445\u0456\u0434\u043d\u043e - \u0432\u0456\u0434\u043f\u043e\u0432\u0456\u0434\u043d\u043e \u0434\u043e \u0410\u043a\u0442\u0443 \u043f\u0440\u043e \u0442\u0435\u0445\u043e\u0433\u043b\u044f\u0434 - \u043f\u0440\u043e\u0439\u0442\u0438 \u043a\u0443\u0440\u0441 \u0442\u0435\u0445\u043d\u0456\u0447\u043d\u043e\u0433\u043e \u043e\u0431\u0441\u043b\u0443\u0433\u043e\u0432\u0443\u0432\u0430\u043d\u043d\u044f \u0442\u0430 \u0441\u043a\u043b\u0430\u0441\u0442\u0438 \u0456\u0441\u043f\u0438\u0442. \u041f\u0435\u0440\u0435\u0432\u0456\u0440\u043a\u0430 \u043a\u0432\u0430\u043b\u0456\u0444\u0456\u043a\u0430\u0446\u0456\u0457 \u0437\u0434\u0456\u0439\u0441\u043d\u044e\u0454\u0442\u044c\u0441\u044f \u0432 \u043d\u0430\u0448\u043e\u043c\u0443 \u0426\u0435\u043d\u0442\u0440\u0456 \u0430\u0431\u043e \u0456\u043d\u0448\u043e\u043c\u0443 \u043c\u0456\u0441\u0446\u0456 \u043f\u0440\u043e\u0432\u0435\u0434\u0435\u043d\u043d\u044f \u043a\u0443\u0440\u0441\u0443 \u0437\u0430 \u0443\u0447\u0430\u0441\u0442\u044e \u0435\u043a\u0437\u0430\u043c\u0435\u043d\u0430\u0442\u043e\u0440\u0456\u0432 \u0422\u0414\u0422. \u0414\u0430\u0442\u0438 \u043d\u0430\u0448\u0438\u0445 \u043d\u0430\u0432\u0447\u0430\u043b\u044c\u043d\u0438\u0445 \u043a\u0443\u0440\u0441\u0456\u0432 \u0443\u0437\u0433\u043e\u0434\u0436\u0443\u044e\u0442\u044c\u0441\u044f \u0437 \u0434\u0430\u0442\u0430\u043c\u0438 \u0456\u0441\u043f\u0438\u0442\u0456\u0432, \u0437\u0430\u0432\u0434\u044f\u043a\u0438 \u0447\u043e\u043c\u0443 \u0441\u0442\u0443\u0434\u0435\u043d\u0442\u0430\u043c \u043d\u0435 \u0434\u043e\u0432\u043e\u0434\u0438\u0442\u044c\u0441\u044f \u0434\u043e\u0432\u0433\u043e \u0447\u0435\u043a\u0430\u0442\u0438, \u0449\u043e\u0431 \u043f\u0435\u0440\u0435\u0432\u0456\u0440\u0438\u0442\u0438 \u0441\u0432\u043e\u044e \u043a\u0432\u0430\u043b\u0456\u0444\u0456\u043a\u0430\u0446\u0456\u044e. \u0406\u043d\u0441\u043f\u0435\u043a\u0442\u043e\u0440\u0438 \u0423\u0414\u0422 \u043f\u0435\u0440\u0435\u0432\u0456\u0440\u044f\u044e\u0442\u044c \u0437\u043d\u0430\u043d\u043d\u044f \u0442\u0430 \u0432\u043c\u0456\u043d\u043d\u044f \u043a\u0430\u043d\u0434\u0438\u0434\u0430\u0442\u0456\u0432 \u0448\u043b\u044f\u0445\u043e\u043c \u0442\u0435\u0441\u0442\u0443\u0432\u0430\u043d\u043d\u044f \u0437\u043d\u0430\u043d\u044c \u0442\u0430 \u0443\u0441\u043d\u043e\u0457 \u043f\u0435\u0440\u0435\u0432\u0456\u0440\u043a\u0438 \u043f\u0440\u0430\u043a\u0442\u0438\u0447\u043d\u0438\u0445 \u043d\u0430\u0432\u0438\u0447\u043e\u043a.<\/p>\n<p><img loading=\"lazy\" decoding=\"async\" class=\"alignnone size-large wp-image-6164\" src=\"https:\/\/kursy-udt.pl\/wp-content\/uploads\/2025\/03\/IMG_0024-1024x768.jpg\" alt=\"\" width=\"1024\" height=\"768\" srcset=\"https:\/\/kursy-udt.pl\/wp-content\/uploads\/2025\/03\/IMG_0024-1024x768.jpg 1024w, https:\/\/kursy-udt.pl\/wp-content\/uploads\/2025\/03\/IMG_0024-300x225.jpg 300w, https:\/\/kursy-udt.pl\/wp-content\/uploads\/2025\/03\/IMG_0024-768x576.jpg 768w, https:\/\/kursy-udt.pl\/wp-content\/uploads\/2025\/03\/IMG_0024-1536x1152.jpg 1536w, https:\/\/kursy-udt.pl\/wp-content\/uploads\/2025\/03\/IMG_0024-2048x1536.jpg 2048w, https:\/\/kursy-udt.pl\/wp-content\/uploads\/2025\/03\/IMG_0024-16x12.jpg 16w, https:\/\/kursy-udt.pl\/wp-content\/uploads\/2025\/03\/IMG_0024-640x480.jpg 640w, https:\/\/kursy-udt.pl\/wp-content\/uploads\/2025\/03\/IMG_0024-624x468.jpg 624w\" sizes=\"auto, (max-width: 1024px) 100vw, 1024px\" \/><\/p>\n<h2>\u041a\u0443\u0440\u0441 \u0434\u043b\u044f \u043c\u043e\u0431\u0456\u043b\u044c\u043d\u0438\u0445 \u043f\u043b\u0430\u0442\u0444\u043e\u0440\u043c \u043d\u0430 \u0437\u0430\u043b\u0456\u0437\u043d\u0438\u0447\u043d\u043e\u043c\u0443 \u0442\u0440\u0430\u043d\u0441\u043f\u043e\u0440\u0442\u0456 - \u0456\u043d\u0444\u043e\u0440\u043c\u0430\u0446\u0456\u044f<\/h2>\n<p>\u0412 \u0440\u0430\u043c\u043a\u0430\u0445 \u0442\u0440\u0435\u043d\u0456\u043d\u0433\u0443 \u0443\u0447\u0430\u0441\u043d\u0438\u043a\u0438 \u0434\u0456\u0437\u043d\u0430\u044e\u0442\u044c\u0441\u044f \u043f\u0440\u043e \u043a\u043e\u043d\u0441\u0442\u0440\u0443\u043a\u0446\u0456\u044e \u043f\u043b\u0430\u0442\u0444\u043e\u0440\u043c \u043d\u0430 \u0437\u0430\u043b\u0456\u0437\u043d\u0438\u0447\u043d\u043e\u043c\u0443 \u0442\u0440\u0430\u043d\u0441\u043f\u043e\u0440\u0442\u0456, \u0457\u0445 \u0442\u0438\u043f\u0438, \u043f\u0440\u0438\u043d\u0446\u0438\u043f \u0440\u043e\u0431\u043e\u0442\u0438, \u043a\u0440\u043e\u043a\u0438 \u0434\u043b\u044f \u0437\u0430\u0431\u0435\u0437\u043f\u0435\u0447\u0435\u043d\u043d\u044f \u0442\u0435\u0445\u043d\u0456\u0447\u043d\u043e\u0457 \u0435\u0444\u0435\u043a\u0442\u0438\u0432\u043d\u043e\u0441\u0442\u0456 \u043e\u0431\u043b\u0430\u0434\u043d\u0430\u043d\u043d\u044f \u0442\u0430 \u0443\u0441\u0443\u043d\u0435\u043d\u043d\u044f \u043d\u0430\u0439\u043f\u043e\u0448\u0438\u0440\u0435\u043d\u0456\u0448\u0438\u0445 \u043d\u0435\u0441\u043f\u0440\u0430\u0432\u043d\u043e\u0441\u0442\u0435\u0439. \u0412\u043e\u043d\u0438 \u0442\u0430\u043a\u043e\u0436 \u043e\u0442\u0440\u0438\u043c\u0443\u044e\u0442\u044c \u0437\u043d\u0430\u043d\u043d\u044f \u043f\u0440\u043e \u043f\u0440\u0430\u0432\u0438\u043b\u0430 \u0442\u0435\u0445\u043d\u0456\u0447\u043d\u043e\u0433\u043e \u043d\u0430\u0433\u043b\u044f\u0434\u0443, \u043f\u0440\u0438\u043d\u0446\u0438\u043f\u0438 <a href=\"https:\/\/kursy-udt.pl\/ua\/szkolenia\/bhp-bezpieczenstwo-pracy\/prawna-ochrona-pracy\/\">\u0417\u0434\u043e\u0440\u043e\u0432&#039;\u044f \u0456 \u0431\u0435\u0437\u043f\u0435\u043a\u0430<\/a>\u043e\u0431\u043e\u0432'\u044f\u0437\u043a\u0438 \u0437 \u043e\u0431\u0441\u043b\u0443\u0433\u043e\u0432\u0443\u0432\u0430\u043d\u043d\u044f \u043e\u0431\u043b\u0430\u0434\u043d\u0430\u043d\u043d\u044f, \u0432\u0435\u0434\u0435\u043d\u043d\u044f \u0434\u043e\u043a\u0443\u043c\u0435\u043d\u0442\u0430\u0446\u0456\u0457, \u043e\u0437\u043d\u0430\u0439\u043e\u043c\u043b\u0435\u043d\u043d\u044f \u0437 \u0456\u043d\u0441\u0442\u0440\u0443\u043a\u0446\u0456\u044f\u043c\u0438 \u0437 \u0435\u043a\u0441\u043f\u043b\u0443\u0430\u0442\u0430\u0446\u0456\u0457. \u041f\u0440\u043e\u0433\u0440\u0430\u043c\u0430 \u043a\u0443\u0440\u0441\u0443 \u0432\u0456\u0434\u043f\u043e\u0432\u0456\u0434\u0430\u0454 \u0432\u0438\u043c\u043e\u0433\u0430\u043c \u0434\u043e \u0456\u0441\u043f\u0438\u0442\u0443 UDT.<\/p>\n<p>\u0422\u0440\u0438\u0432\u0430\u043b\u0456\u0441\u0442\u044c \u043a\u0443\u0440\u0441\u0443 - \u0442\u0435\u043e\u0440\u0435\u0442\u0438\u0447\u043d\u043e\u0433\u043e \u0442\u0430 \u043f\u0440\u0430\u043a\u0442\u0438\u0447\u043d\u043e\u0433\u043e - \u0441\u0442\u0430\u043d\u043e\u0432\u0438\u0442\u044c \u043f\u0440\u0438\u0431\u043b\u0438\u0437\u043d\u043e \u0432\u0456\u0434 32 \u0434\u043e 96 \u0433\u043e\u0434\u0438\u043d, \u0437\u0430\u043b\u0435\u0436\u043d\u043e \u0432\u0456\u0434 \u0442\u043e\u0433\u043e, \u0441\u043a\u0456\u043b\u044c\u043a\u0438 \u0447\u0430\u0441\u0443 \u043f\u043e\u0442\u0440\u0456\u0431\u043d\u043e \u0443\u0447\u0430\u0441\u043d\u0438\u043a\u0443, \u0449\u043e\u0431 \u043e\u0432\u043e\u043b\u043e\u0434\u0456\u0442\u0438 \u043d\u0430\u0432\u0438\u0447\u043a\u0430\u043c\u0438 \u043e\u0431\u0441\u043b\u0443\u0433\u043e\u0432\u0443\u0432\u0430\u043d\u043d\u044f. \u0427\u0430\u0441 \u043f\u0440\u0430\u043a\u0442\u0438\u0447\u043d\u0438\u0445 \u0437\u0430\u043d\u044f\u0442\u044c \u043f\u0456\u0434\u0431\u0438\u0440\u0430\u0454\u0442\u044c\u0441\u044f \u0456\u043d\u0434\u0438\u0432\u0456\u0434\u0443\u0430\u043b\u044c\u043d\u043e \u0434\u043e \u043f\u043e\u0442\u0440\u0435\u0431 \u0441\u0442\u0443\u0434\u0435\u043d\u0442\u0456\u0432.<\/p>\n<p>\u0414\u043b\u044f \u0443\u0447\u0430\u0441\u0442\u0456 \u0432 \u043a\u0443\u0440\u0441\u0456 \u0437 \u043e\u0431\u0441\u043b\u0443\u0433\u043e\u0432\u0443\u0432\u0430\u043d\u043d\u044f \u043f\u043b\u0430\u0442\u0444\u043e\u0440\u043c \u0437\u0430\u043b\u0456\u0437\u043d\u0438\u0447\u043d\u043e\u0433\u043e \u0442\u0440\u0430\u043d\u0441\u043f\u043e\u0440\u0442\u0443 \u043d\u0435\u043e\u0431\u0445\u0456\u0434\u043d\u043e:<\/p>\n<ul>\n<li>\u041c\u0430\u0442\u0438 18 \u0440\u043e\u043a\u0456\u0432 \u0430\u0431\u043e \u0441\u0442\u0430\u0440\u0448\u0435<\/li>\n<li>\u041c\u0430\u0442\u0438 \u0445\u043e\u0447\u0430 \u0431 \u0431\u0430\u0437\u043e\u0432\u0443 \u043e\u0441\u0432\u0456\u0442\u0443<\/li>\n<li>\u041d\u0430\u044f\u0432\u043d\u0456\u0441\u0442\u044c \u043c\u0435\u0434\u0438\u0447\u043d\u043e\u0457 \u0434\u043e\u0432\u0456\u0434\u043a\u0438 \u043f\u0440\u043e \u0432\u0456\u0434\u0441\u0443\u0442\u043d\u0456\u0441\u0442\u044c \u043f\u0440\u043e\u0442\u0438\u043f\u043e\u043a\u0430\u0437\u0430\u043d\u044c \u0437\u0430 \u0441\u0442\u0430\u043d\u043e\u043c \u0437\u0434\u043e\u0440\u043e\u0432&#039;\u044f \u0434\u043e \u0440\u043e\u0431\u043e\u0442\u0438 \u0437\u0430 \u0444\u0430\u0445\u043e\u043c<\/li>\n<\/ul>\n<p>\u0412\u0441\u044e \u0456\u043d\u0444\u043e\u0440\u043c\u0430\u0446\u0456\u044e \u043f\u0440\u043e \u0434\u0430\u0442\u0438 \u043f\u0440\u043e\u0432\u0435\u0434\u0435\u043d\u043d\u044f \u0437\u0430\u043d\u044f\u0442\u044c, \u0457\u0445 \u0440\u043e\u0437\u0442\u0430\u0448\u0443\u0432\u0430\u043d\u043d\u044f \u0442\u0430 \u0456\u043d\u0448\u0456 \u043e\u0440\u0433\u0430\u043d\u0456\u0437\u0430\u0446\u0456\u0439\u043d\u0456 \u0434\u0435\u0442\u0430\u043b\u0456 \u043c\u043e\u0436\u043d\u0430 \u0437\u043d\u0430\u0439\u0442\u0438 \u043d\u0430 \u043d\u0430\u0448\u043e\u043c\u0443 \u0441\u0430\u0439\u0442\u0456 <a href=\"https:\/\/platformaedukacji.pl\/sklep\/\">www.platformaedukacji.pl<\/a>. \u041d\u0430 \u0446\u0456\u0439 \u0441\u0442\u043e\u0440\u0456\u043d\u0446\u0456 \u0432\u0438 \u043c\u043e\u0436\u0435\u0442\u0435 \u0437\u0430\u0431\u0440\u043e\u043d\u044e\u0432\u0430\u0442\u0438 \u043c\u0456\u0441\u0446\u0435 \u043d\u0430 \u043e\u0431\u0440\u0430\u043d\u043e\u043c\u0443 \u043a\u0443\u0440\u0441\u0456 \u043d\u0430\u0432\u0447\u0430\u043d\u043d\u044f. \u041b\u044e\u0434\u0438, \u044f\u043a\u0456 \u043d\u0435 \u043c\u043e\u0436\u0443\u0442\u044c \u0430\u0431\u043e \u043d\u0435 \u0445\u043e\u0447\u0443\u0442\u044c \u0431\u0440\u0430\u0442\u0438 \u0443\u0447\u0430\u0441\u0442\u044c \u0432 \u0430\u0443\u0434\u0438\u0442\u043e\u0440\u043d\u043e\u043c\u0443 \u043a\u0443\u0440\u0441\u0456, \u043c\u043e\u0436\u0443\u0442\u044c \u0437\u0430\u043f\u0438\u0441\u0430\u0442\u0438\u0441\u044f \u043d\u0430 \u043e\u043d\u043b\u0430\u0439\u043d-\u0437\u0430\u043d\u044f\u0442\u0442\u044f (\u0442\u0456\u043b\u044c\u043a\u0438 \u043d\u0430 \u0442\u0435\u043e\u0440\u0435\u0442\u0438\u0447\u043d\u0443 \u0447\u0430\u0441\u0442\u0438\u043d\u0443).<\/p>\n<p><a href=\"https:\/\/kursy-udt.pl\/wp-content\/uploads\/2022\/12\/PODESTY-RUCHOME-kursy-udt.pl_.png\"><img loading=\"lazy\" decoding=\"async\" class=\"aligncenter wp-image-4531\" src=\"https:\/\/kursy-udt.pl\/wp-content\/uploads\/2022\/12\/PODESTY-RUCHOME-kursy-udt.pl_-300x188.png\" alt=\"\" width=\"750\" height=\"469\" srcset=\"https:\/\/kursy-udt.pl\/wp-content\/uploads\/2022\/12\/PODESTY-RUCHOME-kursy-udt.pl_-300x188.png 300w, https:\/\/kursy-udt.pl\/wp-content\/uploads\/2022\/12\/PODESTY-RUCHOME-kursy-udt.pl_-1024x640.png 1024w, https:\/\/kursy-udt.pl\/wp-content\/uploads\/2022\/12\/PODESTY-RUCHOME-kursy-udt.pl_-768x480.png 768w, https:\/\/kursy-udt.pl\/wp-content\/uploads\/2022\/12\/PODESTY-RUCHOME-kursy-udt.pl_-18x12.png 18w, https:\/\/kursy-udt.pl\/wp-content\/uploads\/2022\/12\/PODESTY-RUCHOME-kursy-udt.pl_-624x390.png 624w, https:\/\/kursy-udt.pl\/wp-content\/uploads\/2022\/12\/PODESTY-RUCHOME-kursy-udt.pl_.png 1200w\" sizes=\"auto, (max-width: 750px) 100vw, 750px\" \/><\/a><\/p>\n<p>&nbsp;<\/p>","protected":false},"excerpt":{"rendered":"<p>To szkolenie, po kt\u00f3rym mo\u017cna uzyska\u0107 uprawnienia do wykonywania konserwacji, napraw i przegl\u0105d\u00f3w podest\u00f3w montowanych na pojazdach kolejowych. Kurs, \u0142\u0105cz\u0105cy w sobie wiedz\u0119 teoretycznymi z umiej\u0119tno\u015bciami praktycznymi, jest zako\u0144czony egzaminem przeprowadzanym przez TDT. Osoby, kt\u00f3re wezm\u0105 udzia\u0142 w szkoleniu i zalicz\u0105 egzamin z wynikiem pozytywnym, otrzymuj\u0105 uprawnienia wa\u017cne 5 lat, wymagane w sp\u00f3\u0142kach kolejowych i firmach \u015bwiadcz\u0105cych us\u0142ugi naprawcze sieci kolejowej. Podesty ruchome montowane na pojazdach kolejowych Prace naprawcze, konserwatorskie i budowlane zwi\u0105zane z infrastruktur\u0105 kolejow\u0105 czy tramwajow\u0105 wymagaj\u0105 u\u017cywania specjalistycznego sprz\u0119tu. Jednym z rodzaj\u00f3w s\u0105 podesty &#8211; podno\u015bniki znajduj\u0105ce si\u0119 na pojazdach kolejowych poruszaj\u0105cych si\u0119 po szynach. S\u0105 one wykorzystywane g\u0142\u00f3wnie do napraw, konserwacji i przegl\u0105d\u00f3w trakcji elektrycznej. Podesty na pojazdach kolejowych s\u0105 wyposa\u017cone w platformy robocze, na kt\u00f3rych pracownicy mog\u0105 wykonywa\u0107 swoje zadania. Dzi\u0119ki umieszczeniu podno\u015bnika na poje\u017adzie kolejowym urz\u0105dzenie mo\u017ce \u0142atwo przemieszcza\u0107 si\u0119 na du\u017ce odleg\u0142o\u015bci, szybko docieraj\u0105c w miejsce prowadzenia prac. Uprawnienia do konserwacji podest\u00f3w ruchomych montowanych na pojazdach kolejowych Za wydawanie uprawnie\u0144 dla konserwator\u00f3w podest\u00f3w na pojazdach kolejowych odpowiada Transportowy Dozoru Techniczny. Konserwatorzy z uprawnieniami pos\u0142uguj\u0105 si\u0119 za\u015bwiadczeniem kwalifikacyjnym w postaci karty ze zdj\u0119ciem. Uprawnienia s\u0105 wydawane na 5 lat. Aby otrzyma\u0107 za\u015bwiadczenie kwalifikacyjne, nale\u017cy &#8211; zgodnie z ustaw\u0105 o dozorze technicznym &#8211; uko\u0144czy\u0107 kurs z zakresu konserwacji i zda\u0107 egzamin. Sprawdzenie kwalifikacji odbywa si\u0119 w naszym O\u015brodku lub innym miejscu prowadzenia kursu, z udzia\u0142em egzaminator\u00f3w TDT. Terminy naszych szkole\u0144 s\u0105 dostosowane do termin\u00f3w egzamin\u00f3w, dzi\u0119ki czemu kursanci nie musz\u0105 czeka\u0107 przez d\u0142ugi czas na sprawdzenie kwalifikacji. Inspektorzy UDT sprawdzaj\u0105 wiedz\u0119 i umiej\u0119tno\u015bci kandydat\u00f3w za pomoc\u0105 testu wiedzy oraz sprawdzianu [&hellip;]<\/p>\n","protected":false},"author":1,"featured_media":3544,"parent":2721,"menu_order":0,"comment_status":"closed","ping_status":"closed","template":"","meta":{"sfsi_plus_gutenberg_text_before_share":"","sfsi_plus_gutenberg_show_text_before_share":"","sfsi_plus_gutenberg_icon_type":"","sfsi_plus_gutenberg_icon_alignemt":"","sfsi_plus_gutenburg_max_per_row":"","footnotes":""},"class_list":["post-3532","page","type-page","status-publish","has-post-thumbnail","hentry","has_thumb"],"aioseo_notices":[],"_links":{"self":[{"href":"https:\/\/kursy-udt.pl\/ua\/wp-json\/wp\/v2\/pages\/3532","targetHints":{"allow":["GET"]}}],"collection":[{"href":"https:\/\/kursy-udt.pl\/ua\/wp-json\/wp\/v2\/pages"}],"about":[{"href":"https:\/\/kursy-udt.pl\/ua\/wp-json\/wp\/v2\/types\/page"}],"author":[{"embeddable":true,"href":"https:\/\/kursy-udt.pl\/ua\/wp-json\/wp\/v2\/users\/1"}],"replies":[{"embeddable":true,"href":"https:\/\/kursy-udt.pl\/ua\/wp-json\/wp\/v2\/comments?post=3532"}],"version-history":[{"count":6,"href":"https:\/\/kursy-udt.pl\/ua\/wp-json\/wp\/v2\/pages\/3532\/revisions"}],"predecessor-version":[{"id":6165,"href":"https:\/\/kursy-udt.pl\/ua\/wp-json\/wp\/v2\/pages\/3532\/revisions\/6165"}],"up":[{"embeddable":true,"href":"https:\/\/kursy-udt.pl\/ua\/wp-json\/wp\/v2\/pages\/2721"}],"wp:featuredmedia":[{"embeddable":true,"href":"https:\/\/kursy-udt.pl\/ua\/wp-json\/wp\/v2\/media\/3544"}],"wp:attachment":[{"href":"https:\/\/kursy-udt.pl\/ua\/wp-json\/wp\/v2\/media?parent=3532"}],"curies":[{"name":"wp","href":"https:\/\/api.w.org\/{rel}","templated":true}]}}