{"id":3498,"date":"2021-09-02T13:45:14","date_gmt":"2021-09-02T13:45:14","guid":{"rendered":"https:\/\/kursy-udt.pl\/?page_id=3498"},"modified":"2023-02-14T12:27:23","modified_gmt":"2023-02-14T11:27:23","slug":"%d0%bc%d0%be%d0%b1%d1%96%d0%bb%d1%8c%d0%bd%d1%96-%d1%81%d1%82%d0%b0%d1%86%d1%96%d0%be%d0%bd%d0%b0%d1%80%d0%bd%d1%96-%d0%bf%d0%bb%d0%b0%d1%82%d1%84%d0%be%d1%80%d0%bc%d0%b8","status":"publish","type":"page","link":"https:\/\/kursy-udt.pl\/ua\/szkolenia\/udt-wdt-tdt\/podesty-ruchome-stacjonarne\/","title":{"rendered":"\u041a\u0443\u0440\u0441 \u0434\u043b\u044f \u0441\u0442\u0430\u0446\u0456\u043e\u043d\u0430\u0440\u043d\u0438\u0445 \u043c\u043e\u0431\u0456\u043b\u044c\u043d\u0438\u0445 \u043f\u043b\u0430\u0442\u0444\u043e\u0440\u043c"},"content":{"rendered":"<p>\u0426\u0456 \u0437\u0430\u043d\u044f\u0442\u0442\u044f \u043f\u0440\u0438\u0437\u043d\u0430\u0447\u0435\u043d\u0456 \u0434\u043b\u044f \u043b\u044e\u0434\u0435\u0439, \u044f\u043a\u0456 \u0445\u043e\u0447\u0443\u0442\u044c \u043f\u0440\u0430\u0446\u044e\u0432\u0430\u0442\u0438 \u043e\u043f\u0435\u0440\u0430\u0442\u043e\u0440\u043e\u043c \u0441\u0442\u0430\u0446\u0456\u043e\u043d\u0430\u0440\u043d\u0438\u0445 \u043c\u043e\u0431\u0456\u043b\u044c\u043d\u0438\u0445 \u043f\u043b\u0430\u0442\u0444\u043e\u0440\u043c. \u041e\u0442\u0440\u0438\u043c\u0430\u043d\u043d\u044f \u043a\u0432\u0430\u043b\u0456\u0444\u0456\u043a\u0430\u0446\u0456\u0457 \u0432 \u0446\u0456\u0439 \u0433\u0430\u043b\u0443\u0437\u0456 \u0432\u0438\u043c\u0430\u0433\u0430\u0454 \u0441\u043a\u043b\u0430\u0434\u0430\u043d\u043d\u044f \u0456\u0441\u043f\u0438\u0442\u0443 \u043f\u0435\u0440\u0435\u0434 \u043a\u043e\u043c\u0456\u0441\u0456\u0454\u044e UDT. \u041d\u0430\u0434\u0456\u0439\u043d\u0438\u043c \u0434\u0436\u0435\u0440\u0435\u043b\u043e\u043c \u0437\u043d\u0430\u043d\u044c, \u043d\u0435\u043e\u0431\u0445\u0456\u0434\u043d\u0438\u0445 \u0434\u043b\u044f \u0446\u044c\u043e\u0433\u043e \u0456\u0441\u043f\u0438\u0442\u0443, \u0454 \u043d\u0430\u0432\u0447\u0430\u043b\u044c\u043d\u0456 \u043a\u0443\u0440\u0441\u0438, \u044f\u043a\u0456 \u043f\u0440\u043e\u0432\u043e\u0434\u044f\u0442\u044c \u0432\u0438\u043a\u043b\u0430\u0434\u0430\u0447\u0456 \u0426\u0435\u043d\u0442\u0440\u0443. \u041a\u0440\u0456\u043c \u0442\u043e\u0433\u043e, \u0432\u043e\u043d\u0438 \u0454 \u043f\u0456\u0434\u0433\u043e\u0442\u043e\u0432\u043a\u043e\u044e \u043c\u0430\u0439\u0431\u0443\u0442\u043d\u0456\u0445 \u043e\u043f\u0435\u0440\u0430\u0442\u043e\u0440\u0456\u0432 \u0434\u043e \u0431\u0435\u0437\u043f\u0435\u0447\u043d\u043e\u0457, \u0431\u0435\u0437\u0430\u0432\u0430\u0440\u0456\u0439\u043d\u043e\u0457 \u0440\u043e\u0431\u043e\u0442\u0438 \u0437 \u043f\u0440\u0438\u0441\u0442\u0440\u043e\u044f\u043c\u0438.<\/p>\n<p><a href=\"https:\/\/kursy-udt.pl\/wp-content\/uploads\/2022\/10\/12345.jpg\"><img loading=\"lazy\" decoding=\"async\" class=\"size-medium wp-image-4450 alignright\" src=\"https:\/\/kursy-udt.pl\/wp-content\/uploads\/2022\/10\/12345-300x225.jpg\" alt=\"\" width=\"300\" height=\"225\" srcset=\"https:\/\/kursy-udt.pl\/wp-content\/uploads\/2022\/10\/12345-300x225.jpg 300w, https:\/\/kursy-udt.pl\/wp-content\/uploads\/2022\/10\/12345-768x576.jpg 768w, https:\/\/kursy-udt.pl\/wp-content\/uploads\/2022\/10\/12345-16x12.jpg 16w, https:\/\/kursy-udt.pl\/wp-content\/uploads\/2022\/10\/12345-640x480.jpg 640w, https:\/\/kursy-udt.pl\/wp-content\/uploads\/2022\/10\/12345-624x468.jpg 624w, https:\/\/kursy-udt.pl\/wp-content\/uploads\/2022\/10\/12345.jpg 1024w\" sizes=\"auto, (max-width: 300px) 100vw, 300px\" \/><\/a><\/p>\n<h2>\u041a\u0432\u0430\u043b\u0456\u0444\u0456\u043a\u0430\u0446\u0456\u044f UDT \u0434\u043b\u044f \u0441\u0442\u0430\u0446\u0456\u043e\u043d\u0430\u0440\u043d\u0438\u0445 \u043f\u043b\u0430\u0442\u0444\u043e\u0440\u043c<\/h2>\n<p>\u0417\u0430 \u043a\u043b\u0430\u0441\u0438\u0444\u0456\u043a\u0430\u0446\u0456\u0454\u044e \u0423\u043f\u0440\u0430\u0432\u043b\u0456\u043d\u043d\u044f \u0442\u0435\u0445\u043d\u0456\u0447\u043d\u043e\u0433\u043e \u043d\u0430\u0433\u043b\u044f\u0434\u0443 \u0441\u0442\u0430\u0446\u0456\u043e\u043d\u0430\u0440\u043d\u0456 \u043c\u0430\u0439\u0434\u0430\u043d\u0447\u0438\u043a\u0438 \u043d\u0430\u043b\u0435\u0436\u0430\u0442\u044c \u0434\u043e \u043f\u0435\u0440\u0435\u0432\u0430\u043d\u0442\u0430\u0436\u0443\u0432\u0430\u043b\u044c\u043d\u0438\u0445 \u043f\u0440\u0438\u0441\u0442\u0440\u043e\u0457\u0432 \u0456 \u043f\u0456\u0434\u043b\u044f\u0433\u0430\u044e\u0442\u044c \u0442\u0435\u0445\u043d\u0456\u0447\u043d\u043e\u043c\u0443 \u043d\u0430\u0433\u043b\u044f\u0434\u0443. \u0420\u0430\u0437\u043e\u043c \u0437 \u043f\u0456\u0434\u0432\u0456\u0441\u043d\u0438\u043c\u0438 \u043c\u043e\u0431\u0456\u043b\u044c\u043d\u0438\u043c\u0438 \u043f\u043b\u0430\u0442\u0444\u043e\u0440\u043c\u0430\u043c\u0438 \u0432\u043e\u043d\u0438 \u0432\u0456\u0434\u043d\u043e\u0441\u044f\u0442\u044c\u0441\u044f \u0434\u043e \u043a\u043e\u043b\u0438\u0448\u043d\u044c\u043e\u0457 \u043a\u0430\u0442\u0435\u0433\u043e\u0440\u0456\u0457 II \u041f. <a href=\"https:\/\/kursy-udt.pl\/ua\/uprawnienia-udt\/kategorie-uprawnien-2\/\">\u041f\u0440\u0430\u0432\u0430<\/a> \u043d\u0430 <a href=\"https:\/\/kursy-udt.pl\/ua\/szkolenia\/udt-wdt-tdt\/podesty-ruchome-stacjonarne-masztowe-konserwacja\/\">\u0441\u0442\u0430\u0446\u0456\u043e\u043d\u0430\u0440\u043d\u0456 \u043c\u043e\u0431\u0456\u043b\u044c\u043d\u0456 \u043f\u043b\u0430\u0442\u0444\u043e\u0440\u043c\u0438<\/a> \u0434\u043b\u044f \u043e\u043f\u0435\u0440\u0430\u0442\u043e\u0440\u0456\u0432 \u0432\u043e\u043d\u0438 \u043d\u0430\u0434\u0430\u044e\u0442\u044c\u0441\u044f \u043d\u0430 10 \u0440\u043e\u043a\u0456\u0432, \u043f\u0456\u0441\u043b\u044f \u0447\u043e\u0433\u043e \u043c\u0430\u044e\u0442\u044c \u0431\u0443\u0442\u0438 \u043f\u0440\u043e\u0434\u043e\u0432\u0436\u0435\u043d\u0456. \u041a\u0432\u0430\u043b\u0456\u0444\u0456\u043a\u0430\u0446\u0456\u0439\u043d\u0438\u0439 \u0441\u0435\u0440\u0442\u0438\u0444\u0456\u043a\u0430\u0442, \u0432\u0438\u0434\u0430\u043d\u0438\u0439 \u0423\u043f\u0440\u0430\u0432\u043b\u0456\u043d\u043d\u044f\u043c \u0443 \u0444\u043e\u0440\u043c\u0456 \u043f\u043b\u0430\u0441\u0442\u0438\u043a\u043e\u0432\u043e\u0457 \u043a\u0430\u0440\u0442\u043a\u0438, \u0434\u0456\u0439\u0441\u043d\u0438\u0439 \u043d\u0430 \u0432\u0441\u0456\u0439 \u0442\u0435\u0440\u0438\u0442\u043e\u0440\u0456\u0457 \u041f\u043e\u043b\u044c\u0449\u0456 \u0442\u0430 \u043d\u0435\u043e\u0431\u0445\u0456\u0434\u043d\u0438\u0439 \u0434\u043b\u044f \u043f\u0440\u0430\u0446\u0435\u0432\u043b\u0430\u0448\u0442\u0443\u0432\u0430\u043d\u043d\u044f.<\/p>\n<p>\u0406\u0441\u043f\u0438\u0442 \u043f\u0440\u043e\u0432\u043e\u0434\u0438\u0442\u044c\u0441\u044f \u0432\u0456\u0434\u043f\u043e\u0432\u0456\u0434\u043d\u043e\u044e \u043a\u043e\u043c\u0456\u0441\u0456\u0454\u044e UDT (\u0443 \u0412\u0430\u0440\u0448\u0430\u0432\u0456 \u0430\u0431\u043e \u043c\u0456\u0441\u0446\u0435\u0432\u043e\u043c\u0443 \u0432\u0456\u0434\u0434\u0456\u043b\u0435\u043d\u043d\u0456 \u041e\u0444\u0456\u0441\u0443) \u0443 \u0444\u043e\u0440\u043c\u0456 \u043f\u0435\u0440\u0435\u0432\u0456\u0440\u043a\u0438 \u0437\u043d\u0430\u043d\u044c \u0456\u0437 \u0437\u0430\u043a\u0440\u0438\u0442\u0438\u043c\u0438 \u0437\u0430\u043f\u0438\u0442\u0430\u043d\u043d\u044f\u043c\u0438, \u0430 \u043f\u043e\u0442\u0456\u043c \u043f\u0440\u0430\u043a\u0442\u0438\u0447\u043d\u043e\u0433\u043e \u0442\u0435\u0441\u0442\u0443, \u043f\u0456\u0434 \u0447\u0430\u0441 \u044f\u043a\u043e\u0433\u043e \u043f\u0440\u043e\u0432\u043e\u0434\u0438\u0442\u044c\u0441\u044f \u0441\u043f\u0456\u0432\u0431\u0435\u0441\u0456\u0434\u0430 \u0437 \u0435\u043a\u0437\u0430\u043c\u0435\u043d\u0430\u0442\u043e\u0440\u043e\u043c \u043d\u0430 \u0437\u0430\u0434\u0430\u043d\u043e\u043c\u0443 \u043f\u0440\u0438\u0441\u0442\u0440\u043e\u0457. \u043c\u0456\u0441\u0446\u0435. \u041f\u0440\u043e\u0446\u0435\u0441 \u043f\u0435\u0440\u0435\u0432\u0456\u0440\u043a\u0438 \u043a\u0432\u0430\u043b\u0456\u0444\u0456\u043a\u0430\u0446\u0456\u0457 \u0454 \u043d\u0435\u0432\u0456\u0434&#039;\u0454\u043c\u043d\u043e\u044e \u0447\u0430\u0441\u0442\u0438\u043d\u043e\u044e \u043a\u0443\u0440\u0441\u0443 - \u0423\u0414\u0422 \u043f\u0440\u043e\u0432\u043e\u0434\u0438\u0442\u044c \u0456\u0441\u043f\u0438\u0442 \u0443 \u0432\u0441\u0442\u0430\u043d\u043e\u0432\u043b\u0435\u043d\u0438\u0439 \u0442\u0435\u0440\u043c\u0456\u043d.<\/p>\n<div class=\"filmw\">\n<div class=\"responsive-youtube\" style=\"text-align: center;\"><iframe loading=\"lazy\" title=\"\u0412\u0456\u0434\u0435\u043e\u043f\u043b\u0435\u0454\u0440 YouTube\" src=\"https:\/\/www.youtube.com\/embed\/sadG__ZRQI8\" width=\"560\" height=\"315\" frameborder=\"0\" allowfullscreen=\"allowfullscreen\"><\/iframe><\/div>\n<\/div>\n<h2>\u0420\u043e\u0431\u043e\u0442\u0430 \u0434\u043b\u044f \u043e\u043f\u0435\u0440\u0430\u0442\u043e\u0440\u0456\u0432 \u0441\u0442\u0430\u0446\u0456\u043e\u043d\u0430\u0440\u043d\u0438\u0445 \u043c\u0430\u0439\u0434\u0430\u043d\u0447\u0438\u043a\u0456\u0432<\/h2>\n<p>\u0421\u0442\u0430\u0446\u0456\u043e\u043d\u0430\u0440\u043d\u0430 \u043c\u043e\u0431\u0456\u043b\u044c\u043d\u0430 \u043f\u043b\u0430\u0442\u0444\u043e\u0440\u043c\u0430 - \u0446\u0435 \u043f\u0440\u0438\u0441\u0442\u0440\u0456\u0439, \u043f\u0440\u0438\u0437\u043d\u0430\u0447\u0435\u043d\u0438\u0439 \u0434\u043b\u044f \u0440\u043e\u0431\u043e\u0442\u0438 \u0432 \u043e\u0434\u043d\u043e\u043c\u0443 \u0432\u0438\u0437\u043d\u0430\u0447\u0435\u043d\u043e\u043c\u0443 \u043c\u0456\u0441\u0446\u0456. \u0412\u0456\u043d \u043d\u0435 \u043e\u0431\u043b\u0430\u0434\u043d\u0430\u043d\u0438\u0439 \u043c\u0435\u0445\u0430\u043d\u0456\u0437\u043c\u043e\u043c \u0434\u043b\u044f \u0439\u043e\u0433\u043e \u043f\u0435\u0440\u0435\u043c\u0456\u0449\u0435\u043d\u043d\u044f. \u041d\u0435\u0437\u0432\u0430\u0436\u0430\u044e\u0447\u0438 \u043d\u0430 \u0446\u0435, \u0432\u0456\u043d \u0434\u043e\u0441\u0438\u0442\u044c \u043f\u043e\u043f\u0443\u043b\u044f\u0440\u043d\u0438\u0439: \u0439\u043e\u0433\u043e \u0432\u0438\u043a\u043e\u0440\u0438\u0441\u0442\u043e\u0432\u0443\u044e\u0442\u044c \u0443 \u0437\u043e\u0432\u043d\u0456\u0448\u043d\u0456\u0445 \u0456 \u0432\u043d\u0443\u0442\u0440\u0456\u0448\u043d\u0456\u0445 \u0440\u043e\u0431\u043e\u0442\u0430\u0445. \u041f\u0440\u0438\u043a\u043b\u0430\u0434\u0438 \u0437\u0430\u0441\u0442\u043e\u0441\u0443\u0432\u0430\u043d\u043d\u044f:<\/p>\n<ul>\n<li>\u0422\u0435\u043f\u043b\u043e\u0432\u0456 \u0435\u043b\u0435\u043a\u0442\u0440\u043e\u0441\u0442\u0430\u043d\u0446\u0456\u0457<\/li>\n<li>\u0412\u0430\u0436\u043a\u0430 \u043f\u0440\u043e\u043c\u0438\u0441\u043b\u043e\u0432\u0456\u0441\u0442\u044c<\/li>\n<li>\u0420\u0435\u043c\u043e\u043d\u0442\u043d\u043e-\u0442\u0435\u0445\u043d\u0456\u0447\u043d\u0456 \u0440\u043e\u0431\u043e\u0442\u0438:<\/li>\n<li>\u041f\u0440\u043e\u0446\u0435\u0441\u0438 \u0432\u0438\u0440\u043e\u0431\u043d\u0438\u0446\u0442\u0432\u0430 \u0442\u0430 \u043e\u0431\u0441\u043b\u0443\u0433\u043e\u0432\u0443\u0432\u0430\u043d\u043d\u044f<\/li>\n<\/ul>\n<h2>\u041a\u0443\u0440\u0441 &quot;\u0421\u0442\u0430\u0446\u0456\u043e\u043d\u0430\u0440\u043d\u0456 \u043c\u043e\u0431\u0456\u043b\u044c\u043d\u0456 \u043f\u043b\u0430\u0442\u0444\u043e\u0440\u043c\u0438&quot; - \u0456\u043d\u0444\u043e\u0440\u043c\u0430\u0446\u0456\u044f<\/h2>\n<div style=\"width: 640px;\" class=\"wp-video\"><video id=\"video-3498-1\" width=\"640\" height=\"360\" poster=\"https:\/\/kursy-udt.pl\/wp-content\/uploads\/2023\/02\/20230127_031102_0000.jpg\" preload=\"metadata\" controls=\"controls\"><source type=\"video\/mp4\" src=\"https:\/\/kursy-udt.pl\/wp-content\/uploads\/2023\/02\/ACCEPTED-operator-podestow-4K-kursy-udt.mp4?_=1\" \/><a href=\"https:\/\/kursy-udt.pl\/wp-content\/uploads\/2023\/02\/ACCEPTED-operator-podestow-4K-kursy-udt.mp4\">https:\/\/kursy-udt.pl\/wp-content\/uploads\/2023\/02\/ACCEPTED-operator-podestow-4K-kursy-udt.mp4<\/a><\/video><\/div>\n\u041f\u0440\u043e\u0433\u0440\u0430\u043c\u0430 \u043d\u0430\u0432\u0447\u0430\u043d\u043d\u044f \u0423\u0414\u0422 (\u0432\u0456\u0434\u043f\u043e\u0432\u0456\u0434\u043d\u043e \u0434\u043e \u0435\u043a\u0437\u0430\u043c\u0435\u043d\u0430\u0446\u0456\u0439\u043d\u0438\u0445 \u0432\u0438\u043c\u043e\u0433 \u0446\u044c\u043e\u0433\u043e \u043d\u0430\u0432\u0447\u0430\u043b\u044c\u043d\u043e\u0433\u043e \u0437\u0430\u043a\u043b\u0430\u0434\u0443) \u0437\u043e\u0441\u0435\u0440\u0435\u0434\u0436\u0435\u043d\u0430 \u043d\u0430 \u043f\u0438\u0442\u0430\u043d\u043d\u044f\u0445, \u043d\u0435\u043e\u0431\u0445\u0456\u0434\u043d\u0438\u0445 \u043f\u0456\u0434 \u0447\u0430\u0441 \u043a\u0432\u0430\u043b\u0456\u0444\u0456\u043a\u0430\u0446\u0456\u0439\u043d\u043e\u0457 \u043f\u0435\u0440\u0435\u0432\u0456\u0440\u043a\u0438. \u0423\u0447\u0430\u0441\u043d\u0438\u043a\u0438 \u0431\u0435\u0440\u0443\u0442\u044c \u0443\u0447\u0430\u0441\u0442\u044c \u0443 \u0442\u0435\u043e\u0440\u0435\u0442\u0438\u0447\u043d\u0438\u0445 \u043b\u0435\u043a\u0446\u0456\u044f\u0445 \u0442\u0430 \u043f\u0440\u0430\u043a\u0442\u0438\u0447\u043d\u0438\u0445 \u0437\u0430\u043d\u044f\u0442\u0442\u044f\u0445.<\/p>\n<p>\u0420\u0430\u043c\u043a\u043e\u0432\u0430 \u043f\u0440\u043e\u0433\u0440\u0430\u043c\u0430 \u043d\u0430\u0432\u0447\u0430\u043d\u043d\u044f:<\/p>\n<ul>\n<li>\u041a\u043e\u043d\u0441\u0442\u0440\u0443\u043a\u0446\u0456\u044f, \u0432\u0438\u0434\u0438 \u0442\u0430 \u0437\u0430\u0441\u0442\u043e\u0441\u0443\u0432\u0430\u043d\u043d\u044f \u0441\u0442\u0430\u0446\u0456\u043e\u043d\u0430\u0440\u043d\u0438\u0445 \u043f\u043b\u0430\u0442\u0444\u043e\u0440\u043c<\/li>\n<li>\u041e\u0431\u043e\u0432&#039;\u044f\u0437\u043a\u0438 \u043e\u043f\u0435\u0440\u0430\u0442\u043e\u0440\u0430 \u0443\u0441\u0442\u0430\u0442\u043a\u0443\u0432\u0430\u043d\u043d\u044f \u043f\u0456\u0434 \u0447\u0430\u0441 \u0435\u043a\u0441\u043f\u043b\u0443\u0430\u0442\u0430\u0446\u0456\u0457, \u043f\u0435\u0440\u0435\u0434 \u043f\u043e\u0447\u0430\u0442\u043a\u043e\u043c \u0440\u043e\u0431\u043e\u0442\u0438 \u0442\u0430 \u043f\u0456\u0441\u043b\u044f \u0457\u0457 \u0437\u0430\u043a\u0456\u043d\u0447\u0435\u043d\u043d\u044f<\/li>\n<li>\u041f\u0440\u0430\u0432\u0438\u043b\u0430 \u0431\u0435\u0437\u043f\u0435\u043a\u0438 \u043f\u0456\u0434 \u0447\u0430\u0441 \u0435\u043a\u0441\u043f\u043b\u0443\u0430\u0442\u0430\u0446\u0456\u0457<\/li>\n<li>\u0427\u0438\u043d\u043d\u0438\u0439 \u0440\u0435\u0433\u043b\u0430\u043c\u0435\u043d\u0442 \u0442\u0435\u0445\u043d\u0456\u0447\u043d\u043e\u0433\u043e \u043e\u0433\u043b\u044f\u0434\u0443<\/li>\n<li>\u041f\u0440\u0430\u043a\u0442\u0438\u0447\u043d\u0438\u0439<\/li>\n<\/ul>\n<p>\u041d\u0430\u0432\u0447\u0430\u043d\u043d\u044f \u043c\u043e\u0436\u0443\u0442\u044c \u043f\u0440\u043e\u0445\u043e\u0434\u0438\u0442\u0438 \u043f\u043e\u0432\u043d\u043e\u043b\u0456\u0442\u043d\u0456 \u043e\u0441\u043e\u0431\u0438 \u0437 \u043f\u043e\u0447\u0430\u0442\u043a\u043e\u0432\u043e\u044e \u043e\u0441\u0432\u0456\u0442\u043e\u044e, \u044f\u043a\u0456 \u043d\u0435 \u043c\u0430\u044e\u0442\u044c \u043f\u0440\u043e\u0442\u0438\u043f\u043e\u043a\u0430\u0437\u0430\u043d\u044c \u0437\u0430 \u0441\u0442\u0430\u043d\u043e\u043c \u0437\u0434\u043e\u0440\u043e\u0432\u2019\u044f (\u043f\u043e\u0442\u0440\u0456\u0431\u043d\u0430 \u0434\u043e\u0432\u0456\u0434\u043a\u0430 \u043f\u0440\u043e \u0441\u0442\u0430\u043d \u0437\u0434\u043e\u0440\u043e\u0432\u2019\u044f, \u0430 \u0434\u043b\u044f \u043f\u0440\u0438\u0439\u043e\u043c\u0443 \u043d\u0430 \u0440\u043e\u0431\u043e\u0442\u0443 \u2013 \u0434\u043e\u0432\u0456\u0434\u043a\u0430 \u043b\u0456\u043a\u0430\u0440\u044f \u0437 \u043c\u0435\u0434\u0438\u0446\u0438\u043d\u0438 \u043f\u0440\u0430\u0446\u0456). \u0414\u043e\u0441\u0432\u0456\u0434 \u0440\u043e\u0431\u043e\u0442\u0438 \u0437 \u043f\u043b\u0430\u0442\u0444\u043e\u0440\u043c\u0430\u043c\u0438 \u043d\u0435 \u043e\u0431\u043e\u0432\u2019\u044f\u0437\u043a\u043e\u0432\u0438\u0439 \u2013 \u0437\u0430\u043d\u044f\u0442\u0442\u044f \u043f\u0440\u043e\u0432\u043e\u0434\u044f\u0442\u044c\u0441\u044f \u0437 \u043d\u0443\u043b\u044f \u0430\u0431\u043e \u2013 \u044f\u043a\u0449\u043e \u0454 \u0433\u0440\u0443\u043f\u0430 \u0431\u0430\u0436\u0430\u044e\u0447\u0438\u0445 \u0437 \u0431\u0456\u043b\u044c\u0448\u0438\u043c \u0434\u043e\u0441\u0432\u0456\u0434\u043e\u043c \u2013 \u0432 \u0430\u0434\u0430\u043f\u0442\u043e\u0432\u0430\u043d\u043e\u043c\u0443 \u0434\u043e \u043f\u043e\u0442\u0440\u0435\u0431 \u043e\u0431\u0441\u044f\u0437\u0456.<\/p>\n<p>\u0417\u0430\u043b\u0435\u0436\u043d\u043e \u0432\u0456\u0434 \u0433\u0440\u0443\u043f\u0438 \u0442\u0440\u0438\u0432\u0430\u043b\u0456\u0441\u0442\u044c \u0437\u0430\u043d\u044f\u0442\u044c \u043c\u043e\u0436\u0435 \u043a\u043e\u043b\u0438\u0432\u0430\u0442\u0438\u0441\u044f \u0432\u0456\u0434 8 \u0434\u043e 35 \u0433\u043e\u0434\u0438\u043d. \u0427\u0430\u0441, \u043d\u0435\u043e\u0431\u0445\u0456\u0434\u043d\u0438\u0439 \u0434\u043b\u044f \u043f\u0440\u0430\u043a\u0442\u0438\u0447\u043d\u043e\u0433\u043e \u043d\u0430\u0432\u0447\u0430\u043d\u043d\u044f, \u0432\u0438\u0437\u043d\u0430\u0447\u0430\u0454\u0442\u044c\u0441\u044f \u0456\u043d\u0434\u0438\u0432\u0456\u0434\u0443\u0430\u043b\u044c\u043d\u043e \u0437 \u0432\u0438\u043a\u043b\u0430\u0434\u0430\u0447\u0435\u043c.<\/p>\n<p>\u0406\u043d\u0444\u043e\u0440\u043c\u0430\u0446\u0456\u044e \u043f\u0440\u043e \u0434\u0430\u0442\u0438 \u0442\u0430 \u043c\u0456\u0441\u0446\u0435 \u043f\u0440\u043e\u0432\u0435\u0434\u0435\u043d\u043d\u044f \u043a\u0443\u0440\u0441\u0456\u0432 \u043c\u043e\u0436\u043d\u0430 \u0437\u043d\u0430\u0439\u0442\u0438 \u043d\u0430 \u043d\u0430\u0448\u043e\u043c\u0443 \u0441\u0430\u0439\u0442\u0456. \u0410\u043a\u0442\u0443\u0430\u043b\u044c\u043d\u0443 \u0456\u043d\u0444\u043e\u0440\u043c\u0430\u0446\u0456\u044e \u0442\u0430\u043a\u043e\u0436 \u043c\u043e\u0436\u043d\u0430 \u0437\u043d\u0430\u0439\u0442\u0438 \u043d\u0430 \u0441\u0430\u0439\u0442\u0456 <a href=\"https:\/\/platformaedukacji.pl\/sklep\/\">www.platformaedukacji.pl<\/a>. \u0422\u0430\u043c \u0436\u0435 \u043c\u043e\u0436\u043d\u0430 \u0437\u0430\u043f\u0438\u0441\u0430\u0442\u0438\u0441\u044f \u043d\u0430 \u0437\u0430\u043d\u044f\u0442\u0442\u044f \u0442\u0430 \u0437\u0434\u0456\u0439\u0441\u043d\u0438\u0442\u0438 \u043e\u043f\u043b\u0430\u0442\u0443.<\/p>\n<p>\u0423 \u0432\u0438\u043f\u0430\u0434\u043a\u0443 \u0437\u0456 \u0441\u0442\u0430\u0446\u0456\u043e\u043d\u0430\u0440\u043d\u0438\u043c\u0438 \u043c\u043e\u0431\u0456\u043b\u044c\u043d\u0438\u043c\u0438 \u043f\u043b\u0430\u0442\u0444\u043e\u0440\u043c\u0430\u043c\u0438 \u043a\u0443\u0440\u0441\u0438 \u043c\u043e\u0436\u0443\u0442\u044c \u0431\u0443\u0442\u0438 \u043e\u0440\u0433\u0430\u043d\u0456\u0437\u043e\u0432\u0430\u043d\u0456 \u0456 \u0432 \u0437\u0430\u043a\u0440\u0438\u0442\u0456\u0439 \u0444\u043e\u0440\u043c\u0456, \u044f\u043a \u0442\u0440\u0435\u043d\u0456\u043d\u0433 \u0434\u043b\u044f \u0441\u043f\u0456\u0432\u0440\u043e\u0431\u0456\u0442\u043d\u0438\u043a\u0456\u0432 \u043a\u043e\u043c\u043f\u0430\u043d\u0456\u0457. \u0414\u043b\u044f \u043e\u0431\u0433\u043e\u0432\u043e\u0440\u0435\u043d\u043d\u044f \u0434\u0435\u0442\u0430\u043b\u0435\u0439 \u0437\u0432&#039;\u044f\u0436\u0456\u0442\u044c\u0441\u044f \u0437 \u043d\u0430\u043c\u0438 \u0435\u043b\u0435\u043a\u0442\u0440\u043e\u043d\u043d\u043e\u044e \u043f\u043e\u0448\u0442\u043e\u044e \u0430\u0431\u043e \u043f\u043e \u0442\u0435\u043b\u0435\u0444\u043e\u043d\u0443.<\/p>\n<p>\u041c\u0438 \u0437\u0430\u043f\u0440\u043e\u0448\u0443\u0454\u043c\u043e \u0432\u0430\u0441 \u043e\u0437\u043d\u0430\u0439\u043e\u043c\u0438\u0442\u0438\u0441\u044f \u0437 \u043f\u0440\u043e\u043f\u043e\u0437\u0438\u0446\u0456\u0454\u044e \u0456\u043d\u0448\u0438\u0445 \u043d\u0430\u0448\u0438\u0445 \u043a\u0443\u0440\u0441\u0456\u0432: \u043c\u043e\u0431\u0456\u043b\u044c\u043d\u0456 \u043c\u043e\u0431\u0456\u043b\u044c\u043d\u0456 \u043f\u043b\u0430\u0442\u0444\u043e\u0440\u043c\u0438, \u0441\u0430\u043c\u043e\u0445\u0456\u0434\u043d\u0456 \u043c\u043e\u0431\u0456\u043b\u044c\u043d\u0456 \u043f\u043b\u0430\u0442\u0444\u043e\u0440\u043c\u0438 \u0430\u0431\u043e \u043f\u0456\u0434\u0439\u043e\u043c\u043d\u0456 \u043a\u0443\u0440\u0441\u0438.<\/p>\n<p><a href=\"https:\/\/kursy-udt.pl\/wp-content\/uploads\/2022\/12\/PODESTY-RUCHOME-kursy-udt.pl_.png\"><img loading=\"lazy\" decoding=\"async\" class=\"aligncenter wp-image-4531\" src=\"https:\/\/kursy-udt.pl\/wp-content\/uploads\/2022\/12\/PODESTY-RUCHOME-kursy-udt.pl_-300x188.png\" alt=\"\" width=\"750\" height=\"469\" srcset=\"https:\/\/kursy-udt.pl\/wp-content\/uploads\/2022\/12\/PODESTY-RUCHOME-kursy-udt.pl_-300x188.png 300w, https:\/\/kursy-udt.pl\/wp-content\/uploads\/2022\/12\/PODESTY-RUCHOME-kursy-udt.pl_-1024x640.png 1024w, https:\/\/kursy-udt.pl\/wp-content\/uploads\/2022\/12\/PODESTY-RUCHOME-kursy-udt.pl_-768x480.png 768w, https:\/\/kursy-udt.pl\/wp-content\/uploads\/2022\/12\/PODESTY-RUCHOME-kursy-udt.pl_-18x12.png 18w, https:\/\/kursy-udt.pl\/wp-content\/uploads\/2022\/12\/PODESTY-RUCHOME-kursy-udt.pl_-624x390.png 624w, https:\/\/kursy-udt.pl\/wp-content\/uploads\/2022\/12\/PODESTY-RUCHOME-kursy-udt.pl_.png 1200w\" sizes=\"auto, (max-width: 750px) 100vw, 750px\" \/><\/a><\/p>","protected":false},"excerpt":{"rendered":"<p>To zaj\u0119cia przeznaczone dla os\u00f3b, kt\u00f3re chc\u0105 pracowa\u0107 w zawodzie operatora podest\u00f3w ruchomych stacjonarnych. Zdobycie kwalifikacji w tym zakresie wi\u0105\u017ce si\u0119 z konieczno\u015bci\u0105 zdania egzaminu przed komisj\u0105 UDT. Szkolenia prowadzone przez instruktor\u00f3w O\u015brodka stanowi\u0105 rzetelne \u017ar\u00f3d\u0142o wiedzy wymaganej na tym egzaminie. Dodatkowo s\u0105 dla przysz\u0142ych operator\u00f3w przygotowaniem do bezpiecznej, bezwypadkowej pracy z urz\u0105dzeniami. Uprawnienia UDT na podesty stacjonarne Wed\u0142ug klasyfikacji Urz\u0119du Dozoru Technicznego podesty stacjonarne nale\u017c\u0105 do urz\u0105dze\u0144 transportu bliskiego i s\u0105 obj\u0119te dozorem technicznym. Razem z podestami ruchomymi wisz\u0105cymi zaliczane s\u0105 do dawnej kategorii II P. Uprawnienia na podesty ruchome stacjonarne dla operator\u00f3w s\u0105 przyznawane na 10 lat, po tym czasie nale\u017cy je odnowi\u0107. Wystawione przez Urz\u0105d za\u015bwiadczenie kwalifikacyjne w formie karty plastikowej jest wa\u017cne na terenie ca\u0142ej Polski i wymagane przy zatrudnieniu. Przeprowadzany przez odpowiedni\u0105 komisj\u0119 UDT (w Warszawie lub oddziale terenowym Urz\u0119du) egzamin ma form\u0119 testu wiedzy z pytaniami zamkni\u0119tymi, a nast\u0119pnie sprawdzianu praktycznego, w czasie kt\u00f3rego odbywa si\u0119 rozmow\u0119 z egzaminatorem przy danym urz\u0105dzeniu. Proces sprawdzenia kwalifikacji jest integraln\u0105 cz\u0119\u015bci\u0105 kursu \u2013 UDT przeprowadza egzamin w wyznaczonym terminie. Praca dla operator\u00f3w podest\u00f3w stacjonarnych Podest ruchomy stacjonarny jest urz\u0105dzeniem przeznaczonym do pracy w jednym, wyznaczonym miejscu. Nie jest wyposa\u017cony w mechanizm umo\u017cliwiaj\u0105cy przemieszczanie. Mimo to jest do\u015b\u0107 popularny: u\u017cywa si\u0119 go w pracach na zewn\u0105trz i wewn\u0105trz budynk\u00f3w. Przyk\u0142adowe zastosowania to: Elektrociep\u0142ownie Przemys\u0142 ci\u0119\u017cki Prace remontowe i konserwacyjne: Procesy produkcyjne i konserwacyjne Kurs \u201cPodesty ruchome stacjonarne\u201d &#8211; informacje Program szkolenia UDT (zgodne z wymogami egzaminacyjnymi tej instytucji) skupia si\u0119 na zagadnieniach wymaganych podczas sprawdzenia kwalifikacji. Uczestnicy bior\u0105 udzia\u0142 w wyk\u0142adach teoretycznych oraz [&hellip;]<\/p>\n","protected":false},"author":1,"featured_media":4450,"parent":2721,"menu_order":0,"comment_status":"closed","ping_status":"closed","template":"","meta":{"sfsi_plus_gutenberg_text_before_share":"","sfsi_plus_gutenberg_show_text_before_share":"","sfsi_plus_gutenberg_icon_type":"","sfsi_plus_gutenberg_icon_alignemt":"","sfsi_plus_gutenburg_max_per_row":"","footnotes":""},"class_list":["post-3498","page","type-page","status-publish","has-post-thumbnail","hentry","has_thumb"],"aioseo_notices":[],"_links":{"self":[{"href":"https:\/\/kursy-udt.pl\/ua\/wp-json\/wp\/v2\/pages\/3498","targetHints":{"allow":["GET"]}}],"collection":[{"href":"https:\/\/kursy-udt.pl\/ua\/wp-json\/wp\/v2\/pages"}],"about":[{"href":"https:\/\/kursy-udt.pl\/ua\/wp-json\/wp\/v2\/types\/page"}],"author":[{"embeddable":true,"href":"https:\/\/kursy-udt.pl\/ua\/wp-json\/wp\/v2\/users\/1"}],"replies":[{"embeddable":true,"href":"https:\/\/kursy-udt.pl\/ua\/wp-json\/wp\/v2\/comments?post=3498"}],"version-history":[{"count":6,"href":"https:\/\/kursy-udt.pl\/ua\/wp-json\/wp\/v2\/pages\/3498\/revisions"}],"predecessor-version":[{"id":4758,"href":"https:\/\/kursy-udt.pl\/ua\/wp-json\/wp\/v2\/pages\/3498\/revisions\/4758"}],"up":[{"embeddable":true,"href":"https:\/\/kursy-udt.pl\/ua\/wp-json\/wp\/v2\/pages\/2721"}],"wp:featuredmedia":[{"embeddable":true,"href":"https:\/\/kursy-udt.pl\/ua\/wp-json\/wp\/v2\/media\/4450"}],"wp:attachment":[{"href":"https:\/\/kursy-udt.pl\/ua\/wp-json\/wp\/v2\/media?parent=3498"}],"curies":[{"name":"wp","href":"https:\/\/api.w.org\/{rel}","templated":true}]}}