{"id":3492,"date":"2021-09-02T12:10:53","date_gmt":"2021-09-02T12:10:53","guid":{"rendered":"https:\/\/kursy-udt.pl\/?page_id=3492"},"modified":"2023-01-04T09:19:46","modified_gmt":"2023-01-04T09:19:46","slug":"%d1%81%d1%82%d1%80%d1%96%d0%bb%d0%b0-%d0%bf%d1%96%d0%b4%d0%b9%d0%be%d0%bc%d0%bd%d0%b8%d0%ba-%d0%bd%d0%be%d0%b6%d0%b8%d1%87%d0%bd%d0%b8%d0%b9-%d0%bf%d1%96%d0%b4%d0%b9%d0%be%d0%bc%d0%bd%d0%b8%d0%ba","status":"publish","type":"page","link":"https:\/\/kursy-udt.pl\/ua\/szkolenia\/udt-wdt-tdt\/boom-lift-scissor-lift\/","title":{"rendered":"\u041a\u0443\u0440\u0441 \u043f\u0456\u0434\u0433\u043e\u0442\u043e\u0432\u043a\u0438 \u0434\u043e \u0440\u043e\u0431\u043e\u0442\u0438 \u043d\u0430 \u043f\u0456\u0434\u0439\u043e\u043c\u043d\u0438\u043a\u0430\u0445 \u0437\u0430 \u043a\u043e\u0440\u0434\u043e\u043d\u043e\u043c (\u043f\u0456\u0434\u0439\u043e\u043c\u043d\u0438\u043a\u0438 \u043a\u0443\u0437\u043e\u0432\u043d\u0456 - \u0441\u0442\u0440\u0456\u043b\u043e\u0432\u0438\u0439 \u043f\u0456\u0434\u0439\u043e\u043c\u043d\u0438\u043a, \u043d\u043e\u0436\u0438\u0447\u043d\u0456 \u043f\u0456\u0434\u0439\u043e\u043c\u043d\u0438\u043a\u0438 - \u043d\u043e\u0436\u0438\u0447\u043d\u0438\u0439 \u043f\u0456\u0434\u0439\u043e\u043c\u043d\u0438\u043a)"},"content":{"rendered":"<p><a href=\"https:\/\/kursy-udt.pl\/wp-content\/uploads\/2021\/09\/kursy-udt.pl-0017-OPUBLIKOWANE-v7-Copy.jpg\"><img loading=\"lazy\" decoding=\"async\" class=\"paddingleft10 wp-image-3493 size-medium alignleft\" src=\"https:\/\/kursy-udt.pl\/wp-content\/uploads\/2021\/09\/kursy-udt.pl-0017-OPUBLIKOWANE-v7-Copy-300x200.jpg\" alt=\"\u041f\u0456\u0434\u0439\u043e\u043c\u043d\u0438\u043a\u0438, \u043d\u043e\u0436\u0438\u0447\u043d\u0456 \u043f\u0456\u0434\u0439\u043e\u043c\u043d\u0438\u043a\u0438 (\u0441\u0442\u0440\u0456\u043b\u0430, \u043d\u043e\u0436\u0438\u0447\u043d\u0438\u0439 \u043f\u0456\u0434\u0439\u043e\u043c\u043d\u0438\u043a) - \u0434\u043b\u044f \u0440\u043e\u0431\u043e\u0442\u0438 \u0437 \u0446\u0438\u043c\u0438 \u043f\u0440\u0438\u0441\u0442\u0440\u043e\u044f\u043c\u0438 \u0437\u0430 \u043a\u043e\u0440\u0434\u043e\u043d\u043e\u043c \u043f\u043e\u0442\u0440\u0456\u0431\u043d\u0430 \u0434\u043e\u0434\u0430\u0442\u043a\u043e\u0432\u0430 \u043a\u0432\u0430\u043b\u0456\u0444\u0456\u043a\u0430\u0446\u0456\u044f\" width=\"300\" height=\"200\" srcset=\"https:\/\/kursy-udt.pl\/wp-content\/uploads\/2021\/09\/kursy-udt.pl-0017-OPUBLIKOWANE-v7-Copy-300x200.jpg 300w, https:\/\/kursy-udt.pl\/wp-content\/uploads\/2021\/09\/kursy-udt.pl-0017-OPUBLIKOWANE-v7-Copy.jpg 579w\" sizes=\"auto, (max-width: 300px) 100vw, 300px\" \/><\/a>\u041e\u0442\u0440\u0438\u043c\u0430\u043d\u043d\u044f \u043f\u0440\u043e\u0444\u0435\u0441\u0456\u0439\u043d\u043e\u0457 \u043a\u0432\u0430\u043b\u0456\u0444\u0456\u043a\u0430\u0446\u0456\u0457 \u043f\u0435\u0440\u0435\u0434 \u0432\u0438\u0457\u0437\u0434\u043e\u043c \u0437\u0430 \u043a\u043e\u0440\u0434\u043e\u043d \u043c\u043e\u0436\u0435 \u0441\u0442\u0430\u0442\u0438 \u0437\u0430\u043f\u043e\u0440\u0443\u043a\u043e\u044e \u043e\u0442\u0440\u0438\u043c\u0430\u043d\u043d\u044f \u0432\u0438\u0441\u043e\u043a\u043e\u043e\u043f\u043b\u0430\u0447\u0443\u0432\u0430\u043d\u043e\u0457 \u0440\u043e\u0431\u043e\u0442\u0438 \u0437 \u043a\u043e\u0440\u043e\u0442\u043a\u0438\u043c \u0447\u0430\u0441\u043e\u043c \u043f\u043e\u0448\u0443\u043a\u0443 \u0440\u043e\u0431\u043e\u0442\u0438. \u0422\u0430\u043a\u0456 \u0444\u0430\u0445\u0456\u0432\u0446\u0456, \u044f\u043a \u043e\u043f\u0435\u0440\u0430\u0442\u043e\u0440\u0438 \u043c\u043e\u0431\u0456\u043b\u044c\u043d\u0438\u0445 \u043f\u043b\u0430\u0442\u0444\u043e\u0440\u043c, \u044f\u043a \u0456 \u0432 \u043d\u0430\u0448\u0456\u0439 \u043a\u0440\u0430\u0457\u043d\u0456, \u0437\u0430\u0442\u0440\u0435\u0431\u0443\u0432\u0430\u043d\u0456 \u0432 \u0431\u0443\u0434\u0456\u0432\u043d\u0438\u0446\u0442\u0432\u0456, \u0440\u0435\u043c\u043e\u043d\u0442\u0456 \u0442\u0430 \u0456\u043d\u0448\u0438\u0445 \u0433\u0430\u043b\u0443\u0437\u044f\u0445. \u0412\u0438\u043a\u043e\u0440\u0438\u0441\u0442\u043e\u0432\u0443\u044e\u0442\u044c\u0441\u044f \u0442\u0430\u043a\u043e\u0436 \u0430\u0432\u0442\u043e\u0432\u0438\u0448\u043a\u0438 \u0456 \u043d\u043e\u0436\u0438\u0447\u043d\u0456 \u043f\u0456\u0434\u0439\u043e\u043c\u043d\u0438\u043a\u0438 \u043f\u0440\u0438 \u0440\u043e\u0431\u043e\u0442\u0456 \u043d\u0430 \u0431\u0443\u0440\u043e\u0432\u0438\u0445 \u043f\u043b\u0430\u0442\u0444\u043e\u0440\u043c\u0430\u0445, \u0430 \u0442\u0430\u043a\u043e\u0436 \u0432 \u043f\u043e\u0440\u0442\u0430\u0445 \u0456 \u043d\u0430 \u0432\u0435\u0440\u0444\u044f\u0445. \u0429\u043e\u0431 \u043c\u0430\u0442\u0438 \u043c\u043e\u0436\u043b\u0438\u0432\u0456\u0441\u0442\u044c \u0435\u043a\u0441\u043f\u043b\u0443\u0430\u0442\u0443\u0432\u0430\u0442\u0438 \u0446\u0456 \u043f\u0440\u0438\u0441\u0442\u0440\u043e\u0457 \u0437\u0430 \u043a\u043e\u0440\u0434\u043e\u043d\u043e\u043c, \u0447\u0430\u0441\u0442\u043e \u0434\u043e\u0432\u043e\u0434\u0438\u0442\u044c\u0441\u044f \u043e\u0442\u0440\u0438\u043c\u0443\u0432\u0430\u0442\u0438 \u0434\u043e\u0434\u0430\u0442\u043a\u043e\u0432\u0456 <a href=\"https:\/\/kursy-udt.pl\/ua\/uprawnienia-udt\/kategorie-uprawnien-2\/\">\u043f\u0440\u0430\u0432\u0430<\/a>. \u041f\u043e\u043b\u044c\u0441\u044c\u043a\u0456, \u0432\u0438\u0434\u0430\u043d\u0456 \u0423\u0414\u0422, \u043d\u0435 \u0432\u0441\u044e\u0434\u0438 \u0432 \u043f\u043e\u0448\u0430\u043d\u0456.<\/p>\n<p>\u0414\u043b\u044f \u0442\u0438\u0445, \u0445\u0442\u043e \u0445\u043e\u0442\u0456\u0432 \u0431\u0438 \u043f\u0440\u0430\u0446\u044e\u0432\u0430\u0442\u0438 \u0432 \u043a\u0440\u0430\u0457\u043d\u0430\u0445, \u043f\u043e\u0432'\u044f\u0437\u0430\u043d\u0438\u0445 \u0437 \u043e\u0440\u0433\u0430\u043d\u0456\u0437\u0430\u0446\u0456\u0454\u044e <a href=\"https:\/\/kursy-udt.pl\/ua\/szkolenia\/udt-wdt-tdt\/sygnalista-hakowy\/\">OMHEC<\/a> (Offshore Mechanical Handling Equipment Committee), \u0442\u043e\u0431\u0442\u043e \u0412\u0435\u043b\u0438\u043a\u043e\u0431\u0440\u0438\u0442\u0430\u043d\u0456\u0457, \u0414\u0430\u043d\u0456\u0457, \u041d\u043e\u0440\u0432\u0435\u0433\u0456\u0457 \u0442\u0430 \u041d\u0456\u0434\u0435\u0440\u043b\u0430\u043d\u0434\u0456\u0432, \u043c\u0438 \u0440\u0435\u043a\u043e\u043c\u0435\u043d\u0434\u0443\u0454\u043c\u043e \u043f\u0440\u043e\u0439\u0442\u0438 \u043a\u0443\u0440\u0441 \u0434\u043b\u044f \u043f\u0456\u0434\u0433\u043e\u0442\u043e\u0432\u043a\u0438 \u0434\u043e \u0441\u0435\u0440\u0442\u0438\u0444\u0456\u043a\u0430\u0446\u0456\u0457. \u041e\u0442\u0440\u0438\u043c\u0430\u043d\u043d\u044f \u0446\u0456\u0454\u0457 \u0441\u0435\u0440\u0442\u0438\u0444\u0456\u043a\u0430\u0446\u0456\u0457 \u0434\u043e\u0437\u0432\u043e\u043b\u044f\u0454 \u043f\u0440\u0430\u0446\u044e\u0432\u0430\u0442\u0438 \u043e\u043f\u0435\u0440\u0430\u0442\u043e\u0440\u043e\u043c \u043e\u0431\u043b\u0430\u0434\u043d\u0430\u043d\u043d\u044f. \u0417\u0430\u043d\u044f\u0442\u0442\u044f \u043f\u0440\u043e\u0445\u043e\u0434\u044f\u0442\u044c \u043d\u0430 \u0441\u0442\u0430\u0446\u0456\u043e\u043d\u0430\u0440\u043d\u043e\u043c\u0443 \u043c\u0430\u0439\u0434\u0430\u043d\u0447\u0438\u043a\u0443 \u0443 \u0412\u0430\u0440\u0448\u0430\u0432\u0456 \u0430\u0431\u043e \u0434\u0438\u0441\u0442\u0430\u043d\u0446\u0456\u0439\u043d\u043e, \u0443 \u0444\u043e\u0440\u043c\u0456 \u0435\u043b\u0435\u043a\u0442\u0440\u043e\u043d\u043d\u043e\u0433\u043e \u043d\u0430\u0432\u0447\u0430\u043d\u043d\u044f.<\/p>\n<h2>\u041a\u0443\u0440\u0441 \u043f\u043e \u0435\u043a\u0441\u043f\u043b\u0443\u0430\u0442\u0430\u0446\u0456\u0457 \u0441\u0442\u0440\u0456\u043b\u043e\u0432\u0438\u0445 \u0456 \u043d\u043e\u0436\u0438\u0447\u043d\u0438\u0445 \u043f\u0456\u0434\u0439\u043e\u043c\u043d\u0438\u043a\u0456\u0432 \u0437\u0430 \u043a\u043e\u0440\u0434\u043e\u043d\u043e\u043c<\/h2>\n<p>\u041d\u0430\u0432\u0447\u0430\u043d\u043d\u044f \u0431\u0443\u043b\u043e \u043f\u0456\u0434\u0433\u043e\u0442\u043e\u0432\u043b\u0435\u043d\u043e \u0444\u0430\u0445\u0456\u0432\u0446\u044f\u043c\u0438 \u043d\u0430\u0448\u043e\u0433\u043e \u0426\u0435\u043d\u0442\u0440\u0443 \u043d\u0430 \u043e\u0441\u043d\u043e\u0432\u0456 \u0441\u0442\u0430\u043d\u0434\u0430\u0440\u0442\u0456\u0432, \u0432\u0441\u0442\u0430\u043d\u043e\u0432\u043b\u0435\u043d\u0438\u0445 \u043e\u0440\u0433\u0430\u043d\u0456\u0437\u0430\u0446\u0456\u0454\u044e OMHEC \u0442\u0430 \u0441\u0442\u0430\u043d\u0434\u0430\u0440\u0442\u0456\u0432 MEWP ISO 18878. \u0417\u0430\u0432\u0434\u044f\u043a\u0438 \u0446\u044c\u043e\u043c\u0443 \u043f\u0440\u043e\u0445\u043e\u0434\u0436\u0435\u043d\u043d\u044f \u043d\u0430\u0432\u0447\u0430\u043d\u043d\u044f \u0442\u0430 \u043e\u0442\u0440\u0438\u043c\u0430\u043d\u043d\u044f \u0441\u0435\u0440\u0442\u0438\u0444\u0456\u043a\u0430\u0442\u0443 \u0432\u0438\u0437\u043d\u0430\u0454\u0442\u044c\u0441\u044f \u0443 \u0432\u0438\u0449\u0435\u0437\u0430\u0437\u043d\u0430\u0447\u0435\u043d\u0438\u0445 \u043a\u0440\u0430\u0457\u043d\u0430\u0445.<\/p>\n<p>\u041f\u0456\u0434 \u0447\u0430\u0441 \u043d\u0430\u0432\u0447\u0430\u043d\u043d\u044f \u0443\u0447\u0430\u0441\u043d\u0438\u043a\u0438 \u043e\u0442\u0440\u0438\u043c\u0443\u044e\u0442\u044c \u0437\u043d\u0430\u043d\u043d\u044f \u043f\u0440\u043e:<\/p>\n<ul>\n<li>\u0411\u0443\u0434\u043e\u0432\u0430 \u0442\u0430 \u0435\u043a\u0441\u043f\u043b\u0443\u0430\u0442\u0430\u0446\u0456\u044f \u0441\u043a\u043b\u0430\u0434\u043e\u0432\u0438\u0445 \u043b\u0456\u0444\u0442\u0456\u0432 \u041c\u041f\u0420\u041f<\/li>\n<li>\u041f\u0440\u0430\u0432\u0438\u043b\u0430 \u0431\u0435\u0437\u043f\u0435\u043a\u0438 \u0437 \u0443\u0440\u0430\u0445\u0443\u0432\u0430\u043d\u043d\u044f\u043c \u0443\u043c\u043e\u0432 \u043f\u0440\u0430\u0446\u0456 \u043d\u0430 \u0441\u0443\u0448\u0456 \u0442\u0430 \u043d\u0430 \u043c\u043e\u0440\u0456<\/li>\n<li>\u041f\u0440\u0430\u0432\u0438\u043b\u0430 \u0432\u0438\u043a\u043e\u0440\u0438\u0441\u0442\u0430\u043d\u043d\u044f \u043c\u043e\u0431\u0456\u043b\u044c\u043d\u0438\u0445 \u043f\u043b\u0430\u0442\u0444\u043e\u0440\u043c, \u0449\u043e \u0434\u0456\u044e\u0442\u044c \u0437\u0430 \u043a\u043e\u0440\u0434\u043e\u043d\u043e\u043c<\/li>\n<li>\u0414\u043e\u0441\u043b\u0456\u0434\u0436\u0435\u043d\u043d\u044f \u0442\u0430 \u0432\u0438\u043f\u0440\u043e\u0431\u0443\u0432\u0430\u043d\u043d\u044f \u043d\u0430 \u043c\u0456\u0446\u043d\u0456\u0441\u0442\u044c \u0456 \u0441\u0442\u0456\u0439\u043a\u0456\u0441\u0442\u044c \u0434\u043e\u043c\u043a\u0440\u0430\u0442\u0456\u0432<\/li>\n<\/ul>\n<p>\u0412\u0456\u0434\u043f\u043e\u0432\u0456\u0434\u043d\u043e \u0434\u043e \u0440\u0435\u043a\u043e\u043c\u0435\u043d\u0434\u0430\u0446\u0456\u0439 ISO \u0442\u0430 OMHEC, \u0441\u0442\u0443\u0434\u0435\u043d\u0442\u0438 \u0442\u0430\u043a\u043e\u0436 \u0431\u0435\u0440\u0443\u0442\u044c \u0443\u0447\u0430\u0441\u0442\u044c \u0443 \u043f\u0440\u0430\u043a\u0442\u0438\u0447\u043d\u0438\u0445 \u0437\u0430\u043d\u044f\u0442\u0442\u044f\u0445, \u043f\u0456\u0434 \u0447\u0430\u0441 \u044f\u043a\u0438\u0445 \u043d\u0430\u0432\u0447\u0430\u044e\u0442\u044c\u0441\u044f \u043a\u043e\u0440\u0438\u0441\u0442\u0443\u0432\u0430\u0442\u0438\u0441\u044f \u043f\u0440\u0438\u0441\u0442\u0440\u043e\u044f\u043c\u0438 \u0442\u0430 \u0431\u0435\u0437\u043f\u0435\u0447\u043d\u043e \u0457\u0445 \u0435\u043a\u0441\u043f\u043b\u0443\u0430\u0442\u0443\u0432\u0430\u0442\u0438.<\/p>\n<div class=\"filmw\">\n<div class=\"responsive-youtube\" style=\"text-align: center;\"><iframe loading=\"lazy\" title=\"\u0412\u0456\u0434\u0435\u043e\u043f\u043b\u0435\u0454\u0440 YouTube\" src=\"https:\/\/www.youtube.com\/embed\/sadG__ZRQI8\" width=\"560\" height=\"315\" frameborder=\"0\" allowfullscreen=\"allowfullscreen\"><\/iframe><\/div>\n<\/div>\n<h2>\u041f\u0440\u0430\u0432\u043e \u043d\u0430 \u0440\u043e\u0431\u043e\u0442\u0443 \u0437\u0430 \u043a\u043e\u0440\u0434\u043e\u043d\u043e\u043c<\/h2>\n<p>\u041f\u0456\u0441\u043b\u044f \u0437\u0430\u043a\u0456\u043d\u0447\u0435\u043d\u043d\u044f \u043d\u0430\u0432\u0447\u0430\u043b\u044c\u043d\u043e\u0457 \u0447\u0430\u0441\u0442\u0438\u043d\u0438 \u0434\u043b\u044f \u0441\u0442\u0443\u0434\u0435\u043d\u0442\u0456\u0432 \u043e\u0440\u0433\u0430\u043d\u0456\u0437\u043e\u0432\u0443\u0454\u0442\u044c\u0441\u044f \u0456\u0441\u043f\u0438\u0442: \u0442\u0435\u043e\u0440\u0435\u0442\u0438\u0447\u043d\u0430 \u0442\u0430 \u043f\u0440\u0430\u043a\u0442\u0438\u0447\u043d\u0430 \u0447\u0430\u0441\u0442\u0438\u043d\u0438. \u042f\u043a\u0449\u043e \u0432\u0438 \u0439\u043e\u0433\u043e \u043f\u0440\u043e\u0439\u0434\u0435\u0442\u0435, \u0432\u0438 \u043e\u0442\u0440\u0438\u043c\u0430\u0454\u0442\u0435 \u0441\u0435\u0440\u0442\u0438\u0444\u0456\u043a\u0430\u0442, \u043d\u0435\u043e\u0431\u0445\u0456\u0434\u043d\u0438\u0439 \u0434\u043b\u044f \u043f\u0440\u0430\u0446\u0435\u0432\u043b\u0430\u0448\u0442\u0443\u0432\u0430\u043d\u043d\u044f \u0437\u0430 \u043a\u043e\u0440\u0434\u043e\u043d\u043e\u043c. \u0423 \u0426\u0435\u043d\u0442\u0440\u0456 \u0442\u0430\u043a\u043e\u0436 \u043c\u043e\u0436\u043d\u0430 \u043e\u0444\u043e\u0440\u043c\u0438\u0442\u0438 \u043f\u043b\u0430\u0441\u0442\u0438\u043a\u043e\u0432\u0443 \u043a\u0430\u0440\u0442\u043a\u0443 Hot Work \u0437\u0430 \u0434\u043e\u0434\u0430\u0442\u043a\u043e\u0432\u0443 \u043f\u043b\u0430\u0442\u0443 300 \u0437\u043b\u043e\u0442\u0438\u0445. \u041d\u0430\u0434\u0430\u043d\u0456 \u043f\u0440\u0430\u0432\u0430 \u0434\u0456\u044e\u0442\u044c \u043f\u0440\u043e\u0442\u044f\u0433\u043e\u043c 5 \u0440\u043e\u043a\u0456\u0432.<\/p>\n<h2>\u0406\u043d\u0444\u043e\u0440\u043c\u0430\u0446\u0456\u044f \u043f\u0440\u043e \u043f\u0440\u0438\u0441\u0442\u0440\u043e\u0457, \u044f\u043a\u0438\u043c\u0438 \u043c\u043e\u0436\u043d\u0430 \u043a\u0435\u0440\u0443\u0432\u0430\u0442\u0438 \u043f\u0456\u0441\u043b\u044f \u043e\u0442\u0440\u0438\u043c\u0430\u043d\u043d\u044f \u0434\u043e\u0437\u0432\u043e\u043b\u0456\u0432<\/h2>\n<h3>\u041f\u0456\u0434\u0439\u043e\u043c\u043d\u0438\u043a\u0438 \u0441\u0442\u0440\u0456\u043b\u043e\u0432\u0456<\/h3>\n<p>\u0426\u0435 \u043c\u043e\u0431\u0456\u043b\u044c\u043d\u0456 \u043f\u043b\u0430\u0442\u0444\u043e\u0440\u043c\u0438, \u0449\u043e \u0432\u0445\u043e\u0434\u044f\u0442\u044c \u0434\u043e \u043a\u0430\u0442\u0435\u0433\u043e\u0440\u0456\u0457 \u0441\u0430\u043c\u043e\u0445\u0456\u0434\u043d\u0438\u0445 \u043c\u043e\u0431\u0456\u043b\u044c\u043d\u0438\u0445 \u043f\u043b\u0430\u0442\u0444\u043e\u0440\u043c. \u0407\u0445 \u0442\u0430\u043a\u043e\u0436 \u043d\u0430\u0437\u0438\u0432\u0430\u044e\u0442\u044c ups. \u0426\u0435 \u043e\u0434\u0438\u043d \u0437 \u043d\u0430\u0439\u043f\u043e\u043f\u0443\u043b\u044f\u0440\u043d\u0456\u0448\u0438\u0445 \u0432\u0438\u0434\u0456\u0432 \u043f\u043b\u0430\u0442\u0444\u043e\u0440\u043c: \u0441\u0442\u0440\u0456\u043b\u0430 \u0437 \u043f\u043b\u0430\u0442\u0444\u043e\u0440\u043c\u043e\u044e, \u0440\u043e\u0437\u043c\u0456\u0449\u0435\u043d\u043e\u044e \u043d\u0430 \u043f\u0440\u0438\u0447\u0435\u043f\u0456 \u0430\u0432\u0442\u043e\u043c\u043e\u0431\u0456\u043b\u044f. \u041f\u043b\u0430\u0442\u0444\u043e\u0440\u043c\u0438 \u043c\u043e\u0436\u0443\u0442\u044c \u043c\u0430\u0442\u0438 \u0440\u0456\u0437\u043d\u0443 \u0432\u0430\u043d\u0442\u0430\u0436\u043e\u043f\u0456\u0434\u0439\u043e\u043c\u043d\u0456\u0441\u0442\u044c, \u0440\u043e\u0431\u043e\u0447\u0443 \u0432\u0438\u0441\u043e\u0442\u0443, \u0440\u043e\u0437\u043c\u0456\u0440 \u043f\u043b\u0430\u0442\u0444\u043e\u0440\u043c\u0438 \u0442\u0430 \u043f\u0440\u0438\u0432\u0456\u0434: \u0435\u043b\u0435\u043a\u0442\u0440\u0438\u0447\u043d\u0438\u0439 \u0430\u0431\u043e \u0434\u0438\u0437\u0435\u043b\u044c\u043d\u0438\u0439, \u0456 \u0432 \u0437\u0430\u043b\u0435\u0436\u043d\u043e\u0441\u0442\u0456 \u0432\u0456\u0434 \u0446\u0438\u0445 \u043f\u0430\u0440\u0430\u043c\u0435\u0442\u0440\u0456\u0432 \u0457\u0445 \u043c\u043e\u0436\u043d\u0430 \u0432\u0438\u043a\u043e\u0440\u0438\u0441\u0442\u043e\u0432\u0443\u0432\u0430\u0442\u0438 \u0434\u043b\u044f \u0440\u0456\u0437\u043d\u0438\u0445 \u0446\u0456\u043b\u0435\u0439. \u0412\u0438\u043a\u043e\u0440\u0438\u0441\u0442\u043e\u0432\u0443\u044e\u0442\u044c\u0441\u044f \u0434\u043b\u044f \u0440\u043e\u0431\u0456\u0442 \u0443\u0441\u0435\u0440\u0435\u0434\u0438\u043d\u0456 \u043f\u0440\u0438\u043c\u0456\u0449\u0435\u043d\u044c (\u043d\u0430\u043f\u0440\u0438\u043a\u043b\u0430\u0434, \u043f\u0440\u0438 \u043c\u043e\u043d\u0442\u0430\u0436\u043d\u0438\u0445 \u0430\u0431\u043e \u0440\u0435\u043c\u043e\u043d\u0442\u043d\u0438\u0445 \u0440\u043e\u0431\u043e\u0442\u0430\u0445 \u0443 \u0432\u0435\u043b\u0438\u043a\u0438\u0445 \u0446\u0435\u0445\u0430\u0445 \u0447\u0438 \u0441\u043a\u043b\u0430\u0434\u0430\u0445), \u0430 \u0442\u0430\u043a\u043e\u0436 \u043d\u0430 \u0432\u0456\u0434\u043a\u0440\u0438\u0442\u043e\u043c\u0443 \u043f\u043e\u0432\u0456\u0442\u0440\u0456: \u0434\u043b\u044f \u0440\u043e\u0431\u0456\u0442 \u0437 \u0444\u0430\u0441\u0430\u0434\u0456\u0432 \u0431\u0443\u0434\u0456\u0432\u0435\u043b\u044c, \u043c\u043e\u043d\u0442\u0430\u0436\u0443 \u0442\u0430 \u0440\u0435\u043c\u043e\u043d\u0442\u0443 \u043e\u0441\u0432\u0456\u0442\u043b\u0435\u043d\u043d\u044f, \u0437\u0440\u0456\u0437\u0430\u043d\u043d\u044f \u0433\u0456\u043b\u043e\u043a \u0430\u0431\u043e \u0440\u043e\u0437\u0432\u0456\u0448\u0443\u0432\u0430\u043d\u043d\u044f \u0448\u0438\u0440\u043e\u043a\u043e\u0444\u043e\u0440\u043c\u0430\u0442\u043d\u043e\u0457 \u0440\u0435\u043a\u043b\u0430\u043c\u0438.<a href=\"https:\/\/kursy-udt.pl\/wp-content\/uploads\/2021\/09\/kursy-udt.pl-0017-OPUBLIKOWANY-v8-Copy.jpg\"><img loading=\"lazy\" decoding=\"async\" class=\"size-full wp-image-3494 aligncenter\" src=\"https:\/\/kursy-udt.pl\/wp-content\/uploads\/2021\/09\/kursy-udt.pl-0017-OPUBLIKOWANY-v8-Copy.jpg\" alt=\"\" width=\"579\" height=\"386\" srcset=\"https:\/\/kursy-udt.pl\/wp-content\/uploads\/2021\/09\/kursy-udt.pl-0017-OPUBLIKOWANY-v8-Copy.jpg 579w, https:\/\/kursy-udt.pl\/wp-content\/uploads\/2021\/09\/kursy-udt.pl-0017-OPUBLIKOWANY-v8-Copy-300x200.jpg 300w\" sizes=\"auto, (max-width: 579px) 100vw, 579px\" \/><\/a><\/p>\n<h3>\u041d\u043e\u0436\u0438\u0447\u043d\u0438\u0439 \u043f\u0456\u0434\u0439\u043e\u043c\u043d\u0438\u043a<\/h3>\n<p>\u0426\u0435 \u043f\u0440\u0438\u0441\u0442\u0440\u043e\u0457, \u044f\u043a\u0456 \u0437\u0430 \u043a\u043b\u0430\u0441\u0438\u0444\u0456\u043a\u0430\u0446\u0456\u0454\u044e UDT \u0432\u0456\u0434\u043d\u043e\u0441\u044f\u0442\u044c\u0441\u044f \u0434\u043e \u0442\u0438\u0445\u043e\u0445\u0456\u0434\u043d\u0438\u0445 \u043c\u043e\u0431\u0456\u043b\u044c\u043d\u0438\u0445 \u043f\u043b\u0430\u0442\u0444\u043e\u0440\u043c. \u0425\u0430\u0440\u0430\u043a\u0442\u0435\u0440\u043d\u043e\u044e \u043e\u0441\u043e\u0431\u043b\u0438\u0432\u0456\u0441\u0442\u044e \u0446\u0438\u0445 \u043f\u0456\u0434\u0439\u043e\u043c\u043d\u0438\u043a\u0456\u0432 \u0454 \u0441\u043a\u043b\u0430\u0434\u043d\u0456 \u0441\u0442\u0440\u0456\u043b\u0438, \u044f\u043a\u0456 \u0444\u0443\u043d\u043a\u0446\u0456\u043e\u043d\u0443\u044e\u0442\u044c \u044f\u043a \u043d\u043e\u0436\u0438\u0446\u0456. \u041d\u0430 \u0441\u0442\u0440\u0456\u043b\u0456 \u0432\u0441\u0442\u0430\u043d\u043e\u0432\u043b\u0435\u043d\u0430 \u0440\u043e\u0431\u043e\u0447\u0430 \u043f\u043b\u0430\u0442\u0444\u043e\u0440\u043c\u0430 \u0434\u043b\u044f \u0432\u0435\u0440\u0442\u0438\u043a\u0430\u043b\u044c\u043d\u043e\u0433\u043e \u0442\u0440\u0430\u043d\u0441\u043f\u043e\u0440\u0442\u0443\u0432\u0430\u043d\u043d\u044f \u043f\u0440\u0430\u0446\u0456\u0432\u043d\u0438\u043a\u0456\u0432. \u0412\u0441\u0435 \u0446\u0435 \u0440\u043e\u0437\u043c\u0456\u0449\u0443\u0454\u0442\u044c\u0441\u044f \u043d\u0430 \u043f\u043b\u0430\u0442\u0444\u043e\u0440\u043c\u0456, \u043e\u0431\u043b\u0430\u0434\u043d\u0430\u043d\u0456\u0439 \u043a\u043e\u043b\u0435\u0441\u0430\u043c\u0438. \u0415\u043b\u0435\u043a\u0442\u0440\u0438\u0447\u043d\u0456 \u043d\u043e\u0436\u0438\u0447\u043d\u0456 \u043f\u0456\u0434\u0439\u043e\u043c\u043d\u0438\u043a\u0438 \u0447\u0430\u0441\u0442\u043e \u0432\u0438\u043a\u043e\u0440\u0438\u0441\u0442\u043e\u0432\u0443\u044e\u0442\u044c\u0441\u044f \u0434\u043b\u044f \u0440\u043e\u0431\u043e\u0442\u0438 \u0432\u0441\u0435\u0440\u0435\u0434\u0438\u043d\u0456 \u043f\u0440\u0438\u043c\u0456\u0449\u0435\u043d\u044c \u0447\u0435\u0440\u0435\u0437 \u0457\u0445 \u043d\u0435\u0432\u0435\u043b\u0438\u043a\u0438\u0445 \u0440\u043e\u0437\u043c\u0456\u0440\u0456\u0432. \u0426\u0435 \u0442\u0430\u043a\u0456 \u0440\u043e\u0431\u043e\u0442\u0438, \u044f\u043a \u0444\u0430\u0440\u0431\u0443\u0432\u0430\u043d\u043d\u044f \u0441\u0442\u0456\u043d \u0456 \u0441\u0442\u0435\u043b\u0456, \u043c\u043e\u043d\u0442\u0430\u0436 \u0456\u043d\u0441\u0442\u0430\u043b\u044f\u0446\u0456\u0439 \u0430\u0431\u043e \u0440\u0435\u043c\u043e\u043d\u0442\u043d\u0456 \u0440\u043e\u0431\u043e\u0442\u0438. \u0414\u0438\u0437\u0435\u043b\u044c\u043d\u0456 \u0434\u043e\u043c\u043a\u0440\u0430\u0442\u0438 \u0431\u0456\u043b\u044c\u0448\u043e\u0433\u043e \u0440\u043e\u0437\u043c\u0456\u0440\u0443 \u0432\u0456\u0434\u043c\u0456\u043d\u043d\u043e \u043f\u0456\u0434\u0445\u043e\u0434\u044f\u0442\u044c \u0434\u043b\u044f \u0440\u043e\u0431\u043e\u0442\u0438 \u0432 \u043f\u043e\u043b\u0456, \u0442\u0430\u043a\u043e\u0436 \u0441\u043a\u043b\u0430\u0434\u043d\u043e\u0457 - \u0437\u0456 \u0437\u043d\u0430\u0447\u043d\u0438\u043c \u043d\u0430\u0445\u0438\u043b\u043e\u043c \u0430\u0431\u043e \u043d\u0435\u0432\u0435\u043b\u0438\u043a\u043e\u044e \u0432\u0430\u043d\u0442\u0430\u0436\u043e\u043f\u0456\u0434\u0439\u043e\u043c\u043d\u0456\u0441\u0442\u044e.<\/p>\n<p><a href=\"https:\/\/kursy-udt.pl\/wp-content\/uploads\/2022\/12\/18-podnosniki-koszowe-kursy-udt.pl_.png\"><img loading=\"lazy\" decoding=\"async\" class=\"aligncenter wp-image-4551\" src=\"https:\/\/kursy-udt.pl\/wp-content\/uploads\/2022\/12\/18-podnosniki-koszowe-kursy-udt.pl_-300x188.png\" alt=\"\" width=\"750\" height=\"469\" srcset=\"https:\/\/kursy-udt.pl\/wp-content\/uploads\/2022\/12\/18-podnosniki-koszowe-kursy-udt.pl_-300x188.png 300w, https:\/\/kursy-udt.pl\/wp-content\/uploads\/2022\/12\/18-podnosniki-koszowe-kursy-udt.pl_-1024x640.png 1024w, https:\/\/kursy-udt.pl\/wp-content\/uploads\/2022\/12\/18-podnosniki-koszowe-kursy-udt.pl_-768x480.png 768w, https:\/\/kursy-udt.pl\/wp-content\/uploads\/2022\/12\/18-podnosniki-koszowe-kursy-udt.pl_-18x12.png 18w, https:\/\/kursy-udt.pl\/wp-content\/uploads\/2022\/12\/18-podnosniki-koszowe-kursy-udt.pl_-624x390.png 624w, https:\/\/kursy-udt.pl\/wp-content\/uploads\/2022\/12\/18-podnosniki-koszowe-kursy-udt.pl_.png 1200w\" sizes=\"auto, (max-width: 750px) 100vw, 750px\" \/><\/a><\/p>\n<p>&nbsp;<\/p>","protected":false},"excerpt":{"rendered":"<p>Uzyskanie kwalifikacji zawodowych przed wyjazdem za granic\u0119 mo\u017ce by\u0107 kluczem do zdobycia dobrze p\u0142atnej pracy przy kr\u00f3tkim czasie poszukiwania zatrudnienia. Tacy specjali\u015bci, jak operatorzy podest\u00f3w ruchomych, s\u0105 &#8211; podobnie jak w naszym kraju \u2013 poszukiwani w firmach budowlanych, remontowych i z innych bran\u017c. Podno\u015bniki koszowe i no\u017cycowe wykorzystuje si\u0119 tak\u017ce w pracach na platformach wiertniczych oraz w portach i stoczniach. Aby m\u00f3c obs\u0142ugiwa\u0107 te urz\u0105dzenia za granic\u0105, cz\u0119sto trzeba uzyska\u0107 dodatkowe uprawnienia. Te polskie, wydawane przez UDT, nie wsz\u0119dzie s\u0105 honorowane. Osobom, kt\u00f3re chcia\u0142yby podj\u0105\u0107 prac\u0119 w krajach zrzeszonych w organizacji OMHEC (Offshore Mechanical Handling Equipment Committee), czyli Wielkiej Brytanii, Danii, Norwegii i Holandii, polecamy kurs przygotowuj\u0105cy do zdobycia certyfikatu. Otrzymanie tych uprawnie\u0144 pozwala wykonywa\u0107 prac\u0119 na stanowisku operatora urz\u0105dze\u0144. Zaj\u0119cia odbywaj\u0105 si\u0119 stacjonarnie w Warszawie lub zdalnie, w formie e-learningu. Przebieg kursu na obs\u0142ug\u0119 podno\u015bnik\u00f3w koszowych (boom lift) i podno\u015bnik\u00f3w no\u017cycowych (scissor lift) za granic\u0105 Szkolenie zosta\u0142o przygotowane przez ekspert\u00f3w z naszego O\u015brodka w oparciu o standardy wyznaczone przez organizacj\u0119 OMHEC oraz o normy MEWP ISO 18878. Dzi\u0119ki temu uko\u0144czenie szkolenia i zdobycie certyfikatu jest honorowane w wymienionych krajach. Podczas szkolenia uczestnicy zdobywaj\u0105 wiedz\u0119 na temat: Budowy i sposobu dzia\u0142ania element\u00f3w sk\u0142adowych podno\u015bnik\u00f3w MEWP Zasad bezpiecze\u0144stwa, z uwzgl\u0119dnieniem warunk\u00f3w pracy na l\u0105dzie i na morzu Obowi\u0105zuj\u0105cych za granic\u0105 przepis\u00f3w dotycz\u0105cych eksploatacji podest\u00f3w ruchomych Bada\u0144 i pr\u00f3b wytrzyma\u0142o\u015bci i stateczno\u015bci podno\u015bnik\u00f3w Zgodnie z wytycznymi ISO oraz OMHEC kursanci uczestnicz\u0105 r\u00f3wnie\u017c w zaj\u0119ciach praktycznych, w czasie kt\u00f3rych ucz\u0105 si\u0119 obs\u0142ugi urz\u0105dze\u0144 oraz bezpiecznej eksploatacji. Uprawnienia do pracy za granic\u0105 Po zako\u0144czeniu cz\u0119\u015bci szkoleniowej dla kursant\u00f3w organizowany [&hellip;]<\/p>\n","protected":false},"author":1,"featured_media":3493,"parent":2721,"menu_order":0,"comment_status":"closed","ping_status":"closed","template":"","meta":{"sfsi_plus_gutenberg_text_before_share":"","sfsi_plus_gutenberg_show_text_before_share":"","sfsi_plus_gutenberg_icon_type":"","sfsi_plus_gutenberg_icon_alignemt":"","sfsi_plus_gutenburg_max_per_row":"","footnotes":""},"class_list":["post-3492","page","type-page","status-publish","has-post-thumbnail","hentry","has_thumb"],"aioseo_notices":[],"_links":{"self":[{"href":"https:\/\/kursy-udt.pl\/ua\/wp-json\/wp\/v2\/pages\/3492","targetHints":{"allow":["GET"]}}],"collection":[{"href":"https:\/\/kursy-udt.pl\/ua\/wp-json\/wp\/v2\/pages"}],"about":[{"href":"https:\/\/kursy-udt.pl\/ua\/wp-json\/wp\/v2\/types\/page"}],"author":[{"embeddable":true,"href":"https:\/\/kursy-udt.pl\/ua\/wp-json\/wp\/v2\/users\/1"}],"replies":[{"embeddable":true,"href":"https:\/\/kursy-udt.pl\/ua\/wp-json\/wp\/v2\/comments?post=3492"}],"version-history":[{"count":4,"href":"https:\/\/kursy-udt.pl\/ua\/wp-json\/wp\/v2\/pages\/3492\/revisions"}],"predecessor-version":[{"id":4591,"href":"https:\/\/kursy-udt.pl\/ua\/wp-json\/wp\/v2\/pages\/3492\/revisions\/4591"}],"up":[{"embeddable":true,"href":"https:\/\/kursy-udt.pl\/ua\/wp-json\/wp\/v2\/pages\/2721"}],"wp:featuredmedia":[{"embeddable":true,"href":"https:\/\/kursy-udt.pl\/ua\/wp-json\/wp\/v2\/media\/3493"}],"wp:attachment":[{"href":"https:\/\/kursy-udt.pl\/ua\/wp-json\/wp\/v2\/media?parent=3492"}],"curies":[{"name":"wp","href":"https:\/\/api.w.org\/{rel}","templated":true}]}}