{"id":3486,"date":"2021-09-02T11:25:18","date_gmt":"2021-09-02T11:25:18","guid":{"rendered":"https:\/\/kursy-udt.pl\/?page_id=3486"},"modified":"2022-12-05T11:39:23","modified_gmt":"2022-12-05T11:39:23","slug":"%d0%b0%d0%b2%d1%82%d0%be%d0%b2%d0%b8%d1%88%d0%ba%d0%b8-%d0%bf%d1%96%d0%b4%d0%b9%d0%be%d0%bc%d0%bd%d0%b8%d0%ba%d0%b8","status":"publish","type":"page","link":"https:\/\/kursy-udt.pl\/ua\/szkolenia\/udt-wdt-tdt\/zwyzki-podnosniki-koszowe\/","title":{"rendered":"\u041a\u0443\u0440\u0441 \u043d\u0430 \u043f\u0456\u0434\u0439\u043e\u043c\u0438 (\u043f\u0456\u0434\u0439\u043e\u043c\u043d\u0438\u043a\u0438)"},"content":{"rendered":"<p><a href=\"https:\/\/kursy-udt.pl\/wp-content\/uploads\/2021\/09\/kursy-udt.pl-0016-OPUBLIKOWANY-v5-Copy.jpg\"><img loading=\"lazy\" decoding=\"async\" class=\"paddingleft10 alignleft wp-image-3487 size-medium\" src=\"https:\/\/kursy-udt.pl\/wp-content\/uploads\/2021\/09\/kursy-udt.pl-0016-OPUBLIKOWANY-v5-Copy-300x224.jpg\" alt=\"\u041f\u0456\u0434\u0439\u043e\u043c\u043d\u0438\u043a\u0438 (\u043f\u0456\u0434\u0439\u043e\u043c\u043d\u0438\u043a\u0438) - \u0443\u043d\u0456\u0432\u0435\u0440\u0441\u0430\u043b\u044c\u043d\u0456 \u043f\u0440\u0438\u0441\u0442\u0440\u043e\u0457, \u0449\u043e \u0432\u0438\u043a\u043e\u0440\u0438\u0441\u0442\u043e\u0432\u0443\u044e\u0442\u044c\u0441\u044f \u0434\u043b\u044f \u0440\u043e\u0431\u0456\u0442 \u043d\u0430 \u0432\u0438\u0441\u043e\u0442\u0456\" width=\"300\" height=\"224\" srcset=\"https:\/\/kursy-udt.pl\/wp-content\/uploads\/2021\/09\/kursy-udt.pl-0016-OPUBLIKOWANY-v5-Copy-300x224.jpg 300w, https:\/\/kursy-udt.pl\/wp-content\/uploads\/2021\/09\/kursy-udt.pl-0016-OPUBLIKOWANY-v5-Copy.jpg 579w\" sizes=\"auto, (max-width: 300px) 100vw, 300px\" \/><\/a>\u041c\u0435\u0442\u043e\u044e \u043d\u0430\u0432\u0447\u0430\u043d\u043d\u044f \u0454 \u043d\u0435 \u0442\u0456\u043b\u044c\u043a\u0438 \u044f\u043a\u043d\u0430\u0439\u043a\u0440\u0430\u0449\u0435 \u043f\u0456\u0434\u0433\u043e\u0442\u0443\u0432\u0430\u0442\u0438 \u0441\u0442\u0443\u0434\u0435\u043d\u0442\u0456\u0432 \u0434\u043e \u0456\u0441\u043f\u0438\u0442\u0443 UDT, \u0430 \u0439 \u043f\u0435\u0440\u0435\u0434\u0430\u0442\u0438 \u0437\u043d\u0430\u043d\u043d\u044f \u0442\u0430 \u043d\u0430\u0431\u0443\u0442\u0438 \u043d\u0430\u0432\u0438\u0447\u043e\u043a, \u044f\u043a\u0456 \u0441\u0442\u0430\u043d\u0443\u0442\u044c \u0443 \u043d\u0430\u0433\u043e\u0434\u0456 \u0432 \u043f\u043e\u0434\u0430\u043b\u044c\u0448\u0456\u0439 \u0440\u043e\u0431\u043e\u0442\u0456. \u041d\u0430\u0448\u0456 \u0456\u043d\u0441\u0442\u0440\u0443\u043a\u0442\u043e\u0440\u0438 \u043d\u0430\u0434\u0430\u044e\u0442\u044c \u0432\u0435\u043b\u0438\u043a\u043e\u0433\u043e \u0437\u043d\u0430\u0447\u0435\u043d\u043d\u044f \u043f\u0440\u0438\u043d\u0446\u0438\u043f\u0430\u043c \u0431\u0435\u0437\u043f\u0435\u0447\u043d\u043e\u0457 \u0435\u043a\u0441\u043f\u043b\u0443\u0430\u0442\u0430\u0446\u0456\u0457 \u043f\u0440\u0438\u043b\u0430\u0434\u0456\u0432, \u0449\u043e \u0434\u043e\u0437\u0432\u043e\u043b\u044f\u0454 \u0443\u043d\u0438\u043a\u043d\u0443\u0442\u0438 \u043f\u043e\u043b\u043e\u043c\u043e\u043a \u0456 \u043d\u0435\u0449\u0430\u0441\u043d\u0438\u0445 \u0432\u0438\u043f\u0430\u0434\u043a\u0456\u0432 \u043d\u0430 \u0432\u0438\u0440\u043e\u0431\u043d\u0438\u0446\u0442\u0432\u0456. \u0423 \u0432\u0430\u0440\u0442\u0456\u0441\u0442\u044c \u043d\u0430\u0432\u0447\u0430\u043d\u043d\u044f \u0432\u0445\u043e\u0434\u0438\u0442\u044c \u0456\u0441\u043f\u0438\u0442, \u043f\u0456\u0441\u043b\u044f \u044f\u043a\u043e\u0433\u043e \u0432\u0438 \u043e\u0442\u0440\u0438\u043c\u0443\u0454\u0442\u0435 \u043f\u0440\u043e\u043f\u0443\u0441\u043a <a href=\"https:\/\/kursy-udt.pl\/ua\/uprawnienia-udt\/kategorie-uprawnien-2\/\">\u041a\u0432\u0430\u043b\u0456\u0444\u0456\u043a\u0430\u0446\u0456\u044f UDT<\/a>\u043d\u0435\u043e\u0431\u0445\u0456\u0434\u043d\u0456 \u0434\u043b\u044f \u0440\u043e\u0431\u043e\u0442\u0438 \u0437\u0430 \u0444\u0430\u0445\u043e\u043c.<\/p>\n<h2>\u0406\u043d\u0444\u043e\u0440\u043c\u0430\u0446\u0456\u044f \u043f\u0440\u043e \u043a\u0443\u0440\u0441 \u0430\u0432\u0442\u043e\u0432\u0438\u0448\u043a\u0438<\/h2>\n<h3><\/h3>\n<h3>\u0417\u0430\u043d\u044f\u0442\u0442\u044f \u0437 \u0442\u0435\u043e\u0440\u0456\u0457<\/h3>\n<p>\u041a\u0443\u0440\u0441 \u043f\u043e\u0447\u0438\u043d\u0430\u0454\u0442\u044c\u0441\u044f \u0437 \u043b\u0435\u043a\u0446\u0456\u0439, \u043f\u0456\u0434 \u0447\u0430\u0441 \u044f\u043a\u0438\u0445 \u0432\u0438\u043a\u043b\u0430\u0434\u0430\u0447\u0456 \u0434\u043e\u0441\u0442\u0443\u043f\u043d\u043e \u043d\u0430\u0434\u0430\u044e\u0442\u044c \u0437\u043d\u0430\u043d\u043d\u044f \u043f\u0440\u043e \u043a\u043e\u043d\u0441\u0442\u0440\u0443\u043a\u0446\u0456\u044e \u043b\u0456\u0444\u0442\u0456\u0432, \u0440\u043e\u0431\u043e\u0442\u0443 \u043c\u0435\u0445\u0430\u043d\u0456\u0437\u043c\u0456\u0432, \u0447\u0438\u0442\u0430\u043d\u043d\u044f \u0456\u043d\u0441\u0442\u0440\u0443\u043a\u0446\u0456\u0439 \u0437 \u0435\u043a\u0441\u043f\u043b\u0443\u0430\u0442\u0430\u0446\u0456\u0457, \u043f\u0440\u0430\u0432\u0438\u043b\u0430 \u043a\u043e\u0440\u0438\u0441\u0442\u0443\u0432\u0430\u043d\u043d\u044f, \u0434\u043e\u0441\u043b\u0456\u0434\u0436\u0435\u043d\u043d\u044f \u0442\u0430 \u0432\u0438\u043f\u0440\u043e\u0431\u0443\u0432\u0430\u043d\u043d\u044f. \u0417\u0430\u043d\u044f\u0442\u0442\u044f \u043f\u0440\u043e\u0432\u043e\u0434\u044f\u0442\u044c\u0441\u044f \u0441\u0442\u0430\u0446\u0456\u043e\u043d\u0430\u0440\u043d\u043e \u0430\u0431\u043e \u043e\u043d\u043b\u0430\u0439\u043d, \u0443 \u0444\u043e\u0440\u043c\u0456 \u0432\u0435\u0431\u0456\u043d\u0430\u0440\u0456\u0432.<\/p>\n<h3>\u041f\u0440\u0430\u043a\u0442\u0438\u0447\u043d\u0438\u0439<\/h3>\n<p>\u0421\u043b\u0443\u0445\u0430\u0447\u0456 \u043c\u043e\u0436\u0443\u0442\u044c \u0437\u0430\u043f\u0438\u0441\u0430\u0442\u0438\u0441\u044f \u043d\u0430 \u043f\u0440\u0430\u043a\u0442\u0438\u0447\u043d\u0456 \u0437\u0430\u043d\u044f\u0442\u0442\u044f \u0432 \u0437\u0430\u043b\u0456 \u043d\u0430 \u043c\u0430\u043d\u0435\u0432\u0440\u043e\u0432\u043e\u043c\u0443 \u043c\u0430\u0439\u0434\u0430\u043d\u0447\u0438\u043a\u0443 \u0437\u0430 \u0456\u043d\u0434\u0438\u0432\u0456\u0434\u0443\u0430\u043b\u044c\u043d\u0438\u043c \u0433\u0440\u0430\u0444\u0456\u043a\u043e\u043c. \u0426\u0435\u043d\u0442\u0440 \u043c\u0430\u0454 \u0432\u043b\u0430\u0441\u043d\u0443 \u0442\u0435\u0445\u043d\u0456\u0447\u043d\u0443 \u0431\u0430\u0437\u0443 \u0437 \u043e\u0431\u043b\u0430\u0434\u043d\u0430\u043d\u043d\u044f\u043c, \u0449\u043e \u0432\u0438\u0432\u0447\u0430\u0454\u0442\u044c\u0441\u044f \u043f\u0456\u0434 \u0447\u0430\u0441 \u043a\u0443\u0440\u0441\u0443. \u0423\u0447\u0435\u043d\u044c-\u043e\u043f\u0435\u0440\u0430\u0442\u043e\u0440 \u043c\u0430\u0454 \u043c\u043e\u0436\u043b\u0438\u0432\u0456\u0441\u0442\u044c \u043e\u0437\u043d\u0430\u0439\u043e\u043c\u0438\u0442\u0438\u0441\u044f \u0437 \u043a\u043e\u043d\u0441\u0442\u0440\u0443\u043a\u0446\u0456\u0454\u044e \u0441\u043a\u0456\u043f\u0456\u0432, \u043f\u043e\u043f\u0440\u0430\u043a\u0442\u0438\u043a\u0443\u0432\u0430\u0442\u0438\u0441\u044f \u0432 \u0457\u0445 \u0437\u0430\u043f\u0443\u0441\u043a\u0443 \u0442\u0430 \u0443\u043f\u0440\u0430\u0432\u043b\u0456\u043d\u043d\u0456, \u0432\u0438\u0432\u0447\u0438\u0442\u0438 \u043f\u0440\u0438\u043d\u0446\u0438\u043f\u0438 \u0440\u043e\u0431\u043e\u0442\u0438 <a href=\"https:\/\/kursy-udt.pl\/ua\/szkolenia\/bhp-bezpieczenstwo-pracy\/prawna-ochrona-pracy\/\">\u0417\u0434\u043e\u0440\u043e\u0432&#039;\u044f \u0456 \u0431\u0435\u0437\u043f\u0435\u043a\u0430<\/a> \u0437\u0430\u0441\u0442\u043e\u0441\u043e\u0432\u0443\u0454\u0442\u044c\u0441\u044f \u0432 \u0440\u0430\u0437\u0456 \u043d\u0435\u0449\u0430\u0441\u043d\u0438\u0445 \u0432\u0438\u043f\u0430\u0434\u043a\u0456\u0432 \u0442\u0430 \u043d\u0430\u0434\u0437\u0432\u0438\u0447\u0430\u0439\u043d\u0438\u0445 \u0441\u0438\u0442\u0443\u0430\u0446\u0456\u0439.<\/p>\n<p>\u041e\u0431\u0441\u044f\u0433 \u043f\u0438\u0442\u0430\u043d\u044c \u0432 \u043e\u0431\u043e\u0445 \u0447\u0430\u0441\u0442\u0438\u043d\u0430\u0445 \u0442\u0440\u0435\u043d\u0456\u043d\u0433\u0443 \u0443\u0437\u0433\u043e\u0434\u0436\u0443\u0454\u0442\u044c\u0441\u044f \u0437 \u0423\u0414\u0422. \u041d\u0430\u0432\u0447\u0430\u043d\u043d\u044f \u043c\u043e\u0436\u0435 \u0432\u0430\u0440\u0456\u044e\u0432\u0430\u0442\u0438\u0441\u044f \u0437\u0430 \u043a\u0456\u043b\u044c\u043a\u0456\u0441\u0442\u044e \u0433\u043e\u0434\u0438\u043d, \u0437\u0430\u043b\u0435\u0436\u043d\u043e \u0432\u0456\u0434 \u0440\u0456\u0432\u043d\u044f \u043f\u0440\u043e\u0441\u0443\u0432\u0430\u043d\u043d\u044f \u0442\u0430 \u043f\u043e\u0442\u0440\u0435\u0431 \u0433\u0440\u0443\u043f\u0438 \u0442\u0430 \u0442\u0438\u043f\u0443 \u043f\u043b\u0430\u0442\u0444\u043e\u0440\u043c (\u043f\u0440\u0438\u0431\u043b\u0438\u0437\u043d\u043e \u0432\u0456\u0434 8 \u0434\u043e 35 \u0433\u043e\u0434\u0438\u043d).<\/p>\n<div class=\"filmw\">\n<div class=\"responsive-youtube\" style=\"text-align: center;\"><iframe loading=\"lazy\" title=\"\u0412\u0456\u0434\u0435\u043e\u043f\u043b\u0435\u0454\u0440 YouTube\" src=\"https:\/\/www.youtube.com\/embed\/sadG__ZRQI8\" width=\"560\" height=\"315\" frameborder=\"0\" allowfullscreen=\"allowfullscreen\"><\/iframe><\/div>\n<\/div>\n<h3>\u041f\u0456\u0434\u0439\u043e\u043c\u043d\u0438\u0439 \u043a\u0443\u0440\u0441 - \u043e\u0440\u0433\u0430\u043d\u0456\u0437\u0430\u0446\u0456\u0439\u043d\u0456 \u0434\u0435\u0442\u0430\u043b\u0456<\/h3>\n<p>\u0425\u0442\u043e \u043c\u043e\u0436\u0435 \u0431\u0440\u0430\u0442\u0438 \u0443\u0447\u0430\u0441\u0442\u044c \u0443 \u0437\u0430\u043d\u044f\u0442\u0442\u044f\u0445: \u043b\u044e\u0434\u0438 \u0440\u0456\u0437\u043d\u043e\u0433\u043e \u0440\u0456\u0432\u043d\u044f \u043f\u0456\u0434\u0433\u043e\u0442\u043e\u0432\u043a\u0438, \u0432\u0456\u043a\u043e\u043c \u0432\u0456\u0434 18 \u0440\u043e\u043a\u0456\u0432, \u0431\u0435\u0437 \u043f\u0440\u043e\u0442\u0438\u043f\u043e\u043a\u0430\u0437\u0430\u043d\u044c \u0437\u0430 \u0441\u0442\u0430\u043d\u043e\u043c \u0437\u0434\u043e\u0440\u043e\u0432\u2019\u044f, \u0437 \u043f\u043e\u0447\u0430\u0442\u043a\u043e\u0432\u043e\u044e \u043e\u0441\u0432\u0456\u0442\u043e\u044e.<\/p>\n<p>\u0414\u0435 \u043f\u0440\u043e\u0445\u043e\u0434\u044f\u0442\u044c \u043a\u0443\u0440\u0441\u0438: \u0426\u0435\u043d\u0442\u0440 \u043e\u0440\u0433\u0430\u043d\u0456\u0437\u043e\u0432\u0443\u0454 \u043d\u0430\u0432\u0447\u0430\u043b\u044c\u043d\u0456 \u043a\u0443\u0440\u0441\u0438 \u0434\u043b\u044f \u043f\u0456\u0434\u0439\u043e\u043c\u043d\u0438\u043a\u0456\u0432 \u0443 \u0412\u0430\u0440\u0448\u0430\u0432\u0456, \u041a\u0440\u0430\u043a\u043e\u0432\u0456 \u0442\u0430 \u041a\u0430\u0442\u043e\u0432\u0456\u0446\u0435. \u0417\u0430 \u0431\u0430\u0436\u0430\u043d\u043d\u044f\u043c \u0431\u0456\u0437\u043d\u0435\u0441-\u043a\u043b\u0456\u0454\u043d\u0442\u0456\u0432 \u043c\u0438 \u0442\u0430\u043a\u043e\u0436 \u043e\u0440\u0433\u0430\u043d\u0456\u0437\u043e\u0432\u0443\u0454\u043c\u043e \u043d\u0430\u0432\u0447\u0430\u043d\u043d\u044f \u0432 \u0456\u043d\u0448\u0438\u0445 \u043c\u0456\u0441\u0446\u044f\u0445.<\/p>\n<p>\u0421\u043a\u0456\u043b\u044c\u043a\u0438 <a href=\"https:\/\/kursy-udt.pl\/ua\/szkolenia\/podesty-ruchome\/\">\u043a\u0443\u0440\u0441\u0438 \u0434\u043b\u044f \u043c\u043e\u0431\u0456\u043b\u044c\u043d\u0438\u0445 \u043f\u043b\u0430\u0442\u0444\u043e\u0440\u043c<\/a>: \u0446\u0456\u043d\u0430 \u043f\u043e\u043a\u0430\u0437\u0443\u0454\u0442\u044c\u0441\u044f \u0437\u0430\u0446\u0456\u043a\u0430\u0432\u043b\u0435\u043d\u0438\u043c \u043a\u043b\u0456\u0454\u043d\u0442\u0430\u043c \u043f\u0440\u0438 \u0440\u0435\u0454\u0441\u0442\u0440\u0430\u0446\u0456\u0457. \u0426\u0435 \u0437\u0430\u043b\u0435\u0436\u0438\u0442\u044c, \u0441\u0435\u0440\u0435\u0434 \u0456\u043d\u0448\u043e\u0433\u043e, \u0432\u0456\u0434 \u0434\u0430\u0442\u0438 \u043a\u0443\u0440\u0441\u0443, \u0440\u0456\u0432\u043d\u044f \u043f\u0440\u043e\u0441\u0443\u0432\u0430\u043d\u043d\u044f \u0433\u0440\u0443\u043f\u0438 \u0442\u0430 \u0456\u043d\u0448\u0438\u0445 \u0444\u0430\u043a\u0442\u043e\u0440\u0456\u0432.<\/p>\n<h2>\u0406\u0441\u043f\u0438\u0442 UDT - \u043a\u0432\u0430\u043b\u0456\u0444\u0456\u043a\u0430\u0446\u0456\u044f \u043f\u0456\u0441\u043b\u044f \u043a\u0443\u0440\u0441\u0443<\/h2>\n<p>\u0412 \u0440\u0430\u043c\u043a\u0430\u0445 \u0437\u0430\u043d\u044f\u0442\u044c \u043e\u0440\u0433\u0430\u043d\u0456\u0437\u043e\u0432\u0443\u0454\u0442\u044c\u0441\u044f \u0434\u0435\u0440\u0436\u0430\u0432\u043d\u0438\u0439 \u0456\u0441\u043f\u0438\u0442 \u043f\u0435\u0440\u0435\u0434 \u0456\u043d\u0441\u043f\u0435\u043a\u0442\u043e\u0440\u0430\u043c\u0438 \u0432\u0456\u0434 \u0456\u043c\u0435\u043d\u0456 \u0423\u0414\u0422 (\u0443 \u0412\u0430\u0440\u0448\u0430\u0432\u0456 \u0447\u0438 \u0456\u043d\u0448\u0438\u0445 \u043c\u0456\u0441\u0446\u044f\u0445). \u041f\u0456\u0441\u043b\u044f \u0439\u043e\u0433\u043e \u043f\u0440\u043e\u0445\u043e\u0434\u0436\u0435\u043d\u043d\u044f \u0432\u0438 \u043e\u0442\u0440\u0438\u043c\u0443\u0454\u0442\u0435 \u043f\u0440\u0430\u0432\u0430 \u043d\u0430 \u043f\u0456\u0434\u0432\u0438\u0449\u0435\u043d\u043d\u044f, \u044f\u043a\u0456 \u0434\u0456\u044e\u0442\u044c \u043f\u0440\u043e\u0442\u044f\u0433\u043e\u043c 5 \u0440\u043e\u043a\u0456\u0432. \u0412\u043e\u043d\u0438 \u0434\u0456\u0439\u0441\u043d\u0456 \u0432 \u041f\u043e\u043b\u044c\u0449\u0456.<\/p>\n<h2><a href=\"https:\/\/kursy-udt.pl\/wp-content\/uploads\/2021\/09\/kursy-udt.pl-0016-OPUBLIKOWANY-v6-Copy.jpg\"><img loading=\"lazy\" decoding=\"async\" class=\"size-full wp-image-3488 aligncenter\" src=\"https:\/\/kursy-udt.pl\/wp-content\/uploads\/2021\/09\/kursy-udt.pl-0016-OPUBLIKOWANY-v6-Copy.jpg\" alt=\"\u041f\u0456\u0434\u0439\u043e\u043c\u043d\u0438\u043a\u0438 \u043f\u043b\u0430\u0442\u0444\u043e\u0440\u043c\u0438 - \u0430\u0432\u0442\u043e\u0432\u0438\u0448\u043a\u0438 \u043c\u0430\u044e\u0442\u044c \u043f\u043b\u0430\u0442\u0444\u043e\u0440\u043c\u0443 \u043d\u0430 \u0441\u0442\u0440\u0456\u043b\u0456, \u0440\u043e\u0437\u043c\u0456\u0449\u0435\u043d\u0456\u0439 \u043d\u0430 \u0430\u0432\u0442\u043e\u043c\u043e\u0431\u0456\u043b\u0456\" width=\"579\" height=\"386\" srcset=\"https:\/\/kursy-udt.pl\/wp-content\/uploads\/2021\/09\/kursy-udt.pl-0016-OPUBLIKOWANY-v6-Copy.jpg 579w, https:\/\/kursy-udt.pl\/wp-content\/uploads\/2021\/09\/kursy-udt.pl-0016-OPUBLIKOWANY-v6-Copy-300x200.jpg 300w\" sizes=\"auto, (max-width: 579px) 100vw, 579px\" \/><\/a><\/h2>\n<h2>\u0413\u0456\u0434\u0440\u043e\u043f\u0456\u0434\u0439\u043e\u043c\u043d\u0438\u043a: \u044f\u043a \u043f\u0440\u0430\u0446\u044e\u0454, \u0434\u0435 \u0432\u0438\u043a\u043e\u0440\u0438\u0441\u0442\u043e\u0432\u0443\u0454\u0442\u044c\u0441\u044f<\/h2>\n<p>\u0426\u0435\u0439 \u0432\u0438\u0434 \u043c\u043e\u0431\u0456\u043b\u044c\u043d\u0438\u0445 \u043f\u043b\u0430\u0442\u0444\u043e\u0440\u043c \u0448\u0438\u0440\u043e\u043a\u043e \u0432\u0438\u043a\u043e\u0440\u0438\u0441\u0442\u043e\u0432\u0443\u0454\u0442\u044c\u0441\u044f \u0434\u043b\u044f \u0440\u043e\u0431\u0456\u0442 \u043d\u0430 \u0432\u0438\u0441\u043e\u0442\u0456. \u0412\u0456\u043d \u0441\u043a\u043b\u0430\u0434\u0430\u0454\u0442\u044c\u0441\u044f \u0437 \u043f\u043b\u0430\u0442\u0444\u043e\u0440\u043c\u0438 \u0430\u0431\u043e \u043a\u043e\u0448\u0438\u043a\u0430, \u0440\u043e\u0437\u043c\u0456\u0449\u0435\u043d\u043e\u0433\u043e \u043d\u0430 \u0433\u0456\u0434\u0440\u0430\u0432\u043b\u0456\u0447\u043d\u043e\u043c\u0443 \u043a\u0440\u043e\u043d\u0448\u0442\u0435\u0439\u043d\u0456. \u0417\u0430\u0437\u0432\u0438\u0447\u0430\u0439 \u0432\u0441\u0435 \u0446\u0435 \u0437\u043d\u0430\u0445\u043e\u0434\u0438\u0442\u044c\u0441\u044f \u043d\u0430 \u043f\u0440\u0438\u0447\u0435\u043f\u0456 \u0432\u0430\u043d\u0442\u0430\u0436\u0456\u0432\u043a\u0438, \u0449\u043e \u0434\u0430\u0454 \u043f\u0440\u0438\u0441\u0442\u0440\u043e\u044e \u0431\u0430\u0433\u0430\u0442\u043e \u043c\u043e\u0436\u043b\u0438\u0432\u043e\u0441\u0442\u0435\u0439, \u043a\u043e\u043b\u0438 \u0441\u043f\u0440\u0430\u0432\u0430 \u0434\u043e\u0445\u043e\u0434\u0438\u0442\u044c \u0434\u043e \u0442\u0440\u0430\u043d\u0441\u043f\u043e\u0440\u0442\u0443\u0432\u0430\u043d\u043d\u044f.<\/p>\n<p>\u041e\u0441\u043d\u043e\u0432\u043d\u0456 \u043f\u0430\u0440\u0430\u043c\u0435\u0442\u0440\u0438, \u044f\u043a\u0456 \u043c\u043e\u0436\u0443\u0442\u044c \u0432\u0456\u0434\u0440\u0456\u0437\u043d\u044f\u0442\u0438\u0441\u044f \u043c\u0456\u0436 \u043e\u043a\u0440\u0435\u043c\u0438\u043c\u0438 \u043c\u043e\u0434\u0435\u043b\u044f\u043c\u0438 \u043a\u043e\u0440\u0437\u0438\u043d\u043d\u0438\u0445 \u043f\u043b\u0430\u0442\u0444\u043e\u0440\u043c:<\/p>\n<ul>\n<li>\u041c\u0430\u043a\u0441\u0438\u043c\u0430\u043b\u044c\u043d\u0430 \u0432\u0438\u0441\u043e\u0442\u0430 \u043f\u0456\u0434\u0439\u043e\u043c\u0443, \u0442\u043e\u0431\u0442\u043e \u0432\u0438\u0441\u043e\u0442\u0430, \u043d\u0430 \u044f\u043a\u0443 \u043c\u043e\u0436\u0435 \u043f\u0456\u0434\u043d\u044f\u0442\u0438\u0441\u044f \u043f\u043b\u0430\u0442\u0444\u043e\u0440\u043c\u0430<\/li>\n<li>\u041c\u0430\u043a\u0441\u0438\u043c\u0430\u043b\u044c\u043d\u0435 \u0440\u043e\u0437\u0448\u0438\u0440\u0435\u043d\u043d\u044f \u043f\u043b\u0430\u0442\u0444\u043e\u0440\u043c\u0438 - \u0432\u0438\u043c\u0456\u0440\u044e\u0454\u0442\u044c\u0441\u044f \u0432\u0456\u0434 \u043e\u0441\u0456 \u043e\u0431\u0435\u0440\u0442\u0430\u043d\u043d\u044f \u0434\u043e \u043a\u0440\u0430\u0439\u043d\u044c\u043e\u0433\u043e \u043f\u043e\u043b\u043e\u0436\u0435\u043d\u043d\u044f \u043a\u043e\u0448\u0438\u043a\u0430<\/li>\n<li>\u0420\u043e\u0437\u043c\u0456\u0440\u0438 \u0440\u043e\u0431\u043e\u0447\u043e\u0457 \u043f\u043b\u0430\u0442\u0444\u043e\u0440\u043c\u0438<\/li>\n<li>\u041c\u0430\u043a\u0441\u0438\u043c\u0430\u043b\u044c\u043d\u0430 \u0432\u0430\u043d\u0442\u0430\u0436\u043e\u043f\u0456\u0434\u0439\u043e\u043c\u043d\u0456\u0441\u0442\u044c - \u0432\u0430\u0433\u0430, \u044f\u043a\u0443 \u043c\u043e\u0436\u0435 \u043d\u0435\u0441\u0442\u0438 \u043f\u043b\u0430\u0442\u0444\u043e\u0440\u043c\u0430, \u0432\u0438\u0440\u0430\u0436\u0435\u043d\u0430 \u0432 \u043a\u0456\u043b\u043e\u0433\u0440\u0430\u043c\u0430\u0445 \u0430\u0431\u043e \u043a\u0456\u043b\u044c\u043a\u0456\u0441\u0442\u044c \u043b\u044e\u0434\u0435\u0439<\/li>\n<li>\u0412\u0430\u0433\u0430 \u0456 \u0440\u043e\u0437\u043c\u0456\u0440\u0438 \u043f\u0440\u0438\u0441\u0442\u0440\u043e\u044e<\/li>\n<li>\u0422\u0438\u043f \u043f\u0440\u0438\u0432\u043e\u0434\u0443: \u0435\u043b\u0435\u043a\u0442\u0440\u0438\u0447\u043d\u0438\u0439 \u0430\u0431\u043e \u043f\u0430\u043b\u0438\u0432\u043d\u0438\u0439<\/li>\n<\/ul>\n<p>\u041f\u0440\u0438\u043a\u043b\u0430\u0434\u0438 \u0432\u0438\u043a\u043e\u0440\u0438\u0441\u0442\u0430\u043d\u043d\u044f \u0431\u0443\u0441\u0442\u0435\u0440\u0456\u0432:<\/p>\n<ul>\n<li>\u0420\u043e\u0431\u043e\u0442\u0430 \u043d\u0430 \u0432\u0438\u0441\u043e\u0442\u0456 \u043d\u0430 \u0431\u0443\u0434\u0456\u0432\u043d\u0438\u0446\u0442\u0432\u0456<\/li>\n<li>\u0422\u0435\u0445\u043d\u0456\u0447\u043d\u0435 \u043e\u0431\u0441\u043b\u0443\u0433\u043e\u0432\u0443\u0432\u0430\u043d\u043d\u044f, \u043f\u0440\u0438\u0431\u0438\u0440\u0430\u043d\u043d\u044f, \u0444\u0430\u0440\u0431\u0443\u0432\u0430\u043d\u043d\u044f \u0434\u0430\u0445\u0443<\/li>\n<li>\u0420\u0435\u043c\u043e\u043d\u0442 \u043e\u0441\u0432\u0456\u0442\u043b\u0435\u043d\u043d\u044f, \u0435\u043b\u0435\u043a\u0442\u0440\u043e\u043c\u043e\u043d\u0442\u0430\u0436\u0443, \u0441\u0432\u0456\u0442\u043b\u043e\u0444\u043e\u0440\u0456\u0432<\/li>\n<li>\u041c\u0438\u0442\u0442\u044f \u0432\u0456\u043a\u043e\u043d \u0442\u0430 \u0444\u0430\u0441\u0430\u0434\u043d\u0438\u0445 \u0435\u043b\u0435\u043c\u0435\u043d\u0442\u0456\u0432<\/li>\n<li>\u041e\u0431\u0440\u0456\u0437\u043a\u0430 \u0433\u0456\u043b\u043e\u043a, \u0434\u043e\u0433\u043b\u044f\u0434 \u0437\u0430 \u0437\u0435\u043b\u0435\u043d\u0438\u043c\u0438 \u043d\u0430\u0441\u0430\u0434\u0436\u0435\u043d\u043d\u044f\u043c\u0438 \u0432 \u043f\u0430\u0440\u043a\u0430\u0445 \u0442\u0430 \u0456\u043d\u0448\u0438\u0445 \u0437\u0435\u043b\u0435\u043d\u0438\u0445 \u043d\u0430\u0441\u0430\u0434\u0436\u0435\u043d\u043d\u044f\u0445<\/li>\n<li>\u041e\u043f\u0435\u0440\u0430\u0446\u0456\u0457 \u043f\u043e\u0436\u0435\u0436\u043d\u043e\u0457 \u0431\u0440\u0438\u0433\u0430\u0434\u0438 - \u043f\u043e\u0436\u0435\u0436\u043d\u0456 \u0430\u0432\u0442\u043e\u043c\u043e\u0431\u0456\u043b\u0456 \u0442\u0430\u043a\u043e\u0436 \u0454 \u0440\u0456\u0437\u043d\u043e\u0432\u0438\u0434\u043e\u043c \u0430\u0432\u0442\u043e\u0432\u0438\u0448\u043a\u0438<\/li>\n<\/ul>\n<p>&nbsp;<\/p>\n<p><a href=\"https:\/\/kursy-udt.pl\/wp-content\/uploads\/2022\/12\/16-kurs-zwyzki-nozycowe-kursy-udt.pl_.png\"><img loading=\"lazy\" decoding=\"async\" class=\"aligncenter wp-image-4526\" src=\"https:\/\/kursy-udt.pl\/wp-content\/uploads\/2022\/12\/16-kurs-zwyzki-nozycowe-kursy-udt.pl_-300x188.png\" alt=\"\" width=\"750\" height=\"469\" srcset=\"https:\/\/kursy-udt.pl\/wp-content\/uploads\/2022\/12\/16-kurs-zwyzki-nozycowe-kursy-udt.pl_-300x188.png 300w, https:\/\/kursy-udt.pl\/wp-content\/uploads\/2022\/12\/16-kurs-zwyzki-nozycowe-kursy-udt.pl_-1024x640.png 1024w, https:\/\/kursy-udt.pl\/wp-content\/uploads\/2022\/12\/16-kurs-zwyzki-nozycowe-kursy-udt.pl_-768x480.png 768w, https:\/\/kursy-udt.pl\/wp-content\/uploads\/2022\/12\/16-kurs-zwyzki-nozycowe-kursy-udt.pl_-18x12.png 18w, https:\/\/kursy-udt.pl\/wp-content\/uploads\/2022\/12\/16-kurs-zwyzki-nozycowe-kursy-udt.pl_-624x390.png 624w, https:\/\/kursy-udt.pl\/wp-content\/uploads\/2022\/12\/16-kurs-zwyzki-nozycowe-kursy-udt.pl_.png 1200w\" sizes=\"auto, (max-width: 750px) 100vw, 750px\" \/><\/a><\/p>","protected":false},"excerpt":{"rendered":"<p>Celem szkolenia jest nie tylko jak najlepsze przygotowanie kursant\u00f3w do egzaminu UDT, ale tak\u017ce przekazanie wiedzy i nauka umiej\u0119tno\u015bci, kt\u00f3re przydadz\u0105 si\u0119 w p\u00f3\u017aniejszej pracy. Nasi instruktorzy przyk\u0142adaj\u0105 du\u017c\u0105 wag\u0119 do zasad bezpiecznej eksploatacji urz\u0105dze\u0144, co pozwala unikn\u0105\u0107 awarii i wypadk\u00f3w przy pracy. W cenie szkolenia zawarty jest egzamin, po kt\u00f3rego zaliczeniu uzyskuje si\u0119 uprawnienia UDT, niezb\u0119dne do pracy w zawodzie. Kurs na podno\u015bnik koszowy \u2013 informacje Zaj\u0119cia z teorii Kurs rozpoczyna si\u0119 wyk\u0142adami, w trakcie kt\u00f3rych instruktorzy w przyst\u0119pny spos\u00f3b przekazuj\u0105 wiedz\u0119 na temat budowy podno\u015bnik\u00f3w, dzia\u0142ania mechanizm\u00f3w, czytania instrukcji obs\u0142ugi, zasad eksploatacji, bada\u0144 i pr\u00f3b. Zaj\u0119cia odbywaj\u0105 si\u0119 stacjonarnie lub online, w formie webinar\u00f3w. Zaj\u0119cia praktyczne Kursanci mog\u0105 umawia\u0107 si\u0119 indywidualnie na \u0107wiczenia praktyczne w hali na placu manewrowym. O\u015brodek dysponuje w\u0142asn\u0105 baz\u0105 techniczn\u0105 z urz\u0105dzeniami omawianymi na kursie. Kandydat na operatora ma okazj\u0119 zapozna\u0107 si\u0119 w praktyce z budow\u0105 zwy\u017cek, prze\u0107wiczy\u0107 uruchamianie i obs\u0142ug\u0119, pozna\u0107 zasady BHP obowi\u0105zuj\u0105ce przy wypadkach i awariach. Zakres zagadnie\u0144 w obu cz\u0119\u015bciach szkolenia jest uzgadniany z UDT. Szkolenia mog\u0105 r\u00f3\u017cni\u0107 si\u0119 liczb\u0105 godzin, w zale\u017cno\u015bci od stopnia zaawansowania i potrzeb grupy oraz typu podest\u00f3w (od ok. 8 do 35 godzin). Kurs na podno\u015bniki &#8211; szczeg\u00f3\u0142y organizacyjne Kto mo\u017ce wzi\u0105\u0107 udzia\u0142 w zaj\u0119ciach: osoby na r\u00f3\u017cnym poziomie zaawansowania, w wieku powy\u017cej 18 lat, bez przeciwwskaza\u0144 zdrowotnych, posiadaj\u0105ce co najmniej wykszta\u0142cenie podstawowe. Gdzie odbywaj\u0105 si\u0119 kursy: O\u015brodek organizuje szkolenia na podno\u015bniki koszowe w Warszawie, Krakowie, Katowicach. Na \u017cyczenie klient\u00f3w biznesowych organizujemy r\u00f3wnie\u017c szkolenia w innych lokalizacjach. Ile kosztuj\u0105 kursy na podesty ruchome: cena jest podawana zainteresowanym klientom przy rejestracji. [&hellip;]<\/p>\n","protected":false},"author":1,"featured_media":3487,"parent":2721,"menu_order":0,"comment_status":"closed","ping_status":"closed","template":"","meta":{"sfsi_plus_gutenberg_text_before_share":"","sfsi_plus_gutenberg_show_text_before_share":"","sfsi_plus_gutenberg_icon_type":"","sfsi_plus_gutenberg_icon_alignemt":"","sfsi_plus_gutenburg_max_per_row":"","footnotes":""},"class_list":["post-3486","page","type-page","status-publish","has-post-thumbnail","hentry","has_thumb"],"aioseo_notices":[],"_links":{"self":[{"href":"https:\/\/kursy-udt.pl\/ua\/wp-json\/wp\/v2\/pages\/3486","targetHints":{"allow":["GET"]}}],"collection":[{"href":"https:\/\/kursy-udt.pl\/ua\/wp-json\/wp\/v2\/pages"}],"about":[{"href":"https:\/\/kursy-udt.pl\/ua\/wp-json\/wp\/v2\/types\/page"}],"author":[{"embeddable":true,"href":"https:\/\/kursy-udt.pl\/ua\/wp-json\/wp\/v2\/users\/1"}],"replies":[{"embeddable":true,"href":"https:\/\/kursy-udt.pl\/ua\/wp-json\/wp\/v2\/comments?post=3486"}],"version-history":[{"count":5,"href":"https:\/\/kursy-udt.pl\/ua\/wp-json\/wp\/v2\/pages\/3486\/revisions"}],"predecessor-version":[{"id":4528,"href":"https:\/\/kursy-udt.pl\/ua\/wp-json\/wp\/v2\/pages\/3486\/revisions\/4528"}],"up":[{"embeddable":true,"href":"https:\/\/kursy-udt.pl\/ua\/wp-json\/wp\/v2\/pages\/2721"}],"wp:featuredmedia":[{"embeddable":true,"href":"https:\/\/kursy-udt.pl\/ua\/wp-json\/wp\/v2\/media\/3487"}],"wp:attachment":[{"href":"https:\/\/kursy-udt.pl\/ua\/wp-json\/wp\/v2\/media?parent=3486"}],"curies":[{"name":"wp","href":"https:\/\/api.w.org\/{rel}","templated":true}]}}