{"id":3478,"date":"2021-09-02T10:50:22","date_gmt":"2021-09-02T10:50:22","guid":{"rendered":"https:\/\/kursy-udt.pl\/?page_id=3478"},"modified":"2023-02-14T12:24:42","modified_gmt":"2023-02-14T11:24:42","slug":"%d0%bf%d0%bb%d0%b0%d1%82%d1%84%d0%be%d1%80%d0%bc%d0%b8-%d0%bf%d0%b5%d1%80%d0%b5%d0%b2%d1%96%d0%b7%d0%bd%d1%96-%d0%bf%d0%b0%d1%8f%d0%ba","status":"publish","type":"page","link":"https:\/\/kursy-udt.pl\/ua\/szkolenia\/udt-wdt-tdt\/podesty-przewozne-pajaki\/","title":{"rendered":"\u041a\u0443\u0440\u0441 \u043d\u0430 \u043c\u043e\u0431\u0456\u043b\u044c\u043d\u0456 \u043f\u043b\u0430\u0442\u0444\u043e\u0440\u043c\u0438 - \u043f\u0430\u0432\u0443\u043a\u0438"},"content":{"rendered":"<p><a href=\"https:\/\/kursy-udt.pl\/wp-content\/uploads\/2021\/09\/kursy-udt.pl-0015-OPUBLIKOWANY-v3-Copy.jpg\"><img loading=\"lazy\" decoding=\"async\" class=\"paddingleft10 alignleft wp-image-3479 size-medium\" src=\"https:\/\/kursy-udt.pl\/wp-content\/uploads\/2021\/09\/kursy-udt.pl-0015-OPUBLIKOWANY-v3-Copy-300x142.jpg\" alt=\"\u0420\u043e\u0431\u043e\u0442\u0430 \u0437 \u043c\u043e\u0431\u0456\u043b\u044c\u043d\u0438\u043c\u0438 \u043f\u043b\u0430\u0442\u0444\u043e\u0440\u043c\u0430\u043c\u0438 (\u0442\u0430\u043a \u0437\u0432\u0430\u043d\u0438\u043c\u0438 \u043f\u0430\u0432\u0443\u043a\u0430\u043c\u0438) \u043d\u0435\u0441\u043a\u043b\u0430\u0434\u043d\u0430, \u0430\u043b\u0435 \u043f\u043e\u0442\u0440\u0435\u0431\u0443\u0454 \u043b\u0456\u0446\u0435\u043d\u0437\u0456\u0457\" width=\"300\" height=\"142\" srcset=\"https:\/\/kursy-udt.pl\/wp-content\/uploads\/2021\/09\/kursy-udt.pl-0015-OPUBLIKOWANY-v3-Copy-300x142.jpg 300w, https:\/\/kursy-udt.pl\/wp-content\/uploads\/2021\/09\/kursy-udt.pl-0015-OPUBLIKOWANY-v3-Copy.jpg 579w\" sizes=\"auto, (max-width: 300px) 100vw, 300px\" \/><\/a>\u041c\u043e\u0431\u0456\u043b\u044c\u043d\u0430 \u043f\u043b\u0430\u0442\u0444\u043e\u0440\u043c\u0430 \u0434\u043e\u0441\u0442\u0443\u043f\u0443 \u0442\u0438\u043f\u0443 \u00ab\u043f\u0430\u0432\u0443\u043a\u00bb \u2014 \u0446\u0435 \u043f\u0440\u0438\u0441\u0442\u0440\u0456\u0439, \u044f\u043a\u0438\u0439 \u0447\u0430\u0441\u0442\u043e \u0432\u0438\u043a\u043e\u0440\u0438\u0441\u0442\u043e\u0432\u0443\u044e\u0442\u044c \u0442\u0430\u043c, \u0434\u0435 \u043f\u0456\u0434\u0439\u043e\u043c\u043d\u0438\u043a\u0438 \u043d\u0435 \u043c\u0430\u044e\u0442\u044c \u0434\u043e\u0441\u0442\u0443\u043f\u0443. \u0407\u0445 \u043e\u0445\u043e\u0447\u0435 \u0432\u0438\u043a\u043e\u0440\u0438\u0441\u0442\u043e\u0432\u0443\u044e\u0442\u044c \u0434\u043b\u044f \u0432\u043d\u0443\u0442\u0440\u0456\u0448\u043d\u0456\u0445 \u0456 \u0437\u043e\u0432\u043d\u0456\u0448\u043d\u0456\u0445 \u0440\u043e\u0431\u0456\u0442. \u0426\u0456\u043d\u0443\u044e\u0442\u044c\u0441\u044f \u0432\u043e\u043d\u0438 \u0432 \u043f\u0435\u0440\u0448\u0443 \u0447\u0435\u0440\u0433\u0443 \u0437\u0430 \u043d\u0435\u0432\u0435\u043b\u0438\u043a\u0438\u0439 \u0440\u043e\u0437\u043c\u0456\u0440 \u0456 \u0432\u0430\u0433\u0443. \u042f\u043a \u0456 \u0443 \u0432\u0438\u043f\u0430\u0434\u043a\u0443 \u0437 \u0456\u043d\u0448\u0438\u043c\u0438 \u043c\u043e\u0431\u0456\u043b\u044c\u043d\u0438\u043c\u0438 \u043f\u043b\u0430\u0442\u0444\u043e\u0440\u043c\u0430\u043c\u0438, \u0457\u0445\u043d\u044f \u0440\u043e\u0431\u043e\u0442\u0430 \u043f\u043e\u0442\u0440\u0435\u0431\u0443\u0454 \u0432\u0456\u0434\u043f\u043e\u0432\u0456\u0434\u043d\u043e\u0457 \u043a\u0432\u0430\u043b\u0456\u0444\u0456\u043a\u0430\u0446\u0456\u0457, \u0432\u0438\u0434\u0430\u043d\u043e\u0457 \u0423\u043f\u0440\u0430\u0432\u043b\u0456\u043d\u043d\u044f\u043c \u0442\u0435\u0445\u043d\u0456\u0447\u043d\u043e\u0457 \u0456\u043d\u0441\u043f\u0435\u043a\u0446\u0456\u0457. \u041d\u0430\u0448 \u0426\u0435\u043d\u0442\u0440 \u043e\u0440\u0433\u0430\u043d\u0456\u0437\u043e\u0432\u0443\u0454 \u043a\u0443\u0440\u0441\u0438, \u044f\u043a\u0456 \u0435\u0444\u0435\u043a\u0442\u0438\u0432\u043d\u043e \u0433\u043e\u0442\u0443\u044e\u0442\u044c \u0434\u043e \u0456\u0441\u043f\u0438\u0442\u0456\u0432 \u043d\u0430 \u043f\u0456\u0434\u0442\u0432\u0435\u0440\u0434\u0436\u0435\u043d\u043d\u044f \u043f\u0440\u043e\u0444\u0435\u0441\u0456\u0439\u043d\u043e\u0457 \u043a\u0432\u0430\u043b\u0456\u0444\u0456\u043a\u0430\u0446\u0456\u0457.<\/p>\n<h2>\u0414\u043e\u0437\u0432\u043e\u043b\u0438 \u0434\u043b\u044f \u043c\u043e\u0431\u0456\u043b\u044c\u043d\u0438\u0445 \u043f\u043b\u0430\u0442\u0444\u043e\u0440\u043c (\u043f\u0430\u0432\u0443\u043a\u0456\u0432) - \u0447\u043e\u043c\u0443 \u0457\u0445 \u0432\u0430\u0440\u0442\u043e \u043c\u0430\u0442\u0438?<\/h2>\n<p>\u0414\u043e\u0437\u0432\u043e\u043b\u0438 \u043d\u0430 \u0432\u0438\u043a\u043e\u043d\u0430\u043d\u043d\u044f \u0440\u043e\u0431\u0456\u0442 \u0437 \u0432\u0438\u043a\u043e\u0440\u0438\u0441\u0442\u0430\u043d\u043d\u044f\u043c \u043c\u043e\u0431\u0456\u043b\u044c\u043d\u0438\u0445 \u043f\u043b\u0430\u0442\u0444\u043e\u0440\u043c, \u0432\u0438\u0434\u0430\u043d\u0456 \u0423\u043f\u0440\u0430\u0432\u043b\u0456\u043d\u043d\u044f\u043c \u0442\u0435\u0445\u043d\u0456\u0447\u043d\u043e\u0433\u043e \u043d\u0430\u0433\u043b\u044f\u0434\u0443, \u0454 \u0434\u043e\u043a\u0443\u043c\u0435\u043d\u0442\u043e\u043c, \u044f\u043a\u0438\u0439 \u0432\u0438\u043c\u0430\u0433\u0430\u0454 \u043a\u043e\u0436\u0435\u043d \u0440\u043e\u0431\u043e\u0442\u043e\u0434\u0430\u0432\u0435\u0446\u044c. \u0411\u0435\u0437 \u0446\u0438\u0445 \u043f\u043e\u0432\u043d\u043e\u0432\u0430\u0436\u0435\u043d\u044c \u043c\u043e\u0436\u043d\u0430 \u0432\u0438\u043a\u043e\u043d\u0443\u0432\u0430\u0442\u0438 \u043b\u0438\u0448\u0435 \u0434\u043e\u043f\u043e\u043c\u0456\u0436\u043d\u0456 \u0440\u043e\u0431\u043e\u0442\u0438, \u0430\u043b\u0435 \u043e\u043f\u043b\u0430\u0442\u0430 \u043f\u0440\u0430\u0446\u0456 \u043d\u0430 \u0442\u0430\u043a\u0438\u0445 \u043f\u043e\u0441\u0430\u0434\u0430\u0445 \u0437\u043d\u0430\u0447\u043d\u043e \u043d\u0438\u0436\u0447\u0430.<\/p>\n<div style=\"width: 640px;\" class=\"wp-video\"><video id=\"video-3478-1\" width=\"640\" height=\"360\" poster=\"https:\/\/kursy-udt.pl\/wp-content\/uploads\/2023\/02\/20230127_031102_0000.jpg\" preload=\"metadata\" controls=\"controls\"><source type=\"video\/mp4\" src=\"https:\/\/kursy-udt.pl\/wp-content\/uploads\/2023\/02\/ACCEPTED-operator-podestow-4K-kursy-udt.mp4?_=1\" \/><a href=\"https:\/\/kursy-udt.pl\/wp-content\/uploads\/2023\/02\/ACCEPTED-operator-podestow-4K-kursy-udt.mp4\">https:\/\/kursy-udt.pl\/wp-content\/uploads\/2023\/02\/ACCEPTED-operator-podestow-4K-kursy-udt.mp4<\/a><\/video><\/div>\n<p>\u041b\u044e\u0434\u0435\u0439, \u044f\u043a\u0456 \u0432\u043c\u0456\u044e\u0442\u044c \u043a\u0435\u0440\u0443\u0432\u0430\u0442\u0438 \u043c\u043e\u0431\u0456\u043b\u044c\u043d\u0438\u043c\u0438 \u043f\u0456\u0434\u0439\u043e\u043c\u043d\u0438\u043c\u0438 \u043f\u043b\u0430\u0442\u0444\u043e\u0440\u043c\u0430\u043c\u0438, \u043e\u0445\u043e\u0447\u0435 \u043d\u0430\u0439\u043c\u0430\u044e\u0442\u044c, \u0437\u043e\u043a\u0440\u0435\u043c\u0430, \u0443 \u043a\u043e\u043c\u043f\u0430\u043d\u0456\u0457, \u0449\u043e \u0437\u0430\u0439\u043c\u0430\u044e\u0442\u044c\u0441\u044f:<\/p>\n<ul>\n<li>\u0422\u0435\u0445\u043d\u0456\u0447\u043d\u043e-\u0440\u0435\u043c\u043e\u043d\u0442\u043d\u0456 \u0440\u043e\u0431\u043e\u0442\u0438 \u0437\u043e\u0432\u043d\u0456 \u0442\u0430 \u0432\u0441\u0435\u0440\u0435\u0434\u0438\u043d\u0456 \u0431\u0443\u0434\u0456\u0432\u0435\u043b\u044c<\/li>\n<li>\u041f\u0440\u0438\u0431\u0438\u0440\u0430\u043d\u043d\u044f \u0441\u043d\u0456\u0433\u0443 \u0442\u0430 \u0440\u0435\u043c\u043e\u043d\u0442 \u043f\u043e\u043a\u0440\u0456\u0432\u043b\u0456<\/li>\n<li>\u041e\u0431\u0440\u0456\u0437\u043a\u0430 \u0433\u0456\u043b\u043e\u043a, \u0434\u043e\u0433\u043b\u044f\u0434 \u0437\u0430 \u0437\u0435\u043b\u0435\u043d\u0438\u043c\u0438 \u043d\u0430\u0441\u0430\u0434\u0436\u0435\u043d\u043d\u044f\u043c\u0438<\/li>\n<li>\u0424\u0430\u0440\u0431\u0443\u0432\u0430\u043d\u043d\u044f \u0441\u0442\u0456\u043d \u0442\u0430 \u0444\u0430\u0441\u0430\u0434\u0456\u0432 \u0431\u0443\u0434\u0456\u0432\u0435\u043b\u044c<\/li>\n<li>\u041e\u0431\u0441\u043b\u0443\u0433\u043e\u0432\u0443\u0432\u0430\u043d\u043d\u044f \u0432\u0435\u043b\u0438\u043a\u043e\u0433\u0430\u0431\u0430\u0440\u0438\u0442\u043d\u0438\u0445 \u0441\u043a\u043b\u0430\u0434\u0456\u0432<\/li>\n<li>\u041c\u0438\u0442\u0442\u044f \u0432\u0456\u043a\u043e\u043d \u043d\u0430 \u0432\u0438\u0441\u043e\u0442\u0456 \u041c\u043e\u0431\u0456\u043b\u044c\u043d\u0456 \u043f\u043b\u0430\u0442\u0444\u043e\u0440\u043c\u0438 \u043f\u0440\u043e\u0442\u0438 \u0456\u043d\u0448\u0438\u0445 \u0440\u0443\u0445\u043e\u043c\u0438\u0445 \u043f\u043b\u0430\u0442\u0444\u043e\u0440\u043c<\/li>\n<\/ul>\n<p>\u0422\u0430\u043a \u0437\u0432\u0430\u043d\u0456 \u043f\u0430\u0432\u0443\u043a\u0438 \u0432\u0456\u0434\u0440\u0456\u0437\u043d\u044f\u044e\u0442\u044c\u0441\u044f \u0432\u0456\u0434 \u0456\u043d\u0448\u0438\u0445 \u043c\u043e\u0431\u0456\u043b\u044c\u043d\u0438\u0445 \u043f\u043b\u0430\u0442\u0444\u043e\u0440\u043c \u0442\u0438\u043c, \u044f\u043a \u0432\u043e\u043d\u0438 \u0440\u0443\u0445\u0430\u044e\u0442\u044c\u0441\u044f. \u041d\u0430 \u0432\u0456\u0434\u043c\u0456\u043d\u0443 \u0432\u0456\u0434 \u0430\u0432\u0442\u043e\u0432\u0438\u0448\u043e\u043a \u0430\u0431\u043e \u043d\u043e\u0436\u0438\u0447\u043d\u0438\u0445 \u043f\u0456\u0434\u0439\u043e\u043c\u043d\u0438\u043a\u0456\u0432, \u0432\u043e\u043d\u0438 \u043d\u0435 \u043f\u0435\u0440\u0435\u0441\u0443\u0432\u0430\u044e\u0442\u044c\u0441\u044f \u0441\u0430\u043c\u043e\u0441\u0442\u0456\u0439\u043d\u043e, \u0430 \u043c\u0430\u044e\u0442\u044c \u0448\u0430\u0441\u0456, \u044f\u043a\u0456 \u043c\u043e\u0436\u043d\u0430 \u0442\u0440\u0430\u043d\u0441\u043f\u043e\u0440\u0442\u0443\u0432\u0430\u0442\u0438 \u043d\u0430 \u0430\u0432\u0442\u043e\u043c\u043e\u0431\u0456\u043b\u044c\u043d\u0438\u0445 \u043f\u0440\u0438\u0447\u0435\u043f\u0430\u0445. \u0422\u0430\u043a\u0456 \u0430\u0432\u0442\u043e\u043c\u043e\u0431\u0456\u043b\u0456 \u0437 \u043f\u0456\u0434\u0439\u043e\u043c\u043d\u0438\u043a\u0430\u043c\u0438, \u0432\u0441\u0442\u0430\u043d\u043e\u0432\u043b\u0435\u043d\u0438\u043c\u0438 \u043d\u0430 \u043f\u0440\u0438\u0447\u0435\u043f\u0430\u0445, \u0443 \u0434\u043e\u0440\u043e\u0436\u043d\u044c\u043e\u043c\u0443 \u0440\u0443\u0441\u0456 \u0432\u0432\u0430\u0436\u0430\u044e\u0442\u044c\u0441\u044f \u0441\u043f\u0435\u0446\u0456\u0430\u043b\u044c\u043d\u0438\u043c\u0438 \u043f\u0440\u0438\u0447\u0435\u043f\u0430\u043c\u0438.<\/p>\n<p>\u041c\u043e\u0431\u0456\u043b\u044c\u043d\u0456 \u043f\u043b\u0430\u0442\u0444\u043e\u0440\u043c\u0438-\u043f\u0430\u0432\u0443\u043a\u0438 \u043c\u0435\u043d\u0448\u0456 \u0437\u0430 \u0456\u043d\u0448\u0456 \u0432\u0438\u0434\u0438 \u043f\u0456\u0434\u0439\u043e\u043c\u043d\u0438\u043a\u0456\u0432, \u0432\u043e\u043d\u0438 \u0442\u0430\u043a\u043e\u0436 \u043b\u0435\u0433\u0448\u0456, \u0442\u043e\u043c\u0443 \u0434\u043e\u0431\u0440\u0435 \u043f\u0440\u0430\u0446\u044e\u044e\u0442\u044c \u043d\u0430 \u0437\u0435\u043c\u043b\u0456 \u0437 \u043d\u0435\u0432\u0435\u043b\u0438\u043a\u043e\u044e \u0432\u0430\u043d\u0442\u0430\u0436\u043e\u043f\u0456\u0434\u0439\u043e\u043c\u043d\u0456\u0441\u0442\u044e, \u043d\u0430\u043f\u0440\u0438\u043a\u043b\u0430\u0434, \u0443\u0441\u0435\u0440\u0435\u0434\u0438\u043d\u0456 \u0431\u0443\u0434\u0456\u0432\u0435\u043b\u044c. \u041f\u0440\u0438 \u0446\u044c\u043e\u043c\u0443 \u0457\u0445 \u0440\u043e\u0431\u043e\u0447\u0438\u0439 \u0434\u0456\u0430\u043f\u0430\u0437\u043e\u043d (\u043a\u0456\u043b\u044c\u043a\u0430 \u043c\u0435\u0442\u0440\u0456\u0432) \u0456 \u0432\u0438\u0441\u043e\u0442\u0430 (\u0434\u043e \u043a\u0456\u043b\u044c\u043a\u043e\u0445 \u0434\u0435\u0441\u044f\u0442\u043a\u0456\u0432 \u043c\u0435\u0442\u0440\u0456\u0432) \u0432\u0456\u0434\u043d\u043e\u0441\u043d\u043e \u0432\u0435\u043b\u0438\u043a\u0456, \u0449\u043e \u0434\u043e\u0437\u0432\u043e\u043b\u044f\u0454 \u0432\u0438\u043a\u043e\u043d\u0443\u0432\u0430\u0442\u0438 \u043d\u0438\u043c\u0438 \u0448\u0438\u0440\u043e\u043a\u0438\u0439 \u0441\u043f\u0435\u043a\u0442\u0440 \u0440\u043e\u0431\u0456\u0442. \u0417\u0430\u0432\u0434\u044f\u043a\u0438 \u0442\u043e\u043c\u0443, \u0449\u043e \u0432\u043e\u043d\u0438 \u043f\u0435\u0440\u0435\u0432\u043e\u0437\u044f\u0442\u044c\u0441\u044f \u043d\u0430 \u0430\u0432\u0442\u043e\u043c\u043e\u0431\u0456\u043b\u044f\u0445, \u0457\u0445 \u043c\u043e\u0436\u043d\u0430 \u0448\u0432\u0438\u0434\u043a\u043e \u043f\u0435\u0440\u0435\u043c\u0456\u0449\u0430\u0442\u0438 \u0437 \u043c\u0456\u0441\u0446\u044f \u043d\u0430 \u043c\u0456\u0441\u0446\u0435.<\/p>\n<div class=\"filmw\">\n<div class=\"responsive-youtube\" style=\"text-align: center;\"><iframe loading=\"lazy\" title=\"\u0412\u0456\u0434\u0435\u043e\u043f\u043b\u0435\u0454\u0440 YouTube\" src=\"https:\/\/www.youtube.com\/embed\/sadG__ZRQI8\" width=\"560\" height=\"315\" frameborder=\"0\" allowfullscreen=\"allowfullscreen\"><\/iframe><\/div>\n<\/div>\n<h2>\u041c\u043e\u0431\u0456\u043b\u044c\u043d\u0456 \u043f\u043b\u0430\u0442\u0444\u043e\u0440\u043c\u0438 &quot;\u043f\u0430\u0432\u0443\u043a\u0438&quot; - \u043a\u0443\u0440\u0441 \u0434\u043b\u044f \u043e\u043f\u0435\u0440\u0430\u0442\u043e\u0440\u0430<\/h2>\n<h3>\u0427\u043e\u0433\u043e \u043c\u043e\u0436\u043d\u0430 \u043d\u0430\u0432\u0447\u0438\u0442\u0438\u0441\u044f \u043d\u0430 \u043a\u0443\u0440\u0441\u0456?<\/h3>\n<p>\u041d\u0430\u0432\u0447\u0430\u043d\u043d\u044f \u043a\u043e\u0440\u0438\u0441\u0442\u0443\u0432\u0430\u043d\u043d\u044e \u00ab\u043f\u0430\u0432\u0443\u043a\u043e\u0432\u0438\u043c\u0438\u00bb \u043f\u043b\u0430\u0442\u0444\u043e\u0440\u043c\u0430\u043c\u0438 \u2013 \u0446\u0435 \u0442\u0435\u043e\u0440\u0435\u0442\u0438\u0447\u043d\u0435 \u0442\u0430 \u043f\u0440\u0430\u043a\u0442\u0438\u0447\u043d\u0435 \u043d\u0430\u0432\u0447\u0430\u043d\u043d\u044f \u0434\u043b\u044f \u043b\u044e\u0434\u0435\u0439, \u044f\u043a\u0456 \u0445\u043e\u0447\u0443\u0442\u044c \u0441\u0442\u0430\u0442\u0438 \u043e\u043f\u0435\u0440\u0430\u0442\u043e\u0440\u0430\u043c\u0438 \u0442\u0430\u043a\u0438\u0445 \u043f\u0440\u0438\u0441\u0442\u0440\u043e\u0457\u0432. \u041f\u0456\u0434 \u0447\u0430\u0441 \u043a\u0443\u0440\u0441\u0443 \u0443\u0447\u0430\u0441\u043d\u0438\u043a\u0438 \u043e\u0437\u043d\u0430\u0439\u043e\u043c\u043b\u044f\u0442\u044c\u0441\u044f \u0437 \u043a\u043e\u043d\u0441\u0442\u0440\u0443\u043a\u0446\u0456\u0454\u044e \u043f\u043b\u0430\u0442\u0444\u043e\u0440\u043c, \u0443\u043c\u043e\u0432\u0430\u043c\u0438 \u0457\u0445 \u0431\u0435\u0437\u043f\u0435\u0447\u043d\u043e\u0457 \u0435\u043a\u0441\u043f\u043b\u0443\u0430\u0442\u0430\u0446\u0456\u0457, \u0437 \u0440\u0435\u0433\u043b\u0430\u043c\u0435\u043d\u0442\u043e\u043c \u0442\u0435\u0445\u043d\u0456\u0447\u043d\u043e\u0433\u043e \u043e\u0433\u043b\u044f\u0434\u0443, \u043d\u0430\u0432\u0447\u0430\u0442\u044c\u0441\u044f \u0447\u0438\u0442\u0430\u0442\u0438 \u0456\u043d\u0441\u0442\u0440\u0443\u043a\u0446\u0456\u044e \u0437 \u0435\u043a\u0441\u043f\u043b\u0443\u0430\u0442\u0430\u0446\u0456\u0457 \u0442\u043e\u0449\u043e \u0443 \u0440\u0430\u0437\u0456 \u043f\u043e\u043b\u043e\u043c\u043a\u0438 \u0447\u0438 \u0430\u0432\u0430\u0440\u0456\u0457.<\/p>\n<h3>\u0414\u043b\u044f \u043a\u043e\u0433\u043e \u0442\u0440\u0435\u043d\u0456\u043d\u0433?<\/h3>\n<p>\u041c\u043e\u0431\u0456\u043b\u044c\u043d\u0438\u0439 \u0434\u0435\u0441\u0430\u043d\u0442\u043d\u0438\u0439 \u043a\u0443\u0440\u0441 \u0442\u0438\u043f\u0443 \u00ab\u043f\u0430\u0432\u0443\u043a\u00bb \u0434\u043e\u0441\u0442\u0443\u043f\u043d\u0438\u0439 \u043d\u0430 \u0440\u0456\u0437\u043d\u0438\u0445 \u0440\u0456\u0432\u043d\u044f\u0445. \u0417\u0430\u043f\u0440\u043e\u0448\u0443\u0454\u043c\u043e \u044f\u043a \u043b\u044e\u0434\u0435\u0439, \u044f\u043a\u0456 \u0445\u043e\u0447\u0443\u0442\u044c \u043d\u0430\u0432\u0447\u0438\u0442\u0438\u0441\u044f \u043a\u043e\u0440\u0438\u0441\u0442\u0443\u0432\u0430\u0442\u0438\u0441\u044f \u0434\u0430\u043d\u0438\u043c\u0438 \u043f\u0440\u0438\u0441\u0442\u0440\u043e\u044f\u043c\u0438, \u0430\u043b\u0435 \u0449\u0435 \u043d\u0435 \u043c\u0430\u043b\u0438 \u0437 \u043d\u0438\u043c\u0438 \u0441\u043f\u0440\u0430\u0432\u0438, \u0442\u0430\u043a \u0456 \u0442\u0438\u0445, \u0445\u0442\u043e \u0432\u0436\u0435 \u0432\u0438\u043a\u043e\u0440\u0438\u0441\u0442\u043e\u0432\u0443\u0454 \u0457\u0445 \u0443 \u0441\u0432\u043e\u0457\u0439 \u0440\u043e\u0431\u043e\u0442\u0456, \u0430\u043b\u0435 \u0449\u0435 \u043d\u0435 \u043c\u0430\u0454 \u043f\u0440\u0430\u0432\u0430 \u0441\u0430\u043c\u043e\u0441\u0442\u0456\u0439\u043d\u043e \u0457\u0445 \u0432\u0438\u043a\u043e\u0440\u0438\u0441\u0442\u043e\u0432\u0443\u0432\u0430\u0442\u0438.<a href=\"https:\/\/kursy-udt.pl\/wp-content\/uploads\/2021\/09\/kursy-udt.pl-0015-OPUBLIKOWANY-v4-Copy.jpg\"><img loading=\"lazy\" decoding=\"async\" class=\"size-full wp-image-3480 aligncenter\" src=\"https:\/\/kursy-udt.pl\/wp-content\/uploads\/2021\/09\/kursy-udt.pl-0015-OPUBLIKOWANY-v4-Copy.jpg\" alt=\"\u041c\u043e\u0431\u0456\u043b\u044c\u043d\u0456 \u043f\u043b\u0430\u0442\u0444\u043e\u0440\u043c\u0438, \u0442. \u0437\u0432 \u043f\u0430\u0432\u0443\u043a\u0438 - \u0446\u0435 \u043f\u0440\u0438\u0441\u0442\u0440\u043e\u0457, \u044f\u043a\u0456 \u043f\u0435\u0440\u0435\u0432\u043e\u0437\u044f\u0442\u044c\u0441\u044f \u043d\u0430 \u0430\u0432\u0442\u043e\u043c\u043e\u0431\u0456\u043b\u044c\u043d\u0438\u0445 \u043f\u0440\u0438\u0447\u0435\u043f\u0430\u0445\" width=\"579\" height=\"386\" srcset=\"https:\/\/kursy-udt.pl\/wp-content\/uploads\/2021\/09\/kursy-udt.pl-0015-OPUBLIKOWANY-v4-Copy.jpg 579w, https:\/\/kursy-udt.pl\/wp-content\/uploads\/2021\/09\/kursy-udt.pl-0015-OPUBLIKOWANY-v4-Copy-300x200.jpg 300w\" sizes=\"auto, (max-width: 579px) 100vw, 579px\" \/><\/a><\/p>\n<h3>\u042f\u043a \u0432\u0438\u0433\u043b\u044f\u0434\u0430\u0454 \u0456\u0441\u043f\u0438\u0442 \u0434\u043b\u044f \u043c\u043e\u0431\u0456\u043b\u044c\u043d\u0438\u0445 \u043f\u043b\u0430\u0442\u0444\u043e\u0440\u043c \u00ab\u043f\u0430\u0432\u0443\u043a\u0438\u00bb?<\/h3>\n<p>\u0406\u0441\u043f\u0438\u0442 \u043f\u0440\u043e\u0432\u043e\u0434\u0438\u0442\u044c \u0437\u043e\u0432\u043d\u0456\u0448\u043d\u0456\u0439 \u043f\u0456\u0434\u0440\u043e\u0437\u0434\u0456\u043b, \u0442\u043e\u0431\u0442\u043e \u0423\u0414\u0422. \u041d\u0430\u0432\u0447\u0430\u043d\u043d\u044f \u043f\u0440\u043e\u0445\u043e\u0434\u0438\u0442\u044c \u0443 \u0444\u043e\u0440\u043c\u0456 \u043f\u0456\u0434\u0433\u043e\u0442\u043e\u0432\u043a\u0438 \u0434\u043e \u0446\u044c\u043e\u0433\u043e \u0456\u0441\u043f\u0438\u0442\u0443: \u0432\u0438\u043a\u043b\u0430\u0434\u0430\u0447 \u043f\u0440\u043e\u0432\u043e\u0434\u0438\u0442\u044c \u0442\u0435\u0441\u0442\u0443\u0432\u0430\u043d\u043d\u044f \u0441\u0435\u0440\u0435\u0434 \u0443\u0447\u0430\u0441\u043d\u0438\u043a\u0456\u0432, \u0449\u043e\u0431 \u043f\u0435\u0440\u0435\u0432\u0456\u0440\u0438\u0442\u0438 \u0440\u0456\u0432\u0435\u043d\u044c \u0457\u0445 \u0437\u043d\u0430\u043d\u044c, \u0430 \u043e\u0431\u0441\u044f\u0433 \u043c\u0430\u0442\u0435\u0440\u0456\u0430\u043b\u0443 \u0432\u0456\u0434\u043f\u043e\u0432\u0456\u0434\u0430\u0454 \u0432\u0438\u043c\u043e\u0433\u0430\u043c \u0456\u0441\u043f\u0438\u0442\u0443. \u041f\u0440\u0430\u043a\u0442\u0438\u0447\u043d\u0430 \u0447\u0430\u0441\u0442\u0438\u043d\u0430 \u0442\u0430\u043a\u043e\u0436 \u0433\u043e\u0442\u0443\u0454 \u0434\u043e \u0441\u043f\u0456\u0432\u0431\u0435\u0441\u0456\u0434\u0438, \u044f\u043a\u0443 \u043f\u0440\u043e\u0432\u043e\u0434\u0438\u0442\u044c \u0435\u043a\u0437\u0430\u043c\u0435\u043d\u0430\u0442\u043e\u0440 \u043d\u0430 \u0430\u043f\u0430\u0440\u0430\u0442\u0456.<\/p>\n<p>\u0406\u0441\u043f\u0438\u0442 \u043d\u0430 \u043e\u043f\u0435\u0440\u0430\u0442\u043e\u0440\u0430 \u043c\u043e\u0431\u0456\u043b\u044c\u043d\u0438\u0445 \u043f\u043b\u0430\u0442\u0444\u043e\u0440\u043c \u043f\u0440\u043e\u0445\u043e\u0434\u0438\u0442\u044c \u0443 \u0444\u043e\u0440\u043c\u0456 \u0442\u0435\u0441\u0442\u0443\u0432\u0430\u043d\u043d\u044f, \u0430 \u043f\u043e\u0442\u0456\u043c \u043f\u0440\u0430\u043a\u0442\u0438\u0447\u043d\u043e\u0433\u043e \u0456\u0441\u043f\u0438\u0442\u0443. \u041f\u043e\u0437\u0438\u0442\u0438\u0432\u043d\u0438\u0439 \u0440\u0435\u0437\u0443\u043b\u044c\u0442\u0430\u0442 \u0437 \u043e\u0431\u043e\u0445 \u0447\u0430\u0441\u0442\u0438\u043d \u043e\u0437\u043d\u0430\u0447\u0430\u0454 \u0434\u043e\u043f\u0443\u0441\u043a <a href=\"https:\/\/kursy-udt.pl\/ua\/uprawnienia-udt\/kategorie-uprawnien-2\/\">\u041a\u0432\u0430\u043b\u0456\u0444\u0456\u043a\u0430\u0446\u0456\u044f UDT<\/a>\u044f\u043a\u0456 \u0434\u0456\u044e\u0442\u044c \u0443 \u041f\u043e\u043b\u044c\u0449\u0456 \u043f\u0440\u043e\u0442\u044f\u0433\u043e\u043c 10 \u0440\u043e\u043a\u0456\u0432.<\/p>\n<h2>\u0417\u0430\u043f\u0438\u0441 \u043d\u0430 \u043a\u0443\u0440\u0441 \u0434\u043b\u044f \u043c\u043e\u0431\u0456\u043b\u044c\u043d\u0438\u0445 \u043f\u043b\u0430\u0442\u0444\u043e\u0440\u043c<\/h2>\n<p>\u041a\u0443\u0440\u0441\u0438 \u043f\u0440\u043e\u0432\u043e\u0434\u044f\u0442\u044c\u0441\u044f \u044f\u043a \u0443 \u0432\u0456\u0434\u043a\u0440\u0438\u0442\u0456\u0439 \u0444\u043e\u0440\u043c\u0456, \u0434\u043b\u044f \u0432\u0441\u0456\u0445 \u0443\u0447\u0430\u0441\u043d\u0438\u043a\u0456\u0432, \u0442\u0430\u043a \u0456 \u0432 \u0437\u0430\u043a\u0440\u0438\u0442\u0456\u0439 \u2013 \u0434\u043b\u044f \u043a\u043e\u043c\u043f\u0430\u043d\u0456\u0439. \u0411\u0456\u043b\u044c\u0448\u0435 \u043e\u0440\u0433\u0430\u043d\u0456\u0437\u0430\u0446\u0456\u0439\u043d\u0438\u0445 \u0434\u0435\u0442\u0430\u043b\u0435\u0439 \u043c\u043e\u0436\u043d\u0430 \u0437\u043d\u0430\u0439\u0442\u0438 \u043d\u0430 \u0446\u0456\u0439 \u0441\u0442\u043e\u0440\u0456\u043d\u0446\u0456: <a href=\"https:\/\/kursy-udt.pl\/ua\/%d0%bd%d0%b0%d0%b2%d1%87%d0%b0%d0%bd%d0%bd%d1%8f\/%d0%bc%d0%be%d0%b1%d1%96%d0%bb%d1%8c%d0%bd%d1%96-%d0%bf%d0%bb%d0%b0%d1%82%d1%84%d0%be%d1%80%d0%bc%d0%b8\/\">https:\/\/kursy-udt.pl\/szkolenia\/podesty-ruchome\/<\/a><\/p>\n<p><a href=\"https:\/\/kursy-udt.pl\/wp-content\/uploads\/2022\/12\/PODESTY-RUCHOME-kursy-udt.pl_.png\"><img loading=\"lazy\" decoding=\"async\" class=\"aligncenter wp-image-4531\" src=\"https:\/\/kursy-udt.pl\/wp-content\/uploads\/2022\/12\/PODESTY-RUCHOME-kursy-udt.pl_-300x188.png\" alt=\"\" width=\"750\" height=\"469\" srcset=\"https:\/\/kursy-udt.pl\/wp-content\/uploads\/2022\/12\/PODESTY-RUCHOME-kursy-udt.pl_-300x188.png 300w, https:\/\/kursy-udt.pl\/wp-content\/uploads\/2022\/12\/PODESTY-RUCHOME-kursy-udt.pl_-1024x640.png 1024w, https:\/\/kursy-udt.pl\/wp-content\/uploads\/2022\/12\/PODESTY-RUCHOME-kursy-udt.pl_-768x480.png 768w, https:\/\/kursy-udt.pl\/wp-content\/uploads\/2022\/12\/PODESTY-RUCHOME-kursy-udt.pl_-18x12.png 18w, https:\/\/kursy-udt.pl\/wp-content\/uploads\/2022\/12\/PODESTY-RUCHOME-kursy-udt.pl_-624x390.png 624w, https:\/\/kursy-udt.pl\/wp-content\/uploads\/2022\/12\/PODESTY-RUCHOME-kursy-udt.pl_.png 1200w\" sizes=\"auto, (max-width: 750px) 100vw, 750px\" \/><\/a><\/p>\n<p>&nbsp;<\/p>","protected":false},"excerpt":{"rendered":"<p>Podest ruchomy typu \u201cpaj\u0105k\u201d to urz\u0105dzenie cz\u0119sto wykorzystywane tam, gdzie podno\u015bniki koszowe nie maj\u0105 dost\u0119pu. Ch\u0119tnie u\u017cywa si\u0119 ich do prac w pomieszczeniach i na zewn\u0105trz. Cenione s\u0105 przede wszystkim ze wzgl\u0119du na niewielkie rozmiary i wag\u0119. Podobnie jak w przypadku innych podest\u00f3w ruchomych, do ich obs\u0142ugi wymaga si\u0119 posiadania stosownych uprawnie\u0144, wydawanych przez Urz\u0105d Dozoru Technicznego. Nasz O\u015brodek organizuje kursy skutecznie przygotowuj\u0105ce do egzamin\u00f3w potwierdzaj\u0105cych kwalifikacje zawodowe. Uprawnienia na podesty przewo\u017ane (paj\u0105ki) &#8211; dlaczego warto je mie\u0107? Wystawione przez UDT uprawnienia do wykonywania prac z u\u017cyciem podest\u00f3w przewo\u017anych s\u0105 dokumentem, kt\u00f3rego wymaga ka\u017cdy pracodawca. Bez tych uprawnie\u0144 mo\u017cna wykonywa\u0107 jedynie prace pomocnicze, jednak p\u0142ace na takich stanowiskach s\u0105 znacznie ni\u017csze. Osoby potrafi\u0105ce obs\u0142ugiwa\u0107 podesty ruchome przewo\u017ane s\u0105 ch\u0119tnie zatrudniane mi\u0119dzy innymi w firmach zajmuj\u0105cych si\u0119: Pracami konserwacyjnymi i remontami na zewn\u0105trz i wewn\u0105trz budynk\u00f3w Od\u015bnie\u017caniem i naprawami dach\u00f3w Przycinaniem ga\u0142\u0119zi, piel\u0119gnacj\u0105 zieleni Malowaniem \u015bcian i fasad budynk\u00f3w Obs\u0142ug\u0105 magazyn\u00f3w wielkopowierzchniowych Myciem okien na wysoko\u015bciachPodesty przewo\u017ane a inne podesty ruchome Tzw. paj\u0105ki r\u00f3\u017cni\u0105 si\u0119 od innych podest\u00f3w ruchomych sposobem przemieszczania. Inaczej ni\u017c podno\u015bniki koszowe czy no\u017cycowe, nie poruszaj\u0105 si\u0119 samodzielnie, ale posiadaj\u0105 podwozia przystosowane do przewo\u017cenia na przyczepach samochodowych. Takie samochody z zamontowanymi na przyczepie podno\u015bnikami traktuje si\u0119 w ruchu drogowym jako przyczepy specjalne. Podesty ruchome &#8211; paj\u0105ki maj\u0105 mniejsze rozmiary ni\u017c inne rodzaje podno\u015bnik\u00f3w, s\u0105 r\u00f3wnie\u017c l\u017cejsze, dlatego dobrze sprawdzaj\u0105 si\u0119 na pod\u0142o\u017cu o niewielkiej no\u015bno\u015bci, na przyk\u0142ad wewn\u0105trz budynk\u00f3w. Jednocze\u015bnie ich zasi\u0119g pracy (kilkana\u015bcie metr\u00f3w) i wysoko\u015b\u0107 (do kilkudziesi\u0119ciu metr\u00f3w) s\u0105 stosunkowo du\u017ce, co pozwala na wykonywanie szerokiego zakresu prac. Dzi\u0119ki temu, \u017ce [&hellip;]<\/p>\n","protected":false},"author":1,"featured_media":3479,"parent":2721,"menu_order":0,"comment_status":"closed","ping_status":"closed","template":"","meta":{"sfsi_plus_gutenberg_text_before_share":"","sfsi_plus_gutenberg_show_text_before_share":"","sfsi_plus_gutenberg_icon_type":"","sfsi_plus_gutenberg_icon_alignemt":"","sfsi_plus_gutenburg_max_per_row":"","footnotes":""},"class_list":["post-3478","page","type-page","status-publish","has-post-thumbnail","hentry","has_thumb"],"aioseo_notices":[],"_links":{"self":[{"href":"https:\/\/kursy-udt.pl\/ua\/wp-json\/wp\/v2\/pages\/3478","targetHints":{"allow":["GET"]}}],"collection":[{"href":"https:\/\/kursy-udt.pl\/ua\/wp-json\/wp\/v2\/pages"}],"about":[{"href":"https:\/\/kursy-udt.pl\/ua\/wp-json\/wp\/v2\/types\/page"}],"author":[{"embeddable":true,"href":"https:\/\/kursy-udt.pl\/ua\/wp-json\/wp\/v2\/users\/1"}],"replies":[{"embeddable":true,"href":"https:\/\/kursy-udt.pl\/ua\/wp-json\/wp\/v2\/comments?post=3478"}],"version-history":[{"count":6,"href":"https:\/\/kursy-udt.pl\/ua\/wp-json\/wp\/v2\/pages\/3478\/revisions"}],"predecessor-version":[{"id":4754,"href":"https:\/\/kursy-udt.pl\/ua\/wp-json\/wp\/v2\/pages\/3478\/revisions\/4754"}],"up":[{"embeddable":true,"href":"https:\/\/kursy-udt.pl\/ua\/wp-json\/wp\/v2\/pages\/2721"}],"wp:featuredmedia":[{"embeddable":true,"href":"https:\/\/kursy-udt.pl\/ua\/wp-json\/wp\/v2\/media\/3479"}],"wp:attachment":[{"href":"https:\/\/kursy-udt.pl\/ua\/wp-json\/wp\/v2\/media?parent=3478"}],"curies":[{"name":"wp","href":"https:\/\/api.w.org\/{rel}","templated":true}]}}