{"id":3158,"date":"2020-07-07T11:30:25","date_gmt":"2020-07-07T11:30:25","guid":{"rendered":"https:\/\/kursy-udt.pl\/?page_id=3158"},"modified":"2023-01-05T09:52:51","modified_gmt":"2023-01-05T09:52:51","slug":"%d0%b5%d0%ba%d1%81%d0%bf%d0%bb%d1%83%d0%b0%d1%82%d0%b0%d1%86%d1%96%d1%8f-%d1%82%d0%b0-%d0%be%d0%b1%d1%81%d0%bb%d1%83%d0%b3%d0%be%d0%b2%d1%83%d0%b2%d0%b0%d0%bd%d0%bd%d1%8f-%d0%b4%d0%be%d0%bc%d0%ba","status":"publish","type":"page","link":"https:\/\/kursy-udt.pl\/ua\/szkolenia\/zakresy-ksztalcenia\/obsluga-i-konserwacja-dzwignikow\/","title":{"rendered":"\u0415\u043a\u0441\u043f\u043b\u0443\u0430\u0442\u0430\u0446\u0456\u044f \u0442\u0430 \u043e\u0431\u0441\u043b\u0443\u0433\u043e\u0432\u0443\u0432\u0430\u043d\u043d\u044f \u0434\u043e\u043c\u043a\u0440\u0430\u0442\u0456\u0432 \u0442.\u0437\u0432 \u0430\u0432\u0442\u043e\u043c\u043e\u0431\u0456\u043b\u044c\u043d\u0456 \u043f\u0456\u0434\u0439\u043e\u043c\u043d\u0438\u043a\u0438"},"content":{"rendered":"<h2 class=\"naglowekh2\"><u><strong>\u0412\u0438 \u043e\u0442\u0440\u0438\u043c\u0430\u0454\u0442\u0435 \u043a\u0432\u0430\u043b\u0456\u0444\u0456\u043a\u0430\u0446\u0456\u044e:<\/strong><\/u><br \/>\n\u041a\u0432\u0430\u043b\u0456\u0444\u0456\u043a\u0430\u0446\u0456\u044f UDT \u0434\u043b\u044f \u0435\u043a\u0441\u043f\u043b\u0443\u0430\u0442\u0430\u0446\u0456\u0457 \u0442\u0430 \u043e\u0431\u0441\u043b\u0443\u0433\u043e\u0432\u0443\u0432\u0430\u043d\u043d\u044f \u0434\u043e\u043c\u043a\u0440\u0430\u0442\u0456\u0432, \u0442.\u0437\u0432 \u0430\u0432\u0442\u043e\u043c\u043e\u0431\u0456\u043b\u044c\u043d\u0456 \u043f\u0456\u0434\u0439\u043e\u043c\u043d\u0438\u043a\u0438<\/h2>\n<p><img loading=\"lazy\" decoding=\"async\" class=\"obrazekpadding alignleft wp-image-3159 size-medium\" src=\"https:\/\/kursy-udt.pl\/wp-content\/uploads\/2020\/07\/2-300x300.jpg\" alt=\"\u0410\u0432\u0442\u043e\u043f\u0456\u0434\u0439\u043e\u043c\u043d\u0438\u043a\u0438\" width=\"300\" height=\"300\" srcset=\"https:\/\/kursy-udt.pl\/wp-content\/uploads\/2020\/07\/2-300x300.jpg 300w, https:\/\/kursy-udt.pl\/wp-content\/uploads\/2020\/07\/2.jpg 559w\" sizes=\"auto, (max-width: 300px) 100vw, 300px\" \/>\u0426\u0435\u043d\u0442\u0440 \u0415\u0420\u0413\u041e\u041d \u0437\u0430\u043e\u0445\u043e\u0447\u0443\u0454 \u0432\u0430\u0441 \u0441\u043a\u043e\u0440\u0438\u0441\u0442\u0430\u0442\u0438\u0441\u044f \u043f\u0440\u043e\u043f\u043e\u0437\u0438\u0446\u0456\u0454\u044e \u043a\u0443\u0440\u0441\u0456\u0432 \u0434\u043b\u044f \u043e\u043f\u0435\u0440\u0430\u0442\u043e\u0440\u0456\u0432 \u0442\u0430 \u0442\u0435\u0445\u043d\u0456\u043a\u0456\u0432 \u0437 \u043e\u0431\u0441\u043b\u0443\u0433\u043e\u0432\u0443\u0432\u0430\u043d\u043d\u044f \u0430\u0432\u0442\u043e\u043f\u0456\u0434\u0439\u043e\u043c\u043d\u0438\u043a\u0456\u0432!<\/p>\n<p>\u041f\u0456\u0434\u0439\u043e\u043c\u043d\u0438\u043a\u0438 \u0442\u0440\u0430\u043d\u0441\u043f\u043e\u0440\u0442\u043d\u0438\u0445 \u0437\u0430\u0441\u043e\u0431\u0456\u0432 \u2014 \u0446\u0435 \u0432\u0430\u043d\u0442\u0430\u0436\u043d\u043e-\u0440\u043e\u0437\u0432\u0430\u043d\u0442\u0430\u0436\u0443\u0432\u0430\u043b\u044c\u043d\u0456 \u043f\u0440\u0438\u0441\u0442\u0440\u043e\u0457 (UTB), \u044f\u043a\u0456 \u0432\u0438\u043a\u043e\u0440\u0438\u0441\u0442\u043e\u0432\u0443\u0432\u0430\u043b\u0438\u0441\u044f \u0434\u043b\u044f \u043f\u0456\u0434\u0439\u043e\u043c\u0443 \u0440\u0456\u0437\u043d\u0438\u0445 \u0442\u0438\u043f\u0456\u0432 \u0442\u0440\u0430\u043d\u0441\u043f\u043e\u0440\u0442\u043d\u0438\u0445 \u0437\u0430\u0441\u043e\u0431\u0456\u0432, \u0432\u043a\u043b\u044e\u0447\u0430\u044e\u0447\u0438 \u043b\u0435\u0433\u043a\u043e\u0432\u0456 \u0430\u0432\u0442\u043e\u043c\u043e\u0431\u0456\u043b\u0456 \u0442\u0430 \u043c\u043e\u0442\u043e\u0446\u0438\u043a\u043b\u0438. \u0415\u043a\u0441\u043f\u043b\u0443\u0430\u0442\u0430\u0446\u0456\u044f \u0442\u0430\u043a\u043e\u0433\u043e \u0442\u0438\u043f\u0443 \u043f\u0440\u0438\u0441\u0442\u0440\u043e\u0457\u0432, \u0430 \u0442\u0430\u043a\u043e\u0436 \u0457\u0445 \u0442\u0435\u0445\u043d\u0456\u0447\u043d\u0435 \u043e\u0431\u0441\u043b\u0443\u0433\u043e\u0432\u0443\u0432\u0430\u043d\u043d\u044f \u0432\u0438\u043c\u0430\u0433\u0430\u0454 \u0432\u0456\u0434\u043f\u043e\u0432\u0456\u0434\u043d\u043e\u0457 \u043f\u0456\u0434\u0433\u043e\u0442\u043e\u0432\u043a\u0438, \u044f\u043a\u0430 \u043f\u043e\u0432\u0438\u043d\u043d\u0430 \u0431\u0443\u0442\u0438 \u043f\u0456\u0434\u0442\u0432\u0435\u0440\u0434\u0436\u0435\u043d\u0430 \u0432\u0456\u0434\u043f\u043e\u0432\u0456\u0434\u043d\u0438\u043c\u0438 \u0434\u043e\u0437\u0432\u043e\u043b\u0430\u043c\u0438.<\/p>\n<p><a href=\"https:\/\/kursy-udt.pl\/ua\/o-firmie\/\">\u0426\u0435\u043d\u0442\u0440 \u043f\u0456\u0434\u0433\u043e\u0442\u043e\u0432\u043a\u0438 \u043f\u0435\u0440\u0441\u043e\u043d\u0430\u043b\u0443 \u0415\u0420\u0413\u041e\u041d<\/a> \u043d\u0435\u0441\u0435 \u0432\u0441\u0435\u0431\u0456\u0447\u043d\u0438\u0439 <a href=\"https:\/\/kursy-udt.pl\/ua\/szkolenia\/udt-wdt-tdt\/zwyzki-podnosniki-koszowe\/\">\u043d\u0430\u0432\u0447\u0430\u043d\u043d\u044f \u043d\u0430 \u043f\u0456\u0434\u0439\u043e\u043c\u043d\u0438\u043a\u0430\u0445<\/a> \u0442\u0440\u0430\u043d\u0441\u043f\u043e\u0440\u0442\u043d\u0456 \u0437\u0430\u0441\u043e\u0431\u0438 \u0434\u043b\u044f \u0457\u0445 \u043e\u043f\u0435\u0440\u0430\u0442\u043e\u0440\u0456\u0432 \u0456 \u043e\u0431\u0441\u043b\u0443\u0433\u043e\u0432\u0443\u0432\u0430\u043d\u043d\u044f. \u041d\u0430\u0448\u0456 \u0437\u0430\u043d\u044f\u0442\u0442\u044f \u0432\u043a\u043b\u044e\u0447\u0430\u044e\u0442\u044c \u044f\u043a \u0442\u0435\u043e\u0440\u0435\u0442\u0438\u0447\u043d\u0456 \u0432\u0456\u0434\u043e\u043c\u043e\u0441\u0442\u0456, \u0442\u0430\u043a \u0456 \u043f\u0440\u0430\u043a\u0442\u0438\u0447\u043d\u0456 \u0437\u0430\u043d\u044f\u0442\u0442\u044f. \u041c\u0438 \u043f\u0440\u043e\u0444\u0435\u0441\u0456\u0439\u043d\u043e \u0433\u043e\u0442\u0443\u0454\u043c\u043e \u043d\u0430\u0448\u0438\u0445 \u0441\u0442\u0443\u0434\u0435\u043d\u0442\u0456\u0432 \u0434\u043e \u0441\u043a\u043b\u0430\u0434\u0430\u043d\u043d\u044f \u0456\u0441\u043f\u0438\u0442\u0456\u0432!<\/p>\n<h2 class=\"naglowekh2\">\u041f\u0456\u0434 \u0447\u0430\u0441 \u0442\u0440\u0435\u043d\u0456\u043d\u0433\u0456\u0432 \u043e\u0431\u0433\u043e\u0432\u043e\u0440\u044e\u044e\u0442\u044c\u0441\u044f \u043d\u0430\u0441\u0442\u0443\u043f\u043d\u0456 \u0442\u0435\u043c\u0438: \u043d\u0430\u0441\u0442\u0443\u043f\u043d\u0456 \u0442\u0435\u043c\u0438:<\/h2>\n<ul>\n<li>\u0437\u0430\u0433\u0430\u043b\u044c\u043d\u0430 \u0456\u043d\u0444\u043e\u0440\u043c\u0430\u0446\u0456\u044f \u043f\u0440\u043e \u0430\u0432\u0442\u043e\u043f\u0456\u0434\u0439\u043e\u043c\u043d\u0438\u043a\u0438 - \u0445\u0430\u0440\u0430\u043a\u0442\u0435\u0440\u0438\u0441\u0442\u0438\u043a\u0438, \u0432\u0438\u0434\u0438 \u043f\u0456\u0434\u0439\u043e\u043c\u043d\u0438\u043a\u0456\u0432, <a href=\"https:\/\/kursy-udt.pl\/ua\/uprawnienia-udt\/kategorie-uprawnien-2\/\">\u043f\u0440\u0430\u0432\u0430<\/a> \u043d\u0435\u043e\u0431\u0445\u0456\u0434\u043d\u0456 \u0434\u043b\u044f \u0457\u0445 \u0435\u043a\u0441\u043f\u043b\u0443\u0430\u0442\u0430\u0446\u0456\u0457<\/li>\n<li>\u043f\u0440\u0438\u0432\u043e\u0434\u0438 \u0430\u0432\u0442\u043e\u043f\u0456\u0434\u0439\u043e\u043c\u043d\u0438\u043a\u0456\u0432 - \u0433\u0456\u0434\u0440\u0430\u0432\u043b\u0456\u0447\u043d\u0456, \u043f\u043d\u0435\u0432\u043c\u0430\u0442\u0438\u0447\u043d\u0456, \u0433\u0456\u0434\u0440\u043e\u043f\u043d\u0435\u0432\u043c\u0430\u0442\u0438\u0447\u043d\u0456 \u0442\u0430 \u0435\u043b\u0435\u043a\u0442\u0440\u043e\u043f\u0440\u0438\u0432\u043e\u0434\u0438<\/li>\n<li>\u043f\u0440\u0430\u0432\u0438\u043b\u044c\u043d\u0456 \u043f\u0440\u0430\u0432\u0438\u043b\u0430 \u0437\u0430\u0432\u0430\u043d\u0442\u0430\u0436\u0435\u043d\u043d\u044f \u0430\u0432\u0442\u043e\u0442\u0440\u0430\u043d\u0441\u043f\u043e\u0440\u0442\u0443 \u043d\u0430 \u043f\u0456\u0434\u0439\u043e\u043c\u043d\u0438\u043a - \u043e\u0431\u043e\u0432&#039;\u044f\u0437\u043a\u0438 \u043e\u043f\u0435\u0440\u0430\u0442\u043e\u0440\u0430 \u0430\u0432\u0442\u043e\u043f\u0456\u0434\u0439\u043e\u043c\u043d\u0438\u043a\u0430, \u043f\u0456\u0434\u0439\u043e\u043c\u043d\u0456 \u043c\u0435\u0445\u0430\u043d\u0456\u0437\u043c\u0438, \u043f\u0440\u0438\u0441\u0442\u0440\u043e\u0457 \u043a\u043e\u043d\u0442\u0440\u043e\u043b\u044e \u0442\u0430 \u0431\u0435\u0437\u043f\u0435\u043a\u0438<\/li>\n<li>\u0432\u0456\u0434\u043e\u043c\u043e\u0441\u0442\u0456 \u043f\u0440\u043e \u043c\u0456\u0446\u043d\u0456\u0441\u0442\u044c \u0456 \u0441\u0442\u0456\u0439\u043a\u0456\u0441\u0442\u044c \u043a\u043e\u043d\u0441\u0442\u0440\u0443\u043a\u0446\u0456\u0439 \u0430\u0432\u0442\u043e\u043f\u0456\u0434\u0439\u043e\u043c\u043d\u0438\u043a\u0456\u0432<\/li>\n<li>\u043e\u0431\u043e\u0432&#039;\u044f\u0437\u043a\u0438 \u0442\u0435\u0445\u043d\u0456\u043a\u0430 \u0437 \u043e\u0431\u0441\u043b\u0443\u0433\u043e\u0432\u0443\u0432\u0430\u043d\u043d\u044f \u0430\u0432\u0442\u043e\u043f\u0456\u0434\u0439\u043e\u043c\u043d\u0438\u043a\u0456\u0432<\/li>\n<li>\u0442\u0435\u0445\u043d\u0456\u0447\u043d\u0438\u0439 \u043d\u0430\u0433\u043b\u044f\u0434 \u0437\u0430 \u0430\u0432\u0442\u043e\u043f\u0456\u0434\u0439\u043e\u043c\u043d\u0438\u043a\u0430\u043c\u0438<\/li>\n<\/ul>\n<p>\u0422\u0440\u0438\u0432\u0430\u043b\u0456\u0441\u0442\u044c \u043d\u0430\u0432\u0447\u0430\u043d\u043d\u044f \u043e\u043f\u0435\u0440\u0430\u0442\u043e\u0440\u0430 \u0441\u0442\u0430\u043d\u043e\u0432\u0438\u0442\u044c \u0432\u0456\u0434 10 \u0434\u043e 15 \u043d\u0430\u0432\u0447\u0430\u043b\u044c\u043d\u0438\u0445 \u0433\u043e\u0434\u0438\u043d \u0431\u0435\u0437 \u0456\u0441\u043f\u0438\u0442\u0443 UDT, \u0430 \u0442\u0435\u0445\u043d\u0456\u043a\u0430 \u0437 \u0442\u0435\u0445\u043d\u0456\u0447\u043d\u043e\u0433\u043e \u043e\u0431\u0441\u043b\u0443\u0433\u043e\u0432\u0443\u0432\u0430\u043d\u043d\u044f \u0432\u0456\u0434 38 \u0434\u043e 68 \u0433\u043e\u0434\u0438\u043d, \u0432\u043a\u043b\u044e\u0447\u0430\u044e\u0447\u0438 \u0456\u0441\u043f\u0438\u0442 UDT.<\/p>\n<p>\u0426\u0435\u043d\u0442\u0440 \u00ab\u0415\u0420\u0413\u041e\u041d\u00bb \u0434\u043e\u0437\u0432\u043e\u043b\u044f\u0454 \u043f\u0456\u0434\u043b\u0430\u0448\u0442\u0443\u0432\u0430\u0442\u0438 \u0442\u0435\u043c\u0430\u0442\u0438\u043a\u0443 \u0437\u0430\u043d\u044f\u0442\u044c \u043f\u0456\u0434 \u0456\u043d\u0434\u0438\u0432\u0456\u0434\u0443\u0430\u043b\u044c\u043d\u0456 \u0432\u0438\u043c\u043e\u0433\u0438 \u043a\u043b\u0456\u0454\u043d\u0442\u0456\u0432.<\/p>\n<p>\u0429\u0438\u0440\u043e \u0437\u0430\u043f\u0440\u043e\u0448\u0443\u0454\u043c\u043e \u0412\u0430\u0441 \u0441\u043a\u043e\u0440\u0438\u0441\u0442\u0430\u0442\u0438\u0441\u044f \u043e\u0441\u0432\u0456\u0442\u043d\u044c\u043e\u044e \u043f\u0440\u043e\u043f\u043e\u0437\u0438\u0446\u0456\u0454\u044e \u0432 \u0426\u0435\u043d\u0442\u0440\u0456 \u043f\u0456\u0434\u0433\u043e\u0442\u043e\u0432\u043a\u0438 \u043f\u0435\u0440\u0441\u043e\u043d\u0430\u043b\u0443 \u00ab\u0415\u0420\u0413\u041e\u041d\u00bb!<\/p>\n<p><a href=\"https:\/\/kursy-udt.pl\/wp-content\/uploads\/2023\/01\/Obsluga-i-konserwacja-dzwignikow-kursy-udt.pl_.png\"><img loading=\"lazy\" decoding=\"async\" class=\"aligncenter wp-image-4670\" src=\"https:\/\/kursy-udt.pl\/wp-content\/uploads\/2023\/01\/Obsluga-i-konserwacja-dzwignikow-kursy-udt.pl_-300x188.png\" alt=\"\" width=\"750\" height=\"469\" srcset=\"https:\/\/kursy-udt.pl\/wp-content\/uploads\/2023\/01\/Obsluga-i-konserwacja-dzwignikow-kursy-udt.pl_-300x188.png 300w, https:\/\/kursy-udt.pl\/wp-content\/uploads\/2023\/01\/Obsluga-i-konserwacja-dzwignikow-kursy-udt.pl_-1024x640.png 1024w, https:\/\/kursy-udt.pl\/wp-content\/uploads\/2023\/01\/Obsluga-i-konserwacja-dzwignikow-kursy-udt.pl_-768x480.png 768w, https:\/\/kursy-udt.pl\/wp-content\/uploads\/2023\/01\/Obsluga-i-konserwacja-dzwignikow-kursy-udt.pl_-18x12.png 18w, https:\/\/kursy-udt.pl\/wp-content\/uploads\/2023\/01\/Obsluga-i-konserwacja-dzwignikow-kursy-udt.pl_-624x390.png 624w, https:\/\/kursy-udt.pl\/wp-content\/uploads\/2023\/01\/Obsluga-i-konserwacja-dzwignikow-kursy-udt.pl_.png 1200w\" sizes=\"auto, (max-width: 750px) 100vw, 750px\" \/><\/a><\/p>\n<div class=\"button_styl\" style=\"float: right; padding-left: 15px; padding-bottom: 8px; margin-bottom: 5px;\"><a class=\"myButton myButton_maly\" href=\"https:\/\/platformaedukacji.pl\/sklep\/\" target=\"_blank\" rel=\"nofollow noopener noreferrer\"><span style=\"color: white;\">\u0417\u0430\u043f\u0438\u0448\u0456\u0442\u044c\u0441\u044f \u043d\u0430 \u043d\u0430\u0432\u0447\u0430\u043d\u043d\u044f<\/span><\/a><\/div>","protected":false},"excerpt":{"rendered":"<p>Uzyskasz kwalifikacje: Uprawnienia UDT do obs\u0142ugi, konserwacji d\u017awignik\u00f3w tzw. podno\u015bnik\u00f3w pojazd\u00f3w O\u015brodek ERGON zach\u0119ca do skorzystania z oferty kurs\u00f3w skierowanej do operator\u00f3w i konserwator\u00f3w podno\u015bnik\u00f3w pojazd\u00f3w! Podno\u015bniki pojazd\u00f3w to urz\u0105dzenia transportu bliskiego (UTB), kt\u00f3re znalaz\u0142y zastosowanie w podnoszeniu pojazd\u00f3w r\u00f3\u017cnych typ\u00f3w, w tym samochod\u00f3w osobowych, motocykli. Obs\u0142uga tego typu urz\u0105dze\u0144, a tak\u017ce ich konserwacja wymaga w\u0142a\u015bciwego przygotowania, kt\u00f3re powinno by\u0107 potwierdzone w\u0142a\u015bciwymi uprawnieniami. O\u015brodek Doskonalenia Kadr ERGON prowadzi kompleksowe szkolenia na podno\u015bniki pojazd\u00f3w skierowane do ich operator\u00f3w i konserwator\u00f3w. Nasze zaj\u0119cia w\u0142\u0105czaj\u0105 informacje teoretyczne, a tak\u017ce \u0107wiczenia praktyczne. Fachowo przygotowujemy naszych kursant\u00f3w do podej\u015bcia do egzamin\u00f3w! Podczas szkole\u0144 poruszane s\u0105 m.in. nast\u0119puj\u0105ce tematy: og\u00f3lne wiadomo\u015bci o podno\u015bnikach pojazd\u00f3w \u2013 charakterystyka, typy podno\u015bnik\u00f3w, uprawnienia potrzebne do ich obs\u0142ugi nap\u0119dy podno\u015bnik\u00f3w pojazd\u00f3w \u2013 nap\u0119dy hydrauliczne, pneumatyczne i hydrauliczno-pneumatyczne oraz elektryczne prawid\u0142owe zasady za\u0142adunku pojazd\u00f3w na podno\u015bniki \u2013 obowi\u0105zki operatora podno\u015bnik\u00f3w pojazd\u00f3w, mechanizmy podnoszenia, urz\u0105dzenia sterownicze, zabezpieczaj\u0105ce informacje o wytrzyma\u0142o\u015bci i stateczno\u015bci konstrukcji podno\u015bnik\u00f3w pojazd\u00f3w obowi\u0105zki konserwatora podno\u015bnik\u00f3w pojazd\u00f3w doz\u00f3r techniczny podno\u015bnik\u00f3w pojazd\u00f3w Czas trwania nauki dla operatora to od 10 do 15 godzin dydaktycznych bez egzaminu UDT, natomiast dla konserwatora od 38 do 68 godzin, w tym egzamin UDT. O\u015brodek ERGON umo\u017cliwia dostosowanie tematyki zaj\u0119\u0107 do indywidualnych wymaga\u0144 klient\u00f3w. Zapraszamy serdecznie do skorzystania z oferty edukacyjnej w O\u015brodku Doskonalenia Kadr ERGON! Zapisz si\u0119 na szkolenie<\/p>","protected":false},"author":1,"featured_media":3159,"parent":3226,"menu_order":0,"comment_status":"closed","ping_status":"closed","template":"","meta":{"sfsi_plus_gutenberg_text_before_share":"","sfsi_plus_gutenberg_show_text_before_share":"","sfsi_plus_gutenberg_icon_type":"","sfsi_plus_gutenberg_icon_alignemt":"","sfsi_plus_gutenburg_max_per_row":"","footnotes":""},"class_list":["post-3158","page","type-page","status-publish","has-post-thumbnail","hentry","has_thumb"],"aioseo_notices":[],"_links":{"self":[{"href":"https:\/\/kursy-udt.pl\/ua\/wp-json\/wp\/v2\/pages\/3158","targetHints":{"allow":["GET"]}}],"collection":[{"href":"https:\/\/kursy-udt.pl\/ua\/wp-json\/wp\/v2\/pages"}],"about":[{"href":"https:\/\/kursy-udt.pl\/ua\/wp-json\/wp\/v2\/types\/page"}],"author":[{"embeddable":true,"href":"https:\/\/kursy-udt.pl\/ua\/wp-json\/wp\/v2\/users\/1"}],"replies":[{"embeddable":true,"href":"https:\/\/kursy-udt.pl\/ua\/wp-json\/wp\/v2\/comments?post=3158"}],"version-history":[{"count":5,"href":"https:\/\/kursy-udt.pl\/ua\/wp-json\/wp\/v2\/pages\/3158\/revisions"}],"predecessor-version":[{"id":4671,"href":"https:\/\/kursy-udt.pl\/ua\/wp-json\/wp\/v2\/pages\/3158\/revisions\/4671"}],"up":[{"embeddable":true,"href":"https:\/\/kursy-udt.pl\/ua\/wp-json\/wp\/v2\/pages\/3226"}],"wp:featuredmedia":[{"embeddable":true,"href":"https:\/\/kursy-udt.pl\/ua\/wp-json\/wp\/v2\/media\/3159"}],"wp:attachment":[{"href":"https:\/\/kursy-udt.pl\/ua\/wp-json\/wp\/v2\/media?parent=3158"}],"curies":[{"name":"wp","href":"https:\/\/api.w.org\/{rel}","templated":true}]}}