{"id":3131,"date":"2020-07-01T21:32:51","date_gmt":"2020-07-01T21:32:51","guid":{"rendered":"https:\/\/kursy-udt.pl\/?page_id=3131"},"modified":"2023-01-05T09:59:27","modified_gmt":"2023-01-05T09:59:27","slug":"%d0%b5%d0%ba%d1%81%d0%bf%d0%bb%d1%83%d0%b0%d1%82%d0%b0%d1%86%d1%96%d1%8f-%d1%82%d0%b0-%d1%82%d0%b5%d1%85%d0%bd%d1%96%d1%87%d0%bd%d0%b5-%d0%be%d0%b1%d1%81%d0%bb%d1%83%d0%b3%d0%be%d0%b2%d1%83%d0%b2","status":"publish","type":"page","link":"https:\/\/kursy-udt.pl\/ua\/szkolenia\/zakresy-ksztalcenia\/obsluga-i-konserwacja-ladowarki-teleskopowe\/","title":{"rendered":"\u0415\u043a\u0441\u043f\u043b\u0443\u0430\u0442\u0430\u0446\u0456\u044f \u0442\u0430 \u0442\u0435\u0445\u043d\u0456\u0447\u043d\u0435 \u043e\u0431\u0441\u043b\u0443\u0433\u043e\u0432\u0443\u0432\u0430\u043d\u043d\u044f \u0441\u043f\u0435\u0446\u0456\u0430\u043b\u0456\u0437\u043e\u0432\u0430\u043d\u0438\u0445 \u0430\u0432\u0442\u043e\u043d\u0430\u0432\u0430\u043d\u0442\u0430\u0436\u0443\u0432\u0430\u0447\u0456\u0432 \u0437\u0456 \u0437\u043c\u0456\u043d\u043d\u0438\u043c \u0432\u0438\u043b\u044c\u043e\u0442\u043e\u043c \u0442.\u0437\u0432 \u0442\u0435\u043b\u0435\u0441\u043a\u043e\u043f\u0456\u0447\u043d\u0456 \u043d\u0430\u0432\u0430\u043d\u0442\u0430\u0436\u0443\u0432\u0430\u0447\u0456"},"content":{"rendered":"<h2 class=\"naglowekh2\"><u><strong>\u0412\u0438 \u043e\u0442\u0440\u0438\u043c\u0430\u0454\u0442\u0435 \u043a\u0432\u0430\u043b\u0456\u0444\u0456\u043a\u0430\u0446\u0456\u044e:<\/strong><\/u><br \/>\n\u041a\u0432\u0430\u043b\u0456\u0444\u0456\u043a\u0430\u0446\u0456\u044f UDT \u0434\u043b\u044f \u0435\u043a\u0441\u043f\u043b\u0443\u0430\u0442\u0430\u0446\u0456\u0457 \/ \u043e\u0431\u0441\u043b\u0443\u0433\u043e\u0432\u0443\u0432\u0430\u043d\u043d\u044f \u0441\u043f\u0435\u0446\u0456\u0430\u043b\u0456\u0437\u043e\u0432\u0430\u043d\u0438\u0445 \u043d\u0430\u0432\u0430\u043d\u0442\u0430\u0436\u0443\u0432\u0430\u0447\u0456\u0432 \u0437\u0456 \u0437\u043c\u0456\u043d\u043d\u0438\u043c \u0432\u0438\u043b\u044c\u043e\u0442\u043e\u043c, \u0442.\u0437\u0432. \u0442\u0435\u043b\u0435\u0441\u043a\u043e\u043f\u0456\u0447\u043d\u0456 \u043d\u0430\u0432\u0430\u043d\u0442\u0430\u0436\u0443\u0432\u0430\u0447\u0456<\/h2>\n<p><img loading=\"lazy\" decoding=\"async\" class=\"obrazekpadding wp-image-3132 size-medium alignleft\" src=\"https:\/\/kursy-udt.pl\/wp-content\/uploads\/2020\/07\/1-3-300x200.jpg\" alt=\"\u0442\u0435\u043b\u0435\u0441\u043a\u043e\u043f\u0456\u0447\u043d\u0456 \u043d\u0430\u0432\u0430\u043d\u0442\u0430\u0436\u0443\u0432\u0430\u0447\u0456\" width=\"300\" height=\"200\" srcset=\"https:\/\/kursy-udt.pl\/wp-content\/uploads\/2020\/07\/1-3-300x200.jpg 300w, https:\/\/kursy-udt.pl\/wp-content\/uploads\/2020\/07\/1-3.jpg 481w\" sizes=\"auto, (max-width: 300px) 100vw, 300px\" \/><a href=\"https:\/\/kursy-udt.pl\/ua\/o-firmie\/\">\u0426\u0435\u043d\u0442\u0440 \u043f\u0456\u0434\u0433\u043e\u0442\u043e\u0432\u043a\u0438 \u043f\u0435\u0440\u0441\u043e\u043d\u0430\u043b\u0443 \u0415\u0420\u0413\u041e\u041d<\/a> \u0441\u043f\u0435\u0446\u0456\u0430\u043b\u0456\u0437\u0443\u0454\u0442\u044c\u0441\u044f \u043d\u0430 \u043e\u0440\u0433\u0430\u043d\u0456\u0437\u0430\u0446\u0456\u0457 \u043a\u0443\u0440\u0441\u0456\u0432 \u043d\u0430\u0432\u0447\u0430\u043d\u043d\u044f \u0437 \u0435\u043a\u0441\u043f\u043b\u0443\u0430\u0442\u0430\u0446\u0456\u0457 \u0442\u0430 \u043e\u0431\u0441\u043b\u0443\u0433\u043e\u0432\u0443\u0432\u0430\u043d\u043d\u044f \u0432\u0430\u043d\u0442\u0430\u0436\u043d\u043e-\u0440\u043e\u0437\u0432\u0430\u043d\u0442\u0430\u0436\u0443\u0432\u0430\u043b\u044c\u043d\u043e\u0433\u043e \u043e\u0431\u043b\u0430\u0434\u043d\u0430\u043d\u043d\u044f (\u0423\u0422\u0411). \u0417\u0430\u043f\u0440\u043e\u0448\u0443\u0454\u043c\u043e \u0412\u0430\u0441 \u0441\u043a\u043e\u0440\u0438\u0441\u0442\u0430\u0442\u0438\u0441\u044f \u043d\u0430\u0448\u043e\u044e \u043f\u0440\u043e\u043f\u043e\u0437\u0438\u0446\u0456\u0454\u044e \u0437 \u0435\u043a\u0441\u043f\u043b\u0443\u0430\u0442\u0430\u0446\u0456\u0457 \u0442\u0430 \u043e\u0431\u0441\u043b\u0443\u0433\u043e\u0432\u0443\u0432\u0430\u043d\u043d\u044f \u0442\u0435\u043b\u0435\u0441\u043a\u043e\u043f\u0456\u0447\u043d\u0438\u0445 \u043d\u0430\u0432\u0430\u043d\u0442\u0430\u0436\u0443\u0432\u0430\u0447\u0456\u0432!<\/p>\n<p>\u0422\u0435\u043b\u0435\u0441\u043a\u043e\u043f\u0456\u0447\u043d\u0456 \u043d\u0430\u0432\u0430\u043d\u0442\u0430\u0436\u0443\u0432\u0430\u0447\u0456 - \u0446\u0435 \u043f\u0440\u0438\u0441\u0442\u0440\u043e\u0457, \u044f\u043a\u0456 \u0448\u0438\u0440\u043e\u043a\u043e \u0437\u0430\u0441\u0442\u043e\u0441\u043e\u0432\u0443\u044e\u0442\u044c\u0441\u044f \u0432 \u043f\u0435\u0440\u0435\u0432\u0430\u043d\u0442\u0430\u0436\u0443\u0432\u0430\u043b\u044c\u043d\u0438\u0445 \u0440\u043e\u0431\u043e\u0442\u0430\u0445, \u044f\u043a\u0456 \u0432\u0438\u043a\u043e\u0440\u0438\u0441\u0442\u043e\u0432\u0443\u044e\u0442\u044c\u0441\u044f \u043d\u0430 \u0431\u0430\u0433\u0430\u0442\u044c\u043e\u0445 \u0440\u043e\u0431\u043e\u0447\u0438\u0445 \u043c\u0456\u0441\u0446\u044f\u0445. \u0414\u043b\u044f \u0440\u043e\u0431\u043e\u0442\u0438 \u0446\u044c\u043e\u0433\u043e \u0442\u0438\u043f\u0443 \u043f\u0440\u0438\u0441\u0442\u0440\u043e\u044e \u043f\u043e\u0442\u0440\u0456\u0431\u043d\u0456 \u0432\u0456\u0434\u043f\u043e\u0432\u0456\u0434\u043d\u0456 \u0434\u043e\u0437\u0432\u043e\u043b\u0438. \u041f\u043e\u0442\u0440\u0456\u0431\u043d\u0456 \u0432\u043e\u043d\u0438 \u0456 \u043d\u0430 \u0441\u0442\u0435\u043d\u0434\u0456 \u0442\u0435\u0445\u043d\u0456\u0447\u043d\u043e\u0433\u043e \u043e\u0431\u0441\u043b\u0443\u0433\u043e\u0432\u0443\u0432\u0430\u043d\u043d\u044f \u0442\u0435\u043b\u0435\u0441\u043a\u043e\u043f\u0456\u0447\u043d\u0438\u0445 \u043d\u0430\u0432\u0430\u043d\u0442\u0430\u0436\u0443\u0432\u0430\u0447\u0456\u0432.<\/p>\n<p>\u041e\u0414\u041a \u0415\u0420\u0413\u041e\u041d \u0437\u0430\u043f\u0440\u043e\u0448\u0443\u0454 \u0412\u0430\u0441 \u0441\u043a\u043e\u0440\u0438\u0441\u0442\u0430\u0442\u0438\u0441\u044f \u043f\u0440\u043e\u043f\u043e\u0437\u0438\u0446\u0456\u0454\u044e \u0432 \u043e\u0431\u043b\u0430\u0441\u0442\u0456 \u0435\u043a\u0441\u043f\u043b\u0443\u0430\u0442\u0430\u0446\u0456\u0457 \u0442\u0430 \u043e\u0431\u0441\u043b\u0443\u0433\u043e\u0432\u0443\u0432\u0430\u043d\u043d\u044f \u0442\u0435\u043b\u0435\u0441\u043a\u043e\u043f\u0456\u0447\u043d\u0438\u0445 \u043d\u0430\u0432\u0430\u043d\u0442\u0430\u0436\u0443\u0432\u0430\u0447\u0456\u0432. \u041d\u0430\u0448\u0456 \u0437\u0430\u043d\u044f\u0442\u0442\u044f \u0432\u043a\u043b\u044e\u0447\u0430\u044e\u0442\u044c \u043f\u043e\u0432\u043d\u0438\u0439 \u0441\u043f\u0435\u043a\u0442\u0440 \u0442\u0435\u043e\u0440\u0435\u0442\u0438\u0447\u043d\u0438\u0445 \u0432\u0456\u0434\u043e\u043c\u043e\u0441\u0442\u0435\u0439, \u0430 \u0442\u0430\u043a\u043e\u0436 \u043f\u0440\u0430\u043a\u0442\u0438\u0447\u043d\u0456 \u0432\u043f\u0440\u0430\u0432\u0438, \u043f\u043e\u0432&#039;\u044f\u0437\u0430\u043d\u0456 \u0437 \u0432\u0438\u0449\u0435\u0437\u0433\u0430\u0434\u0430\u043d\u0438\u043c\u0438 \u043f\u0440\u0438\u0441\u0442\u0440\u043e\u044f\u043c\u0438. \u041c\u0438 \u044f\u043a\u0456\u0441\u043d\u043e \u0433\u043e\u0442\u0443\u0454\u043c\u043e \u043d\u0430\u0448\u0438\u0445 \u0441\u0442\u0443\u0434\u0435\u043d\u0442\u0456\u0432 \u0434\u043e \u0437\u0434\u0430\u0447\u0456 \u0456\u0441\u043f\u0438\u0442\u0456\u0432!<\/p>\n<h2 class=\"naglowekh2\">\u041f\u0456\u0434 \u0447\u0430\u0441 \u0442\u0440\u0435\u043d\u0456\u043d\u0433\u0456\u0432 \u043e\u0431\u0433\u043e\u0432\u043e\u0440\u044e\u044e\u0442\u044c\u0441\u044f \u043d\u0430\u0441\u0442\u0443\u043f\u043d\u0456 \u0442\u0435\u043c\u0438: \u043d\u0430\u0441\u0442\u0443\u043f\u043d\u0456 \u0442\u0435\u043c\u0438:<\/h2>\n<ul>\n<li>\u0440\u0435\u0433\u043b\u0430\u043c\u0435\u043d\u0442 \u0442\u0435\u0445\u043d\u0456\u0447\u043d\u043e\u0433\u043e \u043e\u0433\u043b\u044f\u0434\u0443 \u0442\u0435\u043b\u0435\u0441\u043a\u043e\u043f\u0456\u0447\u043d\u0438\u0445 \u043d\u0430\u0432\u0430\u043d\u0442\u0430\u0436\u0443\u0432\u0430\u0447\u0456\u0432, \u0432 \u0442.\u0447 <a href=\"https:\/\/kursy-udt.pl\/ua\/uprawnienia-udt\/kategorie-uprawnien-2\/\">\u043f\u0440\u0430\u0432\u0430<\/a> \u043d\u0435\u043e\u0431\u0445\u0456\u0434\u043d\u0430 \u0434\u043b\u044f \u0457\u0445 \u0435\u043a\u0441\u043f\u043b\u0443\u0430\u0442\u0430\u0446\u0456\u0457 \u0434\u043e\u043a\u0443\u043c\u0435\u043d\u0442\u0430\u0446\u0456\u044f \u043f\u0440\u0438\u043b\u0430\u0434\u0456\u0432<\/li>\n<li>\u0437\u0430\u0433\u0430\u043b\u044c\u043d\u0430 \u0445\u0430\u0440\u0430\u043a\u0442\u0435\u0440\u0438\u0441\u0442\u0438\u043a\u0430 \u0442\u0430 \u043a\u043e\u043d\u0441\u0442\u0440\u0443\u043a\u0446\u0456\u044f \u0441\u043f\u0435\u0446\u0456\u0430\u043b\u0456\u0437\u043e\u0432\u0430\u043d\u0438\u0445 \u0430\u0432\u0442\u043e\u043d\u0430\u0432\u0430\u043d\u0442\u0430\u0436\u0443\u0432\u0430\u0447\u0456\u0432 \u0437\u0456 \u0437\u043c\u0456\u043d\u043d\u0438\u043c \u0432\u0438\u043b\u044c\u043e\u0442\u043e\u043c, \u0442. \u0437\u0432 \u0442\u0435\u043b\u0435\u0441\u043a\u043e\u043f\u0456\u0447\u043d\u0456 \u043d\u0430\u0432\u0430\u043d\u0442\u0430\u0436\u0443\u0432\u0430\u0447\u0456 - \u0441\u0442\u0440\u0456\u043b\u0430, \u0434\u0432\u0438\u0433\u0443\u043d, \u0435\u043b\u0435\u043a\u0442\u0440\u043e\u0441\u0438\u0441\u0442\u0435\u043c\u0430, \u0433\u0430\u043b\u044c\u043c\u0456\u0432\u043d\u0430 \u0441\u0438\u0441\u0442\u0435\u043c\u0430, \u0433\u0456\u0434\u0440\u0430\u0432\u043b\u0456\u0447\u043d\u0430 \u0441\u0438\u0441\u0442\u0435\u043c\u0430<\/li>\n<li>\u0435\u043a\u0441\u043f\u043b\u0443\u0430\u0442\u0430\u0446\u0456\u044f \u0441\u043f\u0435\u0446\u0456\u0430\u043b\u0456\u0437\u043e\u0432\u0430\u043d\u0438\u0445 \u0430\u0432\u0442\u043e\u043d\u0430\u0432\u0430\u043d\u0442\u0430\u0436\u0443\u0432\u0430\u0447\u0456\u0432 \u0456\u0437 \u0437\u043c\u0456\u043d\u043d\u0438\u043c \u0432\u0438\u043b\u044c\u043e\u0442\u043e\u043c \u0442\u0435\u043b\u0435\u0441\u043a\u043e\u043f\u0456\u0447\u043d\u0438\u0445 \u043d\u0430\u0432\u0430\u043d\u0442\u0430\u0436\u0443\u0432\u0430\u0447\u0456\u0432 - \u0442\u0435\u0445\u043d\u043e\u043b\u043e\u0433\u0456\u0457 \u0432\u0438\u043a\u043e\u043d\u0430\u043d\u043d\u044f \u0440\u043e\u0431\u0456\u0442 \u0437 \u0432\u0438\u043a\u043e\u0440\u0438\u0441\u0442\u0430\u043d\u043d\u044f\u043c \u0442\u0435\u043b\u0435\u0441\u043a\u043e\u043f\u0456\u0447\u043d\u0438\u0445 \u043d\u0430\u0432\u0430\u043d\u0442\u0430\u0436\u0443\u0432\u0430\u0447\u0456\u0432, \u0443 \u0442\u043e\u043c\u0443 \u0447\u0438\u0441\u043b\u0456 \u0442\u0438\u043f\u0438 \u0440\u043e\u0431\u043e\u0447\u043e\u0433\u043e \u043e\u0431\u043b\u0430\u0434\u043d\u0430\u043d\u043d\u044f<\/li>\n<li>\u0442\u0435\u0445\u043d\u0456\u0447\u043d\u0435 \u043e\u0431\u0441\u043b\u0443\u0433\u043e\u0432\u0443\u0432\u0430\u043d\u043d\u044f \u0432\u0438\u0431\u0440\u0430\u043d\u0438\u0445 \u0441\u043f\u0435\u0446\u0456\u0430\u043b\u0456\u0437\u043e\u0432\u0430\u043d\u0438\u0445 \u043d\u0430\u0432\u0430\u043d\u0442\u0430\u0436\u0443\u0432\u0430\u0447\u0456\u0432 \u0437\u0456 \u0437\u043c\u0456\u043d\u043d\u0438\u043c \u0432\u0438\u043b\u044c\u043e\u0442\u043e\u043c - \u0442\u0435\u043b\u0435\u0441\u043a\u043e\u043f\u0456\u0447\u043d\u0438\u0445 \u043d\u0430\u0432\u0430\u043d\u0442\u0430\u0436\u0443\u0432\u0430\u0447\u0456\u0432, \u0432\u043a\u043b\u044e\u0447\u0430\u044e\u0447\u0438 \u0442\u0435\u0445\u043d\u0456\u0447\u043d\u0435 \u043e\u0431\u0441\u043b\u0443\u0433\u043e\u0432\u0443\u0432\u0430\u043d\u043d\u044f \u0441\u0442\u0440\u0456\u043b\u0438, \u0434\u0432\u0438\u0433\u0443\u043d\u0430 \u0432\u043d\u0443\u0442\u0440\u0456\u0448\u043d\u044c\u043e\u0433\u043e \u0437\u0433\u043e\u0440\u044f\u043d\u043d\u044f, \u0435\u043b\u0435\u043a\u0442\u0440\u043e\u0443\u0441\u0442\u0430\u043d\u043e\u0432\u043a\u0438, \u0433\u0430\u043b\u044c\u043c\u0456\u0432\u043d\u043e\u0457 \u0441\u0438\u0441\u0442\u0435\u043c\u0438, \u0433\u0456\u0434\u0440\u0430\u0432\u043b\u0456\u0447\u043d\u043e\u0457 \u0441\u0438\u0441\u0442\u0435\u043c\u0438<\/li>\n<li>\u0440\u0435\u043c\u043e\u043d\u0442 \u043e\u043a\u0440\u0435\u043c\u0438\u0445 \u0442\u0435\u043b\u0435\u0441\u043a\u043e\u043f\u0456\u0447\u043d\u0438\u0445 \u043d\u0430\u0432\u0430\u043d\u0442\u0430\u0436\u0443\u0432\u0430\u0447\u0456\u0432<\/li>\n<li><a href=\"https:\/\/kursy-udt.pl\/ua\/szkolenia\/bhp-bezpieczenstwo-pracy\/prawna-ochrona-pracy\/\">\u0417\u0434\u043e\u0440\u043e\u0432&#039;\u044f \u0456 \u0431\u0435\u0437\u043f\u0435\u043a\u0430<\/a> \u0442\u0430 \u043e\u0445\u043e\u0440\u043e\u043d\u0438 \u043f\u0440\u0430\u0446\u0456 \u043d\u0430 \u0440\u043e\u0431\u043e\u0442\u0456 \u0437 \u0442\u0435\u043b\u0435\u0441\u043a\u043e\u043f\u0456\u0447\u043d\u0438\u043c\u0438 \u043d\u0430\u0432\u0430\u043d\u0442\u0430\u0436\u0443\u0432\u0430\u0447\u0430\u043c\u0438<\/li>\n<\/ul>\n<p>\u0422\u0440\u0438\u0432\u0430\u043b\u0456\u0441\u0442\u044c \u0437\u0430\u043d\u044f\u0442\u044c \u0434\u043b\u044f \u043e\u043f\u0435\u0440\u0430\u0442\u043e\u0440\u0456\u0432 \u0456 \u0442\u0435\u0445\u043d\u0456\u043a\u0456\u0432 \u0437 \u043e\u0431\u0441\u043b\u0443\u0433\u043e\u0432\u0443\u0432\u0430\u043d\u043d\u044f \u0442\u0435\u043b\u0435\u0441\u043a\u043e\u043f\u0456\u0447\u043d\u0438\u0445 \u043d\u0430\u0432\u0430\u043d\u0442\u0430\u0436\u0443\u0432\u0430\u0447\u0456\u0432 \u0441\u043a\u043b\u0430\u0434\u0430\u0454 \u0432\u0456\u0434 10 \u0434\u043e 35 \u0434\u0438\u0434\u0430\u043a\u0442\u0438\u0447\u043d\u0438\u0445 \u0433\u043e\u0434\u0438\u043d \u0437\u0430 \u043d\u0430\u043f\u0440\u044f\u043c\u043e\u043c \u0435\u043a\u0441\u043f\u043b\u0443\u0430\u0442\u0430\u0446\u0456\u0457 \u0442\u0430 38-48 \u0434\u0438\u0434\u0430\u043a\u0442\u0438\u0447\u043d\u0438\u0445 \u0433\u043e\u0434\u0438\u043d \u0437\u0430 \u043d\u0430\u043f\u0440\u044f\u043c\u043e\u043c \u0442\u0435\u0445\u043d\u0456\u0447\u043d\u043e\u0433\u043e \u043e\u0431\u0441\u043b\u0443\u0433\u043e\u0432\u0443\u0432\u0430\u043d\u043d\u044f, \u0432\u043a\u043b\u044e\u0447\u0430\u044e\u0447\u0438 \u0456\u0441\u043f\u0438\u0442 \u0423\u0414\u0422.<\/p>\n<p>\u041d\u0430\u0448 \u0426\u0435\u043d\u0442\u0440 \u043c\u043e\u0436\u0435 \u0430\u0434\u0430\u043f\u0442\u0443\u0432\u0430\u0442\u0438 \u043e\u0431\u0441\u044f\u0433 \u043d\u0430\u0432\u0447\u0430\u043d\u043d\u044f \u043f\u0456\u0434 \u0456\u043d\u0434\u0438\u0432\u0456\u0434\u0443\u0430\u043b\u044c\u043d\u0456 \u0432\u0438\u043c\u043e\u0433\u0438 \u043a\u043b\u0456\u0454\u043d\u0442\u0430, \u0437\u0430\u043b\u0435\u0436\u043d\u043e \u0432\u0456\u0434 \u0439\u043e\u0433\u043e \u043f\u043e\u0442\u0440\u0435\u0431.<\/p>\n<p>\u0417\u0430\u043f\u0440\u043e\u0448\u0443\u0454\u043c\u043e \u0412\u0430\u0441 \u0441\u043a\u043e\u0440\u0438\u0441\u0442\u0430\u0442\u0438\u0441\u044f \u043f\u043e\u0441\u043b\u0443\u0433\u0430\u043c\u0438 \u043d\u0430\u0432\u0447\u0430\u043d\u043d\u044f \u0432 \u0426\u0435\u043d\u0442\u0440\u0456 \u043f\u0456\u0434\u0433\u043e\u0442\u043e\u0432\u043a\u0438 \u043f\u0435\u0440\u0441\u043e\u043d\u0430\u043b\u0443 \u00ab\u0415\u0420\u0413\u041e\u041d\u00bb!<\/p>\n<p><a href=\"https:\/\/kursy-udt.pl\/wp-content\/uploads\/2022\/12\/wozki-widlowe-kursy-udt.pl_.png\"><img loading=\"lazy\" decoding=\"async\" class=\"aligncenter wp-image-4547\" src=\"https:\/\/kursy-udt.pl\/wp-content\/uploads\/2022\/12\/wozki-widlowe-kursy-udt.pl_-300x188.png\" alt=\"\" width=\"750\" height=\"469\" srcset=\"https:\/\/kursy-udt.pl\/wp-content\/uploads\/2022\/12\/wozki-widlowe-kursy-udt.pl_-300x188.png 300w, https:\/\/kursy-udt.pl\/wp-content\/uploads\/2022\/12\/wozki-widlowe-kursy-udt.pl_-1024x640.png 1024w, https:\/\/kursy-udt.pl\/wp-content\/uploads\/2022\/12\/wozki-widlowe-kursy-udt.pl_-768x480.png 768w, https:\/\/kursy-udt.pl\/wp-content\/uploads\/2022\/12\/wozki-widlowe-kursy-udt.pl_-18x12.png 18w, https:\/\/kursy-udt.pl\/wp-content\/uploads\/2022\/12\/wozki-widlowe-kursy-udt.pl_-624x390.png 624w, https:\/\/kursy-udt.pl\/wp-content\/uploads\/2022\/12\/wozki-widlowe-kursy-udt.pl_.png 1200w\" sizes=\"auto, (max-width: 750px) 100vw, 750px\" \/><\/a><\/p>\n<div class=\"button_styl\" style=\"float: right; padding-left: 15px; padding-bottom: 8px; margin-bottom: 5px;\"><a class=\"myButton myButton_maly\" href=\"https:\/\/platformaedukacji.pl\/sklep\/\" target=\"_blank\" rel=\"nofollow noopener noreferrer\"><span style=\"color: white;\">\u0417\u0430\u043f\u0438\u0448\u0456\u0442\u044c\u0441\u044f \u043d\u0430 \u043d\u0430\u0432\u0447\u0430\u043d\u043d\u044f<\/span><\/a><\/div>","protected":false},"excerpt":{"rendered":"<p>Uzyskasz kwalifikacje: Uprawnienia UDT do obs\u0142ugi\/konserwacji w\u00f3zk\u00f3w jezdniowych podno\u015bnikowych specjalizowanych ze zmiennym wysi\u0119giem tzw. \u0142adowarki teleskopowe O\u015brodek Doskonalenia Kadr ERGON specjalizuje si\u0119 w organizacji szkole\u0144 w ramach obs\u0142ugi i konserwacji urz\u0105dze\u0144 transportu bliskiego (UTB). Zach\u0119camy do skorzystania z naszej oferty dotycz\u0105cej obs\u0142ugi i konserwacji \u0142adowarek teleskopowych! \u0141adowarki teleskopowe to urz\u0105dzenia posiadaj\u0105ce szerokie zastosowanie w pracach prze\u0142adunkowych, kt\u00f3re u\u017cywane s\u0105 na wielu stanowiskach pracy. Obs\u0142uga tego typu urz\u0105dze\u0144 wymaga w\u0142a\u015bciwych uprawnie\u0144. S\u0105 one potrzebne tak\u017ce na stanowisku konserwatora \u0142adowarek teleskopowych. ODK ERGON zaprasza do skorzystania z oferty w zakresie obs\u0142ugi i konserwacji \u0142adowarek teleskopowych. Nasze zaj\u0119cia w\u0142\u0105czaj\u0105 pe\u0142n\u0105 gam\u0119 informacji teoretycznych, a tak\u017ce \u0107wiczenia praktyczne zwi\u0105zane z wy\u017cej wymienionymi urz\u0105dzeniami. Solidnie przygotowujemy naszych kursant\u00f3w do podej\u015bcia do egzamin\u00f3w! Podczas szkole\u0144 poruszane s\u0105 m.in. nast\u0119puj\u0105ce tematy: przepisy dozoru technicznego dotycz\u0105ce \u0142adowarek teleskopowych, w tym uprawnienia potrzebne do ich obs\u0142ugi, dokumentacja urz\u0105dze\u0144 og\u00f3lna charakterystyka i budowa w\u00f3zk\u00f3w jezdniowych podno\u015bnikowych specjalizowanych ze zmiennym wysi\u0119giem tzw. \u0142adowarek teleskopowych \u2013 wysi\u0119gnik, silnik, instalacja elektryczna, uk\u0142ad hamulcowy, uk\u0142ad hydrauliczny eksploatacja w\u00f3zk\u00f3w jezdniowych podno\u015bnikowych specjalizowanych ze zmiennym wysi\u0119giem \u0142adowarek teleskopowych \u2013 technologie prowadzenia rob\u00f3t z u\u017cyciem \u0142adowarek teleskopowych, w tym rodzaje osprz\u0119tu roboczego konserwacja wybranych w\u00f3zk\u00f3w jezdniowych podno\u015bnikowych specjalizowanych ze zmiennym wysi\u0119giem \u2013 \u0142adowarek teleskopowych, w tym konserwacja wysi\u0119gnika, silnika spalinowego, instalacji elektrycznej, uk\u0142adu hamulcowego, uk\u0142adu hydraulicznego remonty wybranych \u0142adowarek teleskopowych BHP i PPO\u017b przy pracy z \u0142adowarkami teleskopowymi Czas trwania zaj\u0119\u0107 dla operator\u00f3w oraz dla konserwator\u00f3w \u0142adowarek teleskopowych wynosi od 10 do 35 godzin dydaktycznych w zakresie obs\u0142ugi i 38-48 godzin dydaktycznych w zakresie konserwacji, w tym egzamin UDT. Nasz O\u015brodek mo\u017ce [&hellip;]<\/p>\n","protected":false},"author":1,"featured_media":3132,"parent":3226,"menu_order":0,"comment_status":"closed","ping_status":"closed","template":"","meta":{"sfsi_plus_gutenberg_text_before_share":"","sfsi_plus_gutenberg_show_text_before_share":"","sfsi_plus_gutenberg_icon_type":"","sfsi_plus_gutenberg_icon_alignemt":"","sfsi_plus_gutenburg_max_per_row":"","footnotes":""},"class_list":["post-3131","page","type-page","status-publish","has-post-thumbnail","hentry","has_thumb"],"aioseo_notices":[],"_links":{"self":[{"href":"https:\/\/kursy-udt.pl\/ua\/wp-json\/wp\/v2\/pages\/3131","targetHints":{"allow":["GET"]}}],"collection":[{"href":"https:\/\/kursy-udt.pl\/ua\/wp-json\/wp\/v2\/pages"}],"about":[{"href":"https:\/\/kursy-udt.pl\/ua\/wp-json\/wp\/v2\/types\/page"}],"author":[{"embeddable":true,"href":"https:\/\/kursy-udt.pl\/ua\/wp-json\/wp\/v2\/users\/1"}],"replies":[{"embeddable":true,"href":"https:\/\/kursy-udt.pl\/ua\/wp-json\/wp\/v2\/comments?post=3131"}],"version-history":[{"count":5,"href":"https:\/\/kursy-udt.pl\/ua\/wp-json\/wp\/v2\/pages\/3131\/revisions"}],"predecessor-version":[{"id":4675,"href":"https:\/\/kursy-udt.pl\/ua\/wp-json\/wp\/v2\/pages\/3131\/revisions\/4675"}],"up":[{"embeddable":true,"href":"https:\/\/kursy-udt.pl\/ua\/wp-json\/wp\/v2\/pages\/3226"}],"wp:featuredmedia":[{"embeddable":true,"href":"https:\/\/kursy-udt.pl\/ua\/wp-json\/wp\/v2\/media\/3132"}],"wp:attachment":[{"href":"https:\/\/kursy-udt.pl\/ua\/wp-json\/wp\/v2\/media?parent=3131"}],"curies":[{"name":"wp","href":"https:\/\/api.w.org\/{rel}","templated":true}]}}