{"id":3109,"date":"2020-06-30T23:01:13","date_gmt":"2020-06-30T23:01:13","guid":{"rendered":"https:\/\/kursy-udt.pl\/?page_id=3109"},"modified":"2023-01-05T09:40:51","modified_gmt":"2023-01-05T09:40:51","slug":"%d0%bc%d0%b0%d0%bd%d0%b8%d0%bf%d1%83%d0%bb%d1%8f%d1%86%d1%96%d0%b9%d0%bd%d1%96-%d0%ba%d1%80%d0%b0%d0%bd%d0%b8-%d1%82%d0%b0-%d1%88%d0%b2%d0%b8%d0%b4%d0%ba%d0%be%d0%b7%d0%b1%d0%b8%d1%80%d0%b0%d1%87","status":"publish","type":"page","link":"https:\/\/kursy-udt.pl\/ua\/szkolenia\/zakresy-ksztalcenia\/obsluga-zurawi-wiezowych-i-szybkomontujacych\/","title":{"rendered":"\u041e\u0431\u0441\u043b\u0443\u0433\u043e\u0432\u0443\u0432\u0430\u043d\u043d\u044f \u0431\u0430\u0448\u0442\u043e\u0432\u0438\u0445 \u0456 \u0448\u0432\u0438\u0434\u043a\u043e\u0437\u0431\u0456\u0440\u043d\u0438\u0445 \u043a\u0440\u0430\u043d\u0456\u0432, \u0432 \u0442\u043e\u043c\u0443 \u0447\u0438\u0441\u043b\u0456 \u0440\u0435\u0439\u043a\u043e\u0432\u0438\u0445"},"content":{"rendered":"<h2 class=\"naglowekh2\"><u><strong>\u0412\u0438 \u043e\u0442\u0440\u0438\u043c\u0430\u0454\u0442\u0435 \u043a\u0432\u0430\u043b\u0456\u0444\u0456\u043a\u0430\u0446\u0456\u044e:<\/strong><\/u><br \/>\n\u041a\u0432\u0430\u043b\u0456\u0444\u0456\u043a\u0430\u0446\u0456\u044f UDT \u0434\u043b\u044f \u043e\u0431\u0441\u043b\u0443\u0433\u043e\u0432\u0443\u0432\u0430\u043d\u043d\u044f \u0431\u0430\u0448\u0442\u043e\u0432\u0438\u0445 \u0456 \u0448\u0432\u0438\u0434\u043a\u043e\u0437\u0431\u0456\u0440\u043d\u0438\u0445 \u043a\u0440\u0430\u043d\u0456\u0432, \u0432\u043a\u043b\u044e\u0447\u0430\u044e\u0447\u0438 \u0437\u0430\u043b\u0456\u0437\u043d\u0438\u0447\u043d\u0456 \u043a\u0440\u0430\u043d\u0438<\/h2>\n<p><a href=\"https:\/\/kursy-udt.pl\/wp-content\/uploads\/2020\/06\/1-6.jpg\"><img loading=\"lazy\" decoding=\"async\" class=\"obrazekpadding wp-image-3110 size-medium alignleft\" src=\"https:\/\/kursy-udt.pl\/wp-content\/uploads\/2020\/06\/1-6-234x300.jpg\" alt=\"\u043a\u0440\u0430\u043d\" width=\"234\" height=\"300\" srcset=\"https:\/\/kursy-udt.pl\/wp-content\/uploads\/2020\/06\/1-6-234x300.jpg 234w, https:\/\/kursy-udt.pl\/wp-content\/uploads\/2020\/06\/1-6-624x800.jpg 624w, https:\/\/kursy-udt.pl\/wp-content\/uploads\/2020\/06\/1-6.jpg 722w\" sizes=\"auto, (max-width: 234px) 100vw, 234px\" \/><\/a><a href=\"https:\/\/kursy-udt.pl\/ua\/o-firmie\/\">\u0426\u0435\u043d\u0442\u0440 \u043f\u0456\u0434\u0433\u043e\u0442\u043e\u0432\u043a\u0438 \u043f\u0435\u0440\u0441\u043e\u043d\u0430\u043b\u0443 \u0415\u0420\u0413\u041e\u041d<\/a> \u0437\u0430\u043f\u0440\u043e\u0448\u0443\u0454 \u0432\u0430\u0441 \u043d\u0430 \u0442\u0440\u0435\u043d\u0456\u043d\u0433 \u043d\u0430 \u0442\u0435\u043c\u0443 <a href=\"https:\/\/kursy-udt.pl\/ua\/szkolenia\/udt-wdt-tdt\/zurawie-wiezowe\/\">\u0431\u0430\u0448\u0442\u043e\u0432\u0456 \u043a\u0440\u0430\u043d\u0438<\/a>!<\/p>\n<p>\u0411\u0430\u0448\u0442\u043e\u0432\u0456 \u043a\u0440\u0430\u043d\u0438 - \u0446\u0435 \u043f\u0440\u0438\u0441\u0442\u0440\u043e\u0457, \u043f\u0440\u0438\u0437\u043d\u0430\u0447\u0435\u043d\u0456 \u0434\u043b\u044f \u043f\u0435\u0440\u0435\u043c\u0456\u0449\u0435\u043d\u043d\u044f \u043c\u0430\u0442\u0435\u0440\u0456\u0430\u043b\u0456\u0432, \u044f\u043a\u0456 \u043c\u0430\u044e\u0442\u044c \u0448\u0438\u0440\u043e\u043a\u0438\u0439 \u0441\u043f\u0435\u043a\u0442\u0440 \u0437\u0430\u0441\u0442\u043e\u0441\u0443\u0432\u0430\u043d\u043d\u044f, \u0432 \u0442\u043e\u043c\u0443 \u0447\u0438\u0441\u043b\u0456 \u0432\u0438\u043a\u043e\u0440\u0438\u0441\u0442\u043e\u0432\u0443\u044e\u0442\u044c\u0441\u044f \u043d\u0430 \u0431\u0443\u0434\u0456\u0432\u0435\u043b\u044c\u043d\u0438\u0445 \u043c\u0430\u0439\u0434\u0430\u043d\u0447\u0438\u043a\u0430\u0445. \u0414\u043b\u044f \u0435\u043a\u0441\u043f\u043b\u0443\u0430\u0442\u0430\u0446\u0456\u0457 \u0442\u0430 \u0442\u0435\u0445\u043d\u0456\u0447\u043d\u043e\u0433\u043e \u043e\u0431\u0441\u043b\u0443\u0433\u043e\u0432\u0443\u0432\u0430\u043d\u043d\u044f \u0431\u0430\u0448\u0442\u043e\u0432\u0438\u0445 \u043a\u0440\u0430\u043d\u0456\u0432 \u043f\u043e\u0442\u0440\u0456\u0431\u0435\u043d \u0432\u0456\u0434\u043f\u043e\u0432\u0456\u0434\u043d\u0438\u0439 \u0434\u043e\u0437\u0432\u0456\u043b. <a href=\"https:\/\/kursy-udt.pl\/ua\/uprawnienia-udt\/kategorie-uprawnien-2\/\">\u041f\u0440\u0430\u0432\u0430<\/a> \u0457\u0445 \u0432\u0438\u0434\u0430\u0454 \u0423\u043f\u0440\u0430\u0432\u043b\u0456\u043d\u043d\u044f \u0442\u0435\u0445\u043d\u0456\u0447\u043d\u043e\u0457 \u0456\u043d\u0441\u043f\u0435\u043a\u0446\u0456\u0457 (\u0423\u0414\u0422).<\/p>\n<p>\u0426\u0435\u043d\u0442\u0440 \u00ab\u0415\u0420\u0413\u041e\u041d\u00bb \u043f\u0440\u043e\u0432\u043e\u0434\u0438\u0442\u044c \u043a\u043e\u043c\u043f\u043b\u0435\u043a\u0441\u043d\u0456 \u043a\u0443\u0440\u0441\u0438 \u043f\u043e \u0431\u0430\u0448\u0442\u043e\u0432\u0438\u043c \u043a\u0440\u0430\u043d\u0430\u043c \u0456 \u0448\u0432\u0438\u0434\u043a\u043e\u043c\u043e\u043d\u0442\u043e\u0432\u0430\u043d\u0438\u043c \u043a\u0440\u0430\u043d\u0430\u043c, \u044f\u043a\u0456 \u043e\u0440\u0456\u0454\u043d\u0442\u043e\u0432\u0430\u043d\u0456 \u043d\u0430 \u043e\u043f\u0435\u0440\u0430\u0442\u043e\u0440\u0456\u0432 \u0434\u0430\u043d\u043e\u0433\u043e \u0432\u0438\u0434\u0443 \u0442\u0435\u0445\u043d\u0456\u043a\u0438, \u0430 \u0442\u0430\u043a\u043e\u0436 \u043d\u0430 \u043c\u043e\u043d\u0442\u0430\u0436\u043d\u0438\u043a\u0456\u0432, \u0442\u0435\u0445\u043d\u0456\u043a\u0456\u0432 \u0437 \u043e\u0431\u0441\u043b\u0443\u0433\u043e\u0432\u0443\u0432\u0430\u043d\u043d\u044f \u0442\u0430 \u043d\u0430\u0433\u043b\u044f\u0434\u0443 \u0437\u0430 \u0435\u043a\u0441\u043f\u043b\u0443\u0430\u0442\u0430\u0446\u0456\u0454\u044e.<\/p>\n<p>\u041d\u0430\u0448\u0456 \u0437\u0430\u043d\u044f\u0442\u0442\u044f \u0441\u043a\u043b\u0430\u0434\u0430\u044e\u0442\u044c\u0441\u044f \u0437 \u0442\u0435\u043e\u0440\u0435\u0442\u0438\u0447\u043d\u043e\u0457 \u0442\u0430 \u043f\u0440\u0430\u043a\u0442\u0438\u0447\u043d\u043e\u0457 \u0447\u0430\u0441\u0442\u0438\u043d\u0438, \u0437\u0430\u0432\u0434\u044f\u043a\u0438 \u0447\u043e\u043c\u0443 \u0432\u043e\u043d\u0438 \u043f\u0440\u043e\u0444\u0435\u0441\u0456\u0439\u043d\u043e \u0442\u0430 \u043f\u043e\u0432\u043d\u043e\u0446\u0456\u043d\u043d\u043e \u0433\u043e\u0442\u0443\u044e\u0442\u044c \u0443\u0447\u0430\u0441\u043d\u0438\u043a\u0456\u0432 \u0434\u043e \u0441\u043a\u043b\u0430\u0434\u0430\u043d\u043d\u044f \u0456\u0441\u043f\u0438\u0442\u0443 \u0442\u0430 \u043e\u0442\u0440\u0438\u043c\u0430\u043d\u043d\u044f \u0432\u0456\u0434\u043f\u043e\u0432\u0456\u0434\u043d\u043e\u0457 \u043a\u0432\u0430\u043b\u0456\u0444\u0456\u043a\u0430\u0446\u0456\u0457 \u0431\u0430\u0448\u0442\u043e\u0432\u043e\u0433\u043e \u043a\u0440\u0430\u043d\u0430.<\/p>\n<h2 class=\"naglowekh2\">\u041f\u0456\u0434 \u0447\u0430\u0441 \u0442\u0440\u0435\u043d\u0456\u043d\u0433\u0456\u0432 \u043e\u0431\u0433\u043e\u0432\u043e\u0440\u044e\u044e\u0442\u044c\u0441\u044f \u043d\u0430\u0441\u0442\u0443\u043f\u043d\u0456 \u0442\u0435\u043c\u0438: \u043d\u0430\u0441\u0442\u0443\u043f\u043d\u0456 \u0442\u0435\u043c\u0438:<\/h2>\n<ul>\n<li><a href=\"https:\/\/kursy-udt.pl\/wp-content\/uploads\/2020\/06\/1-7.jpg\"><img loading=\"lazy\" decoding=\"async\" class=\"obrazekpadding alignright wp-image-3111 size-medium\" src=\"https:\/\/kursy-udt.pl\/wp-content\/uploads\/2020\/06\/1-7-300x200.jpg\" alt=\"\u043a\u0440\u0430\u043d\" width=\"300\" height=\"200\" srcset=\"https:\/\/kursy-udt.pl\/wp-content\/uploads\/2020\/06\/1-7-300x200.jpg 300w, https:\/\/kursy-udt.pl\/wp-content\/uploads\/2020\/06\/1-7-624x415.jpg 624w, https:\/\/kursy-udt.pl\/wp-content\/uploads\/2020\/06\/1-7.jpg 703w\" sizes=\"auto, (max-width: 300px) 100vw, 300px\" \/><\/a>\u0437\u0430\u0433\u0430\u043b\u044c\u043d\u0456 \u0432\u0456\u0434\u043e\u043c\u043e\u0441\u0442\u0456 \u043f\u0440\u043e \u0431\u0430\u0448\u0442\u043e\u0432\u0456 \u0442\u0430 \u0448\u0432\u0438\u0434\u043a\u043e\u043c\u043e\u043d\u0442\u043e\u0432\u0430\u043d\u0456 \u043a\u0440\u0430\u043d\u0438<\/li>\n<li>\u0456\u043d\u0444\u043e\u0440\u043c\u0430\u0446\u0456\u044e \u043f\u0440\u043e \u0434\u043e\u0437\u0432\u043e\u043b\u0438, \u043d\u0435\u043e\u0431\u0445\u0456\u0434\u043d\u0456 \u0434\u043b\u044f \u0435\u043a\u0441\u043f\u043b\u0443\u0430\u0442\u0430\u0446\u0456\u0457 \u0446\u0438\u0445 \u043f\u0440\u0438\u0441\u0442\u0440\u043e\u0457\u0432<\/li>\n<li>\u043a\u043b\u0430\u0441\u0438\u0444\u0456\u043a\u0430\u0446\u0456\u044f \u0431\u0430\u0448\u0442\u043e\u0432\u0438\u0445 \u0456 \u0448\u0432\u0438\u0434\u043a\u043e\u0437\u0431\u0456\u0440\u043d\u0438\u0445 \u043a\u0440\u0430\u043d\u0456\u0432 \u0442\u0430 \u0457\u0445 \u043c\u0435\u0445\u0430\u043d\u0456\u0437\u043c\u0456\u0432<\/li>\n<li>\u0442\u0440\u0430\u043d\u0441\u043f\u043e\u0440\u0442\u0443\u0432\u0430\u043d\u043d\u044f \u0442\u0430 \u043c\u043e\u043d\u0442\u0430\u0436 \u0431\u0430\u0448\u0442\u043e\u0432\u0438\u0445 \u0442\u0430 \u0448\u0432\u0438\u0434\u043a\u043e\u0437\u0431\u0456\u0440\u043d\u0438\u0445 \u043a\u0440\u0430\u043d\u0456\u0432<\/li>\n<li>\u0435\u043b\u0435\u043c\u0435\u043d\u0442\u0438 \u043a\u043e\u043d\u0441\u0442\u0440\u0443\u043a\u0446\u0456\u0457 \u0442\u0430 \u043c\u0435\u0445\u0430\u043d\u0456\u0437\u043c\u0438 \u0431\u0430\u0448\u0442\u043e\u0432\u0438\u0445 \u0456 \u0448\u0432\u0438\u0434\u043a\u043e\u0437\u0431\u0456\u0440\u043d\u0438\u0445 \u043a\u0440\u0430\u043d\u0456\u0432<\/li>\n<li>\u043d\u0435\u0441\u0443\u0447\u0456 \u043a\u043e\u043d\u0441\u0442\u0440\u0443\u043a\u0446\u0456\u0457, \u044f\u043a\u0456 \u0432\u0438\u043a\u043e\u0440\u0438\u0441\u0442\u043e\u0432\u0443\u044e\u0442\u044c\u0441\u044f \u0434\u043b\u044f \u0431\u0430\u0448\u0442\u043e\u0432\u0438\u0445 \u0456 \u0448\u0432\u0438\u0434\u043a\u043e\u0437\u0431\u0456\u0440\u043d\u0438\u0445 \u043a\u0440\u0430\u043d\u0456\u0432<\/li>\n<li>\u0437\u0430\u0445\u0438\u0441\u0442\u0438, \u044f\u043a\u0456 \u0432\u0438\u043a\u043e\u0440\u0438\u0441\u0442\u043e\u0432\u0443\u044e\u0442\u044c\u0441\u044f \u0432 \u0431\u0430\u0448\u0442\u043e\u0432\u0438\u0445 \u0456 \u0448\u0432\u0438\u0434\u043a\u043e\u0437\u0431\u0456\u0440\u043d\u0438\u0445 \u043a\u0440\u0430\u043d\u0430\u0445<\/li>\n<li>\u043e\u0431\u043b\u0430\u0434\u043d\u0430\u043d\u043d\u044f, \u0449\u043e \u0432\u0438\u043a\u043e\u0440\u0438\u0441\u0442\u043e\u0432\u0443\u0454\u0442\u044c\u0441\u044f \u0437 \u0431\u0430\u0448\u0442\u043e\u0432\u0438\u043c\u0438 \u043a\u0440\u0430\u043d\u0430\u043c\u0438 - \u0441\u0442\u0440\u043e\u043f\u0438 \u0442\u0430 \u0456\u043d\u0448\u0456 \u043f\u0440\u0438\u0441\u0442\u0440\u043e\u0457<\/li>\n<li>\u043f\u0440\u0438\u043d\u0446\u0438\u043f\u0438 \u043f\u0440\u0430\u0432\u0438\u043b\u044c\u043d\u043e\u0457 \u0435\u043a\u0441\u043f\u043b\u0443\u0430\u0442\u0430\u0446\u0456\u0457 \u043a\u0440\u0430\u043d\u0456\u0432 - \u0437\u0430\u0433\u0430\u043b\u044c\u043d\u0456 \u043f\u0440\u0438\u043d\u0446\u0438\u043f\u0438 \u0440\u043e\u0431\u043e\u0442\u0438, \u0440\u0443\u043b\u044c\u043e\u0432\u043e\u0433\u043e \u043a\u0435\u0440\u0443\u0432\u0430\u043d\u043d\u044f, \u0443\u043f\u0440\u0430\u0432\u043b\u0456\u043d\u043d\u044f<\/li>\n<li>\u043d\u0430\u0439\u043f\u043e\u0448\u0438\u0440\u0435\u043d\u0456\u0448\u0456 \u043d\u0435\u0441\u043f\u0440\u0430\u0432\u043d\u043e\u0441\u0442\u0456 \u0431\u0430\u0448\u0442\u043e\u0432\u0438\u0445 \u0456 \u0448\u0432\u0438\u0434\u043a\u043e\u0437\u0431\u0456\u0440\u043d\u0438\u0445 \u043a\u0440\u0430\u043d\u0456\u0432<\/li>\n<li>\u0442\u0435\u0445\u043d\u0456\u0447\u043d\u0438\u0439 \u043d\u0430\u0433\u043b\u044f\u0434 \u0437\u0430 \u0431\u0430\u0448\u0442\u043e\u0432\u0438\u043c\u0438 \u0442\u0430 \u0448\u0432\u0438\u0434\u043a\u043e\u0437\u0431\u0456\u0440\u043d\u0438\u043c\u0438 \u043a\u0440\u0430\u043d\u0430\u043c\u0438<\/li>\n<\/ul>\n<p>\u0422\u0440\u0438\u0432\u0430\u043b\u0456\u0441\u0442\u044c \u043d\u0430\u0432\u0447\u0430\u043d\u043d\u044f \u0437 \u0435\u043a\u0441\u043f\u043b\u0443\u0430\u0442\u0430\u0446\u0456\u0457 \u0431\u0430\u0448\u0442\u043e\u0432\u0438\u0445 \u043a\u0440\u0430\u043d\u0456\u0432 \u0441\u0442\u0430\u043d\u043e\u0432\u0438\u0442\u044c \u0432\u0456\u0434 20 \u0434\u043e 40 \u043d\u0430\u0432\u0447\u0430\u043b\u044c\u043d\u0438\u0445 \u0433\u043e\u0434\u0438\u043d.<\/p>\n<p>\u041d\u0430\u0448 \u0426\u0435\u043d\u0442\u0440 \u00ab\u0415\u0420\u0413\u041e\u041d\u00bb \u043c\u043e\u0436\u0435 \u0441\u043a\u043e\u0440\u0438\u0433\u0443\u0432\u0430\u0442\u0438 \u043e\u0431\u0441\u044f\u0433 \u0442\u0435\u043c\u0430\u0442\u0438\u043a\u0438 \u0437\u0430\u043d\u044f\u0442\u044c \u0432 \u0437\u0430\u043b\u0435\u0436\u043d\u043e\u0441\u0442\u0456 \u0432\u0456\u0434 \u0456\u043d\u0434\u0438\u0432\u0456\u0434\u0443\u0430\u043b\u044c\u043d\u0438\u0445 \u0432\u0438\u043c\u043e\u0433 \u043a\u043b\u0456\u0454\u043d\u0442\u0430. <a href=\"https:\/\/kursy-udt.pl\/ua\/kontakt\/\">\u0411\u0443\u0434\u044c \u043b\u0430\u0441\u043a\u0430, \u0437\u0432&#039;\u044f\u0436\u0456\u0442\u044c\u0441\u044f \u0437 \u043d\u0430\u043c\u0438<\/a> \u0434\u043b\u044f \u043e\u0442\u0440\u0438\u043c\u0430\u043d\u043d\u044f \u0434\u043e\u0434\u0430\u0442\u043a\u043e\u0432\u043e\u0457 \u0456\u043d\u0444\u043e\u0440\u043c\u0430\u0446\u0456\u0457.<\/p>\n<p>\u0417\u0430\u043f\u0440\u043e\u0448\u0443\u0454\u043c\u043e \u0412\u0430\u0441 \u0441\u043a\u043e\u0440\u0438\u0441\u0442\u0430\u0442\u0438\u0441\u044f \u043d\u0430\u0448\u043e\u044e \u043f\u0440\u043e\u043f\u043e\u0437\u0438\u0446\u0456\u0454\u044e \u0432 \u0426\u0435\u043d\u0442\u0440\u0456 \u043d\u0430\u0432\u0447\u0430\u043d\u043d\u044f \u043f\u0435\u0440\u0441\u043e\u043d\u0430\u043b\u0443 \u0415\u0420\u0413\u041e\u041d!<\/p>\n<p><a href=\"https:\/\/kursy-udt.pl\/wp-content\/uploads\/2023\/01\/Reklama-Na-Kursy-7-3.png\"><img loading=\"lazy\" decoding=\"async\" class=\"aligncenter wp-image-4667\" src=\"https:\/\/kursy-udt.pl\/wp-content\/uploads\/2023\/01\/Reklama-Na-Kursy-7-3-300x188.png\" alt=\"\" width=\"750\" height=\"469\" srcset=\"https:\/\/kursy-udt.pl\/wp-content\/uploads\/2023\/01\/Reklama-Na-Kursy-7-3-300x188.png 300w, https:\/\/kursy-udt.pl\/wp-content\/uploads\/2023\/01\/Reklama-Na-Kursy-7-3-1024x640.png 1024w, https:\/\/kursy-udt.pl\/wp-content\/uploads\/2023\/01\/Reklama-Na-Kursy-7-3-768x480.png 768w, https:\/\/kursy-udt.pl\/wp-content\/uploads\/2023\/01\/Reklama-Na-Kursy-7-3-18x12.png 18w, https:\/\/kursy-udt.pl\/wp-content\/uploads\/2023\/01\/Reklama-Na-Kursy-7-3-624x390.png 624w, https:\/\/kursy-udt.pl\/wp-content\/uploads\/2023\/01\/Reklama-Na-Kursy-7-3.png 1200w\" sizes=\"auto, (max-width: 750px) 100vw, 750px\" \/><\/a><\/p>\n<div class=\"button_styl\" style=\"float: right; padding-left: 15px; padding-bottom: 8px; margin-bottom: 5px;\"><a class=\"myButton myButton_maly\" href=\"https:\/\/platformaedukacji.pl\/sklep\/\" target=\"_blank\" rel=\"nofollow noopener noreferrer\"><span style=\"color: white;\">\u0417\u0430\u043f\u0438\u0448\u0456\u0442\u044c\u0441\u044f \u043d\u0430 \u043d\u0430\u0432\u0447\u0430\u043d\u043d\u044f<\/span><\/a><\/div>","protected":false},"excerpt":{"rendered":"<p>Uzyskasz kwalifikacje: Uprawnienia UDT do obs\u0142ugi \u017curawi wie\u017cowych i szybkomontuj\u0105cych, w tym szynowych O\u015brodek Doskonalenia Kadr ERGON zaprasza na szkolenia na \u017curawie wie\u017cowe! \u017burawie wie\u017cowe to urz\u0105dzenia przeznaczone do transportu bliskiego, kt\u00f3re posiadaj\u0105 szerokie zastosowanie, w tym mi\u0119dzy innymi u\u017cywane s\u0105 na placach bud\u00f3w. \u017burawie wie\u017cowe wymagaj\u0105 posiadania w\u0142a\u015bciwych uprawnie\u0144 do ich obs\u0142ugi i konserwacji. Uprawnienia te nadawane s\u0105 przez UDT \u2013 Urz\u0105d Dozoru Technicznego. O\u015brodek ERGON prowadzi kompleksowe kursy na \u017curawie wie\u017cowe i szybkomontuj\u0105ce, kt\u00f3re skierowane s\u0105 do operator\u00f3w urz\u0105dze\u0144 tego typu, a tak\u017ce do ich monta\u017cyst\u00f3w, konserwator\u00f3w oraz do s\u0142u\u017cb nadzoru eksploatacyjnego. Nasze zaj\u0119cia sk\u0142adaj\u0105 si\u0119 z cz\u0119\u015bci teoretycznej i praktycznej, dzi\u0119ki czemu profesjonalnie i w pe\u0142ni przygotowuj\u0105 uczestnik\u00f3w do podej\u015bcia do egzaminu oraz do uzyskania odpowiednich uprawnie\u0144 na \u017curawie wie\u017cowe. Podczas szkole\u0144 poruszane s\u0105 m.in. nast\u0119puj\u0105ce tematy: og\u00f3lne informacje dotycz\u0105ce \u017curawie wie\u017cowych i szybkomontuj\u0105cych informacje o uprawnieniach potrzebnych do obs\u0142ugi tych urz\u0105dze\u0144 klasyfikacja \u017curawi wie\u017cowych i szybkomontuj\u0105cych oraz ich mechanizm\u00f3w transport i monta\u017c \u017curawi wie\u017cowych i szybkomontuj\u0105cych elementy budowy oraz mechanizmy \u017curawi wie\u017cowych i szybkomontuj\u0105cych konstrukcje no\u015bne u\u017cywane do \u017curawi wie\u017cowych i szybkomontuj\u0105cych zabezpieczenia stosowane w \u017curawiach wie\u017cowych i szybkomontuj\u0105cych sprz\u0119t stosowany z \u017curawiami wie\u017cowymi \u2013 zawiesia i inne urz\u0105dzenia zasady prawid\u0142owej eksploatacji \u017curawi \u2013 og\u00f3lne zasady obs\u0142ugi, sterowanie, kontrola najcz\u0119\u015bciej wyst\u0119puj\u0105ce awarie \u017curawi wie\u017cowych i szybkomontuj\u0105cych doz\u00f3r techniczny \u017curawi wie\u017cowych i szybkomontuj\u0105cych Czas trwania nauki w ramach obs\u0142ugi \u017curawi wie\u017cowych wynosi od 20 do 40 godzin dydaktycznych. Nasz O\u015brodek ERGON mo\u017ce dostosowa\u0107 zakres tematyki zaj\u0119\u0107 zale\u017cnie od indywidualnych wymaga\u0144 klienta. Prosimy o kontakt w celu uzyskania dodatkowych informacji. Zach\u0119camy do skorzystania [&hellip;]<\/p>\n","protected":false},"author":1,"featured_media":3111,"parent":3226,"menu_order":0,"comment_status":"closed","ping_status":"closed","template":"","meta":{"sfsi_plus_gutenberg_text_before_share":"","sfsi_plus_gutenberg_show_text_before_share":"","sfsi_plus_gutenberg_icon_type":"","sfsi_plus_gutenberg_icon_alignemt":"","sfsi_plus_gutenburg_max_per_row":"","footnotes":""},"class_list":["post-3109","page","type-page","status-publish","has-post-thumbnail","hentry","has_thumb"],"aioseo_notices":[],"_links":{"self":[{"href":"https:\/\/kursy-udt.pl\/ua\/wp-json\/wp\/v2\/pages\/3109","targetHints":{"allow":["GET"]}}],"collection":[{"href":"https:\/\/kursy-udt.pl\/ua\/wp-json\/wp\/v2\/pages"}],"about":[{"href":"https:\/\/kursy-udt.pl\/ua\/wp-json\/wp\/v2\/types\/page"}],"author":[{"embeddable":true,"href":"https:\/\/kursy-udt.pl\/ua\/wp-json\/wp\/v2\/users\/1"}],"replies":[{"embeddable":true,"href":"https:\/\/kursy-udt.pl\/ua\/wp-json\/wp\/v2\/comments?post=3109"}],"version-history":[{"count":5,"href":"https:\/\/kursy-udt.pl\/ua\/wp-json\/wp\/v2\/pages\/3109\/revisions"}],"predecessor-version":[{"id":4668,"href":"https:\/\/kursy-udt.pl\/ua\/wp-json\/wp\/v2\/pages\/3109\/revisions\/4668"}],"up":[{"embeddable":true,"href":"https:\/\/kursy-udt.pl\/ua\/wp-json\/wp\/v2\/pages\/3226"}],"wp:featuredmedia":[{"embeddable":true,"href":"https:\/\/kursy-udt.pl\/ua\/wp-json\/wp\/v2\/media\/3111"}],"wp:attachment":[{"href":"https:\/\/kursy-udt.pl\/ua\/wp-json\/wp\/v2\/media?parent=3109"}],"curies":[{"name":"wp","href":"https:\/\/api.w.org\/{rel}","templated":true}]}}