{"id":3038,"date":"2020-06-29T20:23:27","date_gmt":"2020-06-29T20:23:27","guid":{"rendered":"https:\/\/kursy-udt.pl\/?page_id=3038"},"modified":"2023-01-05T10:38:12","modified_gmt":"2023-01-05T10:38:12","slug":"%d1%82%d0%b5%d1%85%d0%bd%d1%96%d1%87%d0%bd%d0%b5-%d0%be%d0%b1%d1%81%d0%bb%d1%83%d0%b3%d0%be%d0%b2%d1%83%d0%b2%d0%b0%d0%bd%d0%bd%d1%8f-%d0%b5%d0%bb%d0%b5%d0%ba%d1%82%d1%80%d0%be%d0%ba%d1%80%d0%b0%d0%bd","status":"publish","type":"page","link":"https:\/\/kursy-udt.pl\/ua\/szkolenia\/zakresy-ksztalcenia\/konserwacja-dzwigow-elektrycznych\/","title":{"rendered":"\u041e\u0431\u0441\u043b\u0443\u0433\u043e\u0432\u0443\u0432\u0430\u043d\u043d\u044f \u0435\u043b\u0435\u043a\u0442\u0440\u043e\u043f\u0456\u0434\u0439\u043e\u043c\u043d\u0438\u043a\u0456\u0432"},"content":{"rendered":"<h2 class=\"naglowekh2\"><u><strong>\u0412\u0438 \u043e\u0442\u0440\u0438\u043c\u0430\u0454\u0442\u0435 \u043a\u0432\u0430\u043b\u0456\u0444\u0456\u043a\u0430\u0446\u0456\u044e:<\/strong><\/u><br \/>\n\u041a\u0432\u0430\u043b\u0456\u0444\u0456\u043a\u0430\u0446\u0456\u044f UDT \u0434\u043b\u044f \u043e\u0431\u0441\u043b\u0443\u0433\u043e\u0432\u0443\u0432\u0430\u043d\u043d\u044f \u0435\u043b\u0435\u043a\u0442\u0440\u0438\u0447\u043d\u0438\u0445 \u043b\u0456\u0444\u0442\u0456\u0432<\/h2>\n<p><a href=\"https:\/\/kursy-udt.pl\/wp-content\/uploads\/2020\/06\/1.jpg\"><img loading=\"lazy\" decoding=\"async\" class=\"obrazekpadding alignleft wp-image-3036 size-medium\" src=\"https:\/\/kursy-udt.pl\/wp-content\/uploads\/2020\/06\/1-300x230.jpg\" alt=\"\u043e\u0431\u0441\u043b\u0443\u0433\u043e\u0432\u0443\u0432\u0430\u043d\u043d\u044f \u0435\u043b\u0435\u043a\u0442\u0440\u043e\u043f\u0456\u0434\u0439\u043e\u043c\u043d\u0438\u043a\u0456\u0432\" width=\"300\" height=\"230\" srcset=\"https:\/\/kursy-udt.pl\/wp-content\/uploads\/2020\/06\/1-300x230.jpg 300w, https:\/\/kursy-udt.pl\/wp-content\/uploads\/2020\/06\/1.jpg 460w\" sizes=\"auto, (max-width: 300px) 100vw, 300px\" \/><\/a>\u041f\u0440\u043e\u043f\u043e\u043d\u0443\u0454\u043c\u043e \u0412\u0430\u043c \u0441\u043a\u043e\u0440\u0438\u0441\u0442\u0430\u0442\u0438\u0441\u044f \u043f\u0440\u043e\u043f\u043e\u0437\u0438\u0446\u0456\u0454\u044e \u043d\u0430\u0432\u0447\u0430\u043d\u043d\u044f \u0432 \u0440\u0430\u043c\u043a\u0430\u0445 \u043e\u0431\u0441\u043b\u0443\u0433\u043e\u0432\u0443\u0432\u0430\u043d\u043d\u044f \u0435\u043b\u0435\u043a\u0442\u0440\u043e\u043f\u0456\u0434\u0439\u043e\u043c\u043d\u0438\u043a\u0456\u0432 \u0432 \u041e\u0414\u041a \u0415\u0420\u0413\u041e\u041d!<\/p>\n<p>\u0415\u043b\u0435\u043a\u0442\u0440\u0438\u0447\u043d\u0456 \u043f\u0456\u0434\u0439\u043e\u043c\u043d\u0438\u043a\u0438 - \u0446\u0435 \u043f\u0440\u0438\u0441\u0442\u0440\u043e\u0457, \u044f\u043a\u0456 \u0437\u0430\u0437\u0432\u0438\u0447\u0430\u0439 \u0432\u0438\u043a\u043e\u0440\u0438\u0441\u0442\u043e\u0432\u0443\u044e\u0442\u044c\u0441\u044f \u0434\u043b\u044f \u0431\u043b\u0438\u0437\u044c\u043a\u043e\u0433\u043e \u043f\u0435\u0440\u0435\u0432\u0435\u0437\u0435\u043d\u043d\u044f \u043b\u044e\u0434\u0435\u0439 \u0456 \u0432\u0430\u043d\u0442\u0430\u0436\u0456\u0432. \u0426\u0456 \u043b\u0456\u0444\u0442\u0438 \u043f\u043e\u0434\u0456\u043b\u044f\u044e\u0442\u044c\u0441\u044f \u043d\u0430 \u043f\u0430\u0441\u0430\u0436\u0438\u0440\u0441\u044c\u043a\u0456, \u0432\u0430\u043d\u0442\u0430\u0436\u043d\u0456, \u0432\u0430\u043d\u0442\u0430\u0436\u043e\u043f\u0430\u0441\u0430\u0436\u0438\u0440\u0441\u044c\u043a\u0456 \u0442\u0430 \u043b\u0456\u043a\u0430\u0440\u043d\u044f\u043d\u0456 \u0456 \u0448\u0438\u0440\u043e\u043a\u043e \u0432\u0438\u043a\u043e\u0440\u0438\u0441\u0442\u043e\u0432\u0443\u044e\u0442\u044c\u0441\u044f \u043d\u0430 \u0440\u0456\u0437\u043d\u0438\u0445 \u043e\u0431&#039;\u0454\u043a\u0442\u0430\u0445. \u041e\u0441\u043e\u0431\u0438, \u044f\u043a\u0456 \u0437\u0430\u0439\u043c\u0430\u044e\u0442\u044c\u0441\u044f \u043e\u0431\u0441\u043b\u0443\u0433\u043e\u0432\u0443\u0432\u0430\u043d\u043d\u044f\u043c \u0442\u0430 \u0435\u043a\u0441\u043f\u043b\u0443\u0430\u0442\u0430\u0446\u0456\u0454\u044e \u0434\u0430\u043d\u043e\u0433\u043e \u0432\u0438\u0434\u0443 \u043e\u0431\u043b\u0430\u0434\u043d\u0430\u043d\u043d\u044f, \u043f\u043e\u0432\u0438\u043d\u043d\u0456 \u043c\u0430\u0442\u0438 \u0441\u043f\u0435\u0446 <a href=\"https:\/\/kursy-udt.pl\/ua\/uprawnienia-udt\/kategorie-uprawnien-2\/\">\u043f\u0440\u0430\u0432\u0430<\/a>.<\/p>\n<p>\u041d\u0430\u0432\u0447\u0430\u043d\u043d\u044f \u0437 \u043e\u0431\u0441\u043b\u0443\u0433\u043e\u0432\u0443\u0432\u0430\u043d\u043d\u044f \u0435\u043b\u0435\u043a\u0442\u0440\u043e\u043f\u0456\u0434\u0439\u043e\u043c\u043d\u0438\u043a\u0456\u0432 \u0432 \u0426\u0435\u043d\u0442\u0440\u0456 \u00ab\u0415\u0420\u0413\u041e\u041d\u00bb \u0441\u043a\u043b\u0430\u0434\u0430\u0454\u0442\u044c\u0441\u044f \u0437 \u0442\u0435\u043e\u0440\u0435\u0442\u0438\u0447\u043d\u043e\u0457 \u0442\u0430 \u043f\u0440\u0430\u043a\u0442\u0438\u0447\u043d\u043e\u0457 \u0447\u0430\u0441\u0442\u0438\u043d, \u044f\u043a\u0456 \u043f\u0440\u0438\u0441\u0432\u044f\u0447\u0435\u043d\u0456 \u043a\u043e\u043c\u043f\u043b\u0435\u043a\u0441\u043d\u0456\u0439 \u043f\u0456\u0434\u0433\u043e\u0442\u043e\u0432\u0446\u0456 \u043a\u0430\u043d\u0434\u0438\u0434\u0430\u0442\u0456\u0432 \u0432 \u043e\u0431\u0441\u043b\u0443\u0433\u043e\u0432\u0443\u0432\u0430\u043d\u043d\u044f \u0435\u043b\u0435\u043a\u0442\u0440\u043e\u043f\u0456\u0434\u0439\u043e\u043c\u043d\u0438\u043a\u0456\u0432. \u0426\u0456 \u043a\u0443\u0440\u0441\u0438 \u0442\u0430\u043a\u043e\u0436 \u043c\u043e\u0436\u0443\u0442\u044c \u0432\u0438\u043a\u043e\u0440\u0438\u0441\u0442\u043e\u0432\u0443\u0432\u0430\u0442\u0438 \u043b\u044e\u0434\u0438, \u0432\u0456\u0434\u043f\u043e\u0432\u0456\u0434\u0430\u043b\u044c\u043d\u0456 \u0437\u0430 \u0435\u043a\u0441\u043f\u043b\u0443\u0430\u0442\u0430\u0446\u0456\u044e \u0442\u0430 \u0442\u0435\u0445\u043d\u0456\u0447\u043d\u0438\u0439 \u043d\u0430\u0433\u043b\u044f\u0434 \u0437\u0430 \u0446\u0438\u043c\u0438 \u043f\u0440\u0438\u0441\u0442\u0440\u043e\u044f\u043c\u0438.<\/p>\n<p>\u0417\u0430\u043d\u044f\u0442\u0442\u044f \u0441\u0442\u043e\u0441\u0443\u044e\u0442\u044c\u0441\u044f \u044f\u043a \u044e\u0440\u0438\u0434\u0438\u0447\u043d\u0438\u0445 \u043f\u0438\u0442\u0430\u043d\u044c, \u043f\u043e\u0432&#039;\u044f\u0437\u0430\u043d\u0438\u0445 \u0437 \u0435\u043a\u0441\u043f\u043b\u0443\u0430\u0442\u0430\u0446\u0456\u0454\u044e \u043e\u0431\u043b\u0430\u0434\u043d\u0430\u043d\u043d\u044f \u0442\u0430 \u0434\u043e\u0437\u0432\u043e\u043b\u0430\u043c\u0438, \u0442\u0430\u043a \u0456 \u0439\u043e\u0433\u043e \u0431\u0443\u0434\u0456\u0432\u043d\u0438\u0446\u0442\u0432\u043e\u043c \u0442\u0430 \u043e\u0431\u0441\u043b\u0443\u0433\u043e\u0432\u0443\u0432\u0430\u043d\u043d\u044f\u043c. \u0423\u0447\u0430\u0441\u043d\u0438\u043a\u0438 \u0442\u0430\u043a\u043e\u0436 \u0434\u0456\u0437\u043d\u0430\u044e\u0442\u044c\u0441\u044f \u0431\u0456\u043b\u044c\u0448\u0435 \u043f\u0440\u043e \u043f\u0440\u0430\u043a\u0442\u0438\u0447\u043d\u0456 \u0430\u0441\u043f\u0435\u043a\u0442\u0438 \u0440\u043e\u0431\u043e\u0442\u0438 \u043a\u043e\u043d\u0441\u0435\u0440\u0432\u0430\u0442\u043e\u0440\u0430.<\/p>\n<h2 class=\"naglowekh2\"><strong>\u041f\u0456\u0434 \u0447\u0430\u0441 \u0442\u0440\u0435\u043d\u0456\u043d\u0433\u0456\u0432 \u043e\u0431\u0433\u043e\u0432\u043e\u0440\u044e\u044e\u0442\u044c\u0441\u044f \u043d\u0430\u0441\u0442\u0443\u043f\u043d\u0456 \u0442\u0435\u043c\u0438: \u043d\u0430\u0441\u0442\u0443\u043f\u043d\u0456 \u0442\u0435\u043c\u0438:<\/strong><\/h2>\n<ul>\n<li>\u0434\u043e\u0437\u0432\u043e\u043b\u0438, \u043d\u0435\u043e\u0431\u0445\u0456\u0434\u043d\u0456 \u0434\u043b\u044f \u0440\u043e\u0431\u043e\u0442\u0438 \u0437 \u0435\u043b\u0435\u043a\u0442\u0440\u043e\u043f\u0456\u0434\u0439\u043e\u043c\u043d\u0438\u043a\u0430\u043c\u0438<\/li>\n<li>\u043e\u0441\u043d\u043e\u0432\u043d\u0456 \u043d\u043e\u0440\u043c\u0430\u0442\u0438\u0432\u043d\u043e-\u043f\u0440\u0430\u0432\u043e\u0432\u0456 \u0430\u043a\u0442\u0438 \u0449\u043e\u0434\u043e \u0442\u0435\u0445\u043d\u0456\u0447\u043d\u043e\u0433\u043e \u043d\u0430\u0433\u043b\u044f\u0434\u0443 \u0437\u0430 \u0435\u043b\u0435\u043a\u0442\u0440\u043e\u043b\u0456\u0444\u0442\u0430\u043c\u0438<\/li>\n<li>\u0432\u0438\u0434\u0438 \u0435\u043b\u0435\u043a\u0442\u0440\u043e\u043f\u0456\u0434\u0439\u043e\u043c\u043d\u0438\u043a\u0456\u0432 - \u043f\u043e\u0434\u0456\u043b \u0437\u0430 \u043f\u0440\u0438\u0437\u043d\u0430\u0447\u0435\u043d\u043d\u044f\u043c, \u043a\u0435\u0440\u0443\u0432\u0430\u043d\u043d\u044f\u043c, \u0442\u0438\u043f\u043e\u043c \u043f\u0440\u0438\u0432\u043e\u0434\u0443<\/li>\n<li>\u043e\u0441\u043d\u043e\u0432\u043d\u0456 \u0432\u0456\u0434\u043e\u043c\u043e\u0441\u0442\u0456 \u043f\u0440\u043e \u043a\u043e\u043d\u0441\u0442\u0440\u0443\u043a\u0446\u0456\u044e \u0435\u043b\u0435\u043a\u0442\u0440\u0438\u0447\u043d\u0438\u0445 \u043b\u0456\u0444\u0442\u0456\u0432<\/li>\n<li>\u0434\u0435\u0442\u0430\u043b\u044c\u043d\u0430 \u0456\u043d\u0444\u043e\u0440\u043c\u0430\u0446\u0456\u044f \u043f\u0440\u043e \u0432\u0443\u0437\u043b\u0438 \u0442\u0430 \u0430\u0433\u0440\u0435\u0433\u0430\u0442\u0438 \u0435\u043b\u0435\u043a\u0442\u0440\u043e\u043f\u0456\u0434\u0439\u043e\u043c\u043d\u0438\u043a\u0456\u0432 - \u0435\u043b\u0435\u043a\u0442\u0440\u0438\u0447\u043d\u0438\u0445, \u0435\u043b\u0435\u043a\u0442\u0440\u043e\u043d\u043d\u0438\u0445, \u0435\u043b\u0435\u043a\u0442\u0440\u043e\u043c\u0435\u0445\u0430\u043d\u0456\u0447\u043d\u0438\u0445<\/li>\n<li>\u0440\u043e\u0431\u043e\u0442\u0438 \u0437 \u0442\u0435\u0445\u043d\u0456\u0447\u043d\u043e\u0433\u043e \u043e\u0431\u0441\u043b\u0443\u0433\u043e\u0432\u0443\u0432\u0430\u043d\u043d\u044f \u043f\u0430\u0441\u0430\u0436\u0438\u0440\u0441\u044c\u043a\u0438\u0445, \u0432\u0430\u043d\u0442\u0430\u0436\u043d\u0438\u0445, \u0432\u0430\u043d\u0442\u0430\u0436\u043e\u043f\u0430\u0441\u0430\u0436\u0438\u0440\u0441\u044c\u043a\u0438\u0445 \u0456 \u043b\u0456\u043a\u0430\u0440\u043d\u044f\u043d\u0438\u0445 \u0435\u043b\u0435\u043a\u0442\u0440\u043e\u043b\u0456\u0444\u0442\u0456\u0432, \u0430 \u0442\u0430\u043a\u043e\u0436 \u0431\u0443\u0434\u0456\u0432\u0435\u043b\u044c\u043d\u0438\u0445 \u043b\u0456\u0444\u0442\u0456\u0432<\/li>\n<li>\u043d\u0430\u0439\u043f\u043e\u0448\u0438\u0440\u0435\u043d\u0456\u0448\u0456 \u043f\u043e\u043b\u043e\u043c\u043a\u0438 \u0442\u0430 \u0430\u0432\u0430\u0440\u0456\u0457, \u043f\u043e\u0432&#039;\u044f\u0437\u0430\u043d\u0456 \u0437 \u0440\u043e\u0431\u043e\u0442\u043e\u044e \u0435\u043b\u0435\u043a\u0442\u0440\u043e\u043f\u0456\u0434\u0439\u043e\u043c\u043d\u0438\u043a\u0456\u0432<\/li>\n<li>\u0417\u0434\u043e\u0440\u043e\u0432'\u044f, \u0431\u0435\u0437\u043f\u0435\u043a\u0430 \u0442\u0430 \u043e\u0445\u043e\u0440\u043e\u043d\u0430 \u043f\u0440\u0430\u0446\u0456 <a href=\"https:\/\/kursy-udt.pl\/ua\/szkolenia\/bhp-bezpieczenstwo-pracy\/pierwsza-pomoc-i-dzialania\/\">\u043f\u0435\u0440\u0448\u0430 \u043c\u0435\u0434\u0438\u0447\u043d\u0430 \u0434\u043e\u043f\u043e\u043c\u043e\u0433\u0430<\/a> \u043f\u0440\u0438 \u0440\u043e\u0431\u043e\u0442\u0456 \u0437 \u0435\u043b\u0435\u043a\u0442\u0440\u0438\u0447\u043d\u0438\u043c\u0438 \u043a\u0440\u0430\u043d\u0430\u043c\u0438<\/li>\n<\/ul>\n<p>\u0422\u0440\u0438\u0432\u0430\u043b\u0456\u0441\u0442\u044c \u043a\u0443\u0440\u0441\u0443 \u0441\u0442\u0430\u043d\u043e\u0432\u0438\u0442\u044c \u0432\u0456\u0434 48 \u0434\u043e 88 \u043d\u0430\u0432\u0447\u0430\u043b\u044c\u043d\u0438\u0445 \u0433\u043e\u0434\u0438\u043d.<\/p>\n<p>\u041f\u0440\u0438 \u043d\u0435\u043e\u0431\u0445\u0456\u0434\u043d\u043e\u0441\u0442\u0456 \u043c\u043e\u0436\u043b\u0438\u0432\u0435 \u043a\u043e\u0440\u0438\u0433\u0443\u0432\u0430\u043d\u043d\u044f \u0442\u0435\u043c\u0430\u0442\u0438\u043a\u0438 \u0437\u0430\u043d\u044f\u0442\u044c \u043f\u0456\u0434 \u0456\u043d\u0434\u0438\u0432\u0456\u0434\u0443\u0430\u043b\u044c\u043d\u0456 \u043f\u043e\u0442\u0440\u0435\u0431\u0438 \u043a\u043b\u0456\u0454\u043d\u0442\u0430.<\/p>\n<p><a href=\"https:\/\/kursy-udt.pl\/ua\/kontakt\/\">\u0429\u0438\u0440\u043e \u0437\u0430\u043f\u0440\u043e\u0448\u0443\u0454\u043c\u043e \u0412\u0430\u0441 \u0441\u043a\u043e\u0440\u0438\u0441\u0442\u0430\u0442\u0438\u0441\u044f \u043d\u0430\u0448\u043e\u044e \u043f\u0440\u043e\u043f\u043e\u0437\u0438\u0446\u0456\u0454\u044e<\/a> \u043d\u0430\u0432\u0447\u0430\u043d\u043d\u044f \u0432 <a href=\"https:\/\/kursy-udt.pl\/ua\/o-firmie\/\">\u0426\u0435\u043d\u0442\u0440 \u043f\u0456\u0434\u0433\u043e\u0442\u043e\u0432\u043a\u0438 \u043f\u0435\u0440\u0441\u043e\u043d\u0430\u043b\u0443 \u0415\u0420\u0413\u041e\u041d<\/a>!<\/p>\n<p><a href=\"https:\/\/kursy-udt.pl\/wp-content\/uploads\/2023\/01\/Konserwacja-dzwigow-elektrycznych-kursy-udt.pl_.png\"><img loading=\"lazy\" decoding=\"async\" class=\"aligncenter wp-image-4683\" src=\"https:\/\/kursy-udt.pl\/wp-content\/uploads\/2023\/01\/Konserwacja-dzwigow-elektrycznych-kursy-udt.pl_-300x188.png\" alt=\"\" width=\"750\" height=\"469\" srcset=\"https:\/\/kursy-udt.pl\/wp-content\/uploads\/2023\/01\/Konserwacja-dzwigow-elektrycznych-kursy-udt.pl_-300x188.png 300w, https:\/\/kursy-udt.pl\/wp-content\/uploads\/2023\/01\/Konserwacja-dzwigow-elektrycznych-kursy-udt.pl_-1024x640.png 1024w, https:\/\/kursy-udt.pl\/wp-content\/uploads\/2023\/01\/Konserwacja-dzwigow-elektrycznych-kursy-udt.pl_-768x480.png 768w, https:\/\/kursy-udt.pl\/wp-content\/uploads\/2023\/01\/Konserwacja-dzwigow-elektrycznych-kursy-udt.pl_-18x12.png 18w, https:\/\/kursy-udt.pl\/wp-content\/uploads\/2023\/01\/Konserwacja-dzwigow-elektrycznych-kursy-udt.pl_-624x390.png 624w, https:\/\/kursy-udt.pl\/wp-content\/uploads\/2023\/01\/Konserwacja-dzwigow-elektrycznych-kursy-udt.pl_.png 1200w\" sizes=\"auto, (max-width: 750px) 100vw, 750px\" \/><\/a><\/p>\n<div class=\"button_styl\" style=\"float: right; padding-left: 15px; padding-bottom: 8px; margin-bottom: 5px;\"><a class=\"myButton myButton_maly\" href=\"https:\/\/platformaedukacji.pl\/sklep\/\" target=\"_blank\" rel=\"nofollow noopener noreferrer\"><span style=\"color: white;\">\u0417\u0430\u043f\u0438\u0448\u0456\u0442\u044c\u0441\u044f \u043d\u0430 \u043d\u0430\u0432\u0447\u0430\u043d\u043d\u044f<\/span><\/a><\/div>","protected":false},"excerpt":{"rendered":"<p>Uzyskasz kwalifikacje: Uprawnienia UDT do konserwacji d\u017awig\u00f3w elektrycznych Zach\u0119camy do skorzystania z oferty szkoleniowej w ramach konserwacji d\u017awig\u00f3w elektrycznych w ODK ERGON! D\u017awigi elektryczne to urz\u0105dzenia u\u017cywane powszechnie w transporcie bliskim os\u00f3b oraz towar\u00f3w. D\u017awigi te dzielone s\u0105 na osobowe, towarowe oraz towarowo-osobowe i szpitalne i posiadaj\u0105 one szerokie zastosowanie w r\u00f3\u017cnych obiektach. Osoby zajmuj\u0105ce si\u0119 konserwacj\u0105 i eksploatacj\u0105 tego rodzaju urz\u0105dze\u0144 musz\u0105 posiada\u0107 okre\u015blone uprawnienia. Szkolenie w ramach konserwacji d\u017awig\u00f3w elektrycznych w O\u015brodku ERGON sk\u0142ada si\u0119 z cz\u0119\u015bci teoretycznej oraz praktycznej, kt\u00f3re po\u015bwi\u0119cone s\u0105 kompleksowemu przygotowaniu kandydat\u00f3w na konserwator\u00f3w d\u017awig\u00f3w elektrycznych. R\u00f3wnie\u017c z kurs\u00f3w tych mog\u0105 skorzysta\u0107 osoby zajmuj\u0105ce si\u0119 obs\u0142ug\u0105 i nadzorem technicznym tych urz\u0105dze\u0144. Zaj\u0119cia dotycz\u0105 zar\u00f3wno kwestii prawnych dotycz\u0105cych obs\u0142ugi sprz\u0119tu i uprawnie\u0144, jak r\u00f3wnie\u017c ich budowy oraz konserwacji. Uczestnicy dowiaduj\u0105 si\u0119 tak\u017ce wi\u0119cej o praktycznych aspektach pracy na stanowisku konserwatora. Podczas szkole\u0144 poruszane s\u0105 m.in. nast\u0119puj\u0105ce tematy: uprawnienia potrzebne do pracy z d\u017awigami elektrycznymi podstawowe akty prawne zwi\u0105zane z dozorem technicznym d\u017awig\u00f3w elektrycznych rodzaje d\u017awig\u00f3w elektrycznych \u2013 podzia\u0142 pod wzgl\u0119dem przeznaczenia, sterowania, typu nap\u0119du podstawowe informacje o budowie d\u017awig\u00f3w elektrycznych szczeg\u00f3\u0142owe informacje o elementach i zespo\u0142ach d\u017awig\u00f3w elektrycznych \u2013 elektrycznych, elektronicznych, elektromechanicznych prace konserwacyjne dla d\u017awig\u00f3w elektrycznych osobowych, towarowych, towarowo-osobowych i szpitalnych, a tak\u017ce d\u017awig\u00f3w budowlanych najcz\u0119stsze awarie i wypadki zwi\u0105zane z eksploatacj\u0105 d\u017awig\u00f3w elektrycznych BHP i pierwsza pomoc przy pracy z d\u017awigami elektrycznymi Czas kursu wynosi od 48 do 88 godzin dydaktycznych. W razie potrzeby istnieje mo\u017cliwo\u015b\u0107 dopasowania tematyki zaj\u0119\u0107 do indywidualnych potrzeb klienta. Zapraszamy serdecznie do skorzystania z naszej oferty szkoleniowej w O\u015brodku Doskonalenia Kadr ERGON! Zapisz si\u0119 [&hellip;]<\/p>\n","protected":false},"author":1,"featured_media":3036,"parent":3226,"menu_order":0,"comment_status":"closed","ping_status":"closed","template":"","meta":{"sfsi_plus_gutenberg_text_before_share":"","sfsi_plus_gutenberg_show_text_before_share":"","sfsi_plus_gutenberg_icon_type":"","sfsi_plus_gutenberg_icon_alignemt":"","sfsi_plus_gutenburg_max_per_row":"","footnotes":""},"class_list":["post-3038","page","type-page","status-publish","has-post-thumbnail","hentry","has_thumb"],"aioseo_notices":[],"_links":{"self":[{"href":"https:\/\/kursy-udt.pl\/ua\/wp-json\/wp\/v2\/pages\/3038","targetHints":{"allow":["GET"]}}],"collection":[{"href":"https:\/\/kursy-udt.pl\/ua\/wp-json\/wp\/v2\/pages"}],"about":[{"href":"https:\/\/kursy-udt.pl\/ua\/wp-json\/wp\/v2\/types\/page"}],"author":[{"embeddable":true,"href":"https:\/\/kursy-udt.pl\/ua\/wp-json\/wp\/v2\/users\/1"}],"replies":[{"embeddable":true,"href":"https:\/\/kursy-udt.pl\/ua\/wp-json\/wp\/v2\/comments?post=3038"}],"version-history":[{"count":5,"href":"https:\/\/kursy-udt.pl\/ua\/wp-json\/wp\/v2\/pages\/3038\/revisions"}],"predecessor-version":[{"id":4684,"href":"https:\/\/kursy-udt.pl\/ua\/wp-json\/wp\/v2\/pages\/3038\/revisions\/4684"}],"up":[{"embeddable":true,"href":"https:\/\/kursy-udt.pl\/ua\/wp-json\/wp\/v2\/pages\/3226"}],"wp:featuredmedia":[{"embeddable":true,"href":"https:\/\/kursy-udt.pl\/ua\/wp-json\/wp\/v2\/media\/3036"}],"wp:attachment":[{"href":"https:\/\/kursy-udt.pl\/ua\/wp-json\/wp\/v2\/media?parent=3038"}],"curies":[{"name":"wp","href":"https:\/\/api.w.org\/{rel}","templated":true}]}}