{"id":2653,"date":"2018-08-21T09:28:57","date_gmt":"2018-08-21T09:28:57","guid":{"rendered":"http:\/\/kursy-udt.pl\/?page_id=2653"},"modified":"2022-10-14T11:22:46","modified_gmt":"2022-10-14T11:22:46","slug":"%d0%be%d0%b3%d0%bb%d1%8f%d0%b4%d0%b8-%d0%bf%d1%80%d0%b8%d0%b7%d1%83%d0%bf%d0%b8%d0%bd%d0%b5%d0%bd%d0%bd%d1%8f-%d1%96-%d0%bf%d0%be%d1%82%d0%be%d1%87%d0%bd%d1%96-%d0%bf%d0%b5%d1%80%d0%b5%d0%b2%d1%96","status":"publish","type":"page","link":"https:\/\/kursy-udt.pl\/ua\/szkolenia\/kontrole-zawiesi\/","title":{"rendered":"\u041f\u0435\u0440\u0435\u0432\u0456\u0440\u043a\u0438 \u0441\u0442\u0440\u043e\u043f\u0456\u0432 \u0456 \u043f\u043e\u0442\u043e\u0447\u043d\u0438\u0439 \u043a\u043e\u043d\u0442\u0440\u043e\u043b\u044c \u0441\u0442\u0440\u043e\u043f\u0456\u0432 - \u0449\u043e \u0432\u0430\u0440\u0442\u043e \u0437\u043d\u0430\u0442\u0438?"},"content":{"rendered":"<h2 class=\"naglowekh2\"><strong>\u041f\u043e\u0442\u043e\u0447\u043d\u0438\u0439 \u043a\u043e\u043d\u0442\u0440\u043e\u043b\u044c \u0456 \u043f\u0435\u0440\u0456\u043e\u0434\u0438\u0447\u043d\u0456 \u043e\u0433\u043b\u044f\u0434\u0438 \u0441\u0442\u0440\u043e\u043f<\/strong><\/h2>\n<p>\u0421\u0442\u0440\u043e\u043f - \u0446\u0435 \u043e\u0431\u043b\u0430\u0434\u043d\u0430\u043d\u043d\u044f \u043a\u0440\u0430\u043d\u0430, \u0442\u0440\u0430\u043a\u0442\u043e\u0440\u0430 \u0430\u0431\u043e \u043a\u043e\u0437\u043b\u043e\u0432\u043e\u0433\u043e \u043a\u0440\u0430\u043d\u0430, \u043f\u0440\u0438\u0437\u043d\u0430\u0447\u0435\u043d\u0435 \u0434\u043b\u044f \u043f\u0456\u0434\u0432\u0456\u0448\u0443\u0432\u0430\u043d\u043d\u044f, \u043f\u0440\u0438\u0432&#039;\u044f\u0437\u043a\u0438 \u0430\u0431\u043e \u043f\u0456\u0434\u0442\u0440\u0438\u043c\u043a\u0438 \u0432\u0430\u043d\u0442\u0430\u0436\u0443. \u041d\u0430\u0439\u0447\u0430\u0441\u0442\u0456\u0448\u0435 \u0441\u0442\u0440\u043e\u043f \u043d\u0435 \u0454 \u0447\u0430\u0441\u0442\u0438\u043d\u043e\u044e \u043a\u0440\u0430\u043d\u0430, \u0430 \u0440\u043e\u0437\u043c\u0456\u0449\u0443\u0454\u0442\u044c\u0441\u044f \u043d\u0430 \u0433\u0430\u043a \u0431\u043b\u043e\u043a\u0443.<\/p>\n<h2 class=\"naglowekh2\"><strong>\u041c\u0438 \u0440\u043e\u0437\u0440\u0456\u0437\u043d\u044f\u0454\u043c\u043e \u0440\u0456\u0437\u043d\u0456 \u0432\u0438\u0434\u0438 \u0441\u043b\u0456\u043d\u0433\u0456\u0432, \u0441\u0435\u0440\u0435\u0434 \u044f\u043a\u0438\u0445:<\/strong><\/h2>\n<ul>\n<li><a href=\"https:\/\/kursy-udt.pl\/wp-content\/uploads\/2022\/10\/1-2.jpeg\"><img loading=\"lazy\" decoding=\"async\" class=\"alignright wp-image-4454\" src=\"https:\/\/kursy-udt.pl\/wp-content\/uploads\/2022\/10\/1-2-225x300.jpeg\" alt=\"\" width=\"300\" height=\"400\" srcset=\"https:\/\/kursy-udt.pl\/wp-content\/uploads\/2022\/10\/1-2-225x300.jpeg 225w, https:\/\/kursy-udt.pl\/wp-content\/uploads\/2022\/10\/1-2-768x1024.jpeg 768w, https:\/\/kursy-udt.pl\/wp-content\/uploads\/2022\/10\/1-2-1152x1536.jpeg 1152w, https:\/\/kursy-udt.pl\/wp-content\/uploads\/2022\/10\/1-2-9x12.jpeg 9w, https:\/\/kursy-udt.pl\/wp-content\/uploads\/2022\/10\/1-2-624x832.jpeg 624w, https:\/\/kursy-udt.pl\/wp-content\/uploads\/2022\/10\/1-2.jpeg 1200w\" sizes=\"auto, (max-width: 300px) 100vw, 300px\" \/><\/a>\u0431\u0435\u043d\u0437\u043e\u043f\u0438\u043b\u0430<\/li>\n<li>\u0456\u0437 \u0441\u0442\u0430\u043b\u0435\u0432\u0438\u0445 \u043a\u0430\u043d\u0430\u0442\u0456\u0432<\/li>\n<li>\u0437 \u0442\u0435\u043a\u0441\u0442\u0438\u043b\u044c\u043d\u0438\u0445 \u0456 \u0441\u0438\u043d\u0442\u0435\u0442\u0438\u0447\u043d\u0438\u0445 \u043f\u043e\u044f\u0441\u0456\u0432<\/li>\n<li>\u0437 \u0432\u043e\u043b\u043e\u043a\u043e\u043d \u0456 \u0441\u0438\u043d\u0442\u0435\u0442\u0438\u0447\u043d\u0438\u0445 \u043a\u0430\u043d\u0430\u0442\u0456\u0432<\/li>\n<li>\u0441\u0442\u0440\u043e\u043f\u0438 \u0441\u043f\u0435\u0446\u0456\u0430\u043b\u044c\u043d\u043e\u0433\u043e \u043f\u0440\u0438\u0437\u043d\u0430\u0447\u0435\u043d\u043d\u044f - \u0433\u0440\u0435\u0439\u0444\u0435\u0440\u043d\u043e-\u0433\u0430\u043a\u043e\u0432\u0456<\/li>\n<\/ul>\n<p>\u0420\u0435\u0433\u0443\u043b\u044f\u0440\u043d\u0435 \u0432\u0438\u043a\u043e\u0440\u0438\u0441\u0442\u0430\u043d\u043d\u044f \u043f\u0456\u0434\u0439\u043e\u043c\u043d\u0438\u0445 \u043c\u0435\u0445\u0430\u043d\u0456\u0437\u043c\u0456\u0432 \u0437\u0456 \u0441\u0442\u0440\u043e\u043f\u0430\u043c\u0438 \u043c\u0430\u0454 \u0432\u0430\u0436\u043b\u0438\u0432\u0435 \u0437\u043d\u0430\u0447\u0435\u043d\u043d\u044f \u0434\u043b\u044f \u0431\u0435\u0437\u043f\u0435\u0447\u043d\u043e\u0433\u043e \u0432\u0438\u043a\u043e\u0440\u0438\u0441\u0442\u0430\u043d\u043d\u044f <strong>\u043f\u0435\u0440\u0435\u0432\u0456\u0440\u043a\u0438 \u0441\u0442\u0440\u043e\u043f\u0456\u0432<\/strong>. \u0412\u0441\u0456\u043b\u044f\u043a\u0456 \u043f\u043e\u0448\u043a\u043e\u0434\u0436\u0435\u043d\u043d\u044f, \u0442\u0430\u043a\u0456 \u044f\u043a \u043f\u043e\u0440\u0456\u0437\u0438, \u0440\u043e\u0437\u0440\u0438\u0432\u0438, \u043a\u043e\u0440\u043e\u0437\u0456\u044f, \u0437\u0432\u0443\u0436\u0435\u043d\u043d\u044f \u0430\u0431\u043e \u043f\u043e\u0434\u043e\u0432\u0436\u0435\u043d\u043d\u044f \u0435\u043b\u0435\u043c\u0435\u043d\u0442\u0456\u0432 \u0441\u0442\u0440\u043e\u043f\u0430, \u0432\u0438\u0440\u0456\u0448\u0443\u044e\u0442\u044c \u043f\u0440\u043e \u0439\u043e\u0433\u043e \u0432\u0438\u043b\u0443\u0447\u0435\u043d\u043d\u044f \u0437 \u0435\u043a\u0441\u043f\u043b\u0443\u0430\u0442\u0430\u0446\u0456\u0457. \u042f\u043a \u0447\u0430\u0441\u0442\u043e \u0441\u043b\u0456\u0434 \u043f\u0440\u043e\u0432\u043e\u0434\u0438\u0442\u0438 <strong>\u0441\u043b\u0456\u043d\u0433\u043e\u0432\u0456 \u043f\u0435\u0440\u0435\u0432\u0456\u0440\u043a\u0438<\/strong> \u0456 \u0445\u0442\u043e \u0457\u0445 \u043c\u043e\u0436\u0435 \u0437\u0440\u043e\u0431\u0438\u0442\u0438?<\/p>\n<h2 class=\"naglowekh2\"><strong>\u041d\u0430 \u0441\u0442\u0440\u043e\u043f\u0430\u0445 \u043f\u0440\u043e\u0432\u043e\u0434\u044f\u0442\u044c\u0441\u044f \u0442\u0430\u043a\u0456 \u043f\u0435\u0440\u0435\u0432\u0456\u0440\u043a\u0438:<\/strong><\/h2>\n<ul>\n<li><strong>\u043f\u0435\u0440\u0432\u0438\u043d\u043d\u0438\u0439 \u043e\u0433\u043b\u044f\u0434 \u043f\u0435\u0440\u0435\u0434 \u043f\u0435\u0440\u0448\u0438\u043c \u0432\u0438\u043a\u043e\u0440\u0438\u0441\u0442\u0430\u043d\u043d\u044f\u043c \u043d\u043e\u0432\u043e\u0433\u043e \u043e\u0431\u043b\u0430\u0434\u043d\u0430\u043d\u043d\u044f<\/strong> - \u0432\u0438\u0437\u043d\u0430\u0447\u0438\u0442\u0438, \u0447\u0438 \u043f\u0456\u0434\u0433\u043e\u0442\u043e\u0432\u043b\u0435\u043d\u0438\u0439 \u0432\u0456\u043d \u0434\u043e \u0440\u043e\u0431\u043e\u0442\u0438<\/li>\n<li><strong>\u043f\u0435\u0440\u0435\u0432\u0456\u0440\u044f\u0442\u0438 \u043f\u0435\u0440\u0435\u0434 \u043a\u043e\u0436\u043d\u0438\u043c \u0432\u0438\u043a\u043e\u0440\u0438\u0441\u0442\u0430\u043d\u043d\u044f\u043c<\/strong> - \u0441\u043f\u0440\u044f\u043c\u043e\u0432\u0430\u043d\u0456 \u043d\u0430 \u043f\u0435\u0440\u0435\u0432\u0456\u0440\u043a\u0443 \u0442\u0435\u0445\u043d\u0456\u0447\u043d\u043e\u0433\u043e \u0441\u0442\u0430\u043d\u0443 \u043e\u0431\u043b\u0430\u0434\u043d\u0430\u043d\u043d\u044f \u043f\u0435\u0440\u0435\u0434 \u043f\u043e\u0447\u0430\u0442\u043a\u043e\u043c \u0440\u043e\u0431\u043e\u0442\u0438 \u0442\u0430 \u043f\u0456\u0434 \u0447\u0430\u0441 \u0440\u043e\u0431\u043e\u0442\u0438<\/li>\n<li><strong>\u043f\u0435\u0440\u0456\u043e\u0434\u0438\u0447\u043d\u0456 \u0434\u0435\u0442\u0430\u043b\u044c\u043d\u0456 \u043f\u0435\u0440\u0435\u0432\u0456\u0440\u043a\u0438 <\/strong>- \u043c\u0430\u0454 \u043f\u0440\u043e\u0432\u043e\u0434\u0438\u0442\u0438\u0441\u044f \u043d\u0435 \u0440\u0456\u0434\u0448\u0435 \u043e\u0434\u043d\u043e\u0433\u043e \u0440\u0430\u0437\u0443 \u043d\u0430 \u0440\u0456\u043a, \u0432\u043a\u043b\u044e\u0447\u0430\u0442\u0438 \u0434\u0435\u0442\u0430\u043b\u044c\u043d\u0438\u0439 \u0432\u0456\u0437\u0443\u0430\u043b\u044c\u043d\u0438\u0439 \u043e\u0433\u043b\u044f\u0434 \u0441\u0442\u0440\u043e\u043f\u0430 \u0437 \u0432\u0456\u0434\u043f\u043e\u0432\u0456\u0434\u043d\u0438\u043c\u0438 \u0432\u0438\u043c\u0456\u0440\u044e\u0432\u0430\u043d\u043d\u044f\u043c\u0438, \u0430 \u0442\u0430\u043a\u043e\u0436 \u0432\u0438\u043f\u0440\u043e\u0431\u0443\u0432\u0430\u043d\u043d\u044f \u043d\u0430 \u043d\u0430\u0432\u0430\u043d\u0442\u0430\u0436\u0435\u043d\u043d\u044f<\/li>\n<\/ul>\n<p><strong>\u0421\u043b\u0456\u043d\u0433 \u0443\u043f\u0440\u0430\u0432\u043b\u0456\u043d\u043d\u044f<\/strong> \u0437\u0434\u0456\u0439\u0441\u043d\u044e\u0454\u0442\u044c\u0441\u044f \u0432\u0456\u0434\u043f\u043e\u0432\u0456\u0434\u043d\u043e \u0434\u043e \u043d\u0430\u0441\u0442\u0443\u043f\u043d\u0438\u0445 \u0441\u0442\u0430\u043d\u0434\u0430\u0440\u0442\u0456\u0432: PN-EN 1492-1 + A1: 2008, PN-EN 13414-1 + A2: 2009, PN-91 \/ M-84701.<\/p>\n<h2 class=\"naglowekh2\"><strong>\u0425\u0442\u043e \u043c\u043e\u0436\u0435 \u043f\u0440\u043e\u0432\u043e\u0434\u0438\u0442\u0438 \u043f\u0435\u0440\u0435\u0432\u0456\u0440\u043a\u0438 \u0442\u0430 \u043e\u0433\u043b\u044f\u0434\u0438 \u0441\u0442\u0440\u043e\u043f?<\/strong><\/h2>\n<p>\u0411\u0443\u0434\u0435 \u0432\u0438\u043a\u043e\u043d\u0430\u043d\u043e <strong>\u0443\u043f\u0440\u0430\u0432\u043b\u0456\u043d\u043d\u044f \u0441\u0442\u0440\u043e\u043f\u043e\u044e<\/strong> \u043d\u0435\u043e\u0431\u0445\u0456\u0434\u043d\u043e \u043c\u0430\u0442\u0438 \u0432\u0456\u0434\u043f\u043e\u0432\u0456\u0434\u043d\u0443 \u043a\u0432\u0430\u043b\u0456\u0444\u0456\u043a\u0430\u0446\u0456\u044e, \u0430 \u0442\u0430\u043a\u043e\u0436 \u0442\u0435\u0445\u043d\u0456\u0447\u043d\u0456 \u0437\u043d\u0430\u043d\u043d\u044f \u0442\u0430 \u043d\u0430\u0432\u0438\u0447\u043a\u0438 \u0432 \u0446\u0456\u0439 \u0433\u0430\u043b\u0443\u0437\u0456. \u041f\u043e\u043b\u043e\u0436\u0435\u043d\u043d\u044f \u0432\u043a\u0430\u0437\u0443\u044e\u0442\u044c, \u0449\u043e \u0434\u0456\u044f\u043b\u044c\u043d\u0456\u0441\u0442\u044c \u043f\u043e\u0432\u0438\u043d\u043d\u0430 \u0437\u0434\u0456\u0439\u0441\u043d\u044e\u0432\u0430\u0442\u0438 \u00ab\u043a\u043e\u043c\u043f\u0435\u0442\u0435\u043d\u0442\u043d\u0430 \u043e\u0441\u043e\u0431\u0430\u00bb, \u044f\u043a\u0443 \u043c\u043e\u0436\u0435 \u0432\u043a\u0430\u0437\u0430\u0442\u0438 \u0440\u043e\u0431\u043e\u0442\u043e\u0434\u0430\u0432\u0435\u0446\u044c.<\/p>\n<p>\u041d\u0430\u0439\u0447\u0430\u0441\u0442\u0456\u0448\u0435 \u0434\u043b\u044f <strong>\u043f\u0435\u0440\u0435\u0432\u0456\u0440\u043a\u0438 \u0441\u0442\u0440\u043e\u043f\u0456\u0432<\/strong> \u0412\u0456\u0434\u043f\u043e\u0432\u0456\u0434\u0430\u043b\u044c\u043d\u043e\u044e \u0454 \u043f\u043e\u0432\u0456\u044f, \u044f\u043a\u0430 \u043c\u0430\u0454 \u043f\u0440\u0430\u0432\u043e <a href=\"https:\/\/kursy-udt.pl\/ua\/uprawnienia-udt\/kategorie-uprawnien-2\/\">\u043f\u0440\u0430\u0432\u0430<\/a> - \u0457\u0445 \u043c\u043e\u0436\u043d\u0430 \u043e\u0442\u0440\u0438\u043c\u0430\u0442\u0438 \u043d\u0430 \u043a\u0443\u0440\u0441\u0430\u0445, \u043e\u0440\u0433\u0430\u043d\u0456\u0437\u043e\u0432\u0430\u043d\u0438\u0445 <a href=\"https:\/\/kursy-udt.pl\/ua\/o-firmie\/\">\u0426\u0435\u043d\u0442\u0440 \u043f\u0456\u0434\u0433\u043e\u0442\u043e\u0432\u043a\u0438 \u043f\u0435\u0440\u0441\u043e\u043d\u0430\u043b\u0443 \u0415\u0420\u0413\u041e\u041d<\/a>.<\/p>\n<p>\u0417\u0434\u0456\u0439\u0441\u043d\u0435\u043d\u043e <strong>\u0441\u043b\u0456\u043d\u0433\u043e\u0432\u0456 \u043f\u0435\u0440\u0435\u0432\u0456\u0440\u043a\u0438<\/strong> \u0432\u0438\u043c\u0430\u0433\u0430\u0442\u0438 \u0432\u0456\u0434\u043f\u043e\u0432\u0456\u0434\u043d\u0443 \u0434\u043e\u043a\u0443\u043c\u0435\u043d\u0442\u0430\u0446\u0456\u044e - \u0442\u043e\u0434\u0456 \u0432\u0438\u0434\u0430\u0454\u0442\u044c\u0441\u044f \u0434\u043e\u043a\u0443\u043c\u0435\u043d\u0442, \u0449\u043e \u043f\u0456\u0434\u0442\u0432\u0435\u0440\u0434\u0436\u0443\u0454 \u0432\u0456\u0434\u0441\u0443\u0442\u043d\u0456\u0441\u0442\u044c \u043f\u043e\u0448\u043a\u043e\u0434\u0436\u0435\u043d\u044c \u043e\u0431\u043b\u0430\u0434\u043d\u0430\u043d\u043d\u044f. \u042f\u043a\u0449\u043e \u0441\u0442\u0440\u043e\u043f\u0430 \u043f\u043e\u0448\u043a\u043e\u0434\u0436\u0435\u043d\u0430, \u0457\u0457 \u0430\u0431\u043e \u0437\u0430\u043c\u0456\u043d\u044e\u044e\u0442\u044c \u043d\u0430 \u043d\u043e\u0432\u0443, \u0430\u0431\u043e \u0432\u0438\u0433\u043e\u0442\u043e\u0432\u043b\u044f\u044e\u0442\u044c <strong>\u0440\u0435\u0433\u0435\u043d\u0435\u0440\u0430\u0446\u0456\u044f \u0441\u043b\u0456\u043d\u0433\u0443<\/strong>\u0449\u043e\u0431 \u0432\u0456\u043d \u0437\u043d\u043e\u0432\u0443 \u043c\u0456\u0433 \u043d\u043e\u0440\u043c\u0430\u043b\u044c\u043d\u043e \u0444\u0443\u043d\u043a\u0446\u0456\u043e\u043d\u0443\u0432\u0430\u0442\u0438.<\/p>","protected":false},"excerpt":{"rendered":"<p>Bie\u017c\u0105ce kontrole i przegl\u0105dy okresowe zawiesi Zawiesiem nazywamy wyposa\u017cenie urz\u0105dzenia d\u017awigowego \u017curawia, ci\u0119gnika lub suwnicy, kt\u00f3rego celem jest zawieszanie, obwi\u0105zywanie albo podtrzymywanie \u0142adunku. Najcz\u0119\u015bciej zawiesie nie jest elementem d\u017awignicy, ale umieszczane jest na haku zblocza. Wyr\u00f3\u017cniamy r\u00f3\u017cnego rodzaju zawiesia, mi\u0119dzy innymi: \u0142a\u0144cuchowe z lin stalowych z pas\u00f3w w\u0142\u00f3kiennych i syntetycznych z lin w\u0142\u00f3kiennych i syntetycznych zawiesia specjalnego przeznaczenia \u2013 chwytowe i zaczepowe Aby korzystanie z urz\u0105dze\u0144 d\u017awignicowych z zawiesiami by\u0142o bezpieczne, konieczne s\u0105 regularne przegl\u0105dy zawiesi. Wszelkiego rodzaju uszkodzenia takie jak przeci\u0119cia, naderwania, korozja, przew\u0119\u017cenia czy wyd\u0142u\u017cenia element\u00f3w zawiesia decyduj\u0105 o jego wycofaniu z u\u017cycia. Jak cz\u0119sto nale\u017cy przeprowadza\u0107 kontrole zawiesi i kto mo\u017ce je wykonywa\u0107? Przeprowadza si\u0119 nast\u0119puj\u0105ce kontrole zawiesi: wst\u0119pna kontrola przed pierwszym u\u017cyciem nowego sprz\u0119tu \u2013 ma na celu okre\u015blenie, czy jest on przygotowany do pracy sprawdzenie przed ka\u017cdym u\u017cyciem \u2013 maj\u0105 na celu sprawdzenie stanu technicznego wyposa\u017cenia przed rozpocz\u0119ciem pracy oraz w trakcie pracy okresowe kontrole szczeg\u00f3\u0142owe \u2013 powinny by\u0107 wykonywane przynajmniej raz na rok, obejmuj\u0105 szczeg\u00f3\u0142owe ogl\u0119dziny zawiesia z wykonaniem odpowiednich pomiar\u00f3w, a tak\u017ce pr\u00f3by obci\u0105\u017ceniowe Kontrole zawiesi przeprowadza si\u0119 zgodnie z normami: PN-EN 1492-1+A1:2008, PN-EN 13414-1+A2:2009, PN-91\/M-84701. Kto mo\u017ce przeprowadza\u0107 kontrole i przegl\u0105dy zawiesi? Do przeprowadzenia kontroli zawiesia konieczne jest posiadanie odpowiednich uprawnie\u0144 oraz wiedza techniczna i umiej\u0119tno\u015bci w tym zakresie. Przepisy wskazuj\u0105, \u017ce czynno\u015b\u0107 powinna by\u0107 wykonana przez \u201ekompetentn\u0105 osob\u0119\u201d, kt\u00f3ra mo\u017ce by\u0107 wskazana przez pracodawc\u0119. Najcz\u0119\u015bciej za przegl\u0105dy zawiesi odpowiedzialny jest hakowy posiadaj\u0105cy w\u0142a\u015bciwe uprawnienia \u2013 mo\u017cna zdoby\u0107 je podczas kurs\u00f3w organizowanych przez O\u015brodek Doskonalenia Kadr ERGON. Przeprowadzone kontrole zawiesi wymagaj\u0105 odpowiedniej dokumentacji \u2013 wystawiany jest wtedy [&hellip;]<\/p>\n","protected":false},"author":1,"featured_media":4454,"parent":65,"menu_order":0,"comment_status":"closed","ping_status":"closed","template":"","meta":{"sfsi_plus_gutenberg_text_before_share":"","sfsi_plus_gutenberg_show_text_before_share":"","sfsi_plus_gutenberg_icon_type":"","sfsi_plus_gutenberg_icon_alignemt":"","sfsi_plus_gutenburg_max_per_row":"","footnotes":""},"class_list":["post-2653","page","type-page","status-publish","has-post-thumbnail","hentry","has_thumb"],"aioseo_notices":[],"_links":{"self":[{"href":"https:\/\/kursy-udt.pl\/ua\/wp-json\/wp\/v2\/pages\/2653","targetHints":{"allow":["GET"]}}],"collection":[{"href":"https:\/\/kursy-udt.pl\/ua\/wp-json\/wp\/v2\/pages"}],"about":[{"href":"https:\/\/kursy-udt.pl\/ua\/wp-json\/wp\/v2\/types\/page"}],"author":[{"embeddable":true,"href":"https:\/\/kursy-udt.pl\/ua\/wp-json\/wp\/v2\/users\/1"}],"replies":[{"embeddable":true,"href":"https:\/\/kursy-udt.pl\/ua\/wp-json\/wp\/v2\/comments?post=2653"}],"version-history":[{"count":5,"href":"https:\/\/kursy-udt.pl\/ua\/wp-json\/wp\/v2\/pages\/2653\/revisions"}],"predecessor-version":[{"id":4456,"href":"https:\/\/kursy-udt.pl\/ua\/wp-json\/wp\/v2\/pages\/2653\/revisions\/4456"}],"up":[{"embeddable":true,"href":"https:\/\/kursy-udt.pl\/ua\/wp-json\/wp\/v2\/pages\/65"}],"wp:featuredmedia":[{"embeddable":true,"href":"https:\/\/kursy-udt.pl\/ua\/wp-json\/wp\/v2\/media\/4454"}],"wp:attachment":[{"href":"https:\/\/kursy-udt.pl\/ua\/wp-json\/wp\/v2\/media?parent=2653"}],"curies":[{"name":"wp","href":"https:\/\/api.w.org\/{rel}","templated":true}]}}