{"id":2650,"date":"2018-08-21T09:18:23","date_gmt":"2018-08-21T09:18:23","guid":{"rendered":"http:\/\/kursy-udt.pl\/?page_id=2650"},"modified":"2021-07-05T23:51:02","modified_gmt":"2021-07-05T23:51:02","slug":"lifting-personal-permits-forklift-necessary-udt-permits","status":"publish","type":"page","link":"https:\/\/kursy-udt.pl\/ua\/uprawnienia-udt\/zniesienie-zezwolen-imiennych-na-wozki-widlowe-konieczne-uprawnienia-udt\/","title":{"rendered":"\u0412\u0438\u043b\u0443\u0447\u0435\u043d\u043d\u044f \u043e\u0441\u043e\u0431\u0438\u0441\u0442\u0438\u0445 \u0434\u043e\u0437\u0432\u043e\u043b\u0456\u0432 \u0434\u043b\u044f \u043d\u0430\u0432\u0430\u043d\u0442\u0430\u0436\u0443\u0432\u0430\u0447\u0456\u0432 - \u043d\u0435\u043e\u0431\u0445\u0456\u0434\u043d\u0430 \u043a\u0432\u0430\u043b\u0456\u0444\u0456\u043a\u0430\u0446\u0456\u044f UDT"},"content":{"rendered":"<p>\u041f\u043e\u043b\u043e\u0436\u0435\u043d\u043d\u044f\u043c, \u044f\u043a\u0435 \u043d\u0430\u0431\u0443\u043b\u043e \u0447\u0438\u043d\u043d\u043e\u0441\u0442\u0456 \u0437 9 \u0441\u0456\u0447\u043d\u044f 2018 \u0440\u043e\u043a\u0443, \u0441\u043a\u0430\u0441\u043e\u0432\u0430\u043d\u043e \u043f\u0435\u0440\u0441\u043e\u043d\u0430\u043b\u044c\u043d\u0456 \u0434\u043e\u043f\u0443\u0441\u043a\u0438 \u0434\u043b\u044f \u043d\u0430\u0432\u0430\u043d\u0442\u0430\u0436\u0443\u0432\u0430\u0447\u0456\u0432 \u2013 \u0442\u0438\u0445 \u043f\u0440\u0430\u0446\u0456\u0432\u043d\u0438\u043a\u0456\u0432, \u044f\u043a\u0456 \u0449\u0435 \u043d\u0435 \u043e\u0442\u0440\u0438\u043c\u0430\u043b\u0438 \u0432\u0456\u0434\u043f\u043e\u0432\u0456\u0434\u043d\u0456 <a href=\"https:\/\/kursy-udt.pl\/ua\/uprawnienia-udt\/kategorie-uprawnien-2\/\">\u041a\u0432\u0430\u043b\u0456\u0444\u0456\u043a\u0430\u0446\u0456\u044f UDT<\/a> \u0434\u043b\u044f \u043d\u0430\u0432\u0430\u043d\u0442\u0430\u0436\u0443\u0432\u0430\u0447\u0456\u0432 \u0457\u043c \u0434\u043e\u0432\u0435\u0434\u0435\u0442\u044c\u0441\u044f \u0437\u0430\u0432\u0435\u0440\u0448\u0438\u0442\u0438 \u0441\u0432\u043e\u044e \u043a\u0432\u0430\u043b\u0456\u0444\u0456\u043a\u0430\u0446\u0456\u044e.<\/p>\n<h2 class=\"naglowekh2\"><strong>\u041d\u0435\u043e\u0431\u0445\u0456\u0434\u043d\u0438\u0439 \u0456\u0441\u043f\u0438\u0442 UDT \u0434\u043b\u044f \u043d\u0430\u0432\u0430\u043d\u0442\u0430\u0436\u0443\u0432\u0430\u0447\u0456\u0432<\/strong><\/h2>\n<p>\u041d\u043e\u0432\u0435 \u0440\u043e\u0437\u043f\u043e\u0440\u044f\u0434\u0436\u0435\u043d\u043d\u044f \u041c\u0456\u043d\u0456\u0441\u0442\u0440\u0430 \u0440\u043e\u0437\u0432\u0438\u0442\u043a\u0443 \u0442\u0430 \u0444\u0456\u043d\u0430\u043d\u0441\u0456\u0432 \u043f\u0440\u043e \u0431\u0435\u0437\u043f\u0435\u043a\u0443 \u0442\u0430 \u0433\u0456\u0433\u0456\u0454\u043d\u0443 \u043f\u0440\u0430\u0446\u0456 \u043f\u0440\u0438 \u0432\u0438\u043a\u043e\u0440\u0438\u0441\u0442\u0430\u043d\u043d\u0456 \u043d\u0430\u0432\u0430\u043d\u0442\u0430\u0436\u0443\u0432\u0430\u0447\u0456\u0432 \u0437 \u0435\u043b\u0435\u043a\u0442\u0440\u0438\u0447\u043d\u0438\u043c \u043f\u0440\u0438\u0432\u043e\u0434\u043e\u043c \u0432\u043d\u043e\u0441\u0438\u0442\u044c \u0437\u043c\u0456\u043d\u0438 \u0434\u043e \u0432\u0438\u043c\u043e\u0433 <a href=\"https:\/\/kursy-udt.pl\/ua\/szkolenia\/bhp-bezpieczenstwo-pracy\/prawna-ochrona-pracy\/\">\u0417\u0434\u043e\u0440\u043e\u0432&#039;\u044f \u0456 \u0431\u0435\u0437\u043f\u0435\u043a\u0430<\/a> \u043f\u0440\u0438 \u0432\u0438\u043a\u043e\u0440\u0438\u0441\u0442\u0430\u043d\u043d\u0456 \u043d\u0430\u0432\u0430\u043d\u0442\u0430\u0436\u0443\u0432\u0430\u0447\u0456\u0432 \u0437 \u0434\u0432\u0438\u0433\u0443\u043d\u043e\u043c \u0432\u043d\u0443\u0442\u0440\u0456\u0448\u043d\u044c\u043e\u0433\u043e \u0437\u0433\u043e\u0440\u044f\u043d\u043d\u044f, \u0435\u043b\u0435\u043a\u0442\u0440\u0438\u0447\u043d\u0438\u0445 \u0442\u0430 \u0434\u0438\u0437\u0435\u043b\u044c-\u0435\u043b\u0435\u043a\u0442\u0440\u0438\u0447\u043d\u0438\u0445 \u043d\u0430\u0432\u0430\u043d\u0442\u0430\u0436\u0443\u0432\u0430\u0447\u0456\u0432, \u0449\u043e \u0432\u0438\u043a\u043e\u0440\u0438\u0441\u0442\u043e\u0432\u0443\u044e\u0442\u044c\u0441\u044f \u0434\u043b\u044f \u0432\u043d\u0443\u0442\u0440\u0456\u0448\u043d\u0456\u0445 \u043f\u0435\u0440\u0435\u0432\u0435\u0437\u0435\u043d\u044c.<\/p>\n<p>\u0417 \u043c\u043e\u043c\u0435\u043d\u0442\u0443 \u043d\u0430\u0431\u0440\u0430\u043d\u043d\u044f \u0447\u0438\u043d\u043d\u043e\u0441\u0442\u0456 \u043d\u043e\u0432\u0438\u043c\u0438 \u043f\u043e\u043b\u043e\u0436\u0435\u043d\u043d\u044f\u043c\u0438 \u0442\u0456, \u0445\u0442\u043e \u0440\u043e\u0431\u0438\u0432 <a href=\"https:\/\/kursy-udt.pl\/ua\/szkolenia\/wozkiwidlowe\/\">\u043a\u0443\u0440\u0441 \u043d\u0430\u0432\u0430\u043d\u0442\u0430\u0436\u0443\u0432\u0430\u0447\u0430<\/a> \u0456 \u043f\u0456\u0441\u043b\u044f \u0439\u043e\u0433\u043e \u0437\u0430\u0432\u0435\u0440\u0448\u0435\u043d\u043d\u044f \u0432\u043e\u043d\u0438 \u043e\u0442\u0440\u0438\u043c\u0430\u043b\u0438 \u0441\u0435\u0440\u0442\u0438\u0444\u0456\u043a\u0430\u0442 \u0437\u0430 \u0444\u043e\u0440\u043c\u043e\u044e \u041c\u0456\u043d\u0456\u0441\u0442\u0435\u0440\u0441\u0442\u0432\u0430 \u043d\u0430\u0446\u0456\u043e\u043d\u0430\u043b\u044c\u043d\u043e\u0457 \u043e\u0441\u0432\u0456\u0442\u0438 \u0430\u0431\u043e \u0456\u043d\u0448\u0438\u0439, \u0430 \u0442\u0430\u043a\u043e\u0436 \u043f\u043b\u0430\u0441\u0442\u0438\u043a\u043e\u0432\u0438\u0439 \u0456\u0434\u0435\u043d\u0442\u0438\u0444\u0456\u043a\u0430\u0442\u043e\u0440 \u0442\u0440\u0435\u043d\u0456\u043d\u0433\u043e\u0432\u043e\u0457 \u043a\u043e\u043c\u043f\u0430\u043d\u0456\u0457, \u044f\u043a\u0438\u0439 \u043d\u0435 \u0454 \u0456\u0434\u0435\u043d\u0442\u0438\u0444\u0456\u043a\u0430\u0442\u043e\u0440\u043e\u043c, \u0432\u0438\u0434\u0430\u043d\u0438\u043c UDT, \u043d\u0435\u043e\u0431\u0445\u0456\u0434\u043d\u0456 \u0434\u043b\u044f \u0437\u0430\u0432\u0435\u0440\u0448\u0435\u043d\u043d\u044f \u0457\u0445\u043d\u044c\u043e\u0457 \u043a\u0432\u0430\u043b\u0456\u0444\u0456\u043a\u0430\u0446\u0456\u0457. \u0407\u043c \u043d\u0435 \u043e\u0431\u043e\u0432\u2019\u044f\u0437\u043a\u043e\u0432\u043e \u0446\u0435 \u0440\u043e\u0431\u0438\u0442\u0438 \u0432\u0456\u0434\u0440\u0430\u0437\u0443 \u2013 \u0443 \u043d\u0438\u0445 \u0454 \u0431\u0456\u043b\u044c\u0448\u0435 \u0447\u0430\u0441\u0443 \u0434\u043b\u044f \u0446\u044c\u043e\u0433\u043e.<\/p>\n<h3 class=\"naglowekh3\"><strong>\u0414\u043e \u044f\u043a\u043e\u0433\u043e \u0442\u0435\u0440\u043c\u0456\u043d\u0443 \u0441\u043b\u0456\u0434 \u043e\u0442\u0440\u0438\u043c\u0430\u0442\u0438 \u043a\u0432\u0430\u043b\u0456\u0444\u0456\u043a\u0430\u0446\u0456\u044e UDT?<\/strong><\/h3>\n<p>\u0414\u0430\u0442\u0430, \u043a\u043e\u043b\u0438 \u043d\u0435\u043e\u0431\u0445\u0456\u0434\u043d\u043e \u043e\u0431\u043c\u0456\u043d\u044f\u0442\u0438 \u0437\u0430\u0440\u0435\u0454\u0441\u0442\u0440\u043e\u0432\u0430\u043d\u0456 \u043f\u043e\u0441\u0432\u0456\u0434\u0447\u0435\u043d\u043d\u044f \u043d\u0430\u0432\u0430\u043d\u0442\u0430\u0436\u0443\u0432\u0430\u0447\u0430 \u043d\u0430 \u043f\u043e\u0441\u0432\u0456\u0434\u0447\u0435\u043d\u043d\u044f UDT, \u0437\u0430\u043b\u0435\u0436\u0438\u0442\u044c \u0432\u0456\u0434 \u0434\u0430\u0442\u0438, \u043a\u043e\u043b\u0438 \u0431\u0443\u043b\u043e \u043e\u0442\u0440\u0438\u043c\u0430\u043d\u043e \u043f\u043e\u0441\u0432\u0456\u0434\u0447\u0435\u043d\u043d\u044f. \u0422\u0456, \u0445\u0442\u043e \u043f\u0440\u043e\u0439\u0448\u043e\u0432 \u043d\u0430\u0432\u0447\u0430\u043d\u043d\u044f \u0437 \u043a\u0435\u0440\u0443\u0432\u0430\u043d\u043d\u044f \u043d\u0430\u0432\u0430\u043d\u0442\u0430\u0436\u0443\u0432\u0430\u0447\u0435\u043c:<\/p>\n<ul>\n<li>\u0434\u043e 31 \u0433\u0440\u0443\u0434\u043d\u044f 2004 \u0440. \u043d\u0430\u0434\u0431\u0430\u0432\u043a\u0438 \u0431\u0443\u0434\u0443\u0442\u044c \u0434\u0456\u044f\u0442\u0438 \u0434\u043e 31 \u0433\u0440\u0443\u0434\u043d\u044f 2019 \u0440.<\/li>\n<li>\u0434\u043e 31 \u0433\u0440\u0443\u0434\u043d\u044f 2014 \u0440\u043e\u043a\u0443, \u043d\u0430\u0434\u0431\u0430\u0432\u043a\u0438 \u0431\u0443\u0434\u0443\u0442\u044c \u0434\u0456\u044f\u0442\u0438 \u0434\u043e 31 \u0433\u0440\u0443\u0434\u043d\u044f 2020 \u0440\u043e\u043a\u0443<\/li>\n<li>\u0437 1 \u0441\u0456\u0447\u043d\u044f 2015 \u0440\u043e\u043a\u0443 \u043d\u0430\u0434\u0431\u0430\u0432\u043a\u0438 \u0431\u0443\u0434\u0443\u0442\u044c \u0434\u0456\u044f\u0442\u0438 \u0434\u043e 31 \u0433\u0440\u0443\u0434\u043d\u044f 2021 \u0440\u043e\u043a\u0443.<\/li>\n<\/ul>\n<p>\u041a\u043e\u043c\u043f\u0430\u043d\u0456\u0457, \u044f\u043a\u0456 \u0437\u0430\u0439\u043c\u0430\u044e\u0442\u044c\u0441\u044f \u043d\u0430\u0432\u0447\u0430\u043d\u043d\u044f\u043c \u043d\u0430\u0432\u0430\u043d\u0442\u0430\u0436\u0443\u0432\u0430\u0447\u0456\u0432, \u0437 9 \u0441\u0456\u0447\u043d\u044f 2018 \u0440\u043e\u043a\u0443 \u0449\u0435 \u043c\u043e\u0436\u0443\u0442\u044c \u0432\u0438\u0434\u0430\u0432\u0430\u0442\u0438 \u043f\u0435\u0440\u0441\u043e\u043d\u0430\u043b\u044c\u043d\u0456 \u0434\u043e\u0437\u0432\u043e\u043b\u0438 \u043d\u0430 7 \u043c\u0456\u0441\u044f\u0446\u0456\u0432, \u0442\u043e\u0436 \u043f\u0456\u0441\u043b\u044f \u0457\u0445 \u043e\u0442\u0440\u0438\u043c\u0430\u043d\u043d\u044f \u0432\u043e\u043d\u0438 \u0431\u0443\u0434\u0443\u0442\u044c \u0434\u0456\u0439\u0441\u043d\u0456 3 \u0440\u043e\u043a\u0438.<\/p>\n<p>\u0422\u0438\u043c \u043d\u0435 \u043c\u0435\u043d\u0448, \u043d\u0430\u0439\u043a\u0440\u0430\u0449\u0435 \u0437\u0430\u0440\u0430\u0437 \u043f\u0440\u0438\u0439\u043d\u044f\u0442\u0438 \u0440\u0456\u0448\u0435\u043d\u043d\u044f \u043f\u0440\u043e \u043d\u0430\u0432\u0447\u0430\u043d\u043d\u044f UDT \u0434\u043b\u044f \u043d\u0430\u0432\u0430\u043d\u0442\u0430\u0436\u0443\u0432\u0430\u0447\u0456\u0432. \u0412\u043e\u043d\u0438 \u0434\u043e\u0437\u0432\u043e\u043b\u044f\u044e\u0442\u044c \u043e\u0442\u0440\u0438\u043c\u0430\u0442\u0438 \u0431\u0435\u0437\u0441\u0442\u0440\u043e\u043a\u043e\u0432\u0456 \u0434\u043e\u0437\u0432\u043e\u043b\u0438, \u043d\u0430\u0434\u0430\u043d\u0456 \u0423\u043f\u0440\u0430\u0432\u043b\u0456\u043d\u043d\u044f\u043c \u0442\u0435\u0445\u043d\u0456\u0447\u043d\u043e\u0457 \u0456\u043d\u0441\u043f\u0435\u043a\u0446\u0456\u0457, \u0456 \u043d\u0435 \u0432\u0438\u043c\u0430\u0433\u0430\u0442\u0438\u043c\u0443\u0442\u044c \u0434\u043e\u0434\u0430\u0442\u043a\u043e\u0432\u043e\u0433\u043e \u043e\u043d\u043e\u0432\u043b\u0435\u043d\u043d\u044f.<\/p>\n<h3 class=\"naglowekh3\"><strong>\u0404\u0432\u0440\u043e\u043f\u0435\u0439\u0441\u044c\u043a\u0456 \u0441\u0435\u0440\u0442\u0438\u0444\u0456\u043a\u0430\u0442\u0438 \u2013 \u044f\u043a \u0449\u043e\u0434\u043e \u043b\u0456\u0446\u0435\u043d\u0437\u0456\u0439 \u043d\u0430 \u043d\u0430\u0432\u0430\u043d\u0442\u0430\u0436\u0443\u0432\u0430\u0447\u0456 \u0432 \u0404\u0432\u0440\u043e\u043f\u0435\u0439\u0441\u044c\u043a\u043e\u043c\u0443 \u0421\u043e\u044e\u0437\u0456?<\/strong><\/h3>\n<p>\u0412\u0456\u0434\u043f\u043e\u0432\u0456\u0434\u043d\u043e \u0434\u043e \u0414\u0438\u0440\u0435\u043a\u0442\u0438\u0432\u0438 2005\/36 \/ \u0404\u0421 \u0404\u0432\u0440\u043e\u043f\u0435\u0439\u0441\u044c\u043a\u043e\u0433\u043e \u041f\u0430\u0440\u043b\u0430\u043c\u0435\u043d\u0442\u0443 \u0442\u0430 \u0420\u0430\u0434\u0438 \u0432\u0456\u0434 7 \u0432\u0435\u0440\u0435\u0441\u043d\u044f 2005 \u0440. \u043f\u0440\u043e \u0432\u0438\u0437\u043d\u0430\u043d\u043d\u044f \u043f\u0440\u043e\u0444\u0435\u0441\u0456\u0439\u043d\u0438\u0445 \u043a\u0432\u0430\u043b\u0456\u0444\u0456\u043a\u0430\u0446\u0456\u0439 (\u0417\u0430\u043a\u043e\u043d\u043e\u0434\u0430\u0432\u0447\u0438\u0439 \u0432\u0456\u0441\u043d\u0438\u043a UE L 255 \u0432\u0456\u0434 30 \u0432\u0435\u0440\u0435\u0441\u043d\u044f 2005 \u0440., \u0441\u0442\u043e\u0440. 22, \u0437\u0456 \u0437\u043c\u0456\u043d\u0430\u043c\u0438), \u043a\u0440\u0430\u0457\u043d\u0438, \u044f\u043a\u0456 \u043d\u0430\u043b\u0435\u0436\u0430\u0442\u044c \u0434\u043e \u0421\u043e\u044e\u0437\u0443, \u043c\u0430\u044e\u0442\u044c \u043f\u0440\u0430\u0432\u043e \u0432\u0438\u0437\u043d\u0430\u0432\u0430\u0442\u0438 \u0441\u0435\u0440\u0442\u0438\u0444\u0456\u043a\u0430\u0442\u0438 \u0442\u0430 \u043a\u0432\u0430\u043b\u0456\u0444\u0456\u043a\u0430\u0446\u0456\u0457, \u043e\u0442\u0440\u0438\u043c\u0430\u043d\u0456 \u043e\u0441\u043e\u0431\u0430\u043c\u0438 \u0432 \u0456\u043d\u0448\u0438\u0445 \u043a\u0440\u0430\u0457\u043d\u0430\u0445.<\/p>\n<p>\u041d\u0430\u0440\u0430\u0437\u0456 \u0441\u0430\u043c\u0435 UDT ID \u0431\u0443\u0434\u0435 \u0434\u043e\u043a\u0443\u043c\u0435\u043d\u0442\u043e\u043c, \u044f\u043a\u0438\u0439 \u0434\u043e\u0437\u0432\u043e\u043b\u0438\u0442\u044c \u043f\u0456\u0434\u0442\u0432\u0435\u0440\u0434\u0438\u0442\u0438 \u0432\u0456\u0434\u043f\u043e\u0432\u0456\u0434\u043d\u0456 \u043f\u043e\u0432\u043d\u043e\u0432\u0430\u0436\u0435\u043d\u043d\u044f. \u041a\u0440\u0456\u043c \u0446\u044c\u043e\u0433\u043e, \u0432\u0430\u0440\u0442\u043e \u0442\u0430\u043a\u043e\u0436 \u043e\u0442\u0440\u0438\u043c\u0430\u0442\u0438 \u0441\u0435\u0440\u0442\u0438\u0444\u0456\u043a\u0430\u0442 \u0437 \u043f\u0440\u043e\u0433\u0440\u0430\u043c\u043e\u044e \u043d\u0430\u0432\u0447\u0430\u043d\u043d\u044f \u0430\u043d\u0433\u043b\u0456\u0439\u0441\u044c\u043a\u043e\u044e \u043c\u043e\u0432\u043e\u044e. \u0422\u0430\u043a\u043e\u0436 \u0454 \u043c\u043e\u0436\u043b\u0438\u0432\u0456\u0441\u0442\u044c \u043e\u0442\u0440\u0438\u043c\u0430\u0442\u0438 \u0441\u0435\u0440\u0442\u0438\u0444\u0456\u043a\u0430\u0442 \u0430\u043d\u0433\u043b\u0456\u0439\u0441\u044c\u043a\u043e\u044e \u043c\u043e\u0432\u043e\u044e, \u0432\u0438\u0434\u0430\u043d\u0438\u0439 \u0423\u043f\u0440\u0430\u0432\u043b\u0456\u043d\u043d\u044f\u043c \u0442\u0435\u0445\u043d\u0456\u0447\u043d\u043e\u0457 \u0456\u043d\u0441\u043f\u0435\u043a\u0446\u0456\u0457.<\/p>\n<p>\u041e\u0434\u043d\u0430\u043a \u043f\u0435\u0440\u0435\u0434 \u043f\u043e\u0457\u0437\u0434\u043a\u043e\u044e \u043d\u0430 \u0440\u043e\u0431\u043e\u0442\u0443 \u0437\u0430 \u043a\u043e\u0440\u0434\u043e\u043d \u0437\u0430\u0432\u0436\u0434\u0438 \u0432\u0430\u0440\u0442\u043e \u0434\u0456\u0437\u043d\u0430\u0442\u0438\u0441\u044f, \u0447\u0438 \u0431\u0443\u0434\u0435 \u0432\u0430\u0448\u0430 \u043a\u0432\u0430\u043b\u0456\u0444\u0456\u043a\u0430\u0446\u0456\u044f \u0434\u043e\u0441\u0442\u0430\u0442\u043d\u044c\u043e\u044e. \u041e\u0442\u0440\u0438\u043c\u0430\u0442\u0438 \u0457\u0445 \u043c\u043e\u0436\u043d\u0430 \u0443 \u0430\u0433\u0435\u043d\u0442\u0430 \u0437 \u043f\u0440\u0430\u0446\u0435\u0432\u043b\u0430\u0448\u0442\u0443\u0432\u0430\u043d\u043d\u044f \u0430\u0431\u043e \u0440\u043e\u0431\u043e\u0442\u043e\u0434\u0430\u0432\u0446\u044f.<\/p>\n<p>\u042f\u043a\u0449\u043e \u043d\u0430\u0448\u0456 \u043a\u0432\u0430\u043b\u0456\u0444\u0456\u043a\u0430\u0446\u0456\u0457 \u043d\u0435 \u0432\u0438\u0437\u043d\u0430\u044e\u0442\u044c\u0441\u044f, \u043c\u043e\u0436\u0435 \u0437\u043d\u0430\u0434\u043e\u0431\u0438\u0442\u0438\u0441\u044f \u043f\u0440\u043e\u0439\u0442\u0438 \u0449\u0435 \u043e\u0434\u0438\u043d \u043a\u0443\u0440\u0441 \u0432 \u0441\u0435\u0440\u0442\u0438\u0444\u0456\u043a\u0430\u0446\u0456\u0439\u043d\u043e\u043c\u0443 \u043e\u0440\u0433\u0430\u043d\u0456 \u043f\u0435\u0432\u043d\u043e\u0457 \u043a\u0440\u0430\u0457\u043d\u0438 \u0430\u0431\u043e \u0432\u0437\u044f\u0442\u0438 \u0443\u0447\u0430\u0441\u0442\u044c \u0443 \u0434\u043e\u0434\u0430\u0442\u043a\u043e\u0432\u043e\u043c\u0443 \u043a\u0443\u0440\u0441\u0456 \u043d\u0430\u0432\u0447\u0430\u043d\u043d\u044f, \u044f\u043a\u0449\u043e \u043f\u043e\u043b\u044c\u0441\u044c\u043a\u0435 \u043d\u0430\u0432\u0447\u0430\u043d\u043d\u044f \u043d\u0435 \u043e\u0445\u043e\u043f\u043b\u044e\u0454 \u0432\u0441\u0456\u0445 \u043f\u0438\u0442\u0430\u043d\u044c, \u044f\u043a\u0456 \u043f\u0456\u0434\u043d\u0456\u043c\u0430\u043b\u0438\u0441\u044f \u043f\u0456\u0434 \u0447\u0430\u0441 \u0437\u0430\u043d\u044f\u0442\u044c \u0443 \u0434\u0430\u043d\u043e\u0457 \u043a\u0440\u0430\u0457\u043d\u0438.<\/p>","protected":false},"excerpt":{"rendered":"<p>Obowi\u0105zuj\u0105ce od 9 stycznia 2018 roku Rozporz\u0105dzenie znios\u0142o imienne zezwolenia na w\u00f3zki wid\u0142owe \u2013 ci pracownicy, kt\u00f3rzy dotychczas nie uzyskali odpowiednich uprawnie\u0144 UDT na w\u00f3zki wid\u0142owe, b\u0119d\u0105 musieli uzupe\u0142ni\u0107 swoje kwalifikacje. Konieczny egzamin UDT na w\u00f3zki wid\u0142owe Nowe Rozporz\u0105dzenie Ministra Rozwoju i Finans\u00f3w w sprawie bezpiecze\u0144stwa i higieny pracy przy u\u017cytkowaniu w\u00f3zk\u00f3w jezdniowych z nap\u0119dem silnikowym zmienia wymagania BHP przy korzystaniu z w\u00f3zk\u00f3w jezdniowych z nap\u0119dem silnikowym spalinowym, elektrycznym i spalinowo-elektrycznym u\u017cywanych w transporcie wewn\u0119trznym. Od momentu wej\u015bcia w \u017cycie nowych przepis\u00f3w, te osoby kt\u00f3re zrobi\u0142y kurs na w\u00f3zki wid\u0142owe i po jego odbyciu uzyska\u0142y za\u015bwiadczenie na druku MEN lub innym, a tak\u017ce plastikow\u0105 legitymacj\u0119 firmy szkoleniowej, kt\u00f3ra nie jest legitymacj\u0105 wydan\u0105 przez UDT, maj\u0105 w obowi\u0105zku uzupe\u0142ni\u0107 swoje kwalifikacje. Nie musz\u0105 robi\u0107 tego jedna od razu \u2013 maj\u0105 na to wi\u0119cej czasu. Do kiedy nale\u017cy uzyska\u0107 uprawnienia UDT? Termin wymagaj\u0105cy wymiany imiennych zezwole\u0144 na w\u00f3zki wid\u0142owe na kwalifikacje UDT jest zale\u017cny od terminu, w kt\u00f3rym uzyskano za\u015bwiadczenie. Osoby, kt\u00f3re zako\u0144czy\u0142y szkolenie na w\u00f3zki wid\u0142owe: do dnia 31 grudnia 2004 roku zachowuj\u0105 wa\u017cno\u015b\u0107 uprawnie\u0144 do dnia 31 grudnia 2019 roku do dnia 31 grudnia 2014 roku zachowuj\u0105 wa\u017cno\u015b\u0107 uprawnie\u0144 do dnia 31 grudnia 2020 roku od dnia 1 stycznia 2015 roku zachowuj\u0105 wa\u017cno\u015b\u0107 uprawnie\u0144 do dnia 31 grudnia 2021 roku Firmy zajmuj\u0105ce si\u0119 szkoleniami na w\u00f3zki wid\u0142owe mog\u0105 wystawia\u0107 jeszcze zezwolenia imienne przez 7 miesi\u0119cy od dnia 9 stycznia 2018 roku, dlatego po ich uzyskaniu b\u0119d\u0105 one jeszcze obowi\u0105zywa\u0142y przez 3 lata. Niemniej jednak najlepiej zdecydowa\u0107 si\u0119 ju\u017c teraz na szkolenia UDT na w\u00f3zki wid\u0142owe. [&hellip;]<\/p>\n","protected":false},"author":1,"featured_media":0,"parent":2,"menu_order":0,"comment_status":"closed","ping_status":"closed","template":"","meta":{"sfsi_plus_gutenberg_text_before_share":"","sfsi_plus_gutenberg_show_text_before_share":"","sfsi_plus_gutenberg_icon_type":"","sfsi_plus_gutenberg_icon_alignemt":"","sfsi_plus_gutenburg_max_per_row":"","footnotes":""},"class_list":["post-2650","page","type-page","status-publish","hentry","has_no_thumb"],"aioseo_notices":[],"_links":{"self":[{"href":"https:\/\/kursy-udt.pl\/ua\/wp-json\/wp\/v2\/pages\/2650","targetHints":{"allow":["GET"]}}],"collection":[{"href":"https:\/\/kursy-udt.pl\/ua\/wp-json\/wp\/v2\/pages"}],"about":[{"href":"https:\/\/kursy-udt.pl\/ua\/wp-json\/wp\/v2\/types\/page"}],"author":[{"embeddable":true,"href":"https:\/\/kursy-udt.pl\/ua\/wp-json\/wp\/v2\/users\/1"}],"replies":[{"embeddable":true,"href":"https:\/\/kursy-udt.pl\/ua\/wp-json\/wp\/v2\/comments?post=2650"}],"version-history":[{"count":3,"href":"https:\/\/kursy-udt.pl\/ua\/wp-json\/wp\/v2\/pages\/2650\/revisions"}],"predecessor-version":[{"id":3409,"href":"https:\/\/kursy-udt.pl\/ua\/wp-json\/wp\/v2\/pages\/2650\/revisions\/3409"}],"up":[{"embeddable":true,"href":"https:\/\/kursy-udt.pl\/ua\/wp-json\/wp\/v2\/pages\/2"}],"wp:attachment":[{"href":"https:\/\/kursy-udt.pl\/ua\/wp-json\/wp\/v2\/media?parent=2650"}],"curies":[{"name":"wp","href":"https:\/\/api.w.org\/{rel}","templated":true}]}}