{"id":2417,"date":"2017-12-06T15:30:53","date_gmt":"2017-12-06T15:30:53","guid":{"rendered":"http:\/\/kursy-udt.pl\/?page_id=2417"},"modified":"2023-01-04T09:51:10","modified_gmt":"2023-01-04T09:51:10","slug":"g3","status":"publish","type":"page","link":"https:\/\/kursy-udt.pl\/ua\/szkolenia\/sep-uprawnienia-do-1kv\/g3\/","title":{"rendered":"G3 (\u0433\u0430\u0437\u043e\u0432\u0438\u0439) \u043a\u0443\u0440\u0441. \u041e\u0442\u0440\u0438\u043c\u0430\u0439\u0442\u0435 \u0441\u0432\u043e\u044e \u043a\u0432\u0430\u043b\u0456\u0444\u0456\u043a\u0430\u0446\u0456\u044e \u0437 ERGON!"},"content":{"rendered":"<h2><strong><img loading=\"lazy\" decoding=\"async\" class=\"paddingleft10 alignleft wp-image-2471\" src=\"https:\/\/kursy-udt.pl\/wp-content\/uploads\/2017\/12\/SEP_G3_2-495x400-300x242.jpg\" alt=\"\" width=\"200\" height=\"162\" srcset=\"https:\/\/kursy-udt.pl\/wp-content\/uploads\/2017\/12\/SEP_G3_2-495x400-300x242.jpg 300w, https:\/\/kursy-udt.pl\/wp-content\/uploads\/2017\/12\/SEP_G3_2-495x400.jpg 495w\" sizes=\"auto, (max-width: 200px) 100vw, 200px\" \/>G3 <\/strong><\/h2>\n<p>\u041d\u0430\u0432\u0447\u0430\u043d\u043d\u044f \u0433\u0430\u0437\u0443 G3 - \u043f\u0440\u0438\u0441\u0442\u0440\u043e\u0457, \u0443\u0441\u0442\u0430\u043d\u043e\u0432\u043a\u0438 \u0442\u0430 \u0433\u0430\u0437\u043e\u0432\u0456 \u043c\u0435\u0440\u0435\u0436\u0456 \u0430\u0434\u0440\u0435\u0441\u043e\u0432\u0430\u043d\u043e \u043b\u044e\u0434\u044f\u043c, \u044f\u043a\u0456 \u0445\u043e\u0447\u0443\u0442\u044c \u043e\u0442\u0440\u0438\u043c\u0430\u0442\u0438 \u043a\u0432\u0430\u043b\u0456\u0444\u0456\u043a\u0430\u0446\u0456\u044e \u0434\u043b\u044f \u0440\u043e\u0431\u043e\u0442\u0438 \u0437 \u043d\u0430\u0433\u043b\u044f\u0434\u0443 \u0442\u0430 \u0435\u043a\u0441\u043f\u043b\u0443\u0430\u0442\u0430\u0446\u0456\u0457 \u043c\u0435\u0440\u0435\u0436, \u0443\u0441\u0442\u0430\u043d\u043e\u0432\u043e\u043a \u0442\u0430 \u043f\u0440\u0438\u0441\u0442\u0440\u043e\u0457\u0432, \u0449\u043e \u0432\u0438\u0440\u043e\u0431\u043b\u044f\u044e\u0442\u044c, \u043f\u0435\u0440\u0435\u0440\u043e\u0431\u043b\u044f\u044e\u0442\u044c, \u043f\u0435\u0440\u0435\u0434\u0430\u044e\u0442\u044c \u0442\u0430 \u0441\u043f\u043e\u0436\u0438\u0432\u0430\u044e\u0442\u044c \u0433\u0430\u0437, \u0449\u043e \u0432\u0445\u043e\u0434\u044f\u0442\u044c \u0434\u043e \u043a\u0430\u0442\u0435\u0433\u043e\u0440\u0456\u0457 G3.<\/p>\n<p>\u0432 <a href=\"https:\/\/kursy-udt.pl\/ua\/o-firmie\/\">\u0426\u0435\u043d\u0442\u0440 ERGON<\/a> \u043c\u0438 \u043d\u0430\u0434\u0430\u0454\u043c\u043e \u043a\u043e\u043c\u043f\u043b\u0435\u043a\u0441\u043d\u0456 \u0442\u0430 \u043f\u0440\u043e\u0444\u0435\u0441\u0456\u0439\u043d\u0456 \u043f\u043e\u0441\u043b\u0443\u0433\u0438 \u0437 \u043d\u0430\u0432\u0447\u0430\u043d\u043d\u044f. \u041c\u0438 \u043f\u0440\u043e\u0432\u043e\u0434\u0438\u043c\u043e \u043d\u0430\u0432\u0447\u0430\u043d\u043d\u044f \u0437\u0430 \u0441\u0443\u0447\u0430\u0441\u043d\u0438\u043c\u0438 \u043c\u0435\u0442\u043e\u0434\u0438\u043a\u0430\u043c\u0438 \u0437 \u0430\u043a\u0446\u0435\u043d\u0442\u043e\u043c \u043d\u0430 \u043f\u0440\u0430\u043a\u0442\u0438\u043a\u0443. \u041f\u0440\u0430\u0446\u044e\u0454\u043c\u043e \u0437 \u043a\u0432\u0430\u043b\u0456\u0444\u0456\u043a\u043e\u0432\u0430\u043d\u0438\u043c\u0438 \u0442\u0430 \u0434\u043e\u0441\u0432\u0456\u0434\u0447\u0435\u043d\u0438\u043c\u0438 \u0456\u043d\u0441\u0442\u0440\u0443\u043a\u0442\u043e\u0440\u0430\u043c\u0438.<\/p>\n<p><strong>\u041a\u0443\u0440\u0441 \u0433\u043e\u0442\u0443\u0454 \u0443\u0447\u0430\u0441\u043d\u0438\u043a\u0456\u0432 \u0434\u043e \u0441\u043a\u043b\u0430\u0434\u0430\u043d\u043d\u044f \u0456\u0441\u043f\u0438\u0442\u0443 \u043f\u0435\u0440\u0435\u0434 \u043a\u043e\u043c\u0456\u0441\u0456\u044f\u043c\u0438 SEP, PSE, SIMP \u0456 SITPS.\u0412\u0456\u043d \u0430\u0434\u0440\u0435\u0441\u043e\u0432\u0430\u043d\u0438\u0439 \u043b\u044e\u0434\u044f\u043c, \u044f\u043a\u0456 \u0437\u0430\u0439\u043c\u0430\u044e\u0442\u044c\u0441\u044f \u0435\u043a\u0441\u043f\u043b\u0443\u0430\u0442\u0430\u0446\u0456\u0454\u044e \u0433\u0430\u0437\u043e\u0432\u043e\u0433\u043e \u043e\u0431\u043b\u0430\u0434\u043d\u0430\u043d\u043d\u044f, \u0443\u0441\u0442\u0430\u043d\u043e\u0432\u043e\u043a \u0456 \u043c\u0435\u0440\u0435\u0436, \u0449\u043e \u0432\u0438\u0440\u043e\u0431\u043b\u044f\u044e\u0442\u044c, \u043f\u0435\u0440\u0435\u0440\u043e\u0431\u043b\u044f\u044e\u0442\u044c, \u043f\u0435\u0440\u0435\u0434\u0430\u044e\u0442\u044c \u0456 \u0441\u043f\u043e\u0436\u0438\u0432\u0430\u044e\u0442\u044c \u0433\u0430\u0437\u043e\u043f\u043e\u0434\u0456\u0431\u043d\u0435 \u043f\u0430\u043b\u0438\u0432\u043e, \u0432\u043a\u043b\u044e\u0447\u0430\u044e\u0447\u0438 \u043d\u0430\u0441\u0442\u0443\u043f\u043d\u0456 \u043f\u0440\u0438\u0441\u0442\u0440\u043e\u0457: , \u0443\u0441\u0442\u0430\u043d\u043e\u0432\u043a\u0438 \u0442\u0430 \u043c\u0435\u0440\u0435\u0436\u0456: <\/strong><\/p>\n<ul>\n<li>\u043e\u0431\u043b\u0430\u0434\u043d\u0430\u043d\u043d\u044f \u0434\u043b\u044f \u0432\u0438\u0440\u043e\u0431\u043d\u0438\u0446\u0442\u0432\u0430 \u0433\u0430\u0437\u043e\u043f\u043e\u0434\u0456\u0431\u043d\u043e\u0433\u043e \u043f\u0430\u043b\u0438\u0432\u0430, \u0433\u0430\u0437\u043e\u0433\u0435\u043d\u0435\u0440\u0430\u0442\u043e\u0440\u0438<\/li>\n<li>\u043e\u0431\u043b\u0430\u0434\u043d\u0430\u043d\u043d\u044f \u0434\u043b\u044f \u043f\u0435\u0440\u0435\u0440\u043e\u0431\u043a\u0438 \u0442\u0430 \u043e\u0431\u0440\u043e\u0431\u043a\u0438 \u0433\u0430\u0437\u043e\u043f\u043e\u0434\u0456\u0431\u043d\u043e\u0433\u043e \u043f\u0430\u043b\u0438\u0432\u0430, \u0440\u043e\u0437\u043a\u043b\u0430\u0434\u0430\u043d\u043d\u044f \u0433\u0430\u0437\u043e\u043f\u043e\u0434\u0456\u0431\u043d\u043e\u0433\u043e \u043f\u0430\u043b\u0438\u0432\u0430, \u043e\u0431\u043b\u0430\u0434\u043d\u0430\u043d\u043d\u044f \u0434\u043b\u044f \u043e\u0431\u0440\u043e\u0431\u043a\u0438 \u043f\u0440\u0438\u0440\u043e\u0434\u043d\u043e\u0433\u043e \u0433\u0430\u0437\u0443, \u0433\u0430\u0437\u043e\u043e\u0447\u0438\u0441\u043d\u0456 \u0443\u0441\u0442\u0430\u043d\u043e\u0432\u043a\u0438, \u0440\u043e\u0437\u0448\u0438\u0440\u044e\u0432\u0430\u043b\u044c\u043d\u0456 \u0443\u0441\u0442\u0430\u043d\u043e\u0432\u043a\u0438 \u0442\u0430 \u0443\u0441\u0442\u0430\u043d\u043e\u0432\u043a\u0438 \u0434\u043b\u044f \u0440\u043e\u0437\u043b\u0438\u0432\u0443 \u0437\u0440\u0456\u0434\u0436\u0435\u043d\u043e\u0433\u043e \u0433\u0430\u0437\u0443, \u0434\u0435\u043d\u0456\u0442\u0440\u0438\u0444\u0456\u043a\u0430\u0446\u0456\u044f, \u0437\u043c\u0456\u0448\u0443\u0432\u0430\u043b\u044c\u043d\u0456 \u0443\u0441\u0442\u0430\u043d\u043e\u0432\u043a\u0438<\/li>\n<li>\u043d\u0430\u043a\u043e\u043f\u0438\u0447\u0443\u0432\u0430\u0447\u0456 \u0433\u0430\u0437\u043e\u0432\u043e\u0433\u043e \u043f\u0430\u043b\u0438\u0432\u0430<\/li>\n<li>\u0433\u0430\u0437\u043e\u0440\u043e\u0437\u043f\u043e\u0434\u0456\u043b\u044c\u043d\u0456 \u043c\u0435\u0440\u0435\u0436\u0456 \u0437 \u0442\u0438\u0441\u043a\u043e\u043c \u043d\u0435 \u0432\u0438\u0449\u0435 0,5 \u041c\u041f\u0430 (\u0433\u0430\u0437\u043e\u043f\u0440\u043e\u0432\u043e\u0434\u0438 \u0442\u0430 \u0440\u0435\u0434\u0443\u043a\u0442\u043e\u0440\u0438, \u0410\u0417\u0421)<\/li>\n<li>\u0433\u0430\u0437\u043e\u0442\u0440\u0430\u043d\u0441\u043f\u043e\u0440\u0442\u043d\u0456 \u043c\u0435\u0440\u0435\u0436\u0456 \u0437 \u0442\u0438\u0441\u043a\u043e\u043c \u043f\u043e\u043d\u0430\u0434 0,5 \u041c\u041f\u0430 (\u0433\u0430\u0437\u043e\u043f\u0440\u043e\u0432\u043e\u0434\u0438, \u0410\u0417\u0421, \u0433\u0430\u0437\u043e\u043a\u043e\u043c\u043f\u0440\u0435\u0441\u043e\u0440\u043d\u0456 \u0441\u0442\u0430\u043d\u0446\u0456\u0457)<\/li>\n<li>\u0433\u0430\u0437\u043e\u0432\u0435 \u043e\u0431\u043b\u0430\u0434\u043d\u0430\u043d\u043d\u044f \u0442\u0430 \u0443\u0441\u0442\u0430\u043d\u043e\u0432\u043a\u0438 \u0437 \u0442\u0438\u0441\u043a\u043e\u043c \u043d\u0435 \u0432\u0438\u0449\u0435 5 \u043a\u041f\u0430<\/li>\n<li>\u0433\u0430\u0437\u043e\u0432\u0435 \u043e\u0431\u043b\u0430\u0434\u043d\u0430\u043d\u043d\u044f \u0442\u0430 \u0443\u0441\u0442\u0430\u043d\u043e\u0432\u043a\u0438 \u0437 \u0442\u0438\u0441\u043a\u043e\u043c \u043f\u043e\u043d\u0430\u0434 5 \u043a\u041f\u0430<\/li>\n<li>\u043f\u0440\u043e\u043c\u0438\u0441\u043b\u043e\u0432\u0456 \u0440\u0435\u0441\u0438\u0432\u0435\u0440\u0438 \u0433\u0430\u0437\u043e\u043f\u043e\u0434\u0456\u0431\u043d\u043e\u0433\u043e \u043f\u0430\u043b\u0438\u0432\u0430 \u043f\u043e\u0442\u0443\u0436\u043d\u0456\u0441\u0442\u044e \u043f\u043e\u043d\u0430\u0434 50 \u043a\u0412\u0442<\/li>\n<li>\u0433\u0430\u0437\u043e\u0432\u0456 \u0442\u0443\u0440\u0431\u0456\u043d\u0438<\/li>\n<li>\u043a\u043e\u043d\u0442\u0440\u043e\u043b\u044c\u043d\u043e-\u0432\u0438\u043c\u0456\u0440\u044e\u0432\u0430\u043b\u044c\u043d\u0430 \u0430\u043f\u0430\u0440\u0430\u0442\u0443\u0440\u0430, \u0430 \u0442\u0430\u043a\u043e\u0436 \u043f\u0440\u0438\u043b\u0430\u0434\u0438 \u0442\u0430 \u0443\u0441\u0442\u0430\u043d\u043e\u0432\u043a\u0438 \u0434\u043b\u044f \u0430\u0432\u0442\u043e\u043c\u0430\u0442\u0438\u0447\u043d\u043e\u0433\u043e \u0440\u0435\u0433\u0443\u043b\u044e\u0432\u0430\u043d\u043d\u044f, \u043a\u0435\u0440\u0443\u0432\u0430\u043d\u043d\u044f \u0442\u0430 \u0437\u0430\u0445\u0438\u0441\u0442\u0443 \u0437\u0430\u0437\u043d\u0430\u0447\u0435\u043d\u0438\u0445 \u0432\u0438\u0449\u0435 \u043f\u0440\u0438\u0441\u0442\u0440\u043e\u0457\u0432 \u0442\u0430 \u0443\u0441\u0442\u0430\u043d\u043e\u0432\u043e\u043a<\/li>\n<\/ul>\n<p>\u041f\u0456\u0441\u043b\u044f \u0437\u0430\u0432\u0435\u0440\u0448\u0435\u043d\u043d\u044f \u043d\u0430\u0432\u0447\u0430\u043d\u043d\u044f G3 \u0443\u0447\u0430\u0441\u043d\u0438\u043a\u0438 \u043c\u043e\u0436\u0443\u0442\u044c \u0441\u043a\u043b\u0430\u0434\u0430\u0442\u0438 \u0456\u0441\u043f\u0438\u0442\u0438 \u043f\u0435\u0440\u0435\u0434 \u043d\u0430\u0441\u0442\u0443\u043f\u043d\u0438\u043c\u0438 \u0441\u0435\u0440\u0442\u0438\u0444\u0456\u043a\u0430\u0446\u0456\u0439\u043d\u0438\u043c\u0438 \u043a\u043e\u043c\u0456\u0442\u0435\u0442\u0430\u043c\u0438: SEP (\u0410\u0441\u043e\u0446\u0456\u0430\u0446\u0456\u044f \u043f\u043e\u043b\u044c\u0441\u044c\u043a\u0438\u0445 \u0456\u043d\u0436\u0435\u043d\u0435\u0440\u0456\u0432-\u0435\u043b\u0435\u043a\u0442\u0440\u0438\u043a\u0456\u0432), \u041f\u043e\u043b\u044c\u0441\u044c\u043a\u0430 \u0430\u0441\u043e\u0446\u0456\u0430\u0446\u0456\u044f \u0435\u043b\u0435\u043a\u0442\u0440\u043e\u043c\u043e\u043d\u0442\u0430\u0436\u0443 (PSE), \u0410\u0441\u043e\u0446\u0456\u0430\u0446\u0456\u044f \u0456\u043d\u0436\u0435\u043d\u0435\u0440\u0456\u0432 \u0456 \u0442\u0435\u0445\u043d\u0456\u043a\u0456\u0432 \u0445\u0430\u0440\u0447\u043e\u0432\u043e\u0457 \u043f\u0440\u043e\u043c\u0438\u0441\u043b\u043e\u0432\u043e\u0441\u0442\u0456 (SITPS \u0430\u0431\u043e SITSpo\u017c), \u0410\u0441\u043e\u0446\u0456\u0430\u0446\u0456\u044f \u043f\u043e\u043b\u044c\u0441\u044c\u043a\u0438\u0445 \u043c\u0435\u0445\u0430\u043d\u0456\u043a\u0456\u0432 \u0406\u043d\u0436\u0435\u043d\u0435\u0440\u0438 (\u0421\u0406\u041c\u041f).<\/p>\n<h3><strong>\u041c\u0435\u0442\u0430 \u0442\u0440\u0435\u043d\u0456\u043d\u0433\u0443<\/strong><\/h3>\n<p>\u041c\u0435\u0442\u043e\u044e \u043d\u0430\u0432\u0447\u0430\u043d\u043d\u044f \u0454 \u0441\u043a\u043b\u0430\u0434\u0430\u043d\u043d\u044f \u0456\u0441\u043f\u0438\u0442\u0443 \u0442\u0430 \u043e\u0442\u0440\u0438\u043c\u0430\u043d\u043d\u044f \u043a\u0432\u0430\u043b\u0456\u0444\u0456\u043a\u0430\u0446\u0456\u0439\u043d\u043e\u0433\u043e \u0441\u0435\u0440\u0442\u0438\u0444\u0456\u043a\u0430\u0442\u0430, \u044f\u043a\u0438\u0439 \u0434\u0430\u0454 \u043f\u0440\u0430\u0432\u043e \u0441\u0442\u0443\u0434\u0435\u043d\u0442\u0443 \u043d\u0430 \u043e\u0431\u0441\u043b\u0443\u0433\u043e\u0432\u0443\u0432\u0430\u043d\u043d\u044f, \u0442\u0435\u0445\u043d\u0456\u0447\u043d\u0435 \u043e\u0431\u0441\u043b\u0443\u0433\u043e\u0432\u0443\u0432\u0430\u043d\u043d\u044f, \u0440\u0435\u043c\u043e\u043d\u0442, \u043c\u043e\u043d\u0442\u0430\u0436 \u043d\u0430 \u0440\u043e\u0431\u043e\u0447\u0456\u0439 \u043f\u043e\u0441\u0430\u0434\u0456, \u0432\u0456\u0434\u043f\u043e\u0432\u0456\u0434\u043d\u043e \u0434\u043e \u043d\u0430\u043a\u0430\u0437\u0443 \u041c\u0456\u043d\u0456\u0441\u0442\u0440\u0430 \u0435\u043a\u043e\u043d\u043e\u043c\u0456\u043a\u0438, \u043f\u0440\u0430\u0446\u0456 \u0442\u0430 \u0441\u043e\u0446\u0456\u0430\u043b\u044c\u043d\u043e\u0457 \u043f\u043e\u043b\u0456\u0442\u0438\u043a\u0438 \u0432\u0456\u0434 \u043a\u0432\u0456\u0442. 28, 2003 \u043f\u0440\u043e \u0434\u0435\u0442\u0430\u043b\u044c\u043d\u0456 \u043f\u0440\u0430\u0432\u0438\u043b\u0430 \u043f\u0456\u0434\u0442\u0432\u0435\u0440\u0434\u0436\u0435\u043d\u043d\u044f \u043a\u0432\u0430\u043b\u0456\u0444\u0456\u043a\u0430\u0446\u0456\u0457 \u043e\u0441\u0456\u0431, \u044f\u043a\u0456 \u0437\u0430\u0439\u043c\u0430\u044e\u0442\u044c\u0441\u044f \u0435\u043a\u0441\u043f\u043b\u0443\u0430\u0442\u0430\u0446\u0456\u0454\u044e \u043f\u0440\u0438\u0441\u0442\u0440\u043e\u0457\u0432, \u0443\u0441\u0442\u0430\u043d\u043e\u0432\u043e\u043a \u0456 \u043c\u0435\u0440\u0435\u0436 (\u0417\u0430\u043a\u043e\u043d. \u0432\u0456\u0441\u043d\u0438\u043a \u2116 89, 828; \u0417\u0430\u043a\u043e\u043d\u043e\u0434\u0430\u0432\u0447\u0438\u0439 \u0432\u0456\u0441\u043d\u0438\u043a, \u2116 192, 1184).<\/p>\n<p><a href=\"https:\/\/kursy-udt.pl\/ua\/kontakt\/\">\u0429\u0438\u0440\u043e \u0437\u0430\u043f\u0440\u043e\u0448\u0443\u0454\u043c\u043e \u0412\u0430\u0441 \u0441\u043a\u043e\u0440\u0438\u0441\u0442\u0430\u0442\u0438\u0441\u044f \u043d\u0430\u0448\u043e\u044e \u043f\u0440\u043e\u043f\u043e\u0437\u0438\u0446\u0456\u0454\u044e<\/a>!<\/p>\n<div class=\"button_styl\" style=\"float: right; padding-left: 15px; padding-bottom: 8px; margin-bottom: 5px;\"><a class=\"myButton myButton_maly\" href=\"https:\/\/platformaedukacji.pl\/login\/signup.php\" target=\"_blank\" rel=\"nofollow noopener noreferrer\"><span style=\"color: white;\">\u0417\u0430\u043f\u0438\u0448\u0456\u0442\u044c\u0441\u044f \u043d\u0430 \u043d\u0430\u0432\u0447\u0430\u043d\u043d\u044f<\/span><\/a><\/div>\n<div style=\"padding-top: 70px;\">\n<h2>\u0411\u0456\u043b\u044c\u0448\u0435 \u0456\u043d\u0444\u043e\u0440\u043c\u0430\u0446\u0456\u0457:<\/h2>\n<div style=\"text-align: center; font-size: 85%; line-height: 120%;\">\n<div style=\"float: left; margin-right: 40px; height: 290px;\">\n<p><a href=\"\/ua\/%d0%bd%d0%b0%d0%b2%d1%87%d0%b0%d0%bd%d0%bd%d1%8f\/sep-permissions-to-1kv\/g1\/\"><img decoding=\"async\" style=\"width: 300px; height: 225px;\" src=\"\/wp-content\/uploads\/2017\/12\/SEP_2016-1030x687.jpg\" alt=\"\" \/><\/a><\/p>\n<div style=\"width: 300px; font-size: 130%;\"><strong><a href=\"https:\/\/kursy-udt.pl\/ua\/szkolenia\/sep-uprawnienia-do-1kv\/g1\/\">G1<\/a> (\u0435\u043b\u0435\u043a\u0442\u0440\u0438\u0447\u043d\u0438\u0439)<\/strong><\/div>\n<\/div>\n<div style=\"float: left; margin-right: 40px; height: 290px;\">\n<p><a href=\"\/ua\/%d0%bd%d0%b0%d0%b2%d1%87%d0%b0%d0%bd%d0%bd%d1%8f\/sep-permissions-to-1kv\/g2\/\"><img decoding=\"async\" style=\"width: 300px; height: 225px;\" src=\"\/wp-content\/uploads\/2017\/12\/31.jpg\" alt=\"\" \/><\/a><\/p>\n<div style=\"width: 300px; font-size: 130%;\"><strong>G2 (\u0442\u0435\u0440\u043c\u0456\u0447\u043d\u0438\u0439)<\/strong><\/div>\n<\/div>\n<\/div>\n<div style=\"clear: both;\"><\/div>\n<div style=\"text-align: center; font-size: 85%; line-height: 120%;\">\n<div style=\"float: left; margin-right: 40px; height: 290px;\">\n<p><a href=\"\/ua\/%d0%bd%d0%b0%d0%b2%d1%87%d0%b0%d0%bd%d0%bd%d1%8f\/sep-permissions-to-1kv\/g3\/\"><img decoding=\"async\" style=\"width: 300px; height: 225px;\" src=\"\/wp-content\/uploads\/2017\/12\/SEP_G3_2-495x400-1.jpg\" alt=\"\" \/><\/a><\/p>\n<div style=\"width: 300px; font-size: 130%;\"><strong>G3 (\u0433\u0430\u0437)<\/strong><\/div>\n<\/div>\n<div style=\"float: left; margin-right: 40px; height: 290px;\">\n<p><a href=\"\/ua\/%d0%bd%d0%b0%d0%b2%d1%87%d0%b0%d0%bd%d0%bd%d1%8f\/sep-permissions-to-1kv\/%d1%96%d1%81%d0%bf%d0%b8%d1%82-%d0%b2%d0%b5%d1%80\/\"><img decoding=\"async\" style=\"width: 300px; height: 225px;\" src=\"\/wp-content\/uploads\/2017\/12\/4-warsztaty.jpg\" alt=\"\" \/><\/a><\/p>\n<div style=\"width: 300px; font-size: 130%;\"><strong>\u0406\u0441\u043f\u0438\u0442\u0438 G1, G2, G3, PSE, SIMP, SITPS<\/strong><\/div>\n<\/div>\n<\/div>\n<div style=\"text-align: center; font-size: 85%; line-height: 120%;\">\n<div style=\"float: left; margin-right: 40px; height: 290px;\">\n<p><a href=\"\/ua\/%d0%bd%d0%b0%d0%b2%d1%87%d0%b0%d0%bd%d0%bd%d1%8f\/sep-permissions-to-1kv\/perm-sep-how-long-valid-valid\/\"><img decoding=\"async\" style=\"width: 300px; height: 225px;\" src=\"\/wp-content\/uploads\/2017\/12\/g3-4.jpg\" alt=\"\" \/><\/a><\/p>\n<div style=\"width: 300px; font-size: 130%;\"><strong><a href=\"https:\/\/kursy-udt.pl\/ua\/uprawnienia-udt\/kategorie-uprawnien-2\/\">\u041f\u0440\u0430\u0432\u0430<\/a> G1, G2, G3<\/strong><\/div>\n<div><\/div>\n<\/div>\n<\/div>\n<\/div>\n<p>&nbsp;<\/p>\n<p>&nbsp;<\/p>\n<p>&nbsp;<\/p>\n<p>&nbsp;<\/p>\n<p>&nbsp;<\/p>\n<p>&nbsp;<\/p>\n<p>&nbsp;<\/p>\n<p>&nbsp;<\/p>\n<p>&nbsp;<\/p>\n<p>&nbsp;<\/p>\n<p>&nbsp;<\/p>\n<p>&nbsp;<\/p>\n<p>&nbsp;<\/p>\n<p>&nbsp;<\/p>\n<p><a href=\"https:\/\/kursy-udt.pl\/wp-content\/uploads\/2023\/01\/7-kurs-G3-gazy-kursy-udt.pl_.png\"><img loading=\"lazy\" decoding=\"async\" class=\"aligncenter wp-image-4605\" src=\"https:\/\/kursy-udt.pl\/wp-content\/uploads\/2023\/01\/7-kurs-G3-gazy-kursy-udt.pl_-300x188.png\" alt=\"\" width=\"750\" height=\"469\" srcset=\"https:\/\/kursy-udt.pl\/wp-content\/uploads\/2023\/01\/7-kurs-G3-gazy-kursy-udt.pl_-300x188.png 300w, https:\/\/kursy-udt.pl\/wp-content\/uploads\/2023\/01\/7-kurs-G3-gazy-kursy-udt.pl_-1024x640.png 1024w, https:\/\/kursy-udt.pl\/wp-content\/uploads\/2023\/01\/7-kurs-G3-gazy-kursy-udt.pl_-768x480.png 768w, https:\/\/kursy-udt.pl\/wp-content\/uploads\/2023\/01\/7-kurs-G3-gazy-kursy-udt.pl_-18x12.png 18w, https:\/\/kursy-udt.pl\/wp-content\/uploads\/2023\/01\/7-kurs-G3-gazy-kursy-udt.pl_-624x390.png 624w, https:\/\/kursy-udt.pl\/wp-content\/uploads\/2023\/01\/7-kurs-G3-gazy-kursy-udt.pl_.png 1200w\" sizes=\"auto, (max-width: 750px) 100vw, 750px\" \/><\/a><\/p>","protected":false},"excerpt":{"rendered":"<p>Kurs G3 Szkolenie gazowe G3 \u2013 urz\u0105dzenia, instalacje i sieci gazowe adresowane jest do os\u00f3b, kt\u00f3re chc\u0105 uzyska\u0107 kwalifikacje do pracy przy dozorze i eksploatacji sieci, instalacji i urz\u0105dze\u0144 wytwarzaj\u0105cych, przetwarzaj\u0105cych, przesy\u0142aj\u0105cych i zu\u017cywaj\u0105cych gaz zaliczanych do kategorii G3. W o\u015brodku ERGON zapewniamy kompleksow\u0105 i profesjonaln\u0105 obs\u0142ug\u0119 szkoleniow\u0105. Prowadzimy szkolenia z wykorzystaniem nowoczesnych metod, k\u0142ad\u0105c nacisk na praktyk\u0119. Wsp\u00f3\u0142pracujemy z wykwalifikowanymi i do\u015bwiadczonymi instruktorami. Kurs przygotowuje uczestnik\u00f3w do zdania egzaminu przed komisjami SEP, PSE, SIMP, SITPS skierowany jest do os\u00f3b zajmuj\u0105cych si\u0119 eksploatacj\u0105 urz\u0105dze\u0144, instalacji i sieci gazowych wytwarzaj\u0105cych, przetwarzaj\u0105cych, przesy\u0142aj\u0105cych i zu\u017cywaj\u0105cych paliwa gazowe obejmuj\u0105cy nast\u0119puj\u0105ce urz\u0105dzenia, instalacje i sieci: urz\u0105dzenia do produkcji paliw gazowych, generatory gazu urz\u0105dzenia do przetwarzania i uzdatniania paliw gazowych, rozk\u0142adnie paliw gazowych, urz\u0105dzenia przer\u00f3bki gazu ziemnego, oczyszczalnie gazu, rozpr\u0119\u017calnie i rozlewnie gazu p\u0142ynnego, odazotowanie, mieszalnie urz\u0105dzenia do magazynowania paliw gazowych sieci gazowe rozdzielcze o ci\u015bnieniu nie wy\u017cszym ni\u017c 0,5 MPa (gazoci\u0105gi i punkty redukcyjne, stacje gazowe) sieci gazowe przesy\u0142owe o ci\u015bnieniu powy\u017cej 0,5 MPa (gazoci\u0105gi, stacje gazowe, t\u0142ocznie gazu) urz\u0105dzenia i instalacje gazowe o ci\u015bnieniu nie wy\u017cszym ni\u017c 5 kPa urz\u0105dzenia i instalacje gazowe o ci\u015bnieniu powy\u017cej 5kPa przemys\u0142owe odbiorniki paliw gazowych o mocy powy\u017cej 50 kW turbiny gazowe aparatur\u0119 kontrolno-pomiarow\u0105 oraz urz\u0105dzenia i instalacje automatycznej regulacji, sterowania i zabezpiecze\u0144 urz\u0105dze\u0144 i instalacji wymienionych powy\u017cej Po zako\u0144czeniu szkolenia G3 uczestnicy mog\u0105 podej\u015b\u0107 do egzamin\u00f3w przed nast\u0119puj\u0105cymi komisjami certyfikuj\u0105cymi: SEP (Stowarzyszenie Elektryk\u00f3w Polskich), Polskie Stowarzyszenie Elektroinstalacyjne (PSE), Stowarzyszenie In\u017cynier\u00f3w i Technik\u00f3w Przemys\u0142u Spo\u017cywczego (SITPS lub SITSpo\u017c), Stowarzyszenie In\u017cynier\u00f3w Mechanik\u00f3w Polskich (SIMP). Cel szkolenia Celem szkolenia jest zaliczenie egzaminu i uzyskanie [&hellip;]<\/p>\n","protected":false},"author":1,"featured_media":2479,"parent":2411,"menu_order":0,"comment_status":"closed","ping_status":"closed","template":"","meta":{"sfsi_plus_gutenberg_text_before_share":"","sfsi_plus_gutenberg_show_text_before_share":"","sfsi_plus_gutenberg_icon_type":"","sfsi_plus_gutenberg_icon_alignemt":"","sfsi_plus_gutenburg_max_per_row":"","footnotes":""},"class_list":["post-2417","page","type-page","status-publish","has-post-thumbnail","hentry","has_thumb"],"aioseo_notices":[],"_links":{"self":[{"href":"https:\/\/kursy-udt.pl\/ua\/wp-json\/wp\/v2\/pages\/2417","targetHints":{"allow":["GET"]}}],"collection":[{"href":"https:\/\/kursy-udt.pl\/ua\/wp-json\/wp\/v2\/pages"}],"about":[{"href":"https:\/\/kursy-udt.pl\/ua\/wp-json\/wp\/v2\/types\/page"}],"author":[{"embeddable":true,"href":"https:\/\/kursy-udt.pl\/ua\/wp-json\/wp\/v2\/users\/1"}],"replies":[{"embeddable":true,"href":"https:\/\/kursy-udt.pl\/ua\/wp-json\/wp\/v2\/comments?post=2417"}],"version-history":[{"count":15,"href":"https:\/\/kursy-udt.pl\/ua\/wp-json\/wp\/v2\/pages\/2417\/revisions"}],"predecessor-version":[{"id":4606,"href":"https:\/\/kursy-udt.pl\/ua\/wp-json\/wp\/v2\/pages\/2417\/revisions\/4606"}],"up":[{"embeddable":true,"href":"https:\/\/kursy-udt.pl\/ua\/wp-json\/wp\/v2\/pages\/2411"}],"wp:featuredmedia":[{"embeddable":true,"href":"https:\/\/kursy-udt.pl\/ua\/wp-json\/wp\/v2\/media\/2479"}],"wp:attachment":[{"href":"https:\/\/kursy-udt.pl\/ua\/wp-json\/wp\/v2\/media?parent=2417"}],"curies":[{"name":"wp","href":"https:\/\/api.w.org\/{rel}","templated":true}]}}