{"id":2415,"date":"2017-12-06T15:29:15","date_gmt":"2017-12-06T15:29:15","guid":{"rendered":"http:\/\/kursy-udt.pl\/?page_id=2415"},"modified":"2023-01-04T09:55:06","modified_gmt":"2023-01-04T09:55:06","slug":"g2","status":"publish","type":"page","link":"https:\/\/kursy-udt.pl\/ua\/szkolenia\/sep-uprawnienia-do-1kv\/g2\/","title":{"rendered":"G2 (\u0442\u0435\u0440\u043c\u0456\u0447\u043d\u0438\u0439) \u043a\u0443\u0440\u0441. \u0417\u0434\u043e\u0431\u0443\u0432\u0430\u0439\u0442\u0435 \u043a\u0432\u0430\u043b\u0456\u0444\u0456\u043a\u0430\u0446\u0456\u044e \u0440\u0430\u0437\u043e\u043c \u0437 \u0415\u0420\u0413\u041e\u041d!"},"content":{"rendered":"<div style=\"float: left; padding-right: 10px; width: 187px;\"><img decoding=\"async\" src=\"\/wp-content\/uploads\/2017\/12\/31.jpg\" alt=\"\u043a\u0443\u0440\u0441 g2\" \/><\/div>\n<h2 class=\"naglowekh2\"><strong>G2 <\/strong><\/h2>\n<p>\u0422\u0435\u043f\u043b\u043e\u0432\u0430 \u043f\u0456\u0434\u0433\u043e\u0442\u043e\u0432\u043a\u0430 G2 - \u043f\u0440\u0438\u0441\u0442\u0440\u043e\u0457, \u0443\u0441\u0442\u0430\u043d\u043e\u0432\u043a\u0438 \u0442\u0430 \u0442\u0435\u043f\u043b\u043e\u0432\u0456 \u043c\u0435\u0440\u0435\u0436\u0456 \u043f\u0440\u0438\u0437\u043d\u0430\u0447\u0435\u043d\u0430 \u0434\u043b\u044f \u043b\u044e\u0434\u0435\u0439, \u044f\u043a\u0456 \u0445\u043e\u0447\u0443\u0442\u044c \u043e\u0442\u0440\u0438\u043c\u0430\u0442\u0438 \u043a\u0432\u0430\u043b\u0456\u0444\u0456\u043a\u0430\u0446\u0456\u044e \u0434\u043b\u044f \u0440\u043e\u0431\u043e\u0442\u0438 \u0437 \u043d\u0430\u0433\u043b\u044f\u0434\u0443 \u0442\u0430 \u0435\u043a\u0441\u043f\u043b\u0443\u0430\u0442\u0430\u0446\u0456\u0457 \u043c\u0435\u0440\u0435\u0436, \u0443\u0441\u0442\u0430\u043d\u043e\u0432\u043e\u043a \u0456 \u043f\u0440\u0438\u0441\u0442\u0440\u043e\u0457\u0432, \u044f\u043a\u0456 \u0433\u0435\u043d\u0435\u0440\u0443\u044e\u0442\u044c, \u043e\u0431\u0440\u043e\u0431\u043b\u044f\u044e\u0442\u044c, \u043f\u0435\u0440\u0435\u0434\u0430\u044e\u0442\u044c \u0456 \u0441\u043f\u043e\u0436\u0438\u0432\u0430\u044e\u0442\u044c \u0442\u0435\u043f\u043b\u043e, \u043a\u043b\u0430\u0441\u0438\u0444\u0456\u043a\u043e\u0432\u0430\u043d\u0435 \u044f\u043a G2.<\/p>\n<p>\u0432 <a href=\"https:\/\/kursy-udt.pl\/ua\/o-firmie\/\">\u0426\u0435\u043d\u0442\u0440 \u0415\u0420\u0413\u041e\u041d<\/a> \u041c\u0438 \u0433\u0430\u0440\u0430\u043d\u0442\u0443\u0454\u043c\u043e \u043d\u0430\u0448\u0438\u043c \u0441\u0442\u0443\u0434\u0435\u043d\u0442\u0430\u043c \u043f\u043e\u0432\u043d\u0443 \u0442\u0430 \u043f\u0440\u043e\u0444\u0435\u0441\u0456\u0439\u043d\u0443 \u043f\u0456\u0434\u0433\u043e\u0442\u043e\u0432\u043a\u0443. \u041c\u0438 \u0432\u0438\u043a\u043e\u0440\u0438\u0441\u0442\u043e\u0432\u0443\u0454\u043c\u043e \u043f\u0435\u0440\u0435\u0432\u0456\u0440\u0435\u043d\u0456 \u043c\u0435\u0442\u043e\u0434\u0438 \u043d\u0430\u0432\u0447\u0430\u043d\u043d\u044f, \u043c\u0430\u0454\u043c\u043e \u0441\u0443\u0447\u0430\u0441\u043d\u0435 \u043e\u0431\u043b\u0430\u0434\u043d\u0430\u043d\u043d\u044f, \u0443 \u043d\u0430\u0441 \u043f\u0440\u0430\u0446\u044e\u044e\u0442\u044c \u043a\u0432\u0430\u043b\u0456\u0444\u0456\u043a\u043e\u0432\u0430\u043d\u0456 \u0456\u043d\u0441\u0442\u0440\u0443\u043a\u0442\u043e\u0440\u0438 \u0442\u0430 \u043d\u0430\u0434\u0430\u0454\u043c\u043e \u0441\u0435\u0440\u0432\u0456\u0441 \u043d\u0430 \u043d\u0430\u0439\u0432\u0438\u0449\u043e\u043c\u0443 \u0440\u0456\u0432\u043d\u0456.<\/p>\n<p><strong>\u041a\u0443\u0440\u0441 G2 \u0433\u043e\u0442\u0443\u0454 \u0443\u0447\u0430\u0441\u043d\u0438\u043a\u0456\u0432 \u0434\u043e \u0441\u043a\u043b\u0430\u0434\u0430\u043d\u043d\u044f \u0456\u0441\u043f\u0438\u0442\u0443 \u043f\u0435\u0440\u0435\u0434 \u043a\u043e\u043c\u0456\u0441\u0456\u044f\u043c\u0438 SEP, PSE, SIMP \u0456 SITPS. <\/strong><\/p>\n<ul>\n<li>\u043a\u043e\u0442\u043b\u0438 \u043f\u0430\u0440\u043e\u0432\u0456 \u0442\u0430 \u0432\u043e\u0434\u043e\u0433\u0440\u0456\u0439\u043d\u0456 \u043d\u0430 \u0442\u0432\u0435\u0440\u0434\u043e\u043c\u0443, \u0440\u0456\u0434\u043a\u043e\u043c\u0443 \u0442\u0430 \u0433\u0430\u0437\u043e\u043f\u043e\u0434\u0456\u0431\u043d\u043e\u043c\u0443 \u043f\u0430\u043b\u0438\u0432\u0456 \u043f\u043e\u0442\u0443\u0436\u043d\u0456\u0441\u0442\u044e \u043f\u043e\u043d\u0430\u0434 50 \u043a\u0412\u0442 \u0437 \u0434\u043e\u043f\u043e\u043c\u0456\u0436\u043d\u0438\u043c \u043e\u0431\u043b\u0430\u0434\u043d\u0430\u043d\u043d\u044f\u043c<\/li>\n<li>\u0442\u0435\u043f\u043b\u043e\u0432\u0456 \u043c\u0435\u0440\u0435\u0436\u0456 \u0442\u0430 \u0443\u0441\u0442\u0430\u043d\u043e\u0432\u043a\u0438 \u0437 \u0434\u043e\u043f\u043e\u043c\u0456\u0436\u043d\u0438\u043c\u0438 \u043f\u0440\u0438\u0441\u0442\u0440\u043e\u044f\u043c\u0438, \u0437 \u0442\u0435\u043f\u043b\u043e\u043f\u0435\u0440\u0435\u0434\u0430\u0447\u0435\u044e \u043f\u043e\u043d\u0430\u0434 50 \u043a\u0412\u0442<\/li>\n<li>\u043f\u0430\u0440\u043e\u0432\u0456 \u0442\u0430 \u0432\u043e\u0434\u044f\u043d\u0456 \u0442\u0443\u0440\u0431\u0456\u043d\u0438 \u043f\u043e\u0442\u0443\u0436\u043d\u0456\u0441\u0442\u044e \u043f\u043e\u043d\u0430\u0434 50 \u043a\u0412\u0442 \u0440\u0430\u0437\u043e\u043c \u0456\u0437 \u0434\u043e\u043f\u043e\u043c\u0456\u0436\u043d\u0438\u043c\u0438 \u043f\u0440\u0438\u0441\u0442\u0440\u043e\u044f\u043c\u0438<\/li>\n<li>\u043f\u0440\u043e\u043c\u0438\u0441\u043b\u043e\u0432\u0456 \u043f\u0440\u0438\u0441\u0442\u0440\u043e\u0457 \u0434\u043b\u044f \u043f\u0440\u0438\u0439\u043e\u043c\u0443 \u043f\u0430\u0440\u0438 \u0442\u0430 \u0433\u0430\u0440\u044f\u0447\u043e\u0457 \u0432\u043e\u0434\u0438 \u043f\u043e\u0442\u0443\u0436\u043d\u0456\u0441\u0442\u044e \u043f\u043e\u043d\u0430\u0434 50 \u043a\u0412\u0442<\/li>\n<li>\u0432\u0435\u043d\u0442\u0438\u043b\u044f\u0446\u0456\u0439\u043d\u0435, \u043a\u043e\u043d\u0434\u0438\u0446\u0456\u043e\u043d\u043e\u0432\u0430\u043d\u0435 \u0442\u0430 \u0445\u043e\u043b\u043e\u0434\u0438\u043b\u044c\u043d\u0435 \u043e\u0431\u043b\u0430\u0434\u043d\u0430\u043d\u043d\u044f \u043f\u043e\u0442\u0443\u0436\u043d\u0456\u0441\u0442\u044e \u043f\u043e\u043d\u0430\u0434 50 \u043a\u0412\u0442<\/li>\n<li>\u043d\u0430\u0441\u043e\u0441\u0438, \u0444\u043e\u0440\u0441\u0443\u043d\u043a\u0438, \u0432\u0435\u043d\u0442\u0438\u043b\u044f\u0442\u043e\u0440\u0438 \u0442\u0430 \u043f\u043e\u0432\u0456\u0442\u0440\u043e\u0434\u0443\u0432\u043a\u0438 \u043f\u043e\u0442\u0443\u0436\u043d\u0456\u0441\u0442\u044e \u043f\u043e\u043d\u0430\u0434 50 \u043a\u0412\u0442<\/li>\n<li>\u043a\u043e\u043c\u043f\u0440\u0435\u0441\u043e\u0440\u0438 \u043f\u043e\u0442\u0443\u0436\u043d\u0456\u0441\u0442\u044e \u043f\u043e\u043d\u0430\u0434 20 \u043a\u0412\u0442 \u0456 \u0443\u0441\u0442\u0430\u043d\u043e\u0432\u043a\u0438 \u0441\u0442\u0438\u0441\u043d\u0435\u043d\u043e\u0433\u043e \u043f\u043e\u0432\u0456\u0442\u0440\u044f \u0456 \u0442\u0435\u0445\u043d\u0456\u0447\u043d\u043e\u0433\u043e \u0433\u0430\u0437\u0443<\/li>\n<li>\u043f\u0440\u0438\u0441\u0442\u0440\u043e\u0457 \u0434\u043b\u044f \u0437\u0431\u0435\u0440\u0456\u0433\u0430\u043d\u043d\u044f, \u0437\u0431\u0435\u0440\u0456\u0433\u0430\u043d\u043d\u044f \u0456 \u0440\u043e\u0437\u0432\u0430\u043d\u0442\u0430\u0436\u0435\u043d\u043d\u044f \u043f\u0430\u043b\u0438\u0432\u0430, \u0454\u043c\u043d\u0456\u0441\u0442\u044e \u043f\u043e\u043d\u0430\u0434 100 \u043c\u0433<\/li>\n<li>\u043f\u0440\u043e\u043c\u0438\u0441\u043b\u043e\u0432\u0456 \u043f\u0435\u0447\u0456 \u043f\u043e\u0442\u0443\u0436\u043d\u0456\u0441\u0442\u044e \u043f\u043e\u043d\u0430\u0434 50 \u043a\u0412\u0442<\/li>\n<li>\u043a\u043e\u043d\u0442\u0440\u043e\u043b\u044c\u043d\u043e-\u0432\u0438\u043c\u0456\u0440\u044e\u0432\u0430\u043b\u044c\u043d\u0430 \u0430\u043f\u0430\u0440\u0430\u0442\u0443\u0440\u0430, \u0430 \u0442\u0430\u043a\u043e\u0436 \u043f\u0440\u0438\u043b\u0430\u0434\u0438 \u0442\u0430 \u0443\u0441\u0442\u0430\u043d\u043e\u0432\u043a\u0438 \u0434\u043b\u044f \u0430\u0432\u0442\u043e\u043c\u0430\u0442\u0438\u0447\u043d\u043e\u0433\u043e \u0440\u0435\u0433\u0443\u043b\u044e\u0432\u0430\u043d\u043d\u044f, \u043a\u0435\u0440\u0443\u0432\u0430\u043d\u043d\u044f \u0442\u0430 \u0437\u0430\u0445\u0438\u0441\u0442\u0443 \u0437\u0430\u0437\u043d\u0430\u0447\u0435\u043d\u0438\u0445 \u0432\u0438\u0449\u0435 \u043f\u0440\u0438\u0441\u0442\u0440\u043e\u0457\u0432 \u0442\u0430 \u0443\u0441\u0442\u0430\u043d\u043e\u0432\u043e\u043a<\/li>\n<\/ul>\n<p>\u0422\u0440\u0435\u043d\u0456\u043d\u0433 G2 \u0433\u043e\u0442\u0443\u0454 \u0443\u0447\u0430\u0441\u043d\u0438\u043a\u0456\u0432 \u0434\u043e \u0441\u043a\u043b\u0430\u0434\u0430\u043d\u043d\u044f \u0456\u0441\u043f\u0438\u0442\u0456\u0432 \u043f\u0435\u0440\u0435\u0434 \u0442\u0430\u043a\u0438\u043c\u0438 \u0441\u0435\u0440\u0442\u0438\u0444\u0456\u043a\u0430\u0446\u0456\u0439\u043d\u0438\u043c\u0438 \u043a\u043e\u043c\u0456\u0442\u0435\u0442\u0430\u043c\u0438: SEP (\u0410\u0441\u043e\u0446\u0456\u0430\u0446\u0456\u044f \u043f\u043e\u043b\u044c\u0441\u044c\u043a\u0438\u0445 \u0456\u043d\u0436\u0435\u043d\u0435\u0440\u0456\u0432-\u0435\u043b\u0435\u043a\u0442\u0440\u0438\u043a\u0456\u0432), \u041f\u043e\u043b\u044c\u0441\u044c\u043a\u0430 \u0430\u0441\u043e\u0446\u0456\u0430\u0446\u0456\u044f \u0435\u043b\u0435\u043a\u0442\u0440\u043e\u043c\u043e\u043d\u0442\u0430\u0436\u0443 (PSE), \u0410\u0441\u043e\u0446\u0456\u0430\u0446\u0456\u044f \u0456\u043d\u0436\u0435\u043d\u0435\u0440\u0456\u0432 \u0456 \u0442\u0435\u0445\u043d\u0456\u043a\u0456\u0432 \u0445\u0430\u0440\u0447\u043e\u0432\u043e\u0457 \u043f\u0440\u043e\u043c\u0438\u0441\u043b\u043e\u0432\u043e\u0441\u0442\u0456 (SITPS \u0430\u0431\u043e SITSpo\u017c), \u0410\u0441\u043e\u0446\u0456\u0430\u0446\u0456\u044f \u043f\u043e\u043b\u044c\u0441\u044c\u043a\u0438\u0445 \u0456\u043d\u0436\u0435\u043d\u0435\u0440\u0456\u0432-\u043c\u0435\u0445\u0430\u043d\u0456\u043a\u0456\u0432 (SIMP).<\/p>\n<h2 class=\"naglowekh2\">\u041c\u0435\u0442\u0430 \u0442\u0440\u0435\u043d\u0456\u043d\u0433\u0443<\/h2>\n<p>\u041f\u0456\u0441\u043b\u044f \u0437\u0430\u043a\u0456\u043d\u0447\u0435\u043d\u043d\u044f \u043a\u0443\u0440\u0441\u0443 G2 \u0442\u0430 \u0437\u0434\u0430\u0447\u0456 \u0456\u0441\u043f\u0438\u0442\u0443 \u0443\u0447\u0430\u0441\u043d\u0438\u043a \u043e\u0442\u0440\u0438\u043c\u0443\u0454 \u043a\u0432\u0430\u043b\u0456\u0444\u0456\u043a\u0430\u0446\u0456\u0439\u043d\u0438\u0439 \u0441\u0435\u0440\u0442\u0438\u0444\u0456\u043a\u0430\u0442, \u044f\u043a\u0438\u0439 \u0434\u0430\u0454 \u043f\u0440\u0430\u0432\u043e \u043d\u0430 \u043e\u0431\u0441\u043b\u0443\u0433\u043e\u0432\u0443\u0432\u0430\u043d\u043d\u044f, \u0442\u0435\u0445\u043d\u0456\u0447\u043d\u0435 \u043e\u0431\u0441\u043b\u0443\u0433\u043e\u0432\u0443\u0432\u0430\u043d\u043d\u044f, \u0440\u0435\u043c\u043e\u043d\u0442, \u043c\u043e\u043d\u0442\u0430\u0436 \u043d\u0430 \u0440\u043e\u0431\u043e\u0447\u0456\u0439 \u043f\u043e\u0441\u0430\u0434\u0456, \u0432\u0456\u0434\u043f\u043e\u0432\u0456\u0434\u043d\u043e \u0434\u043e \u043d\u0430\u043a\u0430\u0437\u0443 \u041c\u0456\u043d\u0456\u0441\u0442\u0440\u0430 \u0435\u043a\u043e\u043d\u043e\u043c\u0456\u043a\u0438, \u043f\u0440\u0430\u0446\u0456 \u0442\u0430 \u0441\u043e\u0446\u0456\u0430\u043b\u044c\u043d\u043e\u0457 \u043f\u043e\u043b\u0456\u0442\u0438\u043a\u0438 \u0432\u0456\u0434 28 \u043a\u0432\u0456\u0442\u043d\u044f , 2003 \u043f\u0440\u043e \u0434\u0435\u0442\u0430\u043b\u044c\u043d\u0456 \u043f\u0440\u0430\u0432\u0438\u043b\u0430 \u043f\u0456\u0434\u0442\u0432\u0435\u0440\u0434\u0436\u0435\u043d\u043d\u044f \u043a\u0432\u0430\u043b\u0456\u0444\u0456\u043a\u0430\u0446\u0456\u0457 \u043e\u0441\u043e\u0431\u0430\u043c\u0438, \u0437\u0430\u043b\u0443\u0447\u0435\u043d\u0438\u043c\u0438 \u0434\u043e \u0435\u043a\u0441\u043f\u043b\u0443\u0430\u0442\u0430\u0446\u0456\u0457 \u043f\u0440\u0438\u0441\u0442\u0440\u043e\u0457\u0432, \u0443\u0441\u0442\u0430\u043d\u043e\u0432\u043e\u043a \u0456 \u043c\u0435\u0440\u0435\u0436 (\u0417\u0430\u043a\u043e\u043d. \u0436\u0443\u0440\u043d. \u2116 89, \u043f. 828; \u0417\u0430\u043a. \u0434. \u2116 192, \u043f. 1184).<\/p>\n<p>\u0417\u0430\u043f\u0440\u043e\u0448\u0443\u0454\u043c\u043e \u0432\u0430\u0441 \u0437\u0430\u043f\u0438\u0441\u0430\u0442\u0438\u0441\u044f \u043d\u0430 \u043d\u0430\u0432\u0447\u0430\u043d\u043d\u044f \u0443 \u043d\u0430\u0441!<\/p>\n<div class=\"button_styl\" style=\"float: right; padding-left: 15px; padding-bottom: 8px; margin-bottom: 5px;\"><a class=\"myButton myButton_maly\" href=\"https:\/\/platformaedukacji.pl\/login\/signup.php\" target=\"_blank\" rel=\"nofollow noopener noreferrer\"><span style=\"color: white;\">\u0417\u0430\u043f\u0438\u0448\u0456\u0442\u044c\u0441\u044f \u043d\u0430 \u043d\u0430\u0432\u0447\u0430\u043d\u043d\u044f<\/span><\/a><\/div>\n<div style=\"padding-top: 70px;\">\n<h2>\u0411\u0456\u043b\u044c\u0448\u0435 \u0456\u043d\u0444\u043e\u0440\u043c\u0430\u0446\u0456\u0457:<\/h2>\n<div style=\"text-align: center; font-size: 85%; line-height: 120%;\">\n<div style=\"float: left; margin-right: 40px; height: 290px;\">\n<p><a href=\"\/ua\/%d0%bd%d0%b0%d0%b2%d1%87%d0%b0%d0%bd%d0%bd%d1%8f\/sep-permissions-to-1kv\/g1\/\"><img decoding=\"async\" style=\"width: 300px; height: 225px;\" src=\"\/wp-content\/uploads\/2017\/12\/SEP_2016-1030x687.jpg\" alt=\"\" \/><\/a><\/p>\n<div style=\"width: 300px; font-size: 130%;\"><strong><a href=\"https:\/\/kursy-udt.pl\/ua\/szkolenia\/sep-uprawnienia-do-1kv\/g1\/\">G1<\/a> (\u0435\u043b\u0435\u043a\u0442\u0440\u0438\u0447\u043d\u0438\u0439)<\/strong><\/div>\n<p>&nbsp;<\/p>\n<\/div>\n<div style=\"float: left; margin-right: 40px; height: 290px;\">\n<p><a href=\"\/ua\/%d0%bd%d0%b0%d0%b2%d1%87%d0%b0%d0%bd%d0%bd%d1%8f\/sep-permissions-to-1kv\/g2\/\"><img decoding=\"async\" style=\"width: 300px; height: 225px;\" src=\"\/wp-content\/uploads\/2017\/12\/31.jpg\" alt=\"\" \/><\/a><\/p>\n<div style=\"width: 300px; font-size: 130%;\"><strong>G2 (\u0442\u0435\u0440\u043c\u0456\u0447\u043d\u0438\u0439)<\/strong><\/div>\n<p>&nbsp;<\/p>\n<\/div>\n<\/div>\n<div style=\"clear: both;\"><\/div>\n<div style=\"text-align: center; font-size: 85%; line-height: 120%;\">\n<div style=\"float: left; margin-right: 40px; height: 290px;\">\n<p><a href=\"\/ua\/%d0%bd%d0%b0%d0%b2%d1%87%d0%b0%d0%bd%d0%bd%d1%8f\/sep-permissions-to-1kv\/g3\/\"><img decoding=\"async\" style=\"width: 300px; height: 225px;\" src=\"\/wp-content\/uploads\/2017\/12\/SEP_G3_2-495x400-1.jpg\" alt=\"\" \/><\/a><\/p>\n<div style=\"width: 300px; font-size: 130%;\"><strong><a href=\"https:\/\/kursy-udt.pl\/ua\/szkolenia\/sep-uprawnienia-do-1kv\/g3\/\">G3<\/a> (\u0433\u0430\u0437)<\/strong><\/div>\n<p>&nbsp;<\/p>\n<\/div>\n<div style=\"float: left; margin-right: 40px; height: 290px;\">\n<p><a href=\"\/ua\/%d0%bd%d0%b0%d0%b2%d1%87%d0%b0%d0%bd%d0%bd%d1%8f\/sep-permissions-to-1kv\/%d1%96%d1%81%d0%bf%d0%b8%d1%82-%d0%b2%d0%b5%d1%80\/\"><img decoding=\"async\" style=\"width: 300px; height: 225px;\" src=\"\/wp-content\/uploads\/2017\/12\/4-warsztaty.jpg\" alt=\"\" \/><\/a><\/p>\n<div style=\"width: 300px; font-size: 130%;\"><strong>\u0406\u0441\u043f\u0438\u0442 SEP, PSE, SIMP, SITPS<\/strong><\/div>\n<p>&nbsp;<\/p>\n<\/div>\n<\/div>\n<div style=\"text-align: center; font-size: 85%; line-height: 120%;\">\n<div style=\"float: left; margin-right: 40px; height: 290px;\">\n<p><a href=\"\/ua\/%d0%bd%d0%b0%d0%b2%d1%87%d0%b0%d0%bd%d0%bd%d1%8f\/sep-permissions-to-1kv\/perm-sep-how-long-valid-valid\/\"><img decoding=\"async\" style=\"width: 300px; height: 225px;\" src=\"\/wp-content\/uploads\/2017\/12\/g3-4.jpg\" alt=\"\" \/><\/a><\/p>\n<div style=\"width: 300px; font-size: 130%;\"><strong><a href=\"https:\/\/kursy-udt.pl\/ua\/uprawnienia-udt\/kategorie-uprawnien-2\/\">\u041f\u0440\u0430\u0432\u0430<\/a> \u0421\u0418\u0424<\/strong><\/div>\n<\/div>\n<\/div>\n<div><\/div>\n<div style=\"text-align: center; font-size: 85%; line-height: 120%;\">\n<div style=\"float: left; margin-right: 40px; height: 290px;\">\n<p>&nbsp;<\/p>\n<\/div>\n<\/div>\n<div style=\"text-align: center; font-size: 85%; line-height: 120%;\">\n<div style=\"float: left; margin-right: 40px; height: 290px;\">\n<p>&nbsp;<\/p>\n<\/div>\n<\/div>\n<\/div>\n<p>&nbsp;<\/p>\n<p>&nbsp;<\/p>\n<p>&nbsp;<\/p>\n<p>&nbsp;<\/p>\n<p>&nbsp;<\/p>\n<p>&nbsp;<\/p>\n<p>&nbsp;<\/p>\n<p>&nbsp;<\/p>\n<p>&nbsp;<\/p>\n<p>&nbsp;<\/p>\n<p>&nbsp;<\/p>\n<p>&nbsp;<\/p>\n<p>&nbsp;<\/p>\n<p>&nbsp;<\/p>\n<p><a href=\"https:\/\/kursy-udt.pl\/wp-content\/uploads\/2023\/01\/5-kurs-G2-cieplo-kursy-udt.pl_.png\"><img loading=\"lazy\" decoding=\"async\" class=\"aligncenter wp-image-4608\" src=\"https:\/\/kursy-udt.pl\/wp-content\/uploads\/2023\/01\/5-kurs-G2-cieplo-kursy-udt.pl_-300x188.png\" alt=\"\" width=\"750\" height=\"469\" srcset=\"https:\/\/kursy-udt.pl\/wp-content\/uploads\/2023\/01\/5-kurs-G2-cieplo-kursy-udt.pl_-300x188.png 300w, https:\/\/kursy-udt.pl\/wp-content\/uploads\/2023\/01\/5-kurs-G2-cieplo-kursy-udt.pl_-1024x640.png 1024w, https:\/\/kursy-udt.pl\/wp-content\/uploads\/2023\/01\/5-kurs-G2-cieplo-kursy-udt.pl_-768x480.png 768w, https:\/\/kursy-udt.pl\/wp-content\/uploads\/2023\/01\/5-kurs-G2-cieplo-kursy-udt.pl_-18x12.png 18w, https:\/\/kursy-udt.pl\/wp-content\/uploads\/2023\/01\/5-kurs-G2-cieplo-kursy-udt.pl_-624x390.png 624w, https:\/\/kursy-udt.pl\/wp-content\/uploads\/2023\/01\/5-kurs-G2-cieplo-kursy-udt.pl_.png 1200w\" sizes=\"auto, (max-width: 750px) 100vw, 750px\" \/><\/a><\/p>","protected":false},"excerpt":{"rendered":"<p>Kurs G2 Szkolenie cieplne G2 \u2013 urz\u0105dzenia, instalacje i sieci cieplne skierowane jest do os\u00f3b chc\u0105cych zdoby\u0107 kwalifikacje do pracy przy dozorze i eksploatacji sieci, instalacji i urz\u0105dze\u0144 wytwarzaj\u0105cych, przetwarzaj\u0105cych, przesy\u0142aj\u0105cych i zu\u017cywaj\u0105cych ciep\u0142o zaliczanych do kategorii G2. W O\u015brodku ERGON naszym kursantom gwarantujemy pe\u0142ne i profesjonalne przygotowanie. Stosujemy sprawdzone metody szkoleniowe, posiadamy nowoczesne zaplecze, zatrudniamy wykwalifikowanych instruktor\u00f3w i zapewniamy obs\u0142ug\u0119 na najwy\u017cszym poziomie. Kurs G2 przygotowuj\u0105 uczestnik\u00f3w do zdania egzaminu przed komisjami SEP, PSE, SIMP, SITPS skierowany jest do os\u00f3b zajmuj\u0105cych si\u0119 eksploatacj\u0105 urz\u0105dze\u0144, instalacji i sieci cieplnych wytwarzaj\u0105cych, przetwarzaj\u0105cych, przesy\u0142aj\u0105cych i zu\u017cywaj\u0105cych energi\u0119 ciepln\u0105 obejmuj\u0105cy nast\u0119puj\u0105ce urz\u0105dzenia, instalacje i sieci: kot\u0142y parowe oraz wodne na paliwa sta\u0142e, p\u0142ynne i gazowe, o mocy powy\u017cej 50 kW, wraz z urz\u0105dzeniami pomocniczymi sieci i instalacje cieplne wraz z urz\u0105dzeniami pomocniczymi, o przesyle ciep\u0142a powy\u017cej 50 kW turbiny parowe oraz wodne o mocy powy\u017cej 50 kW, wraz z urz\u0105dzeniami pomocniczymi przemys\u0142owe urz\u0105dzenia odbiorcze pary i gor\u0105cej wody, o mocy powy\u017cej 50 kW urz\u0105dzenia wentylacji, klimatyzacji i ch\u0142odnicze o mocy powy\u017cej 50 kW pompy, ssawy, wentylatory i dmuchawy o mocy powy\u017cej 50 kW spr\u0119\u017carki o mocy powy\u017cej 20 kW oraz instalacje spr\u0119\u017conego powietrza i gaz\u00f3w technicznych urz\u0105dzenia do sk\u0142adowania, magazynowania i roz\u0142adunku paliw, o pojemno\u015bci sk\u0142adowania odpowiadaj\u0105cej masie ponad 100 Mg piece przemys\u0142owe o mocy powy\u017cej 50 kW aparatur\u0119 kontrolno-pomiarow\u0105 oraz urz\u0105dzenia i instalacje automatycznej regulacji, sterowania i zabezpiecze\u0144 urz\u0105dze\u0144 i instalacji wymienionych powy\u017cej Szkolenie G2 przygotowuje uczestnik\u00f3w do podej\u015bcia do egzamin\u00f3w przed nast\u0119puj\u0105cymi komisjami certyfikuj\u0105cymi: SEP (Stowarzyszenie Elektryk\u00f3w Polskich), Polskie Stowarzyszenie Elektroinstalacyjne (PSE), Stowarzyszenie In\u017cynier\u00f3w i Technik\u00f3w [&hellip;]<\/p>\n","protected":false},"author":1,"featured_media":2480,"parent":2411,"menu_order":0,"comment_status":"closed","ping_status":"closed","template":"","meta":{"sfsi_plus_gutenberg_text_before_share":"","sfsi_plus_gutenberg_show_text_before_share":"","sfsi_plus_gutenberg_icon_type":"","sfsi_plus_gutenberg_icon_alignemt":"","sfsi_plus_gutenburg_max_per_row":"","footnotes":""},"class_list":["post-2415","page","type-page","status-publish","has-post-thumbnail","hentry","has_thumb"],"aioseo_notices":[],"_links":{"self":[{"href":"https:\/\/kursy-udt.pl\/ua\/wp-json\/wp\/v2\/pages\/2415","targetHints":{"allow":["GET"]}}],"collection":[{"href":"https:\/\/kursy-udt.pl\/ua\/wp-json\/wp\/v2\/pages"}],"about":[{"href":"https:\/\/kursy-udt.pl\/ua\/wp-json\/wp\/v2\/types\/page"}],"author":[{"embeddable":true,"href":"https:\/\/kursy-udt.pl\/ua\/wp-json\/wp\/v2\/users\/1"}],"replies":[{"embeddable":true,"href":"https:\/\/kursy-udt.pl\/ua\/wp-json\/wp\/v2\/comments?post=2415"}],"version-history":[{"count":14,"href":"https:\/\/kursy-udt.pl\/ua\/wp-json\/wp\/v2\/pages\/2415\/revisions"}],"predecessor-version":[{"id":4609,"href":"https:\/\/kursy-udt.pl\/ua\/wp-json\/wp\/v2\/pages\/2415\/revisions\/4609"}],"up":[{"embeddable":true,"href":"https:\/\/kursy-udt.pl\/ua\/wp-json\/wp\/v2\/pages\/2411"}],"wp:featuredmedia":[{"embeddable":true,"href":"https:\/\/kursy-udt.pl\/ua\/wp-json\/wp\/v2\/media\/2480"}],"wp:attachment":[{"href":"https:\/\/kursy-udt.pl\/ua\/wp-json\/wp\/v2\/media?parent=2415"}],"curies":[{"name":"wp","href":"https:\/\/api.w.org\/{rel}","templated":true}]}}