{"id":2411,"date":"2017-12-06T15:25:48","date_gmt":"2017-12-06T15:25:48","guid":{"rendered":"http:\/\/kursy-udt.pl\/?page_id=2411"},"modified":"2022-06-15T10:19:25","modified_gmt":"2022-06-15T10:19:25","slug":"sep-permissions-to-1kv","status":"publish","type":"page","link":"https:\/\/kursy-udt.pl\/ua\/szkolenia\/sep-uprawnienia-do-1kv\/","title":{"rendered":"\u041d\u0430\u0432\u0447\u0430\u043d\u043d\u044f \u043a\u0432\u0430\u043b\u0456\u0444\u0456\u043a\u0430\u0446\u0456\u0457 1\u043a\u0412, G1, G2, G3"},"content":{"rendered":"<h2 class=\"naglowekh2\"><a href=\"https:\/\/kursy-udt.pl\/wp-content\/uploads\/2022\/06\/1584347646_32535235.jpg\"><img loading=\"lazy\" decoding=\"async\" class=\"aligncenter wp-image-3848 size-full\" src=\"https:\/\/kursy-udt.pl\/wp-content\/uploads\/2022\/06\/1584347646_32535235.jpg\" alt=\"\" width=\"726\" height=\"305\" srcset=\"https:\/\/kursy-udt.pl\/wp-content\/uploads\/2022\/06\/1584347646_32535235.jpg 726w, https:\/\/kursy-udt.pl\/wp-content\/uploads\/2022\/06\/1584347646_32535235-300x126.jpg 300w, https:\/\/kursy-udt.pl\/wp-content\/uploads\/2022\/06\/1584347646_32535235-624x262.jpg 624w\" sizes=\"auto, (max-width: 726px) 100vw, 726px\" \/><\/a>\u041a\u0443\u0440\u0441\u0438 \u043d\u0430 \u043f\u0440\u0438\u043f\u0443\u0441\u043a\u0438 \u0434\u043e 1 \u043a\u0412 - \u04131, \u04132, \u04133<\/h2>\n<p>\u041d\u0430\u0432\u0447\u0430\u043b\u044c\u043d\u0438\u0439 \u0446\u0435\u043d\u0442\u0440 ERGON Card \u0437\u0430\u043f\u0440\u043e\u0448\u0443\u0454 \u043d\u0430 \u043a\u0443\u0440\u0441, \u044f\u043a\u0438\u0439 \u043e\u0440\u0456\u0454\u043d\u0442\u043e\u0432\u0430\u043d\u0438\u0439 \u043d\u0430 \u043b\u044e\u0434\u0435\u0439, \u044f\u043a\u0456 \u0445\u043e\u0447\u0443\u0442\u044c \u043f\u0456\u0434\u0433\u043e\u0442\u0443\u0432\u0430\u0442\u0438\u0441\u044f \u0434\u043e \u0441\u043a\u043b\u0430\u0434\u0430\u043d\u043d\u044f \u0456\u0441\u043f\u0438\u0442\u0443 \u043f\u0435\u0440\u0435\u0434 \u043a\u043e\u043c\u0456\u0441\u0456\u044f\u043c\u0438 SEP, PSE, SIMP \u0442\u0430 SITPS. \u041c\u0438 \u043d\u0430\u0434\u0430\u0454\u043c\u043e \u043f\u0440\u043e\u0444\u0435\u0441\u0456\u0439\u043d\u0456 \u0442\u0430 \u043a\u043e\u043c\u043f\u043b\u0435\u043a\u0441\u043d\u0456 \u043f\u043e\u0441\u043b\u0443\u0433\u0438. \u041c\u0438 \u043c\u0430\u0454\u043c\u043e \u0431\u0430\u0433\u0430\u0442\u043e\u0440\u0456\u0447\u043d\u0438\u0439 \u0434\u043e\u0441\u0432\u0456\u0434 \u0443 \u043f\u0440\u043e\u0432\u0435\u0434\u0435\u043d\u043d\u0456 \u0437\u0430\u043d\u044f\u0442\u044c, \u044f\u043a\u0456 \u0434\u043e\u0437\u0432\u043e\u043b\u044f\u044e\u0442\u044c \u0441\u043a\u043b\u0430\u0441\u0442\u0438 \u0456\u0441\u043f\u0438\u0442 \u043d\u0430 <a href=\"https:\/\/kursy-udt.pl\/ua\/uprawnienia-udt\/kategorie-uprawnien-2\/\">\u043f\u0440\u0430\u0432\u0430<\/a> \u0432 \u043a\u0430\u0442\u0435\u0433\u043e\u0440\u0456\u044f\u0445 <a href=\"https:\/\/kursy-udt.pl\/ua\/szkolenia\/sep-uprawnienia-do-1kv\/g1\/\">G1<\/a>, G2 \u0456 <a href=\"https:\/\/kursy-udt.pl\/ua\/szkolenia\/sep-uprawnienia-do-1kv\/g3\/\">G3<\/a> \u0434\u043b\u044f \u0440\u043e\u0431\u043e\u0442\u0438 \u0437 \u0440\u0456\u0437\u043d\u0438\u043c\u0438 \u043c\u0435\u0440\u0435\u0436\u0430\u043c\u0438, \u0443\u0441\u0442\u0430\u043d\u043e\u0432\u043a\u0430\u043c\u0438 \u0442\u0430 \u043f\u0440\u0438\u0441\u0442\u0440\u043e\u044f\u043c\u0438, \u0430 \u0442\u0430\u043a\u043e\u0436 \u043e\u0440\u0433\u0430\u043d\u0456\u0437\u043e\u0432\u0430\u043d\u0438\u043c\u0438 PSE, SIMP, SITPS.<\/p>\n<p>\u041d\u0430\u0448\u0456 \u043d\u0430\u0432\u0447\u0430\u043b\u044c\u043d\u0456 \u043a\u0443\u0440\u0441\u0438 \u0433\u043e\u0442\u0443\u044e\u0442\u044c \u0443\u0447\u0430\u0441\u043d\u0438\u043a\u0456\u0432 \u0434\u043e \u0441\u043a\u043b\u0430\u0434\u0430\u043d\u043d\u044f \u0456\u0441\u043f\u0438\u0442\u0456\u0432 \u043f\u0435\u0440\u0435\u0434 \u043a\u043e\u043c\u0456\u0441\u0456\u044f\u043c\u0438 SEP, PSE, SIMP, SITPS \u0456 \u0440\u043e\u0437\u0440\u043e\u0431\u043b\u0435\u043d\u0456 \u0442\u0430\u043a\u0438\u043c \u0447\u0438\u043d\u043e\u043c, \u0449\u043e\u0431 \u043f\u043e\u0454\u0434\u043d\u0430\u0442\u0438 \u0442\u0435\u043e\u0440\u0435\u0442\u0438\u0447\u043d\u0456 \u0437\u043d\u0430\u043d\u043d\u044f \u0437 \u043f\u0440\u0430\u043a\u0442\u0438\u043a\u043e\u044e \u0443 \u0432\u0438\u0433\u043b\u044f\u0434\u0456 \u0430\u043a\u0442\u0438\u0432\u043d\u0438\u0445 \u0432\u043f\u0440\u0430\u0432. \u041a\u043e\u0436\u0435\u043d \u043a\u0443\u0440\u0441 \u0432\u043a\u043b\u044e\u0447\u0430\u0454 \u0434\u0435\u0442\u0430\u043b\u044c\u043d\u0443 \u0456\u043d\u0444\u043e\u0440\u043c\u0430\u0446\u0456\u044e \u043f\u0440\u043e \u043e\u0431\u043e\u0432'\u044f\u0437\u043a\u0438 \u043f\u0440\u0430\u0446\u0456\u0432\u043d\u0438\u043a\u0430, \u043f\u0440\u0430\u0432\u0438\u043b\u0430, \u0432\u0438\u043c\u043e\u0433\u0438 <a href=\"https:\/\/kursy-udt.pl\/ua\/szkolenia\/bhp-bezpieczenstwo-pracy\/prawna-ochrona-pracy\/\">\u0417\u0434\u043e\u0440\u043e\u0432&#039;\u044f \u0456 \u0431\u0435\u0437\u043f\u0435\u043a\u0430<\/a>. \u041d\u0430\u043f\u0440\u0438\u043a\u0456\u043d\u0446\u0456 \u0437\u0430\u043d\u044f\u0442\u0442\u044f \u0443\u0447\u0430\u0441\u043d\u0438\u043a\u0438 \u043f\u0440\u043e\u0444\u0435\u0441\u0456\u0439\u043d\u043e \u043f\u0456\u0434\u0433\u043e\u0442\u043e\u0432\u043b\u0435\u043d\u0456 \u0434\u043e \u0441\u043a\u043b\u0430\u0434\u0430\u043d\u043d\u044f \u0456\u0441\u043f\u0438\u0442\u0443 \u043f\u0435\u0440\u0435\u0434 \u0441\u0435\u0440\u0442\u0438\u0444\u0456\u043a\u0430\u0446\u0456\u0439\u043d\u0438\u043c\u0438 \u043a\u043e\u043c\u0456\u0441\u0456\u044f\u043c\u0438.<\/p>\n<h2 class=\"naglowekh2\">\u0422\u0438\u043f\u0438 \u0434\u043e\u0437\u0432\u043e\u043b\u0456\u0432:<\/h2>\n<ul>\n<li>\u04131 - \u0435\u043b\u0435\u043a\u0442\u0440\u0438\u0447\u043d\u0456 \u043c\u0435\u0440\u0435\u0436\u0456, \u0443\u0441\u0442\u0430\u043d\u043e\u0432\u043a\u0438 \u0442\u0430 \u043f\u0440\u0438\u0441\u0442\u0440\u043e\u0457, \u0449\u043e \u0432\u0438\u0440\u043e\u0431\u043b\u044f\u044e\u0442\u044c, \u043f\u0435\u0440\u0435\u0440\u043e\u0431\u043b\u044f\u044e\u0442\u044c \u0456 \u0441\u043f\u043e\u0436\u0438\u0432\u0430\u044e\u0442\u044c \u0435\u043b\u0435\u043a\u0442\u0440\u043e\u0435\u043d\u0435\u0440\u0433\u0456\u044e<\/li>\n<li>G2 - \u043c\u0435\u0440\u0435\u0436\u0456, \u0443\u0441\u0442\u0430\u043d\u043e\u0432\u043a\u0438 \u0442\u0430 \u043f\u0440\u0438\u0441\u0442\u0440\u043e\u0457, \u0449\u043e \u0432\u0438\u0440\u043e\u0431\u043b\u044f\u044e\u0442\u044c, \u043f\u0435\u0440\u0435\u0440\u043e\u0431\u043b\u044f\u044e\u0442\u044c, \u043f\u0435\u0440\u0435\u0434\u0430\u044e\u0442\u044c \u0456 \u0441\u043f\u043e\u0436\u0438\u0432\u0430\u044e\u0442\u044c \u0442\u0435\u043f\u043b\u043e<\/li>\n<li>G3 - \u0433\u0430\u0437\u043e\u0432\u0456 \u043c\u0435\u0440\u0435\u0436\u0456, \u0443\u0441\u0442\u0430\u043d\u043e\u0432\u043a\u0438 \u0442\u0430 \u043f\u0440\u0438\u0441\u0442\u0440\u043e\u0457, \u0449\u043e \u0432\u0438\u0440\u043e\u0431\u043b\u044f\u044e\u0442\u044c, \u043f\u0435\u0440\u0435\u0440\u043e\u0431\u043b\u044f\u044e\u0442\u044c, \u0442\u0440\u0430\u043d\u0441\u043f\u043e\u0440\u0442\u0443\u044e\u0442\u044c, \u0437\u0431\u0435\u0440\u0456\u0433\u0430\u044e\u0442\u044c \u0456 \u0441\u043f\u043e\u0436\u0438\u0432\u0430\u044e\u0442\u044c \u0433\u0430\u0437\u043e\u043f\u043e\u0434\u0456\u0431\u043d\u0435 \u043f\u0430\u043b\u0438\u0432\u043e.<\/li>\n<\/ul>\n<p>\u041a\u0443\u0440\u0441, \u044f\u043a\u0438\u0439 \u043c\u0438 \u043e\u0440\u0433\u0430\u043d\u0456\u0437\u043e\u0432\u0443\u0454\u043c\u043e, \u0433\u043e\u0442\u0443\u0454 \u0432\u0430\u0441 \u0434\u043e \u0441\u043a\u043b\u0430\u0434\u0430\u043d\u043d\u044f \u0456\u0441\u043f\u0438\u0442\u0456\u0432 \u043f\u0435\u0440\u0435\u0434 \u0442\u0430\u043a\u0438\u043c\u0438 \u0441\u0435\u0440\u0442\u0438\u0444\u0456\u043a\u0430\u0446\u0456\u0439\u043d\u0438\u043c\u0438 \u043a\u043e\u043c\u0456\u0442\u0435\u0442\u0430\u043c\u0438: SEP (\u0410\u0441\u043e\u0446\u0456\u0430\u0446\u0456\u044f \u043f\u043e\u043b\u044c\u0441\u044c\u043a\u0438\u0445 \u0456\u043d\u0436\u0435\u043d\u0435\u0440\u0456\u0432-\u0435\u043b\u0435\u043a\u0442\u0440\u0438\u043a\u0456\u0432), \u041f\u043e\u043b\u044c\u0441\u044c\u043a\u0430 \u0430\u0441\u043e\u0446\u0456\u0430\u0446\u0456\u044f \u0435\u043b\u0435\u043a\u0442\u0440\u043e\u043c\u043e\u043d\u0442\u0430\u0436\u0443 (PSE), \u0410\u0441\u043e\u0446\u0456\u0430\u0446\u0456\u044f \u0456\u043d\u0436\u0435\u043d\u0435\u0440\u0456\u0432 \u0456 \u0442\u0435\u0445\u043d\u0456\u043a\u0456\u0432 \u0445\u0430\u0440\u0447\u043e\u0432\u043e\u0457 \u043f\u0440\u043e\u043c\u0438\u0441\u043b\u043e\u0432\u043e\u0441\u0442\u0456 (SITPS \u0430\u0431\u043e SITSpo\u017c), \u0410\u0441\u043e\u0446\u0456\u0430\u0446\u0456\u044f \u043f\u043e\u043b\u044c\u0441\u044c\u043a\u0438\u0445 \u0456\u043d\u0436\u0435\u043d\u0435\u0440\u0456\u0432-\u043c\u0435\u0445\u0430\u043d\u0456\u043a\u0456\u0432 (SIMP).<\/p>\n<h2 class=\"naglowekh2\">\u041c\u0435\u0442\u0430 \u0442\u0440\u0435\u043d\u0456\u043d\u0433\u0443<\/h2>\n<p>\u041e\u0441\u043e\u0431\u0438 \u0437 \u0432\u0456\u0434\u043f\u043e\u0432\u0456\u0434\u043d\u043e\u044e \u043a\u0432\u0430\u043b\u0456\u0444\u0456\u043a\u0430\u0446\u0456\u0454\u044e \u0435\u043b\u0435\u043a\u0442\u0440\u043e\u043c\u043e\u043d\u0442\u0430\u0436\u043d\u0438\u043a\u0430 \u0442\u0430 \u0442\u0456, \u0445\u0442\u043e \u043f\u0440\u0430\u0446\u044e\u0454 \u0437 \u0456\u043d\u0448\u0438\u043c\u0438 \u043c\u0435\u0440\u0435\u0436\u0430\u043c\u0438, \u0443\u0441\u0442\u0430\u043d\u043e\u0432\u043a\u0430\u043c\u0438 \u0442\u0430 \u043f\u0440\u0438\u0441\u0442\u0440\u043e\u044f\u043c\u0438, \u043c\u043e\u0436\u0443\u0442\u044c \u043f\u0440\u0430\u0446\u044e\u0432\u0430\u0442\u0438 \u0437\u0430 \u043f\u0440\u043e\u0444\u0435\u0441\u0456\u0454\u044e, \u044f\u043a\u0430 \u0432\u0438\u043c\u0430\u0433\u0430\u0454 \u0442\u0430\u043a\u043e\u0457 \u043a\u0432\u0430\u043b\u0456\u0444\u0456\u043a\u0430\u0446\u0456\u0457.<\/p>\n<p>\u041f\u0440\u043e\u043f\u043e\u043d\u0443\u0454\u043c\u043e \u0412\u0430\u043c \u043e\u0437\u043d\u0430\u0439\u043e\u043c\u0438\u0442\u0438\u0441\u044f \u0437 \u043d\u0430\u0448\u043e\u044e \u043f\u0440\u043e\u043f\u043e\u0437\u0438\u0446\u0456\u0454\u044e, \u043f\u0440\u0435\u0434\u0441\u0442\u0430\u0432\u043b\u0435\u043d\u043e\u044e \u043d\u0430 \u0441\u0430\u0439\u0442\u0456. \u041c\u0438 \u043e\u0440\u0433\u0430\u043d\u0456\u0437\u043e\u0432\u0443\u0454\u043c\u043e \u0432\u0456\u0434\u043a\u0440\u0438\u0442\u0456 \u0442\u0430 \u0437\u0430\u043a\u0440\u0438\u0442\u0456 \u043d\u0430\u0432\u0447\u0430\u043b\u044c\u043d\u0456 \u043a\u0443\u0440\u0441\u0438 \u0432 \u043c\u0456\u0441\u0446\u0456 \u0442\u0430 \u0447\u0430\u0441, \u0432\u043a\u0430\u0437\u0430\u043d\u0456 \u043a\u043b\u0456\u0454\u043d\u0442\u043e\u043c. \u041f\u0440\u043e\u043f\u043e\u043d\u0443\u0454\u043c\u043e \u043c\u043e\u0436\u043b\u0438\u0432\u0456\u0441\u0442\u044c \u0434\u043e\u043c\u043e\u0432\u0438\u0442\u0438\u0441\u044f \u043f\u0440\u043e \u0446\u0456\u043d\u0438. \u042f\u043a\u0449\u043e \u0443 \u0432\u0430\u0441 \u0432\u0438\u043d\u0438\u043a\u043d\u0443\u0442\u044c \u0434\u043e\u0434\u0430\u0442\u043a\u043e\u0432\u0456 \u0437\u0430\u043f\u0438\u0442\u0430\u043d\u043d\u044f, \u0431\u0443\u0434\u044c \u043b\u0430\u0441\u043a\u0430, \u043d\u0435 \u0441\u043e\u0440\u043e\u043c\u0442\u0435\u0441\u044f \u0437\u0432\u2019\u044f\u0437\u0430\u0442\u0438\u0441\u044f \u0437 \u043d\u0430\u043c\u0438.<\/p>\n<p>\u0429\u0438\u0440\u043e \u0437\u0430\u043f\u0440\u043e\u0448\u0443\u0454\u043c\u043e \u0412\u0430\u0441 \u0441\u043a\u043e\u0440\u0438\u0441\u0442\u0430\u0442\u0438\u0441\u044f \u043d\u0430\u0448\u043e\u044e \u043f\u0440\u043e\u043f\u043e\u0437\u0438\u0446\u0456\u0454\u044e!<\/p>\n<div class=\"button_styl\" style=\"float: right; padding-left: 15px; padding-bottom: 8px; margin-bottom: 5px;\"><a class=\"myButton myButton_maly\" href=\"https:\/\/platformaedukacji.pl\/login\/signup.php\" target=\"_blank\" rel=\"nofollow noopener noreferrer\"><span style=\"color: white;\">\u0417\u0430\u043f\u0438\u0448\u0456\u0442\u044c\u0441\u044f \u043d\u0430 \u043d\u0430\u0432\u0447\u0430\u043d\u043d\u044f<\/span><\/a><\/div>\n<div style=\"padding-top: 70px;\">\n<h2>\u0411\u0456\u043b\u044c\u0448\u0435 \u0456\u043d\u0444\u043e\u0440\u043c\u0430\u0446\u0456\u0457:<\/h2>\n<div style=\"text-align: center; font-size: 85%; line-height: 120%;\">\n<div style=\"float: left; margin-right: 40px; height: 290px;\">\n<p><a href=\"\/ua\/%d0%bd%d0%b0%d0%b2%d1%87%d0%b0%d0%bd%d0%bd%d1%8f\/sep-permissions-to-1kv\/g1\/\"><img decoding=\"async\" style=\"width: 300px; height: 225px;\" src=\"\/wp-content\/uploads\/2017\/12\/SEP_2016-1030x687.jpg\" alt=\"\" \/><\/a><\/p>\n<div style=\"width: 300px; font-size: 130%;\"><strong>G1 (\u0435\u043b\u0435\u043a\u0442\u0440\u0438\u0447\u043d\u0438\u0439)<\/strong><\/div>\n<p>&nbsp;<\/p>\n<\/div>\n<div style=\"float: left; margin-right: 40px; height: 290px;\">\n<p><a href=\"\/ua\/%d0%bd%d0%b0%d0%b2%d1%87%d0%b0%d0%bd%d0%bd%d1%8f\/sep-permissions-to-1kv\/g2\/\"><img decoding=\"async\" style=\"width: 300px; height: 225px;\" src=\"\/wp-content\/uploads\/2017\/12\/31.jpg\" alt=\"\" \/><\/a><\/p>\n<div style=\"width: 300px; font-size: 130%;\"><strong>G2 (\u0442\u0435\u0440\u043c\u0456\u0447\u043d\u0438\u0439)<\/strong><\/div>\n<p>&nbsp;<\/p>\n<\/div>\n<\/div>\n<div style=\"clear: both;\"><\/div>\n<div style=\"text-align: center; font-size: 85%; line-height: 120%;\">\n<div style=\"float: left; margin-right: 40px; height: 290px;\">\n<p><a href=\"\/ua\/%d0%bd%d0%b0%d0%b2%d1%87%d0%b0%d0%bd%d0%bd%d1%8f\/sep-permissions-to-1kv\/g3\/\"><img decoding=\"async\" style=\"width: 300px; height: 225px;\" src=\"\/wp-content\/uploads\/2017\/12\/SEP_G3_2-495x400-1.jpg\" alt=\"\" \/><\/a><\/p>\n<div style=\"width: 300px; font-size: 130%;\"><strong>G3 (\u0433\u0430\u0437)<\/strong><\/div>\n<p>&nbsp;<\/p>\n<\/div>\n<div style=\"float: left; margin-right: 40px; height: 290px;\">\n<p><a href=\"\/ua\/%d0%bd%d0%b0%d0%b2%d1%87%d0%b0%d0%bd%d0%bd%d1%8f\/sep-permissions-to-1kv\/%d1%96%d1%81%d0%bf%d0%b8%d1%82-%d0%b2%d0%b5%d1%80\/\"><img decoding=\"async\" src=\"\/wp-content\/uploads\/2017\/12\/4-warsztaty.jpg\" alt=\"\" \/><\/a><\/p>\n<div style=\"width: 300px; font-size: 130%;\"><strong>\u0406\u0441\u043f\u0438\u0442\u0438 G1, G2, G3, PSE, SIMP, SITPS<\/strong><\/div>\n<p>&nbsp;<\/p>\n<\/div>\n<\/div>\n<div style=\"text-align: center; font-size: 85%; line-height: 120%;\">\n<div style=\"float: left; margin-right: 40px; height: 290px;\">\n<p><a href=\"\/ua\/%d0%bd%d0%b0%d0%b2%d1%87%d0%b0%d0%bd%d0%bd%d1%8f\/sep-permissions-to-1kv\/perm-sep-how-long-valid-valid\/\"><img decoding=\"async\" style=\"width: 300px; height: 225px;\" src=\"\/wp-content\/uploads\/2017\/12\/g3-4.jpg\" alt=\"\" \/><\/a><\/p>\n<div style=\"width: 300px; font-size: 130%;\"><strong>\u0414\u043e\u0437\u0432\u043e\u043b\u0438 G1, G2, G3<\/strong><\/div>\n<p>&nbsp;<\/p>\n<\/div>\n<\/div>\n<div style=\"text-align: center; font-size: 85%; line-height: 120%;\">\n<div style=\"float: left; margin-right: 40px; height: 290px;\">\n<div style=\"width: 300px; font-size: 130%;\"><\/div>\n<p>&nbsp;<\/p>\n<\/div>\n<\/div>\n<\/div>","protected":false},"excerpt":{"rendered":"<p>Kursy na uprawnienia do 1 kV \u2013 G1, G2, G3 O\u015brodek Doskonalenia Kard ERGON zaprasza na kurs, kt\u00f3ry skierowany jest do os\u00f3b chc\u0105cych przygotowa\u0107 si\u0119 do zdania egzaminu przed komisjami SEP, PSE, SIMP, SITPS. Zapewniamy profesjonaln\u0105 i kompleksow\u0105 obs\u0142ug\u0119. Posiadamy wieloletnie do\u015bwiadczenie w ramach realizacji zaj\u0119\u0107 pozwalaj\u0105cych na podej\u015bcie do egzaminu na uprawnienia w kategoriach G1, G2 oraz G3 do pracy z r\u00f3\u017cnymi sieciami, instalacjami i urz\u0105dzeniami, a tak\u017ce organizowanego przez PSE, SIMP, SITPS. Prowadzone przez nas szkolenia przygotowuj\u0105 uczestnik\u00f3w do zdania egzaminu przed komisjami SEP, PSE, SIMP, SITPS s\u0105 stworzone z naciskiem na po\u0142\u0105czenie wiedzy teoretycznej oraz praktyki w formie aktywizuj\u0105cych \u0107wicze\u0144. Ka\u017cdy kurs w\u0142\u0105cza dok\u0142adne informacje dotycz\u0105ce obowi\u0105zk\u00f3w pracownika, przepis\u00f3w, wymaga\u0144 BHP. Po zako\u0144czeniu zaj\u0119\u0107 uczestnicy s\u0105 profesjonalnie przygotowani do wzi\u0119cia udzia\u0142u w egzaminie przed komisjami certyfikuj\u0105cymi. Rodzaje uprawnie\u0144: G1 \u2013 sieci, instalacje i urz\u0105dzenia elektroenergetyczne wytwarzaj\u0105ce, przetwarzaj\u0105ce i zu\u017cywaj\u0105ce energi\u0119 elektryczn\u0105 G2 \u2013 sieci, instalacje i urz\u0105dzenia wytwarzaj\u0105ce, przetwarzaj\u0105ce, przesy\u0142aj\u0105ce i zu\u017cywaj\u0105ce ciep\u0142o G3 \u2013 sieci, instalacje i urz\u0105dzenia gazowe wytwarzaj\u0105ce, przetwarzaj\u0105ce, przesy\u0142aj\u0105ce, magazynuj\u0105ce i zu\u017cywaj\u0105ce paliwa gazowe Organizowany przez nas kurs przygotowuje do podej\u015bcia do egzamin\u00f3w przed nast\u0119puj\u0105cymi komisjami certyfikuj\u0105cymi: SEP (Stowarzyszenie Elektryk\u00f3w Polskich), Polskie Stowarzyszenie Elektroinstalacyjne (PSE), Stowarzyszenie In\u017cynier\u00f3w i Technik\u00f3w Przemys\u0142u Spo\u017cywczego (SITPS lub SITSpo\u017c), Stowarzyszenie In\u017cynier\u00f3w Mechanik\u00f3w Polskich (SIMP). Cel szkolenia Osoby posiadaj\u0105ce stosowne uprawnienia budowlane elektryczne oraz do pracy z innymi sieciami, instalacjami i urz\u0105dzeniami mog\u0105 podj\u0105\u0107 zatrudnienie w zawodzie wymagaj\u0105cym posiadania takich w\u0142a\u015bnie uprawnie\u0144. Zach\u0119camy do bli\u017cszego zapoznania si\u0119 z nasz\u0105 ofert\u0105 zaprezentowan\u0105 na stronie internetowej. Zajmujemy si\u0119 organizacj\u0105 szkole\u0144 otwartych i zamkni\u0119tych prowadzonych we wskazanym [&hellip;]<\/p>\n","protected":false},"author":1,"featured_media":0,"parent":65,"menu_order":0,"comment_status":"closed","ping_status":"closed","template":"","meta":{"sfsi_plus_gutenberg_text_before_share":"","sfsi_plus_gutenberg_show_text_before_share":"","sfsi_plus_gutenberg_icon_type":"","sfsi_plus_gutenberg_icon_alignemt":"","sfsi_plus_gutenburg_max_per_row":"","footnotes":""},"class_list":["post-2411","page","type-page","status-publish","hentry","has_thumb"],"aioseo_notices":[],"_links":{"self":[{"href":"https:\/\/kursy-udt.pl\/ua\/wp-json\/wp\/v2\/pages\/2411","targetHints":{"allow":["GET"]}}],"collection":[{"href":"https:\/\/kursy-udt.pl\/ua\/wp-json\/wp\/v2\/pages"}],"about":[{"href":"https:\/\/kursy-udt.pl\/ua\/wp-json\/wp\/v2\/types\/page"}],"author":[{"embeddable":true,"href":"https:\/\/kursy-udt.pl\/ua\/wp-json\/wp\/v2\/users\/1"}],"replies":[{"embeddable":true,"href":"https:\/\/kursy-udt.pl\/ua\/wp-json\/wp\/v2\/comments?post=2411"}],"version-history":[{"count":16,"href":"https:\/\/kursy-udt.pl\/ua\/wp-json\/wp\/v2\/pages\/2411\/revisions"}],"predecessor-version":[{"id":3849,"href":"https:\/\/kursy-udt.pl\/ua\/wp-json\/wp\/v2\/pages\/2411\/revisions\/3849"}],"up":[{"embeddable":true,"href":"https:\/\/kursy-udt.pl\/ua\/wp-json\/wp\/v2\/pages\/65"}],"wp:attachment":[{"href":"https:\/\/kursy-udt.pl\/ua\/wp-json\/wp\/v2\/media?parent=2411"}],"curies":[{"name":"wp","href":"https:\/\/api.w.org\/{rel}","templated":true}]}}