{"id":2370,"date":"2017-09-12T17:33:03","date_gmt":"2017-09-12T17:33:03","guid":{"rendered":"http:\/\/kursy-udt.pl\/?page_id=2370"},"modified":"2022-09-16T07:54:43","modified_gmt":"2022-09-16T07:54:43","slug":"%d1%80%d0%be%d0%b1%d0%be%d1%82%d0%b0-%d0%bd%d0%b0-%d1%81%d1%82%d0%be%d0%b2%d0%bf%d0%b0%d1%85-%d1%89%d0%be%d0%b3%d0%bb%d0%b0%d1%85","status":"publish","type":"page","link":"https:\/\/kursy-udt.pl\/ua\/szkolenia\/wysokosciowe-na-uprawnienia-alpinistyczne\/praca-na-slupach-masztach\/","title":{"rendered":"\u0420\u043e\u0431\u043e\u0442\u0438 \u043d\u0430 \u043e\u043f\u043e\u0440\u0430\u0445, \u0449\u043e\u0433\u043b\u0430\u0445, \u0431\u0430\u0448\u0442\u043e\u0432\u0438\u0445 \u043a\u043e\u043d\u0441\u0442\u0440\u0443\u043a\u0446\u0456\u044f\u0445, \u0434\u0438\u043c\u043e\u0445\u043e\u0434\u0430\u0445, \u0431\u0443\u0434\u0456\u0432\u0435\u043b\u044c\u043d\u0438\u0445 \u043a\u043e\u043d\u0441\u0442\u0440\u0443\u043a\u0446\u0456\u044f\u0445 \u0431\u0435\u0437 \u043f\u0435\u0440\u0435\u043a\u0440\u0438\u0442\u0442\u0456\u0432"},"content":{"rendered":"<p><img loading=\"lazy\" decoding=\"async\" class=\"paddingleft10 alignleft wp-image-2400\" src=\"https:\/\/kursy-udt.pl\/wp-content\/uploads\/2017\/11\/praca-na-kominach-zdjecie_m.jpeg\" alt=\"\" width=\"200\" height=\"150\" \/>\u0414\u043e \u043d\u0430\u0439\u0431\u0456\u043b\u044c\u0448 \u043d\u0435\u0431\u0435\u0437\u043f\u0435\u0447\u043d\u0438\u0445 \u0440\u043e\u0431\u0456\u0442 \u043d\u0430 \u0432\u0438\u0441\u043e\u0442\u0456 \u043d\u0430\u043b\u0435\u0436\u0430\u0442\u044c \u0440\u043e\u0431\u043e\u0442\u0438 \u043d\u0430 \u0441\u0442\u043e\u0432\u043f\u0430\u0445, \u0449\u043e\u0433\u043b\u0430\u0445, \u0431\u0430\u0448\u0442\u043e\u0432\u0438\u0445 \u043a\u043e\u043d\u0441\u0442\u0440\u0443\u043a\u0446\u0456\u044f\u0445, \u0434\u0438\u043c\u043e\u0432\u0438\u0445 \u0442\u0440\u0443\u0431\u0430\u0445, \u0431\u0443\u0434\u0456\u0432\u0435\u043b\u044c\u043d\u0438\u0445 \u043a\u043e\u043d\u0441\u0442\u0440\u0443\u043a\u0446\u0456\u044f\u0445 \u0431\u0435\u0437 \u043f\u0435\u0440\u0435\u043a\u0440\u0438\u0442\u0442\u0456\u0432, \u0430 \u0442\u0430\u043a\u043e\u0436 \u043d\u0430 \u0433\u0430\u043b\u0435\u0440\u0435\u044f\u0445, \u043f\u043b\u0430\u0442\u0444\u043e\u0440\u043c\u0430\u0445, \u043f\u043b\u043e\u0449\u0430\u0434\u043a\u0430\u0445 \u0442\u0430 \u0456\u043d\u0448\u0438\u0445 \u043f\u0456\u0434\u0432\u0438\u0449\u0435\u043d\u043d\u044f\u0445, \u043a\u043e\u043b\u0438 \u0437\u0430 \u0432\u0438\u0434\u043e\u043c \u0440\u043e\u0431\u0456\u0442 \u043f\u0440\u0430\u0446\u0456\u0432\u043d\u0438\u043a \u043f\u043e\u0432\u0438\u043d\u0435\u043d \u043d\u0430\u0445\u0438\u043b\u044f\u0442\u0438\u0441\u044f \u0437\u0430 \u043f\u043e\u0440\u0443\u0447\u043d\u0456 \u0430\u0431\u043e \u043a\u043e\u043d\u0442\u0443\u0440 \u043f\u0440\u0438\u0441\u0442\u0440\u043e\u044e, \u043f\u0456\u0434 \u0447\u0430\u0441 \u0441\u0442\u043e\u044f\u043d\u043d\u044f \u0430\u0431\u043e \u043f\u0440\u0438\u0439\u043d\u044f\u0442\u0442\u044f \u0456\u043d\u0448\u043e\u0433\u043e \u0442\u0438\u043f\u0443 \u0432\u0438\u043c\u0443\u0448\u0435\u043d\u043e\u0433\u043e \u043f\u043e\u043b\u043e\u0436\u0435\u043d\u043d\u044f \u0442\u0456\u043b\u0430, \u044f\u043a\u0435 \u043c\u043e\u0436\u0435 \u043f\u0440\u0438\u0437\u0432\u0435\u0441\u0442\u0438 \u0434\u043e \u043f\u0430\u0434\u0456\u043d\u043d\u044f \u0437 \u0432\u0438\u0441\u043e\u0442\u0438.<\/p>\n<div class=\"wyjustuj\">\n<p>\u0420\u043e\u0431\u043e\u0442\u0430 \u043d\u0430 \u0432\u0438\u0441\u043e\u0442\u0456 \u0432\u0438\u043c\u0430\u0433\u0430\u0454 \u0432\u0456\u0434\u043f\u043e\u0432\u0456\u0434\u043d\u043e\u0457 \u043f\u0456\u0434\u0433\u043e\u0442\u043e\u0432\u043a\u0438. \u041f\u0440\u0430\u0446\u0456\u0432\u043d\u0438\u043a \u043f\u043e\u0432\u0438\u043d\u0435\u043d \u0437\u0430\u0439\u043d\u044f\u0442\u0438 \u043c\u0456\u0441\u0446\u0435 <a href=\"https:\/\/kursy-udt.pl\/ua\/szkolenia\/wysokosciowe-na-uprawnienia-alpinistyczne\/\">\u0432\u0438\u0441\u043e\u0442\u043d\u0438\u0439 \u043a\u0443\u0440\u0441<\/a>\u044f\u043a\u0438\u0439 \u0434\u0430\u0441\u0442\u044c \u0439\u043e\u043c\u0443 \u0432\u0456\u0434\u043f\u043e\u0432\u0456\u0434\u043d\u0438\u0439 <a href=\"https:\/\/kursy-udt.pl\/ua\/uprawnienia-udt\/kategorie-uprawnien-2\/\">\u043f\u0440\u0430\u0432\u0430<\/a> \u0434\u043b\u044f \u0440\u043e\u0431\u043e\u0442\u0438 \u043d\u0430 \u0432\u0438\u0441\u043e\u0442\u0456. \u0406\u0441\u043d\u0443\u0454 \u0434\u0432\u0430 \u0442\u0438\u043f\u0438 \u0432\u0438\u0441\u043e\u0442\u043d\u0438\u0445 \u0442\u0440\u0430\u0441 - \u043c\u043e\u0442\u0443\u0437\u043a\u043e\u0432\u0438\u0439 \u0434\u043e\u0441\u0442\u0443\u043f \u0456 \u0431\u0443\u0434\u0456\u0432\u0435\u043b\u044c\u043d\u0438\u0439 \u0434\u043e\u0441\u0442\u0443\u043f. \u0422\u0430\u043a\u043e\u0436 \u0441\u043b\u0456\u0434 \u043f\u0430\u043c&#039;\u044f\u0442\u0430\u0442\u0438, \u0449\u043e \u043d\u0430\u0434\u0431\u0430\u0432\u043a\u0443 \u043d\u0430 \u0437\u0440\u0456\u0441\u0442 \u0441\u043b\u0456\u0434 \u043f\u043e\u043d\u043e\u0432\u043b\u044e\u0432\u0430\u0442\u0438.<\/p>\n<h2><strong>\u041d\u0435\u043e\u0431\u0445\u0456\u0434\u043d\u0456 \u0437\u0430\u0445\u043e\u0434\u0438 \u0456\u043d\u0434\u0438\u0432\u0456\u0434\u0443\u0430\u043b\u044c\u043d\u043e\u0433\u043e \u0437\u0430\u0445\u0438\u0441\u0442\u0443<\/strong><\/h2>\n<p>\u041f\u0456\u0434 \u0447\u0430\u0441 \u0440\u043e\u0431\u043e\u0442\u0438 \u043d\u0430 \u0432\u0438\u0449\u0435\u0432\u043a\u0430\u0437\u0430\u043d\u0438\u0445 \u043a\u043e\u043d\u0441\u0442\u0440\u0443\u043a\u0446\u0456\u044f\u0445 \u0432\u0438\u043a\u043e\u0440\u0438\u0441\u0442\u043e\u0432\u0443\u0432\u0430\u0442\u0438 \u0437\u0430\u0441\u043e\u0431\u0438 \u0456\u043d\u0434\u0438\u0432\u0456\u0434\u0443\u0430\u043b\u044c\u043d\u043e\u0433\u043e \u0437\u0430\u0445\u0438\u0441\u0442\u0443 \u0432\u0456\u0434 \u043f\u0430\u0434\u0456\u043d\u043d\u044f \u0437 \u0432\u0438\u0441\u043e\u0442\u0438. \u041d\u0430\u0439\u043f\u043e\u0448\u0438\u0440\u0435\u043d\u0456\u0448\u0438\u043c\u0438 \u0454 \u0440\u0435\u043c\u0456\u043d\u044c \u0441\u0442\u0440\u0430\u0445\u0443\u0432\u0430\u043d\u043d\u044f \u0437\u0456 \u0441\u0442\u0440\u0430\u0445\u0443\u0432\u0430\u043b\u044c\u043d\u043e\u044e \u043c\u043e\u0442\u0443\u0437\u043a\u043e\u044e, \u0449\u043e \u043a\u0440\u0456\u043f\u0438\u0442\u044c\u0441\u044f \u0434\u043e \u043d\u0435\u0440\u0443\u0445\u043e\u043c\u0438\u0445 \u0435\u043b\u0435\u043c\u0435\u043d\u0442\u0456\u0432 \u043a\u043e\u043d\u0441\u0442\u0440\u0443\u043a\u0446\u0456\u0457, \u0430 \u0442\u0430\u043a\u043e\u0436 \u0440\u0435\u043c\u0456\u043d\u044c \u0456\u0437 \u0441\u0442\u0435\u0433\u043d\u043e\u0432\u0438\u043c \u0440\u0435\u043c\u0435\u043d\u0435\u043c, \u044f\u043a\u0456 \u0432\u0438\u043a\u043e\u0440\u0438\u0441\u0442\u043e\u0432\u0443\u044e\u0442\u044c\u0441\u044f \u0434\u043b\u044f \u043f\u0456\u0434\u0442\u0440\u0438\u043c\u043a\u0438 \u0440\u043e\u0431\u0456\u0442, \u043d\u0430\u043f\u0440\u0438\u043a\u043b\u0430\u0434 \u043d\u0430 \u0449\u043e\u0433\u043b\u0430\u0445 \u0430\u0431\u043e \u0441\u0442\u043e\u0432\u043f\u0430\u0445.<\/p>\n<p>\u041f\u0440\u0430\u0446\u0456\u0432\u043d\u0438\u043a\u0438 \u0442\u0430\u043a\u043e\u0436 \u0437\u043e\u0431\u043e\u0432\u2019\u044f\u0437\u0430\u043d\u0456 \u043d\u043e\u0441\u0438\u0442\u0438 \u0437\u0430\u0445\u0438\u0441\u043d\u0456 \u0448\u043e\u043b\u043e\u043c\u0438, \u043f\u0440\u0438\u0441\u0442\u043e\u0441\u043e\u0432\u0430\u043d\u0456 \u0434\u043b\u044f \u0432\u0438\u043a\u043e\u0440\u0438\u0441\u0442\u0430\u043d\u043d\u044f \u043d\u0430 \u0432\u0438\u0441\u043e\u0442\u0456.<\/p>\n<div class=\"filmw\">\n<div class=\"responsive-youtube\" style=\"text-align: center;\"><iframe loading=\"lazy\" title=\"\u0412\u0456\u0434\u0435\u043e\u043f\u043b\u0435\u0454\u0440 YouTube\" src=\"https:\/\/www.youtube.com\/embed\/Lf4dfMhJft0\" width=\"560\" height=\"315\" frameborder=\"0\" allowfullscreen=\"allowfullscreen\"><\/iframe><\/div>\n<\/div>\n<h2><strong>\u041f\u0440\u0430\u0432\u0438\u043b\u0430 \u043f\u0435\u0440\u0435\u0434 \u043f\u043e\u0447\u0430\u0442\u043a\u043e\u043c \u0440\u043e\u0431\u043e\u0442\u0438<\/strong><\/h2>\n<p>\u041b\u044e\u0434\u0438, \u044f\u043a\u0456 \u043f\u0440\u0430\u0446\u044e\u044e\u0442\u044c \u043d\u0430 \u0441\u0442\u043e\u0432\u043f\u0430\u0445, \u0449\u043e\u0433\u043b\u0430\u0445, \u0431\u0430\u0448\u0442\u043e\u0432\u0438\u0445 \u043a\u043e\u043d\u0441\u0442\u0440\u0443\u043a\u0446\u0456\u044f\u0445, \u0434\u0438\u043c\u043e\u0445\u043e\u0434\u0430\u0445, \u0431\u0443\u0434\u0456\u0432\u0435\u043b\u044c\u043d\u0438\u0445 \u043a\u043e\u043d\u0441\u0442\u0440\u0443\u043a\u0446\u0456\u044f\u0445 \u0431\u0435\u0437 \u043f\u0435\u0440\u0435\u043a\u0440\u0438\u0442\u0442\u0456\u0432, \u0430 \u0442\u0430\u043a\u043e\u0436 \u0434\u0435 \u043f\u0440\u0430\u0446\u0456\u0432\u043d\u0438\u043a \u043f\u043e\u0432\u0438\u043d\u0435\u043d \u043d\u0430\u0445\u0438\u043b\u044f\u0442\u0438\u0441\u044f \u0430\u0431\u043e \u043f\u0440\u0438\u0439\u043c\u0430\u0442\u0438 \u043f\u043e\u043b\u043e\u0436\u0435\u043d\u043d\u044f, \u044f\u043a\u0435 \u043c\u043e\u0436\u0435 \u043f\u0440\u0438\u0437\u0432\u0435\u0441\u0442\u0438 \u0434\u043e \u043f\u0430\u0434\u0456\u043d\u043d\u044f \u0437 \u0432\u0438\u0441\u043e\u0442\u0438, \u043f\u043e\u0432\u0438\u043d\u043d\u0456 \u043f\u0430\u043c\u2019\u044f\u0442\u0430\u0442\u0438 \u043f\u0440\u043e \u043f\u0435\u0432\u043d\u0456 \u043e\u0431\u043e\u0432\u2019\u044f\u0437\u043a\u0438 \u043f\u0435\u0440\u0435\u0434 \u043f\u043e\u0447\u0430\u0442\u043a\u043e\u043c \u0440\u043e\u0431\u043e\u0442\u0438.<\/p>\n<h3><strong>\u041f\u0435\u0440\u0435\u0434 \u043f\u043e\u0447\u0430\u0442\u043a\u043e\u043c \u0440\u043e\u0431\u043e\u0442\u0438:<\/strong><\/h3>\n<ul>\n<li>\u0440\u0435\u0442\u0435\u043b\u044c\u043d\u043e \u043f\u0435\u0440\u0435\u0432\u0456\u0440\u0438\u0442\u0438 \u0442\u0435\u0445\u043d\u0456\u0447\u043d\u0438\u0439 \u0441\u0442\u0430\u043d \u043a\u043e\u043d\u0441\u0442\u0440\u0443\u043a\u0446\u0456\u0439 \u0456 \u043f\u0440\u0438\u0441\u0442\u0440\u043e\u0457\u0432, \u044f\u043a\u0456 \u0431\u0443\u0434\u0443\u0442\u044c \u0432\u0438\u043a\u043e\u0440\u0438\u0441\u0442\u043e\u0432\u0443\u0432\u0430\u0442\u0438\u0441\u044f \u0434\u043b\u044f \u0440\u043e\u0431\u043e\u0442\u0438 - \u0437\u0432\u0435\u0440\u043d\u0443\u0442\u0438 \u043e\u0441\u043e\u0431\u043b\u0438\u0432\u0443 \u0443\u0432\u0430\u0433\u0443 \u043d\u0430 \u0457\u0445 \u043c\u0456\u0446\u043d\u0456\u0441\u0442\u044c, \u0441\u0442\u0456\u0439\u043a\u0456\u0441\u0442\u044c \u0456 \u043e\u0447\u0456\u043a\u0443\u0432\u0430\u043d\u0435 \u043d\u0430\u0432\u0430\u043d\u0442\u0430\u0436\u0435\u043d\u043d\u044f<\/li>\n<li>\u043f\u043e\u0434\u0431\u0430\u0439\u0442\u0435 \u043f\u0440\u043e \u0437\u0430\u0445\u0438\u0441\u0442 \u043a\u043e\u043d\u0441\u0442\u0440\u0443\u043a\u0446\u0456\u0439 \u0430\u0431\u043e \u043f\u0440\u0438\u0441\u0442\u0440\u043e\u0457\u0432 \u0432\u0456\u0434 \u043d\u0435\u043f\u0435\u0440\u0435\u0434\u0431\u0430\u0447\u0435\u043d\u0438\u0445 \u0437\u043c\u0456\u043d \u043f\u043e\u043b\u043e\u0436\u0435\u043d\u043d\u044f<\/li>\n<li>\u043f\u0435\u0440\u0435\u0432\u0456\u0440\u0438\u0442\u0438 \u0432\u0456\u0434\u043f\u043e\u0432\u0456\u0434\u043d\u0456\u0441\u0442\u044c \u0442\u0435\u0445\u043d\u0456\u0447\u043d\u043e\u0433\u043e \u0441\u0442\u0430\u043d\u0443 \u043d\u0435\u0440\u0443\u0445\u043e\u043c\u0438\u0445 \u0435\u043b\u0435\u043c\u0435\u043d\u0442\u0456\u0432 \u043a\u043e\u043d\u0441\u0442\u0440\u0443\u043a\u0446\u0456\u0439 \u0430\u0431\u043e \u043f\u0440\u0438\u0441\u0442\u0440\u043e\u0457\u0432 \u043a\u0440\u0456\u043f\u043b\u0435\u043d\u043d\u044f \u0441\u0442\u0440\u043e\u043f<\/li>\n<\/ul>\n<p>\u0412\u0441\u0456 \u0440\u043e\u0431\u043e\u0442\u0438 \u043d\u0430 \u0432\u0438\u0441\u043e\u0442\u0456 \u0442\u0430\u043a\u043e\u0436 \u043f\u043e\u0432\u0438\u043d\u043d\u0456 \u0431\u0443\u0442\u0438 \u043d\u0430\u043b\u0435\u0436\u043d\u0438\u043c \u0447\u0438\u043d\u043e\u043c \u0441\u043f\u043b\u0430\u043d\u043e\u0432\u0430\u043d\u0456. \u0412\u0438\u043a\u043e\u043d\u0443\u044e\u0447\u0438 \u0441\u0432\u043e\u0457 \u043e\u0431\u043e\u0432'\u044f\u0437\u043a\u0438, \u043f\u0440\u0430\u0446\u0456\u0432\u043d\u0438\u043a \u043f\u043e\u0432\u0438\u043d\u0435\u043d \u043f\u0430\u043c'\u044f\u0442\u0430\u0442\u0438 \u043f\u0440\u043e \u0434\u043e\u0442\u0440\u0438\u043c\u0430\u043d\u043d\u044f \u043f\u0440\u0430\u0432\u0438\u043b <a href=\"https:\/\/kursy-udt.pl\/ua\/szkolenia\/bhp-bezpieczenstwo-pracy\/prawna-ochrona-pracy\/\">\u0417\u0434\u043e\u0440\u043e\u0432&#039;\u044f \u0456 \u0431\u0435\u0437\u043f\u0435\u043a\u0430<\/a>\u0449\u043e\u0431 \u0437\u0440\u043e\u0431\u0438\u0442\u0438 \u0440\u043e\u0431\u043e\u0442\u0443 \u043d\u0430 \u0432\u0438\u0441\u043e\u0442\u0456 \u043f\u043e\u0432\u043d\u0456\u0441\u0442\u044e \u0431\u0435\u0437\u043f\u0435\u0447\u043d\u043e\u044e.<\/p>\n<\/div>\n<h2>\u0411\u0456\u043b\u044c\u0448\u0435 \u0456\u043d\u0444\u043e\u0440\u043c\u0430\u0446\u0456\u0457:<\/h2>\n<div style=\"text-align: center; font-size: 85%; line-height: 120%;\">\n<div style=\"float: left; margin-right: 40px; height: 290px;\">\n<p><a href=\"\/ua\/%d0%bd%d0%b0%d0%b2%d1%87%d0%b0%d0%bd%d0%bd%d1%8f\/%d0%b2%d0%b8%d1%81%d0%be%d1%82%d0%b8-%d0%b4%d0%bb%d1%8f-%d0%b0%d0%bb%d1%8c%d0%bf%d1%96%d0%bd%d1%96%d0%b7%d0%bc%d1%83-%d0%ba%d0%b2%d0%b0%d0%bb%d1%96%d1%84%d1%96%d0%ba%d0%b0%d1%86%d1%96%d1%97\/%d0%be%d1%81%d0%bd%d0%be%d0%b2%d0%bd%d0%b0-%d1%96%d0%bd%d1%84%d0%be%d1%80%d0%bc%d0%b0%d1%86%d1%96%d0%b9%d0%bd%d0%b0-%d1%82%d0%b2%d1%96%d1%80\/\"><img decoding=\"async\" src=\"\/wp-content\/uploads\/2017\/09\/szkolenie11.png\" alt=\"\" \/><\/a><\/p>\n<div style=\"width: 300px; font-size: 130%;\"><strong>\u0420\u043e\u0431\u043e\u0442\u0430 \u043d\u0430 \u0432\u0438\u0441\u043e\u0442\u0456 - \u043e\u0441\u043d\u043e\u0432\u043d\u0456 \u0432\u0456\u0434\u043e\u043c\u043e\u0441\u0442\u0456<\/strong><\/div>\n<p>&nbsp;<\/p>\n<\/div>\n<div style=\"float: left; margin-right: 40px; height: 290px;\">\n<p><a href=\"\/ua\/%d0%bd%d0%b0%d0%b2%d1%87%d0%b0%d0%bd%d0%bd%d1%8f\/%d0%b2%d0%b8%d1%81%d0%be%d1%82%d0%b8-%d0%b4%d0%bb%d1%8f-%d0%b0%d0%bb%d1%8c%d0%bf%d1%96%d0%bd%d1%96%d0%b7%d0%bc%d1%83-%d0%ba%d0%b2%d0%b0%d0%bb%d1%96%d1%84%d1%96%d0%ba%d0%b0%d1%86%d1%96%d1%97\/%d0%bd%d0%b0%d0%b9%d0%b1%d1%96%d0%bb%d1%8c%d1%88-%d0%bf%d0%be%d1%88%d0%b8%d1%80%d0%b5%d0%bd%d1%96-%d0%bf%d1%80%d0%b8%d1%87%d0%b8%d0%bd%d0%b8-%d0%bf%d0%b0%d0%b4%d1%96%d0%bd%d0%bd%d1%8f-%d0%b7-%d0%b2\/\"><img decoding=\"async\" src=\"\/wp-content\/uploads\/2014\/08\/wypadek.jpg\" alt=\"\" \/><\/a><\/p>\n<div style=\"width: 300px; font-size: 130%;\"><strong>\u041d\u0430\u0439\u0447\u0430\u0441\u0442\u0456\u0448\u0456 \u043f\u0440\u0438\u0447\u0438\u043d\u0438 \u043f\u0430\u0434\u0456\u043d\u044c \u0437 \u0432\u0438\u0441\u043e\u0442\u0438<\/strong><\/div>\n<p>&nbsp;<\/p>\n<\/div>\n<\/div>\n<div style=\"clear: both;\"><\/div>\n<div style=\"text-align: center; font-size: 85%; line-height: 120%;\">\n<div style=\"float: left; margin-right: 40px; height: 290px;\">\n<p><a href=\"\/ua\/%d0%bd%d0%b0%d0%b2%d1%87%d0%b0%d0%bd%d0%bd%d1%8f\/%d0%b2%d0%b8%d1%81%d0%be%d1%82%d0%b8-%d0%b4%d0%bb%d1%8f-%d0%b0%d0%bb%d1%8c%d0%bf%d1%96%d0%bd%d1%96%d0%b7%d0%bc%d1%83-%d0%ba%d0%b2%d0%b0%d0%bb%d1%96%d1%84%d1%96%d0%ba%d0%b0%d1%86%d1%96%d1%97\/%d0%b7%d0%b0%d1%81%d0%be%d0%b1%d0%b8-%d1%96%d0%bd%d0%b4%d0%b8%d0%b2%d1%96%d0%b4%d1%83%d0%b0%d0%bb%d1%8c%d0%bd%d0%be%d0%b3%d0%be-%d0%b7%d0%b0%d1%85%d0%b8%d1%81%d1%82%d1%83-%d0%bf%d1%96%d0%b4-%d1%87\/\"><img decoding=\"async\" src=\"\/wp-content\/uploads\/2017\/11\/bezpieczenstwo-pracy-na-wysokosci-srodki-ochronne.jpeg\" alt=\"\u0440\u043e\u0431\u043e\u0442\u0438 \u043d\u0430 \u0432\u0438\u0441\u043e\u0442\u0456 \u0443 \u0412\u0430\u0440\u0448\u0430\u0432\u0456\" \/><\/a><\/p>\n<div style=\"width: 300px; font-size: 130%;\"><strong>\u0417\u0430\u0441\u043e\u0431\u0438 \u0456\u043d\u0434\u0438\u0432\u0456\u0434\u0443\u0430\u043b\u044c\u043d\u043e\u0433\u043e \u0437\u0430\u0445\u0438\u0441\u0442\u0443 \u043f\u0440\u0438 \u0440\u043e\u0431\u043e\u0442\u0456 \u043d\u0430 \u0432\u0438\u0441\u043e\u0442\u0456<\/strong><\/div>\n<p>&nbsp;<\/p>\n<\/div>\n<div style=\"float: left; margin-right: 40px; height: 290px; padding-bottom: 50px;\">\n<p><a href=\"\/ua\/%d0%bd%d0%b0%d0%b2%d1%87%d0%b0%d0%bd%d0%bd%d1%8f\/%d0%b2%d0%b8%d1%81%d0%be%d1%82%d0%b8-%d0%b4%d0%bb%d1%8f-%d0%b0%d0%bb%d1%8c%d0%bf%d1%96%d0%bd%d1%96%d0%b7%d0%bc%d1%83-%d0%ba%d0%b2%d0%b0%d0%bb%d1%96%d1%84%d1%96%d0%ba%d0%b0%d1%86%d1%96%d1%97\/praca-na-slupach-masztach-konstrukcjach-wiezowych-kominach-konstrukcjach-budowlanych-bez-stropow\/\"><img decoding=\"async\" src=\"\/wp-content\/uploads\/2017\/11\/praca-na-kominach-zdjecie.jpeg\" alt=\"\u043a\u0443\u0440\u0441 \u0430\u043b\u044c\u043f\u0456\u043d\u0456\u0437\u043c\u0443 \u0434\u043b\u044f \u043f\u0456\u0434\u0433\u043e\u0442\u043e\u0432\u043a\u0438 \u0434\u043e \u0440\u043e\u0431\u043e\u0442\u0438 \u043d\u0430 \u0432\u0438\u0441\u043e\u0442\u0456\" \/><\/a><\/p>\n<div style=\"width: 300px; font-size: 130%;\"><strong>\u0420\u043e\u0431\u043e\u0442\u0438 \u043d\u0430 \u043e\u043f\u043e\u0440\u0430\u0445, \u0449\u043e\u0433\u043b\u0430\u0445, \u0431\u0430\u0448\u0442\u043e\u0432\u0438\u0445 \u043a\u043e\u043d\u0441\u0442\u0440\u0443\u043a\u0446\u0456\u044f\u0445, \u0434\u0438\u043c\u043e\u0445\u043e\u0434\u0430\u0445, \u0431\u0443\u0434\u0456\u0432\u0435\u043b\u044c\u043d\u0438\u0445 \u043a\u043e\u043d\u0441\u0442\u0440\u0443\u043a\u0446\u0456\u044f\u0445 \u0431\u0435\u0437 \u043f\u0435\u0440\u0435\u043a\u0440\u0438\u0442\u0442\u0456\u0432<\/strong><\/div>\n<p>&nbsp;<\/p>\n<\/div>\n<\/div>\n<div style=\"float: left; margin-right: 40px; height: 290px;\">\n<div style=\"text-align: center; font-size: 85%; line-height: 120%;\">\n<p><a href=\"\/ua\/%d0%bd%d0%b0%d0%b2%d1%87%d0%b0%d0%bd%d0%bd%d1%8f\/%d0%b2%d0%b8%d1%81%d0%be%d1%82%d0%b8-%d0%b4%d0%bb%d1%8f-%d0%b0%d0%bb%d1%8c%d0%bf%d1%96%d0%bd%d1%96%d0%b7%d0%bc%d1%83-%d0%ba%d0%b2%d0%b0%d0%bb%d1%96%d1%84%d1%96%d0%ba%d0%b0%d1%86%d1%96%d1%97\/\"><img decoding=\"async\" src=\"\/wp-content\/uploads\/2017\/09\/szkolenie11.png\" alt=\"\u043a\u0443\u0440\u0441 \u0430\u043b\u044c\u043f\u0456\u043d\u0456\u0437\u043c\u0443 \u0434\u043b\u044f \u043f\u0456\u0434\u0433\u043e\u0442\u043e\u0432\u043a\u0438 \u0434\u043e \u0440\u043e\u0431\u043e\u0442\u0438 \u043d\u0430 \u0432\u0438\u0441\u043e\u0442\u0456\" \/><\/a><\/p>\n<div style=\"width: 300px; font-size: 130%;\"><strong>\u0412\u0438\u0441\u043e\u0442\u043d\u0438\u0439 \u043a\u0443\u0440\u0441<\/strong><\/div>\n<p>&nbsp;<\/p>\n<\/div>\n<\/div>","protected":false},"excerpt":{"rendered":"<p>Do najniebezpieczniejszych prac na wysoko\u015bci zaliczaj\u0105 si\u0119 prace na s\u0142upach, masztach, konstrukcjach wie\u017cowych, kominach, konstrukcjach budowlanych bez strop\u00f3w, a ponadto na galeriach, pomostach, podestach i innych podwy\u017cszeniach, gdy rodzaj pracy wymaga od pracownika wychylenia si\u0119 poza balustrad\u0119 lub obrys urz\u0105dzenia, na kt\u00f3rym stoi, albo przyjmowania innego rodzaju wymuszonej pozycji cia\u0142a gro\u017c\u0105cej upadkiem z wysoko\u015bci. Praca na wysoko\u015bci wymaga odpowiedniego przygotowania. Pracownik powinien odby\u0107 kurs wysoko\u015bciowy, kt\u00f3ry nada mu odpowiednie uprawnienia do pracy na wysoko\u015bci. Istniej\u0105 dwa rodzaje kurs\u00f3w wysoko\u015bciowych \u2013 dost\u0119p linowy oraz dost\u0119p budowlany. Nale\u017cy te\u017c pami\u0119ta\u0107 o tym, \u017ce uprawnienia wysoko\u015bciowe powinny by\u0107 odnawiane. Niezb\u0119dne \u015brodki ochrony indywidualnej Podczas pracy na wy\u017cej wymienionych konstrukcjach nale\u017cy stosowa\u0107 \u015brodki ochrony indywidualnej zabezpieczaj\u0105ce przed upadkiem z wysoko\u015bci. Najcz\u0119\u015bciej s\u0105 to szelki bezpiecze\u0144stwa z link\u0105 bezpiecze\u0144stwa mocowan\u0105 do sta\u0142ych element\u00f3w konstrukcji, a tak\u017ce szelki z pasem biodrowym, kt\u00f3re u\u017cywane s\u0105 do pracy w podparciu, na przyk\u0142ad na masztach czy s\u0142upach. Pracownicy zobowi\u0105zani s\u0105 te\u017c do noszenia he\u0142m\u00f3w ochronnych przystosowanych do u\u017cywania na wysoko\u015bci. Zasady przed rozpocz\u0119ciem pracy Osoby wykonuj\u0105ce prac\u0119 na s\u0142upach, masztach, konstrukcjach wie\u017cowych, kominach, konstrukcjach budowlanych bez strop\u00f3w oraz tam, gdzie pracownik musi wychyla\u0107 si\u0119 czy przyjmowa\u0107 pozycj\u0119 gro\u017c\u0105c\u0105 upadkiem z wysoko\u015bci powinny pami\u0119ta\u0107 o okre\u015blonych obowi\u0105zkach przed rozpocz\u0119ciem pracy. Przed rozpocz\u0119ciem pracy nale\u017cy: dok\u0142adnie sprawdzi\u0107 stan techniczny konstrukcji oraz urz\u0105dze\u0144, kt\u00f3re maj\u0105 s\u0142u\u017cy\u0107 do wykonywania pracy \u2013 nale\u017cy zwr\u00f3ci\u0107 szczeg\u00f3ln\u0105 uwag\u0119 na ich wytrzyma\u0142o\u015b\u0107, stabilno\u015b\u0107 i przewidywane obci\u0105\u017cenie zwr\u00f3ci\u0107 uwag\u0119 na to, aby zabezpieczy\u0107 konstrukcje lub urz\u0105dzenia przed nieprzewidzian\u0105 zmian\u0105 po\u0142o\u017cenia zobaczy\u0107, czy stan techniczny element\u00f3w sta\u0142ych konstrukcji lub urz\u0105dze\u0144 do mocowania linek bezpiecze\u0144stwa [&hellip;]<\/p>\n","protected":false},"author":1,"featured_media":2399,"parent":2263,"menu_order":0,"comment_status":"closed","ping_status":"closed","template":"","meta":{"sfsi_plus_gutenberg_text_before_share":"","sfsi_plus_gutenberg_show_text_before_share":"","sfsi_plus_gutenberg_icon_type":"","sfsi_plus_gutenberg_icon_alignemt":"","sfsi_plus_gutenburg_max_per_row":"","footnotes":""},"class_list":["post-2370","page","type-page","status-publish","has-post-thumbnail","hentry","has_thumb"],"aioseo_notices":[],"_links":{"self":[{"href":"https:\/\/kursy-udt.pl\/ua\/wp-json\/wp\/v2\/pages\/2370","targetHints":{"allow":["GET"]}}],"collection":[{"href":"https:\/\/kursy-udt.pl\/ua\/wp-json\/wp\/v2\/pages"}],"about":[{"href":"https:\/\/kursy-udt.pl\/ua\/wp-json\/wp\/v2\/types\/page"}],"author":[{"embeddable":true,"href":"https:\/\/kursy-udt.pl\/ua\/wp-json\/wp\/v2\/users\/1"}],"replies":[{"embeddable":true,"href":"https:\/\/kursy-udt.pl\/ua\/wp-json\/wp\/v2\/comments?post=2370"}],"version-history":[{"count":11,"href":"https:\/\/kursy-udt.pl\/ua\/wp-json\/wp\/v2\/pages\/2370\/revisions"}],"predecessor-version":[{"id":4311,"href":"https:\/\/kursy-udt.pl\/ua\/wp-json\/wp\/v2\/pages\/2370\/revisions\/4311"}],"up":[{"embeddable":true,"href":"https:\/\/kursy-udt.pl\/ua\/wp-json\/wp\/v2\/pages\/2263"}],"wp:featuredmedia":[{"embeddable":true,"href":"https:\/\/kursy-udt.pl\/ua\/wp-json\/wp\/v2\/media\/2399"}],"wp:attachment":[{"href":"https:\/\/kursy-udt.pl\/ua\/wp-json\/wp\/v2\/media?parent=2370"}],"curies":[{"name":"wp","href":"https:\/\/api.w.org\/{rel}","templated":true}]}}