{"id":2365,"date":"2017-09-12T17:27:31","date_gmt":"2017-09-12T17:27:31","guid":{"rendered":"http:\/\/kursy-udt.pl\/?page_id=2365"},"modified":"2022-09-16T07:54:06","modified_gmt":"2022-09-16T07:54:06","slug":"%d0%b7%d0%b0%d1%81%d0%be%d0%b1%d0%b8-%d1%96%d0%bd%d0%b4%d0%b8%d0%b2%d1%96%d0%b4%d1%83%d0%b0%d0%bb%d1%8c%d0%bd%d0%be%d0%b3%d0%be-%d0%b7%d0%b0%d1%85%d0%b8%d1%81%d1%82%d1%83-%d0%bf%d1%96%d0%b4-%d1%87","status":"publish","type":"page","link":"https:\/\/kursy-udt.pl\/ua\/szkolenia\/wysokosciowe-na-uprawnienia-alpinistyczne\/srodki-ochrony-indywidualnej-podczas-prac-na-wysokosci\/","title":{"rendered":"\u0417\u0430\u0441\u043e\u0431\u0438 \u0456\u043d\u0434\u0438\u0432\u0456\u0434\u0443\u0430\u043b\u044c\u043d\u043e\u0433\u043e \u0437\u0430\u0445\u0438\u0441\u0442\u0443 \u043f\u0440\u0438 \u0440\u043e\u0431\u043e\u0442\u0456 \u043d\u0430 \u0432\u0438\u0441\u043e\u0442\u0456"},"content":{"rendered":"<div style=\"float: left; padding-right: 10px;\"><img decoding=\"async\" src=\"\/wp-content\/uploads\/2017\/11\/bezpieczenstwo-pracy-na-wysokosci-srodki-ochronne_m.jpeg\" alt=\"\" \/><\/div>\n<div class=\"wyjustuj\">\u041f\u0440\u0438 \u0440\u043e\u0431\u043e\u0442\u0456 \u043d\u0430 \u0432\u0438\u0441\u043e\u0442\u0456 \u043d\u0435\u043e\u0431\u0445\u0456\u0434\u043d\u043e \u0432\u0438\u043a\u043e\u0440\u0438\u0441\u0442\u043e\u0432\u0443\u0432\u0430\u0442\u0438 \u0432\u0456\u0434\u043f\u043e\u0432\u0456\u0434\u043d\u0456 \u0437\u0430\u0441\u043e\u0431\u0438 \u0456\u043d\u0434\u0438\u0432\u0456\u0434\u0443\u0430\u043b\u044c\u043d\u043e\u0433\u043e \u0437\u0430\u0445\u0438\u0441\u0442\u0443, \u0449\u043e \u0437\u0430\u0445\u0438\u0449\u0430\u044e\u0442\u044c \u043f\u0440\u0430\u0446\u0456\u0432\u043d\u0438\u043a\u0430 \u0432\u0456\u0434 \u043f\u0430\u0434\u0456\u043d\u043d\u044f. \u0412\u043e\u043d\u0438 \u043f\u0456\u0434\u0431\u0438\u0440\u0430\u044e\u0442\u044c\u0441\u044f \u0456\u043d\u0434\u0438\u0432\u0456\u0434\u0443\u0430\u043b\u044c\u043d\u043e \u0432 \u0437\u0430\u043b\u0435\u0436\u043d\u043e\u0441\u0442\u0456 \u0432\u0456\u0434 \u0432\u0438\u0434\u0443 \u0442\u0430 \u0443\u043c\u043e\u0432 \u0440\u043e\u0431\u043e\u0442\u0438 \u043d\u0430 \u0432\u0438\u0441\u043e\u0442\u0456.<br \/>\n\u041a\u043e\u0436\u0435\u043d, \u0445\u0442\u043e \u0437\u0432\u0456\u043b\u044c\u043d\u044f\u0454\u0442\u044c\u0441\u044f <a href=\"https:\/\/kursy-udt.pl\/ua\/szkolenia\/wysokosciowe-na-uprawnienia-alpinistyczne\/\">\u0432\u0438\u0441\u043e\u0442\u043d\u0438\u0439 \u043a\u0443\u0440\u0441<\/a>\u043c\u0430\u0454 \u0456\u043d\u0444\u043e\u0440\u043c\u0430\u0446\u0456\u044e \u043f\u0440\u043e \u0442\u0435, \u044f\u043a\u0456 \u0437\u0430\u0441\u043e\u0431\u0438 \u0456\u043d\u0434\u0438\u0432\u0456\u0434\u0443\u0430\u043b\u044c\u043d\u043e\u0433\u043e \u0437\u0430\u0445\u0438\u0441\u0442\u0443 \u043d\u0435\u043e\u0431\u0445\u0456\u0434\u043d\u043e \u0432\u0438\u043a\u043e\u0440\u0438\u0441\u0442\u043e\u0432\u0443\u0432\u0430\u0442\u0438. \u0420\u043e\u0431\u043e\u0442\u043e\u0434\u0430\u0432\u0435\u0446\u044c \u0437\u043e\u0431\u043e\u0432'\u044f\u0437\u0430\u043d\u0438\u0439 \u0431\u0435\u0437\u043e\u043f\u043b\u0430\u0442\u043d\u043e \u0437\u0430\u0431\u0435\u0437\u043f\u0435\u0447\u0438\u0442\u0438 \u0441\u0432\u043e\u0457\u0445 \u043f\u0440\u0430\u0446\u0456\u0432\u043d\u0438\u043a\u0456\u0432 \u043d\u0430\u043b\u0435\u0436\u043d\u0438\u043c\u0438 \u0417\u0406\u0417. \u0412\u0456\u043d \u0442\u0430\u043a\u043e\u0436 \u043f\u043e\u0432\u0438\u043d\u0435\u043d \u043f\u0440\u043e\u0456\u043d\u0444\u043e\u0440\u043c\u0443\u0432\u0430\u0442\u0438 \u0457\u0445 \u043f\u0440\u043e \u0442\u0435, \u044f\u043a \u043d\u0438\u043c\u0438 \u043a\u043e\u0440\u0438\u0441\u0442\u0443\u0432\u0430\u0442\u0438\u0441\u044f. \u0411\u0435\u0437\u043f\u0435\u0447\u043d\u0430 \u0440\u043e\u0431\u043e\u0442\u0430 \u043d\u0430 \u0432\u0438\u0441\u043e\u0442\u0456 \u0432\u0438\u043c\u0430\u0433\u0430\u0454 \u0432\u0438\u043a\u043e\u0440\u0438\u0441\u0442\u0430\u043d\u043d\u044f \u0441\u043f\u0435\u0446\u0456\u0430\u043b\u044c\u043d\u043e \u043f\u0456\u0434\u0456\u0431\u0440\u0430\u043d\u043e\u0433\u043e \u043e\u0431\u043b\u0430\u0434\u043d\u0430\u043d\u043d\u044f, \u044f\u043a\u0435 \u0437\u043d\u0430\u0445\u043e\u0434\u0438\u0442\u044c\u0441\u044f \u0432 \u0441\u043f\u0440\u0430\u0432\u043d\u043e\u043c\u0443 \u0441\u0442\u0430\u043d\u0456 \u0456 \u0440\u0435\u0433\u0443\u043b\u044f\u0440\u043d\u043e \u043f\u0435\u0440\u0435\u0432\u0456\u0440\u044f\u0454\u0442\u044c\u0441\u044f. \u041e\u0434\u043d\u0456 \u0431\u0443\u0434\u0443\u0442\u044c \u0432\u0438\u043a\u043e\u0440\u0438\u0441\u0442\u043e\u0432\u0443\u0432\u0430\u0442\u0438\u0441\u044f \u043f\u0440\u043e\u043c\u0438\u0441\u043b\u043e\u0432\u0438\u043c \u0430\u043b\u044c\u043f\u0456\u043d\u0456\u0441\u0442\u043e\u043c, \u0456\u043d\u0448\u0456 - \u0440\u043e\u0431\u0456\u0442\u043d\u0438\u043a\u043e\u043c, \u044f\u043a\u0438\u0439 \u0443\u043a\u043b\u0430\u0434\u0430\u0454 \u043f\u043e\u043a\u0440\u0456\u0432\u043b\u044e.<\/p>\n<div class=\"filmw\">\n<div class=\"responsive-youtube\" style=\"text-align: center;\"><iframe loading=\"lazy\" title=\"\u0412\u0456\u0434\u0435\u043e\u043f\u043b\u0435\u0454\u0440 YouTube\" src=\"https:\/\/www.youtube.com\/embed\/Lf4dfMhJft0\" width=\"560\" height=\"315\" frameborder=\"0\" allowfullscreen=\"allowfullscreen\"><\/iframe><\/div>\n<\/div>\n<p><strong>\u041d\u0430\u0439\u043f\u043e\u0448\u0438\u0440\u0435\u043d\u0456\u0448\u0438\u043c\u0438 \u043a\u043e\u043c\u043f\u043e\u043d\u0435\u043d\u0442\u0430\u043c\u0438 \u0437\u0430\u0445\u0438\u0441\u043d\u0438\u0445 \u0441\u0438\u0441\u0442\u0435\u043c \u0454 \u043a\u0430\u043d\u0430\u0442\u0438 \u0442\u0430 \u0442\u0435\u043a\u0441\u0442\u0438\u043b\u044c\u043d\u0456 \u0441\u0442\u0440\u0456\u0447\u043a\u0438, \u0449\u043e \u0432\u0438\u043a\u043e\u0440\u0438\u0441\u0442\u043e\u0432\u0443\u044e\u0442\u044c\u0441\u044f \u0432:<\/strong><\/p>\n<ul>\n<li>\u0440\u0435\u043c\u0435\u043d\u0456 \u0431\u0435\u0437\u043f\u0435\u043a\u0438, \u0432\u043a\u043b\u044e\u0447\u0430\u044e\u0447\u0438 \u0440\u0435\u043c\u0435\u043d\u0456 \u0431\u0435\u0437\u043f\u0435\u043a\u0438 \u0442\u0430 \u043f\u043e\u044f\u0441\u043d\u0456 \u0440\u0435\u043c\u0435\u043d\u0456<\/li>\n<li>\u043b\u0456\u043d\u0456\u0457 \u0431\u0435\u0437\u043f\u0435\u043a\u0438<\/li>\n<li>\u0430\u043c\u043e\u0440\u0442\u0438\u0437\u0430\u0442\u043e\u0440\u0438<\/li>\n<li>\u043f\u0440\u0438\u0441\u0442\u0440\u043e\u0457 \u0434\u043b\u044f \u0437\u0430\u043f\u043e\u0431\u0456\u0433\u0430\u043d\u043d\u044f \u043f\u0430\u0434\u0456\u043d\u043d\u044e<\/li>\n<li>\u0441\u0430\u043c\u043e\u0431\u043b\u043e\u043a\u0443\u0432\u0430\u043b\u044c\u043d\u0456 \u043f\u0440\u0438\u0441\u0442\u0440\u043e\u0457<\/li>\n<li>\u0433\u0430\u0447\u043a\u0438 \u0434\u043b\u044f \u0440\u0435\u043c\u0456\u043d\u0446\u0456\u0432<\/li>\n<li>\u0442\u0430 \u0456\u043d\u0448\u0456 \u0437\u0430\u0441\u043e\u0431\u0438 \u0437\u0430\u0445\u0438\u0441\u0442\u0443 \u0432\u0456\u0434 \u043f\u0430\u0434\u0456\u043d\u044c \u0437 \u0432\u0438\u0441\u043e\u0442\u0438<\/li>\n<\/ul>\n<p>\u041e\u0434\u043d\u0430\u043a \u0441\u043b\u0456\u0434 \u043c\u0430\u0442\u0438 \u043d\u0430 \u0443\u0432\u0430\u0437\u0456, \u0449\u043e \u0442\u0435\u043a\u0441\u0442\u0438\u043b\u044c\u043d\u0456 \u0435\u043b\u0435\u043c\u0435\u043d\u0442\u0438 \u0447\u0443\u0442\u043b\u0438\u0432\u0456 \u0434\u043e \u043c\u0435\u0445\u0430\u043d\u0456\u0447\u043d\u0438\u0445 \u043f\u043e\u0448\u043a\u043e\u0434\u0436\u0435\u043d\u044c \u0447\u0435\u0440\u0435\u0437 \u0432\u0438\u043a\u043e\u0440\u0438\u0441\u0442\u043e\u0432\u0443\u0432\u0430\u043d\u0456 \u043c\u0430\u0442\u0435\u0440\u0456\u0430\u043b\u0438 \u0442\u0430 \u0457\u0445 \u0441\u0442\u0440\u0443\u043a\u0442\u0443\u0440\u0443. \u0422\u043e\u043c\u0443 \u043e\u0441\u043e\u0431\u0438, \u044f\u043a\u0456 \u0432\u0438\u043a\u043e\u043d\u0443\u044e\u0442\u044c \u0430\u043b\u044c\u043f\u0456\u043d\u0456\u0441\u0442\u0441\u044c\u043a\u0456 \u0442\u0430 \u0456\u043d\u0448\u0456 \u0440\u043e\u0431\u043e\u0442\u0438 \u043d\u0430 \u0432\u0438\u0441\u043e\u0442\u0456, \u043f\u043e\u0432\u0438\u043d\u043d\u0456 \u043f\u0440\u0438\u0434\u0456\u043b\u044f\u0442\u0438 \u043e\u0441\u043e\u0431\u043b\u0438\u0432\u0443 \u0443\u0432\u0430\u0433\u0443 \u0457\u0445 \u043f\u0440\u0430\u0432\u0438\u043b\u044c\u043d\u043e\u043c\u0443 \u0432\u0438\u043a\u043e\u0440\u0438\u0441\u0442\u0430\u043d\u043d\u044e \u0442\u0430 \u043f\u0435\u0440\u0435\u0432\u0456\u0440\u0446\u0456 \u0442\u0435\u0445\u043d\u0456\u0447\u043d\u043e\u0433\u043e \u0441\u0442\u0430\u043d\u0443.<\/p>\n<p>\u0411\u0443\u0434\u044c-\u044f\u043a\u0438\u0439 \u043f\u0440\u0430\u0446\u0456\u0432\u043d\u0438\u043a, \u044f\u043a\u0438\u0439 \u0432\u043e\u043b\u043e\u0434\u0456\u0454 <a href=\"https:\/\/kursy-udt.pl\/ua\/uprawnienia-udt\/kategorie-uprawnien-2\/\">\u043f\u0440\u0430\u0432\u0430<\/a> \u041f\u0456\u0434 \u0447\u0430\u0441 \u0440\u043e\u0431\u043e\u0442\u0438 \u043d\u0430 \u0432\u0438\u0441\u043e\u0442\u0456 \u043d\u0435 \u0437\u0430\u0431\u0443\u0434\u044c\u0442\u0435 \u0443\u0432\u0430\u0436\u043d\u043e \u043f\u0440\u043e\u0447\u0438\u0442\u0430\u0442\u0438 \u0456\u043d\u0441\u0442\u0440\u0443\u043a\u0446\u0456\u044e \u0437 \u0435\u043a\u0441\u043f\u043b\u0443\u0430\u0442\u0430\u0446\u0456\u0457 \u043e\u0431\u043b\u0430\u0434\u043d\u0430\u043d\u043d\u044f, \u043e\u0437\u043d\u0430\u0439\u043e\u043c\u0438\u0442\u0438\u0441\u044f \u0437 \u0440\u0438\u0437\u0438\u043a\u0430\u043c\u0438, \u043f\u043e\u0432\u2019\u044f\u0437\u0430\u043d\u0438\u043c\u0438 \u0437 \u043f\u043e\u0448\u043a\u043e\u0434\u0436\u0435\u043d\u043d\u044f\u043c \u0435\u043b\u0435\u043c\u0435\u043d\u0442\u0456\u0432, \u044f\u043a\u0456 \u0432\u0438\u043a\u043e\u0440\u0438\u0441\u0442\u043e\u0432\u0443\u044e\u0442\u044c\u0441\u044f \u043f\u0456\u0434 \u0447\u0430\u0441 \u0440\u043e\u0431\u043e\u0442\u0438 \u043d\u0430 \u0432\u0438\u0441\u043e\u0442\u0456, \u043d\u0435 \u0437\u0430\u0431\u0443\u0432\u0430\u0442\u0438 \u043f\u0440\u043e \u0457\u0445 \u0440\u0435\u0433\u0443\u043b\u044f\u0440\u043d\u0443 \u043f\u0435\u0440\u0435\u0432\u0456\u0440\u043a\u0443 \u043f\u0435\u0440\u0435\u0434 \u043a\u043e\u0436\u043d\u0438\u043c \u0432\u0438\u043a\u043e\u0440\u0438\u0441\u0442\u0430\u043d\u043d\u044f\u043c. \u0417\u0430\u0441\u043e\u0431\u0438 \u0456\u043d\u0434\u0438\u0432\u0456\u0434\u0443\u0430\u043b\u044c\u043d\u043e\u0433\u043e \u0437\u0430\u0445\u0438\u0441\u0442\u0443 \u0442\u0430\u043a\u043e\u0436 \u043f\u043e\u0432\u0438\u043d\u043d\u0456 \u0431\u0443\u0442\u0438 \u0441\u0435\u0440\u0442\u0438\u0444\u0456\u043a\u043e\u0432\u0430\u043d\u0456.<\/p>\n<\/div>\n<h2>\u0411\u0456\u043b\u044c\u0448\u0435 \u0456\u043d\u0444\u043e\u0440\u043c\u0430\u0446\u0456\u0457:<\/h2>\n<div style=\"text-align: center; font-size: 85%; line-height: 120%;\">\n<div style=\"float: left; margin-right: 40px; height: 290px;\">\n<p><a href=\"\/ua\/%d0%bd%d0%b0%d0%b2%d1%87%d0%b0%d0%bd%d0%bd%d1%8f\/%d0%b2%d0%b8%d1%81%d0%be%d1%82%d0%b8-%d0%b4%d0%bb%d1%8f-%d0%b0%d0%bb%d1%8c%d0%bf%d1%96%d0%bd%d1%96%d0%b7%d0%bc%d1%83-%d0%ba%d0%b2%d0%b0%d0%bb%d1%96%d1%84%d1%96%d0%ba%d0%b0%d1%86%d1%96%d1%97\/%d0%be%d1%81%d0%bd%d0%be%d0%b2%d0%bd%d0%b0-%d1%96%d0%bd%d1%84%d0%be%d1%80%d0%bc%d0%b0%d1%86%d1%96%d0%b9%d0%bd%d0%b0-%d1%82%d0%b2%d1%96%d1%80\/\"><img decoding=\"async\" src=\"\/wp-content\/uploads\/2017\/09\/szkolenie11.png\" alt=\"\" \/><\/a><\/p>\n<div style=\"width: 300px; font-size: 130%;\"><strong>\u0420\u043e\u0431\u043e\u0442\u0430 \u043d\u0430 \u0432\u0438\u0441\u043e\u0442\u0456 - \u043e\u0441\u043d\u043e\u0432\u043d\u0456 \u0432\u0456\u0434\u043e\u043c\u043e\u0441\u0442\u0456<\/strong><\/div>\n<p>&nbsp;<\/p>\n<\/div>\n<div style=\"float: left; margin-right: 40px; height: 290px;\">\n<p><a href=\"\/ua\/%d0%bd%d0%b0%d0%b2%d1%87%d0%b0%d0%bd%d0%bd%d1%8f\/%d0%b2%d0%b8%d1%81%d0%be%d1%82%d0%b8-%d0%b4%d0%bb%d1%8f-%d0%b0%d0%bb%d1%8c%d0%bf%d1%96%d0%bd%d1%96%d0%b7%d0%bc%d1%83-%d0%ba%d0%b2%d0%b0%d0%bb%d1%96%d1%84%d1%96%d0%ba%d0%b0%d1%86%d1%96%d1%97\/%d0%bd%d0%b0%d0%b9%d0%b1%d1%96%d0%bb%d1%8c%d1%88-%d0%bf%d0%be%d1%88%d0%b8%d1%80%d0%b5%d0%bd%d1%96-%d0%bf%d1%80%d0%b8%d1%87%d0%b8%d0%bd%d0%b8-%d0%bf%d0%b0%d0%b4%d1%96%d0%bd%d0%bd%d1%8f-%d0%b7-%d0%b2\/\"><img decoding=\"async\" src=\"\/wp-content\/uploads\/2014\/08\/wypadek.jpg\" alt=\"\" \/><\/a><\/p>\n<div style=\"width: 300px; font-size: 130%;\"><strong>\u041d\u0430\u0439\u0447\u0430\u0441\u0442\u0456\u0448\u0456 \u043f\u0440\u0438\u0447\u0438\u043d\u0438 \u043f\u0430\u0434\u0456\u043d\u044c \u0437 \u0432\u0438\u0441\u043e\u0442\u0438<\/strong><\/div>\n<p>&nbsp;<\/p>\n<\/div>\n<\/div>\n<div style=\"clear: both;\"><\/div>\n<div style=\"text-align: center; font-size: 85%; line-height: 120%;\">\n<div style=\"float: left; margin-right: 40px; height: 290px;\">\n<p><a href=\"\/ua\/%d0%bd%d0%b0%d0%b2%d1%87%d0%b0%d0%bd%d0%bd%d1%8f\/%d0%b2%d0%b8%d1%81%d0%be%d1%82%d0%b8-%d0%b4%d0%bb%d1%8f-%d0%b0%d0%bb%d1%8c%d0%bf%d1%96%d0%bd%d1%96%d0%b7%d0%bc%d1%83-%d0%ba%d0%b2%d0%b0%d0%bb%d1%96%d1%84%d1%96%d0%ba%d0%b0%d1%86%d1%96%d1%97\/%d0%b7%d0%b0%d1%81%d0%be%d0%b1%d0%b8-%d1%96%d0%bd%d0%b4%d0%b8%d0%b2%d1%96%d0%b4%d1%83%d0%b0%d0%bb%d1%8c%d0%bd%d0%be%d0%b3%d0%be-%d0%b7%d0%b0%d1%85%d0%b8%d1%81%d1%82%d1%83-%d0%bf%d1%96%d0%b4-%d1%87\/\"><img decoding=\"async\" src=\"\/wp-content\/uploads\/2017\/11\/bezpieczenstwo-pracy-na-wysokosci-srodki-ochronne.jpeg\" alt=\"\u0440\u043e\u0431\u043e\u0442\u0438 \u043d\u0430 \u0432\u0438\u0441\u043e\u0442\u0456 \u0443 \u0412\u0430\u0440\u0448\u0430\u0432\u0456\" \/><\/a><\/p>\n<div style=\"width: 300px; font-size: 130%;\"><strong>\u0417\u0430\u0441\u043e\u0431\u0438 \u0456\u043d\u0434\u0438\u0432\u0456\u0434\u0443\u0430\u043b\u044c\u043d\u043e\u0433\u043e \u0437\u0430\u0445\u0438\u0441\u0442\u0443 \u043f\u0440\u0438 \u0440\u043e\u0431\u043e\u0442\u0456 \u043d\u0430 \u0432\u0438\u0441\u043e\u0442\u0456<\/strong><\/div>\n<p>&nbsp;<\/p>\n<\/div>\n<div style=\"float: left; margin-right: 40px; height: 290px; padding-bottom: 50px;\">\n<p><a href=\"\/ua\/%d0%bd%d0%b0%d0%b2%d1%87%d0%b0%d0%bd%d0%bd%d1%8f\/%d0%b2%d0%b8%d1%81%d0%be%d1%82%d0%b8-%d0%b4%d0%bb%d1%8f-%d0%b0%d0%bb%d1%8c%d0%bf%d1%96%d0%bd%d1%96%d0%b7%d0%bc%d1%83-%d0%ba%d0%b2%d0%b0%d0%bb%d1%96%d1%84%d1%96%d0%ba%d0%b0%d1%86%d1%96%d1%97\/%d1%80%d0%be%d0%b1%d0%be%d1%82%d0%b0-%d0%bd%d0%b0-%d1%81%d1%82%d0%be%d0%b2%d0%bf%d0%b0%d1%85-%d1%89%d0%be%d0%b3%d0%bb%d0%b0%d1%85\/\"><img decoding=\"async\" src=\"\/wp-content\/uploads\/2017\/11\/praca-na-kominach-zdjecie.jpeg\" alt=\"\u043a\u0443\u0440\u0441 \u0430\u043b\u044c\u043f\u0456\u043d\u0456\u0437\u043c\u0443 \u0434\u043b\u044f \u043f\u0456\u0434\u0433\u043e\u0442\u043e\u0432\u043a\u0438 \u0434\u043e \u0440\u043e\u0431\u043e\u0442\u0438 \u043d\u0430 \u0432\u0438\u0441\u043e\u0442\u0456\" \/><\/a><\/p>\n<div style=\"width: 300px; font-size: 130%;\"><strong>\u0420\u043e\u0431\u043e\u0442\u0438 \u043d\u0430 \u043e\u043f\u043e\u0440\u0430\u0445, \u0449\u043e\u0433\u043b\u0430\u0445, \u0431\u0430\u0448\u0442\u043e\u0432\u0438\u0445 \u043a\u043e\u043d\u0441\u0442\u0440\u0443\u043a\u0446\u0456\u044f\u0445, \u0434\u0438\u043c\u043e\u0445\u043e\u0434\u0430\u0445, \u0431\u0443\u0434\u0456\u0432\u0435\u043b\u044c\u043d\u0438\u0445 \u043a\u043e\u043d\u0441\u0442\u0440\u0443\u043a\u0446\u0456\u044f\u0445 \u0431\u0435\u0437 \u043f\u0435\u0440\u0435\u043a\u0440\u0438\u0442\u0442\u0456\u0432<\/strong><\/div>\n<p>&nbsp;<\/p>\n<\/div>\n<\/div>\n<div style=\"float: left; margin-right: 40px; height: 290px;\">\n<div style=\"text-align: center; font-size: 85%; line-height: 120%;\">\n<p><a href=\"\/ua\/%d0%bd%d0%b0%d0%b2%d1%87%d0%b0%d0%bd%d0%bd%d1%8f\/%d0%b2%d0%b8%d1%81%d0%be%d1%82%d0%b8-%d0%b4%d0%bb%d1%8f-%d0%b0%d0%bb%d1%8c%d0%bf%d1%96%d0%bd%d1%96%d0%b7%d0%bc%d1%83-%d0%ba%d0%b2%d0%b0%d0%bb%d1%96%d1%84%d1%96%d0%ba%d0%b0%d1%86%d1%96%d1%97\/\"><img decoding=\"async\" src=\"\/wp-content\/uploads\/2017\/09\/szkolenie11.png\" alt=\"\u043a\u0443\u0440\u0441 \u0430\u043b\u044c\u043f\u0456\u043d\u0456\u0437\u043c\u0443 \u0434\u043b\u044f \u043f\u0456\u0434\u0433\u043e\u0442\u043e\u0432\u043a\u0438 \u0434\u043e \u0440\u043e\u0431\u043e\u0442\u0438 \u043d\u0430 \u0432\u0438\u0441\u043e\u0442\u0456\" \/><\/a><\/p>\n<div style=\"width: 300px; font-size: 130%;\"><strong>\u0412\u0438\u0441\u043e\u0442\u043d\u0438\u0439 \u043a\u0443\u0440\u0441<\/strong><\/div>\n<p>&nbsp;<\/p>\n<\/div>\n<\/div>","protected":false},"excerpt":{"rendered":"<p>Podczas prac na wysoko\u015bci konieczne jest stosowanie odpowiednich \u015brodk\u00f3w ochrony indywidualnej, kt\u00f3re zabezpieczaj\u0105 pracownika przed upadkami. S\u0105 one dobierane indywidualnie w zale\u017cno\u015bci od rodzaju oraz warunk\u00f3w wykonywanej pracy na wysoko\u015bci. Ka\u017cda osoba, kt\u00f3ra zako\u0144czy kurs wysoko\u015bciowy, posiada informacje o tym, jakie \u015brodki ochrony indywidualne musz\u0105 by\u0107 stosowane. Pracodawca ma obowi\u0105zek dostarczy\u0107 swoim pracownikom nieodp\u0142atnie w\u0142a\u015bciwe \u015brodki ochrony indywidualnej. Powinien r\u00f3wnie\u017c poinformowa\u0107 ich o sposobach ich u\u017cywania.Bezpieczna praca na wysoko\u015bci wymaga stosowania \u015brodk\u00f3w specjalnie dobranych, w odpowiednim stanie, regularnie sprawdzanych. Inne z nich b\u0119dzie stosowa\u0142 alpinista przemys\u0142owy, inne z kolei pracownik k\u0142ad\u0105cy zadaszenie. Do najcz\u0119\u015bciej spotykanych sk\u0142adnik\u00f3w system\u00f3w ochronnych nale\u017c\u0105 liny i ta\u015bmy w\u0142\u00f3kiennicze wykorzystywane w: uprz\u0119\u017cach, w tym szelkach bezpiecze\u0144stwa i pasach biodrowych linkach bezpiecze\u0144stwa amortyzatorach urz\u0105dzeniach samozaciskowych urz\u0105dzeniach samohamownych zaczepach ta\u015bmowych i innych \u015brodkach chroni\u0105cych przed upadkiem z wysoko\u015bci Nale\u017cy jednak zdawa\u0107 sobie spraw\u0119 z tego, \u017ce elementy w\u0142\u00f3kiennicze s\u0105 wra\u017cliwe na uszkodzenia mechaniczne ze wzgl\u0119du na zastosowane materia\u0142y oraz ich struktur\u0119. W zwi\u0105zku z tym osoby wykonuj\u0105ce prace alpinistyczne i inne prace na wysoko\u015bci powinny zwraca\u0107 szczeg\u00f3ln\u0105 uwag\u0119 na ich poprawne u\u017cywanie i sprawdzanie stanu technicznego. Ka\u017cdy pracownik, kt\u00f3ry posiada uprawnienia do pracy na wysoko\u015bci powinien pami\u0119ta\u0107 o tym, aby dok\u0142adnie zapozna\u0107 si\u0119 z instrukcjami obs\u0142ugi sprz\u0119tu, pozna\u0107 zagro\u017cenia zwi\u0105zane z uszkodzeniami element\u00f3w stosowanych przy pracy na wysoko\u015bci, pami\u0119ta\u0107 o ich regularnym sprawdzaniu przed ka\u017cdym zastosowaniem. \u015arodki ochrony indywidualne powinny by\u0107 r\u00f3wnie\u017c atestowane. Wi\u0119cej informacji: Prace na wysoko\u015bci &#8211; podstawowe informacje &nbsp; Najcz\u0119stsze przyczyny upadk\u00f3w z wysoko\u015bci &nbsp; \u015arodki ochrony indywidualnej podczas prac na wysoko\u015bci &nbsp; Praca na s\u0142upach, masztach, konstrukcjach wie\u017cowych, kominach, [&hellip;]<\/p>\n","protected":false},"author":1,"featured_media":2394,"parent":2263,"menu_order":0,"comment_status":"closed","ping_status":"closed","template":"","meta":{"sfsi_plus_gutenberg_text_before_share":"","sfsi_plus_gutenberg_show_text_before_share":"","sfsi_plus_gutenberg_icon_type":"","sfsi_plus_gutenberg_icon_alignemt":"","sfsi_plus_gutenburg_max_per_row":"","footnotes":""},"class_list":["post-2365","page","type-page","status-publish","has-post-thumbnail","hentry","has_thumb"],"aioseo_notices":[],"_links":{"self":[{"href":"https:\/\/kursy-udt.pl\/ua\/wp-json\/wp\/v2\/pages\/2365","targetHints":{"allow":["GET"]}}],"collection":[{"href":"https:\/\/kursy-udt.pl\/ua\/wp-json\/wp\/v2\/pages"}],"about":[{"href":"https:\/\/kursy-udt.pl\/ua\/wp-json\/wp\/v2\/types\/page"}],"author":[{"embeddable":true,"href":"https:\/\/kursy-udt.pl\/ua\/wp-json\/wp\/v2\/users\/1"}],"replies":[{"embeddable":true,"href":"https:\/\/kursy-udt.pl\/ua\/wp-json\/wp\/v2\/comments?post=2365"}],"version-history":[{"count":12,"href":"https:\/\/kursy-udt.pl\/ua\/wp-json\/wp\/v2\/pages\/2365\/revisions"}],"predecessor-version":[{"id":4309,"href":"https:\/\/kursy-udt.pl\/ua\/wp-json\/wp\/v2\/pages\/2365\/revisions\/4309"}],"up":[{"embeddable":true,"href":"https:\/\/kursy-udt.pl\/ua\/wp-json\/wp\/v2\/pages\/2263"}],"wp:featuredmedia":[{"embeddable":true,"href":"https:\/\/kursy-udt.pl\/ua\/wp-json\/wp\/v2\/media\/2394"}],"wp:attachment":[{"href":"https:\/\/kursy-udt.pl\/ua\/wp-json\/wp\/v2\/media?parent=2365"}],"curies":[{"name":"wp","href":"https:\/\/api.w.org\/{rel}","templated":true}]}}