{"id":2359,"date":"2017-09-12T16:32:20","date_gmt":"2017-09-12T16:32:20","guid":{"rendered":"http:\/\/kursy-udt.pl\/?page_id=2359"},"modified":"2022-09-16T07:53:51","modified_gmt":"2022-09-16T07:53:51","slug":"%d0%bd%d0%b0%d0%b9%d0%b1%d1%96%d0%bb%d1%8c%d1%88-%d0%bf%d0%be%d1%88%d0%b8%d1%80%d0%b5%d0%bd%d1%96-%d0%bf%d1%80%d0%b8%d1%87%d0%b8%d0%bd%d0%b8-%d0%bf%d0%b0%d0%b4%d1%96%d0%bd%d0%bd%d1%8f-%d0%b7-%d0%b2","status":"publish","type":"page","link":"https:\/\/kursy-udt.pl\/ua\/szkolenia\/wysokosciowe-na-uprawnienia-alpinistyczne\/najczestsze-przyczyny-upadkow-z-wysokosci\/","title":{"rendered":"\u041d\u0430\u0439\u0447\u0430\u0441\u0442\u0456\u0448\u0456 \u043f\u0440\u0438\u0447\u0438\u043d\u0438 \u043f\u0430\u0434\u0456\u043d\u044c \u0437 \u0432\u0438\u0441\u043e\u0442\u0438"},"content":{"rendered":"<div style=\"float: left; padding-right: 10px;\"><img decoding=\"async\" src=\"\/wp-content\/uploads\/2014\/08\/wypadek_m.jpg\" alt=\"\" \/><\/div>\n<div class=\"wyjustuj\">\u041f\u0440\u0430\u0446\u0456\u0432\u043d\u0438\u043a\u0438, \u044f\u043a\u0456 \u0432\u0438\u043a\u043e\u043d\u0443\u044e\u0442\u044c \u0441\u0432\u043e\u0457 \u043e\u0431\u043e\u0432&#039;\u044f\u0437\u043a\u0438 \u043d\u0430 \u0432\u0438\u0441\u043e\u0442\u0456, \u043f\u043e\u0432\u0438\u043d\u043d\u0456 \u0431\u0443\u0442\u0438 \u043e\u0441\u043e\u0431\u043b\u0438\u0432\u043e \u043e\u0431\u0435\u0440\u0435\u0436\u043d\u0438\u043c\u0438. \u0417\u0433\u0456\u0434\u043d\u043e \u0437 \u0434\u0430\u043d\u0438\u043c\u0438 \u0413\u043e\u043b\u043e\u0432\u043d\u043e\u0433\u043e \u0441\u0442\u0430\u0442\u0438\u0441\u0442\u0438\u0447\u043d\u043e\u0433\u043e \u0443\u043f\u0440\u0430\u0432\u043b\u0456\u043d\u043d\u044f, \u043f\u0430\u0434\u0456\u043d\u043d\u044f \u0437 \u0432\u0438\u0441\u043e\u0442\u0438 \u0441\u0442\u0430\u043d\u043e\u0432\u0438\u0442\u044c \u0434\u043e 30% \u0443\u0441\u0456\u0445 \u043d\u0435\u0449\u0430\u0441\u043d\u0438\u0445 \u0432\u0438\u043f\u0430\u0434\u043a\u0456\u0432 \u043d\u0430 \u0432\u0438\u0440\u043e\u0431\u043d\u0438\u0446\u0442\u0432\u0456 \u0432 \u041f\u043e\u043b\u044c\u0449\u0456. \u0417\u0430\u0432\u0434\u0430\u043d\u043d\u044f \u044f\u043a \u0440\u043e\u0431\u043e\u0442\u043e\u0434\u0430\u0432\u0446\u044f, \u0442\u0430\u043a \u0456 \u043f\u0440\u0430\u0446\u0456\u0432\u043d\u0438\u043a\u0430 \u2013 \u043f\u0440\u0438\u0434\u0456\u043b\u044f\u0442\u0438 \u043e\u0441\u043e\u0431\u043b\u0438\u0432\u0443 \u0443\u0432\u0430\u0433\u0443 \u0431\u0435\u0437\u043f\u0435\u0446\u0456 \u043f\u0456\u0434 \u0447\u0430\u0441 \u0440\u043e\u0431\u043e\u0442\u0438 \u043d\u0430 \u0432\u0438\u0441\u043e\u0442\u0456.<br \/>\n\u0414\u043b\u044f \u0442\u043e\u0433\u043e, \u0449\u043e\u0431 \u043f\u0440\u0430\u0446\u0456\u0432\u043d\u0438\u043a \u043c\u0456\u0433 \u0432\u0438\u043a\u043e\u043d\u0443\u0432\u0430\u0442\u0438 \u0440\u043e\u0431\u043e\u0442\u0443 \u043d\u0430 \u0432\u0438\u0441\u043e\u0442\u0456, \u0432\u0456\u043d \u043f\u043e\u0432\u0438\u043d\u0435\u043d \u043f\u0440\u043e\u0439\u0442\u0438 \u0432\u0456\u0434\u043f\u043e\u0432\u0456\u0434\u043d\u0443 <a href=\"https:\/\/kursy-udt.pl\/ua\/szkolenia\/wysokosciowe-na-uprawnienia-alpinistyczne\/\">\u0432\u0438\u0441\u043e\u0442\u043d\u0438\u0439 \u043a\u0443\u0440\u0441<\/a> \u043d\u0430\u0432\u0447\u0430\u043d\u043d\u044f \u043e\u0441\u043d\u043e\u0432\u0430\u043c \u0432\u0438\u043a\u043e\u043d\u0430\u043d\u043d\u044f \u0440\u043e\u0431\u0456\u0442 \u043d\u0430 \u0432\u0438\u0441\u043e\u0442\u0456. \u041f\u0440\u0438 \u0446\u044c\u043e\u043c\u0443 \u0456\u0441\u043d\u0443\u0454 \u0434\u0432\u0430 \u0442\u0438\u043f\u0438 \u043a\u0443\u0440\u0441\u0456\u0432: \u043a\u0430\u043d\u0430\u0442\u043d\u0438\u0439 \u0434\u043e\u0441\u0442\u0443\u043f \u0456 \u0431\u0443\u0434\u0456\u0432\u0435\u043b\u044c\u043d\u0438\u0439 \u0434\u043e\u0441\u0442\u0443\u043f. \u041d\u0430\u043b\u0435\u0436\u043d\u0438\u043c \u0447\u0438\u043d\u043e\u043c \u043f\u0456\u0434\u0433\u043e\u0442\u043e\u0432\u043b\u0435\u043d\u0438\u0439 \u043f\u0440\u0430\u0446\u0456\u0432\u043d\u0438\u043a \u0437 <a href=\"https:\/\/kursy-udt.pl\/ua\/uprawnienia-udt\/kategorie-uprawnien-2\/\">\u043f\u0440\u0430\u0432\u0430<\/a> \u043f\u0440\u0430\u0446\u044e\u0432\u0430\u0442\u0438 \u043d\u0430 \u0432\u0438\u0441\u043e\u0442\u0456, \u0432\u0456\u043d \u043f\u043e\u0432\u0438\u043d\u0435\u043d \u0437\u043d\u0430\u0442\u0438, \u044f\u043a \u043f\u043e\u0432\u043e\u0434\u0438\u0442\u0438\u0441\u044f \u043f\u0456\u0434 \u0447\u0430\u0441 \u0432\u0438\u043a\u043e\u043d\u0430\u043d\u043d\u044f \u043e\u0431\u043e\u0432&#039;\u044f\u0437\u043a\u0456\u0432 \u043d\u0430 \u0432\u0438\u0441\u043e\u0442\u0456. \u041d\u0435\u043d\u0430\u043b\u0435\u0436\u043d\u0435 \u043f\u0440\u043e\u0432\u0435\u0434\u0435\u043d\u043d\u044f \u0430\u043b\u044c\u043f\u0456\u043d\u0456\u0441\u0442\u0441\u044c\u043a\u0438\u0445 \u0440\u043e\u0431\u0456\u0442, \u0432\u0456\u0434\u0441\u0443\u0442\u043d\u0456\u0441\u0442\u044c \u0430\u0431\u043e \u043d\u0435\u043f\u043e\u0432\u043d\u0430 \u043f\u0456\u0434\u0433\u043e\u0442\u043e\u0432\u043a\u0430 \u0454 \u043e\u0434\u043d\u0456\u0454\u044e \u0437 \u0441\u0435\u0440\u0439\u043e\u0437\u043d\u0438\u0445 \u043f\u0440\u043e\u0431\u043b\u0435\u043c, \u0449\u043e \u043b\u0435\u0436\u0430\u0442\u044c \u0432 \u043e\u0441\u043d\u043e\u0432\u0456 \u043d\u0435\u0449\u0430\u0441\u043d\u0438\u0445 \u0432\u0438\u043f\u0430\u0434\u043a\u0456\u0432 \u043d\u0430 \u0432\u0438\u0441\u043e\u0442\u0456.<\/p>\n<div class=\"filmw\">\n<div class=\"responsive-youtube\" style=\"text-align: center;\"><iframe loading=\"lazy\" title=\"\u0412\u0456\u0434\u0435\u043e\u043f\u043b\u0435\u0454\u0440 YouTube\" src=\"https:\/\/www.youtube.com\/embed\/Lf4dfMhJft0\" width=\"560\" height=\"315\" frameborder=\"0\" allowfullscreen=\"allowfullscreen\"><\/iframe><\/div>\n<\/div>\n<p><strong>\u0414\u043e \u043e\u0441\u043d\u043e\u0432\u043d\u0438\u0445 \u043f\u0440\u0438\u0447\u0438\u043d \u043f\u0430\u0434\u0456\u043d\u043d\u044f \u0437 \u0432\u0438\u0441\u043e\u0442\u0438 \u0432\u0456\u0434\u043d\u043e\u0441\u044f\u0442\u044c\u0441\u044f:<\/strong><\/p>\n<ul>\n<li>\u043d\u0438\u0437\u044c\u043a\u0435 \u0443\u0441\u0432\u0456\u0434\u043e\u043c\u043b\u0435\u043d\u043d\u044f \u0437\u0430\u0433\u0440\u043e\u0437\u0438<\/li>\n<li>\u043f\u043e\u0447\u0430\u0442\u043e\u043a \u0440\u043e\u0431\u0456\u0442 \u043d\u0430 \u0432\u0438\u0441\u043e\u0442\u0456 \u0431\u0435\u0437 \u043d\u0430\u043b\u0435\u0436\u043d\u043e\u0433\u043e \u043f\u043b\u0430\u043d\u0443\u0432\u0430\u043d\u043d\u044f<\/li>\n<li>\u043d\u0435\u0434\u043e\u0441\u0442\u0430\u0442\u043d\u044f \u0456\u043d\u0444\u043e\u0440\u043c\u0430\u0446\u0456\u044f \u0434\u043b\u044f \u043f\u0440\u0430\u0446\u0456\u0432\u043d\u0438\u043a\u0456\u0432 \u043f\u0440\u043e \u0440\u0438\u0437\u0438\u043a\u0438, \u0432\u043a\u043b\u044e\u0447\u0430\u044e\u0447\u0438 \u043d\u0435\u043d\u0430\u0434\u0430\u043d\u043d\u044f \u0457\u043c \u043d\u0430\u043b\u0435\u0436\u043d\u0438\u0445 \u0456\u043d\u0441\u0442\u0440\u0443\u043a\u0446\u0456\u0439 \u0456 \u0432\u0456\u0434\u0441\u0443\u0442\u043d\u0456\u0441\u0442\u044c \u043d\u0430\u0432\u0447\u0430\u043d\u043d\u044f<\/li>\n<li>\u043d\u0435\u0434\u043e\u0441\u0442\u0430\u0442\u043d\u0456\u0439 \u043d\u0430\u0433\u043b\u044f\u0434 \u0437\u0430 \u0432\u0438\u043a\u043e\u043d\u0430\u043d\u043d\u044f\u043c \u0440\u043e\u0431\u0456\u0442 \u043d\u0430 \u0432\u0438\u0441\u043e\u0442\u0456<\/li>\n<li>\u043f\u0440\u0430\u0446\u044e\u0432\u0430\u0442\u0438 \u043d\u0430 \u0432\u0438\u0441\u043e\u0442\u0456 \u0431\u0435\u0437 \u0437\u0430\u0441\u043e\u0431\u0456\u0432 \u0437\u0430\u0445\u0438\u0441\u0442\u0443 \u0432\u0456\u0434 \u043f\u0430\u0434\u0456\u043d\u043d\u044f<\/li>\n<li>\u043d\u0435\u0432\u0438\u043a\u043e\u0440\u0438\u0441\u0442\u0430\u043d\u043d\u044f \u0430\u0431\u043e \u043d\u0435\u043f\u0440\u0430\u0432\u0438\u043b\u044c\u043d\u0435 \u0432\u0438\u043a\u043e\u0440\u0438\u0441\u0442\u0430\u043d\u043d\u044f \u0437\u0430\u0441\u043e\u0431\u0456\u0432 \u0437\u0430\u0445\u0438\u0441\u0442\u0443 \u043f\u0440\u0430\u0446\u0456\u0432\u043d\u0438\u043a\u0430\u043c\u0438<\/li>\n<\/ul>\n<p><strong>\u041d\u0430\u0439\u0431\u0456\u043b\u044c\u0448 \u043f\u043e\u0448\u0438\u0440\u0435\u043d\u0438\u043c\u0438 \u043f\u0440\u0438\u0447\u0438\u043d\u0430\u043c\u0438 \u043d\u0435\u0449\u0430\u0441\u043d\u0438\u0445 \u0432\u0438\u043f\u0430\u0434\u043a\u0456\u0432 \u043d\u0430 \u0432\u0438\u0440\u043e\u0431\u043d\u0438\u0446\u0442\u0432\u0456, \u043f\u043e\u0432&#039;\u044f\u0437\u0430\u043d\u0438\u0445 \u0437 \u043f\u0430\u0434\u0456\u043d\u043d\u044f\u043c \u0437 \u0432\u0438\u0441\u043e\u0442\u0438, \u0454:<\/strong><\/p>\n<ul>\n<li>\u043d\u0435\u043d\u0430\u043b\u0435\u0436\u043d\u0430 \u043f\u043e\u0432\u0435\u0434\u0456\u043d\u043a\u0430 \u043f\u0440\u0430\u0446\u0456\u0432\u043d\u0438\u043a\u0456\u0432 \u043d\u0430 \u0440\u043e\u0431\u043e\u0442\u0456 \u0447\u0435\u0440\u0435\u0437 \u0431\u0435\u0437\u0432\u0456\u0434\u043f\u043e\u0432\u0456\u0434\u0430\u043b\u044c\u043d\u0456\u0441\u0442\u044c \u0430\u0431\u043e \u043d\u0435\u0434\u043e\u0441\u0442\u0430\u0442\u043d\u044e \u043f\u0456\u0434\u0433\u043e\u0442\u043e\u0432\u043a\u0443 \u0437 \u043f\u0438\u0442\u0430\u043d\u044c <a href=\"https:\/\/kursy-udt.pl\/ua\/szkolenia\/bhp-bezpieczenstwo-pracy\/prawna-ochrona-pracy\/\">\u0417\u0434\u043e\u0440\u043e\u0432&#039;\u044f \u0456 \u0431\u0435\u0437\u043f\u0435\u043a\u0430<\/a><\/li>\n<li>\u0432\u0456\u0434\u0441\u0443\u0442\u043d\u0456\u0441\u0442\u044c \u0437\u0430\u0445\u0438\u0441\u043d\u0438\u0445 \u043f\u0440\u0438\u0441\u0442\u0440\u043e\u0457\u0432 \u0430\u0431\u043e \u0457\u0445 \u043d\u0435\u0437\u0430\u0434\u043e\u0432\u0456\u043b\u044c\u043d\u0438\u0439 \u0442\u0435\u0445\u043d\u0456\u0447\u043d\u0438\u0439 \u0441\u0442\u0430\u043d<\/li>\n<li>\u043d\u0435\u043d\u0430\u043b\u0435\u0436\u043d\u0430 \u043e\u0440\u0433\u0430\u043d\u0456\u0437\u0430\u0446\u0456\u044f \u0442\u0430 \u043a\u043e\u043e\u0440\u0434\u0438\u043d\u0430\u0446\u0456\u044f \u0440\u043e\u0431\u0456\u0442<\/li>\n<li>\u0442\u043e\u043b\u0435\u0440\u0430\u043d\u0442\u043d\u0456\u0441\u0442\u044c \u0434\u043e \u0432\u0456\u0434\u0445\u0438\u043b\u0435\u043d\u044c \u0432\u0456\u0434 \u043e\u0441\u043d\u043e\u0432\u043d\u0438\u0445 \u043f\u0440\u0430\u0432\u0438\u043b \u0448\u043b\u044f\u0445\u043e\u043c \u043f\u0440\u044f\u043c\u043e\u0433\u043e \u043d\u0430\u0433\u043b\u044f\u0434\u0443 \u0437\u0430 \u043e\u0445\u043e\u0440\u043e\u043d\u043e\u044e \u043f\u0440\u0430\u0446\u0456<\/li>\n<\/ul>\n<p>\u0422\u043e\u043c\u0443 \u043e\u0441\u043d\u043e\u0432\u043e\u044e \u0432\u0456\u0434\u0441\u0443\u0442\u043d\u043e\u0441\u0442\u0456 \u043d\u0435\u0449\u0430\u0441\u043d\u0438\u0445 \u0432\u0438\u043f\u0430\u0434\u043a\u0456\u0432 \u0454 \u043f\u0440\u0430\u0432\u0438\u043b\u044c\u043d\u043e \u0441\u043f\u043b\u0430\u043d\u043e\u0432\u0430\u043d\u0430, \u0431\u0435\u0437\u043f\u0435\u0447\u043d\u0430 \u0440\u043e\u0431\u043e\u0442\u0430 \u043d\u0430 \u0432\u0438\u0441\u043e\u0442\u0456 \u2013 \u0442\u0443\u0442 \u0434\u0443\u0436\u0435 \u0432\u0430\u0436\u043b\u0438\u0432\u0456 \u043f\u0440\u0430\u0432\u0430 \u043d\u0430 \u0432\u0438\u0441\u043e\u0442\u0456, \u0430\u043b\u0435 \u043d\u0435 \u043c\u0435\u043d\u0448 \u0432\u0430\u0436\u043b\u0438\u0432\u0430 \u043d\u0430\u043b\u0435\u0436\u043d\u0430 \u043a\u0443\u043b\u044c\u0442\u0443\u0440\u0430 \u043f\u0440\u0430\u0446\u0456 \u043f\u0440\u0430\u0446\u0456\u0432\u043d\u0438\u043a\u0456\u0432.<\/p>\n<p>\u0421\u043b\u0456\u0434 \u0442\u0430\u043a\u043e\u0436 \u043f\u0430\u043c\u2019\u044f\u0442\u0430\u0442\u0438, \u0449\u043e \u043b\u044e\u0434\u0438, \u044f\u043a\u0456 \u043f\u0440\u0430\u0446\u044e\u044e\u0442\u044c \u043f\u0440\u043e\u043c\u0438\u0441\u043b\u043e\u0432\u0438\u043c\u0438 \u0430\u043b\u044c\u043f\u0456\u043d\u0456\u0441\u0442\u0430\u043c\u0438 \u0430\u0431\u043e \u0431\u0443\u0434\u0456\u0432\u0435\u043b\u044c\u043d\u0438\u043a\u0430\u043c\u0438, \u044f\u043a\u0456 \u043f\u0440\u0430\u0446\u044e\u044e\u0442\u044c \u043d\u0430 \u0432\u0438\u0441\u043e\u0442\u0456, \u043f\u043e\u0432\u0438\u043d\u043d\u0456 \u0431\u0440\u0430\u0442\u0438 \u0443\u0447\u0430\u0441\u0442\u044c \u0443 \u043a\u0443\u0440\u0441\u0430\u0445 \u043f\u0456\u0434\u0432\u0438\u0449\u0435\u043d\u043d\u044f \u043a\u0432\u0430\u043b\u0456\u0444\u0456\u043a\u0430\u0446\u0456\u0457, \u044f\u043a\u0456 \u043e\u043d\u043e\u0432\u043b\u044e\u044e\u0442\u044c \u0456\u043d\u0444\u043e\u0440\u043c\u0430\u0446\u0456\u044e \u043f\u0440\u043e \u043f\u0440\u0430\u0432\u0438\u043b\u0430 \u0442\u0430 \u043c\u0435\u0442\u043e\u0434\u0438, \u0449\u043e \u0432\u0438\u043a\u043e\u0440\u0438\u0441\u0442\u043e\u0432\u0443\u044e\u0442\u044c\u0441\u044f \u043f\u0456\u0434 \u0447\u0430\u0441 \u0440\u043e\u0431\u043e\u0442\u0438 \u043d\u0430 \u0432\u0438\u0441\u043e\u0442\u0456.<\/p>\n<\/div>\n<h2>\u0411\u0456\u043b\u044c\u0448\u0435 \u0456\u043d\u0444\u043e\u0440\u043c\u0430\u0446\u0456\u0457:<\/h2>\n<div style=\"text-align: center; font-size: 85%; line-height: 120%;\">\n<div style=\"float: left; margin-right: 40px; height: 290px;\">\n<p><a href=\"\/ua\/%d0%bd%d0%b0%d0%b2%d1%87%d0%b0%d0%bd%d0%bd%d1%8f\/%d0%b2%d0%b8%d1%81%d0%be%d1%82%d0%b8-%d0%b4%d0%bb%d1%8f-%d0%b0%d0%bb%d1%8c%d0%bf%d1%96%d0%bd%d1%96%d0%b7%d0%bc%d1%83-%d0%ba%d0%b2%d0%b0%d0%bb%d1%96%d1%84%d1%96%d0%ba%d0%b0%d1%86%d1%96%d1%97\/%d0%be%d1%81%d0%bd%d0%be%d0%b2%d0%bd%d0%b0-%d1%96%d0%bd%d1%84%d0%be%d1%80%d0%bc%d0%b0%d1%86%d1%96%d0%b9%d0%bd%d0%b0-%d1%82%d0%b2%d1%96%d1%80\/\"><img decoding=\"async\" src=\"\/wp-content\/uploads\/2017\/09\/szkolenie11.png\" alt=\"\" \/><\/a><\/p>\n<div style=\"width: 300px; font-size: 130%;\"><strong>\u0420\u043e\u0431\u043e\u0442\u0430 \u043d\u0430 \u0432\u0438\u0441\u043e\u0442\u0456 - \u043e\u0441\u043d\u043e\u0432\u043d\u0456 \u0432\u0456\u0434\u043e\u043c\u043e\u0441\u0442\u0456<\/strong><\/div>\n<p>&nbsp;<\/p>\n<\/div>\n<div style=\"float: left; margin-right: 40px; height: 290px;\">\n<p><a href=\"\/ua\/%d0%bd%d0%b0%d0%b2%d1%87%d0%b0%d0%bd%d0%bd%d1%8f\/%d0%b2%d0%b8%d1%81%d0%be%d1%82%d0%b8-%d0%b4%d0%bb%d1%8f-%d0%b0%d0%bb%d1%8c%d0%bf%d1%96%d0%bd%d1%96%d0%b7%d0%bc%d1%83-%d0%ba%d0%b2%d0%b0%d0%bb%d1%96%d1%84%d1%96%d0%ba%d0%b0%d1%86%d1%96%d1%97\/%d0%bd%d0%b0%d0%b9%d0%b1%d1%96%d0%bb%d1%8c%d1%88-%d0%bf%d0%be%d1%88%d0%b8%d1%80%d0%b5%d0%bd%d1%96-%d0%bf%d1%80%d0%b8%d1%87%d0%b8%d0%bd%d0%b8-%d0%bf%d0%b0%d0%b4%d1%96%d0%bd%d0%bd%d1%8f-%d0%b7-%d0%b2\/\"><img decoding=\"async\" src=\"\/wp-content\/uploads\/2014\/08\/wypadek.jpg\" alt=\"\" \/><\/a><\/p>\n<div style=\"width: 300px; font-size: 130%;\"><strong>\u041d\u0430\u0439\u0447\u0430\u0441\u0442\u0456\u0448\u0456 \u043f\u0440\u0438\u0447\u0438\u043d\u0438 \u043f\u0430\u0434\u0456\u043d\u044c \u0437 \u0432\u0438\u0441\u043e\u0442\u0438<\/strong><\/div>\n<p>&nbsp;<\/p>\n<\/div>\n<\/div>\n<div style=\"clear: both;\"><\/div>\n<div style=\"text-align: center; font-size: 85%; line-height: 120%;\">\n<div style=\"float: left; margin-right: 40px; height: 290px;\">\n<p><a href=\"\/ua\/%d0%bd%d0%b0%d0%b2%d1%87%d0%b0%d0%bd%d0%bd%d1%8f\/%d0%b2%d0%b8%d1%81%d0%be%d1%82%d0%b8-%d0%b4%d0%bb%d1%8f-%d0%b0%d0%bb%d1%8c%d0%bf%d1%96%d0%bd%d1%96%d0%b7%d0%bc%d1%83-%d0%ba%d0%b2%d0%b0%d0%bb%d1%96%d1%84%d1%96%d0%ba%d0%b0%d1%86%d1%96%d1%97\/%d0%b7%d0%b0%d1%81%d0%be%d0%b1%d0%b8-%d1%96%d0%bd%d0%b4%d0%b8%d0%b2%d1%96%d0%b4%d1%83%d0%b0%d0%bb%d1%8c%d0%bd%d0%be%d0%b3%d0%be-%d0%b7%d0%b0%d1%85%d0%b8%d1%81%d1%82%d1%83-%d0%bf%d1%96%d0%b4-%d1%87\/\"><img decoding=\"async\" src=\"\/wp-content\/uploads\/2017\/11\/bezpieczenstwo-pracy-na-wysokosci-srodki-ochronne.jpeg\" alt=\"\u0440\u043e\u0431\u043e\u0442\u0438 \u043d\u0430 \u0432\u0438\u0441\u043e\u0442\u0456 \u0443 \u0412\u0430\u0440\u0448\u0430\u0432\u0456\" \/><\/a><\/p>\n<div style=\"width: 300px; font-size: 130%;\"><strong>\u0417\u0430\u0441\u043e\u0431\u0438 \u0456\u043d\u0434\u0438\u0432\u0456\u0434\u0443\u0430\u043b\u044c\u043d\u043e\u0433\u043e \u0437\u0430\u0445\u0438\u0441\u0442\u0443 \u043f\u0440\u0438 \u0440\u043e\u0431\u043e\u0442\u0456 \u043d\u0430 \u0432\u0438\u0441\u043e\u0442\u0456<\/strong><\/div>\n<p>&nbsp;<\/p>\n<\/div>\n<div style=\"float: left; margin-right: 40px; height: 290px; padding-bottom: 50px;\">\n<p><a href=\"\/ua\/%d0%bd%d0%b0%d0%b2%d1%87%d0%b0%d0%bd%d0%bd%d1%8f\/%d0%b2%d0%b8%d1%81%d0%be%d1%82%d0%b8-%d0%b4%d0%bb%d1%8f-%d0%b0%d0%bb%d1%8c%d0%bf%d1%96%d0%bd%d1%96%d0%b7%d0%bc%d1%83-%d0%ba%d0%b2%d0%b0%d0%bb%d1%96%d1%84%d1%96%d0%ba%d0%b0%d1%86%d1%96%d1%97\/%d1%80%d0%be%d0%b1%d0%be%d1%82%d0%b0-%d0%bd%d0%b0-%d1%81%d1%82%d0%be%d0%b2%d0%bf%d0%b0%d1%85-%d1%89%d0%be%d0%b3%d0%bb%d0%b0%d1%85\/\"><img loading=\"lazy\" decoding=\"async\" class=\"alignnone\" src=\"\/wp-content\/uploads\/2017\/11\/praca-na-kominach-zdjecie.jpeg\" alt=\"\u043a\u0443\u0440\u0441 \u0430\u043b\u044c\u043f\u0456\u043d\u0456\u0437\u043c\u0443 \u0434\u043b\u044f \u043f\u0456\u0434\u0433\u043e\u0442\u043e\u0432\u043a\u0438 \u0434\u043e \u0440\u043e\u0431\u043e\u0442\u0438 \u043d\u0430 \u0432\u0438\u0441\u043e\u0442\u0456\" width=\"300\" height=\"225\" \/><\/a><\/p>\n<div style=\"width: 300px; font-size: 130%;\"><strong>\u0420\u043e\u0431\u043e\u0442\u0438 \u043d\u0430 \u043e\u043f\u043e\u0440\u0430\u0445, \u0449\u043e\u0433\u043b\u0430\u0445, \u0431\u0430\u0448\u0442\u043e\u0432\u0438\u0445 \u043a\u043e\u043d\u0441\u0442\u0440\u0443\u043a\u0446\u0456\u044f\u0445, \u0434\u0438\u043c\u043e\u0445\u043e\u0434\u0430\u0445, \u0431\u0443\u0434\u0456\u0432\u0435\u043b\u044c\u043d\u0438\u0445 \u043a\u043e\u043d\u0441\u0442\u0440\u0443\u043a\u0446\u0456\u044f\u0445 \u0431\u0435\u0437 \u043f\u0435\u0440\u0435\u043a\u0440\u0438\u0442\u0442\u0456\u0432<\/strong><\/div>\n<p>&nbsp;<\/p>\n<\/div>\n<\/div>\n<div style=\"float: left; margin-right: 40px; height: 290px;\">\n<div style=\"text-align: center; font-size: 85%; line-height: 120%;\">\n<p><a href=\"\/ua\/%d0%bd%d0%b0%d0%b2%d1%87%d0%b0%d0%bd%d0%bd%d1%8f\/%d0%b2%d0%b8%d1%81%d0%be%d1%82%d0%b8-%d0%b4%d0%bb%d1%8f-%d0%b0%d0%bb%d1%8c%d0%bf%d1%96%d0%bd%d1%96%d0%b7%d0%bc%d1%83-%d0%ba%d0%b2%d0%b0%d0%bb%d1%96%d1%84%d1%96%d0%ba%d0%b0%d1%86%d1%96%d1%97\/\"><img decoding=\"async\" src=\"\/wp-content\/uploads\/2017\/09\/szkolenie11.png\" alt=\"\u043a\u0443\u0440\u0441 \u0430\u043b\u044c\u043f\u0456\u043d\u0456\u0437\u043c\u0443 \u0434\u043b\u044f \u043f\u0456\u0434\u0433\u043e\u0442\u043e\u0432\u043a\u0438 \u0434\u043e \u0440\u043e\u0431\u043e\u0442\u0438 \u043d\u0430 \u0432\u0438\u0441\u043e\u0442\u0456\" \/><\/a><\/p>\n<div style=\"width: 300px; font-size: 130%;\"><strong>\u0412\u0438\u0441\u043e\u0442\u043d\u0438\u0439 \u043a\u0443\u0440\u0441<\/strong><\/div>\n<p>&nbsp;<\/p>\n<\/div>\n<\/div>","protected":false},"excerpt":{"rendered":"<p>Pracownicy wykonuj\u0105cy swoje obowi\u0105zki na wysoko\u015bci powinni zachowa\u0107 szczeg\u00f3ln\u0105 ostro\u017cno\u015b\u0107. Wed\u0142ug danych GUS upadek z wysoko\u015bci to nawet do 30% wszystkich wypadk\u00f3w przy pracy w Polsce. Zadaniem pracodawcy oraz pracownika jest szczeg\u00f3lna dba\u0142o\u015b\u0107 o bezpiecze\u0144stwo w trakcie wykonywania prac na wysoko\u015bci. Aby pracownik m\u00f3g\u0142 wykonywa\u0107 prace na wysoko\u015bci, musi przej\u015b\u0107 odpowiedni kurs wysoko\u015bciowy ucz\u0105cy podstawowych informacji o wykonywaniu obowi\u0105zk\u00f3w na wysoko\u015bci. Wyr\u00f3\u017cniamy przy tym dwa rodzaje kurs\u00f3w: dost\u0119p linowy oraz dost\u0119p budowlany.Odpowiednio przeszkolony pracownik posiadaj\u0105cy uprawnienia do pracy na wysoko\u015bci powinien wiedzie\u0107, jak nale\u017cy zachowywa\u0107 si\u0119 podczas wykonywania obowi\u0105zk\u00f3w na wysoko\u015bci. Nieodpowiednio prowadzone prace alpinistyczne, brak czy niepe\u0142ne przeszkolenie s\u0105 jednymi z powa\u017cnych problem\u00f3w stoj\u0105cych u podstaw wypadk\u00f3w na wysoko\u015bci. G\u0142\u00f3wne przyczyny upadk\u00f3w z wysoko\u015bci dotycz\u0105: niskiej \u015bwiadomo\u015bci zagro\u017cenia rozpoczynanie pracy na wysoko\u015bci bez jej odpowiedniego zaplanowania niedostateczne informowanie pracownik\u00f3w o zagro\u017ceniach, do czego zalicza si\u0119 niedostarczanie im w\u0142a\u015bciwych instrukcji i brak szkole\u0144 niedostateczny nadz\u00f3r nad prowadzeniem prac na wysoko\u015bci prace na wysoko\u015bci wykonywane bez sprz\u0119tu chroni\u0105cego przed upadkiem nieu\u017cywanie lub nieprawid\u0142owe stosowanie przez pracownik\u00f3w sprz\u0119tu ochronnego Najcz\u0119stsze przyczyny wypadk\u00f3w przy pracy zwi\u0105zanych z upadkiem z wysoko\u015bci s\u0105: niew\u0142a\u015bciwe zachowanie si\u0119 pracownik\u00f3w podczas pracy wywo\u0142ane nieodpowiedzialno\u015bci\u0105 lub brakiem szkole\u0144 z zakresu BHP brak urz\u0105dze\u0144 ochronnych lub ich z\u0142y stan techniczny niew\u0142a\u015bciwa organizacja i koordynacja rob\u00f3t tolerowanie odst\u0119pstw od podstawowych zasad przez bezpo\u015bredni nadz\u00f3r BHP Wobec tego podstaw\u0105 braku wypadk\u00f3w jest odpowiednio zaplanowana, bezpieczna praca na wysoko\u015bci \u2013 uprawnienia wysoko\u015bciowe s\u0105 tutaj bardzo wa\u017cne, ale r\u00f3wnie istotna jest w\u0142a\u015bciwa kultura pracy pracownik\u00f3w. Nale\u017cy te\u017c pami\u0119ta\u0107, \u017ce osoby pracuj\u0105cej jako alpinista przemys\u0142owy lub pracownik budowlany pracuj\u0105cy na [&hellip;]<\/p>\n","protected":false},"author":1,"featured_media":1306,"parent":2263,"menu_order":0,"comment_status":"closed","ping_status":"closed","template":"","meta":{"sfsi_plus_gutenberg_text_before_share":"","sfsi_plus_gutenberg_show_text_before_share":"","sfsi_plus_gutenberg_icon_type":"","sfsi_plus_gutenberg_icon_alignemt":"","sfsi_plus_gutenburg_max_per_row":"","footnotes":""},"class_list":["post-2359","page","type-page","status-publish","has-post-thumbnail","hentry","has_thumb"],"aioseo_notices":[],"_links":{"self":[{"href":"https:\/\/kursy-udt.pl\/ua\/wp-json\/wp\/v2\/pages\/2359","targetHints":{"allow":["GET"]}}],"collection":[{"href":"https:\/\/kursy-udt.pl\/ua\/wp-json\/wp\/v2\/pages"}],"about":[{"href":"https:\/\/kursy-udt.pl\/ua\/wp-json\/wp\/v2\/types\/page"}],"author":[{"embeddable":true,"href":"https:\/\/kursy-udt.pl\/ua\/wp-json\/wp\/v2\/users\/1"}],"replies":[{"embeddable":true,"href":"https:\/\/kursy-udt.pl\/ua\/wp-json\/wp\/v2\/comments?post=2359"}],"version-history":[{"count":10,"href":"https:\/\/kursy-udt.pl\/ua\/wp-json\/wp\/v2\/pages\/2359\/revisions"}],"predecessor-version":[{"id":4308,"href":"https:\/\/kursy-udt.pl\/ua\/wp-json\/wp\/v2\/pages\/2359\/revisions\/4308"}],"up":[{"embeddable":true,"href":"https:\/\/kursy-udt.pl\/ua\/wp-json\/wp\/v2\/pages\/2263"}],"wp:featuredmedia":[{"embeddable":true,"href":"https:\/\/kursy-udt.pl\/ua\/wp-json\/wp\/v2\/media\/1306"}],"wp:attachment":[{"href":"https:\/\/kursy-udt.pl\/ua\/wp-json\/wp\/v2\/media?parent=2359"}],"curies":[{"name":"wp","href":"https:\/\/api.w.org\/{rel}","templated":true}]}}