{"id":2354,"date":"2017-09-12T16:00:59","date_gmt":"2017-09-12T16:00:59","guid":{"rendered":"http:\/\/kursy-udt.pl\/?page_id=2354"},"modified":"2025-12-20T20:02:54","modified_gmt":"2025-12-20T19:02:54","slug":"%d0%be%d1%81%d0%bd%d0%be%d0%b2%d0%bd%d0%b0-%d1%96%d0%bd%d1%84%d0%be%d1%80%d0%bc%d0%b0%d1%86%d1%96%d0%b9%d0%bd%d0%b0-%d1%82%d0%b2%d1%96%d1%80","status":"publish","type":"page","link":"https:\/\/kursy-udt.pl\/ua\/szkolenia\/wysokosciowe-na-uprawnienia-alpinistyczne\/prace-na-wysokosci-podstawowe-informacje\/","title":{"rendered":"\u0420\u043e\u0431\u043e\u0442\u0430 \u043d\u0430 \u0432\u0438\u0441\u043e\u0442\u0456 - \u043e\u0441\u043d\u043e\u0432\u043d\u0456 \u0432\u0456\u0434\u043e\u043c\u043e\u0441\u0442\u0456"},"content":{"rendered":"<div style=\"float: left; padding-right: 10px;\"><img decoding=\"async\" src=\"\/wp-content\/uploads\/2014\/04\/05-foto-szkolenia2.jpeg\" alt=\"\" \/><\/div>\n<div class=\"wyjustuj\">\n<div>\u0420\u043e\u0431\u043e\u0442\u0430 \u043d\u0430 \u0432\u0438\u0441\u043e\u0442\u0456 \u043e\u0441\u043e\u0431\u043b\u0438\u0432\u043e \u043d\u0435\u0431\u0435\u0437\u043f\u0435\u0447\u043d\u0430. \u0412 \u043e\u0441\u043d\u043e\u0432\u043d\u043e\u043c\u0443 \u0446\u0435 \u043f\u043e\u0432\u2019\u044f\u0437\u0430\u043d\u043e \u0437 \u0442\u0438\u043c, \u0449\u043e \u043f\u0430\u0434\u0456\u043d\u043d\u044f \u0437 \u0432\u0438\u0441\u043e\u0442\u0438 \u0454 \u043e\u0434\u043d\u0456\u0454\u044e \u0437 \u043d\u0430\u0439\u043f\u043e\u0448\u0438\u0440\u0435\u043d\u0456\u0448\u0438\u0445 \u043f\u0440\u0438\u0447\u0438\u043d \u0432\u0430\u0436\u043a\u0438\u0445 \u0456 \u0441\u043c\u0435\u0440\u0442\u0435\u043b\u044c\u043d\u0438\u0445 \u043d\u0435\u0449\u0430\u0441\u043d\u0438\u0445 \u0432\u0438\u043f\u0430\u0434\u043a\u0456\u0432 \u043d\u0430 \u0432\u0438\u0440\u043e\u0431\u043d\u0438\u0446\u0442\u0432\u0456. \u0422\u043e\u043c\u0443 \u043f\u0440\u0438 \u0440\u043e\u0431\u043e\u0442\u0456 \u043d\u0430 \u0432\u0438\u0441\u043e\u0442\u0456 \u0441\u043b\u0456\u0434 \u0434\u043e\u0442\u0440\u0438\u043c\u0443\u0432\u0430\u0442\u0438\u0441\u044f \u043e\u0441\u043e\u0431\u043b\u0438\u0432\u0438\u0445 \u0437\u0430\u0445\u043e\u0434\u0456\u0432 \u043e\u0431\u0435\u0440\u0435\u0436\u043d\u043e\u0441\u0442\u0456.<\/div>\n<p>\u0412\u0456\u0434\u043f\u043e\u0432\u0456\u0434\u043d\u043e \u0434\u043e \u043d\u0430\u043a\u0430\u0437\u0443 \u041c\u0456\u043d\u0456\u0441\u0442\u0440\u0430 \u043f\u0440\u0430\u0446\u0456 \u0442\u0430 \u0441\u043e\u0446\u0456\u0430\u043b\u044c\u043d\u043e\u0457 \u043f\u043e\u043b\u0456\u0442\u0438\u043a\u0438 \u0432\u0456\u0434 26 \u0432\u0435\u0440\u0435\u0441\u043d\u044f 1997 \u0440. \u043f\u0440\u043e \u0437\u0430\u0433\u0430\u043b\u044c\u043d\u0456 \u043f\u0440\u0430\u0432\u0438\u043b\u0430 \u043e\u0445\u043e\u0440\u043e\u043d\u0438 \u043f\u0440\u0430\u0446\u0456 \u0442\u0430 \u0431\u0435\u0437\u043f\u0435\u043a\u0438, d. (\u0417\u0432\u0435\u0434\u0435\u043d\u0438\u0439 \u0442\u0435\u043a\u0441\u0442: \u0417\u0430\u043a\u043e\u043d\u043e\u0434\u0430\u0432\u0447\u0438\u0439 \u0432\u0456\u0441\u043d\u0438\u043a 2003 \u0440., \u2116 169, \u0441\u0442. 1650) \u0420\u043e\u0431\u043e\u0442\u0438 \u043d\u0430 \u0432\u0438\u0441\u043e\u0442\u0456 \u0432\u0438\u043a\u043e\u043d\u0443\u044e\u0442\u044c\u0441\u044f \u043d\u0430 \u043f\u043e\u0432\u0435\u0440\u0445\u043d\u0456 \u043d\u0430 \u0432\u0438\u0441\u043e\u0442\u0456 \u043d\u0435 \u043c\u0435\u043d\u0448\u0435 1 \u043c\u0435\u0442\u0440\u0430 \u043d\u0430\u0434 \u0440\u0456\u0432\u043d\u0435\u043c \u0437\u0435\u043c\u043b\u0456 \u0430\u0431\u043e \u043f\u0456\u0434\u043b\u043e\u0433\u0438.<\/p>\n<h2 class=\"naglowekh2\"><strong>\u0420\u043e\u0431\u043e\u0442\u0430 \u043d\u0430 \u0432\u0438\u0441\u043e\u0442\u0456 \u043d\u0435 \u0432\u043a\u043b\u044e\u0447\u0430\u0454:<\/strong><\/h2>\n<ul>\n<li>\u043f\u0440\u0430\u0446\u044e\u0432\u0430\u0442\u0438, \u043d\u0435\u0437\u0430\u043b\u0435\u0436\u043d\u043e \u0432\u0456\u0434 \u0432\u0438\u0441\u043e\u0442\u0438, \u043d\u0430 \u043f\u043b\u043e\u0449\u0456, \u0437\u0430\u043a\u0440\u0438\u0442\u0456\u0439 \u0437 \u0443\u0441\u0456\u0445 \u0431\u043e\u043a\u0456\u0432 \u0441\u0443\u0446\u0456\u043b\u044c\u043d\u0438\u043c\u0438 \u0441\u0442\u0456\u043d\u0430\u043c\u0438 \u0430\u0431\u043e \u0437\u0430\u0441\u043a\u043b\u0435\u043d\u0438\u043c\u0438 \u0432\u0456\u043a\u043d\u0430\u043c\u0438 \u0437 \u043c\u0456\u043d\u0456\u043c\u0430\u043b\u044c\u043d\u043e\u044e \u0432\u0438\u0441\u043e\u0442\u043e\u044e 1,5 \u043c\u0435\u0442\u0440\u0430<\/li>\n<li>\u043f\u0440\u0430\u0446\u044e\u0432\u0430\u0442\u0438, \u043d\u0435\u0437\u0430\u043b\u0435\u0436\u043d\u043e \u0432\u0456\u0434 \u0432\u0438\u0441\u043e\u0442\u0438, \u043d\u0430 \u043f\u043e\u0432\u0435\u0440\u0445\u043d\u0456, \u043e\u0431\u043b\u0430\u0434\u043d\u0430\u043d\u0456\u0439 \u0456\u043d\u0448\u0438\u043c\u0438 \u043f\u0440\u0438\u0441\u0442\u0440\u043e\u044f\u043c\u0438 \u0430\u0431\u043e \u0441\u0442\u0430\u0446\u0456\u043e\u043d\u0430\u0440\u043d\u0438\u043c\u0438 \u043a\u043e\u043d\u0441\u0442\u0440\u0443\u043a\u0446\u0456\u044f\u043c\u0438 \u0434\u043b\u044f \u0437\u0430\u043f\u043e\u0431\u0456\u0433\u0430\u043d\u043d\u044f \u043f\u0430\u0434\u0456\u043d\u043d\u044e \u0437 \u0432\u0438\u0441\u043e\u0442\u0438<\/li>\n<\/ul>\n<p>\u041f\u0440\u0430\u0446\u0456\u0432\u043d\u0438\u043a, \u044f\u043a\u0438\u0439 \u043f\u0440\u0430\u0446\u044e\u0454 \u043d\u0430 \u0432\u0438\u0441\u043e\u0442\u0456, \u043f\u043e\u0432\u0438\u043d\u0435\u043d \u043f\u0440\u043e\u0439\u0442\u0438 \u0432\u0456\u0434\u043f\u043e\u0432\u0456\u0434\u043d\u0438\u0439 \u043a\u0443\u0440\u0441 \u0437 \u0440\u043e\u0431\u043e\u0442\u0438 \u043d\u0430 \u0432\u0438\u0441\u043e\u0442\u0456. \u041a\u0443\u0440\u0441\u0438 \u0442\u0430\u043a\u043e\u0433\u043e \u0442\u0438\u043f\u0443 \u043e\u0440\u0433\u0430\u043d\u0456\u0437\u043e\u0432\u0443\u044e\u0442\u044c\u0441\u044f \u0437\u0430\u043b\u0435\u0436\u043d\u043e \u0432\u0456\u0434 \u0432\u0438\u0434\u0443 \u0432\u0438\u043a\u043e\u043d\u0443\u0432\u0430\u043d\u0438\u0445 \u0440\u043e\u0431\u0456\u0442, \u043d\u0430\u043f\u0440\u0438\u043a\u043b\u0430\u0434, \u0442\u0430\u043a\u0438\u0445 \u044f\u043a \u0430\u043b\u044c\u043f\u0456\u043d\u0456\u0441\u0442\u0441\u044c\u043a\u0456 \u0440\u043e\u0431\u043e\u0442\u0438. \u0423 \u0442\u0430\u043a\u043e\u043c\u0443 \u0432\u0438\u043f\u0430\u0434\u043a\u0443 \u0437\u0430\u0441\u0442\u043e\u0441\u043e\u0432\u0443\u044e\u0442\u044c\u0441\u044f \u043f\u0440\u0430\u0432\u0430 \u043d\u0430 \u0440\u043e\u0431\u043e\u0442\u0443 \u043d\u0430 \u0432\u0438\u0441\u043e\u0442\u0456, \u0449\u043e \u043d\u0430\u0434\u0430\u044e\u0442\u044c\u0441\u044f \u043f\u0456\u0441\u043b\u044f \u0443\u0441\u043f\u0456\u0448\u043d\u043e\u0433\u043e \u0441\u043a\u043b\u0430\u0434\u0430\u043d\u043d\u044f \u0456\u0441\u043f\u0438\u0442\u0443.<\/p>\n<div class=\"filmw\">\n<div class=\"responsive-youtube\" style=\"text-align: center;\"><iframe loading=\"lazy\" title=\"\u0412\u0456\u0434\u0435\u043e\u043f\u043b\u0435\u0454\u0440 YouTube\" src=\"https:\/\/www.youtube.com\/embed\/Lf4dfMhJft0\" width=\"560\" height=\"315\" frameborder=\"0\" allowfullscreen=\"allowfullscreen\"><\/iframe><\/div>\n<\/div>\n<h2 class=\"naglowekh2\"><strong>\u0420\u043e\u0431\u043e\u0442\u0430 \u043d\u0430 \u0432\u0438\u0441\u043e\u0442\u0456 \u0434\u043e 2 \u043c\u0435\u0442\u0440\u0456\u0432<\/strong><\/h2>\n<p>\u041d\u0430 \u043f\u043e\u0432\u0435\u0440\u0445\u043d\u044f\u0445 \u043d\u0430 \u0432\u0438\u0441\u043e\u0442\u0456 \u043d\u0435 \u043c\u0435\u043d\u0448\u0435 1 \u043c\u0435\u0442\u0440\u0430 \u043d\u0430\u0434 \u0440\u0456\u0432\u043d\u0435\u043c \u0437\u0435\u043c\u043b\u0456 \u0430\u0431\u043e \u043f\u0456\u0434\u043b\u043e\u0433\u0438 \u043d\u0435\u043e\u0431\u0445\u0456\u0434\u043d\u043e \u0432\u0441\u0442\u0430\u043d\u043e\u0432\u043b\u044e\u0432\u0430\u0442\u0438 \u043f\u0435\u0440\u0438\u043b\u0430 \u0437 \u043f\u043e\u0440\u0443\u0447\u043d\u044f\u043c\u0438 \u0431\u0435\u0437\u043f\u0435\u043a\u0438 \u0437\u0430\u0432\u0432\u0438\u0448\u043a\u0438 \u043d\u0435 \u043c\u0435\u043d\u0448\u0435 1,1 \u043c\u0435\u0442\u0440\u0430 \u0456 \u0431\u043e\u0440\u0434\u044e\u0440\u043e\u043c \u0437\u0430\u0432\u0432\u0438\u0448\u043a\u0438 \u043d\u0435 \u043c\u0435\u043d\u0448\u0435 15 \u0441\u0430\u043d\u0442\u0438\u043c\u0435\u0442\u0440\u0456\u0432. \u041c\u0456\u0436 \u043f\u043e\u0440\u0443\u0447\u043d\u0435\u043c \u0456 \u0431\u043e\u0440\u0434\u044e\u0440\u043e\u043c \u043f\u043e\u0432\u0438\u043d\u043d\u0430 \u0431\u0443\u0442\u0438 \u043f\u0435\u0440\u0435\u043a\u043b\u0430\u0434\u0438\u043d\u0430 \u0430\u0431\u043e \u0456\u043d\u0448\u0438\u0439 \u043f\u0440\u043e\u0441\u0442\u0456\u0440, \u0449\u043e\u0431 \u043b\u044e\u0434\u0438 \u043d\u0435 \u0432\u043f\u0430\u043b\u0438.<\/p>\n<p>\u041f\u0440\u0438 \u043d\u0435\u043c\u043e\u0436\u043b\u0438\u0432\u043e\u0441\u0442\u0456 \u0432\u0441\u0442\u0430\u043d\u043e\u0432\u043b\u0435\u043d\u043d\u044f \u043f\u0435\u0440\u0438\u043b \u0437\u0430\u0441\u0442\u043e\u0441\u043e\u0432\u0443\u044e\u0442\u044c\u0441\u044f \u0441\u043f\u0435\u0446\u0456\u0430\u043b\u044c\u043d\u0456 \u0437\u0430\u0441\u043e\u0431\u0438 \u0437\u0430\u0445\u0438\u0441\u0442\u0443 \u043f\u0440\u0430\u0446\u0456\u0432\u043d\u0438\u043a\u0456\u0432 \u0432\u0456\u0434 \u043f\u0430\u0434\u0456\u043d\u044c. \u0426\u0456 \u0437\u0430\u0445\u043e\u0434\u0438 \u0430\u0434\u0430\u043f\u0442\u043e\u0432\u0430\u043d\u0456 \u0434\u043e \u0443\u043c\u043e\u0432 \u0456 \u0442\u0438\u043f\u0443 \u0440\u043e\u0431\u043e\u0442\u0438.<\/p>\n<p>\u0412\u0438\u043a\u043e\u043d\u0430\u043d\u043d\u044f \u0440\u043e\u0431\u0456\u0442 \u043d\u0430 \u0434\u0440\u0430\u0431\u0438\u043d\u0430\u0445, \u0441\u0442\u0440\u0443\u0431\u0446\u0438\u043d\u0430\u0445, \u0440\u0438\u0448\u0442\u0443\u0432\u0430\u043d\u043d\u044f\u0445 \u0442\u0430 \u0456\u043d\u0448\u0438\u0445 \u043f\u0456\u0434\u0432\u0438\u0449\u0435\u043d\u043d\u044f\u0445 \u043d\u0430 \u0432\u0438\u0441\u043e\u0442\u0456 \u0434\u043e 2 \u043c\u0435\u0442\u0440\u0456\u0432 \u043f\u043e\u0432\u0438\u043d\u043d\u043e \u0437\u0430\u0431\u0435\u0437\u043f\u0435\u0447\u0438\u0442\u0438 \u0457\u0445 \u0441\u0442\u0456\u0439\u043a\u0456\u0441\u0442\u044c, \u043c\u0456\u0446\u043d\u0456\u0441\u0442\u044c \u0456 \u0437\u0430\u0445\u0438\u0441\u0442 \u0432\u0456\u0434 \u043d\u0435\u0441\u043f\u043e\u0434\u0456\u0432\u0430\u043d\u043e\u0457 \u0437\u043c\u0456\u043d\u0438 \u043f\u043e\u043b\u043e\u0436\u0435\u043d\u043d\u044f. \u0420\u043e\u0431\u043e\u0447\u0456 \u043c\u0430\u0439\u0434\u0430\u043d\u0447\u0438\u043a\u0438 \u043f\u043e\u0432\u0438\u043d\u043d\u0456 \u043c\u0430\u0442\u0438 \u0434\u043e\u0441\u0442\u0430\u0442\u043d\u044e \u043f\u043e\u0432\u0435\u0440\u0445\u043d\u044e, \u0440\u0456\u0432\u043d\u0443 \u0456 \u0441\u0442\u0430\u0431\u0456\u043b\u044c\u043d\u043e \u0437\u0430\u043a\u0440\u0456\u043f\u043b\u0435\u043d\u0443 \u043f\u0456\u0434\u043b\u043e\u0433\u0443, \u043d\u0430 \u044f\u043a\u0456\u0439 \u043f\u043e\u0432\u0438\u043d\u043d\u0430 \u0431\u0443\u0442\u0438 \u043d\u0430\u043d\u0435\u0441\u0435\u043d\u0430 \u0456\u043d\u0444\u043e\u0440\u043c\u0430\u0446\u0456\u044f \u043f\u0440\u043e \u0434\u043e\u043f\u0443\u0441\u0442\u0438\u043c\u0435 \u043d\u0430\u0432\u0430\u043d\u0442\u0430\u0436\u0435\u043d\u043d\u044f.<\/p>\n<h2 class=\"naglowekh2\"><strong>\u0420\u043e\u0431\u043e\u0442\u0430 \u043d\u0430 \u0432\u0438\u0441\u043e\u0442\u0456 \u043f\u043e\u043d\u0430\u0434 2 \u043c\u0435\u0442\u0440\u0438<\/strong><\/h2>\n<p>\u041f\u0456\u0434 \u0447\u0430\u0441 \u0440\u043e\u0431\u043e\u0442\u0438 \u043d\u0430 \u0440\u0438\u0448\u0442\u0443\u0432\u0430\u043d\u043d\u044f\u0445 \u043d\u0430 \u0432\u0438\u0441\u043e\u0442\u0456 \u043f\u043e\u043d\u0430\u0434 2 \u043c\u0435\u0442\u0440\u0438 \u0432\u0456\u0434 \u043f\u0456\u0434\u043b\u043e\u0433\u0438 \u0430\u0431\u043e \u0437\u0435\u043c\u043b\u0456, \u0430 \u0442\u0430\u043a\u043e\u0436 \u043d\u0430 \u043f\u0456\u0434\u0432\u0456\u0441\u043d\u0438\u0445 \u043f\u0435\u0440\u0435\u0441\u0443\u0432\u043d\u0438\u0445 \u043f\u043b\u0430\u0442\u0444\u043e\u0440\u043c\u0430\u0445 \u043f\u043e\u0432\u0438\u043d\u043d\u0456 \u0431\u0443\u0442\u0438 \u0437\u0430\u0431\u0435\u0437\u043f\u0435\u0447\u0435\u043d\u0456 \u0431\u0435\u0437\u043f\u0435\u0447\u043d\u0438\u0439 \u0432\u0435\u0440\u0442\u0438\u043a\u0430\u043b\u044c\u043d\u0438\u0439 \u0437\u0432\u2019\u044f\u0437\u043e\u043a \u0456 \u0434\u043e\u0441\u0442\u0443\u043f \u0434\u043e \u0440\u043e\u0431\u043e\u0447\u043e\u0433\u043e \u043c\u0456\u0441\u0446\u044f, \u0441\u0442\u0456\u0439\u043a\u0456\u0441\u0442\u044c \u0456 \u043c\u0456\u0446\u043d\u0456\u0441\u0442\u044c \u0440\u0438\u0448\u0442\u0443\u0432\u0430\u043d\u044c.<\/p>\n<p>\u0420\u043e\u0431\u043e\u0442\u0438 \u043d\u0430 \u0449\u043e\u0433\u043b\u0430\u0445, \u0441\u0442\u043e\u0432\u043f\u0430\u0445, \u0431\u0430\u0448\u0442\u043e\u0432\u0438\u0445 \u043a\u043e\u043d\u0441\u0442\u0440\u0443\u043a\u0446\u0456\u044f\u0445, \u0434\u0438\u043c\u043e\u0445\u043e\u0434\u0430\u0445 \u0442\u0430 \u0456\u043d\u0448\u0438\u0445 \u043a\u043e\u043d\u0441\u0442\u0440\u0443\u043a\u0446\u0456\u044f\u0445 \u0431\u0435\u0437 \u043f\u0435\u0440\u0435\u043a\u0440\u0438\u0442\u0442\u0456\u0432, \u043f\u0440\u0438 \u0440\u043e\u0437\u0431\u0438\u0440\u0430\u043d\u043d\u0456 \u0431\u0443\u0434\u0456\u0432\u0435\u043b\u044c\u043d\u0438\u0445 \u0440\u0438\u0448\u0442\u0443\u0432\u0430\u043d\u044c, \u0434\u0435 \u0432\u0438\u043a\u043e\u0440\u0438\u0441\u0442\u043e\u0432\u0443\u0454\u0442\u044c\u0441\u044f \u043a\u0430\u043d\u0430\u0442\u043d\u0438\u0439 \u0434\u043e\u0441\u0442\u0443\u043f, \u0430 \u0442\u0430\u043a\u043e\u0436 \u043f\u0440\u0438 \u0440\u043e\u0431\u043e\u0442\u0430\u0445 \u043d\u0430 \u0434\u0440\u0430\u0431\u0438\u043d\u0430\u0445 \u0456 \u0445\u043e\u043c\u0443\u0442\u0430\u0445 \u043d\u0430 \u0432\u0438\u0441\u043e\u0442\u0456 \u043f\u043e\u043d\u0430\u0434 2 \u043c\u0435\u0442\u0440\u0438:<\/p>\n<ul>\n<li>\u043f\u0435\u0440\u0435\u0434 \u043f\u043e\u0447\u0430\u0442\u043a\u043e\u043c \u0440\u043e\u0431\u043e\u0442\u0438 \u043f\u0435\u0440\u0435\u0432\u0456\u0440\u0438\u0442\u0438 \u0442\u0435\u0445\u043d\u0456\u0447\u043d\u0438\u0439 \u0441\u0442\u0430\u043d \u043a\u043e\u043d\u0441\u0442\u0440\u0443\u043a\u0446\u0456\u0439 \u0430\u0431\u043e \u043f\u0440\u0438\u0441\u0442\u0440\u043e\u0457\u0432, \u0443 \u0442\u043e\u043c\u0443 \u0447\u0438\u0441\u043b\u0456 \u0457\u0445 \u043c\u0456\u0446\u043d\u0456\u0441\u0442\u044c, \u0441\u0442\u0456\u0439\u043a\u0456\u0441\u0442\u044c, \u0437\u0430\u0445\u0438\u0441\u0442 \u0432\u0456\u0434 \u043d\u0435\u0441\u043f\u043e\u0434\u0456\u0432\u0430\u043d\u043e\u0457 \u0437\u043c\u0456\u043d\u0438 \u043f\u043e\u043b\u043e\u0436\u0435\u043d\u043d\u044f<\/li>\n<li>\u0437\u0430\u0431\u0435\u0437\u043f\u0435\u0447\u0438\u0442\u0438 \u0437\u0430\u0445\u0438\u0441\u0442 \u0432\u0456\u0434 \u043f\u0430\u0434\u0456\u043d\u044c \u0437 \u0432\u0438\u0441\u043e\u0442\u0438 \u0442\u0430 \u0437\u0430\u0445\u0438\u0441\u043d\u0456 \u043a\u0430\u0441\u043a\u0438, \u0449\u043e\u0431 \u0440\u043e\u0431\u043e\u0442\u0430 \u043d\u0430 \u0432\u0438\u0441\u043e\u0442\u0456 \u0431\u0443\u043b\u0430 \u0431\u0435\u0437\u043f\u0435\u0447\u043d\u043e\u044e<\/li>\n<\/ul>\n<p>\u0412\u0438\u0449\u0435\u0437\u0430\u0437\u043d\u0430\u0447\u0435\u043d\u0456 \u0432\u0438\u043c\u043e\u0433\u0438 \u043f\u043e\u0448\u0438\u0440\u044e\u044e\u0442\u044c\u0441\u044f \u0442\u0430\u043a\u043e\u0436 \u043d\u0430 \u0440\u043e\u0431\u043e\u0442\u0443 \u043d\u0430 \u043f\u0430\u043b\u0443\u0431\u0430\u0445, \u043f\u043b\u0430\u0442\u0444\u043e\u0440\u043c\u0430\u0445, \u0433\u0430\u043b\u0435\u0440\u0435\u044f\u0445 \u0442\u0430 \u0456\u043d\u0448\u0438\u0445 \u0442\u0438\u043f\u0430\u0445 \u043c\u0430\u0439\u0434\u0430\u043d\u0447\u0438\u043a\u0456\u0432, \u043a\u043e\u043b\u0438 \u0432\u0438\u043a\u043e\u043d\u0430\u043d\u043d\u044f \u043e\u0431\u043e\u0432&#039;\u044f\u0437\u043a\u0456\u0432 \u0432\u0438\u043c\u0430\u0433\u0430\u0454 \u043d\u0430\u0445\u0438\u043b\u0443 \u0437\u0430 \u043a\u043e\u043d\u0442\u0443\u0440\u0438 \u043f\u0440\u0438\u0441\u0442\u0440\u043e\u044e \u0430\u0431\u043e \u043f\u0435\u0440\u0438\u043b, \u0430 \u0442\u0430\u043a\u043e\u0436 \u043f\u0440\u0438\u0439\u043d\u044f\u0442\u0442\u044f \u043f\u043e\u043b\u043e\u0436\u0435\u043d\u043d\u044f, \u044f\u043a\u0435 \u043c\u043e\u0436\u0435 \u043f\u0440\u0438\u0437\u0432\u0435\u0441\u0442\u0438 \u0434\u043e \u043f\u0430\u0434\u0456\u043d\u043d\u044f \u0437 \u0432\u0438\u0441\u043e\u0442\u0438.<\/p>\n<\/div>\n<h3 class=\"naglowekh2\">\u0411\u0456\u043b\u044c\u0448\u0435 \u0456\u043d\u0444\u043e\u0440\u043c\u0430\u0446\u0456\u0457:<\/h3>\n<div style=\"text-align: center; font-size: 85%; line-height: 120%;\">\n<div style=\"float: left; margin-right: 40px; height: 290px;\">\n<p><a href=\"\/ua\/%d0%bd%d0%b0%d0%b2%d1%87%d0%b0%d0%bd%d0%bd%d1%8f\/%d0%b2%d0%b8%d1%81%d0%be%d1%82%d0%b8-%d0%b4%d0%bb%d1%8f-%d0%b0%d0%bb%d1%8c%d0%bf%d1%96%d0%bd%d1%96%d0%b7%d0%bc%d1%83-%d0%ba%d0%b2%d0%b0%d0%bb%d1%96%d1%84%d1%96%d0%ba%d0%b0%d1%86%d1%96%d1%97\/%d0%be%d1%81%d0%bd%d0%be%d0%b2%d0%bd%d0%b0-%d1%96%d0%bd%d1%84%d0%be%d1%80%d0%bc%d0%b0%d1%86%d1%96%d0%b9%d0%bd%d0%b0-%d1%82%d0%b2%d1%96%d1%80\/\"><img decoding=\"async\" src=\"\/wp-content\/uploads\/2017\/09\/szkolenie11.png\" alt=\"\" \/><\/a><\/p>\n<div style=\"width: 300px; font-size: 130%;\"><strong>\u0420\u043e\u0431\u043e\u0442\u0430 \u043d\u0430 \u0432\u0438\u0441\u043e\u0442\u0456 - \u043e\u0441\u043d\u043e\u0432\u043d\u0456 \u0432\u0456\u0434\u043e\u043c\u043e\u0441\u0442\u0456<\/strong><\/div>\n<p>&nbsp;<\/p>\n<\/div>\n<div style=\"float: left; margin-right: 40px; height: 290px;\">\n<p><a href=\"\/ua\/%d0%bd%d0%b0%d0%b2%d1%87%d0%b0%d0%bd%d0%bd%d1%8f\/%d0%b2%d0%b8%d1%81%d0%be%d1%82%d0%b8-%d0%b4%d0%bb%d1%8f-%d0%b0%d0%bb%d1%8c%d0%bf%d1%96%d0%bd%d1%96%d0%b7%d0%bc%d1%83-%d0%ba%d0%b2%d0%b0%d0%bb%d1%96%d1%84%d1%96%d0%ba%d0%b0%d1%86%d1%96%d1%97\/%d0%bd%d0%b0%d0%b9%d0%b1%d1%96%d0%bb%d1%8c%d1%88-%d0%bf%d0%be%d1%88%d0%b8%d1%80%d0%b5%d0%bd%d1%96-%d0%bf%d1%80%d0%b8%d1%87%d0%b8%d0%bd%d0%b8-%d0%bf%d0%b0%d0%b4%d1%96%d0%bd%d0%bd%d1%8f-%d0%b7-%d0%b2\/\"><img decoding=\"async\" src=\"\/wp-content\/uploads\/2014\/08\/wypadek.jpg\" alt=\"\" \/><\/a><\/p>\n<div style=\"width: 300px; font-size: 130%;\"><strong>\u041d\u0430\u0439\u0447\u0430\u0441\u0442\u0456\u0448\u0456 \u043f\u0440\u0438\u0447\u0438\u043d\u0438 \u043f\u0430\u0434\u0456\u043d\u044c \u0437 \u0432\u0438\u0441\u043e\u0442\u0438<\/strong><\/div>\n<p>&nbsp;<\/p>\n<\/div>\n<\/div>\n<div style=\"clear: both;\"><\/div>\n<div style=\"text-align: center; font-size: 85%; line-height: 120%;\">\n<div style=\"float: left; margin-right: 40px; height: 290px;\">\n<p><a href=\"\/ua\/%d0%bd%d0%b0%d0%b2%d1%87%d0%b0%d0%bd%d0%bd%d1%8f\/%d0%b2%d0%b8%d1%81%d0%be%d1%82%d0%b8-%d0%b4%d0%bb%d1%8f-%d0%b0%d0%bb%d1%8c%d0%bf%d1%96%d0%bd%d1%96%d0%b7%d0%bc%d1%83-%d0%ba%d0%b2%d0%b0%d0%bb%d1%96%d1%84%d1%96%d0%ba%d0%b0%d1%86%d1%96%d1%97\/%d0%b7%d0%b0%d1%81%d0%be%d0%b1%d0%b8-%d1%96%d0%bd%d0%b4%d0%b8%d0%b2%d1%96%d0%b4%d1%83%d0%b0%d0%bb%d1%8c%d0%bd%d0%be%d0%b3%d0%be-%d0%b7%d0%b0%d1%85%d0%b8%d1%81%d1%82%d1%83-%d0%bf%d1%96%d0%b4-%d1%87\/\"><img decoding=\"async\" src=\"\/wp-content\/uploads\/2017\/11\/bezpieczenstwo-pracy-na-wysokosci-srodki-ochronne.jpeg\" alt=\"\u0440\u043e\u0431\u043e\u0442\u0438 \u043d\u0430 \u0432\u0438\u0441\u043e\u0442\u0456 \u0443 \u0412\u0430\u0440\u0448\u0430\u0432\u0456\" \/><\/a><\/p>\n<div style=\"width: 300px; font-size: 130%;\"><strong>\u0417\u0430\u0441\u043e\u0431\u0438 \u0456\u043d\u0434\u0438\u0432\u0456\u0434\u0443\u0430\u043b\u044c\u043d\u043e\u0433\u043e \u0437\u0430\u0445\u0438\u0441\u0442\u0443 \u043f\u0440\u0438 \u0440\u043e\u0431\u043e\u0442\u0456 \u043d\u0430 \u0432\u0438\u0441\u043e\u0442\u0456<\/strong><\/div>\n<p>&nbsp;<\/p>\n<\/div>\n<div style=\"float: left; margin-right: 40px; height: 290px; padding-bottom: 50px;\"><\/div>\n<\/div>\n<div style=\"float: left; margin-right: 40px; height: 290px;\">\n<div style=\"text-align: center; font-size: 85%; line-height: 120%;\">\n<p><a href=\"\/ua\/%d0%bd%d0%b0%d0%b2%d1%87%d0%b0%d0%bd%d0%bd%d1%8f\/%d0%b2%d0%b8%d1%81%d0%be%d1%82%d0%b8-%d0%b4%d0%bb%d1%8f-%d0%b0%d0%bb%d1%8c%d0%bf%d1%96%d0%bd%d1%96%d0%b7%d0%bc%d1%83-%d0%ba%d0%b2%d0%b0%d0%bb%d1%96%d1%84%d1%96%d0%ba%d0%b0%d1%86%d1%96%d1%97\/\"><img decoding=\"async\" src=\"\/wp-content\/uploads\/2017\/09\/szkolenie11.png\" alt=\"\u043a\u0443\u0440\u0441 \u0430\u043b\u044c\u043f\u0456\u043d\u0456\u0437\u043c\u0443 \u0434\u043b\u044f \u043f\u0456\u0434\u0433\u043e\u0442\u043e\u0432\u043a\u0438 \u0434\u043e \u0440\u043e\u0431\u043e\u0442\u0438 \u043d\u0430 \u0432\u0438\u0441\u043e\u0442\u0456\" \/><\/a><\/p>\n<div style=\"width: 300px; font-size: 130%;\"><strong>\u0412\u0438\u0441\u043e\u0442\u043d\u0438\u0439 \u043a\u0443\u0440\u0441<\/strong><\/div>\n<p>&nbsp;<\/p>\n<\/div>\n<\/div>","protected":false},"excerpt":{"rendered":"<p>Prace prowadzone na wysoko\u015bci zaliczaj\u0105 si\u0119 do szczeg\u00f3lnie niebezpiecznych. Wynika to g\u0142\u00f3wnie z faktu, \u017ce upadek z wysoko\u015bci jest jedn\u0105 z najcz\u0119stszych przyczyn ci\u0119\u017ckich i \u015bmiertelnych wypadk\u00f3w przy pracy. W zwi\u0105zku z tym podczas prac na wysoko\u015bci nale\u017cy zachowa\u0107 szczeg\u00f3lne \u015brodki ostro\u017cno\u015bci. W rozumieniu Rozporz\u0105dzenia Ministra Pracy i Polityki Socjalnej z dnia 26 wrze\u015bnia 1997 roku w sprawie og\u00f3lnych przepis\u00f3w bezpiecze\u0144stwa i higieny pracy z p\u00f3\u017cn. zm. (tekst jedn.: Dz. U. z 2003 r., nr 169, poz. 1650) praca na wysoko\u015bci jest wykonywana na powierzchni na wysoko\u015bci minimum 1 metra nad poziomem ziemi albo pod\u0142ogi. Do prac na wysoko\u015bci nie zalicza si\u0119: prac niezale\u017cnie od wysoko\u015bci na powierzchni os\u0142oni\u0119tej ze wszystkich stron \u015bcianami pe\u0142nymi lub z oknami oszklonymi o wysoko\u015bci minimum 1,5 metra prac niezale\u017cnie od wysoko\u015bci na powierzchni wyposa\u017conej w inne urz\u0105dzenia czy sta\u0142e konstrukcje zabezpieczaj\u0105ce przed upadkiem z wysoko\u015bci Pracownik pracuj\u0105cy na wysoko\u015bci powinien przej\u015b\u0107 odpowiedni kurs wysoko\u015bciowy. Kursy tego rodzaju organizuje si\u0119 w zale\u017cno\u015bci od rodzaju wykonywanych prac, na przyk\u0142ad takich jak prace alpinistyczne. W\u00f3wczas stosuje si\u0119 uprawnienia wysoko\u015bciowe nadawane po pozytywnym zaliczeniu egzaminu. Praca na wysoko\u015bci do 2 metr\u00f3w Na powierzchniach znajduj\u0105cych si\u0119 na wysoko\u015bci co najmniej 1 metra nad poziomem ziemi czy pod\u0142ogi nale\u017cy zamontowa\u0107 balustrady z por\u0119czami ochronnymi o wysoko\u015bci minimum 1,1 metra oraz z kraw\u0119\u017cnikiem o wysoko\u015bci co najmniej 15 centymetr\u00f3w. Pomi\u0119dzy por\u0119cz\u0105 a kraw\u0119\u017cnikiem powinna znajdowa\u0107 si\u0119 poprzeczka lub inna przestrze\u0144 zapobiegaj\u0105ca wypadni\u0119ciu os\u00f3b. Gdy nie jest mo\u017cliwe zamontowanie balustrady, w\u00f3wczas stosuje si\u0119 specjalne \u015brodki ochrony pracownik\u00f3w przed upadkami. \u015arodki te s\u0105 dopasowane do warunk\u00f3w i rodzaju [&hellip;]<\/p>\n","protected":false},"author":1,"featured_media":2384,"parent":2263,"menu_order":0,"comment_status":"closed","ping_status":"closed","template":"","meta":{"sfsi_plus_gutenberg_text_before_share":"","sfsi_plus_gutenberg_show_text_before_share":"","sfsi_plus_gutenberg_icon_type":"","sfsi_plus_gutenberg_icon_alignemt":"","sfsi_plus_gutenburg_max_per_row":"","footnotes":""},"class_list":["post-2354","page","type-page","status-publish","has-post-thumbnail","hentry","has_thumb"],"aioseo_notices":[],"_links":{"self":[{"href":"https:\/\/kursy-udt.pl\/ua\/wp-json\/wp\/v2\/pages\/2354","targetHints":{"allow":["GET"]}}],"collection":[{"href":"https:\/\/kursy-udt.pl\/ua\/wp-json\/wp\/v2\/pages"}],"about":[{"href":"https:\/\/kursy-udt.pl\/ua\/wp-json\/wp\/v2\/types\/page"}],"author":[{"embeddable":true,"href":"https:\/\/kursy-udt.pl\/ua\/wp-json\/wp\/v2\/users\/1"}],"replies":[{"embeddable":true,"href":"https:\/\/kursy-udt.pl\/ua\/wp-json\/wp\/v2\/comments?post=2354"}],"version-history":[{"count":12,"href":"https:\/\/kursy-udt.pl\/ua\/wp-json\/wp\/v2\/pages\/2354\/revisions"}],"predecessor-version":[{"id":6233,"href":"https:\/\/kursy-udt.pl\/ua\/wp-json\/wp\/v2\/pages\/2354\/revisions\/6233"}],"up":[{"embeddable":true,"href":"https:\/\/kursy-udt.pl\/ua\/wp-json\/wp\/v2\/pages\/2263"}],"wp:featuredmedia":[{"embeddable":true,"href":"https:\/\/kursy-udt.pl\/ua\/wp-json\/wp\/v2\/media\/2384"}],"wp:attachment":[{"href":"https:\/\/kursy-udt.pl\/ua\/wp-json\/wp\/v2\/media?parent=2354"}],"curies":[{"name":"wp","href":"https:\/\/api.w.org\/{rel}","templated":true}]}}