{"id":2263,"date":"2017-06-25T18:00:45","date_gmt":"2017-06-25T18:00:45","guid":{"rendered":"http:\/\/kursy-udt.pl\/?page_id=2263"},"modified":"2023-03-07T00:18:54","modified_gmt":"2023-03-06T23:18:54","slug":"%d0%b2%d0%b8%d1%81%d0%be%d1%82%d0%b8-%d0%b4%d0%bb%d1%8f-%d0%b0%d0%bb%d1%8c%d0%bf%d1%96%d0%bd%d1%96%d0%b7%d0%bc%d1%83-%d0%ba%d0%b2%d0%b0%d0%bb%d1%96%d1%84%d1%96%d0%ba%d0%b0%d1%86%d1%96%d1%97","status":"publish","type":"page","link":"https:\/\/kursy-udt.pl\/ua\/szkolenia\/wysokosciowe-na-uprawnienia-alpinistyczne\/","title":{"rendered":"\u0412\u0438\u0441\u043e\u0442\u043d\u0438\u0439 \u043a\u0443\u0440\u0441"},"content":{"rendered":"<h2 class=\"naglowekh2\"><strong>\u041a\u0432\u0430\u043b\u0456\u0444\u0456\u043a\u0430\u0446\u0456\u044f \u0434\u043b\u044f \u0430\u043b\u044c\u043f\u0456\u043d\u0456\u0441\u0442\u0441\u044c\u043a\u0438\u0445 \u0440\u043e\u0431\u0456\u0442 \u043d\u0430 \u0432\u0438\u0441\u043e\u0442\u0456 - \u0412\u0430\u0440\u0448\u0430\u0432\u0430 \u0456 \u0432\u0441\u044f \u041f\u043e\u043b\u044c\u0449\u0430<\/strong><\/h2>\n<p><img loading=\"lazy\" decoding=\"async\" class=\"paddingleft10 alignleft wp-image-3434 size-medium\" src=\"https:\/\/kursy-udt.pl\/wp-content\/uploads\/2021\/08\/Projekt-bez-tytulu-39-300x251.jpg\" alt=\"\" width=\"300\" height=\"251\" srcset=\"https:\/\/kursy-udt.pl\/wp-content\/uploads\/2021\/08\/Projekt-bez-tytulu-39-300x251.jpg 300w, https:\/\/kursy-udt.pl\/wp-content\/uploads\/2021\/08\/Projekt-bez-tytulu-39-768x644.jpg 768w, https:\/\/kursy-udt.pl\/wp-content\/uploads\/2021\/08\/Projekt-bez-tytulu-39-624x523.jpg 624w, https:\/\/kursy-udt.pl\/wp-content\/uploads\/2021\/08\/Projekt-bez-tytulu-39.jpg 940w\" sizes=\"auto, (max-width: 300px) 100vw, 300px\" \/>\u041c\u0438 \u0437\u0430\u043e\u0445\u043e\u0447\u0443\u0454\u043c\u043e \u0432\u0430\u0441 \u0432\u0456\u0434\u0432\u0456\u0434\u0430\u0442\u0438 \u043d\u0430\u0448\u0456 \u043f\u0440\u043e\u0444\u0435\u0441\u0456\u0439\u043d\u043e \u043f\u0456\u0434\u0433\u043e\u0442\u043e\u0432\u043b\u0435\u043d\u0456 \u0432\u0438\u0441\u043e\u0442\u043d\u0456 \u0442\u0440\u0435\u043d\u0443\u0432\u0430\u043d\u043d\u044f. \u0426\u0435 \u043a\u043e\u043c\u0430\u043d\u0434\u0430 \u0441\u043f\u0435\u0446\u0456\u0430\u043b\u0456\u0441\u0442\u0456\u0432 \u0456\u043d\u0441\u0442\u0440\u0443\u043a\u0442\u043e\u0440\u0456\u0432, \u0432\u0438\u0433\u0456\u0434\u043d\u0456 \u0446\u0456\u043d\u0438 \u0442\u0430 \u0446\u0456\u043b\u043a\u043e\u043c \u0432\u0438\u0433\u0456\u0434\u043d\u0456 \u0443\u043c\u043e\u0432\u0438, \u043d\u0430 \u044f\u043a\u0456 \u0432\u0430\u0440\u0442\u043e \u0437\u0440\u043e\u0431\u0438\u0442\u0438 \u0441\u0442\u0430\u0432\u043a\u0443.<br \/>\n\u0412\u0456\u0434\u043f\u043e\u0432\u0456\u0434\u043d\u043e \u0434\u043e \u043d\u0430\u043a\u0430\u0437\u0443 \u041c\u0456\u043d\u0456\u0441\u0442\u0440\u0430 \u043f\u0440\u0430\u0446\u0456 \u0442\u0430 \u0441\u043e\u0446\u0456\u0430\u043b\u044c\u043d\u043e\u0457 \u043f\u043e\u043b\u0456\u0442\u0438\u043a\u0438 \u0432\u0456\u0434 26 \u0432\u0435\u0440\u0435\u0441\u043d\u044f 1997 \u0440\u043e\u043a\u0443 \u043f\u0440\u043e \u0437\u0430\u0433\u0430\u043b\u044c\u043d\u0456 \u043f\u0440\u0430\u0432\u0438\u043b\u0430 \u043e\u0445\u043e\u0440\u043e\u043d\u0438 \u043f\u0440\u0430\u0446\u0456 \u0442\u0430 \u0442\u0435\u0445\u043d\u0456\u043a\u0438 \u0431\u0435\u0437\u043f\u0435\u043a\u0438 \u043f\u0456\u0434 \u0440\u043e\u0431\u043e\u0442\u043e\u044e \u043d\u0430 \u0432\u0438\u0441\u043e\u0442\u0456 \u0440\u043e\u0437\u0443\u043c\u0456\u044e\u0442\u044c\u0441\u044f \u0432\u0441\u0456 \u0434\u0456\u0457, \u0449\u043e \u0432\u0438\u043a\u043e\u043d\u0443\u044e\u0442\u044c\u0441\u044f \u043d\u0430 \u0432\u0438\u0441\u043e\u0442\u0456 \u043d\u0435 \u043c\u0435\u043d\u0448\u0435 \u043e\u0434\u043d\u043e\u0433\u043e \u043c\u0435\u0442\u0440\u0430 \u043d\u0430\u0434 \u0440\u0456\u0432\u043d\u0435\u043c \u043f\u043e\u0432\u0435\u0440\u0445\u043d\u0456.<\/p>\n<p>\u041f\u0456\u0434 \u0447\u0430\u0441 \u043d\u0430\u0448\u043e\u0433\u043e \u0442\u0440\u0435\u043d\u0456\u043d\u0433\u0443 \u043a\u043e\u0436\u0435\u043d \u0443\u0447\u0430\u0441\u043d\u0438\u043a \u0437\u043c\u043e\u0436\u0435 \u043e\u0442\u0440\u0438\u043c\u0430\u0442\u0438 \u043d\u0435\u043e\u0431\u0445\u0456\u0434\u043d\u0456 \u0437\u043d\u0430\u043d\u043d\u044f \u0449\u043e\u0434\u043e \u043f\u0440\u0430\u0432\u043e\u0432\u0438\u0445 \u0442\u0430 \u043e\u0440\u0433\u0430\u043d\u0456\u0437\u0430\u0446\u0456\u0439\u043d\u0438\u0445 \u0432\u0438\u043c\u043e\u0433 \u0443 \u0440\u0430\u0437\u0456 \u0440\u043e\u0431\u043e\u0442\u0438 \u043d\u0430 \u0432\u0438\u0441\u043e\u0442\u0456, \u0430 \u0442\u0430\u043a\u043e\u0436 \u043e\u0442\u0440\u0438\u043c\u0430\u0442\u0438 \u043a\u043e\u043d\u043a\u0440\u0435\u0442\u043d\u0456 \u043d\u0430\u0432\u0438\u0447\u043a\u0438, \u044f\u043a\u0456 \u0434\u043e\u0437\u0432\u043e\u043b\u044f\u0442\u044c \u0440\u043e\u0437\u043f\u0456\u0437\u043d\u0430\u0432\u0430\u0442\u0438 \u0437\u0430\u0433\u0440\u043e\u0437\u0438 \u0442\u0430 \u043e\u0446\u0456\u043d\u044e\u0432\u0430\u0442\u0438 \u0440\u0438\u0437\u0438\u043a\u0438 \u043f\u0456\u0434 \u0447\u0430\u0441 \u0440\u043e\u0431\u043e\u0442\u0438 \u043d\u0430 \u0432\u0438\u0441\u043e\u0442\u0456. \u041a\u0440\u0456\u043c \u0442\u043e\u0433\u043e, \u043c\u0438 \u043d\u0430\u0432\u0447\u0430\u0454\u043c\u043e \u043a\u043e\u0440\u0438\u0441\u0442\u0443\u0432\u0430\u043d\u043d\u044f \u043e\u0431\u043b\u0430\u0434\u043d\u0430\u043d\u043d\u044f\u043c, \u043f\u0440\u0438\u0437\u043d\u0430\u0447\u0435\u043d\u0438\u043c \u0434\u043b\u044f \u0434\u0430\u043d\u043e\u0433\u043e \u0432\u0438\u0434\u0443 \u0440\u043e\u0431\u0456\u0442, \u0456 \u043d\u0430\u0434\u0430\u0454\u043c\u043e \u0432\u0456\u0434\u043f\u043e\u0432\u0456\u0434\u043d\u0456 \u0437\u043d\u0430\u043d\u043d\u044f \u0432 \u043e\u0431\u043b\u0430\u0441\u0442\u0456 \u0431\u0435\u0437\u043f\u0435\u043a\u0438, \u0449\u043e \u0432\u043a\u0440\u0430\u0439 \u0432\u0430\u0436\u043b\u0438\u0432\u043e \u0432 \u0442\u0430\u043a\u0456\u0439 \u0441\u043f\u0440\u0430\u0432\u0456.<\/p>\n<div class=\"filmw\">\n<div class=\"responsive-youtube\" style=\"text-align: center;\"><iframe loading=\"lazy\" title=\"\u0412\u0456\u0434\u0435\u043e\u043f\u043b\u0435\u0454\u0440 YouTube\" src=\"https:\/\/www.youtube.com\/embed\/Lf4dfMhJft0\" width=\"560\" height=\"315\" frameborder=\"0\" allowfullscreen=\"allowfullscreen\"><\/iframe><\/div>\n<\/div>\n<p><strong>\u041c\u0438 \u043f\u0440\u043e\u043f\u043e\u043d\u0443\u0454\u043c\u043e \u0448\u0438\u0440\u043e\u043a\u0438\u0439 \u0441\u043f\u0435\u043a\u0442\u0440 \u0442\u0440\u0435\u043d\u0456\u043d\u0433\u0456\u0432, \u0432\u043a\u043b\u044e\u0447\u0430\u044e\u0447\u0438:<\/strong><\/p>\n<ul>\n<li>\u0437\u0430\u043a\u043e\u043d,<\/li>\n<li>\u0435\u0444\u0435\u043a\u0442\u0438\u0432\u043d\u0456\u0441\u0442\u044c \u0440\u043e\u0431\u043e\u0442\u0438,<\/li>\n<li>\u0431\u0435\u0437\u043f\u0435\u043a\u0430 \u043f\u0440\u0438 \u0440\u043e\u0431\u043e\u0442\u0456 \u043d\u0430 \u0432\u0438\u0441\u043e\u0442\u0456,<\/li>\n<li>\u043e\u0437\u043d\u0430\u0439\u043e\u043c\u043b\u0435\u043d\u043d\u044f \u0437 \u0441\u0443\u0447\u0430\u0441\u043d\u0438\u043c \u043e\u0431\u043b\u0430\u0434\u043d\u0430\u043d\u043d\u044f\u043c,<\/li>\n<li>\u0441\u043f\u043e\u0441\u043e\u0431\u0438 \u0441\u0442\u0440\u0430\u0445\u0443\u0432\u0430\u043d\u043d\u044f,<\/li>\n<li>\u043e\u0446\u0456\u043d\u043a\u0430 \u0431\u0435\u0437\u043f\u0435\u043a\u0438 \u0442\u0430 \u0440\u0438\u0437\u0438\u043a\u0443.<\/li>\n<\/ul>\n<p>\u041d\u0430 \u043f\u0440\u043e\u0444\u0435\u0441\u0456\u0439\u043d\u043e \u043f\u0456\u0434\u0433\u043e\u0442\u043e\u0432\u043b\u0435\u043d\u0456 \u0442\u0440\u0435\u043d\u0456\u043d\u0433\u0438 \u043c\u0438 \u0437\u0430\u043f\u0440\u043e\u0448\u0443\u0454\u043c\u043e \u0444\u0430\u0445\u0456\u0432\u0446\u0456\u0432, \u0442\u0430\u043a\u0438\u0445 \u044f\u043a \u0435\u043b\u0435\u043a\u0442\u0440\u0438\u043a\u0438, \u043c\u043e\u043d\u0442\u0430\u0436\u043d\u0438\u043a\u0438 \u0442\u0430 \u0441\u043b\u044e\u0441\u0430\u0440\u0456, \u0430 \u0442\u0430\u043a\u043e\u0436 \u043f\u043e\u043a\u0440\u0456\u0432\u0435\u043b\u044c\u043d\u0438\u043a\u0438, \u0437\u0432\u0430\u0440\u044e\u0432\u0430\u043b\u044c\u043d\u0438\u043a\u0438 \u0442\u0430 \u043b\u044e\u0434\u0438, \u044f\u043a\u0456 \u0437\u0430\u0439\u043c\u0430\u044e\u0442\u044c\u0441\u044f \u043f\u0440\u0438\u0431\u0438\u0440\u0430\u043d\u043d\u044f\u043c \u0441\u043d\u0456\u0433\u0443 \u0437 \u0434\u0430\u0445\u0456\u0432. \u0426\u0435 \u0447\u0443\u0434\u043e\u0432\u0438\u0439 \u0448\u0430\u043d\u0441 \u043e\u0442\u0440\u0438\u043c\u0430\u0442\u0438 \u043f\u0440\u0430\u0432\u0438\u043b\u044c\u043d\u0438\u0439 <a href=\"https:\/\/kursy-udt.pl\/ua\/uprawnienia-udt\/kategorie-uprawnien-2\/\">\u043f\u0440\u0430\u0432\u0430<\/a> \u0442\u0430 \u0437\u0430\u0431\u0435\u0437\u043f\u0435\u0447\u0438\u0442\u0438 \u043d\u0430\u0439\u043a\u0440\u0430\u0449\u0456 \u043f\u0440\u0430\u0432\u0430 \u043f\u0456\u0434 \u0447\u0430\u0441 \u0432\u0438\u043a\u043e\u043d\u0430\u043d\u043d\u044f \u0440\u043e\u0431\u043e\u0442\u0438.<\/p>\n<p>\u041d\u0430\u0448\u0456 \u0442\u0440\u0435\u043d\u0443\u0432\u0430\u043d\u043d\u044f \u043d\u0430 \u0432\u0438\u0441\u043e\u0442\u0456 - \u0446\u0435 \u043f\u0440\u043e\u043f\u043e\u0437\u0438\u0446\u0456\u044f \u0434\u043b\u044f \u043b\u044e\u0434\u0435\u0439, \u044f\u043a\u0456 \u0446\u0456\u043d\u0443\u044e\u0442\u044c \u0431\u0435\u0437\u043f\u0435\u043a\u0443 \u0442\u0430 \u0435\u0444\u0435\u043a\u0442\u0438\u0432\u043d\u0456\u0441\u0442\u044c \u0440\u043e\u0431\u043e\u0442\u0438. \u0412\u0430\u0440\u0442\u043e \u0456\u043d\u0432\u0435\u0441\u0442\u0443\u0432\u0430\u0442\u0438 \u0432 \u0442\u0430\u043a\u0456 \u043a\u0443\u0440\u0441\u0438 \u0442\u0430 \u0433\u0430\u0440\u0430\u043d\u0442\u0443\u0432\u0430\u0442\u0438 \u044f\u043a\u0456\u0441\u0442\u044c \u043f\u043e\u0441\u043b\u0443\u0433, \u0449\u043e \u043d\u0430\u0434\u0430\u044e\u0442\u044c\u0441\u044f. \u041c\u0438 \u0440\u0430\u0434\u0438\u043c\u043e \u0432\u0430\u043c \u043e\u0437\u043d\u0430\u0439\u043e\u043c\u0438\u0442\u0438\u0441\u044f \u0437 \u043d\u0430\u0448\u043e\u044e \u043f\u043e\u0432\u043d\u043e\u044e \u043f\u0440\u043e\u043f\u043e\u0437\u0438\u0446\u0456\u0454\u044e \u043d\u0430\u0432\u0447\u0430\u043d\u043d\u044f \u0442\u0430 \u0437\u0432\u2019\u044f\u0437\u0430\u0442\u0438\u0441\u044f \u0437 \u043d\u0430\u043c\u0438. \u041c\u0438 \u0431\u0443\u0434\u0435\u043c\u043e \u0440\u0430\u0434\u0456 \u0432\u0456\u0434\u043f\u043e\u0432\u0456\u0441\u0442\u0438 \u043d\u0430 \u0431\u0443\u0434\u044c-\u044f\u043a\u0456 \u0437\u0430\u043f\u0438\u0442\u0430\u043d\u043d\u044f \u0447\u0438 \u0441\u0443\u043c\u043d\u0456\u0432\u0438. \u0417\u0430\u043f\u0440\u043e\u0448\u0443\u0454\u043c\u043e \u0432\u0441\u0456\u0445 \u0431\u0430\u0436\u0430\u044e\u0447\u0438\u0445 \u043d\u0430 \u043d\u0430\u0448 \u0447\u0443\u0434\u043e\u0432\u043e \u043e\u0440\u0433\u0430\u043d\u0456\u0437\u043e\u0432\u0430\u043d\u0438\u0439 \u0442\u0440\u0435\u043d\u0456\u043d\u0433.<\/p>\n<div style=\"width: 640px;\" class=\"wp-video\"><video id=\"video-2263-1\" width=\"640\" height=\"360\" poster=\"https:\/\/kursy-udt.pl\/wp-content\/uploads\/2023\/02\/20230127_030434_0000.jpg\" preload=\"metadata\" controls=\"controls\"><source type=\"video\/mp4\" src=\"https:\/\/kursy-udt.pl\/wp-content\/uploads\/2023\/02\/ACCEPTED-alpinista-4K-kursy-udt.mp4?_=1\" \/><a href=\"https:\/\/kursy-udt.pl\/wp-content\/uploads\/2023\/02\/ACCEPTED-alpinista-4K-kursy-udt.mp4\">https:\/\/kursy-udt.pl\/wp-content\/uploads\/2023\/02\/ACCEPTED-alpinista-4K-kursy-udt.mp4<\/a><\/video><\/div>\n\u042f\u043a \u0432\u0438 \u043d\u0430\u0441 \u0448\u0443\u043a\u0430\u0454\u0442\u0435 \u0432 \u0406\u043d\u0442\u0435\u0440\u043d\u0435\u0442\u0456?<\/p>\n<div class=\"lista_glowna_div\">\n<ul>\n<li><b>\u0432\u0438\u0441\u043e\u0442\u043d\u0438\u0439 \u043a\u0443\u0440\u0441<\/b><\/li>\n<li><b>\u0440\u043e\u0431\u043e\u0442\u0430 \u043d\u0430 \u0432\u0438\u0441\u043e\u0442\u0456<\/b><\/li>\n<li><b>\u0434\u043e\u043f\u0443\u0441\u043a \u0434\u043e \u0440\u043e\u0431\u043e\u0442\u0438 \u043d\u0430 \u0432\u0438\u0441\u043e\u0442\u0456<\/b><\/li>\n<li><b>\u0430\u043b\u044c\u043f\u0456\u043d\u0456\u0441\u0442\u0441\u044c\u043a\u0430 \u0440\u043e\u0431\u043e\u0442\u0430<\/b><\/li>\n<li><b>\u0432\u0438\u0441\u043e\u0442\u043d\u0456 \u043f\u0440\u0430\u0432\u0430<\/b><\/li>\n<li><b>\u043a\u0443\u0440\u0441 \u0430\u043b\u044c\u043f\u0456\u043d\u0456\u0437\u043c\u0443<\/b><\/li>\n<li><b>\u043f\u0440\u043e\u043c\u0438\u0441\u043b\u043e\u0432\u0438\u0439 \u0430\u043b\u044c\u043f\u0456\u043d\u0456\u0441\u0442<\/b><\/li>\n<li><b>\u043f\u0440\u0430\u0446\u044e\u0432\u0430\u0442\u0438 \u043d\u0430 \u0432\u0438\u0441\u043e\u0442\u0456 \u043f\u0440\u0430\u0432\u0430<\/b><\/li>\n<li><b>\u043c\u043e\u0442\u0443\u0437\u043a\u043e\u0432\u0438\u0439 \u0434\u043e\u0441\u0442\u0443\u043f<\/b><\/li>\n<li>\u0412\u0438\u0440\u0443\u0431\u0443\u0432\u0430\u043d\u043d\u044f \u043b\u0456\u0441\u0456\u0432<\/li>\n<li>\u0432\u0438\u0440\u0443\u0431\u043a\u0430 \u0434\u0435\u0440\u0435\u0432<\/li>\n<\/ul>\n<\/div>\n<div class=\"lista_glowna_div\">\n<ul>\n<li>\u0432\u0438\u0441\u043e\u0442\u043d\u0456 \u0434\u043e\u0441\u043b\u0456\u0434\u0436\u0435\u043d\u043d\u044f<\/li>\n<li>\u0444\u0430\u0440\u0431\u0443\u0432\u0430\u043d\u043d\u044f \u0434\u0430\u0445\u0443<\/li>\n<li>\u0440\u0435\u043c\u0456\u043d\u044c \u0431\u0435\u0437\u043f\u0435\u043a\u0438<\/li>\n<li>\u0440\u043e\u0431\u043e\u0442\u0430 \u043d\u0430 \u0432\u0438\u0441\u043e\u0442\u0456 \u0432\u0430\u0440\u0448\u0430\u0432\u0430<\/li>\n<li>\u043c\u0438\u0442\u0442\u044f \u0432\u0456\u043a\u043e\u043d \u043d\u0430 \u0432\u0438\u0441\u043e\u0442\u0456<\/li>\n<li>\u043f\u0440\u0438\u0431\u0438\u0440\u0430\u043d\u043d\u044f \u0441\u043d\u0456\u0433\u0443 \u0437 \u0434\u0430\u0445\u0456\u0432<\/li>\n<li>\u043e\u0431\u0440\u0456\u0437\u043a\u0430 \u0434\u0435\u0440\u0435\u0432<\/li>\n<li>\u0432\u0438\u0440\u0443\u0431\u043a\u0430 \u0434\u0435\u0440\u0435\u0432<\/li>\n<li>\u0420\u0435\u043c\u043e\u043d\u0442 \u0434\u0430\u0445\u0443<\/li>\n<li>\u0440\u043e\u0431\u043e\u0442\u0430 \u043d\u0430 \u0432\u0438\u0441\u043e\u0442\u0456 <a href=\"https:\/\/kursy-udt.pl\/ua\/szkolenia\/bhp-bezpieczenstwo-pracy\/prawna-ochrona-pracy\/\">OHS<\/a><\/li>\n<li>\u0440\u043e\u0431\u043e\u0442\u0430 \u043d\u0430 \u0432\u0438\u0441\u043e\u0442\u0456 \u0432\u0438\u043c\u043e\u0433<\/li>\n<\/ul>\n<\/div>\n<div class=\"lista_glowna_div\">\n<ul>\n<li>\u0440\u043e\u0431\u043e\u0442\u0430 \u043d\u0430 \u0432\u0438\u0441\u043e\u0442\u0456 \u043f\u043e\u043d\u0430\u0434 3 \u043c\u0435\u0442\u0440\u0438<\/li>\n<li>\u043c\u043e\u043d\u0442\u0430\u0436 \u0440\u0435\u043a\u043b\u0430\u043c\u0438<\/li>\n<li>\u0444\u0430\u0440\u0431\u0443\u0432\u0430\u043d\u043d\u044f \u0444\u0430\u0441\u0430\u0434\u0443<\/li>\n<li>\u0440\u043e\u0431\u043e\u0442\u0430 \u043d\u0430 \u0432\u0438\u0441\u043e\u0442\u0456<\/li>\n<li>\u0440\u043e\u0431\u043e\u0442\u0430 \u043d\u0430 \u0432\u0438\u0441\u043e\u0442\u0456<\/li>\n<li>\u0440\u043e\u0431\u043e\u0442\u0430 \u043d\u0430 \u0432\u0438\u0441\u043e\u0442\u0456<\/li>\n<li>\u043e\u0447\u0438\u0449\u0435\u043d\u043d\u044f \u0444\u0430\u0441\u0430\u0434\u0456\u0432<\/li>\n<li>\u0432\u0438\u0441\u043e\u0442\u043d\u0456 \u043f\u043e\u0441\u043b\u0443\u0433\u0438<\/li>\n<li>\u0430\u043b\u044c\u043f\u0456\u043d\u0456\u0441\u0442\u0441\u044c\u043a\u0456 \u043f\u043e\u0441\u043b\u0443\u0433\u0438<\/li>\n<li>\u0437\u0430\u043b\u0438\u0448\u0435\u043d\u043d\u044f \u043f\u043b\u0430\u0442\u0444\u043e\u0440\u043c \u043d\u0430 \u0432\u0438\u0441\u043e\u0442\u0456<\/li>\n<\/ul>\n<\/div>\n<div style=\"clear: both;\"><\/div>","protected":false},"excerpt":{"rendered":"<p>Uprawnienia do prac alpinistycznych na wysoko\u015bci &#8211; Warszawa i ca\u0142a Polska Zach\u0119camy na nasze profesjonalnie przygotowane szkolenia wysoko\u015bciowe. To specjalistyczna kadra instruktor\u00f3w oraz korzystne ceny i w pe\u0142ni dogodne warunki, na jakie warto postawi\u0107. Zgodnie z Rozporz\u0105dzeniem Ministra Pracy oraz Polityki Spo\u0142ecznej z dnia 26 wrze\u015bnia 1997 roku w sprawie og\u00f3lnych przepis\u00f3w bezpiecze\u0144stwa i higieny pracy, praca na wysoko\u015bci oznacza wszelkie czynno\u015bci wykonywane przynajmniej ponad metr nad poziomem powierzchni. W czasie naszego szkolenia ka\u017cdy uczestnik b\u0119dzie m\u00f3g\u0142 zyska\u0107 niezb\u0119dn\u0105 wiedz\u0119, jaka dotyczy wymog\u00f3w prawno-organizacyjnych w przypadku prowadzenia prac na wysoko\u015bci, a tak\u017ce zyska konkretne umiej\u0119tno\u015bci, kt\u00f3re pozwol\u0105 na rozpoznawanie zagro\u017ce\u0144 i oceny ryzyka w czasie pracy na wysoko\u015bci. Dodatkowo szkolimy w pos\u0142ugiwaniu si\u0119 sprz\u0119tem przeznaczonym do tego rodzaju prac, a tak\u017ce zapewniamy odpowiedni\u0105 wiedz\u0119 w zakresie bezpiecze\u0144stwa, kt\u00f3re jest niezwykle wa\u017cne w takim wypadku. Zapewniamy szeroki zakres szkole\u0144, w sk\u0142ad kt\u00f3rych wchodz\u0105: przepisy prawa, efektywno\u015b\u0107 pracy, bezpiecze\u0144stwo w pracy na wysoko\u015bci, zapoznanie z nowoczesnym sprz\u0119tem, metody asekuracji, ocena stanu bezpiecze\u0144stwa i ryzyka. Na nasze profesjonalnie przygotowane szkolenia zapraszamy specjalist\u00f3w takich jak elektrycy, instalatorzy czy monterzy, a tak\u017ce dekarzy, spawaczy czy osoby zajmuj\u0105ce si\u0119 od\u015bnie\u017caniem dach\u00f3w. To doskona\u0142a szansa na to, by zyska\u0107 odpowiednie uprawnienia i zapewni\u0107 sobie najlepsze uprawnienia w czasie wykonywanych prac. Nasze szkolenia wysoko\u015bciowe to propozycja dla os\u00f3b, kt\u00f3re ceni\u0105 sobie bezpiecze\u0144stwo i wydajno\u015b\u0107 pracy. Warto zainwestowa\u0107 w takie kursy i zadba\u0107 o jako\u015b\u0107 \u015bwiadczonych us\u0142ug. Zach\u0119camy do zapoznania si\u0119 z nasz\u0105 pe\u0142n\u0105 ofert\u0105 szkoleniow\u0105 oraz do kontaktu. Z ch\u0119ci\u0105 odpowiemy na wszelkie pytania czy w\u0105tpliwo\u015bci. Zapraszamy na nasze doskonale zorganizowane szkolenia wszystkie [&hellip;]<\/p>\n","protected":false},"author":1,"featured_media":3434,"parent":65,"menu_order":0,"comment_status":"closed","ping_status":"closed","template":"page-templates\/template-podkategorie.php","meta":{"sfsi_plus_gutenberg_text_before_share":"","sfsi_plus_gutenberg_show_text_before_share":"","sfsi_plus_gutenberg_icon_type":"","sfsi_plus_gutenberg_icon_alignemt":"","sfsi_plus_gutenburg_max_per_row":"","footnotes":""},"class_list":["post-2263","page","type-page","status-publish","has-post-thumbnail","hentry","has_thumb"],"aioseo_notices":[],"_links":{"self":[{"href":"https:\/\/kursy-udt.pl\/ua\/wp-json\/wp\/v2\/pages\/2263","targetHints":{"allow":["GET"]}}],"collection":[{"href":"https:\/\/kursy-udt.pl\/ua\/wp-json\/wp\/v2\/pages"}],"about":[{"href":"https:\/\/kursy-udt.pl\/ua\/wp-json\/wp\/v2\/types\/page"}],"author":[{"embeddable":true,"href":"https:\/\/kursy-udt.pl\/ua\/wp-json\/wp\/v2\/users\/1"}],"replies":[{"embeddable":true,"href":"https:\/\/kursy-udt.pl\/ua\/wp-json\/wp\/v2\/comments?post=2263"}],"version-history":[{"count":24,"href":"https:\/\/kursy-udt.pl\/ua\/wp-json\/wp\/v2\/pages\/2263\/revisions"}],"predecessor-version":[{"id":5329,"href":"https:\/\/kursy-udt.pl\/ua\/wp-json\/wp\/v2\/pages\/2263\/revisions\/5329"}],"up":[{"embeddable":true,"href":"https:\/\/kursy-udt.pl\/ua\/wp-json\/wp\/v2\/pages\/65"}],"wp:featuredmedia":[{"embeddable":true,"href":"https:\/\/kursy-udt.pl\/ua\/wp-json\/wp\/v2\/media\/3434"}],"wp:attachment":[{"href":"https:\/\/kursy-udt.pl\/ua\/wp-json\/wp\/v2\/media?parent=2263"}],"curies":[{"name":"wp","href":"https:\/\/api.w.org\/{rel}","templated":true}]}}